{"id":8119,"date":"2021-08-19T17:42:57","date_gmt":"2021-08-19T17:42:57","guid":{"rendered":"http:\/\/techmastermx.ddns.net\/producto\/indicador-de-temperatura-portatil-fluke-calibration-1523\/"},"modified":"2021-12-28T22:22:07","modified_gmt":"2021-12-28T22:22:07","slug":"indicador-de-temperatura-portatil-fluke-calibration-1523","status":"publish","type":"product","link":"https:\/\/techmasterdemexico.com\/en\/producto\/indicador-de-temperatura-portatil-fluke-calibration-1523\/","title":{"rendered":"Indicador de temperatura port\u00e1til Fluke Calibration 1523"},"content":{"rendered":"<p><strong>Mida, grafique y registre tres tipos de sensores con un solo instrumento<\/strong><\/p>\n<p>Los term\u00f3metros de referencia 1523 de la divisi\u00f3n Hart Scientific de Fluke miden, grafican y registran los PRT, termopares y termistores. Estos term\u00f3metros ofrecen lecturas de gran precisi\u00f3n, un amplio rango de medida, registro y an\u00e1lisis de tendencias, todo ello en un instrumento port\u00e1til que podr\u00e1 llevar adonde quiera.<\/p>\n<p>El term\u00f3metro 1523 le permite manejar aplicaciones en campo, mediciones en laboratorio y registro de datos con facilidad. Gracias a las funciones de medici\u00f3n de doble canal del modelo 1524, podr\u00e1 realizar el doble de trabajo en la mitad de tiempo.<\/p>\n<p>&nbsp;<\/p>\n<p><strong>Tres tipos de sensores<\/strong><\/p>\n<ul>\n<li>PRT: de \u2013200 \u00b0C a 1.000 \u00b0C<\/li>\n<li>Termopares: de \u2013200 \u00b0C a 2.315 \u00b0C<\/li>\n<li>Termistores de precisi\u00f3n: de \u201350 \u00b0C a 150 \u00b0C<\/li>\n<\/ul>\n<p><strong>Precisi\u00f3n<\/strong><\/p>\n<ul>\n<li>PRT: hasta \u00b10.011 \u00b0C<\/li>\n<li>Termopares: \u00b10.24 \u00b0C para J, K, L, M<\/li>\n<li>Termistores de precisi\u00f3n: \u00b10.002 \u00b0C<\/li>\n<\/ul>\n<p><strong>Modo r\u00e1pido<\/strong><\/p>\n<ul>\n<li>PRT: 0.45 segundos por muestra<\/li>\n<li>Termopares: 0.3 segundos por muestra<\/li>\n<li>Termistores de precisi\u00f3n: 0.3 segundos por muestra<\/li>\n<\/ul>\n<p><strong>Dos modelos<\/strong><\/p>\n<ul>\n<li>1523: modelo est\u00e1ndar de un solo canal; memoria para 25 lecturas y registros estad\u00edsticos<\/li>\n<li>1524: dos canales; memoria para el registro de 15 000 medidas; reloj en tiempo real para indicaciones de fecha y hora<\/li>\n<\/ul>\n<p><strong>Pantalla gr\u00e1fica<\/strong><\/p>\n<ul>\n<li>Pantalla LCD de 128&#215;64 con retroiluminaci\u00f3n<\/li>\n<li>Tendencias en gr\u00e1ficos y escalas en tiempo real<\/li>\n<li>Lecturas de doble canal simult\u00e1neas<\/li>\n<\/ul>\n","protected":false},"excerpt":{"rendered":"<p><strong>Tome medidas precisas y consistentes&#8230; en cualquier lugar.<\/strong><\/p>\n<p>La precisi\u00f3n garantiza el cumplimiento con la normativa, el rendimiento de los productos, el ahorro de energ\u00eda y unos resultados coherentes. El term\u00f3metro 1523 usa inversi\u00f3n de corriente, t\u00e9cnica que se usa en instrumentos de gama alta para eliminar EMF t\u00e9rmicas, para medir la temperatura con precisi\u00f3n. Se garantizan las especificaciones a temperaturas ambiente de -10 \u00b0C a 60 \u00b0C. Los resistores de precisi\u00f3n especial, junto con una fuente de voltaje de referencia altamente estable, permiten que la precisi\u00f3n del term\u00f3metro 1523 pr\u00e1cticamente no resulte afectada por la temperatura ambiental.<\/p>\n<p>Al igual que todas las herramientas manuales de Fluke, los term\u00f3metros de referencia 1523 soportan pruebas rigurosas bajo temperaturas extremas y bajo condiciones de vibraci\u00f3n, por lo que puede llevarla a cualquier parte.<\/p>\n<p>La correa con im\u00e1n opcional permite colgar el term\u00f3metro para facilitar la lectura mientras las manos se concentran en el trabajo.<\/p>\n<p><strong>Conversi\u00f3n exacta de la temperatura mediante conectores INFO-CON<\/strong><\/p>\n<p>En el interior del conector INFO-CON, un chip de memoria se ocupa de almacenar la informaci\u00f3n de calibraci\u00f3n para la sonda conectada. Con tan solo conectar, la sonda carga la informaci\u00f3n en el indicador, garantizando la conversi\u00f3n correcta de temperatura para medidas precisas y sin complicaciones.<\/p>\n<p>Las sondas pueden estar bloqueadas con contrase\u00f1a para determinados canales e indicadores por seguridad o por la rastreabilidad de la calibraci\u00f3n del sistema. Los procesos de medida se simplifican al poder conectar cualquier termopar con miniclavija a un adaptador para termopar universal opcional. Cada adaptador para termopar o conector est\u00e1ndar admite compensaci\u00f3n de uni\u00f3n de referencia (RJC) con su propio termistor de precisi\u00f3n interno.<\/p>\n<p><strong>Supervisor de tendencias en campo o laboratorio<\/strong><\/p>\n<p><\/p>\n<p>Vea las tendencias de forma gr\u00e1fica en la pantalla LCD de 128 x 64 con retroiluminaci\u00f3n del term\u00f3metro 1523. Puede modificar la resoluci\u00f3n del gr\u00e1fico con tan solo pulsar un bot\u00f3n. Ahora es muy sencillo comprobar la estabilidad de la temperatura (sin estad\u00edsticas ni largas esperas) y supervisar procesos a lo largo del tiempo para garantizar un funcionamiento aceptable.<\/p>\n<p>Es posible almacenar de la forma que desee hasta 25 lecturas con las estad\u00edsticas asociadas para consultarlas posteriormente con la mayor facilidad. Puede consultar los datos en la pantalla o descargarlos en un PC mediante la conexi\u00f3n RS-232 y el software 9940, que se incluye de forma gratuita. Para monitorear y registrar m\u00e1s datos durante el transcurso del tiempo, use una PC y el software opcional LogWare II.<\/p>\n<p>Asimismo, hay disponibles adaptadores RS-232 a USB, en caso de que prefiera usar conectores USB. El uso de tres bater\u00edas AA ofrece un funcionamiento m\u00ednimo de 20 horas, pero se puede usar un adaptador de red CC para per\u00edodos de operaci\u00f3n prolongados. Las caracter\u00edsticas de ahorro de energ\u00eda se pueden activar y desactivar con el fin de ampliar la duraci\u00f3n de las bater\u00edas o para mayor comodidad.<\/p>\n<p><strong>Con dos modelos disponibles, podr\u00e1 realizar la selecci\u00f3n correcta para su aplicaci\u00f3n<\/strong><\/p>\n<p><\/p>\n<p>El term\u00f3metro 1523 es un term\u00f3metro vers\u00e1til de un solo canal que permite medir, generar gr\u00e1ficos de barras y registrar tres tipos de sensores con un solo instrumento. La compatibilidad con PRT\/RTD, termopares y termistores proporciona la flexibilidad necesaria a la hora de elegir la sonda adecuada para la tarea en cuesti\u00f3n.<\/p>\n<p>Los nuevos term\u00f3metros de referencia 1524 le ayudan a realizar su trabajo con mayor eficacia y rapidez. Los dos canales, los tres tipos de sensores y las medidas a alta velocidad se traducen en un incremento de la productividad sin precedentes, y convierten el modelo 1524 en un term\u00f3metro de referencia imprescindible. Presenta todas las caracter\u00edsticas del modelo 1523 y, adem\u00e1s, es un registrador de datos. El reloj en tiempo real y la memoria, capaz de almacenar 15 000 medidas con indicaci\u00f3n de fecha y hora, nos permiten asegurar que este paquete contiene todo lo que necesita. Realice el registro hasta tres veces por segundo, una vez cada hora o haga uso de cualquier otra opci\u00f3n intermedia. Descargue los datos a PC para analizarlos cuando lo necesite.<\/p>\n<p><strong>Aplicaciones<\/strong><\/p>\n<p><\/p>\n<p>Diversas funciones como la calibraci\u00f3n, la comprobaci\u00f3n de lazos, la puesta en marcha de plantas, la resoluci\u00f3n de problemas, el mantenimiento o la reparaci\u00f3n, entre otras, necesitan un term\u00f3metro 1523. Util\u00edcelo para conseguir una referencia de temperatura \u00fatil en ba\u00f1os, calibradores de bloque seco, pozos t\u00e9rmicos, limpieza de salas, motores, intercambiadores de calor, hornos, congeladores o cualquier otro elemento que necesite calibraci\u00f3n, comprobaci\u00f3n o mantenimiento.<\/p>\n","protected":false},"featured_media":10040,"template":"","meta":{"_acf_changed":false},"pwb-brand":[31],"product_brand":[],"product_cat":[366,136,196,30,193],"product_tag":[],"class_list":{"0":"post-8119","1":"product","2":"type-product","3":"status-publish","4":"has-post-thumbnail","6":"pwb-brand-fluke","7":"product_cat-todos-los-productos","8":"product_cat-calibradores-de-temperatura","9":"product_cat-calibradores-de-temperatura-herramientas-de-calibracion","10":"product_cat-fluke","11":"product_cat-herramientas-de-calibracion","13":"first","14":"instock","15":"taxable","16":"shipping-taxable","17":"product-type-simple"},"acf":[],"yoast_head":"<!-- This site is optimized with the Yoast SEO plugin v27.4 - https:\/\/yoast.com\/product\/yoast-seo-wordpress\/ -->\n<title>Indicador de temperatura port\u00e1til Fluke Calibration 1523 - Techmaster de Mexico<\/title>\n<meta name=\"robots\" content=\"index, follow, max-snippet:-1, max-image-preview:large, max-video-preview:-1\" \/>\n<link rel=\"canonical\" href=\"https:\/\/techmasterdemexico.com\/producto\/indicador-de-temperatura-portatil-fluke-calibration-1523\/\" \/>\n<meta property=\"og:locale\" content=\"en_US\" \/>\n<meta property=\"og:type\" content=\"article\" \/>\n<meta property=\"og:title\" content=\"Indicador de temperatura port\u00e1til Fluke Calibration 1523 - Techmaster de Mexico\" \/>\n<meta property=\"og:description\" content=\"Tome medidas precisas y consistentes... en cualquier lugar.  La precisi\u00f3n garantiza el cumplimiento con la normativa, el rendimiento de los productos, el ahorro de energ\u00eda y unos resultados coherentes. El term\u00f3metro 1523 usa inversi\u00f3n de corriente, t\u00e9cnica que se usa en instrumentos de gama alta para eliminar EMF t\u00e9rmicas, para medir la temperatura con precisi\u00f3n. Se garantizan las especificaciones a temperaturas ambiente de -10 \u00b0C a 60 \u00b0C. Los resistores de precisi\u00f3n especial, junto con una fuente de voltaje de referencia altamente estable, permiten que la precisi\u00f3n del term\u00f3metro 1523 pr\u00e1cticamente no resulte afectada por la temperatura ambiental.    Al igual que todas las herramientas manuales de Fluke, los term\u00f3metros de referencia 1523 soportan pruebas rigurosas bajo temperaturas extremas y bajo condiciones de vibraci\u00f3n, por lo que puede llevarla a cualquier parte.    La correa con im\u00e1n opcional permite colgar el term\u00f3metro para facilitar la lectura mientras las manos se concentran en el trabajo.    Conversi\u00f3n exacta de la temperatura mediante conectores INFO-CON    En el interior del conector INFO-CON, un chip de memoria se ocupa de almacenar la informaci\u00f3n de calibraci\u00f3n para la sonda conectada. Con tan solo conectar, la sonda carga la informaci\u00f3n en el indicador, garantizando la conversi\u00f3n correcta de temperatura para medidas precisas y sin complicaciones.    Las sondas pueden estar bloqueadas con contrase\u00f1a para determinados canales e indicadores por seguridad o por la rastreabilidad de la calibraci\u00f3n del sistema. Los procesos de medida se simplifican al poder conectar cualquier termopar con miniclavija a un adaptador para termopar universal opcional. Cada adaptador para termopar o conector est\u00e1ndar admite compensaci\u00f3n de uni\u00f3n de referencia (RJC) con su propio termistor de precisi\u00f3n interno.      Supervisor de tendencias en campo o laboratorio    Vea las tendencias de forma gr\u00e1fica en la pantalla LCD de 128 x 64 con retroiluminaci\u00f3n del term\u00f3metro 1523. Puede modificar la resoluci\u00f3n del gr\u00e1fico con tan solo pulsar un bot\u00f3n. Ahora es muy sencillo comprobar la estabilidad de la temperatura (sin estad\u00edsticas ni largas esperas) y supervisar procesos a lo largo del tiempo para garantizar un funcionamiento aceptable.    Es posible almacenar de la forma que desee hasta 25 lecturas con las estad\u00edsticas asociadas para consultarlas posteriormente con la mayor facilidad. Puede consultar los datos en la pantalla o descargarlos en un PC mediante la conexi\u00f3n RS-232 y el software 9940, que se incluye de forma gratuita. Para monitorear y registrar m\u00e1s datos durante el transcurso del tiempo, use una PC y el software opcional LogWare II.    Asimismo, hay disponibles adaptadores RS-232 a USB, en caso de que prefiera usar conectores USB. El uso de tres bater\u00edas AA ofrece un funcionamiento m\u00ednimo de 20 horas, pero se puede usar un adaptador de red CC para per\u00edodos de operaci\u00f3n prolongados. Las caracter\u00edsticas de ahorro de energ\u00eda se pueden activar y desactivar con el fin de ampliar la duraci\u00f3n de las bater\u00edas o para mayor comodidad.      Con dos modelos disponibles, podr\u00e1 realizar la selecci\u00f3n correcta para su aplicaci\u00f3n    El term\u00f3metro 1523 es un term\u00f3metro vers\u00e1til de un solo canal que permite medir, generar gr\u00e1ficos de barras y registrar tres tipos de sensores con un solo instrumento. La compatibilidad con PRT\/RTD, termopares y termistores proporciona la flexibilidad necesaria a la hora de elegir la sonda adecuada para la tarea en cuesti\u00f3n.    Los nuevos term\u00f3metros de referencia 1524 le ayudan a realizar su trabajo con mayor eficacia y rapidez. Los dos canales, los tres tipos de sensores y las medidas a alta velocidad se traducen en un incremento de la productividad sin precedentes, y convierten el modelo 1524 en un term\u00f3metro de referencia imprescindible. Presenta todas las caracter\u00edsticas del modelo 1523 y, adem\u00e1s, es un registrador de datos. El reloj en tiempo real y la memoria, capaz de almacenar 15 000 medidas con indicaci\u00f3n de fecha y hora, nos permiten asegurar que este paquete contiene todo lo que necesita. Realice el registro hasta tres veces por segundo, una vez cada hora o haga uso de cualquier otra opci\u00f3n intermedia. Descargue los datos a PC para analizarlos cuando lo necesite.      Aplicaciones    Diversas funciones como la calibraci\u00f3n, la comprobaci\u00f3n de lazos, la puesta en marcha de plantas, la resoluci\u00f3n de problemas, el mantenimiento o la reparaci\u00f3n, entre otras, necesitan un term\u00f3metro 1523. Util\u00edcelo para conseguir una referencia de temperatura \u00fatil en ba\u00f1os, calibradores de bloque seco, pozos t\u00e9rmicos, limpieza de salas, motores, intercambiadores de calor, hornos, congeladores o cualquier otro elemento que necesite calibraci\u00f3n, comprobaci\u00f3n o mantenimiento.\" \/>\n<meta property=\"og:url\" content=\"https:\/\/techmasterdemexico.com\/producto\/indicador-de-temperatura-portatil-fluke-calibration-1523\/\" \/>\n<meta property=\"og:site_name\" content=\"Techmaster de Mexico\" \/>\n<meta property=\"article:modified_time\" content=\"2021-12-28T22:22:07+00:00\" \/>\n<meta property=\"og:image\" content=\"https:\/\/techmasterdemexico.com\/wp-content\/uploads\/2021\/08\/Fc-1523_01b_c.png\" \/>\n\t<meta property=\"og:image:width\" content=\"410\" \/>\n\t<meta property=\"og:image:height\" content=\"410\" \/>\n\t<meta property=\"og:image:type\" content=\"image\/png\" \/>\n<meta name=\"twitter:card\" content=\"summary_large_image\" \/>\n<meta name=\"twitter:label1\" content=\"Est. reading time\" \/>\n\t<meta name=\"twitter:data1\" content=\"1 minute\" \/>\n<script type=\"application\/ld+json\" class=\"yoast-schema-graph\">{\"@context\":\"https:\\\/\\\/schema.org\",\"@graph\":[{\"@type\":\"WebPage\",\"@id\":\"https:\\\/\\\/techmasterdemexico.com\\\/producto\\\/indicador-de-temperatura-portatil-fluke-calibration-1523\\\/\",\"url\":\"https:\\\/\\\/techmasterdemexico.com\\\/producto\\\/indicador-de-temperatura-portatil-fluke-calibration-1523\\\/\",\"name\":\"Indicador de temperatura port\u00e1til Fluke Calibration 1523 - Techmaster de Mexico\",\"isPartOf\":{\"@id\":\"https:\\\/\\\/techmasterdemexico.com\\\/#website\"},\"primaryImageOfPage\":{\"@id\":\"https:\\\/\\\/techmasterdemexico.com\\\/producto\\\/indicador-de-temperatura-portatil-fluke-calibration-1523\\\/#primaryimage\"},\"image\":{\"@id\":\"https:\\\/\\\/techmasterdemexico.com\\\/producto\\\/indicador-de-temperatura-portatil-fluke-calibration-1523\\\/#primaryimage\"},\"thumbnailUrl\":\"https:\\\/\\\/techmasterdemexico.com\\\/wp-content\\\/uploads\\\/2021\\\/08\\\/Fc-1523_01b_c.png\",\"datePublished\":\"2021-08-19T17:42:57+00:00\",\"dateModified\":\"2021-12-28T22:22:07+00:00\",\"breadcrumb\":{\"@id\":\"https:\\\/\\\/techmasterdemexico.com\\\/producto\\\/indicador-de-temperatura-portatil-fluke-calibration-1523\\\/#breadcrumb\"},\"inLanguage\":\"en-US\",\"potentialAction\":[{\"@type\":\"ReadAction\",\"target\":[\"https:\\\/\\\/techmasterdemexico.com\\\/producto\\\/indicador-de-temperatura-portatil-fluke-calibration-1523\\\/\"]}]},{\"@type\":\"ImageObject\",\"inLanguage\":\"en-US\",\"@id\":\"https:\\\/\\\/techmasterdemexico.com\\\/producto\\\/indicador-de-temperatura-portatil-fluke-calibration-1523\\\/#primaryimage\",\"url\":\"https:\\\/\\\/techmasterdemexico.com\\\/wp-content\\\/uploads\\\/2021\\\/08\\\/Fc-1523_01b_c.png\",\"contentUrl\":\"https:\\\/\\\/techmasterdemexico.com\\\/wp-content\\\/uploads\\\/2021\\\/08\\\/Fc-1523_01b_c.png\",\"width\":410,\"height\":410},{\"@type\":\"BreadcrumbList\",\"@id\":\"https:\\\/\\\/techmasterdemexico.com\\\/producto\\\/indicador-de-temperatura-portatil-fluke-calibration-1523\\\/#breadcrumb\",\"itemListElement\":[{\"@type\":\"ListItem\",\"position\":1,\"name\":\"Portada\",\"item\":\"https:\\\/\\\/techmasterdemexico.com\\\/\"},{\"@type\":\"ListItem\",\"position\":2,\"name\":\"Indicador de temperatura port\u00e1til Fluke Calibration 1523\"}]},{\"@type\":\"WebSite\",\"@id\":\"https:\\\/\\\/techmasterdemexico.com\\\/#website\",\"url\":\"https:\\\/\\\/techmasterdemexico.com\\\/\",\"name\":\"Techmaster de Mexico\",\"description\":\"\",\"potentialAction\":[{\"@type\":\"SearchAction\",\"target\":{\"@type\":\"EntryPoint\",\"urlTemplate\":\"https:\\\/\\\/techmasterdemexico.com\\\/?s={search_term_string}\"},\"query-input\":{\"@type\":\"PropertyValueSpecification\",\"valueRequired\":true,\"valueName\":\"search_term_string\"}}],\"inLanguage\":\"en-US\"}]}<\/script>\n<!-- \/ Yoast SEO plugin. -->","yoast_head_json":{"title":"Indicador de temperatura port\u00e1til Fluke Calibration 1523 - Techmaster de Mexico","robots":{"index":"index","follow":"follow","max-snippet":"max-snippet:-1","max-image-preview":"max-image-preview:large","max-video-preview":"max-video-preview:-1"},"canonical":"https:\/\/techmasterdemexico.com\/producto\/indicador-de-temperatura-portatil-fluke-calibration-1523\/","og_locale":"en_US","og_type":"article","og_title":"Indicador de temperatura port\u00e1til Fluke Calibration 1523 - Techmaster de Mexico","og_description":"Tome medidas precisas y consistentes... en cualquier lugar.  La precisi\u00f3n garantiza el cumplimiento con la normativa, el rendimiento de los productos, el ahorro de energ\u00eda y unos resultados coherentes. El term\u00f3metro 1523 usa inversi\u00f3n de corriente, t\u00e9cnica que se usa en instrumentos de gama alta para eliminar EMF t\u00e9rmicas, para medir la temperatura con precisi\u00f3n. Se garantizan las especificaciones a temperaturas ambiente de -10 \u00b0C a 60 \u00b0C. Los resistores de precisi\u00f3n especial, junto con una fuente de voltaje de referencia altamente estable, permiten que la precisi\u00f3n del term\u00f3metro 1523 pr\u00e1cticamente no resulte afectada por la temperatura ambiental.    Al igual que todas las herramientas manuales de Fluke, los term\u00f3metros de referencia 1523 soportan pruebas rigurosas bajo temperaturas extremas y bajo condiciones de vibraci\u00f3n, por lo que puede llevarla a cualquier parte.    La correa con im\u00e1n opcional permite colgar el term\u00f3metro para facilitar la lectura mientras las manos se concentran en el trabajo.    Conversi\u00f3n exacta de la temperatura mediante conectores INFO-CON    En el interior del conector INFO-CON, un chip de memoria se ocupa de almacenar la informaci\u00f3n de calibraci\u00f3n para la sonda conectada. Con tan solo conectar, la sonda carga la informaci\u00f3n en el indicador, garantizando la conversi\u00f3n correcta de temperatura para medidas precisas y sin complicaciones.    Las sondas pueden estar bloqueadas con contrase\u00f1a para determinados canales e indicadores por seguridad o por la rastreabilidad de la calibraci\u00f3n del sistema. Los procesos de medida se simplifican al poder conectar cualquier termopar con miniclavija a un adaptador para termopar universal opcional. Cada adaptador para termopar o conector est\u00e1ndar admite compensaci\u00f3n de uni\u00f3n de referencia (RJC) con su propio termistor de precisi\u00f3n interno.      Supervisor de tendencias en campo o laboratorio    Vea las tendencias de forma gr\u00e1fica en la pantalla LCD de 128 x 64 con retroiluminaci\u00f3n del term\u00f3metro 1523. Puede modificar la resoluci\u00f3n del gr\u00e1fico con tan solo pulsar un bot\u00f3n. Ahora es muy sencillo comprobar la estabilidad de la temperatura (sin estad\u00edsticas ni largas esperas) y supervisar procesos a lo largo del tiempo para garantizar un funcionamiento aceptable.    Es posible almacenar de la forma que desee hasta 25 lecturas con las estad\u00edsticas asociadas para consultarlas posteriormente con la mayor facilidad. Puede consultar los datos en la pantalla o descargarlos en un PC mediante la conexi\u00f3n RS-232 y el software 9940, que se incluye de forma gratuita. Para monitorear y registrar m\u00e1s datos durante el transcurso del tiempo, use una PC y el software opcional LogWare II.    Asimismo, hay disponibles adaptadores RS-232 a USB, en caso de que prefiera usar conectores USB. El uso de tres bater\u00edas AA ofrece un funcionamiento m\u00ednimo de 20 horas, pero se puede usar un adaptador de red CC para per\u00edodos de operaci\u00f3n prolongados. Las caracter\u00edsticas de ahorro de energ\u00eda se pueden activar y desactivar con el fin de ampliar la duraci\u00f3n de las bater\u00edas o para mayor comodidad.      Con dos modelos disponibles, podr\u00e1 realizar la selecci\u00f3n correcta para su aplicaci\u00f3n    El term\u00f3metro 1523 es un term\u00f3metro vers\u00e1til de un solo canal que permite medir, generar gr\u00e1ficos de barras y registrar tres tipos de sensores con un solo instrumento. La compatibilidad con PRT\/RTD, termopares y termistores proporciona la flexibilidad necesaria a la hora de elegir la sonda adecuada para la tarea en cuesti\u00f3n.    Los nuevos term\u00f3metros de referencia 1524 le ayudan a realizar su trabajo con mayor eficacia y rapidez. Los dos canales, los tres tipos de sensores y las medidas a alta velocidad se traducen en un incremento de la productividad sin precedentes, y convierten el modelo 1524 en un term\u00f3metro de referencia imprescindible. Presenta todas las caracter\u00edsticas del modelo 1523 y, adem\u00e1s, es un registrador de datos. El reloj en tiempo real y la memoria, capaz de almacenar 15 000 medidas con indicaci\u00f3n de fecha y hora, nos permiten asegurar que este paquete contiene todo lo que necesita. Realice el registro hasta tres veces por segundo, una vez cada hora o haga uso de cualquier otra opci\u00f3n intermedia. Descargue los datos a PC para analizarlos cuando lo necesite.      Aplicaciones    Diversas funciones como la calibraci\u00f3n, la comprobaci\u00f3n de lazos, la puesta en marcha de plantas, la resoluci\u00f3n de problemas, el mantenimiento o la reparaci\u00f3n, entre otras, necesitan un term\u00f3metro 1523. Util\u00edcelo para conseguir una referencia de temperatura \u00fatil en ba\u00f1os, calibradores de bloque seco, pozos t\u00e9rmicos, limpieza de salas, motores, intercambiadores de calor, hornos, congeladores o cualquier otro elemento que necesite calibraci\u00f3n, comprobaci\u00f3n o mantenimiento.","og_url":"https:\/\/techmasterdemexico.com\/producto\/indicador-de-temperatura-portatil-fluke-calibration-1523\/","og_site_name":"Techmaster de Mexico","article_modified_time":"2021-12-28T22:22:07+00:00","og_image":[{"width":410,"height":410,"url":"https:\/\/techmasterdemexico.com\/wp-content\/uploads\/2021\/08\/Fc-1523_01b_c.png","type":"image\/png"}],"twitter_card":"summary_large_image","twitter_misc":{"Est. reading time":"1 minute"},"schema":{"@context":"https:\/\/schema.org","@graph":[{"@type":"WebPage","@id":"https:\/\/techmasterdemexico.com\/producto\/indicador-de-temperatura-portatil-fluke-calibration-1523\/","url":"https:\/\/techmasterdemexico.com\/producto\/indicador-de-temperatura-portatil-fluke-calibration-1523\/","name":"Indicador de temperatura port\u00e1til Fluke Calibration 1523 - Techmaster de Mexico","isPartOf":{"@id":"https:\/\/techmasterdemexico.com\/#website"},"primaryImageOfPage":{"@id":"https:\/\/techmasterdemexico.com\/producto\/indicador-de-temperatura-portatil-fluke-calibration-1523\/#primaryimage"},"image":{"@id":"https:\/\/techmasterdemexico.com\/producto\/indicador-de-temperatura-portatil-fluke-calibration-1523\/#primaryimage"},"thumbnailUrl":"https:\/\/techmasterdemexico.com\/wp-content\/uploads\/2021\/08\/Fc-1523_01b_c.png","datePublished":"2021-08-19T17:42:57+00:00","dateModified":"2021-12-28T22:22:07+00:00","breadcrumb":{"@id":"https:\/\/techmasterdemexico.com\/producto\/indicador-de-temperatura-portatil-fluke-calibration-1523\/#breadcrumb"},"inLanguage":"en-US","potentialAction":[{"@type":"ReadAction","target":["https:\/\/techmasterdemexico.com\/producto\/indicador-de-temperatura-portatil-fluke-calibration-1523\/"]}]},{"@type":"ImageObject","inLanguage":"en-US","@id":"https:\/\/techmasterdemexico.com\/producto\/indicador-de-temperatura-portatil-fluke-calibration-1523\/#primaryimage","url":"https:\/\/techmasterdemexico.com\/wp-content\/uploads\/2021\/08\/Fc-1523_01b_c.png","contentUrl":"https:\/\/techmasterdemexico.com\/wp-content\/uploads\/2021\/08\/Fc-1523_01b_c.png","width":410,"height":410},{"@type":"BreadcrumbList","@id":"https:\/\/techmasterdemexico.com\/producto\/indicador-de-temperatura-portatil-fluke-calibration-1523\/#breadcrumb","itemListElement":[{"@type":"ListItem","position":1,"name":"Portada","item":"https:\/\/techmasterdemexico.com\/"},{"@type":"ListItem","position":2,"name":"Indicador de temperatura port\u00e1til Fluke Calibration 1523"}]},{"@type":"WebSite","@id":"https:\/\/techmasterdemexico.com\/#website","url":"https:\/\/techmasterdemexico.com\/","name":"Techmaster de Mexico","description":"","potentialAction":[{"@type":"SearchAction","target":{"@type":"EntryPoint","urlTemplate":"https:\/\/techmasterdemexico.com\/?s={search_term_string}"},"query-input":{"@type":"PropertyValueSpecification","valueRequired":true,"valueName":"search_term_string"}}],"inLanguage":"en-US"}]}},"brands":[{"id":31,"name":"Fluke","slug":"fluke"}],"_links":{"self":[{"href":"https:\/\/techmasterdemexico.com\/en\/wp-json\/wp\/v2\/product\/8119","targetHints":{"allow":["GET"]}}],"collection":[{"href":"https:\/\/techmasterdemexico.com\/en\/wp-json\/wp\/v2\/product"}],"about":[{"href":"https:\/\/techmasterdemexico.com\/en\/wp-json\/wp\/v2\/types\/product"}],"wp:featuredmedia":[{"embeddable":true,"href":"https:\/\/techmasterdemexico.com\/en\/wp-json\/wp\/v2\/media\/10040"}],"wp:attachment":[{"href":"https:\/\/techmasterdemexico.com\/en\/wp-json\/wp\/v2\/media?parent=8119"}],"wp:term":[{"taxonomy":"pwb-brand","embeddable":true,"href":"https:\/\/techmasterdemexico.com\/en\/wp-json\/wp\/v2\/pwb-brand?post=8119"},{"taxonomy":"product_brand","embeddable":true,"href":"https:\/\/techmasterdemexico.com\/en\/wp-json\/wp\/v2\/product_brand?post=8119"},{"taxonomy":"product_cat","embeddable":true,"href":"https:\/\/techmasterdemexico.com\/en\/wp-json\/wp\/v2\/product_cat?post=8119"},{"taxonomy":"product_tag","embeddable":true,"href":"https:\/\/techmasterdemexico.com\/en\/wp-json\/wp\/v2\/product_tag?post=8119"}],"curies":[{"name":"wp","href":"https:\/\/api.w.org\/{rel}","templated":true}]}}