{"id":8115,"date":"2021-08-19T17:42:56","date_gmt":"2021-08-19T17:42:56","guid":{"rendered":"http:\/\/techmastermx.ddns.net\/producto\/calibrador-de-termopar-fluke-714b\/"},"modified":"2023-09-04T15:58:12","modified_gmt":"2023-09-04T22:58:12","slug":"calibrador-de-termopar-fluke-714b","status":"publish","type":"product","link":"https:\/\/techmasterdemexico.com\/en\/producto\/calibrador-de-termopar-fluke-714b\/","title":{"rendered":"Calibrador de termopar Fluke 714B"},"content":{"rendered":"<ul>\n<li>El calibrador 714B puede medir y simular diferentes tipos de termopares (17) y milivoltios<\/li>\n<li>Miden se\u00f1ales de 4 a 20 mA mientras al mismo tiempo producen una se\u00f1al de temperatura<\/li>\n<li>Herramienta para colgar integrada e incluida en cada unidad<\/li>\n<li>Fuente de configuraci\u00f3n ajustable desde 0 % a 100 % para revisiones r\u00e1pidas de 25 % de linealidad<\/li>\n<li>Rampa lineal y rampa autom\u00e1tica de escalones de 25 % basadas en ajustes de 0 % y 100 %<\/li>\n<li>Entradas dobles y pantalla iluminada para interpretar f\u00e1cilmente las medidas<\/li>\n<li>Los ajustes de apagado se recuerdan durante el encendido para un reinicio f\u00e1cil de las pruebas<\/li>\n<li>Especificaciones y certificaci\u00f3n trazable de calibraci\u00f3n por 1 y 2 a\u00f1os<\/li>\n<\/ul>\n","protected":false},"excerpt":{"rendered":"<p>El calibrador 714B puede medir y simular diferentes tipos de termopares (17) y milivoltios Miden se\u00f1ales de 4 a 20 mA mientras al mismo tiempo producen una se\u00f1al de temperatura Herramienta para colgar integrada e incluida en cada unidad Fuente de configuraci\u00f3n ajustable desde 0 % a 100 % para revisiones r\u00e1pidas de 25 % [&hellip;]<\/p>\n","protected":false},"featured_media":20608,"template":"","meta":{"_acf_changed":false},"pwb-brand":[31],"product_brand":[],"product_cat":[366,196,136,30,193],"product_tag":[],"class_list":{"0":"post-8115","1":"product","2":"type-product","3":"status-publish","4":"has-post-thumbnail","6":"pwb-brand-fluke","7":"product_cat-todos-los-productos","8":"product_cat-calibradores-de-temperatura-herramientas-de-calibracion","9":"product_cat-calibradores-de-temperatura","10":"product_cat-fluke","11":"product_cat-herramientas-de-calibracion","13":"first","14":"instock","15":"taxable","16":"shipping-taxable","17":"product-type-simple"},"acf":[],"yoast_head":"<!-- This site is optimized with the Yoast SEO plugin v27.4 - https:\/\/yoast.com\/product\/yoast-seo-wordpress\/ -->\n<title>Calibrador de termopar Fluke 714B - Techmaster de Mexico<\/title>\n<meta name=\"robots\" content=\"index, follow, max-snippet:-1, max-image-preview:large, max-video-preview:-1\" \/>\n<link rel=\"canonical\" href=\"https:\/\/techmasterdemexico.com\/producto\/calibrador-de-termopar-fluke-714b\/\" \/>\n<meta property=\"og:locale\" content=\"en_US\" \/>\n<meta property=\"og:type\" content=\"article\" \/>\n<meta property=\"og:title\" content=\"Calibrador de termopar Fluke 714B - Techmaster de Mexico\" \/>\n<meta property=\"og:description\" content=\"El calibrador 714B puede medir y simular diferentes tipos de termopares (17) y milivoltios Miden se\u00f1ales de 4 a 20 mA mientras al mismo tiempo producen una se\u00f1al de temperatura Herramienta para colgar integrada e incluida en cada unidad Fuente de configuraci\u00f3n ajustable desde 0 % a 100 % para revisiones r\u00e1pidas de 25 % [&hellip;]\" \/>\n<meta property=\"og:url\" content=\"https:\/\/techmasterdemexico.com\/producto\/calibrador-de-termopar-fluke-714b\/\" \/>\n<meta property=\"og:site_name\" content=\"Techmaster de Mexico\" \/>\n<meta property=\"article:modified_time\" content=\"2023-09-04T22:58:12+00:00\" \/>\n<meta property=\"og:image\" content=\"https:\/\/techmasterdemexico.com\/wp-content\/uploads\/Fluke-714B.png\" \/>\n\t<meta property=\"og:image:width\" content=\"1000\" \/>\n\t<meta property=\"og:image:height\" content=\"1000\" \/>\n\t<meta property=\"og:image:type\" content=\"image\/png\" \/>\n<meta name=\"twitter:card\" content=\"summary_large_image\" \/>\n<meta name=\"twitter:label1\" content=\"Est. reading time\" \/>\n\t<meta name=\"twitter:data1\" content=\"1 minute\" \/>\n<script type=\"application\/ld+json\" class=\"yoast-schema-graph\">{\"@context\":\"https:\\\/\\\/schema.org\",\"@graph\":[{\"@type\":\"WebPage\",\"@id\":\"https:\\\/\\\/techmasterdemexico.com\\\/producto\\\/calibrador-de-termopar-fluke-714b\\\/\",\"url\":\"https:\\\/\\\/techmasterdemexico.com\\\/producto\\\/calibrador-de-termopar-fluke-714b\\\/\",\"name\":\"Calibrador de termopar Fluke 714B - Techmaster de Mexico\",\"isPartOf\":{\"@id\":\"https:\\\/\\\/techmasterdemexico.com\\\/#website\"},\"primaryImageOfPage\":{\"@id\":\"https:\\\/\\\/techmasterdemexico.com\\\/producto\\\/calibrador-de-termopar-fluke-714b\\\/#primaryimage\"},\"image\":{\"@id\":\"https:\\\/\\\/techmasterdemexico.com\\\/producto\\\/calibrador-de-termopar-fluke-714b\\\/#primaryimage\"},\"thumbnailUrl\":\"https:\\\/\\\/techmasterdemexico.com\\\/wp-content\\\/uploads\\\/Fluke-714B.png\",\"datePublished\":\"2021-08-19T17:42:56+00:00\",\"dateModified\":\"2023-09-04T22:58:12+00:00\",\"breadcrumb\":{\"@id\":\"https:\\\/\\\/techmasterdemexico.com\\\/producto\\\/calibrador-de-termopar-fluke-714b\\\/#breadcrumb\"},\"inLanguage\":\"en-US\",\"potentialAction\":[{\"@type\":\"ReadAction\",\"target\":[\"https:\\\/\\\/techmasterdemexico.com\\\/producto\\\/calibrador-de-termopar-fluke-714b\\\/\"]}]},{\"@type\":\"ImageObject\",\"inLanguage\":\"en-US\",\"@id\":\"https:\\\/\\\/techmasterdemexico.com\\\/producto\\\/calibrador-de-termopar-fluke-714b\\\/#primaryimage\",\"url\":\"https:\\\/\\\/techmasterdemexico.com\\\/wp-content\\\/uploads\\\/Fluke-714B.png\",\"contentUrl\":\"https:\\\/\\\/techmasterdemexico.com\\\/wp-content\\\/uploads\\\/Fluke-714B.png\",\"width\":1000,\"height\":1000},{\"@type\":\"BreadcrumbList\",\"@id\":\"https:\\\/\\\/techmasterdemexico.com\\\/producto\\\/calibrador-de-termopar-fluke-714b\\\/#breadcrumb\",\"itemListElement\":[{\"@type\":\"ListItem\",\"position\":1,\"name\":\"Portada\",\"item\":\"https:\\\/\\\/techmasterdemexico.com\\\/\"},{\"@type\":\"ListItem\",\"position\":2,\"name\":\"Calibrador de termopar Fluke 714B\"}]},{\"@type\":\"WebSite\",\"@id\":\"https:\\\/\\\/techmasterdemexico.com\\\/#website\",\"url\":\"https:\\\/\\\/techmasterdemexico.com\\\/\",\"name\":\"Techmaster de Mexico\",\"description\":\"\",\"potentialAction\":[{\"@type\":\"SearchAction\",\"target\":{\"@type\":\"EntryPoint\",\"urlTemplate\":\"https:\\\/\\\/techmasterdemexico.com\\\/?s={search_term_string}\"},\"query-input\":{\"@type\":\"PropertyValueSpecification\",\"valueRequired\":true,\"valueName\":\"search_term_string\"}}],\"inLanguage\":\"en-US\"}]}<\/script>\n<!-- \/ Yoast SEO plugin. -->","yoast_head_json":{"title":"Calibrador de termopar Fluke 714B - Techmaster de Mexico","robots":{"index":"index","follow":"follow","max-snippet":"max-snippet:-1","max-image-preview":"max-image-preview:large","max-video-preview":"max-video-preview:-1"},"canonical":"https:\/\/techmasterdemexico.com\/producto\/calibrador-de-termopar-fluke-714b\/","og_locale":"en_US","og_type":"article","og_title":"Calibrador de termopar Fluke 714B - Techmaster de Mexico","og_description":"El calibrador 714B puede medir y simular diferentes tipos de termopares (17) y milivoltios Miden se\u00f1ales de 4 a 20 mA mientras al mismo tiempo producen una se\u00f1al de temperatura Herramienta para colgar integrada e incluida en cada unidad Fuente de configuraci\u00f3n ajustable desde 0 % a 100 % para revisiones r\u00e1pidas de 25 % [&hellip;]","og_url":"https:\/\/techmasterdemexico.com\/producto\/calibrador-de-termopar-fluke-714b\/","og_site_name":"Techmaster de Mexico","article_modified_time":"2023-09-04T22:58:12+00:00","og_image":[{"width":1000,"height":1000,"url":"https:\/\/techmasterdemexico.com\/wp-content\/uploads\/Fluke-714B.png","type":"image\/png"}],"twitter_card":"summary_large_image","twitter_misc":{"Est. reading time":"1 minute"},"schema":{"@context":"https:\/\/schema.org","@graph":[{"@type":"WebPage","@id":"https:\/\/techmasterdemexico.com\/producto\/calibrador-de-termopar-fluke-714b\/","url":"https:\/\/techmasterdemexico.com\/producto\/calibrador-de-termopar-fluke-714b\/","name":"Calibrador de termopar Fluke 714B - Techmaster de Mexico","isPartOf":{"@id":"https:\/\/techmasterdemexico.com\/#website"},"primaryImageOfPage":{"@id":"https:\/\/techmasterdemexico.com\/producto\/calibrador-de-termopar-fluke-714b\/#primaryimage"},"image":{"@id":"https:\/\/techmasterdemexico.com\/producto\/calibrador-de-termopar-fluke-714b\/#primaryimage"},"thumbnailUrl":"https:\/\/techmasterdemexico.com\/wp-content\/uploads\/Fluke-714B.png","datePublished":"2021-08-19T17:42:56+00:00","dateModified":"2023-09-04T22:58:12+00:00","breadcrumb":{"@id":"https:\/\/techmasterdemexico.com\/producto\/calibrador-de-termopar-fluke-714b\/#breadcrumb"},"inLanguage":"en-US","potentialAction":[{"@type":"ReadAction","target":["https:\/\/techmasterdemexico.com\/producto\/calibrador-de-termopar-fluke-714b\/"]}]},{"@type":"ImageObject","inLanguage":"en-US","@id":"https:\/\/techmasterdemexico.com\/producto\/calibrador-de-termopar-fluke-714b\/#primaryimage","url":"https:\/\/techmasterdemexico.com\/wp-content\/uploads\/Fluke-714B.png","contentUrl":"https:\/\/techmasterdemexico.com\/wp-content\/uploads\/Fluke-714B.png","width":1000,"height":1000},{"@type":"BreadcrumbList","@id":"https:\/\/techmasterdemexico.com\/producto\/calibrador-de-termopar-fluke-714b\/#breadcrumb","itemListElement":[{"@type":"ListItem","position":1,"name":"Portada","item":"https:\/\/techmasterdemexico.com\/"},{"@type":"ListItem","position":2,"name":"Calibrador de termopar Fluke 714B"}]},{"@type":"WebSite","@id":"https:\/\/techmasterdemexico.com\/#website","url":"https:\/\/techmasterdemexico.com\/","name":"Techmaster de Mexico","description":"","potentialAction":[{"@type":"SearchAction","target":{"@type":"EntryPoint","urlTemplate":"https:\/\/techmasterdemexico.com\/?s={search_term_string}"},"query-input":{"@type":"PropertyValueSpecification","valueRequired":true,"valueName":"search_term_string"}}],"inLanguage":"en-US"}]}},"brands":[{"id":31,"name":"Fluke","slug":"fluke"}],"_links":{"self":[{"href":"https:\/\/techmasterdemexico.com\/en\/wp-json\/wp\/v2\/product\/8115","targetHints":{"allow":["GET"]}}],"collection":[{"href":"https:\/\/techmasterdemexico.com\/en\/wp-json\/wp\/v2\/product"}],"about":[{"href":"https:\/\/techmasterdemexico.com\/en\/wp-json\/wp\/v2\/types\/product"}],"wp:featuredmedia":[{"embeddable":true,"href":"https:\/\/techmasterdemexico.com\/en\/wp-json\/wp\/v2\/media\/20608"}],"wp:attachment":[{"href":"https:\/\/techmasterdemexico.com\/en\/wp-json\/wp\/v2\/media?parent=8115"}],"wp:term":[{"taxonomy":"pwb-brand","embeddable":true,"href":"https:\/\/techmasterdemexico.com\/en\/wp-json\/wp\/v2\/pwb-brand?post=8115"},{"taxonomy":"product_brand","embeddable":true,"href":"https:\/\/techmasterdemexico.com\/en\/wp-json\/wp\/v2\/product_brand?post=8115"},{"taxonomy":"product_cat","embeddable":true,"href":"https:\/\/techmasterdemexico.com\/en\/wp-json\/wp\/v2\/product_cat?post=8115"},{"taxonomy":"product_tag","embeddable":true,"href":"https:\/\/techmasterdemexico.com\/en\/wp-json\/wp\/v2\/product_tag?post=8115"}],"curies":[{"name":"wp","href":"https:\/\/api.w.org\/{rel}","templated":true}]}}