{"id":8114,"date":"2021-08-19T17:42:55","date_gmt":"2021-08-19T17:42:55","guid":{"rendered":"http:\/\/techmastermx.ddns.net\/producto\/calibrador-de-temperatura-fluke-724\/"},"modified":"2021-12-28T22:22:10","modified_gmt":"2021-12-28T22:22:10","slug":"calibrador-de-temperatura-fluke-724","status":"publish","type":"product","link":"https:\/\/techmasterdemexico.com\/en\/producto\/calibrador-de-temperatura-fluke-724\/","title":{"rendered":"Calibrador de temperatura Fluke 724"},"content":{"rendered":"<p>Construido por los expertos en temperatura.<\/p>\n<p>El Fluke 724: todo lo que necesita para solucionar problemas y calibrar temperatura.<\/p>\n<p>Ahora puede adquirir una herramienta para realizar profesionalmente pruebas de todos los sensores y transmisores de temperatura en su planta.<\/p>\n<p>El Fluke 724 es la respuesta del experto para la calibraci\u00f3n de temperatura. El Fluke 724 puede medir y generar 10 tipos de termopar y 7 tipos de RTD, adem\u00e1s de voltios y ohmios.<\/p>\n<p>El Fluke 724 incluso maneja circuitos RTD con pulso de alta velocidad y proporciona alimentaci\u00f3n de lazo.<\/p>\n<p>La gran pantalla de medici\u00f3n y generaci\u00f3n de doble l\u00ednea permite generar la temperatura y ver la corriente de lazo al mismo tiempo.<\/p>\n<p>Adem\u00e1s, con sus sencillos &#8220;controles sin men\u00fa&#8221;, el Fluke 724 es f\u00e1cil de operar.<\/p>\n","protected":false},"excerpt":{"rendered":"<p>El calibrador de temperatura Fluke 724 es un calibrador potente pero f\u00e1cil de usar. Puede emplear las funciones de medici\u00f3n y generaci\u00f3n para comprobar y calibrar pr\u00e1cticamente cualquier instrumento t\u00e9rmico.<\/p>\n<p>La pantalla de visualizaci\u00f3n doble de f\u00e1cil lectura permite ver simult\u00e1neamente los valores de entrada y de salida.<\/p>\n<p>Mide RTD, termopares, ohmios y voltios para comprobar sensores y transmisores.<\/p>\n<p>Genera\/simula termopares, RTD, voltios y ohmios para calibrar transmisores.<\/p>\n<p>Efect\u00faa r\u00e1pidas comprobaciones de linealidad en incrementos del 25 % y del 100 %.<\/p>\n<p>Permite efectuar comprobaciones a distancia con las funciones auto step y auto ramp.<\/p>\n<p>Durante la comprobaci\u00f3n, alimente los transmisores de potencia usando la alimentaci\u00f3n el\u00e9ctrica de lazo con medici\u00f3n simult\u00e1nea de mA.<\/p>\n<p>Almacenamiento de configuraciones de prueba frecuentemente usadas para su uso futuro<\/p>\n<p>Su dise\u00f1o compacto y essado facilita su transporte.<\/p>\n<p>Dise\u00f1o robusto y fiable, id\u00f3neo para usarlo sobre el terreno.<\/p>\n<p>La retroiluminaci\u00f3n permite trabajar en condiciones de iluminaci\u00f3n deficiente<\/p>\n<p>Bater\u00eda de gran capacidad con cuatro bater\u00edas tipo AA<\/p>\n<p>Puerta de compartimento de bater\u00eda para facilitar su cambio.<\/p>\n","protected":false},"featured_media":8805,"template":"","meta":{"_acf_changed":false},"pwb-brand":[31],"product_brand":[],"product_cat":[366,196,136,30,193],"product_tag":[],"class_list":{"0":"post-8114","1":"product","2":"type-product","3":"status-publish","4":"has-post-thumbnail","6":"pwb-brand-fluke","7":"product_cat-todos-los-productos","8":"product_cat-calibradores-de-temperatura-herramientas-de-calibracion","9":"product_cat-calibradores-de-temperatura","10":"product_cat-fluke","11":"product_cat-herramientas-de-calibracion","13":"first","14":"instock","15":"taxable","16":"shipping-taxable","17":"product-type-simple"},"acf":[],"yoast_head":"<!-- This site is optimized with the Yoast SEO plugin v27.4 - https:\/\/yoast.com\/product\/yoast-seo-wordpress\/ -->\n<title>Calibrador de temperatura Fluke 724 - Techmaster de Mexico<\/title>\n<meta name=\"robots\" content=\"index, follow, max-snippet:-1, max-image-preview:large, max-video-preview:-1\" \/>\n<link rel=\"canonical\" href=\"https:\/\/techmasterdemexico.com\/en\/producto\/calibrador-de-temperatura-fluke-724\/\" \/>\n<meta property=\"og:locale\" content=\"en_US\" \/>\n<meta property=\"og:type\" content=\"article\" \/>\n<meta property=\"og:title\" content=\"Calibrador de temperatura Fluke 724 - Techmaster de Mexico\" \/>\n<meta property=\"og:description\" content=\"El calibrador de temperatura Fluke 724 es un calibrador potente pero f\u00e1cil de usar. Puede emplear las funciones de medici\u00f3n y generaci\u00f3n para comprobar y calibrar pr\u00e1cticamente cualquier instrumento t\u00e9rmico.   La pantalla de visualizaci\u00f3n doble de f\u00e1cil lectura permite ver simult\u00e1neamente los valores de entrada y de salida.  Mide RTD, termopares, ohmios y voltios para comprobar sensores y transmisores.  Genera\/simula termopares, RTD, voltios y ohmios para calibrar transmisores.  Efect\u00faa r\u00e1pidas comprobaciones de linealidad en incrementos del 25 % y del 100 %.  Permite efectuar comprobaciones a distancia con las funciones auto step y auto ramp.  Durante la comprobaci\u00f3n, alimente los transmisores de potencia usando la alimentaci\u00f3n el\u00e9ctrica de lazo con medici\u00f3n simult\u00e1nea de mA.  Almacenamiento de configuraciones de prueba frecuentemente usadas para su uso futuro  Su dise\u00f1o compacto y essado facilita su transporte.  Dise\u00f1o robusto y fiable, id\u00f3neo para usarlo sobre el terreno.  La retroiluminaci\u00f3n permite trabajar en condiciones de iluminaci\u00f3n deficiente  Bater\u00eda de gran capacidad con cuatro bater\u00edas tipo AA  Puerta de compartimento de bater\u00eda para facilitar su cambio.\" \/>\n<meta property=\"og:url\" content=\"https:\/\/techmasterdemexico.com\/en\/producto\/calibrador-de-temperatura-fluke-724\/\" \/>\n<meta property=\"og:site_name\" content=\"Techmaster de Mexico\" \/>\n<meta property=\"article:modified_time\" content=\"2021-12-28T22:22:10+00:00\" \/>\n<meta property=\"og:image\" content=\"https:\/\/techmasterdemexico.com\/wp-content\/uploads\/2021\/08\/F-724_01c_h-1500x1000-1.png\" \/>\n\t<meta property=\"og:image:width\" content=\"820\" \/>\n\t<meta property=\"og:image:height\" content=\"820\" \/>\n\t<meta property=\"og:image:type\" content=\"image\/png\" \/>\n<meta name=\"twitter:card\" content=\"summary_large_image\" \/>\n<meta name=\"twitter:label1\" content=\"Est. reading time\" \/>\n\t<meta name=\"twitter:data1\" content=\"1 minute\" \/>\n<script type=\"application\/ld+json\" class=\"yoast-schema-graph\">{\"@context\":\"https:\\\/\\\/schema.org\",\"@graph\":[{\"@type\":\"WebPage\",\"@id\":\"https:\\\/\\\/techmasterdemexico.com\\\/en\\\/producto\\\/calibrador-de-temperatura-fluke-724\\\/\",\"url\":\"https:\\\/\\\/techmasterdemexico.com\\\/en\\\/producto\\\/calibrador-de-temperatura-fluke-724\\\/\",\"name\":\"Calibrador de temperatura Fluke 724 - Techmaster de Mexico\",\"isPartOf\":{\"@id\":\"https:\\\/\\\/techmasterdemexico.com\\\/#website\"},\"primaryImageOfPage\":{\"@id\":\"https:\\\/\\\/techmasterdemexico.com\\\/en\\\/producto\\\/calibrador-de-temperatura-fluke-724\\\/#primaryimage\"},\"image\":{\"@id\":\"https:\\\/\\\/techmasterdemexico.com\\\/en\\\/producto\\\/calibrador-de-temperatura-fluke-724\\\/#primaryimage\"},\"thumbnailUrl\":\"https:\\\/\\\/techmasterdemexico.com\\\/wp-content\\\/uploads\\\/2021\\\/08\\\/F-724_01c_h-1500x1000-1.png\",\"datePublished\":\"2021-08-19T17:42:55+00:00\",\"dateModified\":\"2021-12-28T22:22:10+00:00\",\"breadcrumb\":{\"@id\":\"https:\\\/\\\/techmasterdemexico.com\\\/en\\\/producto\\\/calibrador-de-temperatura-fluke-724\\\/#breadcrumb\"},\"inLanguage\":\"en-US\",\"potentialAction\":[{\"@type\":\"ReadAction\",\"target\":[\"https:\\\/\\\/techmasterdemexico.com\\\/en\\\/producto\\\/calibrador-de-temperatura-fluke-724\\\/\"]}]},{\"@type\":\"ImageObject\",\"inLanguage\":\"en-US\",\"@id\":\"https:\\\/\\\/techmasterdemexico.com\\\/en\\\/producto\\\/calibrador-de-temperatura-fluke-724\\\/#primaryimage\",\"url\":\"https:\\\/\\\/techmasterdemexico.com\\\/wp-content\\\/uploads\\\/2021\\\/08\\\/F-724_01c_h-1500x1000-1.png\",\"contentUrl\":\"https:\\\/\\\/techmasterdemexico.com\\\/wp-content\\\/uploads\\\/2021\\\/08\\\/F-724_01c_h-1500x1000-1.png\",\"width\":820,\"height\":820},{\"@type\":\"BreadcrumbList\",\"@id\":\"https:\\\/\\\/techmasterdemexico.com\\\/en\\\/producto\\\/calibrador-de-temperatura-fluke-724\\\/#breadcrumb\",\"itemListElement\":[{\"@type\":\"ListItem\",\"position\":1,\"name\":\"Portada\",\"item\":\"https:\\\/\\\/techmasterdemexico.com\\\/\"},{\"@type\":\"ListItem\",\"position\":2,\"name\":\"Calibrador de temperatura Fluke 724\"}]},{\"@type\":\"WebSite\",\"@id\":\"https:\\\/\\\/techmasterdemexico.com\\\/#website\",\"url\":\"https:\\\/\\\/techmasterdemexico.com\\\/\",\"name\":\"Techmaster de Mexico\",\"description\":\"\",\"potentialAction\":[{\"@type\":\"SearchAction\",\"target\":{\"@type\":\"EntryPoint\",\"urlTemplate\":\"https:\\\/\\\/techmasterdemexico.com\\\/?s={search_term_string}\"},\"query-input\":{\"@type\":\"PropertyValueSpecification\",\"valueRequired\":true,\"valueName\":\"search_term_string\"}}],\"inLanguage\":\"en-US\"}]}<\/script>\n<!-- \/ Yoast SEO plugin. -->","yoast_head_json":{"title":"Calibrador de temperatura Fluke 724 - Techmaster de Mexico","robots":{"index":"index","follow":"follow","max-snippet":"max-snippet:-1","max-image-preview":"max-image-preview:large","max-video-preview":"max-video-preview:-1"},"canonical":"https:\/\/techmasterdemexico.com\/en\/producto\/calibrador-de-temperatura-fluke-724\/","og_locale":"en_US","og_type":"article","og_title":"Calibrador de temperatura Fluke 724 - Techmaster de Mexico","og_description":"El calibrador de temperatura Fluke 724 es un calibrador potente pero f\u00e1cil de usar. Puede emplear las funciones de medici\u00f3n y generaci\u00f3n para comprobar y calibrar pr\u00e1cticamente cualquier instrumento t\u00e9rmico.   La pantalla de visualizaci\u00f3n doble de f\u00e1cil lectura permite ver simult\u00e1neamente los valores de entrada y de salida.  Mide RTD, termopares, ohmios y voltios para comprobar sensores y transmisores.  Genera\/simula termopares, RTD, voltios y ohmios para calibrar transmisores.  Efect\u00faa r\u00e1pidas comprobaciones de linealidad en incrementos del 25 % y del 100 %.  Permite efectuar comprobaciones a distancia con las funciones auto step y auto ramp.  Durante la comprobaci\u00f3n, alimente los transmisores de potencia usando la alimentaci\u00f3n el\u00e9ctrica de lazo con medici\u00f3n simult\u00e1nea de mA.  Almacenamiento de configuraciones de prueba frecuentemente usadas para su uso futuro  Su dise\u00f1o compacto y essado facilita su transporte.  Dise\u00f1o robusto y fiable, id\u00f3neo para usarlo sobre el terreno.  La retroiluminaci\u00f3n permite trabajar en condiciones de iluminaci\u00f3n deficiente  Bater\u00eda de gran capacidad con cuatro bater\u00edas tipo AA  Puerta de compartimento de bater\u00eda para facilitar su cambio.","og_url":"https:\/\/techmasterdemexico.com\/en\/producto\/calibrador-de-temperatura-fluke-724\/","og_site_name":"Techmaster de Mexico","article_modified_time":"2021-12-28T22:22:10+00:00","og_image":[{"width":820,"height":820,"url":"https:\/\/techmasterdemexico.com\/wp-content\/uploads\/2021\/08\/F-724_01c_h-1500x1000-1.png","type":"image\/png"}],"twitter_card":"summary_large_image","twitter_misc":{"Est. reading time":"1 minute"},"schema":{"@context":"https:\/\/schema.org","@graph":[{"@type":"WebPage","@id":"https:\/\/techmasterdemexico.com\/en\/producto\/calibrador-de-temperatura-fluke-724\/","url":"https:\/\/techmasterdemexico.com\/en\/producto\/calibrador-de-temperatura-fluke-724\/","name":"Calibrador de temperatura Fluke 724 - Techmaster de Mexico","isPartOf":{"@id":"https:\/\/techmasterdemexico.com\/#website"},"primaryImageOfPage":{"@id":"https:\/\/techmasterdemexico.com\/en\/producto\/calibrador-de-temperatura-fluke-724\/#primaryimage"},"image":{"@id":"https:\/\/techmasterdemexico.com\/en\/producto\/calibrador-de-temperatura-fluke-724\/#primaryimage"},"thumbnailUrl":"https:\/\/techmasterdemexico.com\/wp-content\/uploads\/2021\/08\/F-724_01c_h-1500x1000-1.png","datePublished":"2021-08-19T17:42:55+00:00","dateModified":"2021-12-28T22:22:10+00:00","breadcrumb":{"@id":"https:\/\/techmasterdemexico.com\/en\/producto\/calibrador-de-temperatura-fluke-724\/#breadcrumb"},"inLanguage":"en-US","potentialAction":[{"@type":"ReadAction","target":["https:\/\/techmasterdemexico.com\/en\/producto\/calibrador-de-temperatura-fluke-724\/"]}]},{"@type":"ImageObject","inLanguage":"en-US","@id":"https:\/\/techmasterdemexico.com\/en\/producto\/calibrador-de-temperatura-fluke-724\/#primaryimage","url":"https:\/\/techmasterdemexico.com\/wp-content\/uploads\/2021\/08\/F-724_01c_h-1500x1000-1.png","contentUrl":"https:\/\/techmasterdemexico.com\/wp-content\/uploads\/2021\/08\/F-724_01c_h-1500x1000-1.png","width":820,"height":820},{"@type":"BreadcrumbList","@id":"https:\/\/techmasterdemexico.com\/en\/producto\/calibrador-de-temperatura-fluke-724\/#breadcrumb","itemListElement":[{"@type":"ListItem","position":1,"name":"Portada","item":"https:\/\/techmasterdemexico.com\/"},{"@type":"ListItem","position":2,"name":"Calibrador de temperatura Fluke 724"}]},{"@type":"WebSite","@id":"https:\/\/techmasterdemexico.com\/#website","url":"https:\/\/techmasterdemexico.com\/","name":"Techmaster de Mexico","description":"","potentialAction":[{"@type":"SearchAction","target":{"@type":"EntryPoint","urlTemplate":"https:\/\/techmasterdemexico.com\/?s={search_term_string}"},"query-input":{"@type":"PropertyValueSpecification","valueRequired":true,"valueName":"search_term_string"}}],"inLanguage":"en-US"}]}},"brands":[{"id":31,"name":"Fluke","slug":"fluke"}],"_links":{"self":[{"href":"https:\/\/techmasterdemexico.com\/en\/wp-json\/wp\/v2\/product\/8114","targetHints":{"allow":["GET"]}}],"collection":[{"href":"https:\/\/techmasterdemexico.com\/en\/wp-json\/wp\/v2\/product"}],"about":[{"href":"https:\/\/techmasterdemexico.com\/en\/wp-json\/wp\/v2\/types\/product"}],"wp:featuredmedia":[{"embeddable":true,"href":"https:\/\/techmasterdemexico.com\/en\/wp-json\/wp\/v2\/media\/8805"}],"wp:attachment":[{"href":"https:\/\/techmasterdemexico.com\/en\/wp-json\/wp\/v2\/media?parent=8114"}],"wp:term":[{"taxonomy":"pwb-brand","embeddable":true,"href":"https:\/\/techmasterdemexico.com\/en\/wp-json\/wp\/v2\/pwb-brand?post=8114"},{"taxonomy":"product_brand","embeddable":true,"href":"https:\/\/techmasterdemexico.com\/en\/wp-json\/wp\/v2\/product_brand?post=8114"},{"taxonomy":"product_cat","embeddable":true,"href":"https:\/\/techmasterdemexico.com\/en\/wp-json\/wp\/v2\/product_cat?post=8114"},{"taxonomy":"product_tag","embeddable":true,"href":"https:\/\/techmasterdemexico.com\/en\/wp-json\/wp\/v2\/product_tag?post=8114"}],"curies":[{"name":"wp","href":"https:\/\/api.w.org\/{rel}","templated":true}]}}