{"id":8113,"date":"2021-08-19T17:42:55","date_gmt":"2021-08-19T17:42:55","guid":{"rendered":"http:\/\/techmastermx.ddns.net\/producto\/modulos-de-presion-serie-fluke-750p\/"},"modified":"2021-12-28T22:22:09","modified_gmt":"2021-12-28T22:22:09","slug":"modulos-de-presion-serie-fluke-750p","status":"publish","type":"product","link":"https:\/\/techmasterdemexico.com\/en\/producto\/modulos-de-presion-serie-fluke-750p\/","title":{"rendered":"M\u00f3dulos de presi\u00f3n serie Fluke 750P"},"content":{"rendered":"<p>M\u00f3dulos de presi\u00f3n serie Fluke 750P<\/p>\n<p>Una gama completa de m\u00f3dulos de presi\u00f3n<\/p>\n<p>Una gama de 48 m\u00f3dulos de presi\u00f3n abarca calibraciones de presi\u00f3n de 0 a 1 in H20 a 10,000 psi (2.5 mbar a 690 bar).<\/p>\n<p>Los m\u00f3dulos de presi\u00f3n manom\u00e9trica solo tienen un accesorio de presi\u00f3n y miden la presi\u00f3n con respecto a la presi\u00f3n atmosf\u00e9rica. Los m\u00f3dulos de presi\u00f3n diferencial tienen dos conectores de presi\u00f3n y miden la diferencia entre la presi\u00f3n aplicada al conector de presi\u00f3n alta y la aplicada al conector de presi\u00f3n baja. Cada m\u00f3dulo est\u00e1 claramente etiquetado seg\u00fan su rango, presi\u00f3n excesiva y compatibilidad de medios. Todos los m\u00f3dulos incluyen adaptadores m\u00e9tricos NPT (BSP) y M20. Compatible con calibradores y documentadores de procesos multifunci\u00f3n y de presi\u00f3n (que incluyen: calibradores Fluke 754, 752, 726, 725, 721, 719Pro, 719, 717 y los antiguos 741, 743, 744, 701 y 702).<\/p>\n<p>Mediciones r\u00e1pidas y sencillas<\/p>\n<p>Los m\u00f3dulos de presi\u00f3n de la serie Fluke 750P son f\u00e1ciles de utilizar. Para medir la presi\u00f3n, conecte el m\u00f3dulo de presi\u00f3n a una fuente de presi\u00f3n o a la bomba manual y luego conecte el cable del m\u00f3dulo de presi\u00f3n al calibrador. Aplique presi\u00f3n desde la fuente de presi\u00f3n para que aparezca en formato digital en el calibrador. Con solo pulsar un bot\u00f3n, la presi\u00f3n se puede visualizar en hasta 11 unidades de ingenier\u00eda diferentes. Cuando se usan con los calibradores y documentadores de procesos de la serie 750, las lecturas de presi\u00f3n pueden incluir etiquetas de fecha y hora y se pueden almacenar electr\u00f3nicamente para su posterior recuperaci\u00f3n. Esto le permite ahorrar tiempo, eliminar errores y cumplir con los reglamentos y las normas de calidad.<\/p>\n<p>Elija entre:<\/p>\n<ul>\n<li>M\u00f3dulos de presi\u00f3n diferencial<\/li>\n<li>M\u00f3dulos de presi\u00f3n manom\u00e9trica<\/li>\n<li>M\u00f3dulos de alta presi\u00f3n<\/li>\n<li>M\u00f3dulos de presi\u00f3n absoluta<\/li>\n<li>M\u00f3dulos de presi\u00f3n y vac\u00edo<\/li>\n<li>M\u00f3dulos de presi\u00f3n de doble rango<\/li>\n<li>M\u00f3dulos de referencia<\/li>\n<\/ul>\n","protected":false},"excerpt":{"rendered":"<p>Medici\u00f3n de precisi\u00f3n de la presi\u00f3n para calibradores de la serie 75X y 720<\/p>\n<p>Los m\u00f3dulos de presi\u00f3n de la serie 750P son los m\u00f3dulos de presi\u00f3n ideales para habilitar el medidor, el diferencial y la medici\u00f3n de presi\u00f3n absoluta con los calibradores de procesos documentadores (DPC) series 750 y 740 y los calibradores de procesos multifuncional (MPC) series Fluke 725 y 726 para medir la presi\u00f3n.<\/p>\n<ul>\n<li>0.025 % de incertidumbre de referencia<\/li>\n<li>Especificaciones de 6 meses y 1 a\u00f1o<\/li>\n<li>Temperatura compensada de 0 \u00b0C a 50 \u00b0C<\/li>\n<li>Comunicaci\u00f3n digital a calibradores, sin p\u00e9rdidas anal\u00f3gicas o errores<\/li>\n<li>Amplia selecci\u00f3n de rangos<\/li>\n<li>Modelos de medici\u00f3n de calibre, diferencial, rango doble, absoluta y de vac\u00edo<\/li>\n<\/ul>\n","protected":false},"featured_media":8800,"template":"","meta":{"_acf_changed":false},"pwb-brand":[31],"product_brand":[],"product_cat":[366,135,195,30,193],"product_tag":[],"class_list":{"0":"post-8113","1":"product","2":"type-product","3":"status-publish","4":"has-post-thumbnail","6":"pwb-brand-fluke","7":"product_cat-todos-los-productos","8":"product_cat-calibradores-de-presion","9":"product_cat-calibradores-de-presion-herramientas-de-calibracion","10":"product_cat-fluke","11":"product_cat-herramientas-de-calibracion","13":"first","14":"instock","15":"taxable","16":"shipping-taxable","17":"product-type-simple"},"acf":[],"yoast_head":"<!-- This site is optimized with the Yoast SEO plugin v27.5 - https:\/\/yoast.com\/product\/yoast-seo-wordpress\/ -->\n<title>M\u00f3dulos de presi\u00f3n serie Fluke 750P - Techmaster de Mexico<\/title>\n<meta name=\"robots\" content=\"index, follow, max-snippet:-1, max-image-preview:large, max-video-preview:-1\" \/>\n<link rel=\"canonical\" href=\"https:\/\/techmasterdemexico.com\/producto\/modulos-de-presion-serie-fluke-750p\/\" \/>\n<meta property=\"og:locale\" content=\"en_US\" \/>\n<meta property=\"og:type\" content=\"article\" \/>\n<meta property=\"og:title\" content=\"M\u00f3dulos de presi\u00f3n serie Fluke 750P - Techmaster de Mexico\" \/>\n<meta property=\"og:description\" content=\"Medici\u00f3n de precisi\u00f3n de la presi\u00f3n para calibradores de la serie 75X y 720   Los m\u00f3dulos de presi\u00f3n de la serie 750P son los m\u00f3dulos de presi\u00f3n ideales para habilitar el medidor, el diferencial y la medici\u00f3n de presi\u00f3n absoluta con los calibradores de procesos documentadores (DPC) series 750 y 740 y los calibradores de procesos multifuncional (MPC) series Fluke 725 y 726 para medir la presi\u00f3n.    0.025 % de incertidumbre de referencia   Especificaciones de 6 meses y 1 a\u00f1o   Temperatura compensada de 0 \u00b0C a 50 \u00b0C   Comunicaci\u00f3n digital a calibradores, sin p\u00e9rdidas anal\u00f3gicas o errores   Amplia selecci\u00f3n de rangos   Modelos de medici\u00f3n de calibre, diferencial, rango doble, absoluta y de vac\u00edo\" \/>\n<meta property=\"og:url\" content=\"https:\/\/techmasterdemexico.com\/producto\/modulos-de-presion-serie-fluke-750p\/\" \/>\n<meta property=\"og:site_name\" content=\"Techmaster de Mexico\" \/>\n<meta property=\"article:modified_time\" content=\"2021-12-28T22:22:09+00:00\" \/>\n<meta property=\"og:image\" content=\"https:\/\/techmasterdemexico.com\/wp-content\/uploads\/2021\/08\/1-24.jpg\" \/>\n\t<meta property=\"og:image:width\" content=\"500\" \/>\n\t<meta property=\"og:image:height\" content=\"500\" \/>\n\t<meta property=\"og:image:type\" content=\"image\/jpeg\" \/>\n<meta name=\"twitter:card\" content=\"summary_large_image\" \/>\n<meta name=\"twitter:label1\" content=\"Est. reading time\" \/>\n\t<meta name=\"twitter:data1\" content=\"2 minutes\" \/>\n<script type=\"application\/ld+json\" class=\"yoast-schema-graph\">{\"@context\":\"https:\\\/\\\/schema.org\",\"@graph\":[{\"@type\":\"WebPage\",\"@id\":\"https:\\\/\\\/techmasterdemexico.com\\\/producto\\\/modulos-de-presion-serie-fluke-750p\\\/\",\"url\":\"https:\\\/\\\/techmasterdemexico.com\\\/producto\\\/modulos-de-presion-serie-fluke-750p\\\/\",\"name\":\"M\u00f3dulos de presi\u00f3n serie Fluke 750P - Techmaster de Mexico\",\"isPartOf\":{\"@id\":\"https:\\\/\\\/techmasterdemexico.com\\\/#website\"},\"primaryImageOfPage\":{\"@id\":\"https:\\\/\\\/techmasterdemexico.com\\\/producto\\\/modulos-de-presion-serie-fluke-750p\\\/#primaryimage\"},\"image\":{\"@id\":\"https:\\\/\\\/techmasterdemexico.com\\\/producto\\\/modulos-de-presion-serie-fluke-750p\\\/#primaryimage\"},\"thumbnailUrl\":\"https:\\\/\\\/techmasterdemexico.com\\\/wp-content\\\/uploads\\\/2021\\\/08\\\/1-24.jpg\",\"datePublished\":\"2021-08-19T17:42:55+00:00\",\"dateModified\":\"2021-12-28T22:22:09+00:00\",\"breadcrumb\":{\"@id\":\"https:\\\/\\\/techmasterdemexico.com\\\/producto\\\/modulos-de-presion-serie-fluke-750p\\\/#breadcrumb\"},\"inLanguage\":\"en-US\",\"potentialAction\":[{\"@type\":\"ReadAction\",\"target\":[\"https:\\\/\\\/techmasterdemexico.com\\\/producto\\\/modulos-de-presion-serie-fluke-750p\\\/\"]}]},{\"@type\":\"ImageObject\",\"inLanguage\":\"en-US\",\"@id\":\"https:\\\/\\\/techmasterdemexico.com\\\/producto\\\/modulos-de-presion-serie-fluke-750p\\\/#primaryimage\",\"url\":\"https:\\\/\\\/techmasterdemexico.com\\\/wp-content\\\/uploads\\\/2021\\\/08\\\/1-24.jpg\",\"contentUrl\":\"https:\\\/\\\/techmasterdemexico.com\\\/wp-content\\\/uploads\\\/2021\\\/08\\\/1-24.jpg\",\"width\":500,\"height\":500},{\"@type\":\"BreadcrumbList\",\"@id\":\"https:\\\/\\\/techmasterdemexico.com\\\/producto\\\/modulos-de-presion-serie-fluke-750p\\\/#breadcrumb\",\"itemListElement\":[{\"@type\":\"ListItem\",\"position\":1,\"name\":\"Portada\",\"item\":\"https:\\\/\\\/techmasterdemexico.com\\\/\"},{\"@type\":\"ListItem\",\"position\":2,\"name\":\"M\u00f3dulos de presi\u00f3n serie Fluke 750P\"}]},{\"@type\":\"WebSite\",\"@id\":\"https:\\\/\\\/techmasterdemexico.com\\\/#website\",\"url\":\"https:\\\/\\\/techmasterdemexico.com\\\/\",\"name\":\"Techmaster de Mexico\",\"description\":\"\",\"potentialAction\":[{\"@type\":\"SearchAction\",\"target\":{\"@type\":\"EntryPoint\",\"urlTemplate\":\"https:\\\/\\\/techmasterdemexico.com\\\/?s={search_term_string}\"},\"query-input\":{\"@type\":\"PropertyValueSpecification\",\"valueRequired\":true,\"valueName\":\"search_term_string\"}}],\"inLanguage\":\"en-US\"}]}<\/script>\n<!-- \/ Yoast SEO plugin. -->","yoast_head_json":{"title":"M\u00f3dulos de presi\u00f3n serie Fluke 750P - Techmaster de Mexico","robots":{"index":"index","follow":"follow","max-snippet":"max-snippet:-1","max-image-preview":"max-image-preview:large","max-video-preview":"max-video-preview:-1"},"canonical":"https:\/\/techmasterdemexico.com\/producto\/modulos-de-presion-serie-fluke-750p\/","og_locale":"en_US","og_type":"article","og_title":"M\u00f3dulos de presi\u00f3n serie Fluke 750P - Techmaster de Mexico","og_description":"Medici\u00f3n de precisi\u00f3n de la presi\u00f3n para calibradores de la serie 75X y 720   Los m\u00f3dulos de presi\u00f3n de la serie 750P son los m\u00f3dulos de presi\u00f3n ideales para habilitar el medidor, el diferencial y la medici\u00f3n de presi\u00f3n absoluta con los calibradores de procesos documentadores (DPC) series 750 y 740 y los calibradores de procesos multifuncional (MPC) series Fluke 725 y 726 para medir la presi\u00f3n.    0.025 % de incertidumbre de referencia   Especificaciones de 6 meses y 1 a\u00f1o   Temperatura compensada de 0 \u00b0C a 50 \u00b0C   Comunicaci\u00f3n digital a calibradores, sin p\u00e9rdidas anal\u00f3gicas o errores   Amplia selecci\u00f3n de rangos   Modelos de medici\u00f3n de calibre, diferencial, rango doble, absoluta y de vac\u00edo","og_url":"https:\/\/techmasterdemexico.com\/producto\/modulos-de-presion-serie-fluke-750p\/","og_site_name":"Techmaster de Mexico","article_modified_time":"2021-12-28T22:22:09+00:00","og_image":[{"width":500,"height":500,"url":"https:\/\/techmasterdemexico.com\/wp-content\/uploads\/2021\/08\/1-24.jpg","type":"image\/jpeg"}],"twitter_card":"summary_large_image","twitter_misc":{"Est. reading time":"2 minutes"},"schema":{"@context":"https:\/\/schema.org","@graph":[{"@type":"WebPage","@id":"https:\/\/techmasterdemexico.com\/producto\/modulos-de-presion-serie-fluke-750p\/","url":"https:\/\/techmasterdemexico.com\/producto\/modulos-de-presion-serie-fluke-750p\/","name":"M\u00f3dulos de presi\u00f3n serie Fluke 750P - Techmaster de Mexico","isPartOf":{"@id":"https:\/\/techmasterdemexico.com\/#website"},"primaryImageOfPage":{"@id":"https:\/\/techmasterdemexico.com\/producto\/modulos-de-presion-serie-fluke-750p\/#primaryimage"},"image":{"@id":"https:\/\/techmasterdemexico.com\/producto\/modulos-de-presion-serie-fluke-750p\/#primaryimage"},"thumbnailUrl":"https:\/\/techmasterdemexico.com\/wp-content\/uploads\/2021\/08\/1-24.jpg","datePublished":"2021-08-19T17:42:55+00:00","dateModified":"2021-12-28T22:22:09+00:00","breadcrumb":{"@id":"https:\/\/techmasterdemexico.com\/producto\/modulos-de-presion-serie-fluke-750p\/#breadcrumb"},"inLanguage":"en-US","potentialAction":[{"@type":"ReadAction","target":["https:\/\/techmasterdemexico.com\/producto\/modulos-de-presion-serie-fluke-750p\/"]}]},{"@type":"ImageObject","inLanguage":"en-US","@id":"https:\/\/techmasterdemexico.com\/producto\/modulos-de-presion-serie-fluke-750p\/#primaryimage","url":"https:\/\/techmasterdemexico.com\/wp-content\/uploads\/2021\/08\/1-24.jpg","contentUrl":"https:\/\/techmasterdemexico.com\/wp-content\/uploads\/2021\/08\/1-24.jpg","width":500,"height":500},{"@type":"BreadcrumbList","@id":"https:\/\/techmasterdemexico.com\/producto\/modulos-de-presion-serie-fluke-750p\/#breadcrumb","itemListElement":[{"@type":"ListItem","position":1,"name":"Portada","item":"https:\/\/techmasterdemexico.com\/"},{"@type":"ListItem","position":2,"name":"M\u00f3dulos de presi\u00f3n serie Fluke 750P"}]},{"@type":"WebSite","@id":"https:\/\/techmasterdemexico.com\/#website","url":"https:\/\/techmasterdemexico.com\/","name":"Techmaster de Mexico","description":"","potentialAction":[{"@type":"SearchAction","target":{"@type":"EntryPoint","urlTemplate":"https:\/\/techmasterdemexico.com\/?s={search_term_string}"},"query-input":{"@type":"PropertyValueSpecification","valueRequired":true,"valueName":"search_term_string"}}],"inLanguage":"en-US"}]}},"brands":[{"id":31,"name":"Fluke","slug":"fluke"}],"_links":{"self":[{"href":"https:\/\/techmasterdemexico.com\/en\/wp-json\/wp\/v2\/product\/8113","targetHints":{"allow":["GET"]}}],"collection":[{"href":"https:\/\/techmasterdemexico.com\/en\/wp-json\/wp\/v2\/product"}],"about":[{"href":"https:\/\/techmasterdemexico.com\/en\/wp-json\/wp\/v2\/types\/product"}],"wp:featuredmedia":[{"embeddable":true,"href":"https:\/\/techmasterdemexico.com\/en\/wp-json\/wp\/v2\/media\/8800"}],"wp:attachment":[{"href":"https:\/\/techmasterdemexico.com\/en\/wp-json\/wp\/v2\/media?parent=8113"}],"wp:term":[{"taxonomy":"pwb-brand","embeddable":true,"href":"https:\/\/techmasterdemexico.com\/en\/wp-json\/wp\/v2\/pwb-brand?post=8113"},{"taxonomy":"product_brand","embeddable":true,"href":"https:\/\/techmasterdemexico.com\/en\/wp-json\/wp\/v2\/product_brand?post=8113"},{"taxonomy":"product_cat","embeddable":true,"href":"https:\/\/techmasterdemexico.com\/en\/wp-json\/wp\/v2\/product_cat?post=8113"},{"taxonomy":"product_tag","embeddable":true,"href":"https:\/\/techmasterdemexico.com\/en\/wp-json\/wp\/v2\/product_tag?post=8113"}],"curies":[{"name":"wp","href":"https:\/\/api.w.org\/{rel}","templated":true}]}}