{"id":8112,"date":"2021-08-19T17:42:54","date_gmt":"2021-08-19T17:42:54","guid":{"rendered":"http:\/\/techmastermx.ddns.net\/producto\/calibrador-de-presion-electrico-fluke-719\/"},"modified":"2021-12-28T22:22:11","modified_gmt":"2021-12-28T22:22:11","slug":"calibrador-de-presion-electrico-fluke-719","status":"publish","type":"product","link":"https:\/\/techmasterdemexico.com\/en\/producto\/calibrador-de-presion-electrico-fluke-719\/","title":{"rendered":"Calibrador de presi\u00f3n el\u00e9ctrico Fluke 719"},"content":{"rendered":"<p>Calibrador de presi\u00f3n el\u00e9ctrico Fluke 719<\/p>\n<p>Olv\u00eddese de la molestia de bombear a mano<\/p>\n<p>Ahora podr\u00e1 calibrar y comprobar los dispositivos de presi\u00f3n de forma r\u00e1pida y sencilla con una sola mano, ahorr\u00e1ndose un tiempo precioso. Gracias a la innovadora bomba integrada del calibrador el\u00e9ctrico Fluke 719, tendr\u00e1 las calibraciones de presi\u00f3n al alcance de su mano.<\/p>\n<p>Use la configuraci\u00f3n programable de limitaci\u00f3n de presi\u00f3n de la bomba para eliminar sobrepresiones y fijar la presi\u00f3n al valor deseado. El exclusivo puerto de limpieza reduce las fallas de la bomba, logrando que el Fluke 719 sea f\u00e1cil de limpiar sin necesidad de reparaciones. Gracias a su dise\u00f1o compacto, ligero y a su operaci\u00f3n con una sola mano, este calibrador de presi\u00f3n es la herramienta ideal para los ocupados profesionales de procesos.<\/p>\n<p>Calibraciones de presi\u00f3n simplificadas para cualquier tarea de calibraci\u00f3n de procesos, de la mano de una firma que conoce y en la que conf\u00eda.<\/p>\n","protected":false},"excerpt":{"rendered":"<ul>\n<li>Bomba el\u00e9ctrica para calibrar la presi\u00f3n con una sola mano<\/li>\n<li>Incertidumbre de medida de presi\u00f3n de 0.025 %, la mejor de su categor\u00eda<\/li>\n<li>Medida y generaci\u00f3n de mA con una precisi\u00f3n insuperable de 0.015 %<\/li>\n<li>Ajuste preciso de correcci\u00f3n de presi\u00f3n para calibraci\u00f3n de presi\u00f3n exacta<\/li>\n<li>V\u00e1lvula de purga de flujo variable para un f\u00e1cil ajuste de presi\u00f3n<\/li>\n<li>Rendimiento ideal para calibraci\u00f3n con transmisores de alta precisi\u00f3n<\/li>\n<li>Rangos de presi\u00f3n de 30 psi y 100 psi<\/li>\n<li>L\u00edmite de bomba de calibrador de presi\u00f3n programable<\/li>\n<li>Elimina la sobre presurizaci\u00f3n<\/li>\n<li>Permite al usuario programar presiones de bombeo deseadas<\/li>\n<li>Rango de medida de presi\u00f3n ampliado con cualquiera de los 29 m\u00f3dulos de presi\u00f3n 700Pxx<\/li>\n<li>Funciona como fuente de mA con una medici\u00f3n simult\u00e1nea de presi\u00f3n para realizar pruebas de v\u00e1lvulas y de I\/P<\/li>\n<li>Simula se\u00f1ales de mA para solucionar fallas en lazos de 4 a 20 mA<\/li>\n<li>Prueba interruptores de presi\u00f3n a trav\u00e9s de una funci\u00f3n incorporada para prueba de interruptores<\/li>\n<li>Puede proporcionar una alimentaci\u00f3n de lazo de 24 V a los transmisores mientras mide simult\u00e1neamente su salida en mA<\/li>\n<li>El calibrador de presi\u00f3n incluye puertos de limpieza que reducen los fallas en la bomba<\/li>\n<\/ul>\n","protected":false},"featured_media":8811,"template":"","meta":{"_acf_changed":false},"pwb-brand":[31],"product_brand":[],"product_cat":[366,135,195,30,193],"product_tag":[],"class_list":{"0":"post-8112","1":"product","2":"type-product","3":"status-publish","4":"has-post-thumbnail","6":"pwb-brand-fluke","7":"product_cat-todos-los-productos","8":"product_cat-calibradores-de-presion","9":"product_cat-calibradores-de-presion-herramientas-de-calibracion","10":"product_cat-fluke","11":"product_cat-herramientas-de-calibracion","13":"first","14":"instock","15":"taxable","16":"shipping-taxable","17":"product-type-simple"},"acf":[],"yoast_head":"<!-- This site is optimized with the Yoast SEO plugin v27.4 - https:\/\/yoast.com\/product\/yoast-seo-wordpress\/ -->\n<title>Calibrador de presi\u00f3n el\u00e9ctrico Fluke 719 - Techmaster de Mexico<\/title>\n<meta name=\"robots\" content=\"index, follow, max-snippet:-1, max-image-preview:large, max-video-preview:-1\" \/>\n<link rel=\"canonical\" href=\"https:\/\/techmasterdemexico.com\/producto\/calibrador-de-presion-electrico-fluke-719\/\" \/>\n<meta property=\"og:locale\" content=\"en_US\" \/>\n<meta property=\"og:type\" content=\"article\" \/>\n<meta property=\"og:title\" content=\"Calibrador de presi\u00f3n el\u00e9ctrico Fluke 719 - Techmaster de Mexico\" \/>\n<meta property=\"og:description\" content=\"Bomba el\u00e9ctrica para calibrar la presi\u00f3n con una sola mano   Incertidumbre de medida de presi\u00f3n de 0.025 %, la mejor de su categor\u00eda   Medida y generaci\u00f3n de mA con una precisi\u00f3n insuperable de 0.015 %   Ajuste preciso de correcci\u00f3n de presi\u00f3n para calibraci\u00f3n de presi\u00f3n exacta   V\u00e1lvula de purga de flujo variable para un f\u00e1cil ajuste de presi\u00f3n   Rendimiento ideal para calibraci\u00f3n con transmisores de alta precisi\u00f3n   Rangos de presi\u00f3n de 30 psi y 100 psi   L\u00edmite de bomba de calibrador de presi\u00f3n programable   Elimina la sobre presurizaci\u00f3n   Permite al usuario programar presiones de bombeo deseadas   Rango de medida de presi\u00f3n ampliado con cualquiera de los 29 m\u00f3dulos de presi\u00f3n 700Pxx   Funciona como fuente de mA con una medici\u00f3n simult\u00e1nea de presi\u00f3n para realizar pruebas de v\u00e1lvulas y de I\/P   Simula se\u00f1ales de mA para solucionar fallas en lazos de 4 a 20 mA   Prueba interruptores de presi\u00f3n a trav\u00e9s de una funci\u00f3n incorporada para prueba de interruptores   Puede proporcionar una alimentaci\u00f3n de lazo de 24 V a los transmisores mientras mide simult\u00e1neamente su salida en mA   El calibrador de presi\u00f3n incluye puertos de limpieza que reducen los fallas en la bomba\" \/>\n<meta property=\"og:url\" content=\"https:\/\/techmasterdemexico.com\/producto\/calibrador-de-presion-electrico-fluke-719\/\" \/>\n<meta property=\"og:site_name\" content=\"Techmaster de Mexico\" \/>\n<meta property=\"article:modified_time\" content=\"2021-12-28T22:22:11+00:00\" \/>\n<meta property=\"og:image\" content=\"https:\/\/techmasterdemexico.com\/wp-content\/uploads\/2021\/08\/F_719_01a_h_1500x1000_1.jpg\" \/>\n\t<meta property=\"og:image:width\" content=\"500\" \/>\n\t<meta property=\"og:image:height\" content=\"500\" \/>\n\t<meta property=\"og:image:type\" content=\"image\/jpeg\" \/>\n<meta name=\"twitter:card\" content=\"summary_large_image\" \/>\n<meta name=\"twitter:label1\" content=\"Est. reading time\" \/>\n\t<meta name=\"twitter:data1\" content=\"1 minute\" \/>\n<script type=\"application\/ld+json\" class=\"yoast-schema-graph\">{\"@context\":\"https:\\\/\\\/schema.org\",\"@graph\":[{\"@type\":\"WebPage\",\"@id\":\"https:\\\/\\\/techmasterdemexico.com\\\/producto\\\/calibrador-de-presion-electrico-fluke-719\\\/\",\"url\":\"https:\\\/\\\/techmasterdemexico.com\\\/producto\\\/calibrador-de-presion-electrico-fluke-719\\\/\",\"name\":\"Calibrador de presi\u00f3n el\u00e9ctrico Fluke 719 - Techmaster de Mexico\",\"isPartOf\":{\"@id\":\"https:\\\/\\\/techmasterdemexico.com\\\/#website\"},\"primaryImageOfPage\":{\"@id\":\"https:\\\/\\\/techmasterdemexico.com\\\/producto\\\/calibrador-de-presion-electrico-fluke-719\\\/#primaryimage\"},\"image\":{\"@id\":\"https:\\\/\\\/techmasterdemexico.com\\\/producto\\\/calibrador-de-presion-electrico-fluke-719\\\/#primaryimage\"},\"thumbnailUrl\":\"https:\\\/\\\/techmasterdemexico.com\\\/wp-content\\\/uploads\\\/2021\\\/08\\\/F_719_01a_h_1500x1000_1.jpg\",\"datePublished\":\"2021-08-19T17:42:54+00:00\",\"dateModified\":\"2021-12-28T22:22:11+00:00\",\"breadcrumb\":{\"@id\":\"https:\\\/\\\/techmasterdemexico.com\\\/producto\\\/calibrador-de-presion-electrico-fluke-719\\\/#breadcrumb\"},\"inLanguage\":\"en-US\",\"potentialAction\":[{\"@type\":\"ReadAction\",\"target\":[\"https:\\\/\\\/techmasterdemexico.com\\\/producto\\\/calibrador-de-presion-electrico-fluke-719\\\/\"]}]},{\"@type\":\"ImageObject\",\"inLanguage\":\"en-US\",\"@id\":\"https:\\\/\\\/techmasterdemexico.com\\\/producto\\\/calibrador-de-presion-electrico-fluke-719\\\/#primaryimage\",\"url\":\"https:\\\/\\\/techmasterdemexico.com\\\/wp-content\\\/uploads\\\/2021\\\/08\\\/F_719_01a_h_1500x1000_1.jpg\",\"contentUrl\":\"https:\\\/\\\/techmasterdemexico.com\\\/wp-content\\\/uploads\\\/2021\\\/08\\\/F_719_01a_h_1500x1000_1.jpg\",\"width\":500,\"height\":500},{\"@type\":\"BreadcrumbList\",\"@id\":\"https:\\\/\\\/techmasterdemexico.com\\\/producto\\\/calibrador-de-presion-electrico-fluke-719\\\/#breadcrumb\",\"itemListElement\":[{\"@type\":\"ListItem\",\"position\":1,\"name\":\"Portada\",\"item\":\"https:\\\/\\\/techmasterdemexico.com\\\/\"},{\"@type\":\"ListItem\",\"position\":2,\"name\":\"Calibrador de presi\u00f3n el\u00e9ctrico Fluke 719\"}]},{\"@type\":\"WebSite\",\"@id\":\"https:\\\/\\\/techmasterdemexico.com\\\/#website\",\"url\":\"https:\\\/\\\/techmasterdemexico.com\\\/\",\"name\":\"Techmaster de Mexico\",\"description\":\"\",\"potentialAction\":[{\"@type\":\"SearchAction\",\"target\":{\"@type\":\"EntryPoint\",\"urlTemplate\":\"https:\\\/\\\/techmasterdemexico.com\\\/?s={search_term_string}\"},\"query-input\":{\"@type\":\"PropertyValueSpecification\",\"valueRequired\":true,\"valueName\":\"search_term_string\"}}],\"inLanguage\":\"en-US\"}]}<\/script>\n<!-- \/ Yoast SEO plugin. -->","yoast_head_json":{"title":"Calibrador de presi\u00f3n el\u00e9ctrico Fluke 719 - Techmaster de Mexico","robots":{"index":"index","follow":"follow","max-snippet":"max-snippet:-1","max-image-preview":"max-image-preview:large","max-video-preview":"max-video-preview:-1"},"canonical":"https:\/\/techmasterdemexico.com\/producto\/calibrador-de-presion-electrico-fluke-719\/","og_locale":"en_US","og_type":"article","og_title":"Calibrador de presi\u00f3n el\u00e9ctrico Fluke 719 - Techmaster de Mexico","og_description":"Bomba el\u00e9ctrica para calibrar la presi\u00f3n con una sola mano   Incertidumbre de medida de presi\u00f3n de 0.025 %, la mejor de su categor\u00eda   Medida y generaci\u00f3n de mA con una precisi\u00f3n insuperable de 0.015 %   Ajuste preciso de correcci\u00f3n de presi\u00f3n para calibraci\u00f3n de presi\u00f3n exacta   V\u00e1lvula de purga de flujo variable para un f\u00e1cil ajuste de presi\u00f3n   Rendimiento ideal para calibraci\u00f3n con transmisores de alta precisi\u00f3n   Rangos de presi\u00f3n de 30 psi y 100 psi   L\u00edmite de bomba de calibrador de presi\u00f3n programable   Elimina la sobre presurizaci\u00f3n   Permite al usuario programar presiones de bombeo deseadas   Rango de medida de presi\u00f3n ampliado con cualquiera de los 29 m\u00f3dulos de presi\u00f3n 700Pxx   Funciona como fuente de mA con una medici\u00f3n simult\u00e1nea de presi\u00f3n para realizar pruebas de v\u00e1lvulas y de I\/P   Simula se\u00f1ales de mA para solucionar fallas en lazos de 4 a 20 mA   Prueba interruptores de presi\u00f3n a trav\u00e9s de una funci\u00f3n incorporada para prueba de interruptores   Puede proporcionar una alimentaci\u00f3n de lazo de 24 V a los transmisores mientras mide simult\u00e1neamente su salida en mA   El calibrador de presi\u00f3n incluye puertos de limpieza que reducen los fallas en la bomba","og_url":"https:\/\/techmasterdemexico.com\/producto\/calibrador-de-presion-electrico-fluke-719\/","og_site_name":"Techmaster de Mexico","article_modified_time":"2021-12-28T22:22:11+00:00","og_image":[{"width":500,"height":500,"url":"https:\/\/techmasterdemexico.com\/wp-content\/uploads\/2021\/08\/F_719_01a_h_1500x1000_1.jpg","type":"image\/jpeg"}],"twitter_card":"summary_large_image","twitter_misc":{"Est. reading time":"1 minute"},"schema":{"@context":"https:\/\/schema.org","@graph":[{"@type":"WebPage","@id":"https:\/\/techmasterdemexico.com\/producto\/calibrador-de-presion-electrico-fluke-719\/","url":"https:\/\/techmasterdemexico.com\/producto\/calibrador-de-presion-electrico-fluke-719\/","name":"Calibrador de presi\u00f3n el\u00e9ctrico Fluke 719 - Techmaster de Mexico","isPartOf":{"@id":"https:\/\/techmasterdemexico.com\/#website"},"primaryImageOfPage":{"@id":"https:\/\/techmasterdemexico.com\/producto\/calibrador-de-presion-electrico-fluke-719\/#primaryimage"},"image":{"@id":"https:\/\/techmasterdemexico.com\/producto\/calibrador-de-presion-electrico-fluke-719\/#primaryimage"},"thumbnailUrl":"https:\/\/techmasterdemexico.com\/wp-content\/uploads\/2021\/08\/F_719_01a_h_1500x1000_1.jpg","datePublished":"2021-08-19T17:42:54+00:00","dateModified":"2021-12-28T22:22:11+00:00","breadcrumb":{"@id":"https:\/\/techmasterdemexico.com\/producto\/calibrador-de-presion-electrico-fluke-719\/#breadcrumb"},"inLanguage":"en-US","potentialAction":[{"@type":"ReadAction","target":["https:\/\/techmasterdemexico.com\/producto\/calibrador-de-presion-electrico-fluke-719\/"]}]},{"@type":"ImageObject","inLanguage":"en-US","@id":"https:\/\/techmasterdemexico.com\/producto\/calibrador-de-presion-electrico-fluke-719\/#primaryimage","url":"https:\/\/techmasterdemexico.com\/wp-content\/uploads\/2021\/08\/F_719_01a_h_1500x1000_1.jpg","contentUrl":"https:\/\/techmasterdemexico.com\/wp-content\/uploads\/2021\/08\/F_719_01a_h_1500x1000_1.jpg","width":500,"height":500},{"@type":"BreadcrumbList","@id":"https:\/\/techmasterdemexico.com\/producto\/calibrador-de-presion-electrico-fluke-719\/#breadcrumb","itemListElement":[{"@type":"ListItem","position":1,"name":"Portada","item":"https:\/\/techmasterdemexico.com\/"},{"@type":"ListItem","position":2,"name":"Calibrador de presi\u00f3n el\u00e9ctrico Fluke 719"}]},{"@type":"WebSite","@id":"https:\/\/techmasterdemexico.com\/#website","url":"https:\/\/techmasterdemexico.com\/","name":"Techmaster de Mexico","description":"","potentialAction":[{"@type":"SearchAction","target":{"@type":"EntryPoint","urlTemplate":"https:\/\/techmasterdemexico.com\/?s={search_term_string}"},"query-input":{"@type":"PropertyValueSpecification","valueRequired":true,"valueName":"search_term_string"}}],"inLanguage":"en-US"}]}},"brands":[{"id":31,"name":"Fluke","slug":"fluke"}],"_links":{"self":[{"href":"https:\/\/techmasterdemexico.com\/en\/wp-json\/wp\/v2\/product\/8112","targetHints":{"allow":["GET"]}}],"collection":[{"href":"https:\/\/techmasterdemexico.com\/en\/wp-json\/wp\/v2\/product"}],"about":[{"href":"https:\/\/techmasterdemexico.com\/en\/wp-json\/wp\/v2\/types\/product"}],"wp:featuredmedia":[{"embeddable":true,"href":"https:\/\/techmasterdemexico.com\/en\/wp-json\/wp\/v2\/media\/8811"}],"wp:attachment":[{"href":"https:\/\/techmasterdemexico.com\/en\/wp-json\/wp\/v2\/media?parent=8112"}],"wp:term":[{"taxonomy":"pwb-brand","embeddable":true,"href":"https:\/\/techmasterdemexico.com\/en\/wp-json\/wp\/v2\/pwb-brand?post=8112"},{"taxonomy":"product_brand","embeddable":true,"href":"https:\/\/techmasterdemexico.com\/en\/wp-json\/wp\/v2\/product_brand?post=8112"},{"taxonomy":"product_cat","embeddable":true,"href":"https:\/\/techmasterdemexico.com\/en\/wp-json\/wp\/v2\/product_cat?post=8112"},{"taxonomy":"product_tag","embeddable":true,"href":"https:\/\/techmasterdemexico.com\/en\/wp-json\/wp\/v2\/product_tag?post=8112"}],"curies":[{"name":"wp","href":"https:\/\/api.w.org\/{rel}","templated":true}]}}