{"id":8111,"date":"2021-08-19T17:42:54","date_gmt":"2021-08-19T17:42:54","guid":{"rendered":"http:\/\/techmastermx.ddns.net\/producto\/calibrador-de-presion-electrico-fluke-718\/"},"modified":"2022-03-25T00:46:45","modified_gmt":"2022-03-25T00:46:45","slug":"calibrador-de-presion-electrico-fluke-718","status":"publish","type":"product","link":"https:\/\/techmasterdemexico.com\/en\/producto\/calibrador-de-presion-electrico-fluke-718\/","title":{"rendered":"Calibrador de presi\u00f3n el\u00e9ctrico Fluke 718"},"content":{"rendered":"<p>Calibrador de presi\u00f3n el\u00e9ctrico Fluke 718<\/p>\n<p>La soluci\u00f3n completa para la calibraci\u00f3n de presi\u00f3n<\/p>\n<p>El calibrador de presi\u00f3n Fluke 718 ofrece una soluci\u00f3n completa de calibraci\u00f3n de presi\u00f3n para transmisores, man\u00f3metros y conmutadores. Esta compacta soluci\u00f3n de calibraci\u00f3n de presi\u00f3n, con solo un tercio del tama\u00f1o de otros instrumentos comparables, pesa tan solo 1 kg. El exclusivo dise\u00f1o de la bomba y su f\u00e1cil limpieza ayudan a protegerla ante cualquier posible da\u00f1o y le permiten realizar trabajos de mantenimiento en ella sin tener que desmontarla, incluso en las propias instalaciones de trabajo.<\/p>\n","protected":false},"excerpt":{"rendered":"<ul>\n<li>Incluye funciones de generaci\u00f3n de presi\u00f3n y medida en miliamperios para realizar calibraciones y trabajos de mantenimiento de casi cualquier dispositivo de presi\u00f3n<\/li>\n<li>La bomba integrada se limpia de forma sencilla en caso de haberse encontrado expuesta accidentalmente a fluidos. Esto reduce los costos de propiedad y de reparaciones y permite realizar trabajos de mantenimiento en la bomba en las propias instalaciones de trabajo<\/li>\n<li>C\u00e1lculo porcentual del error para agilizar la toma de decisiones del tipo pasa\/falla sobre el terreno<\/li>\n<li>Mejor precisi\u00f3n de mA en su categor\u00eda: 0.015 % para una mayor fiabilidad de las mediciones y capacidad de carga de trabajo<\/li>\n<li>Retenci\u00f3n de datos en pantalla, y registro de valores m\u00ednimos y m\u00e1ximos para capturar mediciones cambiantes<\/li>\n<li>Funci\u00f3n de prueba simult\u00e1nea de presi\u00f3n y corriente para la realizaci\u00f3n de comprobaciones de reguladores de presi\u00f3n m\u00e1s r\u00e1pidas y precisas<\/li>\n<li>Los nuevos rangos de presi\u00f3n 1 y 300 psi hacen que se requieran menos instrumentos adicionales<\/li>\n<li>Rangos de 1, 30, 100 y 300 psi ahora disponibles<\/li>\n<\/ul>\n","protected":false},"featured_media":8808,"template":"","meta":{"_acf_changed":false},"pwb-brand":[31],"product_brand":[],"product_cat":[366,195,135,30,193],"product_tag":[],"class_list":{"0":"post-8111","1":"product","2":"type-product","3":"status-publish","4":"has-post-thumbnail","6":"pwb-brand-fluke","7":"product_cat-todos-los-productos","8":"product_cat-calibradores-de-presion-herramientas-de-calibracion","9":"product_cat-calibradores-de-presion","10":"product_cat-fluke","11":"product_cat-herramientas-de-calibracion","13":"first","14":"instock","15":"taxable","16":"shipping-taxable","17":"product-type-simple"},"acf":[],"yoast_head":"<!-- This site is optimized with the Yoast SEO plugin v27.4 - https:\/\/yoast.com\/product\/yoast-seo-wordpress\/ -->\n<title>Calibrador de presi\u00f3n el\u00e9ctrico Fluke 718 - Techmaster de Mexico<\/title>\n<meta name=\"robots\" content=\"index, follow, max-snippet:-1, max-image-preview:large, max-video-preview:-1\" \/>\n<link rel=\"canonical\" href=\"https:\/\/techmasterdemexico.com\/producto\/calibrador-de-presion-electrico-fluke-718\/\" \/>\n<meta property=\"og:locale\" content=\"en_US\" \/>\n<meta property=\"og:type\" content=\"article\" \/>\n<meta property=\"og:title\" content=\"Calibrador de presi\u00f3n el\u00e9ctrico Fluke 718 - Techmaster de Mexico\" \/>\n<meta property=\"og:description\" content=\"Incluye funciones de generaci\u00f3n de presi\u00f3n y medida en miliamperios para realizar calibraciones y trabajos de mantenimiento de casi cualquier dispositivo de presi\u00f3n  La bomba integrada se limpia de forma sencilla en caso de haberse encontrado expuesta accidentalmente a fluidos. Esto reduce los costos de propiedad y de reparaciones y permite realizar trabajos de mantenimiento en la bomba en las propias instalaciones de trabajo  C\u00e1lculo porcentual del error para agilizar la toma de decisiones del tipo pasa\/falla sobre el terreno  Mejor precisi\u00f3n de mA en su categor\u00eda: 0.015 % para una mayor fiabilidad de las mediciones y capacidad de carga de trabajo  Retenci\u00f3n de datos en pantalla, y registro de valores m\u00ednimos y m\u00e1ximos para capturar mediciones cambiantes  Funci\u00f3n de prueba simult\u00e1nea de presi\u00f3n y corriente para la realizaci\u00f3n de comprobaciones de reguladores de presi\u00f3n m\u00e1s r\u00e1pidas y precisas  Los nuevos rangos de presi\u00f3n 1 y 300 psi hacen que se requieran menos instrumentos adicionales  Rangos de 1, 30, 100 y 300 psi ahora disponibles\" \/>\n<meta property=\"og:url\" content=\"https:\/\/techmasterdemexico.com\/producto\/calibrador-de-presion-electrico-fluke-718\/\" \/>\n<meta property=\"og:site_name\" content=\"Techmaster de Mexico\" \/>\n<meta property=\"article:modified_time\" content=\"2022-03-25T00:46:45+00:00\" \/>\n<meta property=\"og:image\" content=\"https:\/\/techmasterdemexico.com\/wp-content\/uploads\/2021\/08\/F_718_1G_01a_h_1500x1000_1.jpg\" \/>\n\t<meta property=\"og:image:width\" content=\"500\" \/>\n\t<meta property=\"og:image:height\" content=\"500\" \/>\n\t<meta property=\"og:image:type\" content=\"image\/jpeg\" \/>\n<meta name=\"twitter:card\" content=\"summary_large_image\" \/>\n<meta name=\"twitter:label1\" content=\"Est. reading time\" \/>\n\t<meta name=\"twitter:data1\" content=\"1 minute\" \/>\n<script type=\"application\/ld+json\" class=\"yoast-schema-graph\">{\"@context\":\"https:\\\/\\\/schema.org\",\"@graph\":[{\"@type\":\"WebPage\",\"@id\":\"https:\\\/\\\/techmasterdemexico.com\\\/producto\\\/calibrador-de-presion-electrico-fluke-718\\\/\",\"url\":\"https:\\\/\\\/techmasterdemexico.com\\\/producto\\\/calibrador-de-presion-electrico-fluke-718\\\/\",\"name\":\"Calibrador de presi\u00f3n el\u00e9ctrico Fluke 718 - Techmaster de Mexico\",\"isPartOf\":{\"@id\":\"https:\\\/\\\/techmasterdemexico.com\\\/#website\"},\"primaryImageOfPage\":{\"@id\":\"https:\\\/\\\/techmasterdemexico.com\\\/producto\\\/calibrador-de-presion-electrico-fluke-718\\\/#primaryimage\"},\"image\":{\"@id\":\"https:\\\/\\\/techmasterdemexico.com\\\/producto\\\/calibrador-de-presion-electrico-fluke-718\\\/#primaryimage\"},\"thumbnailUrl\":\"https:\\\/\\\/techmasterdemexico.com\\\/wp-content\\\/uploads\\\/2021\\\/08\\\/F_718_1G_01a_h_1500x1000_1.jpg\",\"datePublished\":\"2021-08-19T17:42:54+00:00\",\"dateModified\":\"2022-03-25T00:46:45+00:00\",\"breadcrumb\":{\"@id\":\"https:\\\/\\\/techmasterdemexico.com\\\/producto\\\/calibrador-de-presion-electrico-fluke-718\\\/#breadcrumb\"},\"inLanguage\":\"en-US\",\"potentialAction\":[{\"@type\":\"ReadAction\",\"target\":[\"https:\\\/\\\/techmasterdemexico.com\\\/producto\\\/calibrador-de-presion-electrico-fluke-718\\\/\"]}]},{\"@type\":\"ImageObject\",\"inLanguage\":\"en-US\",\"@id\":\"https:\\\/\\\/techmasterdemexico.com\\\/producto\\\/calibrador-de-presion-electrico-fluke-718\\\/#primaryimage\",\"url\":\"https:\\\/\\\/techmasterdemexico.com\\\/wp-content\\\/uploads\\\/2021\\\/08\\\/F_718_1G_01a_h_1500x1000_1.jpg\",\"contentUrl\":\"https:\\\/\\\/techmasterdemexico.com\\\/wp-content\\\/uploads\\\/2021\\\/08\\\/F_718_1G_01a_h_1500x1000_1.jpg\",\"width\":500,\"height\":500},{\"@type\":\"BreadcrumbList\",\"@id\":\"https:\\\/\\\/techmasterdemexico.com\\\/producto\\\/calibrador-de-presion-electrico-fluke-718\\\/#breadcrumb\",\"itemListElement\":[{\"@type\":\"ListItem\",\"position\":1,\"name\":\"Portada\",\"item\":\"https:\\\/\\\/techmasterdemexico.com\\\/\"},{\"@type\":\"ListItem\",\"position\":2,\"name\":\"Calibrador de presi\u00f3n el\u00e9ctrico Fluke 718\"}]},{\"@type\":\"WebSite\",\"@id\":\"https:\\\/\\\/techmasterdemexico.com\\\/#website\",\"url\":\"https:\\\/\\\/techmasterdemexico.com\\\/\",\"name\":\"Techmaster de Mexico\",\"description\":\"\",\"potentialAction\":[{\"@type\":\"SearchAction\",\"target\":{\"@type\":\"EntryPoint\",\"urlTemplate\":\"https:\\\/\\\/techmasterdemexico.com\\\/?s={search_term_string}\"},\"query-input\":{\"@type\":\"PropertyValueSpecification\",\"valueRequired\":true,\"valueName\":\"search_term_string\"}}],\"inLanguage\":\"en-US\"}]}<\/script>\n<!-- \/ Yoast SEO plugin. -->","yoast_head_json":{"title":"Calibrador de presi\u00f3n el\u00e9ctrico Fluke 718 - Techmaster de Mexico","robots":{"index":"index","follow":"follow","max-snippet":"max-snippet:-1","max-image-preview":"max-image-preview:large","max-video-preview":"max-video-preview:-1"},"canonical":"https:\/\/techmasterdemexico.com\/producto\/calibrador-de-presion-electrico-fluke-718\/","og_locale":"en_US","og_type":"article","og_title":"Calibrador de presi\u00f3n el\u00e9ctrico Fluke 718 - Techmaster de Mexico","og_description":"Incluye funciones de generaci\u00f3n de presi\u00f3n y medida en miliamperios para realizar calibraciones y trabajos de mantenimiento de casi cualquier dispositivo de presi\u00f3n  La bomba integrada se limpia de forma sencilla en caso de haberse encontrado expuesta accidentalmente a fluidos. Esto reduce los costos de propiedad y de reparaciones y permite realizar trabajos de mantenimiento en la bomba en las propias instalaciones de trabajo  C\u00e1lculo porcentual del error para agilizar la toma de decisiones del tipo pasa\/falla sobre el terreno  Mejor precisi\u00f3n de mA en su categor\u00eda: 0.015 % para una mayor fiabilidad de las mediciones y capacidad de carga de trabajo  Retenci\u00f3n de datos en pantalla, y registro de valores m\u00ednimos y m\u00e1ximos para capturar mediciones cambiantes  Funci\u00f3n de prueba simult\u00e1nea de presi\u00f3n y corriente para la realizaci\u00f3n de comprobaciones de reguladores de presi\u00f3n m\u00e1s r\u00e1pidas y precisas  Los nuevos rangos de presi\u00f3n 1 y 300 psi hacen que se requieran menos instrumentos adicionales  Rangos de 1, 30, 100 y 300 psi ahora disponibles","og_url":"https:\/\/techmasterdemexico.com\/producto\/calibrador-de-presion-electrico-fluke-718\/","og_site_name":"Techmaster de Mexico","article_modified_time":"2022-03-25T00:46:45+00:00","og_image":[{"width":500,"height":500,"url":"https:\/\/techmasterdemexico.com\/wp-content\/uploads\/2021\/08\/F_718_1G_01a_h_1500x1000_1.jpg","type":"image\/jpeg"}],"twitter_card":"summary_large_image","twitter_misc":{"Est. reading time":"1 minute"},"schema":{"@context":"https:\/\/schema.org","@graph":[{"@type":"WebPage","@id":"https:\/\/techmasterdemexico.com\/producto\/calibrador-de-presion-electrico-fluke-718\/","url":"https:\/\/techmasterdemexico.com\/producto\/calibrador-de-presion-electrico-fluke-718\/","name":"Calibrador de presi\u00f3n el\u00e9ctrico Fluke 718 - Techmaster de Mexico","isPartOf":{"@id":"https:\/\/techmasterdemexico.com\/#website"},"primaryImageOfPage":{"@id":"https:\/\/techmasterdemexico.com\/producto\/calibrador-de-presion-electrico-fluke-718\/#primaryimage"},"image":{"@id":"https:\/\/techmasterdemexico.com\/producto\/calibrador-de-presion-electrico-fluke-718\/#primaryimage"},"thumbnailUrl":"https:\/\/techmasterdemexico.com\/wp-content\/uploads\/2021\/08\/F_718_1G_01a_h_1500x1000_1.jpg","datePublished":"2021-08-19T17:42:54+00:00","dateModified":"2022-03-25T00:46:45+00:00","breadcrumb":{"@id":"https:\/\/techmasterdemexico.com\/producto\/calibrador-de-presion-electrico-fluke-718\/#breadcrumb"},"inLanguage":"en-US","potentialAction":[{"@type":"ReadAction","target":["https:\/\/techmasterdemexico.com\/producto\/calibrador-de-presion-electrico-fluke-718\/"]}]},{"@type":"ImageObject","inLanguage":"en-US","@id":"https:\/\/techmasterdemexico.com\/producto\/calibrador-de-presion-electrico-fluke-718\/#primaryimage","url":"https:\/\/techmasterdemexico.com\/wp-content\/uploads\/2021\/08\/F_718_1G_01a_h_1500x1000_1.jpg","contentUrl":"https:\/\/techmasterdemexico.com\/wp-content\/uploads\/2021\/08\/F_718_1G_01a_h_1500x1000_1.jpg","width":500,"height":500},{"@type":"BreadcrumbList","@id":"https:\/\/techmasterdemexico.com\/producto\/calibrador-de-presion-electrico-fluke-718\/#breadcrumb","itemListElement":[{"@type":"ListItem","position":1,"name":"Portada","item":"https:\/\/techmasterdemexico.com\/"},{"@type":"ListItem","position":2,"name":"Calibrador de presi\u00f3n el\u00e9ctrico Fluke 718"}]},{"@type":"WebSite","@id":"https:\/\/techmasterdemexico.com\/#website","url":"https:\/\/techmasterdemexico.com\/","name":"Techmaster de Mexico","description":"","potentialAction":[{"@type":"SearchAction","target":{"@type":"EntryPoint","urlTemplate":"https:\/\/techmasterdemexico.com\/?s={search_term_string}"},"query-input":{"@type":"PropertyValueSpecification","valueRequired":true,"valueName":"search_term_string"}}],"inLanguage":"en-US"}]}},"brands":[{"id":31,"name":"Fluke","slug":"fluke"}],"_links":{"self":[{"href":"https:\/\/techmasterdemexico.com\/en\/wp-json\/wp\/v2\/product\/8111","targetHints":{"allow":["GET"]}}],"collection":[{"href":"https:\/\/techmasterdemexico.com\/en\/wp-json\/wp\/v2\/product"}],"about":[{"href":"https:\/\/techmasterdemexico.com\/en\/wp-json\/wp\/v2\/types\/product"}],"wp:featuredmedia":[{"embeddable":true,"href":"https:\/\/techmasterdemexico.com\/en\/wp-json\/wp\/v2\/media\/8808"}],"wp:attachment":[{"href":"https:\/\/techmasterdemexico.com\/en\/wp-json\/wp\/v2\/media?parent=8111"}],"wp:term":[{"taxonomy":"pwb-brand","embeddable":true,"href":"https:\/\/techmasterdemexico.com\/en\/wp-json\/wp\/v2\/pwb-brand?post=8111"},{"taxonomy":"product_brand","embeddable":true,"href":"https:\/\/techmasterdemexico.com\/en\/wp-json\/wp\/v2\/product_brand?post=8111"},{"taxonomy":"product_cat","embeddable":true,"href":"https:\/\/techmasterdemexico.com\/en\/wp-json\/wp\/v2\/product_cat?post=8111"},{"taxonomy":"product_tag","embeddable":true,"href":"https:\/\/techmasterdemexico.com\/en\/wp-json\/wp\/v2\/product_tag?post=8111"}],"curies":[{"name":"wp","href":"https:\/\/api.w.org\/{rel}","templated":true}]}}