{"id":8110,"date":"2021-08-19T17:42:53","date_gmt":"2021-08-19T17:42:53","guid":{"rendered":"http:\/\/techmastermx.ddns.net\/producto\/manometros-de-comprobacion-de-precision-700g-de-fluke\/"},"modified":"2021-12-28T22:22:12","modified_gmt":"2021-12-28T22:22:12","slug":"manometros-de-comprobacion-de-precision-700g-de-fluke","status":"publish","type":"product","link":"https:\/\/techmasterdemexico.com\/en\/producto\/manometros-de-comprobacion-de-precision-700g-de-fluke\/","title":{"rendered":"Man\u00f3metros de comprobaci\u00f3n de precisi\u00f3n 700G de Fluke"},"content":{"rendered":"<p>Man\u00f3metros de comprobaci\u00f3n de precisi\u00f3n 700G de Fluke<\/p>\n<p>Man\u00f3metros de presi\u00f3n dise\u00f1ados para satisfacer todas sus necesidades de calibraci\u00f3n de presi\u00f3n<\/p>\n<p>Con las mejores mediciones y la m\u00e1s alta precisi\u00f3n, los man\u00f3metros de comprobaci\u00f3n de precisi\u00f3n 700G de Fluke han sido dise\u00f1ados para satisfacer todas sus necesidades de calibraci\u00f3n de la presi\u00f3n. Los man\u00f3metros de comprobaci\u00f3n de precisi\u00f3n 700G de Fluke son resistentes y f\u00e1ciles de utilizar, con veintitr\u00e9s modelos que van desde \u00b110 pulg. de H2O\/20 mbar a 10.000 psi\/690 bar, incluyendo gamas de presi\u00f3n absoluta. En combinaci\u00f3n con los kits 700PTPK o 700HTPK de Fluke, ofrece una completa soluci\u00f3n de comprobaci\u00f3n de la presi\u00f3n de hasta 600 psi (40 bares) con la bomba neum\u00e1tica PTP-1 y hasta 10.000 psi (690 bares) con la bomba hidr\u00e1ulica HTP-2.<\/p>\n","protected":false},"excerpt":{"rendered":"<p>Mediciones precisas de la presi\u00f3n desde \u00b110 pulg. de H2O\/20 milibares a 10.000 psi\/690 bares<\/p>\n<p>Mediciones de presi\u00f3n absoluta de 15, 30, 100, 300 psia<\/p>\n<p>Precisi\u00f3n hasta 0,05 % de fondo de escala<\/p>\n<p>Precisi\u00f3n del man\u00f3metro de referencia del 0,04% de lectura<\/p>\n<p>Dise\u00f1o de f\u00e1cil manejo y resistente para un rendimiento fiable<\/p>\n<p>CSA clase I, divisi\u00f3n 2 grupos de clasificaci\u00f3n A-D<\/p>\n<p>Clasificaci\u00f3n ATEX: II 3 G Ex nA IIB T6<\/p>\n<p>En combinaci\u00f3n con los kits de bombas 700PTPK o 700HTPK, ofrece una completa soluci\u00f3n de comprobaci\u00f3n de la presi\u00f3n de hasta 600 psi (40 bares) con la bomba neum\u00e1tica PTP-1 y hasta 10.000 psi (690 bares) con la bomba hidr\u00e1ulica HTP-2<\/p>\n<p>Registre hasta 8.493 mediciones de presi\u00f3n en la memoria (requiere el software 700G\/TRACK)<\/p>\n<p>Tres a\u00f1os de garant\u00eda<\/p>\n<p>Kit de bomba neum\u00e1tica de prueba 700PTPK de Fluke<\/p>\n<p>En combinaci\u00f3n con cualquier man\u00f3metro de la serie 700G de Fluke de 1.000 psi (69 bares) o inferior, ofrece un completo kit de comprobaci\u00f3n de la presi\u00f3n<\/p>\n<p>Genere una presi\u00f3n de hasta 600 psi\/40 bares con la bomba de prueba 700PTP-1<\/p>\n<p>Conecte el man\u00f3metro de la serie 700G directamente a la bomba manual PTP-1 incluida<\/p>\n<p>Incluye tubos y adaptadores para la conexi\u00f3n con el dispositivo de presi\u00f3n objeto de prueba<\/p>\n<p>El malet\u00edn r\u00edgido protege la bomba y el man\u00f3metro, y permite a este \u00faltimo permanecer conectado a la bomba<\/p>\n<p>Kit de bomba hidr\u00e1ulica de prueba 700HTPK de Fluke<\/p>\n<p>En combinaci\u00f3n con cualquier man\u00f3metro de la serie 700G de Fluke de 1.000 psi (69 bares) o superior, ofrece un completo kit de comprobaci\u00f3n de la presi\u00f3n<\/p>\n<p>Genere una presi\u00f3n de hasta 10.000 psi\/690 bares con la bomba de prueba 700HTP-2 incluida<\/p>\n<p>Conecte el man\u00f3metro de la serie 700G directamente a la bomba manual HTP-2<\/p>\n<p>Incluye un kit de tubos y adaptadores 700HTH-1 para la conexi\u00f3n con el dispositivo de presi\u00f3n objeto de prueba<\/p>\n<p>El malet\u00edn r\u00edgido protege la bomba y el man\u00f3metro, y permite a este \u00faltimo permanecer conectado a la bomba<\/p>\n<p>Software de registro 700G\/TRACK<\/p>\n<p>Se utiliza con los man\u00f3metros de la serie 700G para registrar datos en tiempo real en un PC<\/p>\n<p>Descargue configuraciones de registro en los man\u00f3metros de la serie 700G para un evento de registro remoto<\/p>\n<p>Configure la velocidad de lectura, la duraci\u00f3n y las unidades de medida de los eventos de registro<\/p>\n<p>Cargue mediciones registradas de forma remota y visualice o exporte mediciones<\/p>\n<p>Incluye cable de comunicaciones para permitir la conexi\u00f3n a un PC<\/p>\n","protected":false},"featured_media":8818,"template":"","meta":{"_acf_changed":false},"pwb-brand":[31],"product_brand":[],"product_cat":[366,195,135,30,193],"product_tag":[],"class_list":{"0":"post-8110","1":"product","2":"type-product","3":"status-publish","4":"has-post-thumbnail","6":"pwb-brand-fluke","7":"product_cat-todos-los-productos","8":"product_cat-calibradores-de-presion-herramientas-de-calibracion","9":"product_cat-calibradores-de-presion","10":"product_cat-fluke","11":"product_cat-herramientas-de-calibracion","13":"first","14":"instock","15":"taxable","16":"shipping-taxable","17":"product-type-simple"},"acf":[],"yoast_head":"<!-- This site is optimized with the Yoast SEO plugin v27.5 - https:\/\/yoast.com\/product\/yoast-seo-wordpress\/ -->\n<title>Man\u00f3metros de comprobaci\u00f3n de precisi\u00f3n 700G de Fluke - Techmaster de Mexico<\/title>\n<meta name=\"robots\" content=\"index, follow, max-snippet:-1, max-image-preview:large, max-video-preview:-1\" \/>\n<link rel=\"canonical\" href=\"https:\/\/techmasterdemexico.com\/producto\/manometros-de-comprobacion-de-precision-700g-de-fluke\/\" \/>\n<meta property=\"og:locale\" content=\"en_US\" \/>\n<meta property=\"og:type\" content=\"article\" \/>\n<meta property=\"og:title\" content=\"Man\u00f3metros de comprobaci\u00f3n de precisi\u00f3n 700G de Fluke - Techmaster de Mexico\" \/>\n<meta property=\"og:description\" content=\"Mediciones precisas de la presi\u00f3n desde \u00b110 pulg. de H2O\/20 milibares a 10.000 psi\/690 bares  Mediciones de presi\u00f3n absoluta de 15, 30, 100, 300 psia  Precisi\u00f3n hasta 0,05 % de fondo de escala  Precisi\u00f3n del man\u00f3metro de referencia del 0,04% de lectura  Dise\u00f1o de f\u00e1cil manejo y resistente para un rendimiento fiable  CSA clase I, divisi\u00f3n 2 grupos de clasificaci\u00f3n A-D  Clasificaci\u00f3n ATEX: II 3 G Ex nA IIB T6  En combinaci\u00f3n con los kits de bombas 700PTPK o 700HTPK, ofrece una completa soluci\u00f3n de comprobaci\u00f3n de la presi\u00f3n de hasta 600 psi (40 bares) con la bomba neum\u00e1tica PTP-1 y hasta 10.000 psi (690 bares) con la bomba hidr\u00e1ulica HTP-2  Registre hasta 8.493 mediciones de presi\u00f3n en la memoria (requiere el software 700G\/TRACK)  Tres a\u00f1os de garant\u00eda  Kit de bomba neum\u00e1tica de prueba 700PTPK de Fluke   En combinaci\u00f3n con cualquier man\u00f3metro de la serie 700G de Fluke de 1.000 psi (69 bares) o inferior, ofrece un completo kit de comprobaci\u00f3n de la presi\u00f3n  Genere una presi\u00f3n de hasta 600 psi\/40 bares con la bomba de prueba 700PTP-1  Conecte el man\u00f3metro de la serie 700G directamente a la bomba manual PTP-1 incluida  Incluye tubos y adaptadores para la conexi\u00f3n con el dispositivo de presi\u00f3n objeto de prueba  El malet\u00edn r\u00edgido protege la bomba y el man\u00f3metro, y permite a este \u00faltimo permanecer conectado a la bomba  Kit de bomba hidr\u00e1ulica de prueba 700HTPK de Fluke   En combinaci\u00f3n con cualquier man\u00f3metro de la serie 700G de Fluke de 1.000 psi (69 bares) o superior, ofrece un completo kit de comprobaci\u00f3n de la presi\u00f3n  Genere una presi\u00f3n de hasta 10.000 psi\/690 bares con la bomba de prueba 700HTP-2 incluida  Conecte el man\u00f3metro de la serie 700G directamente a la bomba manual HTP-2  Incluye un kit de tubos y adaptadores 700HTH-1 para la conexi\u00f3n con el dispositivo de presi\u00f3n objeto de prueba  El malet\u00edn r\u00edgido protege la bomba y el man\u00f3metro, y permite a este \u00faltimo permanecer conectado a la bomba  Software de registro 700G\/TRACK   Se utiliza con los man\u00f3metros de la serie 700G para registrar datos en tiempo real en un PC  Descargue configuraciones de registro en los man\u00f3metros de la serie 700G para un evento de registro remoto  Configure la velocidad de lectura, la duraci\u00f3n y las unidades de medida de los eventos de registro  Cargue mediciones registradas de forma remota y visualice o exporte mediciones  Incluye cable de comunicaciones para permitir la conexi\u00f3n a un PC\" \/>\n<meta property=\"og:url\" content=\"https:\/\/techmasterdemexico.com\/producto\/manometros-de-comprobacion-de-precision-700g-de-fluke\/\" \/>\n<meta property=\"og:site_name\" content=\"Techmaster de Mexico\" \/>\n<meta property=\"article:modified_time\" content=\"2021-12-28T22:22:12+00:00\" \/>\n<meta property=\"og:image\" content=\"https:\/\/techmasterdemexico.com\/wp-content\/uploads\/2021\/08\/700g-1500x1000-1.jpg\" \/>\n\t<meta property=\"og:image:width\" content=\"500\" \/>\n\t<meta property=\"og:image:height\" content=\"500\" \/>\n\t<meta property=\"og:image:type\" content=\"image\/jpeg\" \/>\n<meta name=\"twitter:card\" content=\"summary_large_image\" \/>\n<meta name=\"twitter:label1\" content=\"Est. reading time\" \/>\n\t<meta name=\"twitter:data1\" content=\"1 minute\" \/>\n<script type=\"application\/ld+json\" class=\"yoast-schema-graph\">{\"@context\":\"https:\\\/\\\/schema.org\",\"@graph\":[{\"@type\":\"WebPage\",\"@id\":\"https:\\\/\\\/techmasterdemexico.com\\\/producto\\\/manometros-de-comprobacion-de-precision-700g-de-fluke\\\/\",\"url\":\"https:\\\/\\\/techmasterdemexico.com\\\/producto\\\/manometros-de-comprobacion-de-precision-700g-de-fluke\\\/\",\"name\":\"Man\u00f3metros de comprobaci\u00f3n de precisi\u00f3n 700G de Fluke - Techmaster de Mexico\",\"isPartOf\":{\"@id\":\"https:\\\/\\\/techmasterdemexico.com\\\/#website\"},\"primaryImageOfPage\":{\"@id\":\"https:\\\/\\\/techmasterdemexico.com\\\/producto\\\/manometros-de-comprobacion-de-precision-700g-de-fluke\\\/#primaryimage\"},\"image\":{\"@id\":\"https:\\\/\\\/techmasterdemexico.com\\\/producto\\\/manometros-de-comprobacion-de-precision-700g-de-fluke\\\/#primaryimage\"},\"thumbnailUrl\":\"https:\\\/\\\/techmasterdemexico.com\\\/wp-content\\\/uploads\\\/2021\\\/08\\\/700g-1500x1000-1.jpg\",\"datePublished\":\"2021-08-19T17:42:53+00:00\",\"dateModified\":\"2021-12-28T22:22:12+00:00\",\"breadcrumb\":{\"@id\":\"https:\\\/\\\/techmasterdemexico.com\\\/producto\\\/manometros-de-comprobacion-de-precision-700g-de-fluke\\\/#breadcrumb\"},\"inLanguage\":\"en-US\",\"potentialAction\":[{\"@type\":\"ReadAction\",\"target\":[\"https:\\\/\\\/techmasterdemexico.com\\\/producto\\\/manometros-de-comprobacion-de-precision-700g-de-fluke\\\/\"]}]},{\"@type\":\"ImageObject\",\"inLanguage\":\"en-US\",\"@id\":\"https:\\\/\\\/techmasterdemexico.com\\\/producto\\\/manometros-de-comprobacion-de-precision-700g-de-fluke\\\/#primaryimage\",\"url\":\"https:\\\/\\\/techmasterdemexico.com\\\/wp-content\\\/uploads\\\/2021\\\/08\\\/700g-1500x1000-1.jpg\",\"contentUrl\":\"https:\\\/\\\/techmasterdemexico.com\\\/wp-content\\\/uploads\\\/2021\\\/08\\\/700g-1500x1000-1.jpg\",\"width\":500,\"height\":500},{\"@type\":\"BreadcrumbList\",\"@id\":\"https:\\\/\\\/techmasterdemexico.com\\\/producto\\\/manometros-de-comprobacion-de-precision-700g-de-fluke\\\/#breadcrumb\",\"itemListElement\":[{\"@type\":\"ListItem\",\"position\":1,\"name\":\"Portada\",\"item\":\"https:\\\/\\\/techmasterdemexico.com\\\/\"},{\"@type\":\"ListItem\",\"position\":2,\"name\":\"Man\u00f3metros de comprobaci\u00f3n de precisi\u00f3n 700G de Fluke\"}]},{\"@type\":\"WebSite\",\"@id\":\"https:\\\/\\\/techmasterdemexico.com\\\/#website\",\"url\":\"https:\\\/\\\/techmasterdemexico.com\\\/\",\"name\":\"Techmaster de Mexico\",\"description\":\"\",\"potentialAction\":[{\"@type\":\"SearchAction\",\"target\":{\"@type\":\"EntryPoint\",\"urlTemplate\":\"https:\\\/\\\/techmasterdemexico.com\\\/?s={search_term_string}\"},\"query-input\":{\"@type\":\"PropertyValueSpecification\",\"valueRequired\":true,\"valueName\":\"search_term_string\"}}],\"inLanguage\":\"en-US\"}]}<\/script>\n<!-- \/ Yoast SEO plugin. -->","yoast_head_json":{"title":"Man\u00f3metros de comprobaci\u00f3n de precisi\u00f3n 700G de Fluke - Techmaster de Mexico","robots":{"index":"index","follow":"follow","max-snippet":"max-snippet:-1","max-image-preview":"max-image-preview:large","max-video-preview":"max-video-preview:-1"},"canonical":"https:\/\/techmasterdemexico.com\/producto\/manometros-de-comprobacion-de-precision-700g-de-fluke\/","og_locale":"en_US","og_type":"article","og_title":"Man\u00f3metros de comprobaci\u00f3n de precisi\u00f3n 700G de Fluke - Techmaster de Mexico","og_description":"Mediciones precisas de la presi\u00f3n desde \u00b110 pulg. de H2O\/20 milibares a 10.000 psi\/690 bares  Mediciones de presi\u00f3n absoluta de 15, 30, 100, 300 psia  Precisi\u00f3n hasta 0,05 % de fondo de escala  Precisi\u00f3n del man\u00f3metro de referencia del 0,04% de lectura  Dise\u00f1o de f\u00e1cil manejo y resistente para un rendimiento fiable  CSA clase I, divisi\u00f3n 2 grupos de clasificaci\u00f3n A-D  Clasificaci\u00f3n ATEX: II 3 G Ex nA IIB T6  En combinaci\u00f3n con los kits de bombas 700PTPK o 700HTPK, ofrece una completa soluci\u00f3n de comprobaci\u00f3n de la presi\u00f3n de hasta 600 psi (40 bares) con la bomba neum\u00e1tica PTP-1 y hasta 10.000 psi (690 bares) con la bomba hidr\u00e1ulica HTP-2  Registre hasta 8.493 mediciones de presi\u00f3n en la memoria (requiere el software 700G\/TRACK)  Tres a\u00f1os de garant\u00eda  Kit de bomba neum\u00e1tica de prueba 700PTPK de Fluke   En combinaci\u00f3n con cualquier man\u00f3metro de la serie 700G de Fluke de 1.000 psi (69 bares) o inferior, ofrece un completo kit de comprobaci\u00f3n de la presi\u00f3n  Genere una presi\u00f3n de hasta 600 psi\/40 bares con la bomba de prueba 700PTP-1  Conecte el man\u00f3metro de la serie 700G directamente a la bomba manual PTP-1 incluida  Incluye tubos y adaptadores para la conexi\u00f3n con el dispositivo de presi\u00f3n objeto de prueba  El malet\u00edn r\u00edgido protege la bomba y el man\u00f3metro, y permite a este \u00faltimo permanecer conectado a la bomba  Kit de bomba hidr\u00e1ulica de prueba 700HTPK de Fluke   En combinaci\u00f3n con cualquier man\u00f3metro de la serie 700G de Fluke de 1.000 psi (69 bares) o superior, ofrece un completo kit de comprobaci\u00f3n de la presi\u00f3n  Genere una presi\u00f3n de hasta 10.000 psi\/690 bares con la bomba de prueba 700HTP-2 incluida  Conecte el man\u00f3metro de la serie 700G directamente a la bomba manual HTP-2  Incluye un kit de tubos y adaptadores 700HTH-1 para la conexi\u00f3n con el dispositivo de presi\u00f3n objeto de prueba  El malet\u00edn r\u00edgido protege la bomba y el man\u00f3metro, y permite a este \u00faltimo permanecer conectado a la bomba  Software de registro 700G\/TRACK   Se utiliza con los man\u00f3metros de la serie 700G para registrar datos en tiempo real en un PC  Descargue configuraciones de registro en los man\u00f3metros de la serie 700G para un evento de registro remoto  Configure la velocidad de lectura, la duraci\u00f3n y las unidades de medida de los eventos de registro  Cargue mediciones registradas de forma remota y visualice o exporte mediciones  Incluye cable de comunicaciones para permitir la conexi\u00f3n a un PC","og_url":"https:\/\/techmasterdemexico.com\/producto\/manometros-de-comprobacion-de-precision-700g-de-fluke\/","og_site_name":"Techmaster de Mexico","article_modified_time":"2021-12-28T22:22:12+00:00","og_image":[{"width":500,"height":500,"url":"https:\/\/techmasterdemexico.com\/wp-content\/uploads\/2021\/08\/700g-1500x1000-1.jpg","type":"image\/jpeg"}],"twitter_card":"summary_large_image","twitter_misc":{"Est. reading time":"1 minute"},"schema":{"@context":"https:\/\/schema.org","@graph":[{"@type":"WebPage","@id":"https:\/\/techmasterdemexico.com\/producto\/manometros-de-comprobacion-de-precision-700g-de-fluke\/","url":"https:\/\/techmasterdemexico.com\/producto\/manometros-de-comprobacion-de-precision-700g-de-fluke\/","name":"Man\u00f3metros de comprobaci\u00f3n de precisi\u00f3n 700G de Fluke - Techmaster de Mexico","isPartOf":{"@id":"https:\/\/techmasterdemexico.com\/#website"},"primaryImageOfPage":{"@id":"https:\/\/techmasterdemexico.com\/producto\/manometros-de-comprobacion-de-precision-700g-de-fluke\/#primaryimage"},"image":{"@id":"https:\/\/techmasterdemexico.com\/producto\/manometros-de-comprobacion-de-precision-700g-de-fluke\/#primaryimage"},"thumbnailUrl":"https:\/\/techmasterdemexico.com\/wp-content\/uploads\/2021\/08\/700g-1500x1000-1.jpg","datePublished":"2021-08-19T17:42:53+00:00","dateModified":"2021-12-28T22:22:12+00:00","breadcrumb":{"@id":"https:\/\/techmasterdemexico.com\/producto\/manometros-de-comprobacion-de-precision-700g-de-fluke\/#breadcrumb"},"inLanguage":"en-US","potentialAction":[{"@type":"ReadAction","target":["https:\/\/techmasterdemexico.com\/producto\/manometros-de-comprobacion-de-precision-700g-de-fluke\/"]}]},{"@type":"ImageObject","inLanguage":"en-US","@id":"https:\/\/techmasterdemexico.com\/producto\/manometros-de-comprobacion-de-precision-700g-de-fluke\/#primaryimage","url":"https:\/\/techmasterdemexico.com\/wp-content\/uploads\/2021\/08\/700g-1500x1000-1.jpg","contentUrl":"https:\/\/techmasterdemexico.com\/wp-content\/uploads\/2021\/08\/700g-1500x1000-1.jpg","width":500,"height":500},{"@type":"BreadcrumbList","@id":"https:\/\/techmasterdemexico.com\/producto\/manometros-de-comprobacion-de-precision-700g-de-fluke\/#breadcrumb","itemListElement":[{"@type":"ListItem","position":1,"name":"Portada","item":"https:\/\/techmasterdemexico.com\/"},{"@type":"ListItem","position":2,"name":"Man\u00f3metros de comprobaci\u00f3n de precisi\u00f3n 700G de Fluke"}]},{"@type":"WebSite","@id":"https:\/\/techmasterdemexico.com\/#website","url":"https:\/\/techmasterdemexico.com\/","name":"Techmaster de Mexico","description":"","potentialAction":[{"@type":"SearchAction","target":{"@type":"EntryPoint","urlTemplate":"https:\/\/techmasterdemexico.com\/?s={search_term_string}"},"query-input":{"@type":"PropertyValueSpecification","valueRequired":true,"valueName":"search_term_string"}}],"inLanguage":"en-US"}]}},"brands":[{"id":31,"name":"Fluke","slug":"fluke"}],"_links":{"self":[{"href":"https:\/\/techmasterdemexico.com\/en\/wp-json\/wp\/v2\/product\/8110","targetHints":{"allow":["GET"]}}],"collection":[{"href":"https:\/\/techmasterdemexico.com\/en\/wp-json\/wp\/v2\/product"}],"about":[{"href":"https:\/\/techmasterdemexico.com\/en\/wp-json\/wp\/v2\/types\/product"}],"wp:featuredmedia":[{"embeddable":true,"href":"https:\/\/techmasterdemexico.com\/en\/wp-json\/wp\/v2\/media\/8818"}],"wp:attachment":[{"href":"https:\/\/techmasterdemexico.com\/en\/wp-json\/wp\/v2\/media?parent=8110"}],"wp:term":[{"taxonomy":"pwb-brand","embeddable":true,"href":"https:\/\/techmasterdemexico.com\/en\/wp-json\/wp\/v2\/pwb-brand?post=8110"},{"taxonomy":"product_brand","embeddable":true,"href":"https:\/\/techmasterdemexico.com\/en\/wp-json\/wp\/v2\/product_brand?post=8110"},{"taxonomy":"product_cat","embeddable":true,"href":"https:\/\/techmasterdemexico.com\/en\/wp-json\/wp\/v2\/product_cat?post=8110"},{"taxonomy":"product_tag","embeddable":true,"href":"https:\/\/techmasterdemexico.com\/en\/wp-json\/wp\/v2\/product_tag?post=8110"}],"curies":[{"name":"wp","href":"https:\/\/api.w.org\/{rel}","templated":true}]}}