{"id":8109,"date":"2021-08-19T17:42:53","date_gmt":"2021-08-19T17:42:53","guid":{"rendered":"http:\/\/techmastermx.ddns.net\/producto\/calibrador-de-presion-de-precision-fluke-721\/"},"modified":"2021-12-28T22:22:11","modified_gmt":"2021-12-28T22:22:11","slug":"calibrador-de-presion-de-precision-fluke-721","status":"publish","type":"product","link":"https:\/\/techmasterdemexico.com\/en\/producto\/calibrador-de-presion-de-precision-fluke-721\/","title":{"rendered":"Calibrador de presi\u00f3n de precisi\u00f3n Fluke 721"},"content":{"rendered":"<p>Calibraci\u00f3n de presi\u00f3n y medici\u00f3n de temperatura para aplicaciones de transferencia de custodia<\/p>\n<p>El Calibrador de presi\u00f3n de precisi\u00f3n Fluke 721 es la herramienta ideal para aplicaciones de transferencia de custodia de gas. Con dos sensores de presi\u00f3n aislados, permite tomar mediciones de presi\u00f3n diferencial y est\u00e1tica de forma simult\u00e1nea con una \u00fanica herramienta.<\/p>\n","protected":false},"excerpt":{"rendered":"<p>El 721 puede configurarse al seleccionar un sensor de presi\u00f3n baja de 16 PSI (1.1 bar) y 36 psi (2.48 bar) y, a continuaci\u00f3n, agregar cualquiera de los 7 rangos de presi\u00f3n alta, incluyendo 100, 300, 500, 1000, 1500, 3000 o 5000 psi (6.9, 20, 24.5, 69, 103.4, 200, 345 bar).<\/p>\n<p>Ideal para aplicaciones (de transferencia de custodia) de calibraci\u00f3n de flujo de gas<\/p>\n<p>Dos sensores de presi\u00f3n aislados de acero inoxidable, con precisi\u00f3n de 0.025 %<\/p>\n<p>Entrada Pt100 RTD para mediciones de temperatura, (sonda optativa)<\/p>\n<p>Mediciones de se\u00f1ales de 4 a 20 mA<\/p>\n<p>La alimentaci\u00f3n el\u00e9ctrica de lazo interna de 24 V puede energizar un transmisor bajo prueba<\/p>\n<p>Medici\u00f3n de hasta 30 V CC, verifica la alimentaci\u00f3n el\u00e9ctrica de lazo de 24 V<\/p>\n<p>Extensi\u00f3n del rango de medida de presi\u00f3n con conexi\u00f3n a los m\u00f3dulos de presi\u00f3n de la serie 700 externos (29 rangos)<\/p>\n<p>La gran pantalla gr\u00e1fica retroiluminada puede mostrar hasta tres entradas simult\u00e1neamente<\/p>\n<p>Almacenamiento de cinco configuraciones de instrumentos para la recuperaci\u00f3n y el uso<\/p>\n","protected":false},"featured_media":8817,"template":"","meta":{"_acf_changed":false},"pwb-brand":[31],"product_brand":[],"product_cat":[366,135,195,30,193],"product_tag":[],"class_list":{"0":"post-8109","1":"product","2":"type-product","3":"status-publish","4":"has-post-thumbnail","6":"pwb-brand-fluke","7":"product_cat-todos-los-productos","8":"product_cat-calibradores-de-presion","9":"product_cat-calibradores-de-presion-herramientas-de-calibracion","10":"product_cat-fluke","11":"product_cat-herramientas-de-calibracion","13":"first","14":"instock","15":"taxable","16":"shipping-taxable","17":"product-type-simple"},"acf":[],"yoast_head":"<!-- This site is optimized with the Yoast SEO plugin v27.4 - https:\/\/yoast.com\/product\/yoast-seo-wordpress\/ -->\n<title>Calibrador de presi\u00f3n de precisi\u00f3n Fluke 721 - Techmaster de Mexico<\/title>\n<meta name=\"robots\" content=\"index, follow, max-snippet:-1, max-image-preview:large, max-video-preview:-1\" \/>\n<link rel=\"canonical\" href=\"https:\/\/techmasterdemexico.com\/producto\/calibrador-de-presion-de-precision-fluke-721\/\" \/>\n<meta property=\"og:locale\" content=\"en_US\" \/>\n<meta property=\"og:type\" content=\"article\" \/>\n<meta property=\"og:title\" content=\"Calibrador de presi\u00f3n de precisi\u00f3n Fluke 721 - Techmaster de Mexico\" \/>\n<meta property=\"og:description\" content=\"El 721 puede configurarse al seleccionar un sensor de presi\u00f3n baja de 16 PSI (1.1 bar) y 36 psi (2.48 bar) y, a continuaci\u00f3n, agregar cualquiera de los 7 rangos de presi\u00f3n alta, incluyendo 100, 300, 500, 1000, 1500, 3000 o 5000 psi (6.9, 20, 24.5, 69, 103.4, 200, 345 bar).   Ideal para aplicaciones (de transferencia de custodia) de calibraci\u00f3n de flujo de gas  Dos sensores de presi\u00f3n aislados de acero inoxidable, con precisi\u00f3n de 0.025 %  Entrada Pt100 RTD para mediciones de temperatura, (sonda optativa)  Mediciones de se\u00f1ales de 4 a 20 mA  La alimentaci\u00f3n el\u00e9ctrica de lazo interna de 24 V puede energizar un transmisor bajo prueba  Medici\u00f3n de hasta 30 V CC, verifica la alimentaci\u00f3n el\u00e9ctrica de lazo de 24 V  Extensi\u00f3n del rango de medida de presi\u00f3n con conexi\u00f3n a los m\u00f3dulos de presi\u00f3n de la serie 700 externos (29 rangos)  La gran pantalla gr\u00e1fica retroiluminada puede mostrar hasta tres entradas simult\u00e1neamente  Almacenamiento de cinco configuraciones de instrumentos para la recuperaci\u00f3n y el uso\" \/>\n<meta property=\"og:url\" content=\"https:\/\/techmasterdemexico.com\/producto\/calibrador-de-presion-de-precision-fluke-721\/\" \/>\n<meta property=\"og:site_name\" content=\"Techmaster de Mexico\" \/>\n<meta property=\"article:modified_time\" content=\"2021-12-28T22:22:11+00:00\" \/>\n<meta property=\"og:image\" content=\"https:\/\/techmasterdemexico.com\/wp-content\/uploads\/2021\/08\/F_721_01b_h_1500x1000_1.png\" \/>\n\t<meta property=\"og:image:width\" content=\"819\" \/>\n\t<meta property=\"og:image:height\" content=\"820\" \/>\n\t<meta property=\"og:image:type\" content=\"image\/png\" \/>\n<meta name=\"twitter:card\" content=\"summary_large_image\" \/>\n<script type=\"application\/ld+json\" class=\"yoast-schema-graph\">{\"@context\":\"https:\\\/\\\/schema.org\",\"@graph\":[{\"@type\":\"WebPage\",\"@id\":\"https:\\\/\\\/techmasterdemexico.com\\\/producto\\\/calibrador-de-presion-de-precision-fluke-721\\\/\",\"url\":\"https:\\\/\\\/techmasterdemexico.com\\\/producto\\\/calibrador-de-presion-de-precision-fluke-721\\\/\",\"name\":\"Calibrador de presi\u00f3n de precisi\u00f3n Fluke 721 - Techmaster de Mexico\",\"isPartOf\":{\"@id\":\"https:\\\/\\\/techmasterdemexico.com\\\/#website\"},\"primaryImageOfPage\":{\"@id\":\"https:\\\/\\\/techmasterdemexico.com\\\/producto\\\/calibrador-de-presion-de-precision-fluke-721\\\/#primaryimage\"},\"image\":{\"@id\":\"https:\\\/\\\/techmasterdemexico.com\\\/producto\\\/calibrador-de-presion-de-precision-fluke-721\\\/#primaryimage\"},\"thumbnailUrl\":\"https:\\\/\\\/techmasterdemexico.com\\\/wp-content\\\/uploads\\\/2021\\\/08\\\/F_721_01b_h_1500x1000_1.png\",\"datePublished\":\"2021-08-19T17:42:53+00:00\",\"dateModified\":\"2021-12-28T22:22:11+00:00\",\"breadcrumb\":{\"@id\":\"https:\\\/\\\/techmasterdemexico.com\\\/producto\\\/calibrador-de-presion-de-precision-fluke-721\\\/#breadcrumb\"},\"inLanguage\":\"en-US\",\"potentialAction\":[{\"@type\":\"ReadAction\",\"target\":[\"https:\\\/\\\/techmasterdemexico.com\\\/producto\\\/calibrador-de-presion-de-precision-fluke-721\\\/\"]}]},{\"@type\":\"ImageObject\",\"inLanguage\":\"en-US\",\"@id\":\"https:\\\/\\\/techmasterdemexico.com\\\/producto\\\/calibrador-de-presion-de-precision-fluke-721\\\/#primaryimage\",\"url\":\"https:\\\/\\\/techmasterdemexico.com\\\/wp-content\\\/uploads\\\/2021\\\/08\\\/F_721_01b_h_1500x1000_1.png\",\"contentUrl\":\"https:\\\/\\\/techmasterdemexico.com\\\/wp-content\\\/uploads\\\/2021\\\/08\\\/F_721_01b_h_1500x1000_1.png\",\"width\":819,\"height\":820},{\"@type\":\"BreadcrumbList\",\"@id\":\"https:\\\/\\\/techmasterdemexico.com\\\/producto\\\/calibrador-de-presion-de-precision-fluke-721\\\/#breadcrumb\",\"itemListElement\":[{\"@type\":\"ListItem\",\"position\":1,\"name\":\"Portada\",\"item\":\"https:\\\/\\\/techmasterdemexico.com\\\/\"},{\"@type\":\"ListItem\",\"position\":2,\"name\":\"Calibrador de presi\u00f3n de precisi\u00f3n Fluke 721\"}]},{\"@type\":\"WebSite\",\"@id\":\"https:\\\/\\\/techmasterdemexico.com\\\/#website\",\"url\":\"https:\\\/\\\/techmasterdemexico.com\\\/\",\"name\":\"Techmaster de Mexico\",\"description\":\"\",\"potentialAction\":[{\"@type\":\"SearchAction\",\"target\":{\"@type\":\"EntryPoint\",\"urlTemplate\":\"https:\\\/\\\/techmasterdemexico.com\\\/?s={search_term_string}\"},\"query-input\":{\"@type\":\"PropertyValueSpecification\",\"valueRequired\":true,\"valueName\":\"search_term_string\"}}],\"inLanguage\":\"en-US\"}]}<\/script>\n<!-- \/ Yoast SEO plugin. -->","yoast_head_json":{"title":"Calibrador de presi\u00f3n de precisi\u00f3n Fluke 721 - Techmaster de Mexico","robots":{"index":"index","follow":"follow","max-snippet":"max-snippet:-1","max-image-preview":"max-image-preview:large","max-video-preview":"max-video-preview:-1"},"canonical":"https:\/\/techmasterdemexico.com\/producto\/calibrador-de-presion-de-precision-fluke-721\/","og_locale":"en_US","og_type":"article","og_title":"Calibrador de presi\u00f3n de precisi\u00f3n Fluke 721 - Techmaster de Mexico","og_description":"El 721 puede configurarse al seleccionar un sensor de presi\u00f3n baja de 16 PSI (1.1 bar) y 36 psi (2.48 bar) y, a continuaci\u00f3n, agregar cualquiera de los 7 rangos de presi\u00f3n alta, incluyendo 100, 300, 500, 1000, 1500, 3000 o 5000 psi (6.9, 20, 24.5, 69, 103.4, 200, 345 bar).   Ideal para aplicaciones (de transferencia de custodia) de calibraci\u00f3n de flujo de gas  Dos sensores de presi\u00f3n aislados de acero inoxidable, con precisi\u00f3n de 0.025 %  Entrada Pt100 RTD para mediciones de temperatura, (sonda optativa)  Mediciones de se\u00f1ales de 4 a 20 mA  La alimentaci\u00f3n el\u00e9ctrica de lazo interna de 24 V puede energizar un transmisor bajo prueba  Medici\u00f3n de hasta 30 V CC, verifica la alimentaci\u00f3n el\u00e9ctrica de lazo de 24 V  Extensi\u00f3n del rango de medida de presi\u00f3n con conexi\u00f3n a los m\u00f3dulos de presi\u00f3n de la serie 700 externos (29 rangos)  La gran pantalla gr\u00e1fica retroiluminada puede mostrar hasta tres entradas simult\u00e1neamente  Almacenamiento de cinco configuraciones de instrumentos para la recuperaci\u00f3n y el uso","og_url":"https:\/\/techmasterdemexico.com\/producto\/calibrador-de-presion-de-precision-fluke-721\/","og_site_name":"Techmaster de Mexico","article_modified_time":"2021-12-28T22:22:11+00:00","og_image":[{"width":819,"height":820,"url":"https:\/\/techmasterdemexico.com\/wp-content\/uploads\/2021\/08\/F_721_01b_h_1500x1000_1.png","type":"image\/png"}],"twitter_card":"summary_large_image","schema":{"@context":"https:\/\/schema.org","@graph":[{"@type":"WebPage","@id":"https:\/\/techmasterdemexico.com\/producto\/calibrador-de-presion-de-precision-fluke-721\/","url":"https:\/\/techmasterdemexico.com\/producto\/calibrador-de-presion-de-precision-fluke-721\/","name":"Calibrador de presi\u00f3n de precisi\u00f3n Fluke 721 - Techmaster de Mexico","isPartOf":{"@id":"https:\/\/techmasterdemexico.com\/#website"},"primaryImageOfPage":{"@id":"https:\/\/techmasterdemexico.com\/producto\/calibrador-de-presion-de-precision-fluke-721\/#primaryimage"},"image":{"@id":"https:\/\/techmasterdemexico.com\/producto\/calibrador-de-presion-de-precision-fluke-721\/#primaryimage"},"thumbnailUrl":"https:\/\/techmasterdemexico.com\/wp-content\/uploads\/2021\/08\/F_721_01b_h_1500x1000_1.png","datePublished":"2021-08-19T17:42:53+00:00","dateModified":"2021-12-28T22:22:11+00:00","breadcrumb":{"@id":"https:\/\/techmasterdemexico.com\/producto\/calibrador-de-presion-de-precision-fluke-721\/#breadcrumb"},"inLanguage":"en-US","potentialAction":[{"@type":"ReadAction","target":["https:\/\/techmasterdemexico.com\/producto\/calibrador-de-presion-de-precision-fluke-721\/"]}]},{"@type":"ImageObject","inLanguage":"en-US","@id":"https:\/\/techmasterdemexico.com\/producto\/calibrador-de-presion-de-precision-fluke-721\/#primaryimage","url":"https:\/\/techmasterdemexico.com\/wp-content\/uploads\/2021\/08\/F_721_01b_h_1500x1000_1.png","contentUrl":"https:\/\/techmasterdemexico.com\/wp-content\/uploads\/2021\/08\/F_721_01b_h_1500x1000_1.png","width":819,"height":820},{"@type":"BreadcrumbList","@id":"https:\/\/techmasterdemexico.com\/producto\/calibrador-de-presion-de-precision-fluke-721\/#breadcrumb","itemListElement":[{"@type":"ListItem","position":1,"name":"Portada","item":"https:\/\/techmasterdemexico.com\/"},{"@type":"ListItem","position":2,"name":"Calibrador de presi\u00f3n de precisi\u00f3n Fluke 721"}]},{"@type":"WebSite","@id":"https:\/\/techmasterdemexico.com\/#website","url":"https:\/\/techmasterdemexico.com\/","name":"Techmaster de Mexico","description":"","potentialAction":[{"@type":"SearchAction","target":{"@type":"EntryPoint","urlTemplate":"https:\/\/techmasterdemexico.com\/?s={search_term_string}"},"query-input":{"@type":"PropertyValueSpecification","valueRequired":true,"valueName":"search_term_string"}}],"inLanguage":"en-US"}]}},"brands":[{"id":31,"name":"Fluke","slug":"fluke"}],"_links":{"self":[{"href":"https:\/\/techmasterdemexico.com\/en\/wp-json\/wp\/v2\/product\/8109","targetHints":{"allow":["GET"]}}],"collection":[{"href":"https:\/\/techmasterdemexico.com\/en\/wp-json\/wp\/v2\/product"}],"about":[{"href":"https:\/\/techmasterdemexico.com\/en\/wp-json\/wp\/v2\/types\/product"}],"wp:featuredmedia":[{"embeddable":true,"href":"https:\/\/techmasterdemexico.com\/en\/wp-json\/wp\/v2\/media\/8817"}],"wp:attachment":[{"href":"https:\/\/techmasterdemexico.com\/en\/wp-json\/wp\/v2\/media?parent=8109"}],"wp:term":[{"taxonomy":"pwb-brand","embeddable":true,"href":"https:\/\/techmasterdemexico.com\/en\/wp-json\/wp\/v2\/pwb-brand?post=8109"},{"taxonomy":"product_brand","embeddable":true,"href":"https:\/\/techmasterdemexico.com\/en\/wp-json\/wp\/v2\/product_brand?post=8109"},{"taxonomy":"product_cat","embeddable":true,"href":"https:\/\/techmasterdemexico.com\/en\/wp-json\/wp\/v2\/product_cat?post=8109"},{"taxonomy":"product_tag","embeddable":true,"href":"https:\/\/techmasterdemexico.com\/en\/wp-json\/wp\/v2\/product_tag?post=8109"}],"curies":[{"name":"wp","href":"https:\/\/api.w.org\/{rel}","templated":true}]}}