{"id":8108,"date":"2021-08-19T17:42:52","date_gmt":"2021-08-19T17:42:52","guid":{"rendered":"http:\/\/techmastermx.ddns.net\/producto\/fluke-719pro-calibrador-electrico-de-presion\/"},"modified":"2021-12-28T22:22:13","modified_gmt":"2021-12-28T22:22:13","slug":"fluke-719pro-calibrador-electrico-de-presion","status":"publish","type":"product","link":"https:\/\/techmasterdemexico.com\/en\/producto\/fluke-719pro-calibrador-electrico-de-presion\/","title":{"rendered":"Fluke 719Pro Calibrador el\u00e9ctrico de presi\u00f3n"},"content":{"rendered":"<p>Fluke 719Pro Calibrador el\u00e9ctrico de presi\u00f3n<\/p>\n<p>El 719Pro incluye un calibrador de circuitos que genera, simula y mide se\u00f1ales del orden de mA y m\u00e1s, lo que lo convierte en el instrumento de prueba ideal para transmisores de alta exactitud, interruptores de presi\u00f3n y man\u00f3metros.<\/p>\n<p>Obtenga lo \u00faltimo en medici\u00f3n de la flexibilidad con la gran pantalla retroiluminada que muestra tres par\u00e1metros al mismo tiempo:<\/p>\n<ul>\n<li>Medici\u00f3n de presi\u00f3n desde el sensor interno o externo<\/li>\n<li>Valores en mA con fuente\/simulaci\u00f3n o medici\u00f3n<\/li>\n<li>Temperatura medida por la sonda RTD opcional<\/li>\n<\/ul>\n","protected":false},"excerpt":{"rendered":"<ul>\n<li>Bomba el\u00e9ctrica integrada para calibrar la presi\u00f3n con una sola mano<\/li>\n<li>Prueba interruptores de presi\u00f3n f\u00e1cilmente a trav\u00e9s de una funci\u00f3n incorporada para prueba de interruptores<\/li>\n<li>Ajuste preciso de correcci\u00f3n de presi\u00f3n para calibraci\u00f3n de presi\u00f3n exacta y f\u00e1cil<\/li>\n<li>Exactitud y rendimiento ideales (0,025 %) para la calibraci\u00f3n del transmisor de clase de referencia<\/li>\n<li>Rangos de presi\u00f3n de 30, 150 y 300 PSI<\/li>\n<li>L\u00edmite de bomba de calibrador de presi\u00f3n programable:<\/li>\n<li>Elimina la sobrepresurizaci\u00f3n<\/li>\n<li>Permite al usuario programar presiones de bombeo deseadas<\/li>\n<li>Rango de medida de presi\u00f3n ampliado con cualquiera de los 29 m\u00f3dulos de presi\u00f3n 750P<\/li>\n<li>Las lumbreras de limpieza de la bomba reducen las fallas de la misma debido a la humedad y los da\u00f1os por fluidos<\/li>\n<li>Se incluye una trampa de fluido con la unidad para mitigar la probabilidad de da\u00f1os por fluidos en aplicaciones riesgosas<\/li>\n<li>Medici\u00f3n de temperatura precisa con sonda RTD opcional<\/li>\n<\/ul>\n","protected":false},"featured_media":8826,"template":"","meta":{"_acf_changed":false},"pwb-brand":[31],"product_brand":[],"product_cat":[366,195,135,30,193],"product_tag":[],"class_list":{"0":"post-8108","1":"product","2":"type-product","3":"status-publish","4":"has-post-thumbnail","6":"pwb-brand-fluke","7":"product_cat-todos-los-productos","8":"product_cat-calibradores-de-presion-herramientas-de-calibracion","9":"product_cat-calibradores-de-presion","10":"product_cat-fluke","11":"product_cat-herramientas-de-calibracion","13":"first","14":"instock","15":"taxable","16":"shipping-taxable","17":"product-type-simple"},"acf":[],"yoast_head":"<!-- This site is optimized with the Yoast SEO plugin v27.4 - https:\/\/yoast.com\/product\/yoast-seo-wordpress\/ -->\n<title>Fluke 719Pro Calibrador el\u00e9ctrico de presi\u00f3n - Techmaster de Mexico<\/title>\n<meta name=\"robots\" content=\"index, follow, max-snippet:-1, max-image-preview:large, max-video-preview:-1\" \/>\n<link rel=\"canonical\" href=\"https:\/\/techmasterdemexico.com\/producto\/fluke-719pro-calibrador-electrico-de-presion\/\" \/>\n<meta property=\"og:locale\" content=\"en_US\" \/>\n<meta property=\"og:type\" content=\"article\" \/>\n<meta property=\"og:title\" content=\"Fluke 719Pro Calibrador el\u00e9ctrico de presi\u00f3n - Techmaster de Mexico\" \/>\n<meta property=\"og:description\" content=\"Bomba el\u00e9ctrica integrada para calibrar la presi\u00f3n con una sola mano   Prueba interruptores de presi\u00f3n f\u00e1cilmente a trav\u00e9s de una funci\u00f3n incorporada para prueba de interruptores   Ajuste preciso de correcci\u00f3n de presi\u00f3n para calibraci\u00f3n de presi\u00f3n exacta y f\u00e1cil   Exactitud y rendimiento ideales (0,025 %) para la calibraci\u00f3n del transmisor de clase de referencia   Rangos de presi\u00f3n de 30, 150 y 300 PSI   L\u00edmite de bomba de calibrador de presi\u00f3n programable:   Elimina la sobrepresurizaci\u00f3n   Permite al usuario programar presiones de bombeo deseadas   Rango de medida de presi\u00f3n ampliado con cualquiera de los 29 m\u00f3dulos de presi\u00f3n 750P   Las lumbreras de limpieza de la bomba reducen las fallas de la misma debido a la humedad y los da\u00f1os por fluidos   Se incluye una trampa de fluido con la unidad para mitigar la probabilidad de da\u00f1os por fluidos en aplicaciones riesgosas   Medici\u00f3n de temperatura precisa con sonda RTD opcional\" \/>\n<meta property=\"og:url\" content=\"https:\/\/techmasterdemexico.com\/producto\/fluke-719pro-calibrador-electrico-de-presion\/\" \/>\n<meta property=\"og:site_name\" content=\"Techmaster de Mexico\" \/>\n<meta property=\"article:modified_time\" content=\"2021-12-28T22:22:13+00:00\" \/>\n<meta property=\"og:image\" content=\"https:\/\/techmasterdemexico.com\/wp-content\/uploads\/2021\/08\/F_719pro_01a_h_1500x1000_1.jpg\" \/>\n\t<meta property=\"og:image:width\" content=\"500\" \/>\n\t<meta property=\"og:image:height\" content=\"500\" \/>\n\t<meta property=\"og:image:type\" content=\"image\/jpeg\" \/>\n<meta name=\"twitter:card\" content=\"summary_large_image\" \/>\n<meta name=\"twitter:label1\" content=\"Est. reading time\" \/>\n\t<meta name=\"twitter:data1\" content=\"1 minute\" \/>\n<script type=\"application\/ld+json\" class=\"yoast-schema-graph\">{\"@context\":\"https:\\\/\\\/schema.org\",\"@graph\":[{\"@type\":\"WebPage\",\"@id\":\"https:\\\/\\\/techmasterdemexico.com\\\/producto\\\/fluke-719pro-calibrador-electrico-de-presion\\\/\",\"url\":\"https:\\\/\\\/techmasterdemexico.com\\\/producto\\\/fluke-719pro-calibrador-electrico-de-presion\\\/\",\"name\":\"Fluke 719Pro Calibrador el\u00e9ctrico de presi\u00f3n - Techmaster de Mexico\",\"isPartOf\":{\"@id\":\"https:\\\/\\\/techmasterdemexico.com\\\/#website\"},\"primaryImageOfPage\":{\"@id\":\"https:\\\/\\\/techmasterdemexico.com\\\/producto\\\/fluke-719pro-calibrador-electrico-de-presion\\\/#primaryimage\"},\"image\":{\"@id\":\"https:\\\/\\\/techmasterdemexico.com\\\/producto\\\/fluke-719pro-calibrador-electrico-de-presion\\\/#primaryimage\"},\"thumbnailUrl\":\"https:\\\/\\\/techmasterdemexico.com\\\/wp-content\\\/uploads\\\/2021\\\/08\\\/F_719pro_01a_h_1500x1000_1.jpg\",\"datePublished\":\"2021-08-19T17:42:52+00:00\",\"dateModified\":\"2021-12-28T22:22:13+00:00\",\"breadcrumb\":{\"@id\":\"https:\\\/\\\/techmasterdemexico.com\\\/producto\\\/fluke-719pro-calibrador-electrico-de-presion\\\/#breadcrumb\"},\"inLanguage\":\"en-US\",\"potentialAction\":[{\"@type\":\"ReadAction\",\"target\":[\"https:\\\/\\\/techmasterdemexico.com\\\/producto\\\/fluke-719pro-calibrador-electrico-de-presion\\\/\"]}]},{\"@type\":\"ImageObject\",\"inLanguage\":\"en-US\",\"@id\":\"https:\\\/\\\/techmasterdemexico.com\\\/producto\\\/fluke-719pro-calibrador-electrico-de-presion\\\/#primaryimage\",\"url\":\"https:\\\/\\\/techmasterdemexico.com\\\/wp-content\\\/uploads\\\/2021\\\/08\\\/F_719pro_01a_h_1500x1000_1.jpg\",\"contentUrl\":\"https:\\\/\\\/techmasterdemexico.com\\\/wp-content\\\/uploads\\\/2021\\\/08\\\/F_719pro_01a_h_1500x1000_1.jpg\",\"width\":500,\"height\":500},{\"@type\":\"BreadcrumbList\",\"@id\":\"https:\\\/\\\/techmasterdemexico.com\\\/producto\\\/fluke-719pro-calibrador-electrico-de-presion\\\/#breadcrumb\",\"itemListElement\":[{\"@type\":\"ListItem\",\"position\":1,\"name\":\"Portada\",\"item\":\"https:\\\/\\\/techmasterdemexico.com\\\/\"},{\"@type\":\"ListItem\",\"position\":2,\"name\":\"Fluke 719Pro Calibrador el\u00e9ctrico de presi\u00f3n\"}]},{\"@type\":\"WebSite\",\"@id\":\"https:\\\/\\\/techmasterdemexico.com\\\/#website\",\"url\":\"https:\\\/\\\/techmasterdemexico.com\\\/\",\"name\":\"Techmaster de Mexico\",\"description\":\"\",\"potentialAction\":[{\"@type\":\"SearchAction\",\"target\":{\"@type\":\"EntryPoint\",\"urlTemplate\":\"https:\\\/\\\/techmasterdemexico.com\\\/?s={search_term_string}\"},\"query-input\":{\"@type\":\"PropertyValueSpecification\",\"valueRequired\":true,\"valueName\":\"search_term_string\"}}],\"inLanguage\":\"en-US\"}]}<\/script>\n<!-- \/ Yoast SEO plugin. -->","yoast_head_json":{"title":"Fluke 719Pro Calibrador el\u00e9ctrico de presi\u00f3n - Techmaster de Mexico","robots":{"index":"index","follow":"follow","max-snippet":"max-snippet:-1","max-image-preview":"max-image-preview:large","max-video-preview":"max-video-preview:-1"},"canonical":"https:\/\/techmasterdemexico.com\/producto\/fluke-719pro-calibrador-electrico-de-presion\/","og_locale":"en_US","og_type":"article","og_title":"Fluke 719Pro Calibrador el\u00e9ctrico de presi\u00f3n - Techmaster de Mexico","og_description":"Bomba el\u00e9ctrica integrada para calibrar la presi\u00f3n con una sola mano   Prueba interruptores de presi\u00f3n f\u00e1cilmente a trav\u00e9s de una funci\u00f3n incorporada para prueba de interruptores   Ajuste preciso de correcci\u00f3n de presi\u00f3n para calibraci\u00f3n de presi\u00f3n exacta y f\u00e1cil   Exactitud y rendimiento ideales (0,025 %) para la calibraci\u00f3n del transmisor de clase de referencia   Rangos de presi\u00f3n de 30, 150 y 300 PSI   L\u00edmite de bomba de calibrador de presi\u00f3n programable:   Elimina la sobrepresurizaci\u00f3n   Permite al usuario programar presiones de bombeo deseadas   Rango de medida de presi\u00f3n ampliado con cualquiera de los 29 m\u00f3dulos de presi\u00f3n 750P   Las lumbreras de limpieza de la bomba reducen las fallas de la misma debido a la humedad y los da\u00f1os por fluidos   Se incluye una trampa de fluido con la unidad para mitigar la probabilidad de da\u00f1os por fluidos en aplicaciones riesgosas   Medici\u00f3n de temperatura precisa con sonda RTD opcional","og_url":"https:\/\/techmasterdemexico.com\/producto\/fluke-719pro-calibrador-electrico-de-presion\/","og_site_name":"Techmaster de Mexico","article_modified_time":"2021-12-28T22:22:13+00:00","og_image":[{"width":500,"height":500,"url":"https:\/\/techmasterdemexico.com\/wp-content\/uploads\/2021\/08\/F_719pro_01a_h_1500x1000_1.jpg","type":"image\/jpeg"}],"twitter_card":"summary_large_image","twitter_misc":{"Est. reading time":"1 minute"},"schema":{"@context":"https:\/\/schema.org","@graph":[{"@type":"WebPage","@id":"https:\/\/techmasterdemexico.com\/producto\/fluke-719pro-calibrador-electrico-de-presion\/","url":"https:\/\/techmasterdemexico.com\/producto\/fluke-719pro-calibrador-electrico-de-presion\/","name":"Fluke 719Pro Calibrador el\u00e9ctrico de presi\u00f3n - Techmaster de Mexico","isPartOf":{"@id":"https:\/\/techmasterdemexico.com\/#website"},"primaryImageOfPage":{"@id":"https:\/\/techmasterdemexico.com\/producto\/fluke-719pro-calibrador-electrico-de-presion\/#primaryimage"},"image":{"@id":"https:\/\/techmasterdemexico.com\/producto\/fluke-719pro-calibrador-electrico-de-presion\/#primaryimage"},"thumbnailUrl":"https:\/\/techmasterdemexico.com\/wp-content\/uploads\/2021\/08\/F_719pro_01a_h_1500x1000_1.jpg","datePublished":"2021-08-19T17:42:52+00:00","dateModified":"2021-12-28T22:22:13+00:00","breadcrumb":{"@id":"https:\/\/techmasterdemexico.com\/producto\/fluke-719pro-calibrador-electrico-de-presion\/#breadcrumb"},"inLanguage":"en-US","potentialAction":[{"@type":"ReadAction","target":["https:\/\/techmasterdemexico.com\/producto\/fluke-719pro-calibrador-electrico-de-presion\/"]}]},{"@type":"ImageObject","inLanguage":"en-US","@id":"https:\/\/techmasterdemexico.com\/producto\/fluke-719pro-calibrador-electrico-de-presion\/#primaryimage","url":"https:\/\/techmasterdemexico.com\/wp-content\/uploads\/2021\/08\/F_719pro_01a_h_1500x1000_1.jpg","contentUrl":"https:\/\/techmasterdemexico.com\/wp-content\/uploads\/2021\/08\/F_719pro_01a_h_1500x1000_1.jpg","width":500,"height":500},{"@type":"BreadcrumbList","@id":"https:\/\/techmasterdemexico.com\/producto\/fluke-719pro-calibrador-electrico-de-presion\/#breadcrumb","itemListElement":[{"@type":"ListItem","position":1,"name":"Portada","item":"https:\/\/techmasterdemexico.com\/"},{"@type":"ListItem","position":2,"name":"Fluke 719Pro Calibrador el\u00e9ctrico de presi\u00f3n"}]},{"@type":"WebSite","@id":"https:\/\/techmasterdemexico.com\/#website","url":"https:\/\/techmasterdemexico.com\/","name":"Techmaster de Mexico","description":"","potentialAction":[{"@type":"SearchAction","target":{"@type":"EntryPoint","urlTemplate":"https:\/\/techmasterdemexico.com\/?s={search_term_string}"},"query-input":{"@type":"PropertyValueSpecification","valueRequired":true,"valueName":"search_term_string"}}],"inLanguage":"en-US"}]}},"brands":[{"id":31,"name":"Fluke","slug":"fluke"}],"_links":{"self":[{"href":"https:\/\/techmasterdemexico.com\/en\/wp-json\/wp\/v2\/product\/8108","targetHints":{"allow":["GET"]}}],"collection":[{"href":"https:\/\/techmasterdemexico.com\/en\/wp-json\/wp\/v2\/product"}],"about":[{"href":"https:\/\/techmasterdemexico.com\/en\/wp-json\/wp\/v2\/types\/product"}],"wp:featuredmedia":[{"embeddable":true,"href":"https:\/\/techmasterdemexico.com\/en\/wp-json\/wp\/v2\/media\/8826"}],"wp:attachment":[{"href":"https:\/\/techmasterdemexico.com\/en\/wp-json\/wp\/v2\/media?parent=8108"}],"wp:term":[{"taxonomy":"pwb-brand","embeddable":true,"href":"https:\/\/techmasterdemexico.com\/en\/wp-json\/wp\/v2\/pwb-brand?post=8108"},{"taxonomy":"product_brand","embeddable":true,"href":"https:\/\/techmasterdemexico.com\/en\/wp-json\/wp\/v2\/product_brand?post=8108"},{"taxonomy":"product_cat","embeddable":true,"href":"https:\/\/techmasterdemexico.com\/en\/wp-json\/wp\/v2\/product_cat?post=8108"},{"taxonomy":"product_tag","embeddable":true,"href":"https:\/\/techmasterdemexico.com\/en\/wp-json\/wp\/v2\/product_tag?post=8108"}],"curies":[{"name":"wp","href":"https:\/\/api.w.org\/{rel}","templated":true}]}}