{"id":8107,"date":"2021-08-19T17:42:52","date_gmt":"2021-08-19T17:42:52","guid":{"rendered":"http:\/\/techmastermx.ddns.net\/producto\/calibrador-automatico-de-presion-fluke-729\/"},"modified":"2021-12-28T22:22:12","modified_gmt":"2021-12-28T22:22:12","slug":"calibrador-automatico-de-presion-fluke-729","status":"publish","type":"product","link":"https:\/\/techmasterdemexico.com\/en\/producto\/calibrador-automatico-de-presion-fluke-729\/","title":{"rendered":"Calibrador autom\u00e1tico de presi\u00f3n Fluke 729"},"content":{"rendered":"<p>Calibrador autom\u00e1tico de presi\u00f3n port\u00e1til que simplifica la calibraci\u00f3n de presi\u00f3n<\/p>\n<p>El calibrador autom\u00e1tico de presi\u00f3n Fluke 729 se ha dise\u00f1ado espec\u00edficamente, con la ayuda de t\u00e9cnicos de procesos, para simplificar el proceso de calibraci\u00f3n de la presi\u00f3n y proporcionar los resultados de las comprobaciones de forma m\u00e1s r\u00e1pida y precisa. Los t\u00e9cnicos son conscientes de que la calibraci\u00f3n de la presi\u00f3n puede ser una tarea que lleva su tiempo, pero el 729 hace que sea m\u00e1s f\u00e1cil que nunca al incorporar una bomba el\u00e9ctrica interna que proporciona regulaci\u00f3n y generaci\u00f3n de la presi\u00f3n autom\u00e1tica en un equipo port\u00e1til, resistente y f\u00e1cil de usar.<\/p>\n<p>El 729 es el calibrador de presi\u00f3n port\u00e1til ideal; se trata de un dispositivo que bombea autom\u00e1ticamente hasta alcanzar el punto de presi\u00f3n objetivo establecido por el usuario. A continuaci\u00f3n, el control de ajuste preciso interno estabiliza autom\u00e1ticamente la presi\u00f3n en el valor solicitado.<\/p>\n<p>El Fluke 729 tambi\u00e9n puede comprobar autom\u00e1ticamente varios puntos de comprobaci\u00f3n de la presi\u00f3n y documentar autom\u00e1ticamente los resultados. La calibraci\u00f3n consiste tan solo en escribir la presi\u00f3n inicial y final, el n\u00famero de puntos de comprobaci\u00f3n y el nivel de tolerancia. El 729 se encarga del resto.<\/p>\n<p>Las funciones de comunicaci\u00f3n HART incorporadas permiten realizar ajustes de mA del transmisor HART, permiten configurar los par\u00e1metros HART b\u00e1sicos y ofrecen la posibilidad de ajustar a los valores aplicados del 0% y 100%.<\/p>\n<p>Cargue y gestione los resultados de la calibraci\u00f3n documentados con el software de gesti\u00f3n de calibraci\u00f3n DPCTrack2\u2122 para facilitar la gesti\u00f3n de su instrumentaci\u00f3n, generar comprobaciones e informes programados y gestionar los datos de calibraci\u00f3n.<\/p>\n<p>Con tres rangos para elegir, 30 psi (2 bar, 200 kPa), 150 psi (10 bar, 1 MPa) y 300 psi (20 bar, 2 MPa), los calibradores autom\u00e1ticos de presi\u00f3n Fluke 729 est\u00e1n dise\u00f1ados para utilizarse cu\u00e1ndo y d\u00f3nde se necesite.<\/p>\n","protected":false},"excerpt":{"rendered":"<p>Generaci\u00f3n y regulaci\u00f3n autom\u00e1tica de la presi\u00f3n hasta 300 psi<\/p>\n<p>F\u00e1cil documentaci\u00f3n del proceso con las plantillas de comprobaci\u00f3n incorporadas<\/p>\n<p>Ajuste de presi\u00f3n interno, preciso y autom\u00e1tico<\/p>\n<p>Medida, generaci\u00f3n y simulaci\u00f3n de se\u00f1ales de 4 a 20 mA<\/p>\n<p>Alimentaci\u00f3n de lazo de 24 V para la conexi\u00f3n de transmisores para las comprobaciones<\/p>\n<p>Pantalla gr\u00e1fica a color de canal doble\/triple brillante<\/p>\n<p>Comunicaci\u00f3n HART para comprobaciones de transmisores inteligentes HART<\/p>\n<p>Comprobaci\u00f3n de fugas incorporada para verificar si existen fugas en las configuraciones de prueba<\/p>\n<p>Dise\u00f1o resistente y port\u00e1til con garant\u00eda est\u00e1ndar de 3 a\u00f1os<\/p>\n<p>Compatible con la app Fluke Connect\u00ae<\/p>\n<p>Medida de temperatura con sonda 720RTD opcional<\/p>\n<p>Medida de V CC para la comprobaci\u00f3n de transmisores de salida de 1 V CC a 5 V CC<\/p>\n<p>Compatible con los m\u00f3dulos de presi\u00f3n de la serie 700 y la serie 750<\/p>\n<p>Carga de los resultados de las comprobaciones documentados en el software de gesti\u00f3n de la calibraci\u00f3n DPCTrack2\u2122<\/p>\n<p>Innovador estuche de transporte semirr\u00edgido dise\u00f1ado para el trabajo de campo<\/p>\n<p>Generaci\u00f3n y control de presi\u00f3n autom\u00e1ticos hasta 300 psi (20 bar, 2 MPa). Al introducir una presi\u00f3n, el 729 bombea autom\u00e1ticamente hasta alcanzar la presi\u00f3n deseada. Complete una plantilla de comprobaci\u00f3n y el 729 autom\u00e1ticamente bombear\u00e1 y documentar\u00e1 una comprobaci\u00f3n de calibraci\u00f3n de la presi\u00f3n de varios puntos.<\/p>\n<p>Documentaci\u00f3n sencilla de la calibraci\u00f3n con plantillas definidas para transmisores y conmutadores. Anote las presiones de comprobaci\u00f3n iniciales y finales y el n\u00famero de puntos de comprobaci\u00f3n. El 729 se encarga del resto al documentar la presi\u00f3n aplicada, los mA medidos y el % de error de cada punto de comprobaci\u00f3n. La pantalla gr\u00e1fica a color con brillo indicar\u00e1 en rojo los resultados de la comprobaci\u00f3n que est\u00e9n fuera de los valores de tolerancia.<\/p>\n<p>Ajuste de presi\u00f3n interno, preciso y autom\u00e1tico que ayuda a compensar peque\u00f1as fugas en las mangueras y las configuraciones de comprobaci\u00f3n. No es necesario girar manualmente un vernier para compensar las fugas, lo que evita las molestias del bombeo y el ajuste preciso manual de las configuraciones de comprobaci\u00f3n.<\/p>\n<p>Comunicaci\u00f3n HART que permite la calibraci\u00f3n de salida de mA, de los valores aplicados y de presi\u00f3n cero de los transmisores de presi\u00f3n HART. Tambi\u00e9n permite realizar tareas de configuraci\u00f3n b\u00e1sica como cambiar una etiqueta del transmisor, las unidades de medida y el rango. Otras instrucciones HART compatibles son la configuraci\u00f3n de salidas de mA fijas para soluci\u00f3n de problemas, configuraci\u00f3n, variables y diagn\u00f3stico del dispositivo de lectura.<\/p>\n<p>Mida las se\u00f1ales mA en las salidas del transmisor, genere y simule se\u00f1ales de mA para la comprobaci\u00f3n de I\/P y otros dispositivos de lazo de mA. Incluye fuente de alimentaci\u00f3n de lazo de 24V para comprobaci\u00f3n y alimentaci\u00f3n de transmisores en pruebas independientes desconectadas del sistema de control.<\/p>\n<p>El dise\u00f1o port\u00e1til y resistente y los 3 a\u00f1os de garant\u00eda diferencian al 729 de la mayor\u00eda de calibradores de presi\u00f3n. El 729 se ha sometido a pruebas y garantizamos que soporta ca\u00eddas de 1 metro de altura, por lo que est\u00e1 preparado para el trabajo de calibraci\u00f3n de instrumentaci\u00f3n de campo.<\/p>\n<p>La compatibilidad conFluke Connect\u00ae permite al usuario realizar un control remoto mediante la app m\u00f3vil Fluke Connect, as\u00ed como gestionar y almacenar las medidas de presi\u00f3n y los eventos de registro. Comparta las medidas mediante v\u00eddeollamadas de ShareLive\u2122 y correos electr\u00f3nicos.<\/p>\n<p>Medida de la temperatura con sonda 720RDT opcional para realizar calibraciones de transferencia de custodia.<\/p>\n<p>Medida de presi\u00f3n con los m\u00f3dulos de presi\u00f3n de la anterior serie 700 y la nueva serie 750 si se desean diferentes resoluciones o rangos de medida de la presi\u00f3n.<\/p>\n<p>Admite varios idiomas:: seleccione el idioma deseado desde la utilidad de configuraci\u00f3n del instrumento. Las instrucciones de comunicaci\u00f3n HART est\u00e1n solo en ingl\u00e9s de acuerdo con el protocolo y los descriptores de los dispositivos HART.<\/p>\n<p>Estuche de transporte semirr\u00edgido dise\u00f1ado para el trabajo de campo, con espacio para almacenar tubos, conexiones y cables de prueba y peque\u00f1as herramientas manuales necesarias para las calibraciones de presi\u00f3n de campo.<\/p>\n","protected":false},"featured_media":8823,"template":"","meta":{"_acf_changed":false},"pwb-brand":[31],"product_brand":[],"product_cat":[366,195,135,30,193],"product_tag":[],"class_list":{"0":"post-8107","1":"product","2":"type-product","3":"status-publish","4":"has-post-thumbnail","6":"pwb-brand-fluke","7":"product_cat-todos-los-productos","8":"product_cat-calibradores-de-presion-herramientas-de-calibracion","9":"product_cat-calibradores-de-presion","10":"product_cat-fluke","11":"product_cat-herramientas-de-calibracion","13":"first","14":"instock","15":"taxable","16":"shipping-taxable","17":"product-type-simple"},"acf":[],"yoast_head":"<!-- This site is optimized with the Yoast SEO plugin v27.4 - https:\/\/yoast.com\/product\/yoast-seo-wordpress\/ -->\n<title>Calibrador autom\u00e1tico de presi\u00f3n Fluke 729 - Techmaster de Mexico<\/title>\n<meta name=\"robots\" content=\"index, follow, max-snippet:-1, max-image-preview:large, max-video-preview:-1\" \/>\n<link rel=\"canonical\" href=\"https:\/\/techmasterdemexico.com\/producto\/calibrador-automatico-de-presion-fluke-729\/\" \/>\n<meta property=\"og:locale\" content=\"en_US\" \/>\n<meta property=\"og:type\" content=\"article\" \/>\n<meta property=\"og:title\" content=\"Calibrador autom\u00e1tico de presi\u00f3n Fluke 729 - Techmaster de Mexico\" \/>\n<meta property=\"og:description\" content=\"Generaci\u00f3n y regulaci\u00f3n autom\u00e1tica de la presi\u00f3n hasta 300 psi  F\u00e1cil documentaci\u00f3n del proceso con las plantillas de comprobaci\u00f3n incorporadas  Ajuste de presi\u00f3n interno, preciso y autom\u00e1tico  Medida, generaci\u00f3n y simulaci\u00f3n de se\u00f1ales de 4 a 20 mA  Alimentaci\u00f3n de lazo de 24 V para la conexi\u00f3n de transmisores para las comprobaciones  Pantalla gr\u00e1fica a color de canal doble\/triple brillante  Comunicaci\u00f3n HART para comprobaciones de transmisores inteligentes HART  Comprobaci\u00f3n de fugas incorporada para verificar si existen fugas en las configuraciones de prueba  Dise\u00f1o resistente y port\u00e1til con garant\u00eda est\u00e1ndar de 3 a\u00f1os  Compatible con la app Fluke Connect\u00ae  Medida de temperatura con sonda 720RTD opcional  Medida de V CC para la comprobaci\u00f3n de transmisores de salida de 1 V CC a 5 V CC  Compatible con los m\u00f3dulos de presi\u00f3n de la serie 700 y la serie 750  Carga de los resultados de las comprobaciones documentados en el software de gesti\u00f3n de la calibraci\u00f3n DPCTrack2\u2122  Innovador estuche de transporte semirr\u00edgido dise\u00f1ado para el trabajo de campo  Generaci\u00f3n y control de presi\u00f3n autom\u00e1ticos hasta 300 psi (20 bar, 2 MPa). Al introducir una presi\u00f3n, el 729 bombea autom\u00e1ticamente hasta alcanzar la presi\u00f3n deseada. Complete una plantilla de comprobaci\u00f3n y el 729 autom\u00e1ticamente bombear\u00e1 y documentar\u00e1 una comprobaci\u00f3n de calibraci\u00f3n de la presi\u00f3n de varios puntos.   Documentaci\u00f3n sencilla de la calibraci\u00f3n con plantillas definidas para transmisores y conmutadores. Anote las presiones de comprobaci\u00f3n iniciales y finales y el n\u00famero de puntos de comprobaci\u00f3n. El 729 se encarga del resto al documentar la presi\u00f3n aplicada, los mA medidos y el % de error de cada punto de comprobaci\u00f3n. La pantalla gr\u00e1fica a color con brillo indicar\u00e1 en rojo los resultados de la comprobaci\u00f3n que est\u00e9n fuera de los valores de tolerancia.   Ajuste de presi\u00f3n interno, preciso y autom\u00e1tico que ayuda a compensar peque\u00f1as fugas en las mangueras y las configuraciones de comprobaci\u00f3n. No es necesario girar manualmente un vernier para compensar las fugas, lo que evita las molestias del bombeo y el ajuste preciso manual de las configuraciones de comprobaci\u00f3n.   Comunicaci\u00f3n HART que permite la calibraci\u00f3n de salida de mA, de los valores aplicados y de presi\u00f3n cero de los transmisores de presi\u00f3n HART. Tambi\u00e9n permite realizar tareas de configuraci\u00f3n b\u00e1sica como cambiar una etiqueta del transmisor, las unidades de medida y el rango. Otras instrucciones HART compatibles son la configuraci\u00f3n de salidas de mA fijas para soluci\u00f3n de problemas, configuraci\u00f3n, variables y diagn\u00f3stico del dispositivo de lectura.   Mida las se\u00f1ales mA en las salidas del transmisor, genere y simule se\u00f1ales de mA para la comprobaci\u00f3n de I\/P y otros dispositivos de lazo de mA. Incluye fuente de alimentaci\u00f3n de lazo de 24V para comprobaci\u00f3n y alimentaci\u00f3n de transmisores en pruebas independientes desconectadas del sistema de control.   El dise\u00f1o port\u00e1til y resistente y los 3 a\u00f1os de garant\u00eda diferencian al 729 de la mayor\u00eda de calibradores de presi\u00f3n. El 729 se ha sometido a pruebas y garantizamos que soporta ca\u00eddas de 1 metro de altura, por lo que est\u00e1 preparado para el trabajo de calibraci\u00f3n de instrumentaci\u00f3n de campo.   La compatibilidad conFluke Connect\u00ae permite al usuario realizar un control remoto mediante la app m\u00f3vil Fluke Connect, as\u00ed como gestionar y almacenar las medidas de presi\u00f3n y los eventos de registro. Comparta las medidas mediante v\u00eddeollamadas de ShareLive\u2122 y correos electr\u00f3nicos.   Medida de la temperatura con sonda 720RDT opcional para realizar calibraciones de transferencia de custodia.   Medida de presi\u00f3n con los m\u00f3dulos de presi\u00f3n de la anterior serie 700 y la nueva serie 750 si se desean diferentes resoluciones o rangos de medida de la presi\u00f3n.   Admite varios idiomas:: seleccione el idioma deseado desde la utilidad de configuraci\u00f3n del instrumento. Las instrucciones de comunicaci\u00f3n HART est\u00e1n solo en ingl\u00e9s de acuerdo con el protocolo y los descriptores de los dispositivos HART.   Estuche de transporte semirr\u00edgido dise\u00f1ado para el trabajo de campo, con espacio para almacenar tubos, conexiones y cables de prueba y peque\u00f1as herramientas manuales necesarias para las calibraciones de presi\u00f3n de campo.\" \/>\n<meta property=\"og:url\" content=\"https:\/\/techmasterdemexico.com\/producto\/calibrador-automatico-de-presion-fluke-729\/\" \/>\n<meta property=\"og:site_name\" content=\"Techmaster de Mexico\" \/>\n<meta property=\"article:modified_time\" content=\"2021-12-28T22:22:12+00:00\" \/>\n<meta property=\"og:image\" content=\"https:\/\/techmasterdemexico.com\/wp-content\/uploads\/2021\/08\/F_729_01a_h_1500x1000.jpg\" \/>\n\t<meta property=\"og:image:width\" content=\"500\" \/>\n\t<meta property=\"og:image:height\" content=\"500\" \/>\n\t<meta property=\"og:image:type\" content=\"image\/jpeg\" \/>\n<meta name=\"twitter:card\" content=\"summary_large_image\" \/>\n<meta name=\"twitter:label1\" content=\"Est. reading time\" \/>\n\t<meta name=\"twitter:data1\" content=\"2 minutes\" \/>\n<script type=\"application\/ld+json\" class=\"yoast-schema-graph\">{\"@context\":\"https:\\\/\\\/schema.org\",\"@graph\":[{\"@type\":\"WebPage\",\"@id\":\"https:\\\/\\\/techmasterdemexico.com\\\/producto\\\/calibrador-automatico-de-presion-fluke-729\\\/\",\"url\":\"https:\\\/\\\/techmasterdemexico.com\\\/producto\\\/calibrador-automatico-de-presion-fluke-729\\\/\",\"name\":\"Calibrador autom\u00e1tico de presi\u00f3n Fluke 729 - Techmaster de Mexico\",\"isPartOf\":{\"@id\":\"https:\\\/\\\/techmasterdemexico.com\\\/#website\"},\"primaryImageOfPage\":{\"@id\":\"https:\\\/\\\/techmasterdemexico.com\\\/producto\\\/calibrador-automatico-de-presion-fluke-729\\\/#primaryimage\"},\"image\":{\"@id\":\"https:\\\/\\\/techmasterdemexico.com\\\/producto\\\/calibrador-automatico-de-presion-fluke-729\\\/#primaryimage\"},\"thumbnailUrl\":\"https:\\\/\\\/techmasterdemexico.com\\\/wp-content\\\/uploads\\\/2021\\\/08\\\/F_729_01a_h_1500x1000.jpg\",\"datePublished\":\"2021-08-19T17:42:52+00:00\",\"dateModified\":\"2021-12-28T22:22:12+00:00\",\"breadcrumb\":{\"@id\":\"https:\\\/\\\/techmasterdemexico.com\\\/producto\\\/calibrador-automatico-de-presion-fluke-729\\\/#breadcrumb\"},\"inLanguage\":\"en-US\",\"potentialAction\":[{\"@type\":\"ReadAction\",\"target\":[\"https:\\\/\\\/techmasterdemexico.com\\\/producto\\\/calibrador-automatico-de-presion-fluke-729\\\/\"]}]},{\"@type\":\"ImageObject\",\"inLanguage\":\"en-US\",\"@id\":\"https:\\\/\\\/techmasterdemexico.com\\\/producto\\\/calibrador-automatico-de-presion-fluke-729\\\/#primaryimage\",\"url\":\"https:\\\/\\\/techmasterdemexico.com\\\/wp-content\\\/uploads\\\/2021\\\/08\\\/F_729_01a_h_1500x1000.jpg\",\"contentUrl\":\"https:\\\/\\\/techmasterdemexico.com\\\/wp-content\\\/uploads\\\/2021\\\/08\\\/F_729_01a_h_1500x1000.jpg\",\"width\":500,\"height\":500},{\"@type\":\"BreadcrumbList\",\"@id\":\"https:\\\/\\\/techmasterdemexico.com\\\/producto\\\/calibrador-automatico-de-presion-fluke-729\\\/#breadcrumb\",\"itemListElement\":[{\"@type\":\"ListItem\",\"position\":1,\"name\":\"Portada\",\"item\":\"https:\\\/\\\/techmasterdemexico.com\\\/\"},{\"@type\":\"ListItem\",\"position\":2,\"name\":\"Calibrador autom\u00e1tico de presi\u00f3n Fluke 729\"}]},{\"@type\":\"WebSite\",\"@id\":\"https:\\\/\\\/techmasterdemexico.com\\\/#website\",\"url\":\"https:\\\/\\\/techmasterdemexico.com\\\/\",\"name\":\"Techmaster de Mexico\",\"description\":\"\",\"potentialAction\":[{\"@type\":\"SearchAction\",\"target\":{\"@type\":\"EntryPoint\",\"urlTemplate\":\"https:\\\/\\\/techmasterdemexico.com\\\/?s={search_term_string}\"},\"query-input\":{\"@type\":\"PropertyValueSpecification\",\"valueRequired\":true,\"valueName\":\"search_term_string\"}}],\"inLanguage\":\"en-US\"}]}<\/script>\n<!-- \/ Yoast SEO plugin. -->","yoast_head_json":{"title":"Calibrador autom\u00e1tico de presi\u00f3n Fluke 729 - Techmaster de Mexico","robots":{"index":"index","follow":"follow","max-snippet":"max-snippet:-1","max-image-preview":"max-image-preview:large","max-video-preview":"max-video-preview:-1"},"canonical":"https:\/\/techmasterdemexico.com\/producto\/calibrador-automatico-de-presion-fluke-729\/","og_locale":"en_US","og_type":"article","og_title":"Calibrador autom\u00e1tico de presi\u00f3n Fluke 729 - Techmaster de Mexico","og_description":"Generaci\u00f3n y regulaci\u00f3n autom\u00e1tica de la presi\u00f3n hasta 300 psi  F\u00e1cil documentaci\u00f3n del proceso con las plantillas de comprobaci\u00f3n incorporadas  Ajuste de presi\u00f3n interno, preciso y autom\u00e1tico  Medida, generaci\u00f3n y simulaci\u00f3n de se\u00f1ales de 4 a 20 mA  Alimentaci\u00f3n de lazo de 24 V para la conexi\u00f3n de transmisores para las comprobaciones  Pantalla gr\u00e1fica a color de canal doble\/triple brillante  Comunicaci\u00f3n HART para comprobaciones de transmisores inteligentes HART  Comprobaci\u00f3n de fugas incorporada para verificar si existen fugas en las configuraciones de prueba  Dise\u00f1o resistente y port\u00e1til con garant\u00eda est\u00e1ndar de 3 a\u00f1os  Compatible con la app Fluke Connect\u00ae  Medida de temperatura con sonda 720RTD opcional  Medida de V CC para la comprobaci\u00f3n de transmisores de salida de 1 V CC a 5 V CC  Compatible con los m\u00f3dulos de presi\u00f3n de la serie 700 y la serie 750  Carga de los resultados de las comprobaciones documentados en el software de gesti\u00f3n de la calibraci\u00f3n DPCTrack2\u2122  Innovador estuche de transporte semirr\u00edgido dise\u00f1ado para el trabajo de campo  Generaci\u00f3n y control de presi\u00f3n autom\u00e1ticos hasta 300 psi (20 bar, 2 MPa). Al introducir una presi\u00f3n, el 729 bombea autom\u00e1ticamente hasta alcanzar la presi\u00f3n deseada. Complete una plantilla de comprobaci\u00f3n y el 729 autom\u00e1ticamente bombear\u00e1 y documentar\u00e1 una comprobaci\u00f3n de calibraci\u00f3n de la presi\u00f3n de varios puntos.   Documentaci\u00f3n sencilla de la calibraci\u00f3n con plantillas definidas para transmisores y conmutadores. Anote las presiones de comprobaci\u00f3n iniciales y finales y el n\u00famero de puntos de comprobaci\u00f3n. El 729 se encarga del resto al documentar la presi\u00f3n aplicada, los mA medidos y el % de error de cada punto de comprobaci\u00f3n. La pantalla gr\u00e1fica a color con brillo indicar\u00e1 en rojo los resultados de la comprobaci\u00f3n que est\u00e9n fuera de los valores de tolerancia.   Ajuste de presi\u00f3n interno, preciso y autom\u00e1tico que ayuda a compensar peque\u00f1as fugas en las mangueras y las configuraciones de comprobaci\u00f3n. No es necesario girar manualmente un vernier para compensar las fugas, lo que evita las molestias del bombeo y el ajuste preciso manual de las configuraciones de comprobaci\u00f3n.   Comunicaci\u00f3n HART que permite la calibraci\u00f3n de salida de mA, de los valores aplicados y de presi\u00f3n cero de los transmisores de presi\u00f3n HART. Tambi\u00e9n permite realizar tareas de configuraci\u00f3n b\u00e1sica como cambiar una etiqueta del transmisor, las unidades de medida y el rango. Otras instrucciones HART compatibles son la configuraci\u00f3n de salidas de mA fijas para soluci\u00f3n de problemas, configuraci\u00f3n, variables y diagn\u00f3stico del dispositivo de lectura.   Mida las se\u00f1ales mA en las salidas del transmisor, genere y simule se\u00f1ales de mA para la comprobaci\u00f3n de I\/P y otros dispositivos de lazo de mA. Incluye fuente de alimentaci\u00f3n de lazo de 24V para comprobaci\u00f3n y alimentaci\u00f3n de transmisores en pruebas independientes desconectadas del sistema de control.   El dise\u00f1o port\u00e1til y resistente y los 3 a\u00f1os de garant\u00eda diferencian al 729 de la mayor\u00eda de calibradores de presi\u00f3n. El 729 se ha sometido a pruebas y garantizamos que soporta ca\u00eddas de 1 metro de altura, por lo que est\u00e1 preparado para el trabajo de calibraci\u00f3n de instrumentaci\u00f3n de campo.   La compatibilidad conFluke Connect\u00ae permite al usuario realizar un control remoto mediante la app m\u00f3vil Fluke Connect, as\u00ed como gestionar y almacenar las medidas de presi\u00f3n y los eventos de registro. Comparta las medidas mediante v\u00eddeollamadas de ShareLive\u2122 y correos electr\u00f3nicos.   Medida de la temperatura con sonda 720RDT opcional para realizar calibraciones de transferencia de custodia.   Medida de presi\u00f3n con los m\u00f3dulos de presi\u00f3n de la anterior serie 700 y la nueva serie 750 si se desean diferentes resoluciones o rangos de medida de la presi\u00f3n.   Admite varios idiomas:: seleccione el idioma deseado desde la utilidad de configuraci\u00f3n del instrumento. Las instrucciones de comunicaci\u00f3n HART est\u00e1n solo en ingl\u00e9s de acuerdo con el protocolo y los descriptores de los dispositivos HART.   Estuche de transporte semirr\u00edgido dise\u00f1ado para el trabajo de campo, con espacio para almacenar tubos, conexiones y cables de prueba y peque\u00f1as herramientas manuales necesarias para las calibraciones de presi\u00f3n de campo.","og_url":"https:\/\/techmasterdemexico.com\/producto\/calibrador-automatico-de-presion-fluke-729\/","og_site_name":"Techmaster de Mexico","article_modified_time":"2021-12-28T22:22:12+00:00","og_image":[{"width":500,"height":500,"url":"https:\/\/techmasterdemexico.com\/wp-content\/uploads\/2021\/08\/F_729_01a_h_1500x1000.jpg","type":"image\/jpeg"}],"twitter_card":"summary_large_image","twitter_misc":{"Est. reading time":"2 minutes"},"schema":{"@context":"https:\/\/schema.org","@graph":[{"@type":"WebPage","@id":"https:\/\/techmasterdemexico.com\/producto\/calibrador-automatico-de-presion-fluke-729\/","url":"https:\/\/techmasterdemexico.com\/producto\/calibrador-automatico-de-presion-fluke-729\/","name":"Calibrador autom\u00e1tico de presi\u00f3n Fluke 729 - Techmaster de Mexico","isPartOf":{"@id":"https:\/\/techmasterdemexico.com\/#website"},"primaryImageOfPage":{"@id":"https:\/\/techmasterdemexico.com\/producto\/calibrador-automatico-de-presion-fluke-729\/#primaryimage"},"image":{"@id":"https:\/\/techmasterdemexico.com\/producto\/calibrador-automatico-de-presion-fluke-729\/#primaryimage"},"thumbnailUrl":"https:\/\/techmasterdemexico.com\/wp-content\/uploads\/2021\/08\/F_729_01a_h_1500x1000.jpg","datePublished":"2021-08-19T17:42:52+00:00","dateModified":"2021-12-28T22:22:12+00:00","breadcrumb":{"@id":"https:\/\/techmasterdemexico.com\/producto\/calibrador-automatico-de-presion-fluke-729\/#breadcrumb"},"inLanguage":"en-US","potentialAction":[{"@type":"ReadAction","target":["https:\/\/techmasterdemexico.com\/producto\/calibrador-automatico-de-presion-fluke-729\/"]}]},{"@type":"ImageObject","inLanguage":"en-US","@id":"https:\/\/techmasterdemexico.com\/producto\/calibrador-automatico-de-presion-fluke-729\/#primaryimage","url":"https:\/\/techmasterdemexico.com\/wp-content\/uploads\/2021\/08\/F_729_01a_h_1500x1000.jpg","contentUrl":"https:\/\/techmasterdemexico.com\/wp-content\/uploads\/2021\/08\/F_729_01a_h_1500x1000.jpg","width":500,"height":500},{"@type":"BreadcrumbList","@id":"https:\/\/techmasterdemexico.com\/producto\/calibrador-automatico-de-presion-fluke-729\/#breadcrumb","itemListElement":[{"@type":"ListItem","position":1,"name":"Portada","item":"https:\/\/techmasterdemexico.com\/"},{"@type":"ListItem","position":2,"name":"Calibrador autom\u00e1tico de presi\u00f3n Fluke 729"}]},{"@type":"WebSite","@id":"https:\/\/techmasterdemexico.com\/#website","url":"https:\/\/techmasterdemexico.com\/","name":"Techmaster de Mexico","description":"","potentialAction":[{"@type":"SearchAction","target":{"@type":"EntryPoint","urlTemplate":"https:\/\/techmasterdemexico.com\/?s={search_term_string}"},"query-input":{"@type":"PropertyValueSpecification","valueRequired":true,"valueName":"search_term_string"}}],"inLanguage":"en-US"}]}},"brands":[{"id":31,"name":"Fluke","slug":"fluke"}],"_links":{"self":[{"href":"https:\/\/techmasterdemexico.com\/en\/wp-json\/wp\/v2\/product\/8107","targetHints":{"allow":["GET"]}}],"collection":[{"href":"https:\/\/techmasterdemexico.com\/en\/wp-json\/wp\/v2\/product"}],"about":[{"href":"https:\/\/techmasterdemexico.com\/en\/wp-json\/wp\/v2\/types\/product"}],"wp:featuredmedia":[{"embeddable":true,"href":"https:\/\/techmasterdemexico.com\/en\/wp-json\/wp\/v2\/media\/8823"}],"wp:attachment":[{"href":"https:\/\/techmasterdemexico.com\/en\/wp-json\/wp\/v2\/media?parent=8107"}],"wp:term":[{"taxonomy":"pwb-brand","embeddable":true,"href":"https:\/\/techmasterdemexico.com\/en\/wp-json\/wp\/v2\/pwb-brand?post=8107"},{"taxonomy":"product_brand","embeddable":true,"href":"https:\/\/techmasterdemexico.com\/en\/wp-json\/wp\/v2\/product_brand?post=8107"},{"taxonomy":"product_cat","embeddable":true,"href":"https:\/\/techmasterdemexico.com\/en\/wp-json\/wp\/v2\/product_cat?post=8107"},{"taxonomy":"product_tag","embeddable":true,"href":"https:\/\/techmasterdemexico.com\/en\/wp-json\/wp\/v2\/product_tag?post=8107"}],"curies":[{"name":"wp","href":"https:\/\/api.w.org\/{rel}","templated":true}]}}