{"id":8105,"date":"2021-08-19T17:42:51","date_gmt":"2021-08-19T17:42:51","guid":{"rendered":"http:\/\/techmastermx.ddns.net\/producto\/fluke-725-calibrador-de-procesos-multifuncion\/"},"modified":"2021-12-28T22:22:13","modified_gmt":"2021-12-28T22:22:13","slug":"fluke-725-calibrador-de-procesos-multifuncion","status":"publish","type":"product","link":"https:\/\/techmasterdemexico.com\/en\/producto\/fluke-725-calibrador-de-procesos-multifuncion\/","title":{"rendered":"Fluke 725 Calibrador de procesos multifunci\u00f3n"},"content":{"rendered":"<p>Fluke 725 Calibrador de procesos multifunci\u00f3n<\/p>\n<p>&#8220;Simplemente&#8221; potente<\/p>\n<p>Lleve el calibrador de procesos multifunci\u00f3n Fluke 725y estar\u00e1 equipado para poder comprobar y calibrar casi cualquier par\u00e1metro de proceso. Miden y generan mA, voltios, temperatura (RTD y termopares), frecuencia, ohmios y presi\u00f3n mediante m\u00f3dulos de presi\u00f3n opcionales.<\/p>\n<p>El Fluke 725 est\u00e1 listo para usarse desde el momento en el que lo tenga en la mano. Sus mandos simples y sin men\u00fas facilitan su uso.<\/p>\n<p>\u00bfDesea m\u00e1s precisi\u00f3n, generaci\u00f3n de pulsos, totalizaci\u00f3n y m\u00e1s? Considere el Calibrador multifunci\u00f3n de precisi\u00f3n Fluke 726.<\/p>\n<p>\u00bfNecesita una clasificaci\u00f3n de seguridad intr\u00ednseca en su calibrador? Considere el Calibrador de procesos multifunci\u00f3n 725Ex de Fluke intr\u00ednsecamente seguro.<\/p>\n<p>\u00bfDesea integrar en su calibrador la documentaci\u00f3n y la comunicaci\u00f3n HART? Considere el Calibrador de procesos documentador Fluke 754 con HART.<\/p>\n","protected":false},"excerpt":{"rendered":"<p>El nuevo calibrador de procesos multifuncional Fluke 725 es un calibrador de campo potente y f\u00e1cil de usar. Puede emplear las funciones de medici\u00f3n y generaci\u00f3n para comprobar y calibrar pr\u00e1cticamente cualquier par\u00e1metro de procesos.<\/p>\n<p>Forma aerodin\u00e1mica y peque\u00f1a, dise\u00f1o resistente y confiable para uso en campo<\/p>\n<p>La pantalla de medici\u00f3n\/generaci\u00f3n de f\u00e1cil lectura permite ver simult\u00e1neamente los valores de entrada y de salida<\/p>\n<p>Mide voltios, mA, RTD, termopares, frecuencia y ohmios para comprobar sensores y transmisores<\/p>\n<p>Generaci\u00f3n y simulaci\u00f3n de voltios, mA, termopares, RTD, frecuencia, ohmios y presi\u00f3n para calibrar los transmisores<\/p>\n<p>Mide\/genera presi\u00f3n usando cualquiera de los 29 m\u00f3dulos de presi\u00f3n Fluke 700Pxx<\/p>\n<p>Genera mA con medida de presi\u00f3n simult\u00e1nea para realizar pruebas de I\/P y v\u00e1lvulas<\/p>\n<p>Soporta la comprobaci\u00f3n de caudal\u00edmetros con las funciones de frecuencia y CPM<\/p>\n<p>Efect\u00faa r\u00e1pidas comprobaciones de linealidad con las funciones incremento y rampa autom\u00e1ticas<\/p>\n<p>Alimentaci\u00f3n de los transmisores mediante una fuente de alimentaci\u00f3n de bucle durante las pruebas con mediciones de mA simult\u00e1neas<\/p>\n<p>Soporta transmisores RTD de impulso r\u00e1pido y PLC, con impulsos de tan solo 10 ms.<\/p>\n<p>Permite guardar las configuraciones de comprobaci\u00f3n usadas con mayor frecuencia para emplearlas posteriormente<\/p>\n<p>\u00bfDesea m\u00e1s precisi\u00f3n, generaci\u00f3n de pulsos, totalizaci\u00f3n y m\u00e1s? Considere el Calibrador multifunci\u00f3n de precisi\u00f3n Fluke 726.<\/p>\n<p>\u00bfNecesita una clasificaci\u00f3n de seguridad intr\u00ednseca en su calibrador? Considere el Calibrador de procesos multifunci\u00f3n 725Ex de Fluke intr\u00ednsecamente seguro.<\/p>\n<p>\u00bfDesea integrar en su calibrador la documentaci\u00f3n y la comunicaci\u00f3n HART? Considere el Calibrador de procesos documentador Fluke 754 con HART.<\/p>\n","protected":false},"featured_media":8831,"template":"","meta":{"_acf_changed":false},"pwb-brand":[31],"product_brand":[],"product_cat":[366,134,197,30,193],"product_tag":[],"class_list":{"0":"post-8105","1":"product","2":"type-product","3":"status-publish","4":"has-post-thumbnail","6":"pwb-brand-fluke","7":"product_cat-todos-los-productos","8":"product_cat-calibradores-multifuncion","9":"product_cat-calibradores-multifuncion-herramientas-de-calibracion","10":"product_cat-fluke","11":"product_cat-herramientas-de-calibracion","13":"first","14":"instock","15":"taxable","16":"shipping-taxable","17":"product-type-simple"},"acf":[],"yoast_head":"<!-- This site is optimized with the Yoast SEO plugin v27.4 - https:\/\/yoast.com\/product\/yoast-seo-wordpress\/ -->\n<title>Fluke 725 Calibrador de procesos multifunci\u00f3n - Techmaster de Mexico<\/title>\n<meta name=\"robots\" content=\"index, follow, max-snippet:-1, max-image-preview:large, max-video-preview:-1\" \/>\n<link rel=\"canonical\" href=\"https:\/\/techmasterdemexico.com\/en\/producto\/fluke-725-calibrador-de-procesos-multifuncion\/\" \/>\n<meta property=\"og:locale\" content=\"en_US\" \/>\n<meta property=\"og:type\" content=\"article\" \/>\n<meta property=\"og:title\" content=\"Fluke 725 Calibrador de procesos multifunci\u00f3n - Techmaster de Mexico\" \/>\n<meta property=\"og:description\" content=\"El nuevo calibrador de procesos multifuncional Fluke 725 es un calibrador de campo potente y f\u00e1cil de usar. Puede emplear las funciones de medici\u00f3n y generaci\u00f3n para comprobar y calibrar pr\u00e1cticamente cualquier par\u00e1metro de procesos.   Forma aerodin\u00e1mica y peque\u00f1a, dise\u00f1o resistente y confiable para uso en campo  La pantalla de medici\u00f3n\/generaci\u00f3n de f\u00e1cil lectura permite ver simult\u00e1neamente los valores de entrada y de salida  Mide voltios, mA, RTD, termopares, frecuencia y ohmios para comprobar sensores y transmisores  Generaci\u00f3n y simulaci\u00f3n de voltios, mA, termopares, RTD, frecuencia, ohmios y presi\u00f3n para calibrar los transmisores  Mide\/genera presi\u00f3n usando cualquiera de los 29 m\u00f3dulos de presi\u00f3n Fluke 700Pxx  Genera mA con medida de presi\u00f3n simult\u00e1nea para realizar pruebas de I\/P y v\u00e1lvulas  Soporta la comprobaci\u00f3n de caudal\u00edmetros con las funciones de frecuencia y CPM  Efect\u00faa r\u00e1pidas comprobaciones de linealidad con las funciones incremento y rampa autom\u00e1ticas  Alimentaci\u00f3n de los transmisores mediante una fuente de alimentaci\u00f3n de bucle durante las pruebas con mediciones de mA simult\u00e1neas  Soporta transmisores RTD de impulso r\u00e1pido y PLC, con impulsos de tan solo 10 ms.  Permite guardar las configuraciones de comprobaci\u00f3n usadas con mayor frecuencia para emplearlas posteriormente  \u00bfDesea m\u00e1s precisi\u00f3n, generaci\u00f3n de pulsos, totalizaci\u00f3n y m\u00e1s? Considere el Calibrador multifunci\u00f3n de precisi\u00f3n Fluke 726.   \u00bfNecesita una clasificaci\u00f3n de seguridad intr\u00ednseca en su calibrador? Considere el Calibrador de procesos multifunci\u00f3n 725Ex de Fluke intr\u00ednsecamente seguro.   \u00bfDesea integrar en su calibrador la documentaci\u00f3n y la comunicaci\u00f3n HART? Considere el Calibrador de procesos documentador Fluke 754 con HART.\" \/>\n<meta property=\"og:url\" content=\"https:\/\/techmasterdemexico.com\/en\/producto\/fluke-725-calibrador-de-procesos-multifuncion\/\" \/>\n<meta property=\"og:site_name\" content=\"Techmaster de Mexico\" \/>\n<meta property=\"article:modified_time\" content=\"2021-12-28T22:22:13+00:00\" \/>\n<meta property=\"og:image\" content=\"https:\/\/techmasterdemexico.com\/wp-content\/uploads\/2021\/08\/Fluke-725-Multifunction-Process-Calibrator-low-resolution.png\" \/>\n\t<meta property=\"og:image:width\" content=\"411\" \/>\n\t<meta property=\"og:image:height\" content=\"410\" \/>\n\t<meta property=\"og:image:type\" content=\"image\/png\" \/>\n<meta name=\"twitter:card\" content=\"summary_large_image\" \/>\n<meta name=\"twitter:label1\" content=\"Est. reading time\" \/>\n\t<meta name=\"twitter:data1\" content=\"1 minute\" \/>\n<script type=\"application\/ld+json\" class=\"yoast-schema-graph\">{\"@context\":\"https:\\\/\\\/schema.org\",\"@graph\":[{\"@type\":\"WebPage\",\"@id\":\"https:\\\/\\\/techmasterdemexico.com\\\/en\\\/producto\\\/fluke-725-calibrador-de-procesos-multifuncion\\\/\",\"url\":\"https:\\\/\\\/techmasterdemexico.com\\\/en\\\/producto\\\/fluke-725-calibrador-de-procesos-multifuncion\\\/\",\"name\":\"Fluke 725 Calibrador de procesos multifunci\u00f3n - Techmaster de Mexico\",\"isPartOf\":{\"@id\":\"https:\\\/\\\/techmasterdemexico.com\\\/#website\"},\"primaryImageOfPage\":{\"@id\":\"https:\\\/\\\/techmasterdemexico.com\\\/en\\\/producto\\\/fluke-725-calibrador-de-procesos-multifuncion\\\/#primaryimage\"},\"image\":{\"@id\":\"https:\\\/\\\/techmasterdemexico.com\\\/en\\\/producto\\\/fluke-725-calibrador-de-procesos-multifuncion\\\/#primaryimage\"},\"thumbnailUrl\":\"https:\\\/\\\/techmasterdemexico.com\\\/wp-content\\\/uploads\\\/2021\\\/08\\\/Fluke-725-Multifunction-Process-Calibrator-low-resolution.png\",\"datePublished\":\"2021-08-19T17:42:51+00:00\",\"dateModified\":\"2021-12-28T22:22:13+00:00\",\"breadcrumb\":{\"@id\":\"https:\\\/\\\/techmasterdemexico.com\\\/en\\\/producto\\\/fluke-725-calibrador-de-procesos-multifuncion\\\/#breadcrumb\"},\"inLanguage\":\"en-US\",\"potentialAction\":[{\"@type\":\"ReadAction\",\"target\":[\"https:\\\/\\\/techmasterdemexico.com\\\/en\\\/producto\\\/fluke-725-calibrador-de-procesos-multifuncion\\\/\"]}]},{\"@type\":\"ImageObject\",\"inLanguage\":\"en-US\",\"@id\":\"https:\\\/\\\/techmasterdemexico.com\\\/en\\\/producto\\\/fluke-725-calibrador-de-procesos-multifuncion\\\/#primaryimage\",\"url\":\"https:\\\/\\\/techmasterdemexico.com\\\/wp-content\\\/uploads\\\/2021\\\/08\\\/Fluke-725-Multifunction-Process-Calibrator-low-resolution.png\",\"contentUrl\":\"https:\\\/\\\/techmasterdemexico.com\\\/wp-content\\\/uploads\\\/2021\\\/08\\\/Fluke-725-Multifunction-Process-Calibrator-low-resolution.png\",\"width\":411,\"height\":410},{\"@type\":\"BreadcrumbList\",\"@id\":\"https:\\\/\\\/techmasterdemexico.com\\\/en\\\/producto\\\/fluke-725-calibrador-de-procesos-multifuncion\\\/#breadcrumb\",\"itemListElement\":[{\"@type\":\"ListItem\",\"position\":1,\"name\":\"Portada\",\"item\":\"https:\\\/\\\/techmasterdemexico.com\\\/\"},{\"@type\":\"ListItem\",\"position\":2,\"name\":\"Fluke 725 Calibrador de procesos multifunci\u00f3n\"}]},{\"@type\":\"WebSite\",\"@id\":\"https:\\\/\\\/techmasterdemexico.com\\\/#website\",\"url\":\"https:\\\/\\\/techmasterdemexico.com\\\/\",\"name\":\"Techmaster de Mexico\",\"description\":\"\",\"potentialAction\":[{\"@type\":\"SearchAction\",\"target\":{\"@type\":\"EntryPoint\",\"urlTemplate\":\"https:\\\/\\\/techmasterdemexico.com\\\/?s={search_term_string}\"},\"query-input\":{\"@type\":\"PropertyValueSpecification\",\"valueRequired\":true,\"valueName\":\"search_term_string\"}}],\"inLanguage\":\"en-US\"}]}<\/script>\n<!-- \/ Yoast SEO plugin. -->","yoast_head_json":{"title":"Fluke 725 Calibrador de procesos multifunci\u00f3n - Techmaster de Mexico","robots":{"index":"index","follow":"follow","max-snippet":"max-snippet:-1","max-image-preview":"max-image-preview:large","max-video-preview":"max-video-preview:-1"},"canonical":"https:\/\/techmasterdemexico.com\/en\/producto\/fluke-725-calibrador-de-procesos-multifuncion\/","og_locale":"en_US","og_type":"article","og_title":"Fluke 725 Calibrador de procesos multifunci\u00f3n - Techmaster de Mexico","og_description":"El nuevo calibrador de procesos multifuncional Fluke 725 es un calibrador de campo potente y f\u00e1cil de usar. Puede emplear las funciones de medici\u00f3n y generaci\u00f3n para comprobar y calibrar pr\u00e1cticamente cualquier par\u00e1metro de procesos.   Forma aerodin\u00e1mica y peque\u00f1a, dise\u00f1o resistente y confiable para uso en campo  La pantalla de medici\u00f3n\/generaci\u00f3n de f\u00e1cil lectura permite ver simult\u00e1neamente los valores de entrada y de salida  Mide voltios, mA, RTD, termopares, frecuencia y ohmios para comprobar sensores y transmisores  Generaci\u00f3n y simulaci\u00f3n de voltios, mA, termopares, RTD, frecuencia, ohmios y presi\u00f3n para calibrar los transmisores  Mide\/genera presi\u00f3n usando cualquiera de los 29 m\u00f3dulos de presi\u00f3n Fluke 700Pxx  Genera mA con medida de presi\u00f3n simult\u00e1nea para realizar pruebas de I\/P y v\u00e1lvulas  Soporta la comprobaci\u00f3n de caudal\u00edmetros con las funciones de frecuencia y CPM  Efect\u00faa r\u00e1pidas comprobaciones de linealidad con las funciones incremento y rampa autom\u00e1ticas  Alimentaci\u00f3n de los transmisores mediante una fuente de alimentaci\u00f3n de bucle durante las pruebas con mediciones de mA simult\u00e1neas  Soporta transmisores RTD de impulso r\u00e1pido y PLC, con impulsos de tan solo 10 ms.  Permite guardar las configuraciones de comprobaci\u00f3n usadas con mayor frecuencia para emplearlas posteriormente  \u00bfDesea m\u00e1s precisi\u00f3n, generaci\u00f3n de pulsos, totalizaci\u00f3n y m\u00e1s? Considere el Calibrador multifunci\u00f3n de precisi\u00f3n Fluke 726.   \u00bfNecesita una clasificaci\u00f3n de seguridad intr\u00ednseca en su calibrador? Considere el Calibrador de procesos multifunci\u00f3n 725Ex de Fluke intr\u00ednsecamente seguro.   \u00bfDesea integrar en su calibrador la documentaci\u00f3n y la comunicaci\u00f3n HART? Considere el Calibrador de procesos documentador Fluke 754 con HART.","og_url":"https:\/\/techmasterdemexico.com\/en\/producto\/fluke-725-calibrador-de-procesos-multifuncion\/","og_site_name":"Techmaster de Mexico","article_modified_time":"2021-12-28T22:22:13+00:00","og_image":[{"width":411,"height":410,"url":"https:\/\/techmasterdemexico.com\/wp-content\/uploads\/2021\/08\/Fluke-725-Multifunction-Process-Calibrator-low-resolution.png","type":"image\/png"}],"twitter_card":"summary_large_image","twitter_misc":{"Est. reading time":"1 minute"},"schema":{"@context":"https:\/\/schema.org","@graph":[{"@type":"WebPage","@id":"https:\/\/techmasterdemexico.com\/en\/producto\/fluke-725-calibrador-de-procesos-multifuncion\/","url":"https:\/\/techmasterdemexico.com\/en\/producto\/fluke-725-calibrador-de-procesos-multifuncion\/","name":"Fluke 725 Calibrador de procesos multifunci\u00f3n - Techmaster de Mexico","isPartOf":{"@id":"https:\/\/techmasterdemexico.com\/#website"},"primaryImageOfPage":{"@id":"https:\/\/techmasterdemexico.com\/en\/producto\/fluke-725-calibrador-de-procesos-multifuncion\/#primaryimage"},"image":{"@id":"https:\/\/techmasterdemexico.com\/en\/producto\/fluke-725-calibrador-de-procesos-multifuncion\/#primaryimage"},"thumbnailUrl":"https:\/\/techmasterdemexico.com\/wp-content\/uploads\/2021\/08\/Fluke-725-Multifunction-Process-Calibrator-low-resolution.png","datePublished":"2021-08-19T17:42:51+00:00","dateModified":"2021-12-28T22:22:13+00:00","breadcrumb":{"@id":"https:\/\/techmasterdemexico.com\/en\/producto\/fluke-725-calibrador-de-procesos-multifuncion\/#breadcrumb"},"inLanguage":"en-US","potentialAction":[{"@type":"ReadAction","target":["https:\/\/techmasterdemexico.com\/en\/producto\/fluke-725-calibrador-de-procesos-multifuncion\/"]}]},{"@type":"ImageObject","inLanguage":"en-US","@id":"https:\/\/techmasterdemexico.com\/en\/producto\/fluke-725-calibrador-de-procesos-multifuncion\/#primaryimage","url":"https:\/\/techmasterdemexico.com\/wp-content\/uploads\/2021\/08\/Fluke-725-Multifunction-Process-Calibrator-low-resolution.png","contentUrl":"https:\/\/techmasterdemexico.com\/wp-content\/uploads\/2021\/08\/Fluke-725-Multifunction-Process-Calibrator-low-resolution.png","width":411,"height":410},{"@type":"BreadcrumbList","@id":"https:\/\/techmasterdemexico.com\/en\/producto\/fluke-725-calibrador-de-procesos-multifuncion\/#breadcrumb","itemListElement":[{"@type":"ListItem","position":1,"name":"Portada","item":"https:\/\/techmasterdemexico.com\/"},{"@type":"ListItem","position":2,"name":"Fluke 725 Calibrador de procesos multifunci\u00f3n"}]},{"@type":"WebSite","@id":"https:\/\/techmasterdemexico.com\/#website","url":"https:\/\/techmasterdemexico.com\/","name":"Techmaster de Mexico","description":"","potentialAction":[{"@type":"SearchAction","target":{"@type":"EntryPoint","urlTemplate":"https:\/\/techmasterdemexico.com\/?s={search_term_string}"},"query-input":{"@type":"PropertyValueSpecification","valueRequired":true,"valueName":"search_term_string"}}],"inLanguage":"en-US"}]}},"brands":[{"id":31,"name":"Fluke","slug":"fluke"}],"_links":{"self":[{"href":"https:\/\/techmasterdemexico.com\/en\/wp-json\/wp\/v2\/product\/8105","targetHints":{"allow":["GET"]}}],"collection":[{"href":"https:\/\/techmasterdemexico.com\/en\/wp-json\/wp\/v2\/product"}],"about":[{"href":"https:\/\/techmasterdemexico.com\/en\/wp-json\/wp\/v2\/types\/product"}],"wp:featuredmedia":[{"embeddable":true,"href":"https:\/\/techmasterdemexico.com\/en\/wp-json\/wp\/v2\/media\/8831"}],"wp:attachment":[{"href":"https:\/\/techmasterdemexico.com\/en\/wp-json\/wp\/v2\/media?parent=8105"}],"wp:term":[{"taxonomy":"pwb-brand","embeddable":true,"href":"https:\/\/techmasterdemexico.com\/en\/wp-json\/wp\/v2\/pwb-brand?post=8105"},{"taxonomy":"product_brand","embeddable":true,"href":"https:\/\/techmasterdemexico.com\/en\/wp-json\/wp\/v2\/product_brand?post=8105"},{"taxonomy":"product_cat","embeddable":true,"href":"https:\/\/techmasterdemexico.com\/en\/wp-json\/wp\/v2\/product_cat?post=8105"},{"taxonomy":"product_tag","embeddable":true,"href":"https:\/\/techmasterdemexico.com\/en\/wp-json\/wp\/v2\/product_tag?post=8105"}],"curies":[{"name":"wp","href":"https:\/\/api.w.org\/{rel}","templated":true}]}}