{"id":8104,"date":"2021-08-19T17:42:50","date_gmt":"2021-08-19T17:42:50","guid":{"rendered":"http:\/\/techmastermx.ddns.net\/producto\/calibrador-de-procesos-multifuncion-de-precision-fluke-726\/"},"modified":"2021-12-28T22:22:15","modified_gmt":"2021-12-28T22:22:15","slug":"calibrador-de-procesos-multifuncion-de-precision-fluke-726","status":"publish","type":"product","link":"https:\/\/techmasterdemexico.com\/en\/producto\/calibrador-de-procesos-multifuncion-de-precision-fluke-726\/","title":{"rendered":"Calibrador de procesos multifunci\u00f3n de precisi\u00f3n Fluke 726"},"content":{"rendered":"<p>Obtenga un mayor rendimiento en la calibraci\u00f3n de procesos<\/p>\n<p>El calibrador de procesos multifunci\u00f3n de precisi\u00f3n Fluke 726 est\u00e1 dise\u00f1ado espec\u00edficamente para la industria de procesos, con una amplia cobertura de la carga de trabajo, potencia de calibraci\u00f3n y exactitud inigualables. El modelo 726 mide y sirve de fuente para casi todos los par\u00e1metros de procesos y puede calibrar casi cualquier cosa. El Fluke 726 tambi\u00e9n puede interpretar los resultados sin la ayuda de una calculadora y almacenar medidas para su an\u00e1lisis posterior.<\/p>\n<p>\u00bfNecesita una clasificaci\u00f3n de seguridad intr\u00ednseca en su calibrador? Considere el Calibrador de procesos multifunci\u00f3n 725Ex de Fluke intr\u00ednsecamente seguro.<\/p>\n<p>\u00bfDesea integrar en su calibrador la documentaci\u00f3n y la comunicaci\u00f3n HART? Considere el Calibrador de procesos documentador Fluke 754 con HART.<\/p>\n","protected":false},"excerpt":{"rendered":"<p>El calibrador de procesos multifunci\u00f3n de precisi\u00f3n Fluke 726 es un calibrador preciso, potente y f\u00e1cil de usar en el campo. Puede emplear las funciones de medici\u00f3n y generaci\u00f3n para comprobar y calibrar pr\u00e1cticamente cualquier par\u00e1metro de procesos.<\/p>\n<p>Mayor precisi\u00f3n de medida y generaci\u00f3n: precisi\u00f3n del 0.01 %.<\/p>\n<p>Dos canales independientes; miden, generan y detectan se\u00f1ales de forma simult\u00e1nea<\/p>\n<p>Mide voltios, mA, RTD, termopares, frecuencia y resistencia para comprobar sensores y transmisores<\/p>\n<p>Genera\/simula voltios, mA, termopares, RTD, frecuencia y presi\u00f3n para calibrar transmisores<\/p>\n<p>Mide o genera presi\u00f3n* usando cualquiera de los 29 m\u00f3dulos de presi\u00f3n Fluke 700Pxx<\/p>\n<p>Genera mA con medida de presi\u00f3n simult\u00e1nea para realizar pruebas de I\/P y v\u00e1lvulas<\/p>\n<p>La prueba integrada de interruptores de presi\u00f3n le permite capturar el ajuste, restablecimiento y banda muerta de un interruptor<\/p>\n<p>Capacidad de memoria para hasta 8 resultados de calibraci\u00f3n; recupera los datos de calibraci\u00f3n almacenados durante las comprobaciones para su an\u00e1lisis posterior<\/p>\n<p>C\u00e1lculo % del error del transmisor: interprete resultados de calibraci\u00f3n sin necesidad de una calculadora<\/p>\n<p>La realizaci\u00f3n de pruebas r\u00e1pidas de linealidad con caracter\u00edsticas de intervalo autom\u00e1tico y rampa autom\u00e1tica<\/p>\n<p>Puede alimentar a 24 Vdc los transmisores mientras mide simult\u00e1neamente su salida en mA<\/p>\n<p>Almacenamiento de configuraciones de prueba frecuentemente usadas para su uso futuro<\/p>\n<p>Totalizador de frecuencias y modo de fuente de tren de impulsos de frecuencias para mejorar la comprobaci\u00f3n de caudal\u00edmetros<\/p>\n<p>El modo HART inserta un resistor de 250 ohmios en la medici\u00f3n y fuente de mA para lograr compatibilidad con la instrumentaci\u00f3n HART<\/p>\n<p>Las curvas RTD personalizadas a\u00f1aden constantes de calibraci\u00f3n para la realizaci\u00f3n de calibraciones a RTD homologadas en calibraciones de temperatura.<\/p>\n<p>Nuevo dise\u00f1o de protecci\u00f3n de la entrada del voltaje para una mejora de la fiabilidad<\/p>\n<p>Tres a\u00f1os de garant\u00eda<\/p>\n<p>\u00bfNecesita una clasificaci\u00f3n de seguridad intr\u00ednseca en su calibrador? Considere el Calibrador de procesos multifunci\u00f3n 725Ex de Fluke intr\u00ednsecamente seguro.<\/p>\n<p>\u00bfDesea integrar en su calibrador la documentaci\u00f3n y la comunicaci\u00f3n HART? Considere el Calibrador de procesos documentador Fluke 754 con HART.<\/p>\n","protected":false},"featured_media":8846,"template":"","meta":{"_acf_changed":false},"pwb-brand":[31],"product_brand":[],"product_cat":[366,197,134,30,193],"product_tag":[],"class_list":{"0":"post-8104","1":"product","2":"type-product","3":"status-publish","4":"has-post-thumbnail","6":"pwb-brand-fluke","7":"product_cat-todos-los-productos","8":"product_cat-calibradores-multifuncion-herramientas-de-calibracion","9":"product_cat-calibradores-multifuncion","10":"product_cat-fluke","11":"product_cat-herramientas-de-calibracion","13":"first","14":"instock","15":"taxable","16":"shipping-taxable","17":"product-type-simple"},"acf":[],"yoast_head":"<!-- This site is optimized with the Yoast SEO plugin v27.4 - https:\/\/yoast.com\/product\/yoast-seo-wordpress\/ -->\n<title>Calibrador de procesos multifunci\u00f3n de precisi\u00f3n Fluke 726 - Techmaster de Mexico<\/title>\n<meta name=\"robots\" content=\"index, follow, max-snippet:-1, max-image-preview:large, max-video-preview:-1\" \/>\n<link rel=\"canonical\" href=\"https:\/\/techmasterdemexico.com\/producto\/calibrador-de-procesos-multifuncion-de-precision-fluke-726\/\" \/>\n<meta property=\"og:locale\" content=\"en_US\" \/>\n<meta property=\"og:type\" content=\"article\" \/>\n<meta property=\"og:title\" content=\"Calibrador de procesos multifunci\u00f3n de precisi\u00f3n Fluke 726 - Techmaster de Mexico\" \/>\n<meta property=\"og:description\" content=\"El calibrador de procesos multifunci\u00f3n de precisi\u00f3n Fluke 726 es un calibrador preciso, potente y f\u00e1cil de usar en el campo. Puede emplear las funciones de medici\u00f3n y generaci\u00f3n para comprobar y calibrar pr\u00e1cticamente cualquier par\u00e1metro de procesos.   Mayor precisi\u00f3n de medida y generaci\u00f3n: precisi\u00f3n del 0.01 %.  Dos canales independientes; miden, generan y detectan se\u00f1ales de forma simult\u00e1nea  Mide voltios, mA, RTD, termopares, frecuencia y resistencia para comprobar sensores y transmisores  Genera\/simula voltios, mA, termopares, RTD, frecuencia y presi\u00f3n para calibrar transmisores  Mide o genera presi\u00f3n* usando cualquiera de los 29 m\u00f3dulos de presi\u00f3n Fluke 700Pxx  Genera mA con medida de presi\u00f3n simult\u00e1nea para realizar pruebas de I\/P y v\u00e1lvulas  La prueba integrada de interruptores de presi\u00f3n le permite capturar el ajuste, restablecimiento y banda muerta de un interruptor  Capacidad de memoria para hasta 8 resultados de calibraci\u00f3n; recupera los datos de calibraci\u00f3n almacenados durante las comprobaciones para su an\u00e1lisis posterior  C\u00e1lculo % del error del transmisor: interprete resultados de calibraci\u00f3n sin necesidad de una calculadora  La realizaci\u00f3n de pruebas r\u00e1pidas de linealidad con caracter\u00edsticas de intervalo autom\u00e1tico y rampa autom\u00e1tica  Puede alimentar a 24 Vdc los transmisores mientras mide simult\u00e1neamente su salida en mA  Almacenamiento de configuraciones de prueba frecuentemente usadas para su uso futuro  Totalizador de frecuencias y modo de fuente de tren de impulsos de frecuencias para mejorar la comprobaci\u00f3n de caudal\u00edmetros  El modo HART inserta un resistor de 250 ohmios en la medici\u00f3n y fuente de mA para lograr compatibilidad con la instrumentaci\u00f3n HART  Las curvas RTD personalizadas a\u00f1aden constantes de calibraci\u00f3n para la realizaci\u00f3n de calibraciones a RTD homologadas en calibraciones de temperatura.  Nuevo dise\u00f1o de protecci\u00f3n de la entrada del voltaje para una mejora de la fiabilidad  Tres a\u00f1os de garant\u00eda  \u00bfNecesita una clasificaci\u00f3n de seguridad intr\u00ednseca en su calibrador? Considere el Calibrador de procesos multifunci\u00f3n 725Ex de Fluke intr\u00ednsecamente seguro.   \u00bfDesea integrar en su calibrador la documentaci\u00f3n y la comunicaci\u00f3n HART? Considere el Calibrador de procesos documentador Fluke 754 con HART.\" \/>\n<meta property=\"og:url\" content=\"https:\/\/techmasterdemexico.com\/producto\/calibrador-de-procesos-multifuncion-de-precision-fluke-726\/\" \/>\n<meta property=\"og:site_name\" content=\"Techmaster de Mexico\" \/>\n<meta property=\"article:modified_time\" content=\"2021-12-28T22:22:15+00:00\" \/>\n<meta property=\"og:image\" content=\"https:\/\/techmasterdemexico.com\/wp-content\/uploads\/2021\/08\/726_1500x1000.png\" \/>\n\t<meta property=\"og:image:width\" content=\"410\" \/>\n\t<meta property=\"og:image:height\" content=\"410\" \/>\n\t<meta property=\"og:image:type\" content=\"image\/png\" \/>\n<meta name=\"twitter:card\" content=\"summary_large_image\" \/>\n<meta name=\"twitter:label1\" content=\"Est. reading time\" \/>\n\t<meta name=\"twitter:data1\" content=\"1 minute\" \/>\n<script type=\"application\/ld+json\" class=\"yoast-schema-graph\">{\"@context\":\"https:\\\/\\\/schema.org\",\"@graph\":[{\"@type\":\"WebPage\",\"@id\":\"https:\\\/\\\/techmasterdemexico.com\\\/producto\\\/calibrador-de-procesos-multifuncion-de-precision-fluke-726\\\/\",\"url\":\"https:\\\/\\\/techmasterdemexico.com\\\/producto\\\/calibrador-de-procesos-multifuncion-de-precision-fluke-726\\\/\",\"name\":\"Calibrador de procesos multifunci\u00f3n de precisi\u00f3n Fluke 726 - Techmaster de Mexico\",\"isPartOf\":{\"@id\":\"https:\\\/\\\/techmasterdemexico.com\\\/#website\"},\"primaryImageOfPage\":{\"@id\":\"https:\\\/\\\/techmasterdemexico.com\\\/producto\\\/calibrador-de-procesos-multifuncion-de-precision-fluke-726\\\/#primaryimage\"},\"image\":{\"@id\":\"https:\\\/\\\/techmasterdemexico.com\\\/producto\\\/calibrador-de-procesos-multifuncion-de-precision-fluke-726\\\/#primaryimage\"},\"thumbnailUrl\":\"https:\\\/\\\/techmasterdemexico.com\\\/wp-content\\\/uploads\\\/2021\\\/08\\\/726_1500x1000.png\",\"datePublished\":\"2021-08-19T17:42:50+00:00\",\"dateModified\":\"2021-12-28T22:22:15+00:00\",\"breadcrumb\":{\"@id\":\"https:\\\/\\\/techmasterdemexico.com\\\/producto\\\/calibrador-de-procesos-multifuncion-de-precision-fluke-726\\\/#breadcrumb\"},\"inLanguage\":\"en-US\",\"potentialAction\":[{\"@type\":\"ReadAction\",\"target\":[\"https:\\\/\\\/techmasterdemexico.com\\\/producto\\\/calibrador-de-procesos-multifuncion-de-precision-fluke-726\\\/\"]}]},{\"@type\":\"ImageObject\",\"inLanguage\":\"en-US\",\"@id\":\"https:\\\/\\\/techmasterdemexico.com\\\/producto\\\/calibrador-de-procesos-multifuncion-de-precision-fluke-726\\\/#primaryimage\",\"url\":\"https:\\\/\\\/techmasterdemexico.com\\\/wp-content\\\/uploads\\\/2021\\\/08\\\/726_1500x1000.png\",\"contentUrl\":\"https:\\\/\\\/techmasterdemexico.com\\\/wp-content\\\/uploads\\\/2021\\\/08\\\/726_1500x1000.png\",\"width\":410,\"height\":410},{\"@type\":\"BreadcrumbList\",\"@id\":\"https:\\\/\\\/techmasterdemexico.com\\\/producto\\\/calibrador-de-procesos-multifuncion-de-precision-fluke-726\\\/#breadcrumb\",\"itemListElement\":[{\"@type\":\"ListItem\",\"position\":1,\"name\":\"Portada\",\"item\":\"https:\\\/\\\/techmasterdemexico.com\\\/\"},{\"@type\":\"ListItem\",\"position\":2,\"name\":\"Calibrador de procesos multifunci\u00f3n de precisi\u00f3n Fluke 726\"}]},{\"@type\":\"WebSite\",\"@id\":\"https:\\\/\\\/techmasterdemexico.com\\\/#website\",\"url\":\"https:\\\/\\\/techmasterdemexico.com\\\/\",\"name\":\"Techmaster de Mexico\",\"description\":\"\",\"potentialAction\":[{\"@type\":\"SearchAction\",\"target\":{\"@type\":\"EntryPoint\",\"urlTemplate\":\"https:\\\/\\\/techmasterdemexico.com\\\/?s={search_term_string}\"},\"query-input\":{\"@type\":\"PropertyValueSpecification\",\"valueRequired\":true,\"valueName\":\"search_term_string\"}}],\"inLanguage\":\"en-US\"}]}<\/script>\n<!-- \/ Yoast SEO plugin. -->","yoast_head_json":{"title":"Calibrador de procesos multifunci\u00f3n de precisi\u00f3n Fluke 726 - Techmaster de Mexico","robots":{"index":"index","follow":"follow","max-snippet":"max-snippet:-1","max-image-preview":"max-image-preview:large","max-video-preview":"max-video-preview:-1"},"canonical":"https:\/\/techmasterdemexico.com\/producto\/calibrador-de-procesos-multifuncion-de-precision-fluke-726\/","og_locale":"en_US","og_type":"article","og_title":"Calibrador de procesos multifunci\u00f3n de precisi\u00f3n Fluke 726 - Techmaster de Mexico","og_description":"El calibrador de procesos multifunci\u00f3n de precisi\u00f3n Fluke 726 es un calibrador preciso, potente y f\u00e1cil de usar en el campo. Puede emplear las funciones de medici\u00f3n y generaci\u00f3n para comprobar y calibrar pr\u00e1cticamente cualquier par\u00e1metro de procesos.   Mayor precisi\u00f3n de medida y generaci\u00f3n: precisi\u00f3n del 0.01 %.  Dos canales independientes; miden, generan y detectan se\u00f1ales de forma simult\u00e1nea  Mide voltios, mA, RTD, termopares, frecuencia y resistencia para comprobar sensores y transmisores  Genera\/simula voltios, mA, termopares, RTD, frecuencia y presi\u00f3n para calibrar transmisores  Mide o genera presi\u00f3n* usando cualquiera de los 29 m\u00f3dulos de presi\u00f3n Fluke 700Pxx  Genera mA con medida de presi\u00f3n simult\u00e1nea para realizar pruebas de I\/P y v\u00e1lvulas  La prueba integrada de interruptores de presi\u00f3n le permite capturar el ajuste, restablecimiento y banda muerta de un interruptor  Capacidad de memoria para hasta 8 resultados de calibraci\u00f3n; recupera los datos de calibraci\u00f3n almacenados durante las comprobaciones para su an\u00e1lisis posterior  C\u00e1lculo % del error del transmisor: interprete resultados de calibraci\u00f3n sin necesidad de una calculadora  La realizaci\u00f3n de pruebas r\u00e1pidas de linealidad con caracter\u00edsticas de intervalo autom\u00e1tico y rampa autom\u00e1tica  Puede alimentar a 24 Vdc los transmisores mientras mide simult\u00e1neamente su salida en mA  Almacenamiento de configuraciones de prueba frecuentemente usadas para su uso futuro  Totalizador de frecuencias y modo de fuente de tren de impulsos de frecuencias para mejorar la comprobaci\u00f3n de caudal\u00edmetros  El modo HART inserta un resistor de 250 ohmios en la medici\u00f3n y fuente de mA para lograr compatibilidad con la instrumentaci\u00f3n HART  Las curvas RTD personalizadas a\u00f1aden constantes de calibraci\u00f3n para la realizaci\u00f3n de calibraciones a RTD homologadas en calibraciones de temperatura.  Nuevo dise\u00f1o de protecci\u00f3n de la entrada del voltaje para una mejora de la fiabilidad  Tres a\u00f1os de garant\u00eda  \u00bfNecesita una clasificaci\u00f3n de seguridad intr\u00ednseca en su calibrador? Considere el Calibrador de procesos multifunci\u00f3n 725Ex de Fluke intr\u00ednsecamente seguro.   \u00bfDesea integrar en su calibrador la documentaci\u00f3n y la comunicaci\u00f3n HART? Considere el Calibrador de procesos documentador Fluke 754 con HART.","og_url":"https:\/\/techmasterdemexico.com\/producto\/calibrador-de-procesos-multifuncion-de-precision-fluke-726\/","og_site_name":"Techmaster de Mexico","article_modified_time":"2021-12-28T22:22:15+00:00","og_image":[{"width":410,"height":410,"url":"https:\/\/techmasterdemexico.com\/wp-content\/uploads\/2021\/08\/726_1500x1000.png","type":"image\/png"}],"twitter_card":"summary_large_image","twitter_misc":{"Est. reading time":"1 minute"},"schema":{"@context":"https:\/\/schema.org","@graph":[{"@type":"WebPage","@id":"https:\/\/techmasterdemexico.com\/producto\/calibrador-de-procesos-multifuncion-de-precision-fluke-726\/","url":"https:\/\/techmasterdemexico.com\/producto\/calibrador-de-procesos-multifuncion-de-precision-fluke-726\/","name":"Calibrador de procesos multifunci\u00f3n de precisi\u00f3n Fluke 726 - Techmaster de Mexico","isPartOf":{"@id":"https:\/\/techmasterdemexico.com\/#website"},"primaryImageOfPage":{"@id":"https:\/\/techmasterdemexico.com\/producto\/calibrador-de-procesos-multifuncion-de-precision-fluke-726\/#primaryimage"},"image":{"@id":"https:\/\/techmasterdemexico.com\/producto\/calibrador-de-procesos-multifuncion-de-precision-fluke-726\/#primaryimage"},"thumbnailUrl":"https:\/\/techmasterdemexico.com\/wp-content\/uploads\/2021\/08\/726_1500x1000.png","datePublished":"2021-08-19T17:42:50+00:00","dateModified":"2021-12-28T22:22:15+00:00","breadcrumb":{"@id":"https:\/\/techmasterdemexico.com\/producto\/calibrador-de-procesos-multifuncion-de-precision-fluke-726\/#breadcrumb"},"inLanguage":"en-US","potentialAction":[{"@type":"ReadAction","target":["https:\/\/techmasterdemexico.com\/producto\/calibrador-de-procesos-multifuncion-de-precision-fluke-726\/"]}]},{"@type":"ImageObject","inLanguage":"en-US","@id":"https:\/\/techmasterdemexico.com\/producto\/calibrador-de-procesos-multifuncion-de-precision-fluke-726\/#primaryimage","url":"https:\/\/techmasterdemexico.com\/wp-content\/uploads\/2021\/08\/726_1500x1000.png","contentUrl":"https:\/\/techmasterdemexico.com\/wp-content\/uploads\/2021\/08\/726_1500x1000.png","width":410,"height":410},{"@type":"BreadcrumbList","@id":"https:\/\/techmasterdemexico.com\/producto\/calibrador-de-procesos-multifuncion-de-precision-fluke-726\/#breadcrumb","itemListElement":[{"@type":"ListItem","position":1,"name":"Portada","item":"https:\/\/techmasterdemexico.com\/"},{"@type":"ListItem","position":2,"name":"Calibrador de procesos multifunci\u00f3n de precisi\u00f3n Fluke 726"}]},{"@type":"WebSite","@id":"https:\/\/techmasterdemexico.com\/#website","url":"https:\/\/techmasterdemexico.com\/","name":"Techmaster de Mexico","description":"","potentialAction":[{"@type":"SearchAction","target":{"@type":"EntryPoint","urlTemplate":"https:\/\/techmasterdemexico.com\/?s={search_term_string}"},"query-input":{"@type":"PropertyValueSpecification","valueRequired":true,"valueName":"search_term_string"}}],"inLanguage":"en-US"}]}},"brands":[{"id":31,"name":"Fluke","slug":"fluke"}],"_links":{"self":[{"href":"https:\/\/techmasterdemexico.com\/en\/wp-json\/wp\/v2\/product\/8104","targetHints":{"allow":["GET"]}}],"collection":[{"href":"https:\/\/techmasterdemexico.com\/en\/wp-json\/wp\/v2\/product"}],"about":[{"href":"https:\/\/techmasterdemexico.com\/en\/wp-json\/wp\/v2\/types\/product"}],"wp:featuredmedia":[{"embeddable":true,"href":"https:\/\/techmasterdemexico.com\/en\/wp-json\/wp\/v2\/media\/8846"}],"wp:attachment":[{"href":"https:\/\/techmasterdemexico.com\/en\/wp-json\/wp\/v2\/media?parent=8104"}],"wp:term":[{"taxonomy":"pwb-brand","embeddable":true,"href":"https:\/\/techmasterdemexico.com\/en\/wp-json\/wp\/v2\/pwb-brand?post=8104"},{"taxonomy":"product_brand","embeddable":true,"href":"https:\/\/techmasterdemexico.com\/en\/wp-json\/wp\/v2\/product_brand?post=8104"},{"taxonomy":"product_cat","embeddable":true,"href":"https:\/\/techmasterdemexico.com\/en\/wp-json\/wp\/v2\/product_cat?post=8104"},{"taxonomy":"product_tag","embeddable":true,"href":"https:\/\/techmasterdemexico.com\/en\/wp-json\/wp\/v2\/product_tag?post=8104"}],"curies":[{"name":"wp","href":"https:\/\/api.w.org\/{rel}","templated":true}]}}