{"id":8100,"date":"2021-08-19T17:42:49","date_gmt":"2021-08-19T17:42:49","guid":{"rendered":"http:\/\/techmastermx.ddns.net\/producto\/destornilladores-de-estrella-aislados-de-fluke\/"},"modified":"2021-12-28T22:12:21","modified_gmt":"2021-12-28T22:12:21","slug":"destornilladores-de-estrella-aislados-de-fluke","status":"publish","type":"product","link":"https:\/\/techmasterdemexico.com\/en\/producto\/destornilladores-de-estrella-aislados-de-fluke\/","title":{"rendered":"Destornilladores de estrella aislados de Fluke"},"content":{"rendered":"<p>Destornilladores de estrella aislados de Fluke<\/p>\n<p>Un trabajo no est\u00e1 acabado hasta que se ha apretado la \u00faltima tuerca. Los destornilladores de punta plana aislados de precisi\u00f3n se ajustan y agarran adecuadamente la pieza para aplicar el m\u00e1ximo par sin da\u00f1ar la punta. Las hojas de acero templado al cromo-molibdeno-vanadio (CMV) minimizan el desgaste. Lo \u00faltimo que uno quiere es que el destornillador resbale de la cabeza del tornillo y entre en contacto con un conductor cercano con tensi\u00f3n.<\/p>\n<p>Fluke ofrece dos tama\u00f1os de destornilladores de estrella. Ambos est\u00e1n certificados para 1000 V CA y 1500 V CC. Cada destornillador se ha sometido a tensiones de 10.000 V y cuenta con una garant\u00eda limitada de por vida.<\/p>\n","protected":false},"excerpt":{"rendered":"<ul>\n<li>Mango ergon\u00f3mico que se adapta a la mano del usuario, permite reducir el esfuerzo y la fatiga, y proporciona el par m\u00e1ximo.<\/li>\n<li>N\u00facleo del mango de cuerpo entero resistente a impactos recubierto con un material exterior blando antideslizante, con un orificio que permite colgar la herramienta para mayor seguridad y mango con un dise\u00f1o que evita que la herramienta se desplace rodando de forma inadvertida.<\/li>\n<li>V\u00e1stago aislado delgado que permite acceder a lugares dif\u00edciles.<\/li>\n<li>Certificados para 1000 V CA, 1500 V CC<\/li>\n<li>Forjado con acero alem\u00e1n CMV de gran durabilidad.<\/li>\n<\/ul>\n","protected":false},"featured_media":8850,"template":"","meta":{"_acf_changed":false},"pwb-brand":[31],"product_brand":[],"product_cat":[366,30,32],"product_tag":[],"class_list":{"0":"post-8100","1":"product","2":"type-product","3":"status-publish","4":"has-post-thumbnail","6":"pwb-brand-fluke","7":"product_cat-todos-los-productos","8":"product_cat-fluke","9":"product_cat-herramientas-de-aislamiento","11":"first","12":"instock","13":"taxable","14":"shipping-taxable","15":"product-type-simple"},"acf":[],"yoast_head":"<!-- This site is optimized with the Yoast SEO plugin v27.3 - https:\/\/yoast.com\/product\/yoast-seo-wordpress\/ -->\n<title>Destornilladores de estrella aislados de Fluke - Techmaster de Mexico<\/title>\n<meta name=\"robots\" content=\"index, follow, max-snippet:-1, max-image-preview:large, max-video-preview:-1\" \/>\n<link rel=\"canonical\" href=\"https:\/\/techmasterdemexico.com\/producto\/destornilladores-de-estrella-aislados-de-fluke\/\" \/>\n<meta property=\"og:locale\" content=\"en_US\" \/>\n<meta property=\"og:type\" content=\"article\" \/>\n<meta property=\"og:title\" content=\"Destornilladores de estrella aislados de Fluke - Techmaster de Mexico\" \/>\n<meta property=\"og:description\" content=\"Mango ergon\u00f3mico que se adapta a la mano del usuario, permite reducir el esfuerzo y la fatiga, y proporciona el par m\u00e1ximo.   N\u00facleo del mango de cuerpo entero resistente a impactos recubierto con un material exterior blando antideslizante, con un orificio que permite colgar la herramienta para mayor seguridad y mango con un dise\u00f1o que evita que la herramienta se desplace rodando de forma inadvertida.   V\u00e1stago aislado delgado que permite acceder a lugares dif\u00edciles.   Certificados para 1000 V CA, 1500 V CC   Forjado con acero alem\u00e1n CMV de gran durabilidad.\" \/>\n<meta property=\"og:url\" content=\"https:\/\/techmasterdemexico.com\/producto\/destornilladores-de-estrella-aislados-de-fluke\/\" \/>\n<meta property=\"og:site_name\" content=\"Techmaster de Mexico\" \/>\n<meta property=\"article:modified_time\" content=\"2021-12-28T22:12:21+00:00\" \/>\n<meta property=\"og:image\" content=\"https:\/\/techmasterdemexico.com\/wp-content\/uploads\/2021\/08\/1-27.jpg\" \/>\n\t<meta property=\"og:image:width\" content=\"500\" \/>\n\t<meta property=\"og:image:height\" content=\"500\" \/>\n\t<meta property=\"og:image:type\" content=\"image\/jpeg\" \/>\n<meta name=\"twitter:card\" content=\"summary_large_image\" \/>\n<meta name=\"twitter:label1\" content=\"Est. reading time\" \/>\n\t<meta name=\"twitter:data1\" content=\"1 minute\" \/>\n<script type=\"application\/ld+json\" class=\"yoast-schema-graph\">{\"@context\":\"https:\\\/\\\/schema.org\",\"@graph\":[{\"@type\":\"WebPage\",\"@id\":\"https:\\\/\\\/techmasterdemexico.com\\\/producto\\\/destornilladores-de-estrella-aislados-de-fluke\\\/\",\"url\":\"https:\\\/\\\/techmasterdemexico.com\\\/producto\\\/destornilladores-de-estrella-aislados-de-fluke\\\/\",\"name\":\"Destornilladores de estrella aislados de Fluke - Techmaster de Mexico\",\"isPartOf\":{\"@id\":\"https:\\\/\\\/techmasterdemexico.com\\\/#website\"},\"primaryImageOfPage\":{\"@id\":\"https:\\\/\\\/techmasterdemexico.com\\\/producto\\\/destornilladores-de-estrella-aislados-de-fluke\\\/#primaryimage\"},\"image\":{\"@id\":\"https:\\\/\\\/techmasterdemexico.com\\\/producto\\\/destornilladores-de-estrella-aislados-de-fluke\\\/#primaryimage\"},\"thumbnailUrl\":\"https:\\\/\\\/techmasterdemexico.com\\\/wp-content\\\/uploads\\\/2021\\\/08\\\/1-27.jpg\",\"datePublished\":\"2021-08-19T17:42:49+00:00\",\"dateModified\":\"2021-12-28T22:12:21+00:00\",\"breadcrumb\":{\"@id\":\"https:\\\/\\\/techmasterdemexico.com\\\/producto\\\/destornilladores-de-estrella-aislados-de-fluke\\\/#breadcrumb\"},\"inLanguage\":\"en-US\",\"potentialAction\":[{\"@type\":\"ReadAction\",\"target\":[\"https:\\\/\\\/techmasterdemexico.com\\\/producto\\\/destornilladores-de-estrella-aislados-de-fluke\\\/\"]}]},{\"@type\":\"ImageObject\",\"inLanguage\":\"en-US\",\"@id\":\"https:\\\/\\\/techmasterdemexico.com\\\/producto\\\/destornilladores-de-estrella-aislados-de-fluke\\\/#primaryimage\",\"url\":\"https:\\\/\\\/techmasterdemexico.com\\\/wp-content\\\/uploads\\\/2021\\\/08\\\/1-27.jpg\",\"contentUrl\":\"https:\\\/\\\/techmasterdemexico.com\\\/wp-content\\\/uploads\\\/2021\\\/08\\\/1-27.jpg\",\"width\":500,\"height\":500},{\"@type\":\"BreadcrumbList\",\"@id\":\"https:\\\/\\\/techmasterdemexico.com\\\/producto\\\/destornilladores-de-estrella-aislados-de-fluke\\\/#breadcrumb\",\"itemListElement\":[{\"@type\":\"ListItem\",\"position\":1,\"name\":\"Portada\",\"item\":\"https:\\\/\\\/techmasterdemexico.com\\\/\"},{\"@type\":\"ListItem\",\"position\":2,\"name\":\"Destornilladores de estrella aislados de Fluke\"}]},{\"@type\":\"WebSite\",\"@id\":\"https:\\\/\\\/techmasterdemexico.com\\\/#website\",\"url\":\"https:\\\/\\\/techmasterdemexico.com\\\/\",\"name\":\"Techmaster de Mexico\",\"description\":\"\",\"potentialAction\":[{\"@type\":\"SearchAction\",\"target\":{\"@type\":\"EntryPoint\",\"urlTemplate\":\"https:\\\/\\\/techmasterdemexico.com\\\/?s={search_term_string}\"},\"query-input\":{\"@type\":\"PropertyValueSpecification\",\"valueRequired\":true,\"valueName\":\"search_term_string\"}}],\"inLanguage\":\"en-US\"}]}<\/script>\n<!-- \/ Yoast SEO plugin. -->","yoast_head_json":{"title":"Destornilladores de estrella aislados de Fluke - Techmaster de Mexico","robots":{"index":"index","follow":"follow","max-snippet":"max-snippet:-1","max-image-preview":"max-image-preview:large","max-video-preview":"max-video-preview:-1"},"canonical":"https:\/\/techmasterdemexico.com\/producto\/destornilladores-de-estrella-aislados-de-fluke\/","og_locale":"en_US","og_type":"article","og_title":"Destornilladores de estrella aislados de Fluke - Techmaster de Mexico","og_description":"Mango ergon\u00f3mico que se adapta a la mano del usuario, permite reducir el esfuerzo y la fatiga, y proporciona el par m\u00e1ximo.   N\u00facleo del mango de cuerpo entero resistente a impactos recubierto con un material exterior blando antideslizante, con un orificio que permite colgar la herramienta para mayor seguridad y mango con un dise\u00f1o que evita que la herramienta se desplace rodando de forma inadvertida.   V\u00e1stago aislado delgado que permite acceder a lugares dif\u00edciles.   Certificados para 1000 V CA, 1500 V CC   Forjado con acero alem\u00e1n CMV de gran durabilidad.","og_url":"https:\/\/techmasterdemexico.com\/producto\/destornilladores-de-estrella-aislados-de-fluke\/","og_site_name":"Techmaster de Mexico","article_modified_time":"2021-12-28T22:12:21+00:00","og_image":[{"width":500,"height":500,"url":"https:\/\/techmasterdemexico.com\/wp-content\/uploads\/2021\/08\/1-27.jpg","type":"image\/jpeg"}],"twitter_card":"summary_large_image","twitter_misc":{"Est. reading time":"1 minute"},"schema":{"@context":"https:\/\/schema.org","@graph":[{"@type":"WebPage","@id":"https:\/\/techmasterdemexico.com\/producto\/destornilladores-de-estrella-aislados-de-fluke\/","url":"https:\/\/techmasterdemexico.com\/producto\/destornilladores-de-estrella-aislados-de-fluke\/","name":"Destornilladores de estrella aislados de Fluke - Techmaster de Mexico","isPartOf":{"@id":"https:\/\/techmasterdemexico.com\/#website"},"primaryImageOfPage":{"@id":"https:\/\/techmasterdemexico.com\/producto\/destornilladores-de-estrella-aislados-de-fluke\/#primaryimage"},"image":{"@id":"https:\/\/techmasterdemexico.com\/producto\/destornilladores-de-estrella-aislados-de-fluke\/#primaryimage"},"thumbnailUrl":"https:\/\/techmasterdemexico.com\/wp-content\/uploads\/2021\/08\/1-27.jpg","datePublished":"2021-08-19T17:42:49+00:00","dateModified":"2021-12-28T22:12:21+00:00","breadcrumb":{"@id":"https:\/\/techmasterdemexico.com\/producto\/destornilladores-de-estrella-aislados-de-fluke\/#breadcrumb"},"inLanguage":"en-US","potentialAction":[{"@type":"ReadAction","target":["https:\/\/techmasterdemexico.com\/producto\/destornilladores-de-estrella-aislados-de-fluke\/"]}]},{"@type":"ImageObject","inLanguage":"en-US","@id":"https:\/\/techmasterdemexico.com\/producto\/destornilladores-de-estrella-aislados-de-fluke\/#primaryimage","url":"https:\/\/techmasterdemexico.com\/wp-content\/uploads\/2021\/08\/1-27.jpg","contentUrl":"https:\/\/techmasterdemexico.com\/wp-content\/uploads\/2021\/08\/1-27.jpg","width":500,"height":500},{"@type":"BreadcrumbList","@id":"https:\/\/techmasterdemexico.com\/producto\/destornilladores-de-estrella-aislados-de-fluke\/#breadcrumb","itemListElement":[{"@type":"ListItem","position":1,"name":"Portada","item":"https:\/\/techmasterdemexico.com\/"},{"@type":"ListItem","position":2,"name":"Destornilladores de estrella aislados de Fluke"}]},{"@type":"WebSite","@id":"https:\/\/techmasterdemexico.com\/#website","url":"https:\/\/techmasterdemexico.com\/","name":"Techmaster de Mexico","description":"","potentialAction":[{"@type":"SearchAction","target":{"@type":"EntryPoint","urlTemplate":"https:\/\/techmasterdemexico.com\/?s={search_term_string}"},"query-input":{"@type":"PropertyValueSpecification","valueRequired":true,"valueName":"search_term_string"}}],"inLanguage":"en-US"}]}},"brands":[{"id":31,"name":"Fluke","slug":"fluke"}],"_links":{"self":[{"href":"https:\/\/techmasterdemexico.com\/en\/wp-json\/wp\/v2\/product\/8100","targetHints":{"allow":["GET"]}}],"collection":[{"href":"https:\/\/techmasterdemexico.com\/en\/wp-json\/wp\/v2\/product"}],"about":[{"href":"https:\/\/techmasterdemexico.com\/en\/wp-json\/wp\/v2\/types\/product"}],"wp:featuredmedia":[{"embeddable":true,"href":"https:\/\/techmasterdemexico.com\/en\/wp-json\/wp\/v2\/media\/8850"}],"wp:attachment":[{"href":"https:\/\/techmasterdemexico.com\/en\/wp-json\/wp\/v2\/media?parent=8100"}],"wp:term":[{"taxonomy":"pwb-brand","embeddable":true,"href":"https:\/\/techmasterdemexico.com\/en\/wp-json\/wp\/v2\/pwb-brand?post=8100"},{"taxonomy":"product_brand","embeddable":true,"href":"https:\/\/techmasterdemexico.com\/en\/wp-json\/wp\/v2\/product_brand?post=8100"},{"taxonomy":"product_cat","embeddable":true,"href":"https:\/\/techmasterdemexico.com\/en\/wp-json\/wp\/v2\/product_cat?post=8100"},{"taxonomy":"product_tag","embeddable":true,"href":"https:\/\/techmasterdemexico.com\/en\/wp-json\/wp\/v2\/product_tag?post=8100"}],"curies":[{"name":"wp","href":"https:\/\/api.w.org\/{rel}","templated":true}]}}