{"id":8099,"date":"2021-08-19T17:42:48","date_gmt":"2021-08-19T17:42:48","guid":{"rendered":"http:\/\/techmastermx.ddns.net\/producto\/alicates-extensibles-aislados-de-fluke\/"},"modified":"2021-12-28T22:12:22","modified_gmt":"2021-12-28T22:12:22","slug":"alicates-extensibles-aislados-de-fluke","status":"publish","type":"product","link":"https:\/\/techmasterdemexico.com\/en\/producto\/alicates-extensibles-aislados-de-fluke\/","title":{"rendered":"Alicates extensibles aislados de Fluke"},"content":{"rendered":"<p>Alicates extensibles aislados de Fluke<\/p>\n<p>Los alicates ajustables y extensibles aislados de Fluke le proporcionan mayor fuerza de agarre y comodidad que los otros alicates ajustables convencionales de la misma longitud. La boca con 27 pasos de ajuste garantiza un mejor agarre de la pieza de trabajo y evita el deslizamiento con mayor eficacia que otros dise\u00f1os. El tama\u00f1o delgado del \u00e1rea de la cabeza y de la articulaci\u00f3n de estos alicates ajustables permite sujetar las piezas de trabajo en espacios reducidos.<\/p>\n<p>Estos alicates, que ofrecen bloqueo autom\u00e1tico en tuber\u00edas y tuercas, evitan que la pieza de trabajo resbale aplicando la menor fuerza manual posible. Las superficies de agarre cuentan con dientes pronunciados de dureza HRC61 para reducir el desgaste. Incorporan un mecanismo de protecci\u00f3n que evita que el usuario pueda atraparse los dedos entre los cabos. Fabricados con acero alem\u00e1n al cromo-molibdeno-vanadio (CMV), templado en aceite en varias etapas y con una garant\u00eda limitada de por vida.<\/p>\n","protected":false},"excerpt":{"rendered":"<ul>\n<li>Alicates de ajuste r\u00e1pido<\/li>\n<li>Mayor fuerza de agarre y comodidad en comparaci\u00f3n con otros alicates ajustables convencionales de la misma longitud<\/li>\n<li>Boca con 27 pasos de ajuste para garantizar un agarre m\u00e1s preciso y evitar el deslizamiento<\/li>\n<li>Forma esbelta para acceder mejor a cables e hilos conductores situados en lugares dif\u00edciles<\/li>\n<li>Certificados para 1000 V CA, 1500 V CC<\/li>\n<li>Bloqueo autom\u00e1tico para tuber\u00edas y tuercas<\/li>\n<li>Dise\u00f1o de articulaci\u00f3n encastada, gran estabilidad gracias a la doble gu\u00eda<\/li>\n<li>Incorporan un mecanismo de protecci\u00f3n que evita que el usuario se atrape los dedos<\/li>\n<li>Acero alem\u00e1n al cromo-molibdeno-vanadio<\/li>\n<\/ul>\n","protected":false},"featured_media":8857,"template":"","meta":{"_acf_changed":false},"pwb-brand":[31],"product_brand":[],"product_cat":[366,30,32],"product_tag":[],"class_list":{"0":"post-8099","1":"product","2":"type-product","3":"status-publish","4":"has-post-thumbnail","6":"pwb-brand-fluke","7":"product_cat-todos-los-productos","8":"product_cat-fluke","9":"product_cat-herramientas-de-aislamiento","11":"first","12":"instock","13":"taxable","14":"shipping-taxable","15":"product-type-simple"},"acf":[],"yoast_head":"<!-- This site is optimized with the Yoast SEO plugin v27.4 - https:\/\/yoast.com\/product\/yoast-seo-wordpress\/ -->\n<title>Alicates extensibles aislados de Fluke - Techmaster de Mexico<\/title>\n<meta name=\"robots\" content=\"index, follow, max-snippet:-1, max-image-preview:large, max-video-preview:-1\" \/>\n<link rel=\"canonical\" href=\"https:\/\/techmasterdemexico.com\/producto\/alicates-extensibles-aislados-de-fluke\/\" \/>\n<meta property=\"og:locale\" content=\"en_US\" \/>\n<meta property=\"og:type\" content=\"article\" \/>\n<meta property=\"og:title\" content=\"Alicates extensibles aislados de Fluke - Techmaster de Mexico\" \/>\n<meta property=\"og:description\" content=\"Alicates de ajuste r\u00e1pido   Mayor fuerza de agarre y comodidad en comparaci\u00f3n con otros alicates ajustables convencionales de la misma longitud   Boca con 27 pasos de ajuste para garantizar un agarre m\u00e1s preciso y evitar el deslizamiento   Forma esbelta para acceder mejor a cables e hilos conductores situados en lugares dif\u00edciles   Certificados para 1000 V CA, 1500 V CC   Bloqueo autom\u00e1tico para tuber\u00edas y tuercas   Dise\u00f1o de articulaci\u00f3n encastada, gran estabilidad gracias a la doble gu\u00eda   Incorporan un mecanismo de protecci\u00f3n que evita que el usuario se atrape los dedos   Acero alem\u00e1n al cromo-molibdeno-vanadio\" \/>\n<meta property=\"og:url\" content=\"https:\/\/techmasterdemexico.com\/producto\/alicates-extensibles-aislados-de-fluke\/\" \/>\n<meta property=\"og:site_name\" content=\"Techmaster de Mexico\" \/>\n<meta property=\"article:modified_time\" content=\"2021-12-28T22:12:22+00:00\" \/>\n<meta property=\"og:image\" content=\"https:\/\/techmasterdemexico.com\/wp-content\/uploads\/2021\/08\/1-30.jpg\" \/>\n\t<meta property=\"og:image:width\" content=\"500\" \/>\n\t<meta property=\"og:image:height\" content=\"500\" \/>\n\t<meta property=\"og:image:type\" content=\"image\/jpeg\" \/>\n<meta name=\"twitter:card\" content=\"summary_large_image\" \/>\n<meta name=\"twitter:label1\" content=\"Est. reading time\" \/>\n\t<meta name=\"twitter:data1\" content=\"1 minute\" \/>\n<script type=\"application\/ld+json\" class=\"yoast-schema-graph\">{\"@context\":\"https:\\\/\\\/schema.org\",\"@graph\":[{\"@type\":\"WebPage\",\"@id\":\"https:\\\/\\\/techmasterdemexico.com\\\/producto\\\/alicates-extensibles-aislados-de-fluke\\\/\",\"url\":\"https:\\\/\\\/techmasterdemexico.com\\\/producto\\\/alicates-extensibles-aislados-de-fluke\\\/\",\"name\":\"Alicates extensibles aislados de Fluke - Techmaster de Mexico\",\"isPartOf\":{\"@id\":\"https:\\\/\\\/techmasterdemexico.com\\\/#website\"},\"primaryImageOfPage\":{\"@id\":\"https:\\\/\\\/techmasterdemexico.com\\\/producto\\\/alicates-extensibles-aislados-de-fluke\\\/#primaryimage\"},\"image\":{\"@id\":\"https:\\\/\\\/techmasterdemexico.com\\\/producto\\\/alicates-extensibles-aislados-de-fluke\\\/#primaryimage\"},\"thumbnailUrl\":\"https:\\\/\\\/techmasterdemexico.com\\\/wp-content\\\/uploads\\\/2021\\\/08\\\/1-30.jpg\",\"datePublished\":\"2021-08-19T17:42:48+00:00\",\"dateModified\":\"2021-12-28T22:12:22+00:00\",\"breadcrumb\":{\"@id\":\"https:\\\/\\\/techmasterdemexico.com\\\/producto\\\/alicates-extensibles-aislados-de-fluke\\\/#breadcrumb\"},\"inLanguage\":\"en-US\",\"potentialAction\":[{\"@type\":\"ReadAction\",\"target\":[\"https:\\\/\\\/techmasterdemexico.com\\\/producto\\\/alicates-extensibles-aislados-de-fluke\\\/\"]}]},{\"@type\":\"ImageObject\",\"inLanguage\":\"en-US\",\"@id\":\"https:\\\/\\\/techmasterdemexico.com\\\/producto\\\/alicates-extensibles-aislados-de-fluke\\\/#primaryimage\",\"url\":\"https:\\\/\\\/techmasterdemexico.com\\\/wp-content\\\/uploads\\\/2021\\\/08\\\/1-30.jpg\",\"contentUrl\":\"https:\\\/\\\/techmasterdemexico.com\\\/wp-content\\\/uploads\\\/2021\\\/08\\\/1-30.jpg\",\"width\":500,\"height\":500},{\"@type\":\"BreadcrumbList\",\"@id\":\"https:\\\/\\\/techmasterdemexico.com\\\/producto\\\/alicates-extensibles-aislados-de-fluke\\\/#breadcrumb\",\"itemListElement\":[{\"@type\":\"ListItem\",\"position\":1,\"name\":\"Portada\",\"item\":\"https:\\\/\\\/techmasterdemexico.com\\\/\"},{\"@type\":\"ListItem\",\"position\":2,\"name\":\"Alicates extensibles aislados de Fluke\"}]},{\"@type\":\"WebSite\",\"@id\":\"https:\\\/\\\/techmasterdemexico.com\\\/#website\",\"url\":\"https:\\\/\\\/techmasterdemexico.com\\\/\",\"name\":\"Techmaster de Mexico\",\"description\":\"\",\"potentialAction\":[{\"@type\":\"SearchAction\",\"target\":{\"@type\":\"EntryPoint\",\"urlTemplate\":\"https:\\\/\\\/techmasterdemexico.com\\\/?s={search_term_string}\"},\"query-input\":{\"@type\":\"PropertyValueSpecification\",\"valueRequired\":true,\"valueName\":\"search_term_string\"}}],\"inLanguage\":\"en-US\"}]}<\/script>\n<!-- \/ Yoast SEO plugin. -->","yoast_head_json":{"title":"Alicates extensibles aislados de Fluke - Techmaster de Mexico","robots":{"index":"index","follow":"follow","max-snippet":"max-snippet:-1","max-image-preview":"max-image-preview:large","max-video-preview":"max-video-preview:-1"},"canonical":"https:\/\/techmasterdemexico.com\/producto\/alicates-extensibles-aislados-de-fluke\/","og_locale":"en_US","og_type":"article","og_title":"Alicates extensibles aislados de Fluke - Techmaster de Mexico","og_description":"Alicates de ajuste r\u00e1pido   Mayor fuerza de agarre y comodidad en comparaci\u00f3n con otros alicates ajustables convencionales de la misma longitud   Boca con 27 pasos de ajuste para garantizar un agarre m\u00e1s preciso y evitar el deslizamiento   Forma esbelta para acceder mejor a cables e hilos conductores situados en lugares dif\u00edciles   Certificados para 1000 V CA, 1500 V CC   Bloqueo autom\u00e1tico para tuber\u00edas y tuercas   Dise\u00f1o de articulaci\u00f3n encastada, gran estabilidad gracias a la doble gu\u00eda   Incorporan un mecanismo de protecci\u00f3n que evita que el usuario se atrape los dedos   Acero alem\u00e1n al cromo-molibdeno-vanadio","og_url":"https:\/\/techmasterdemexico.com\/producto\/alicates-extensibles-aislados-de-fluke\/","og_site_name":"Techmaster de Mexico","article_modified_time":"2021-12-28T22:12:22+00:00","og_image":[{"width":500,"height":500,"url":"https:\/\/techmasterdemexico.com\/wp-content\/uploads\/2021\/08\/1-30.jpg","type":"image\/jpeg"}],"twitter_card":"summary_large_image","twitter_misc":{"Est. reading time":"1 minute"},"schema":{"@context":"https:\/\/schema.org","@graph":[{"@type":"WebPage","@id":"https:\/\/techmasterdemexico.com\/producto\/alicates-extensibles-aislados-de-fluke\/","url":"https:\/\/techmasterdemexico.com\/producto\/alicates-extensibles-aislados-de-fluke\/","name":"Alicates extensibles aislados de Fluke - Techmaster de Mexico","isPartOf":{"@id":"https:\/\/techmasterdemexico.com\/#website"},"primaryImageOfPage":{"@id":"https:\/\/techmasterdemexico.com\/producto\/alicates-extensibles-aislados-de-fluke\/#primaryimage"},"image":{"@id":"https:\/\/techmasterdemexico.com\/producto\/alicates-extensibles-aislados-de-fluke\/#primaryimage"},"thumbnailUrl":"https:\/\/techmasterdemexico.com\/wp-content\/uploads\/2021\/08\/1-30.jpg","datePublished":"2021-08-19T17:42:48+00:00","dateModified":"2021-12-28T22:12:22+00:00","breadcrumb":{"@id":"https:\/\/techmasterdemexico.com\/producto\/alicates-extensibles-aislados-de-fluke\/#breadcrumb"},"inLanguage":"en-US","potentialAction":[{"@type":"ReadAction","target":["https:\/\/techmasterdemexico.com\/producto\/alicates-extensibles-aislados-de-fluke\/"]}]},{"@type":"ImageObject","inLanguage":"en-US","@id":"https:\/\/techmasterdemexico.com\/producto\/alicates-extensibles-aislados-de-fluke\/#primaryimage","url":"https:\/\/techmasterdemexico.com\/wp-content\/uploads\/2021\/08\/1-30.jpg","contentUrl":"https:\/\/techmasterdemexico.com\/wp-content\/uploads\/2021\/08\/1-30.jpg","width":500,"height":500},{"@type":"BreadcrumbList","@id":"https:\/\/techmasterdemexico.com\/producto\/alicates-extensibles-aislados-de-fluke\/#breadcrumb","itemListElement":[{"@type":"ListItem","position":1,"name":"Portada","item":"https:\/\/techmasterdemexico.com\/"},{"@type":"ListItem","position":2,"name":"Alicates extensibles aislados de Fluke"}]},{"@type":"WebSite","@id":"https:\/\/techmasterdemexico.com\/#website","url":"https:\/\/techmasterdemexico.com\/","name":"Techmaster de Mexico","description":"","potentialAction":[{"@type":"SearchAction","target":{"@type":"EntryPoint","urlTemplate":"https:\/\/techmasterdemexico.com\/?s={search_term_string}"},"query-input":{"@type":"PropertyValueSpecification","valueRequired":true,"valueName":"search_term_string"}}],"inLanguage":"en-US"}]}},"brands":[{"id":31,"name":"Fluke","slug":"fluke"}],"_links":{"self":[{"href":"https:\/\/techmasterdemexico.com\/en\/wp-json\/wp\/v2\/product\/8099","targetHints":{"allow":["GET"]}}],"collection":[{"href":"https:\/\/techmasterdemexico.com\/en\/wp-json\/wp\/v2\/product"}],"about":[{"href":"https:\/\/techmasterdemexico.com\/en\/wp-json\/wp\/v2\/types\/product"}],"wp:featuredmedia":[{"embeddable":true,"href":"https:\/\/techmasterdemexico.com\/en\/wp-json\/wp\/v2\/media\/8857"}],"wp:attachment":[{"href":"https:\/\/techmasterdemexico.com\/en\/wp-json\/wp\/v2\/media?parent=8099"}],"wp:term":[{"taxonomy":"pwb-brand","embeddable":true,"href":"https:\/\/techmasterdemexico.com\/en\/wp-json\/wp\/v2\/pwb-brand?post=8099"},{"taxonomy":"product_brand","embeddable":true,"href":"https:\/\/techmasterdemexico.com\/en\/wp-json\/wp\/v2\/product_brand?post=8099"},{"taxonomy":"product_cat","embeddable":true,"href":"https:\/\/techmasterdemexico.com\/en\/wp-json\/wp\/v2\/product_cat?post=8099"},{"taxonomy":"product_tag","embeddable":true,"href":"https:\/\/techmasterdemexico.com\/en\/wp-json\/wp\/v2\/product_tag?post=8099"}],"curies":[{"name":"wp","href":"https:\/\/api.w.org\/{rel}","templated":true}]}}