{"id":8095,"date":"2021-08-19T17:42:46","date_gmt":"2021-08-19T17:42:46","guid":{"rendered":"http:\/\/techmastermx.ddns.net\/producto\/medidor-del-caudal-de-aire-micromanometro-fluke-922\/"},"modified":"2021-12-28T22:12:24","modified_gmt":"2021-12-28T22:12:24","slug":"medidor-del-caudal-de-aire-micromanometro-fluke-922","status":"publish","type":"product","link":"https:\/\/techmasterdemexico.com\/en\/producto\/medidor-del-caudal-de-aire-micromanometro-fluke-922\/","title":{"rendered":"Medidor del caudal de aire\/microman\u00f3metro Fluke 922"},"content":{"rendered":"<p>Medidor del caudal de aire\/microman\u00f3metro Fluke 922<\/p>\n<p>Analice el flujo del aire. De forma sencilla. El microman\u00f3metro 922.<\/p>\n<p>Hoy en d\u00eda, los t\u00e9cnicos de sistemas de calefacci\u00f3n, ventilaci\u00f3n y aire acondicionado precisan soluciones sencillas que les faciliten sus tareas de diagn\u00f3stico y detecci\u00f3n de problemas. Las mediciones de presi\u00f3n diferencial solo cuentan una parte de la historia. Entre las necesidades de los profesionales de este sector tambi\u00e9n se incluyen soluciones asequibles y f\u00e1ciles de usar para la medida de la velocidad y el flujo de aire. El Fluke 922 facilita y agiliza el proceso de medida del flujo de aire, ya que ofrece funciones de medida de presi\u00f3n diferencial, flujo de aire y velocidad en un instrumento sencillo y robusto.<\/p>\n<p>Use el microman\u00f3metro Fluke 922 para:<\/p>\n<ul>\n<li>Medir p\u00e9rdidas de presi\u00f3n en sistemas de calefacci\u00f3n, ventilaci\u00f3n y aire acondicionado para obtener el m\u00e1ximo rendimiento y aumentar la vida de trabajo de los mismos<\/li>\n<li>Equiparar la ventilaci\u00f3n con la cantidad de personas en el recinto<\/li>\n<li>Monitorizar las relaciones de presi\u00f3n entre interior y exterior, y administrar la envoltura del edificio<\/li>\n<li>Aumentar la calidad del aire y el confort en interiores<\/li>\n<li>Realizar mediciones transversales en conductos para lograr lecturas exactas de flujo de aire<\/li>\n<\/ul>\n","protected":false},"excerpt":{"rendered":"<p>El modelo Fluke 922 se ha dise\u00f1ado espec\u00edficamente para sus necesidades. Su rendimiento y robustez superiores, as\u00ed como su facilidad de uso hacen que el Fluke 922 sea inigualable. Dispone de una pantalla n\u00edtida y brillante, una funda resistente y una correa que le permitir\u00e1 transportar el Fluke 922 a cualquier entorno de trabajo. Gracias a la codificaci\u00f3n de colores de los tubos de goma, podr\u00e1 saber r\u00e1pidamente el origen de los datos de lectura. Su interfaz de usuario sencilla e intuitiva le permite medir la presi\u00f3n, la velocidad o el caudal de aire con solo pulsar un bot\u00f3n. El Fluke 922 le permite analizar el flujo de aire. De forma sencilla.<\/p>\n<ul>\n<li>Un potente medidor que proporciona lecturas de presi\u00f3n diferencial y est\u00e1tica, velocidad de aire y flujo<\/li>\n<li>La codificaci\u00f3n de colores de los tubos de goma le ayuda a interpretar de forma c\u00f3moda y r\u00e1pida las lecturas de presi\u00f3n<\/li>\n<li>F\u00e1cil de usar sin sacrificar rendimiento<\/li>\n<li>Pantalla brillante con luz de fondo para una visualizaci\u00f3n clara en todos los entornos<\/li>\n<li>Forma y tama\u00f1o del conducto definidos por el usuario para una m\u00e1xima exactitud del flujo de aire<\/li>\n<li>Resoluci\u00f3n de hasta 0.001 en H2O<\/li>\n<li>Capacidad de almacenamiento de 99 puntos<\/li>\n<li>Funci\u00f3n de M\u00edn\/M\u00e1x\/Promedio\/Retenci\u00f3n para analizar f\u00e1cilmente los datos<\/li>\n<li>El apagado autom\u00e1tico ahora vida \u00fatil de la bater\u00eda<\/li>\n<\/ul>\n","protected":false},"featured_media":8869,"template":"","meta":{"_acf_changed":false},"pwb-brand":[31],"product_brand":[],"product_cat":[366,133,30],"product_tag":[],"class_list":{"0":"post-8095","1":"product","2":"type-product","3":"status-publish","4":"has-post-thumbnail","6":"pwb-brand-fluke","7":"product_cat-todos-los-productos","8":"product_cat-calidad-del-aire","9":"product_cat-fluke","11":"first","12":"instock","13":"taxable","14":"shipping-taxable","15":"product-type-simple"},"acf":[],"yoast_head":"<!-- This site is optimized with the Yoast SEO plugin v27.4 - https:\/\/yoast.com\/product\/yoast-seo-wordpress\/ -->\n<title>Medidor del caudal de aire\/microman\u00f3metro Fluke 922 - Techmaster de Mexico<\/title>\n<meta name=\"robots\" content=\"index, follow, max-snippet:-1, max-image-preview:large, max-video-preview:-1\" \/>\n<link rel=\"canonical\" href=\"https:\/\/techmasterdemexico.com\/producto\/medidor-del-caudal-de-aire-micromanometro-fluke-922\/\" \/>\n<meta property=\"og:locale\" content=\"en_US\" \/>\n<meta property=\"og:type\" content=\"article\" \/>\n<meta property=\"og:title\" content=\"Medidor del caudal de aire\/microman\u00f3metro Fluke 922 - Techmaster de Mexico\" \/>\n<meta property=\"og:description\" content=\"El modelo Fluke 922 se ha dise\u00f1ado espec\u00edficamente para sus necesidades. Su rendimiento y robustez superiores, as\u00ed como su facilidad de uso hacen que el Fluke 922 sea inigualable. Dispone de una pantalla n\u00edtida y brillante, una funda resistente y una correa que le permitir\u00e1 transportar el Fluke 922 a cualquier entorno de trabajo. Gracias a la codificaci\u00f3n de colores de los tubos de goma, podr\u00e1 saber r\u00e1pidamente el origen de los datos de lectura. Su interfaz de usuario sencilla e intuitiva le permite medir la presi\u00f3n, la velocidad o el caudal de aire con solo pulsar un bot\u00f3n. El Fluke 922 le permite analizar el flujo de aire. De forma sencilla.    Un potente medidor que proporciona lecturas de presi\u00f3n diferencial y est\u00e1tica, velocidad de aire y flujo   La codificaci\u00f3n de colores de los tubos de goma le ayuda a interpretar de forma c\u00f3moda y r\u00e1pida las lecturas de presi\u00f3n   F\u00e1cil de usar sin sacrificar rendimiento   Pantalla brillante con luz de fondo para una visualizaci\u00f3n clara en todos los entornos   Forma y tama\u00f1o del conducto definidos por el usuario para una m\u00e1xima exactitud del flujo de aire   Resoluci\u00f3n de hasta 0.001 en H2O   Capacidad de almacenamiento de 99 puntos   Funci\u00f3n de M\u00edn\/M\u00e1x\/Promedio\/Retenci\u00f3n para analizar f\u00e1cilmente los datos   El apagado autom\u00e1tico ahora vida \u00fatil de la bater\u00eda\" \/>\n<meta property=\"og:url\" content=\"https:\/\/techmasterdemexico.com\/producto\/medidor-del-caudal-de-aire-micromanometro-fluke-922\/\" \/>\n<meta property=\"og:site_name\" content=\"Techmaster de Mexico\" \/>\n<meta property=\"article:modified_time\" content=\"2021-12-28T22:12:24+00:00\" \/>\n<meta property=\"og:image\" content=\"https:\/\/techmasterdemexico.com\/wp-content\/uploads\/2021\/08\/1-34.jpg\" \/>\n\t<meta property=\"og:image:width\" content=\"500\" \/>\n\t<meta property=\"og:image:height\" content=\"500\" \/>\n\t<meta property=\"og:image:type\" content=\"image\/jpeg\" \/>\n<meta name=\"twitter:card\" content=\"summary_large_image\" \/>\n<meta name=\"twitter:label1\" content=\"Est. reading time\" \/>\n\t<meta name=\"twitter:data1\" content=\"1 minute\" \/>\n<script type=\"application\/ld+json\" class=\"yoast-schema-graph\">{\"@context\":\"https:\\\/\\\/schema.org\",\"@graph\":[{\"@type\":\"WebPage\",\"@id\":\"https:\\\/\\\/techmasterdemexico.com\\\/producto\\\/medidor-del-caudal-de-aire-micromanometro-fluke-922\\\/\",\"url\":\"https:\\\/\\\/techmasterdemexico.com\\\/producto\\\/medidor-del-caudal-de-aire-micromanometro-fluke-922\\\/\",\"name\":\"Medidor del caudal de aire\\\/microman\u00f3metro Fluke 922 - Techmaster de Mexico\",\"isPartOf\":{\"@id\":\"https:\\\/\\\/techmasterdemexico.com\\\/#website\"},\"primaryImageOfPage\":{\"@id\":\"https:\\\/\\\/techmasterdemexico.com\\\/producto\\\/medidor-del-caudal-de-aire-micromanometro-fluke-922\\\/#primaryimage\"},\"image\":{\"@id\":\"https:\\\/\\\/techmasterdemexico.com\\\/producto\\\/medidor-del-caudal-de-aire-micromanometro-fluke-922\\\/#primaryimage\"},\"thumbnailUrl\":\"https:\\\/\\\/techmasterdemexico.com\\\/wp-content\\\/uploads\\\/2021\\\/08\\\/1-34.jpg\",\"datePublished\":\"2021-08-19T17:42:46+00:00\",\"dateModified\":\"2021-12-28T22:12:24+00:00\",\"breadcrumb\":{\"@id\":\"https:\\\/\\\/techmasterdemexico.com\\\/producto\\\/medidor-del-caudal-de-aire-micromanometro-fluke-922\\\/#breadcrumb\"},\"inLanguage\":\"en-US\",\"potentialAction\":[{\"@type\":\"ReadAction\",\"target\":[\"https:\\\/\\\/techmasterdemexico.com\\\/producto\\\/medidor-del-caudal-de-aire-micromanometro-fluke-922\\\/\"]}]},{\"@type\":\"ImageObject\",\"inLanguage\":\"en-US\",\"@id\":\"https:\\\/\\\/techmasterdemexico.com\\\/producto\\\/medidor-del-caudal-de-aire-micromanometro-fluke-922\\\/#primaryimage\",\"url\":\"https:\\\/\\\/techmasterdemexico.com\\\/wp-content\\\/uploads\\\/2021\\\/08\\\/1-34.jpg\",\"contentUrl\":\"https:\\\/\\\/techmasterdemexico.com\\\/wp-content\\\/uploads\\\/2021\\\/08\\\/1-34.jpg\",\"width\":500,\"height\":500},{\"@type\":\"BreadcrumbList\",\"@id\":\"https:\\\/\\\/techmasterdemexico.com\\\/producto\\\/medidor-del-caudal-de-aire-micromanometro-fluke-922\\\/#breadcrumb\",\"itemListElement\":[{\"@type\":\"ListItem\",\"position\":1,\"name\":\"Portada\",\"item\":\"https:\\\/\\\/techmasterdemexico.com\\\/\"},{\"@type\":\"ListItem\",\"position\":2,\"name\":\"Medidor del caudal de aire\\\/microman\u00f3metro Fluke 922\"}]},{\"@type\":\"WebSite\",\"@id\":\"https:\\\/\\\/techmasterdemexico.com\\\/#website\",\"url\":\"https:\\\/\\\/techmasterdemexico.com\\\/\",\"name\":\"Techmaster de Mexico\",\"description\":\"\",\"potentialAction\":[{\"@type\":\"SearchAction\",\"target\":{\"@type\":\"EntryPoint\",\"urlTemplate\":\"https:\\\/\\\/techmasterdemexico.com\\\/?s={search_term_string}\"},\"query-input\":{\"@type\":\"PropertyValueSpecification\",\"valueRequired\":true,\"valueName\":\"search_term_string\"}}],\"inLanguage\":\"en-US\"}]}<\/script>\n<!-- \/ Yoast SEO plugin. -->","yoast_head_json":{"title":"Medidor del caudal de aire\/microman\u00f3metro Fluke 922 - Techmaster de Mexico","robots":{"index":"index","follow":"follow","max-snippet":"max-snippet:-1","max-image-preview":"max-image-preview:large","max-video-preview":"max-video-preview:-1"},"canonical":"https:\/\/techmasterdemexico.com\/producto\/medidor-del-caudal-de-aire-micromanometro-fluke-922\/","og_locale":"en_US","og_type":"article","og_title":"Medidor del caudal de aire\/microman\u00f3metro Fluke 922 - Techmaster de Mexico","og_description":"El modelo Fluke 922 se ha dise\u00f1ado espec\u00edficamente para sus necesidades. Su rendimiento y robustez superiores, as\u00ed como su facilidad de uso hacen que el Fluke 922 sea inigualable. Dispone de una pantalla n\u00edtida y brillante, una funda resistente y una correa que le permitir\u00e1 transportar el Fluke 922 a cualquier entorno de trabajo. Gracias a la codificaci\u00f3n de colores de los tubos de goma, podr\u00e1 saber r\u00e1pidamente el origen de los datos de lectura. Su interfaz de usuario sencilla e intuitiva le permite medir la presi\u00f3n, la velocidad o el caudal de aire con solo pulsar un bot\u00f3n. El Fluke 922 le permite analizar el flujo de aire. De forma sencilla.    Un potente medidor que proporciona lecturas de presi\u00f3n diferencial y est\u00e1tica, velocidad de aire y flujo   La codificaci\u00f3n de colores de los tubos de goma le ayuda a interpretar de forma c\u00f3moda y r\u00e1pida las lecturas de presi\u00f3n   F\u00e1cil de usar sin sacrificar rendimiento   Pantalla brillante con luz de fondo para una visualizaci\u00f3n clara en todos los entornos   Forma y tama\u00f1o del conducto definidos por el usuario para una m\u00e1xima exactitud del flujo de aire   Resoluci\u00f3n de hasta 0.001 en H2O   Capacidad de almacenamiento de 99 puntos   Funci\u00f3n de M\u00edn\/M\u00e1x\/Promedio\/Retenci\u00f3n para analizar f\u00e1cilmente los datos   El apagado autom\u00e1tico ahora vida \u00fatil de la bater\u00eda","og_url":"https:\/\/techmasterdemexico.com\/producto\/medidor-del-caudal-de-aire-micromanometro-fluke-922\/","og_site_name":"Techmaster de Mexico","article_modified_time":"2021-12-28T22:12:24+00:00","og_image":[{"width":500,"height":500,"url":"https:\/\/techmasterdemexico.com\/wp-content\/uploads\/2021\/08\/1-34.jpg","type":"image\/jpeg"}],"twitter_card":"summary_large_image","twitter_misc":{"Est. reading time":"1 minute"},"schema":{"@context":"https:\/\/schema.org","@graph":[{"@type":"WebPage","@id":"https:\/\/techmasterdemexico.com\/producto\/medidor-del-caudal-de-aire-micromanometro-fluke-922\/","url":"https:\/\/techmasterdemexico.com\/producto\/medidor-del-caudal-de-aire-micromanometro-fluke-922\/","name":"Medidor del caudal de aire\/microman\u00f3metro Fluke 922 - Techmaster de Mexico","isPartOf":{"@id":"https:\/\/techmasterdemexico.com\/#website"},"primaryImageOfPage":{"@id":"https:\/\/techmasterdemexico.com\/producto\/medidor-del-caudal-de-aire-micromanometro-fluke-922\/#primaryimage"},"image":{"@id":"https:\/\/techmasterdemexico.com\/producto\/medidor-del-caudal-de-aire-micromanometro-fluke-922\/#primaryimage"},"thumbnailUrl":"https:\/\/techmasterdemexico.com\/wp-content\/uploads\/2021\/08\/1-34.jpg","datePublished":"2021-08-19T17:42:46+00:00","dateModified":"2021-12-28T22:12:24+00:00","breadcrumb":{"@id":"https:\/\/techmasterdemexico.com\/producto\/medidor-del-caudal-de-aire-micromanometro-fluke-922\/#breadcrumb"},"inLanguage":"en-US","potentialAction":[{"@type":"ReadAction","target":["https:\/\/techmasterdemexico.com\/producto\/medidor-del-caudal-de-aire-micromanometro-fluke-922\/"]}]},{"@type":"ImageObject","inLanguage":"en-US","@id":"https:\/\/techmasterdemexico.com\/producto\/medidor-del-caudal-de-aire-micromanometro-fluke-922\/#primaryimage","url":"https:\/\/techmasterdemexico.com\/wp-content\/uploads\/2021\/08\/1-34.jpg","contentUrl":"https:\/\/techmasterdemexico.com\/wp-content\/uploads\/2021\/08\/1-34.jpg","width":500,"height":500},{"@type":"BreadcrumbList","@id":"https:\/\/techmasterdemexico.com\/producto\/medidor-del-caudal-de-aire-micromanometro-fluke-922\/#breadcrumb","itemListElement":[{"@type":"ListItem","position":1,"name":"Portada","item":"https:\/\/techmasterdemexico.com\/"},{"@type":"ListItem","position":2,"name":"Medidor del caudal de aire\/microman\u00f3metro Fluke 922"}]},{"@type":"WebSite","@id":"https:\/\/techmasterdemexico.com\/#website","url":"https:\/\/techmasterdemexico.com\/","name":"Techmaster de Mexico","description":"","potentialAction":[{"@type":"SearchAction","target":{"@type":"EntryPoint","urlTemplate":"https:\/\/techmasterdemexico.com\/?s={search_term_string}"},"query-input":{"@type":"PropertyValueSpecification","valueRequired":true,"valueName":"search_term_string"}}],"inLanguage":"en-US"}]}},"brands":[{"id":31,"name":"Fluke","slug":"fluke"}],"_links":{"self":[{"href":"https:\/\/techmasterdemexico.com\/en\/wp-json\/wp\/v2\/product\/8095","targetHints":{"allow":["GET"]}}],"collection":[{"href":"https:\/\/techmasterdemexico.com\/en\/wp-json\/wp\/v2\/product"}],"about":[{"href":"https:\/\/techmasterdemexico.com\/en\/wp-json\/wp\/v2\/types\/product"}],"wp:featuredmedia":[{"embeddable":true,"href":"https:\/\/techmasterdemexico.com\/en\/wp-json\/wp\/v2\/media\/8869"}],"wp:attachment":[{"href":"https:\/\/techmasterdemexico.com\/en\/wp-json\/wp\/v2\/media?parent=8095"}],"wp:term":[{"taxonomy":"pwb-brand","embeddable":true,"href":"https:\/\/techmasterdemexico.com\/en\/wp-json\/wp\/v2\/pwb-brand?post=8095"},{"taxonomy":"product_brand","embeddable":true,"href":"https:\/\/techmasterdemexico.com\/en\/wp-json\/wp\/v2\/product_brand?post=8095"},{"taxonomy":"product_cat","embeddable":true,"href":"https:\/\/techmasterdemexico.com\/en\/wp-json\/wp\/v2\/product_cat?post=8095"},{"taxonomy":"product_tag","embeddable":true,"href":"https:\/\/techmasterdemexico.com\/en\/wp-json\/wp\/v2\/product_tag?post=8095"}],"curies":[{"name":"wp","href":"https:\/\/api.w.org\/{rel}","templated":true}]}}