{"id":8094,"date":"2021-08-19T17:42:46","date_gmt":"2021-08-20T00:42:46","guid":{"rendered":"http:\/\/techmastermx.ddns.net\/producto\/contador-de-particulas-fluke-985\/"},"modified":"2023-03-28T16:44:46","modified_gmt":"2023-03-28T23:44:46","slug":"contador-de-particulas-fluke-985","status":"publish","type":"product","link":"https:\/\/techmasterdemexico.com\/en\/producto\/contador-de-particulas-fluke-985\/","title":{"rendered":"Contador de part\u00edculas Fluke 985"},"content":{"rendered":"<p>Contador de part\u00edculas Fluke 985<\/p>\n<p>Una nueva forma de comprobar la calidad del aire.<\/p>\n<p>El contador de part\u00edculas Fluke 985 es una herramienta esencial para los profesionales de aplicaciones de calefacci\u00f3n, ventilaci\u00f3n, aire acondicionado y calidad del aire. Desde probar filtros hasta realizar estudios de calidad del aire, el Fluke 985 es la soluci\u00f3n port\u00e1til para determinar la concentraci\u00f3n de part\u00edculas en el aire. Use el Fluke 985 para responder inmediatamente a las demandas de los usuarios de cualquier emplazamiento o como parte de un programa de mantenimiento preventivo integral.<\/p>\n<p>Con el Fluke 985, es posible:<\/p>\n<ul>\n<li>Medir la eficacia del filtro<\/li>\n<li>Controlar las salas limpias industriales<\/li>\n<li>Visualizaci\u00f3n previa de la calidad del aire de interiores y trabajo confiado con especialistas en IAQ<\/li>\n<li>Localice fuentes de part\u00edculas para remediarlo<\/li>\n<li>Informe de la eficacia de las reparaciones a los clientes<\/li>\n<li>Obtener m\u00e1s oportunidades de negocio demostrando la necesidad de llevar a cabo el mantenimiento y reparaci\u00f3n<\/li>\n<\/ul>\n<p>Gracias a la gran pantalla, los intuitivos \u00edconos, el tipo de letra de gran tama\u00f1o y la presentaci\u00f3n de datos en pantalla, los usuarios del Fluke 985 pueden realizar m\u00e1s pruebas r\u00e1pidamente sin tener que pasar de una a otra pantalla para repasar los valores. El Fluke 985 es ligero y f\u00e1cil de usar en cualquier posici\u00f3n; adem\u00e1s, gracias a las sencillas opciones de exportaci\u00f3n de datos con el cable USB o la memoria USB, es muy f\u00e1cil consultar y analizar los datos obtenidos, en cualquier momento y lugar.<\/p>\n","protected":false},"excerpt":{"rendered":"<ul>\n<li>Seis canales y rango de tama\u00f1o de part\u00edcula de 0.3 &#8211; 10.0 \u00b5m: Garantiza mediciones precisas incluso en lugares cr\u00edticos que requieren certificaci\u00f3n ISO Clase 5 \u2013 9<\/li>\n<li>Dise\u00f1o ultraligero y ergon\u00f3mico: Funcionamiento con una sola mano en espacios reducidos o complicados, y para una mayor comodidad del operador<\/li>\n<li>Bater\u00eda de larga duraci\u00f3n: Diez horas de duraci\u00f3n de la bater\u00eda en un uso normal, equivalente a una jornada de trabajo<\/li>\n<li>Gran pantalla de color 3.5 QVGC: Navegaci\u00f3n y visualizaci\u00f3n sencillas. gracias a las opciones de \u00edconos intuitivos y tipo de letra de gran tama\u00f1o<\/li>\n<li>Almacenamiento de 10 000 registros: Acceso r\u00e1pido a datos hist\u00f3ricos<\/li>\n<li>Presentaci\u00f3n de datos en pantalla: Visualizaci\u00f3n de los datos en una tabla convencional o en un gr\u00e1fico de tendencia, de acuerdo con la preferencia del usuario<\/li>\n<li>Configuraciones y ajustes personalizables: Ajustes personalizables para la pantalla, los m\u00e9todos de muestreo y ajustes de alarma para el recuento de muestras<\/li>\n<li>Opciones de exportaci\u00f3n de datos: Descarga de los datos a una PC mediante una memoria USB, un cable USB o una conexi\u00f3n Ethernet. No se necesita ning\u00fan software especial para descargar o ver los datos<\/li>\n<li>Control por contrase\u00f1a opcional: Confirma la seguridad cuando es necesario<\/li>\n<li>Cargador USB\/Ethernet: Garantiza que el dispositivo siempre est\u00e9 listo para usarse cuando se necesita<\/li>\n<\/ul>\n","protected":false},"featured_media":8866,"template":"","meta":{"_acf_changed":false},"pwb-brand":[31],"product_brand":[],"product_cat":[366,133,30],"product_tag":[],"class_list":{"0":"post-8094","1":"product","2":"type-product","3":"status-publish","4":"has-post-thumbnail","6":"pwb-brand-fluke","7":"product_cat-todos-los-productos","8":"product_cat-calidad-del-aire","9":"product_cat-fluke","11":"first","12":"outofstock","13":"taxable","14":"shipping-taxable","15":"product-type-simple"},"acf":[],"yoast_head":"<!-- This site is optimized with the Yoast SEO plugin v27.4 - https:\/\/yoast.com\/product\/yoast-seo-wordpress\/ -->\n<title>Contador de part\u00edculas Fluke 985 - Techmaster de Mexico<\/title>\n<meta name=\"robots\" content=\"index, follow, max-snippet:-1, max-image-preview:large, max-video-preview:-1\" \/>\n<link rel=\"canonical\" href=\"https:\/\/techmasterdemexico.com\/producto\/contador-de-particulas-fluke-985\/\" \/>\n<meta property=\"og:locale\" content=\"en_US\" \/>\n<meta property=\"og:type\" content=\"article\" \/>\n<meta property=\"og:title\" content=\"Contador de part\u00edculas Fluke 985 - Techmaster de Mexico\" \/>\n<meta property=\"og:description\" content=\"Seis canales y rango de tama\u00f1o de part\u00edcula de 0.3 - 10.0 \u00b5m: Garantiza mediciones precisas incluso en lugares cr\u00edticos que requieren certificaci\u00f3n ISO Clase 5 \u2013 9   Dise\u00f1o ultraligero y ergon\u00f3mico: Funcionamiento con una sola mano en espacios reducidos o complicados, y para una mayor comodidad del operador   Bater\u00eda de larga duraci\u00f3n: Diez horas de duraci\u00f3n de la bater\u00eda en un uso normal, equivalente a una jornada de trabajo   Gran pantalla de color 3.5 QVGC: Navegaci\u00f3n y visualizaci\u00f3n sencillas. gracias a las opciones de \u00edconos intuitivos y tipo de letra de gran tama\u00f1o   Almacenamiento de 10 000 registros: Acceso r\u00e1pido a datos hist\u00f3ricos   Presentaci\u00f3n de datos en pantalla: Visualizaci\u00f3n de los datos en una tabla convencional o en un gr\u00e1fico de tendencia, de acuerdo con la preferencia del usuario   Configuraciones y ajustes personalizables: Ajustes personalizables para la pantalla, los m\u00e9todos de muestreo y ajustes de alarma para el recuento de muestras   Opciones de exportaci\u00f3n de datos: Descarga de los datos a una PC mediante una memoria USB, un cable USB o una conexi\u00f3n Ethernet. No se necesita ning\u00fan software especial para descargar o ver los datos   Control por contrase\u00f1a opcional: Confirma la seguridad cuando es necesario   Cargador USB\/Ethernet: Garantiza que el dispositivo siempre est\u00e9 listo para usarse cuando se necesita\" \/>\n<meta property=\"og:url\" content=\"https:\/\/techmasterdemexico.com\/producto\/contador-de-particulas-fluke-985\/\" \/>\n<meta property=\"og:site_name\" content=\"Techmaster de Mexico\" \/>\n<meta property=\"article:modified_time\" content=\"2023-03-28T23:44:46+00:00\" \/>\n<meta property=\"og:image\" content=\"https:\/\/techmasterdemexico.com\/wp-content\/uploads\/2021\/08\/1-33.jpg\" \/>\n\t<meta property=\"og:image:width\" content=\"500\" \/>\n\t<meta property=\"og:image:height\" content=\"500\" \/>\n\t<meta property=\"og:image:type\" content=\"image\/jpeg\" \/>\n<meta name=\"twitter:card\" content=\"summary_large_image\" \/>\n<meta name=\"twitter:label1\" content=\"Est. reading time\" \/>\n\t<meta name=\"twitter:data1\" content=\"1 minute\" \/>\n<script type=\"application\/ld+json\" class=\"yoast-schema-graph\">{\"@context\":\"https:\\\/\\\/schema.org\",\"@graph\":[{\"@type\":\"WebPage\",\"@id\":\"https:\\\/\\\/techmasterdemexico.com\\\/producto\\\/contador-de-particulas-fluke-985\\\/\",\"url\":\"https:\\\/\\\/techmasterdemexico.com\\\/producto\\\/contador-de-particulas-fluke-985\\\/\",\"name\":\"Contador de part\u00edculas Fluke 985 - Techmaster de Mexico\",\"isPartOf\":{\"@id\":\"https:\\\/\\\/techmasterdemexico.com\\\/#website\"},\"primaryImageOfPage\":{\"@id\":\"https:\\\/\\\/techmasterdemexico.com\\\/producto\\\/contador-de-particulas-fluke-985\\\/#primaryimage\"},\"image\":{\"@id\":\"https:\\\/\\\/techmasterdemexico.com\\\/producto\\\/contador-de-particulas-fluke-985\\\/#primaryimage\"},\"thumbnailUrl\":\"https:\\\/\\\/techmasterdemexico.com\\\/wp-content\\\/uploads\\\/2021\\\/08\\\/1-33.jpg\",\"datePublished\":\"2021-08-20T00:42:46+00:00\",\"dateModified\":\"2023-03-28T23:44:46+00:00\",\"breadcrumb\":{\"@id\":\"https:\\\/\\\/techmasterdemexico.com\\\/producto\\\/contador-de-particulas-fluke-985\\\/#breadcrumb\"},\"inLanguage\":\"en-US\",\"potentialAction\":[{\"@type\":\"ReadAction\",\"target\":[\"https:\\\/\\\/techmasterdemexico.com\\\/producto\\\/contador-de-particulas-fluke-985\\\/\"]}]},{\"@type\":\"ImageObject\",\"inLanguage\":\"en-US\",\"@id\":\"https:\\\/\\\/techmasterdemexico.com\\\/producto\\\/contador-de-particulas-fluke-985\\\/#primaryimage\",\"url\":\"https:\\\/\\\/techmasterdemexico.com\\\/wp-content\\\/uploads\\\/2021\\\/08\\\/1-33.jpg\",\"contentUrl\":\"https:\\\/\\\/techmasterdemexico.com\\\/wp-content\\\/uploads\\\/2021\\\/08\\\/1-33.jpg\",\"width\":500,\"height\":500},{\"@type\":\"BreadcrumbList\",\"@id\":\"https:\\\/\\\/techmasterdemexico.com\\\/producto\\\/contador-de-particulas-fluke-985\\\/#breadcrumb\",\"itemListElement\":[{\"@type\":\"ListItem\",\"position\":1,\"name\":\"Portada\",\"item\":\"https:\\\/\\\/techmasterdemexico.com\\\/\"},{\"@type\":\"ListItem\",\"position\":2,\"name\":\"Contador de part\u00edculas Fluke 985\"}]},{\"@type\":\"WebSite\",\"@id\":\"https:\\\/\\\/techmasterdemexico.com\\\/#website\",\"url\":\"https:\\\/\\\/techmasterdemexico.com\\\/\",\"name\":\"Techmaster de Mexico\",\"description\":\"\",\"potentialAction\":[{\"@type\":\"SearchAction\",\"target\":{\"@type\":\"EntryPoint\",\"urlTemplate\":\"https:\\\/\\\/techmasterdemexico.com\\\/?s={search_term_string}\"},\"query-input\":{\"@type\":\"PropertyValueSpecification\",\"valueRequired\":true,\"valueName\":\"search_term_string\"}}],\"inLanguage\":\"en-US\"}]}<\/script>\n<!-- \/ Yoast SEO plugin. -->","yoast_head_json":{"title":"Contador de part\u00edculas Fluke 985 - Techmaster de Mexico","robots":{"index":"index","follow":"follow","max-snippet":"max-snippet:-1","max-image-preview":"max-image-preview:large","max-video-preview":"max-video-preview:-1"},"canonical":"https:\/\/techmasterdemexico.com\/producto\/contador-de-particulas-fluke-985\/","og_locale":"en_US","og_type":"article","og_title":"Contador de part\u00edculas Fluke 985 - Techmaster de Mexico","og_description":"Seis canales y rango de tama\u00f1o de part\u00edcula de 0.3 - 10.0 \u00b5m: Garantiza mediciones precisas incluso en lugares cr\u00edticos que requieren certificaci\u00f3n ISO Clase 5 \u2013 9   Dise\u00f1o ultraligero y ergon\u00f3mico: Funcionamiento con una sola mano en espacios reducidos o complicados, y para una mayor comodidad del operador   Bater\u00eda de larga duraci\u00f3n: Diez horas de duraci\u00f3n de la bater\u00eda en un uso normal, equivalente a una jornada de trabajo   Gran pantalla de color 3.5 QVGC: Navegaci\u00f3n y visualizaci\u00f3n sencillas. gracias a las opciones de \u00edconos intuitivos y tipo de letra de gran tama\u00f1o   Almacenamiento de 10 000 registros: Acceso r\u00e1pido a datos hist\u00f3ricos   Presentaci\u00f3n de datos en pantalla: Visualizaci\u00f3n de los datos en una tabla convencional o en un gr\u00e1fico de tendencia, de acuerdo con la preferencia del usuario   Configuraciones y ajustes personalizables: Ajustes personalizables para la pantalla, los m\u00e9todos de muestreo y ajustes de alarma para el recuento de muestras   Opciones de exportaci\u00f3n de datos: Descarga de los datos a una PC mediante una memoria USB, un cable USB o una conexi\u00f3n Ethernet. No se necesita ning\u00fan software especial para descargar o ver los datos   Control por contrase\u00f1a opcional: Confirma la seguridad cuando es necesario   Cargador USB\/Ethernet: Garantiza que el dispositivo siempre est\u00e9 listo para usarse cuando se necesita","og_url":"https:\/\/techmasterdemexico.com\/producto\/contador-de-particulas-fluke-985\/","og_site_name":"Techmaster de Mexico","article_modified_time":"2023-03-28T23:44:46+00:00","og_image":[{"width":500,"height":500,"url":"https:\/\/techmasterdemexico.com\/wp-content\/uploads\/2021\/08\/1-33.jpg","type":"image\/jpeg"}],"twitter_card":"summary_large_image","twitter_misc":{"Est. reading time":"1 minute"},"schema":{"@context":"https:\/\/schema.org","@graph":[{"@type":"WebPage","@id":"https:\/\/techmasterdemexico.com\/producto\/contador-de-particulas-fluke-985\/","url":"https:\/\/techmasterdemexico.com\/producto\/contador-de-particulas-fluke-985\/","name":"Contador de part\u00edculas Fluke 985 - Techmaster de Mexico","isPartOf":{"@id":"https:\/\/techmasterdemexico.com\/#website"},"primaryImageOfPage":{"@id":"https:\/\/techmasterdemexico.com\/producto\/contador-de-particulas-fluke-985\/#primaryimage"},"image":{"@id":"https:\/\/techmasterdemexico.com\/producto\/contador-de-particulas-fluke-985\/#primaryimage"},"thumbnailUrl":"https:\/\/techmasterdemexico.com\/wp-content\/uploads\/2021\/08\/1-33.jpg","datePublished":"2021-08-20T00:42:46+00:00","dateModified":"2023-03-28T23:44:46+00:00","breadcrumb":{"@id":"https:\/\/techmasterdemexico.com\/producto\/contador-de-particulas-fluke-985\/#breadcrumb"},"inLanguage":"en-US","potentialAction":[{"@type":"ReadAction","target":["https:\/\/techmasterdemexico.com\/producto\/contador-de-particulas-fluke-985\/"]}]},{"@type":"ImageObject","inLanguage":"en-US","@id":"https:\/\/techmasterdemexico.com\/producto\/contador-de-particulas-fluke-985\/#primaryimage","url":"https:\/\/techmasterdemexico.com\/wp-content\/uploads\/2021\/08\/1-33.jpg","contentUrl":"https:\/\/techmasterdemexico.com\/wp-content\/uploads\/2021\/08\/1-33.jpg","width":500,"height":500},{"@type":"BreadcrumbList","@id":"https:\/\/techmasterdemexico.com\/producto\/contador-de-particulas-fluke-985\/#breadcrumb","itemListElement":[{"@type":"ListItem","position":1,"name":"Portada","item":"https:\/\/techmasterdemexico.com\/"},{"@type":"ListItem","position":2,"name":"Contador de part\u00edculas Fluke 985"}]},{"@type":"WebSite","@id":"https:\/\/techmasterdemexico.com\/#website","url":"https:\/\/techmasterdemexico.com\/","name":"Techmaster de Mexico","description":"","potentialAction":[{"@type":"SearchAction","target":{"@type":"EntryPoint","urlTemplate":"https:\/\/techmasterdemexico.com\/?s={search_term_string}"},"query-input":{"@type":"PropertyValueSpecification","valueRequired":true,"valueName":"search_term_string"}}],"inLanguage":"en-US"}]}},"brands":[{"id":31,"name":"Fluke","slug":"fluke"}],"_links":{"self":[{"href":"https:\/\/techmasterdemexico.com\/en\/wp-json\/wp\/v2\/product\/8094","targetHints":{"allow":["GET"]}}],"collection":[{"href":"https:\/\/techmasterdemexico.com\/en\/wp-json\/wp\/v2\/product"}],"about":[{"href":"https:\/\/techmasterdemexico.com\/en\/wp-json\/wp\/v2\/types\/product"}],"wp:featuredmedia":[{"embeddable":true,"href":"https:\/\/techmasterdemexico.com\/en\/wp-json\/wp\/v2\/media\/8866"}],"wp:attachment":[{"href":"https:\/\/techmasterdemexico.com\/en\/wp-json\/wp\/v2\/media?parent=8094"}],"wp:term":[{"taxonomy":"pwb-brand","embeddable":true,"href":"https:\/\/techmasterdemexico.com\/en\/wp-json\/wp\/v2\/pwb-brand?post=8094"},{"taxonomy":"product_brand","embeddable":true,"href":"https:\/\/techmasterdemexico.com\/en\/wp-json\/wp\/v2\/product_brand?post=8094"},{"taxonomy":"product_cat","embeddable":true,"href":"https:\/\/techmasterdemexico.com\/en\/wp-json\/wp\/v2\/product_cat?post=8094"},{"taxonomy":"product_tag","embeddable":true,"href":"https:\/\/techmasterdemexico.com\/en\/wp-json\/wp\/v2\/product_tag?post=8094"}],"curies":[{"name":"wp","href":"https:\/\/api.w.org\/{rel}","templated":true}]}}