{"id":8093,"date":"2021-08-19T17:42:45","date_gmt":"2021-08-19T17:42:45","guid":{"rendered":"http:\/\/techmastermx.ddns.net\/producto\/registrador-trifasico-de-calidad-electrica-fluke-1760tr\/"},"modified":"2021-12-28T22:12:25","modified_gmt":"2021-12-28T22:12:25","slug":"registrador-trifasico-de-calidad-electrica-fluke-1760tr","status":"publish","type":"product","link":"https:\/\/techmasterdemexico.com\/en\/producto\/registrador-trifasico-de-calidad-electrica-fluke-1760tr\/","title":{"rendered":"Registrador trif\u00e1sico de calidad el\u00e9ctrica Fluke 1760TR"},"content":{"rendered":"<p>Registrador trif\u00e1sico de calidad el\u00e9ctrica Fluke 1760TR<\/p>\n<p>Dise\u00f1o conforme a la clase A para las pruebas de calidad el\u00e9ctrica m\u00e1s exigentes<\/p>\n<p>El registrador de la calidad de potencia trif\u00e1sica Fluke 1760 es completamente compatible con las normas IEC 61000-4-30 clase A, para el an\u00e1lisis avanzado de calidad de la potencia y pruebas de cumplimiento constantes. Pensado para el an\u00e1lisis de sistemas de distribuci\u00f3n de electricidad industriales y de servicio p\u00fablico, en redes de medio y bajo voltaje, este analizador de calidad de la energ\u00eda el\u00e9ctrica le ofrece flexibilidad para personalizar umbrales, algoritmos y selecciones de medidas. El analizador de calidad el\u00e9ctrica 1760 captura la informaci\u00f3n m\u00e1s detallada de los par\u00e1metros seleccionados por el propio usuario.<\/p>\n<p>Aplicaciones<\/p>\n<ul>\n<li>An\u00e1lisis de perturbaciones detallado: Realice un an\u00e1lisis de transitorios de alta velocidad e identifique la causa del funcionamiento incorrecto de los equipos para su posterior reparaci\u00f3n y mantenimiento predictivo. La opci\u00f3n de transitorios r\u00e1pidos, con su rango de medici\u00f3n de 6000 V, permite capturar impulsos extremadamente cortos, como los de los rayos.<\/li>\n<li>Cumplimiento de la calidad del servicio clase A: valide la calidad de la potencia el\u00e9ctrica entrante a la entrada del servicio. Al cumplir los requisitos de la clase A, el dispositivo Fluke 1760 permite realizar una verificaci\u00f3n incomparable.<\/li>\n<li>Correlaci\u00f3n de eventos en varios lugares: Usando sincronizaci\u00f3n horaria por GPS, los usuarios pueden detectar d\u00f3nde ocurri\u00f3 primero una falla, dentro o fuera de la instalaci\u00f3n.<\/li>\n<li>Separaci\u00f3n galv\u00e1nica y acoplamiento de CC: Permite realizar mediciones completas en sistemas el\u00e9ctricos distintos. Por ejemplo, localizaci\u00f3n de aver\u00edas en sistemas de alimentaci\u00f3n ininterrumpida con registro simult\u00e1neo de voltaje de la bater\u00eda y la salida de potencia.<\/li>\n<li>Estudios de cargas el\u00e9ctricas y calidad de la potencia: Eval\u00fae la calidad inicial de la potencia el\u00e9ctrica para validar la compatibilidad con sistemas cr\u00edticos antes de su instalaci\u00f3n y verificar la capacidad de sistemas el\u00e9ctricos antes de agregar cargas.<\/li>\n<\/ul>\n","protected":false},"excerpt":{"rendered":"<ul>\n<li>Conformidad con la clase A:Efect\u00fae pruebas de acuerdo con la estricta norma internacional IEC 61000-4-30 de clase A<\/li>\n<li>Sincronizaci\u00f3n GPS:Relaciona con precisi\u00f3n los datos y eventos registrados con una referencia horaria normalizada.<\/li>\n<li>Umbrales y factores de escala flexibles y completamente configurables:Permite al usuario analizar problemas espec\u00edficos definiendo los criterios detallados para la detecci\u00f3n y el registro de perturbaciones.<\/li>\n<li>Alimentaci\u00f3n ininterrumpida (40 minutos):Nunca se pierden eventos importantes, incluso registra el comienzo y fin de las interrupciones y cortes de voltaje para ayudar a determinar la causa<\/li>\n<li>Captura de transitorios de hasta 6 kV a 10 Mm\/s: obtenga una imagen detallada de la forma de onda del transitorio incluso en los eventos de m\u00e1s corta duraci\u00f3n<\/li>\n<li>Memoria de datos de 2 GB: permite almacenar informaci\u00f3n sincr\u00f3nica y detallada de numerosos par\u00e1metros el\u00e9ctricos y durante largos periodos de tiempo<\/li>\n<li>Incluye un software completo:que ofrece diagramas de tendencias para el an\u00e1lisis de problemas estructurales, res\u00famenes estad\u00edsticos, generaci\u00f3n de reportes y monitoreo de datos en l\u00ednea y en tiempo real<\/li>\n<li>Plug and play:Permite una configuraci\u00f3n r\u00e1pida gracias a la detecci\u00f3n autom\u00e1tica de sensores; adem\u00e1s, los sensores son alimentados por el instrumento, eliminando as\u00ed la necesidad de bater\u00edas<\/li>\n<li>Dise\u00f1o robusto para su uso en campo:Su carcasa aislante y dise\u00f1o totalmente electr\u00f3nico, sin componentes mec\u00e1nicos permiten realizar comprobaciones fiables bajo cualquier condici\u00f3n<\/li>\n<li>Estad\u00edsticas de calidad el\u00e9ctrica conforme a EN50160<\/li>\n<li>Lista de eventos de voltaje (fluctuaciones e interrupciones)<\/li>\n<li>Registro continuo de:\n<ul>\n<li>Voltaje<\/li>\n<li>Corriente<\/li>\n<li>Potencia P, Q, S<\/li>\n<li>Factor de potencia<\/li>\n<li>kWh<\/li>\n<li>Fluctuaciones r\u00e1pidas de voltaje<\/li>\n<li>Desequilibrio<\/li>\n<li>Frecuencia<\/li>\n<li>Arm\u00f3nicos de voltaje y corriente hasta el 50\u00ba \/ Interarm\u00f3nicos<\/li>\n<li>THD (dispersi\u00f3n arm\u00f3nica total)<\/li>\n<li>Trasmisi\u00f3n de se\u00f1ales<\/li>\n<\/ul>\n<\/li>\n<li>Registros disparados<\/li>\n<li>Modo en l\u00ednea (osciloscopio, transitorios y eventos)<\/li>\n<li>An\u00e1lisis r\u00e1pido de transitorios de hasta 10 MHz<\/li>\n<li>4 sondas de voltaje de 600 V<\/li>\n<li>4 sondas de corriente flexible de doble rango (1000 A \/ 200 A CA)<\/li>\n<li>Receptor de sincronizaci\u00f3n horaria GPS<\/li>\n<li>Memoria Flash de 2 GB<\/li>\n<\/ul>\n","protected":false},"featured_media":8873,"template":"","meta":{"_acf_changed":false},"pwb-brand":[31],"product_brand":[],"product_cat":[366,132,30,190],"product_tag":[],"class_list":{"0":"post-8093","1":"product","2":"type-product","3":"status-publish","4":"has-post-thumbnail","6":"pwb-brand-fluke","7":"product_cat-todos-los-productos","8":"product_cat-calidad-electrica","9":"product_cat-fluke","10":"product_cat-registradores-de-calidad-electrica","12":"first","13":"instock","14":"taxable","15":"shipping-taxable","16":"product-type-simple"},"acf":[],"yoast_head":"<!-- This site is optimized with the Yoast SEO plugin v27.4 - https:\/\/yoast.com\/product\/yoast-seo-wordpress\/ -->\n<title>Registrador trif\u00e1sico de calidad el\u00e9ctrica Fluke 1760TR - Techmaster de Mexico<\/title>\n<meta name=\"robots\" content=\"index, follow, max-snippet:-1, max-image-preview:large, max-video-preview:-1\" \/>\n<link rel=\"canonical\" href=\"https:\/\/techmasterdemexico.com\/producto\/registrador-trifasico-de-calidad-electrica-fluke-1760tr\/\" \/>\n<meta property=\"og:locale\" content=\"en_US\" \/>\n<meta property=\"og:type\" content=\"article\" \/>\n<meta property=\"og:title\" content=\"Registrador trif\u00e1sico de calidad el\u00e9ctrica Fluke 1760TR - Techmaster de Mexico\" \/>\n<meta property=\"og:description\" content=\"Conformidad con la clase A:Efect\u00fae pruebas de acuerdo con la estricta norma internacional IEC 61000-4-30 de clase A   Sincronizaci\u00f3n GPS:Relaciona con precisi\u00f3n los datos y eventos registrados con una referencia horaria normalizada.   Umbrales y factores de escala flexibles y completamente configurables:Permite al usuario analizar problemas espec\u00edficos definiendo los criterios detallados para la detecci\u00f3n y el registro de perturbaciones.   Alimentaci\u00f3n ininterrumpida (40 minutos):Nunca se pierden eventos importantes, incluso registra el comienzo y fin de las interrupciones y cortes de voltaje para ayudar a determinar la causa   Captura de transitorios de hasta 6 kV a 10 Mm\/s: obtenga una imagen detallada de la forma de onda del transitorio incluso en los eventos de m\u00e1s corta duraci\u00f3n   Memoria de datos de 2 GB: permite almacenar informaci\u00f3n sincr\u00f3nica y detallada de numerosos par\u00e1metros el\u00e9ctricos y durante largos periodos de tiempo   Incluye un software completo:que ofrece diagramas de tendencias para el an\u00e1lisis de problemas estructurales, res\u00famenes estad\u00edsticos, generaci\u00f3n de reportes y monitoreo de datos en l\u00ednea y en tiempo real   Plug and play:Permite una configuraci\u00f3n r\u00e1pida gracias a la detecci\u00f3n autom\u00e1tica de sensores; adem\u00e1s, los sensores son alimentados por el instrumento, eliminando as\u00ed la necesidad de bater\u00edas   Dise\u00f1o robusto para su uso en campo:Su carcasa aislante y dise\u00f1o totalmente electr\u00f3nico, sin componentes mec\u00e1nicos permiten realizar comprobaciones fiables bajo cualquier condici\u00f3n   Estad\u00edsticas de calidad el\u00e9ctrica conforme a EN50160   Lista de eventos de voltaje (fluctuaciones e interrupciones)   Registro continuo de:    Voltaje   Corriente   Potencia P, Q, S   Factor de potencia   kWh   Fluctuaciones r\u00e1pidas de voltaje   Desequilibrio   Frecuencia   Arm\u00f3nicos de voltaje y corriente hasta el 50\u00ba \/ Interarm\u00f3nicos   THD (dispersi\u00f3n arm\u00f3nica total)   Trasmisi\u00f3n de se\u00f1ales      Registros disparados   Modo en l\u00ednea (osciloscopio, transitorios y eventos)   An\u00e1lisis r\u00e1pido de transitorios de hasta 10 MHz   4 sondas de voltaje de 600 V   4 sondas de corriente flexible de doble rango (1000 A \/ 200 A CA)   Receptor de sincronizaci\u00f3n horaria GPS   Memoria Flash de 2 GB\" \/>\n<meta property=\"og:url\" content=\"https:\/\/techmasterdemexico.com\/producto\/registrador-trifasico-de-calidad-electrica-fluke-1760tr\/\" \/>\n<meta property=\"og:site_name\" content=\"Techmaster de Mexico\" \/>\n<meta property=\"article:modified_time\" content=\"2021-12-28T22:12:25+00:00\" \/>\n<meta property=\"og:image\" content=\"https:\/\/techmasterdemexico.com\/wp-content\/uploads\/2021\/08\/1-35.jpg\" \/>\n\t<meta property=\"og:image:width\" content=\"500\" \/>\n\t<meta property=\"og:image:height\" content=\"500\" \/>\n\t<meta property=\"og:image:type\" content=\"image\/jpeg\" \/>\n<meta name=\"twitter:card\" content=\"summary_large_image\" \/>\n<meta name=\"twitter:label1\" content=\"Est. reading time\" \/>\n\t<meta name=\"twitter:data1\" content=\"2 minutes\" \/>\n<script type=\"application\/ld+json\" class=\"yoast-schema-graph\">{\"@context\":\"https:\\\/\\\/schema.org\",\"@graph\":[{\"@type\":\"WebPage\",\"@id\":\"https:\\\/\\\/techmasterdemexico.com\\\/producto\\\/registrador-trifasico-de-calidad-electrica-fluke-1760tr\\\/\",\"url\":\"https:\\\/\\\/techmasterdemexico.com\\\/producto\\\/registrador-trifasico-de-calidad-electrica-fluke-1760tr\\\/\",\"name\":\"Registrador trif\u00e1sico de calidad el\u00e9ctrica Fluke 1760TR - Techmaster de Mexico\",\"isPartOf\":{\"@id\":\"https:\\\/\\\/techmasterdemexico.com\\\/#website\"},\"primaryImageOfPage\":{\"@id\":\"https:\\\/\\\/techmasterdemexico.com\\\/producto\\\/registrador-trifasico-de-calidad-electrica-fluke-1760tr\\\/#primaryimage\"},\"image\":{\"@id\":\"https:\\\/\\\/techmasterdemexico.com\\\/producto\\\/registrador-trifasico-de-calidad-electrica-fluke-1760tr\\\/#primaryimage\"},\"thumbnailUrl\":\"https:\\\/\\\/techmasterdemexico.com\\\/wp-content\\\/uploads\\\/2021\\\/08\\\/1-35.jpg\",\"datePublished\":\"2021-08-19T17:42:45+00:00\",\"dateModified\":\"2021-12-28T22:12:25+00:00\",\"breadcrumb\":{\"@id\":\"https:\\\/\\\/techmasterdemexico.com\\\/producto\\\/registrador-trifasico-de-calidad-electrica-fluke-1760tr\\\/#breadcrumb\"},\"inLanguage\":\"en-US\",\"potentialAction\":[{\"@type\":\"ReadAction\",\"target\":[\"https:\\\/\\\/techmasterdemexico.com\\\/producto\\\/registrador-trifasico-de-calidad-electrica-fluke-1760tr\\\/\"]}]},{\"@type\":\"ImageObject\",\"inLanguage\":\"en-US\",\"@id\":\"https:\\\/\\\/techmasterdemexico.com\\\/producto\\\/registrador-trifasico-de-calidad-electrica-fluke-1760tr\\\/#primaryimage\",\"url\":\"https:\\\/\\\/techmasterdemexico.com\\\/wp-content\\\/uploads\\\/2021\\\/08\\\/1-35.jpg\",\"contentUrl\":\"https:\\\/\\\/techmasterdemexico.com\\\/wp-content\\\/uploads\\\/2021\\\/08\\\/1-35.jpg\",\"width\":500,\"height\":500},{\"@type\":\"BreadcrumbList\",\"@id\":\"https:\\\/\\\/techmasterdemexico.com\\\/producto\\\/registrador-trifasico-de-calidad-electrica-fluke-1760tr\\\/#breadcrumb\",\"itemListElement\":[{\"@type\":\"ListItem\",\"position\":1,\"name\":\"Portada\",\"item\":\"https:\\\/\\\/techmasterdemexico.com\\\/\"},{\"@type\":\"ListItem\",\"position\":2,\"name\":\"Registrador trif\u00e1sico de calidad el\u00e9ctrica Fluke 1760TR\"}]},{\"@type\":\"WebSite\",\"@id\":\"https:\\\/\\\/techmasterdemexico.com\\\/#website\",\"url\":\"https:\\\/\\\/techmasterdemexico.com\\\/\",\"name\":\"Techmaster de Mexico\",\"description\":\"\",\"potentialAction\":[{\"@type\":\"SearchAction\",\"target\":{\"@type\":\"EntryPoint\",\"urlTemplate\":\"https:\\\/\\\/techmasterdemexico.com\\\/?s={search_term_string}\"},\"query-input\":{\"@type\":\"PropertyValueSpecification\",\"valueRequired\":true,\"valueName\":\"search_term_string\"}}],\"inLanguage\":\"en-US\"}]}<\/script>\n<!-- \/ Yoast SEO plugin. -->","yoast_head_json":{"title":"Registrador trif\u00e1sico de calidad el\u00e9ctrica Fluke 1760TR - Techmaster de Mexico","robots":{"index":"index","follow":"follow","max-snippet":"max-snippet:-1","max-image-preview":"max-image-preview:large","max-video-preview":"max-video-preview:-1"},"canonical":"https:\/\/techmasterdemexico.com\/producto\/registrador-trifasico-de-calidad-electrica-fluke-1760tr\/","og_locale":"en_US","og_type":"article","og_title":"Registrador trif\u00e1sico de calidad el\u00e9ctrica Fluke 1760TR - Techmaster de Mexico","og_description":"Conformidad con la clase A:Efect\u00fae pruebas de acuerdo con la estricta norma internacional IEC 61000-4-30 de clase A   Sincronizaci\u00f3n GPS:Relaciona con precisi\u00f3n los datos y eventos registrados con una referencia horaria normalizada.   Umbrales y factores de escala flexibles y completamente configurables:Permite al usuario analizar problemas espec\u00edficos definiendo los criterios detallados para la detecci\u00f3n y el registro de perturbaciones.   Alimentaci\u00f3n ininterrumpida (40 minutos):Nunca se pierden eventos importantes, incluso registra el comienzo y fin de las interrupciones y cortes de voltaje para ayudar a determinar la causa   Captura de transitorios de hasta 6 kV a 10 Mm\/s: obtenga una imagen detallada de la forma de onda del transitorio incluso en los eventos de m\u00e1s corta duraci\u00f3n   Memoria de datos de 2 GB: permite almacenar informaci\u00f3n sincr\u00f3nica y detallada de numerosos par\u00e1metros el\u00e9ctricos y durante largos periodos de tiempo   Incluye un software completo:que ofrece diagramas de tendencias para el an\u00e1lisis de problemas estructurales, res\u00famenes estad\u00edsticos, generaci\u00f3n de reportes y monitoreo de datos en l\u00ednea y en tiempo real   Plug and play:Permite una configuraci\u00f3n r\u00e1pida gracias a la detecci\u00f3n autom\u00e1tica de sensores; adem\u00e1s, los sensores son alimentados por el instrumento, eliminando as\u00ed la necesidad de bater\u00edas   Dise\u00f1o robusto para su uso en campo:Su carcasa aislante y dise\u00f1o totalmente electr\u00f3nico, sin componentes mec\u00e1nicos permiten realizar comprobaciones fiables bajo cualquier condici\u00f3n   Estad\u00edsticas de calidad el\u00e9ctrica conforme a EN50160   Lista de eventos de voltaje (fluctuaciones e interrupciones)   Registro continuo de:    Voltaje   Corriente   Potencia P, Q, S   Factor de potencia   kWh   Fluctuaciones r\u00e1pidas de voltaje   Desequilibrio   Frecuencia   Arm\u00f3nicos de voltaje y corriente hasta el 50\u00ba \/ Interarm\u00f3nicos   THD (dispersi\u00f3n arm\u00f3nica total)   Trasmisi\u00f3n de se\u00f1ales      Registros disparados   Modo en l\u00ednea (osciloscopio, transitorios y eventos)   An\u00e1lisis r\u00e1pido de transitorios de hasta 10 MHz   4 sondas de voltaje de 600 V   4 sondas de corriente flexible de doble rango (1000 A \/ 200 A CA)   Receptor de sincronizaci\u00f3n horaria GPS   Memoria Flash de 2 GB","og_url":"https:\/\/techmasterdemexico.com\/producto\/registrador-trifasico-de-calidad-electrica-fluke-1760tr\/","og_site_name":"Techmaster de Mexico","article_modified_time":"2021-12-28T22:12:25+00:00","og_image":[{"width":500,"height":500,"url":"https:\/\/techmasterdemexico.com\/wp-content\/uploads\/2021\/08\/1-35.jpg","type":"image\/jpeg"}],"twitter_card":"summary_large_image","twitter_misc":{"Est. reading time":"2 minutes"},"schema":{"@context":"https:\/\/schema.org","@graph":[{"@type":"WebPage","@id":"https:\/\/techmasterdemexico.com\/producto\/registrador-trifasico-de-calidad-electrica-fluke-1760tr\/","url":"https:\/\/techmasterdemexico.com\/producto\/registrador-trifasico-de-calidad-electrica-fluke-1760tr\/","name":"Registrador trif\u00e1sico de calidad el\u00e9ctrica Fluke 1760TR - Techmaster de Mexico","isPartOf":{"@id":"https:\/\/techmasterdemexico.com\/#website"},"primaryImageOfPage":{"@id":"https:\/\/techmasterdemexico.com\/producto\/registrador-trifasico-de-calidad-electrica-fluke-1760tr\/#primaryimage"},"image":{"@id":"https:\/\/techmasterdemexico.com\/producto\/registrador-trifasico-de-calidad-electrica-fluke-1760tr\/#primaryimage"},"thumbnailUrl":"https:\/\/techmasterdemexico.com\/wp-content\/uploads\/2021\/08\/1-35.jpg","datePublished":"2021-08-19T17:42:45+00:00","dateModified":"2021-12-28T22:12:25+00:00","breadcrumb":{"@id":"https:\/\/techmasterdemexico.com\/producto\/registrador-trifasico-de-calidad-electrica-fluke-1760tr\/#breadcrumb"},"inLanguage":"en-US","potentialAction":[{"@type":"ReadAction","target":["https:\/\/techmasterdemexico.com\/producto\/registrador-trifasico-de-calidad-electrica-fluke-1760tr\/"]}]},{"@type":"ImageObject","inLanguage":"en-US","@id":"https:\/\/techmasterdemexico.com\/producto\/registrador-trifasico-de-calidad-electrica-fluke-1760tr\/#primaryimage","url":"https:\/\/techmasterdemexico.com\/wp-content\/uploads\/2021\/08\/1-35.jpg","contentUrl":"https:\/\/techmasterdemexico.com\/wp-content\/uploads\/2021\/08\/1-35.jpg","width":500,"height":500},{"@type":"BreadcrumbList","@id":"https:\/\/techmasterdemexico.com\/producto\/registrador-trifasico-de-calidad-electrica-fluke-1760tr\/#breadcrumb","itemListElement":[{"@type":"ListItem","position":1,"name":"Portada","item":"https:\/\/techmasterdemexico.com\/"},{"@type":"ListItem","position":2,"name":"Registrador trif\u00e1sico de calidad el\u00e9ctrica Fluke 1760TR"}]},{"@type":"WebSite","@id":"https:\/\/techmasterdemexico.com\/#website","url":"https:\/\/techmasterdemexico.com\/","name":"Techmaster de Mexico","description":"","potentialAction":[{"@type":"SearchAction","target":{"@type":"EntryPoint","urlTemplate":"https:\/\/techmasterdemexico.com\/?s={search_term_string}"},"query-input":{"@type":"PropertyValueSpecification","valueRequired":true,"valueName":"search_term_string"}}],"inLanguage":"en-US"}]}},"brands":[{"id":31,"name":"Fluke","slug":"fluke"}],"_links":{"self":[{"href":"https:\/\/techmasterdemexico.com\/en\/wp-json\/wp\/v2\/product\/8093","targetHints":{"allow":["GET"]}}],"collection":[{"href":"https:\/\/techmasterdemexico.com\/en\/wp-json\/wp\/v2\/product"}],"about":[{"href":"https:\/\/techmasterdemexico.com\/en\/wp-json\/wp\/v2\/types\/product"}],"wp:featuredmedia":[{"embeddable":true,"href":"https:\/\/techmasterdemexico.com\/en\/wp-json\/wp\/v2\/media\/8873"}],"wp:attachment":[{"href":"https:\/\/techmasterdemexico.com\/en\/wp-json\/wp\/v2\/media?parent=8093"}],"wp:term":[{"taxonomy":"pwb-brand","embeddable":true,"href":"https:\/\/techmasterdemexico.com\/en\/wp-json\/wp\/v2\/pwb-brand?post=8093"},{"taxonomy":"product_brand","embeddable":true,"href":"https:\/\/techmasterdemexico.com\/en\/wp-json\/wp\/v2\/product_brand?post=8093"},{"taxonomy":"product_cat","embeddable":true,"href":"https:\/\/techmasterdemexico.com\/en\/wp-json\/wp\/v2\/product_cat?post=8093"},{"taxonomy":"product_tag","embeddable":true,"href":"https:\/\/techmasterdemexico.com\/en\/wp-json\/wp\/v2\/product_tag?post=8093"}],"curies":[{"name":"wp","href":"https:\/\/api.w.org\/{rel}","templated":true}]}}