{"id":8092,"date":"2021-08-19T17:42:42","date_gmt":"2021-08-19T17:42:42","guid":{"rendered":"http:\/\/techmastermx.ddns.net\/producto\/registradores-de-energia-electrica-trifasicos-1732-y-1734-de-fluke\/"},"modified":"2021-12-28T22:12:25","modified_gmt":"2021-12-28T22:12:25","slug":"registradores-de-energia-electrica-trifasicos-1732-y-1734-de-fluke","status":"publish","type":"product","link":"https:\/\/techmasterdemexico.com\/en\/producto\/registradores-de-energia-electrica-trifasicos-1732-y-1734-de-fluke\/","title":{"rendered":"Registradores de energ\u00eda el\u00e9ctrica trif\u00e1sicos 1732 y 1734 de Fluke"},"content":{"rendered":"<p>Registradores de energ\u00eda el\u00e9ctrica trif\u00e1sicos 1732 y 1734 de Fluke<\/p>\n<p>Los registradores de energ\u00eda el\u00e9ctrica trif\u00e1sicos 1732 y 1734 de Fluke presentan una nueva facilidad para descubrir fuentes de gasto de energ\u00eda el\u00e9ctrica. Descubra cu\u00e1ndo y d\u00f3nde se consume la energ\u00eda en sus instalaciones; desde la acometida de servicio hasta los circuitos individuales. Acceda a los datos y comp\u00e1rtalos con su equipo de manera remota con la aplicaci\u00f3n Fluke Connect\u00ae, as\u00ed podr\u00e1 mantener distancias de trabajo seguras y tomar decisiones cr\u00edticas en tiempo real, sin necesidad de equipos de protecci\u00f3n, visitas al sitio e ingresos.<\/p>\n<p>Establecer perfiles del uso de energ\u00eda en sus instalaciones lo ayuda a identificar oportunidades para ahorrar energ\u00eda y le proporciona los datos necesarios para accionar sobre ellos. El nuevo paquete de software Energy Analyze le permite comparar m\u00faltiples puntos de datos en el tiempo para construir una imagen completa del uso de energ\u00eda, lo cual es el primer paso para reducir el costo de su factura de energ\u00eda.<\/p>\n<ul>\n<li>Mediciones clave: Capture y registre autom\u00e1ticamente la tensi\u00f3n, corriente, potencia, factor de potencia, energ\u00eda y valores asociados<\/li>\n<li>Compatible con Fluke Connect\u00ae: Visualice datos localmente en el instrumento mediante la aplicaci\u00f3n m\u00f3vil y software para equipos Fluke Connect o a trav\u00e9s de la infraestructura de Wi-Fi en sus instalaciones<\/li>\n<li>Alimentaci\u00f3n pr\u00e1ctica del instrumento: Alimente el instrumento directamente desde el circuito medido<\/li>\n<li>La clasificaci\u00f3n de seguridad m\u00e1s alta del sector: calificaci\u00f3n: 600 V CAT IV\/1000 V CAT III para su uso desde la acometida de servicio en adelante<\/li>\n<li>Mida las tres fases: Incluye 3 sondas flexibles de corriente<\/li>\n<li>Registros integrales: Se pueden almacenar m\u00e1s de 20 sesiones de registro distintas en los instrumentos. En realidad, todos los valores medidos se registran autom\u00e1ticamente para que no pierda las tendencias de medici\u00f3n. Incluso se pueden revisar durante las sesiones de registro y antes de descargarlos para su an\u00e1lisis en tiempo real<\/li>\n<li>Interfaz de usuario optimizada: La configuraci\u00f3n r\u00e1pida, guiada y gr\u00e1fica garantiza que capture datos precisos siempre, y la funci\u00f3n de verificaci\u00f3n inteligente indica las conexiones correctas que se realizaron, lo que reduce la incertidumbre del usuario<\/li>\n<li>Pantalla t\u00e1ctil brillante a color: Lleve a cabo an\u00e1lisis en el campo y comprobaciones de datos en forma pr\u00e1ctica con una pantalla completamente gr\u00e1fica<\/li>\n<li>Interfaz de usuario optimizada: Capture datos precisos siempre mediante una configuraci\u00f3n r\u00e1pida, guiada y gr\u00e1fica, y reduzca la incertidumbre acerca de las conexiones con la funci\u00f3n de verificaci\u00f3n inteligente<\/li>\n<li>Complete configuraciones \u201cen el campo&#8221; a trav\u00e9s del panel frontal o Fluke Connect:No es necesario regresar al taller para descargar, configurar o llevar un equipo al panel el\u00e9ctrico<\/li>\n<li>Registro totalmente integrado: Conecte otros dispositivos Fluke Connect al registrador 1734 de Fluke para registrar simult\u00e1neamente hasta dos par\u00e1metros de medici\u00f3n adicionales, pr\u00e1cticamente cualquier par\u00e1metro disponible en un mult\u00edmetro o m\u00f3dulo digital inal\u00e1mbrico Fluke Connect*<\/li>\n<li>Software de aplicaci\u00f3n Energy Analyze Plus: Descargue y analice cada detalle del consumo de energ\u00eda con nuestra generaci\u00f3n de informes automatizada<\/li>\n<\/ul>\n","protected":false},"excerpt":{"rendered":"<ul>\n<li>Mediciones clave: Capture y registre autom\u00e1ticamente la tensi\u00f3n, corriente, potencia, factor de potencia, energ\u00eda y valores asociados<\/li>\n<li>Alimentaci\u00f3n pr\u00e1ctica del instrumento: Alimente el instrumento directamente desde el circuito medido<\/li>\n<li>La clasificaci\u00f3n de seguridad m\u00e1s alta del sector: calificaci\u00f3n: 600 V CAT IV\/1000 V CAT III para su uso desde la acometida de servicio en adelante<\/li>\n<\/ul>\n","protected":false},"featured_media":8876,"template":"","meta":{"_acf_changed":false},"pwb-brand":[31],"product_brand":[],"product_cat":[366,132,30],"product_tag":[],"class_list":{"0":"post-8092","1":"product","2":"type-product","3":"status-publish","4":"has-post-thumbnail","6":"pwb-brand-fluke","7":"product_cat-todos-los-productos","8":"product_cat-calidad-electrica","9":"product_cat-fluke","11":"first","12":"instock","13":"taxable","14":"shipping-taxable","15":"product-type-simple"},"acf":[],"yoast_head":"<!-- This site is optimized with the Yoast SEO plugin v27.4 - https:\/\/yoast.com\/product\/yoast-seo-wordpress\/ -->\n<title>Registradores de energ\u00eda el\u00e9ctrica trif\u00e1sicos 1732 y 1734 de Fluke - Techmaster de Mexico<\/title>\n<meta name=\"robots\" content=\"index, follow, max-snippet:-1, max-image-preview:large, max-video-preview:-1\" \/>\n<link rel=\"canonical\" href=\"https:\/\/techmasterdemexico.com\/producto\/registradores-de-energia-electrica-trifasicos-1732-y-1734-de-fluke\/\" \/>\n<meta property=\"og:locale\" content=\"en_US\" \/>\n<meta property=\"og:type\" content=\"article\" \/>\n<meta property=\"og:title\" content=\"Registradores de energ\u00eda el\u00e9ctrica trif\u00e1sicos 1732 y 1734 de Fluke - Techmaster de Mexico\" \/>\n<meta property=\"og:description\" content=\"Mediciones clave: Capture y registre autom\u00e1ticamente la tensi\u00f3n, corriente, potencia, factor de potencia, energ\u00eda y valores asociados   Alimentaci\u00f3n pr\u00e1ctica del instrumento: Alimente el instrumento directamente desde el circuito medido   La clasificaci\u00f3n de seguridad m\u00e1s alta del sector: calificaci\u00f3n: 600 V CAT IV\/1000 V CAT III para su uso desde la acometida de servicio en adelante\" \/>\n<meta property=\"og:url\" content=\"https:\/\/techmasterdemexico.com\/producto\/registradores-de-energia-electrica-trifasicos-1732-y-1734-de-fluke\/\" \/>\n<meta property=\"og:site_name\" content=\"Techmaster de Mexico\" \/>\n<meta property=\"article:modified_time\" content=\"2021-12-28T22:12:25+00:00\" \/>\n<meta property=\"og:image\" content=\"https:\/\/techmasterdemexico.com\/wp-content\/uploads\/2021\/08\/1-36.jpg\" \/>\n\t<meta property=\"og:image:width\" content=\"500\" \/>\n\t<meta property=\"og:image:height\" content=\"500\" \/>\n\t<meta property=\"og:image:type\" content=\"image\/jpeg\" \/>\n<meta name=\"twitter:card\" content=\"summary_large_image\" \/>\n<meta name=\"twitter:label1\" content=\"Est. reading time\" \/>\n\t<meta name=\"twitter:data1\" content=\"3 minutes\" \/>\n<script type=\"application\/ld+json\" class=\"yoast-schema-graph\">{\"@context\":\"https:\\\/\\\/schema.org\",\"@graph\":[{\"@type\":\"WebPage\",\"@id\":\"https:\\\/\\\/techmasterdemexico.com\\\/producto\\\/registradores-de-energia-electrica-trifasicos-1732-y-1734-de-fluke\\\/\",\"url\":\"https:\\\/\\\/techmasterdemexico.com\\\/producto\\\/registradores-de-energia-electrica-trifasicos-1732-y-1734-de-fluke\\\/\",\"name\":\"Registradores de energ\u00eda el\u00e9ctrica trif\u00e1sicos 1732 y 1734 de Fluke - Techmaster de Mexico\",\"isPartOf\":{\"@id\":\"https:\\\/\\\/techmasterdemexico.com\\\/#website\"},\"primaryImageOfPage\":{\"@id\":\"https:\\\/\\\/techmasterdemexico.com\\\/producto\\\/registradores-de-energia-electrica-trifasicos-1732-y-1734-de-fluke\\\/#primaryimage\"},\"image\":{\"@id\":\"https:\\\/\\\/techmasterdemexico.com\\\/producto\\\/registradores-de-energia-electrica-trifasicos-1732-y-1734-de-fluke\\\/#primaryimage\"},\"thumbnailUrl\":\"https:\\\/\\\/techmasterdemexico.com\\\/wp-content\\\/uploads\\\/2021\\\/08\\\/1-36.jpg\",\"datePublished\":\"2021-08-19T17:42:42+00:00\",\"dateModified\":\"2021-12-28T22:12:25+00:00\",\"breadcrumb\":{\"@id\":\"https:\\\/\\\/techmasterdemexico.com\\\/producto\\\/registradores-de-energia-electrica-trifasicos-1732-y-1734-de-fluke\\\/#breadcrumb\"},\"inLanguage\":\"en-US\",\"potentialAction\":[{\"@type\":\"ReadAction\",\"target\":[\"https:\\\/\\\/techmasterdemexico.com\\\/producto\\\/registradores-de-energia-electrica-trifasicos-1732-y-1734-de-fluke\\\/\"]}]},{\"@type\":\"ImageObject\",\"inLanguage\":\"en-US\",\"@id\":\"https:\\\/\\\/techmasterdemexico.com\\\/producto\\\/registradores-de-energia-electrica-trifasicos-1732-y-1734-de-fluke\\\/#primaryimage\",\"url\":\"https:\\\/\\\/techmasterdemexico.com\\\/wp-content\\\/uploads\\\/2021\\\/08\\\/1-36.jpg\",\"contentUrl\":\"https:\\\/\\\/techmasterdemexico.com\\\/wp-content\\\/uploads\\\/2021\\\/08\\\/1-36.jpg\",\"width\":500,\"height\":500},{\"@type\":\"BreadcrumbList\",\"@id\":\"https:\\\/\\\/techmasterdemexico.com\\\/producto\\\/registradores-de-energia-electrica-trifasicos-1732-y-1734-de-fluke\\\/#breadcrumb\",\"itemListElement\":[{\"@type\":\"ListItem\",\"position\":1,\"name\":\"Portada\",\"item\":\"https:\\\/\\\/techmasterdemexico.com\\\/\"},{\"@type\":\"ListItem\",\"position\":2,\"name\":\"Registradores de energ\u00eda el\u00e9ctrica trif\u00e1sicos 1732 y 1734 de Fluke\"}]},{\"@type\":\"WebSite\",\"@id\":\"https:\\\/\\\/techmasterdemexico.com\\\/#website\",\"url\":\"https:\\\/\\\/techmasterdemexico.com\\\/\",\"name\":\"Techmaster de Mexico\",\"description\":\"\",\"potentialAction\":[{\"@type\":\"SearchAction\",\"target\":{\"@type\":\"EntryPoint\",\"urlTemplate\":\"https:\\\/\\\/techmasterdemexico.com\\\/?s={search_term_string}\"},\"query-input\":{\"@type\":\"PropertyValueSpecification\",\"valueRequired\":true,\"valueName\":\"search_term_string\"}}],\"inLanguage\":\"en-US\"}]}<\/script>\n<!-- \/ Yoast SEO plugin. -->","yoast_head_json":{"title":"Registradores de energ\u00eda el\u00e9ctrica trif\u00e1sicos 1732 y 1734 de Fluke - Techmaster de Mexico","robots":{"index":"index","follow":"follow","max-snippet":"max-snippet:-1","max-image-preview":"max-image-preview:large","max-video-preview":"max-video-preview:-1"},"canonical":"https:\/\/techmasterdemexico.com\/producto\/registradores-de-energia-electrica-trifasicos-1732-y-1734-de-fluke\/","og_locale":"en_US","og_type":"article","og_title":"Registradores de energ\u00eda el\u00e9ctrica trif\u00e1sicos 1732 y 1734 de Fluke - Techmaster de Mexico","og_description":"Mediciones clave: Capture y registre autom\u00e1ticamente la tensi\u00f3n, corriente, potencia, factor de potencia, energ\u00eda y valores asociados   Alimentaci\u00f3n pr\u00e1ctica del instrumento: Alimente el instrumento directamente desde el circuito medido   La clasificaci\u00f3n de seguridad m\u00e1s alta del sector: calificaci\u00f3n: 600 V CAT IV\/1000 V CAT III para su uso desde la acometida de servicio en adelante","og_url":"https:\/\/techmasterdemexico.com\/producto\/registradores-de-energia-electrica-trifasicos-1732-y-1734-de-fluke\/","og_site_name":"Techmaster de Mexico","article_modified_time":"2021-12-28T22:12:25+00:00","og_image":[{"width":500,"height":500,"url":"https:\/\/techmasterdemexico.com\/wp-content\/uploads\/2021\/08\/1-36.jpg","type":"image\/jpeg"}],"twitter_card":"summary_large_image","twitter_misc":{"Est. reading time":"3 minutes"},"schema":{"@context":"https:\/\/schema.org","@graph":[{"@type":"WebPage","@id":"https:\/\/techmasterdemexico.com\/producto\/registradores-de-energia-electrica-trifasicos-1732-y-1734-de-fluke\/","url":"https:\/\/techmasterdemexico.com\/producto\/registradores-de-energia-electrica-trifasicos-1732-y-1734-de-fluke\/","name":"Registradores de energ\u00eda el\u00e9ctrica trif\u00e1sicos 1732 y 1734 de Fluke - Techmaster de Mexico","isPartOf":{"@id":"https:\/\/techmasterdemexico.com\/#website"},"primaryImageOfPage":{"@id":"https:\/\/techmasterdemexico.com\/producto\/registradores-de-energia-electrica-trifasicos-1732-y-1734-de-fluke\/#primaryimage"},"image":{"@id":"https:\/\/techmasterdemexico.com\/producto\/registradores-de-energia-electrica-trifasicos-1732-y-1734-de-fluke\/#primaryimage"},"thumbnailUrl":"https:\/\/techmasterdemexico.com\/wp-content\/uploads\/2021\/08\/1-36.jpg","datePublished":"2021-08-19T17:42:42+00:00","dateModified":"2021-12-28T22:12:25+00:00","breadcrumb":{"@id":"https:\/\/techmasterdemexico.com\/producto\/registradores-de-energia-electrica-trifasicos-1732-y-1734-de-fluke\/#breadcrumb"},"inLanguage":"en-US","potentialAction":[{"@type":"ReadAction","target":["https:\/\/techmasterdemexico.com\/producto\/registradores-de-energia-electrica-trifasicos-1732-y-1734-de-fluke\/"]}]},{"@type":"ImageObject","inLanguage":"en-US","@id":"https:\/\/techmasterdemexico.com\/producto\/registradores-de-energia-electrica-trifasicos-1732-y-1734-de-fluke\/#primaryimage","url":"https:\/\/techmasterdemexico.com\/wp-content\/uploads\/2021\/08\/1-36.jpg","contentUrl":"https:\/\/techmasterdemexico.com\/wp-content\/uploads\/2021\/08\/1-36.jpg","width":500,"height":500},{"@type":"BreadcrumbList","@id":"https:\/\/techmasterdemexico.com\/producto\/registradores-de-energia-electrica-trifasicos-1732-y-1734-de-fluke\/#breadcrumb","itemListElement":[{"@type":"ListItem","position":1,"name":"Portada","item":"https:\/\/techmasterdemexico.com\/"},{"@type":"ListItem","position":2,"name":"Registradores de energ\u00eda el\u00e9ctrica trif\u00e1sicos 1732 y 1734 de Fluke"}]},{"@type":"WebSite","@id":"https:\/\/techmasterdemexico.com\/#website","url":"https:\/\/techmasterdemexico.com\/","name":"Techmaster de Mexico","description":"","potentialAction":[{"@type":"SearchAction","target":{"@type":"EntryPoint","urlTemplate":"https:\/\/techmasterdemexico.com\/?s={search_term_string}"},"query-input":{"@type":"PropertyValueSpecification","valueRequired":true,"valueName":"search_term_string"}}],"inLanguage":"en-US"}]}},"brands":[{"id":31,"name":"Fluke","slug":"fluke"}],"_links":{"self":[{"href":"https:\/\/techmasterdemexico.com\/en\/wp-json\/wp\/v2\/product\/8092","targetHints":{"allow":["GET"]}}],"collection":[{"href":"https:\/\/techmasterdemexico.com\/en\/wp-json\/wp\/v2\/product"}],"about":[{"href":"https:\/\/techmasterdemexico.com\/en\/wp-json\/wp\/v2\/types\/product"}],"wp:featuredmedia":[{"embeddable":true,"href":"https:\/\/techmasterdemexico.com\/en\/wp-json\/wp\/v2\/media\/8876"}],"wp:attachment":[{"href":"https:\/\/techmasterdemexico.com\/en\/wp-json\/wp\/v2\/media?parent=8092"}],"wp:term":[{"taxonomy":"pwb-brand","embeddable":true,"href":"https:\/\/techmasterdemexico.com\/en\/wp-json\/wp\/v2\/pwb-brand?post=8092"},{"taxonomy":"product_brand","embeddable":true,"href":"https:\/\/techmasterdemexico.com\/en\/wp-json\/wp\/v2\/product_brand?post=8092"},{"taxonomy":"product_cat","embeddable":true,"href":"https:\/\/techmasterdemexico.com\/en\/wp-json\/wp\/v2\/product_cat?post=8092"},{"taxonomy":"product_tag","embeddable":true,"href":"https:\/\/techmasterdemexico.com\/en\/wp-json\/wp\/v2\/product_tag?post=8092"}],"curies":[{"name":"wp","href":"https:\/\/api.w.org\/{rel}","templated":true}]}}