{"id":8091,"date":"2021-08-19T17:42:41","date_gmt":"2021-08-19T17:42:41","guid":{"rendered":"http:\/\/techmastermx.ddns.net\/producto\/registrador-trifasico-de-calidad-electrica-fluke-1750-tf\/"},"modified":"2021-12-28T22:12:26","modified_gmt":"2021-12-28T22:12:26","slug":"registrador-trifasico-de-calidad-electrica-fluke-1750-tf","status":"publish","type":"product","link":"https:\/\/techmasterdemexico.com\/en\/producto\/registrador-trifasico-de-calidad-electrica-fluke-1750-tf\/","title":{"rendered":"Registrador trif\u00e1sico de calidad el\u00e9ctrica Fluke 1750-TF"},"content":{"rendered":"<p>Registrador trif\u00e1sico de calidad el\u00e9ctrica Fluke 1750-TF<\/p>\n<p>Registre cada par\u00e1metro de calidad el\u00e9ctrica y cada ciclo constantemente<\/p>\n<p>Configurar un analizador de calidad el\u00e9ctrica para capturar informaci\u00f3n detallada sobre la calidad el\u00e9ctrica nunca ha sido tan f\u00e1cil como lo es con el dispositivo Fluke 1750. Lo \u00fanico que necesita saber es el voltaje del sistema, la frecuencia y la configuraci\u00f3n de la alimentaci\u00f3n (tipo tri\u00e1ngulo o estrella). Es entonces cuando el analizador captura la informaci\u00f3n m\u00e1s importante durante un m\u00e1ximo de 30 d\u00edas sin perder los detalles m\u00e1s importantes. Estos medidores de calidad el\u00e9ctrica registran autom\u00e1ticamente todos los eventos y par\u00e1metros de calidad el\u00e9ctrica, en todos los ciclos y en todo momento. Una vez capturada la informaci\u00f3n, desc\u00e1rguela a trav\u00e9s de Ethernet o directamente a su tarjeta SD de 2 GB (sin necesidad de m\u00e1s dispositivos). El dispositivo Fluke 1750 cuenta con un panel frontal inal\u00e1mbrico para visualizar las mediciones, la informaci\u00f3n y la configuraci\u00f3n, todo ello a trav\u00e9s de una tableta usando la conexi\u00f3n Bluetooth.<\/p>\n<p>Aplicaciones<\/p>\n<ul>\n<li>An\u00e1lisis a largo plazo: identificaci\u00f3n de problemas intermitentes o de dif\u00edcil detecci\u00f3n; supervisi\u00f3n de equipos cr\u00edticos, captura de perturbaciones de la calidad el\u00e9ctrica relacionadas con un funcionamiento incorrecto del equipo<\/li>\n<li>Estudios de la calidad el\u00e9ctrica: determinaci\u00f3n de la calidad el\u00e9ctrica de la instalaci\u00f3n y documentaci\u00f3n de resultados con informes profesionales.<\/li>\n<li>Cumplimiento con la calidad del servicio: valide la calidad de la alimentaci\u00f3n entrante en la entrada de servicio<\/li>\n<li>Instalaci\u00f3n\/puesta en marcha de equipos: establecimiento de puntos de referencia en el sistema de alimentaci\u00f3n antes de la instalaci\u00f3n para asegurar la calidad de servicio.<\/li>\n<li>An\u00e1lisis a largo plazo: identifique problemas intermitentes o de dif\u00edcil detecci\u00f3n.<\/li>\n<li>Estudios de carga: compruebe la capacidad disponible de la instalaci\u00f3n el\u00e9ctrica antes de a\u00f1adir nuevas cargas.<\/li>\n<\/ul>\n","protected":false},"excerpt":{"rendered":"<ul>\n<li>Calidad el\u00e9ctrica que cumple con las normas: Todas las medidas cumplen con las normas IEC61000-4-30 para la correcta evaluaci\u00f3n de todos los valores medidos, como voltaje, corriente, energ\u00eda, arm\u00f3nicos, fluctuaciones r\u00e1pidas, etc.<\/li>\n<li>Configuraci\u00f3n r\u00e1pida y confiable: un sistema de tableta ofrece una ventana en la que muestra lo que el instrumento est\u00e1 registrando, permitiendo una configuraci\u00f3n r\u00e1pida y confiable incluso en ubicaciones de comprobaci\u00f3n inusuales.<\/li>\n<li>Configuraci\u00f3n sin umbrales: aplique umbrales despu\u00e9s de recopilar los datos con el software Fluke Power Analyze, de forma que no tendr\u00e1 que preocuparse por la p\u00e9rdida de informaci\u00f3n por culpa de configuraciones incorrectas.<\/li>\n<li>Captura todo gracias a sus canales cruzados y al disparo por corriente captura todas las medidas, en todos los canales y en todo momento.<\/li>\n<li>Software intuitivo para PC: analice de forma sencilla los datos y genere informes con la funci\u00f3n de informes automatizada que cumple con la norma EN50160.<\/li>\n<li>Generar informes nunca fue tan f\u00e1cil: Auto Report crea informes est\u00e1ndar y personalizados con el m\u00ednimo esfuerzo. Exporte informes a casi cualquier formato, incluido RTF (formato de texto enriquecido), para poder editarlos en Microsoft Word.<\/li>\n<li>Plug and play configuraci\u00f3n r\u00e1pida con sondas de corriente con identificaci\u00f3n autom\u00e1tica y conexiones de voltaje en un solo cable.<\/li>\n<li>No es necesario volver a reconectar los cables: cambie los canales internamente con la PDA inal\u00e1mbrica o el PC cuando las conexiones no sean correctas.<\/li>\n<li>Mida cada par\u00e1metro: voltaje y corriente en las tres fases, el neutro y tierra.<\/li>\n<li>Captura de formas de onda de hasta 5 MHz, 8000 Vpk: obtenga una imagen detallada incluso de los eventos de m\u00e1s corta duraci\u00f3n.<\/li>\n<li>Recuperaci\u00f3n r\u00e1pida de los datos: con la tarjeta de memoria SD incluida o con la conexi\u00f3n Ethernet 100 Base T de alta velocidad. La tarjeta SD incluye la descarga autom\u00e1tica en SD cuando no se realiza ninguna otra conexi\u00f3n con el instrumento.<\/li>\n<\/ul>\n","protected":false},"featured_media":8887,"template":"","meta":{"_acf_changed":false},"pwb-brand":[31],"product_brand":[],"product_cat":[366,132,30,190],"product_tag":[],"class_list":{"0":"post-8091","1":"product","2":"type-product","3":"status-publish","4":"has-post-thumbnail","6":"pwb-brand-fluke","7":"product_cat-todos-los-productos","8":"product_cat-calidad-electrica","9":"product_cat-fluke","10":"product_cat-registradores-de-calidad-electrica","12":"first","13":"instock","14":"taxable","15":"shipping-taxable","16":"product-type-simple"},"acf":[],"yoast_head":"<!-- This site is optimized with the Yoast SEO plugin v27.4 - https:\/\/yoast.com\/product\/yoast-seo-wordpress\/ -->\n<title>Registrador trif\u00e1sico de calidad el\u00e9ctrica Fluke 1750-TF - Techmaster de Mexico<\/title>\n<meta name=\"robots\" content=\"index, follow, max-snippet:-1, max-image-preview:large, max-video-preview:-1\" \/>\n<link rel=\"canonical\" href=\"https:\/\/techmasterdemexico.com\/producto\/registrador-trifasico-de-calidad-electrica-fluke-1750-tf\/\" \/>\n<meta property=\"og:locale\" content=\"en_US\" \/>\n<meta property=\"og:type\" content=\"article\" \/>\n<meta property=\"og:title\" content=\"Registrador trif\u00e1sico de calidad el\u00e9ctrica Fluke 1750-TF - Techmaster de Mexico\" \/>\n<meta property=\"og:description\" content=\"Calidad el\u00e9ctrica que cumple con las normas: Todas las medidas cumplen con las normas IEC61000-4-30 para la correcta evaluaci\u00f3n de todos los valores medidos, como voltaje, corriente, energ\u00eda, arm\u00f3nicos, fluctuaciones r\u00e1pidas, etc.   Configuraci\u00f3n r\u00e1pida y confiable: un sistema de tableta ofrece una ventana en la que muestra lo que el instrumento est\u00e1 registrando, permitiendo una configuraci\u00f3n r\u00e1pida y confiable incluso en ubicaciones de comprobaci\u00f3n inusuales.   Configuraci\u00f3n sin umbrales: aplique umbrales despu\u00e9s de recopilar los datos con el software Fluke Power Analyze, de forma que no tendr\u00e1 que preocuparse por la p\u00e9rdida de informaci\u00f3n por culpa de configuraciones incorrectas.   Captura todo gracias a sus canales cruzados y al disparo por corriente captura todas las medidas, en todos los canales y en todo momento.   Software intuitivo para PC: analice de forma sencilla los datos y genere informes con la funci\u00f3n de informes automatizada que cumple con la norma EN50160.   Generar informes nunca fue tan f\u00e1cil: Auto Report crea informes est\u00e1ndar y personalizados con el m\u00ednimo esfuerzo. Exporte informes a casi cualquier formato, incluido RTF (formato de texto enriquecido), para poder editarlos en Microsoft Word.   Plug and play configuraci\u00f3n r\u00e1pida con sondas de corriente con identificaci\u00f3n autom\u00e1tica y conexiones de voltaje en un solo cable.   No es necesario volver a reconectar los cables: cambie los canales internamente con la PDA inal\u00e1mbrica o el PC cuando las conexiones no sean correctas.   Mida cada par\u00e1metro: voltaje y corriente en las tres fases, el neutro y tierra.   Captura de formas de onda de hasta 5 MHz, 8000 Vpk: obtenga una imagen detallada incluso de los eventos de m\u00e1s corta duraci\u00f3n.   Recuperaci\u00f3n r\u00e1pida de los datos: con la tarjeta de memoria SD incluida o con la conexi\u00f3n Ethernet 100 Base T de alta velocidad. La tarjeta SD incluye la descarga autom\u00e1tica en SD cuando no se realiza ninguna otra conexi\u00f3n con el instrumento.\" \/>\n<meta property=\"og:url\" content=\"https:\/\/techmasterdemexico.com\/producto\/registrador-trifasico-de-calidad-electrica-fluke-1750-tf\/\" \/>\n<meta property=\"og:site_name\" content=\"Techmaster de Mexico\" \/>\n<meta property=\"article:modified_time\" content=\"2021-12-28T22:12:26+00:00\" \/>\n<meta property=\"og:image\" content=\"https:\/\/techmasterdemexico.com\/wp-content\/uploads\/2021\/08\/1-38.jpg\" \/>\n\t<meta property=\"og:image:width\" content=\"500\" \/>\n\t<meta property=\"og:image:height\" content=\"500\" \/>\n\t<meta property=\"og:image:type\" content=\"image\/jpeg\" \/>\n<meta name=\"twitter:card\" content=\"summary_large_image\" \/>\n<meta name=\"twitter:label1\" content=\"Est. reading time\" \/>\n\t<meta name=\"twitter:data1\" content=\"2 minutes\" \/>\n<script type=\"application\/ld+json\" class=\"yoast-schema-graph\">{\"@context\":\"https:\\\/\\\/schema.org\",\"@graph\":[{\"@type\":\"WebPage\",\"@id\":\"https:\\\/\\\/techmasterdemexico.com\\\/producto\\\/registrador-trifasico-de-calidad-electrica-fluke-1750-tf\\\/\",\"url\":\"https:\\\/\\\/techmasterdemexico.com\\\/producto\\\/registrador-trifasico-de-calidad-electrica-fluke-1750-tf\\\/\",\"name\":\"Registrador trif\u00e1sico de calidad el\u00e9ctrica Fluke 1750-TF - Techmaster de Mexico\",\"isPartOf\":{\"@id\":\"https:\\\/\\\/techmasterdemexico.com\\\/#website\"},\"primaryImageOfPage\":{\"@id\":\"https:\\\/\\\/techmasterdemexico.com\\\/producto\\\/registrador-trifasico-de-calidad-electrica-fluke-1750-tf\\\/#primaryimage\"},\"image\":{\"@id\":\"https:\\\/\\\/techmasterdemexico.com\\\/producto\\\/registrador-trifasico-de-calidad-electrica-fluke-1750-tf\\\/#primaryimage\"},\"thumbnailUrl\":\"https:\\\/\\\/techmasterdemexico.com\\\/wp-content\\\/uploads\\\/2021\\\/08\\\/1-38.jpg\",\"datePublished\":\"2021-08-19T17:42:41+00:00\",\"dateModified\":\"2021-12-28T22:12:26+00:00\",\"breadcrumb\":{\"@id\":\"https:\\\/\\\/techmasterdemexico.com\\\/producto\\\/registrador-trifasico-de-calidad-electrica-fluke-1750-tf\\\/#breadcrumb\"},\"inLanguage\":\"en-US\",\"potentialAction\":[{\"@type\":\"ReadAction\",\"target\":[\"https:\\\/\\\/techmasterdemexico.com\\\/producto\\\/registrador-trifasico-de-calidad-electrica-fluke-1750-tf\\\/\"]}]},{\"@type\":\"ImageObject\",\"inLanguage\":\"en-US\",\"@id\":\"https:\\\/\\\/techmasterdemexico.com\\\/producto\\\/registrador-trifasico-de-calidad-electrica-fluke-1750-tf\\\/#primaryimage\",\"url\":\"https:\\\/\\\/techmasterdemexico.com\\\/wp-content\\\/uploads\\\/2021\\\/08\\\/1-38.jpg\",\"contentUrl\":\"https:\\\/\\\/techmasterdemexico.com\\\/wp-content\\\/uploads\\\/2021\\\/08\\\/1-38.jpg\",\"width\":500,\"height\":500},{\"@type\":\"BreadcrumbList\",\"@id\":\"https:\\\/\\\/techmasterdemexico.com\\\/producto\\\/registrador-trifasico-de-calidad-electrica-fluke-1750-tf\\\/#breadcrumb\",\"itemListElement\":[{\"@type\":\"ListItem\",\"position\":1,\"name\":\"Portada\",\"item\":\"https:\\\/\\\/techmasterdemexico.com\\\/\"},{\"@type\":\"ListItem\",\"position\":2,\"name\":\"Registrador trif\u00e1sico de calidad el\u00e9ctrica Fluke 1750-TF\"}]},{\"@type\":\"WebSite\",\"@id\":\"https:\\\/\\\/techmasterdemexico.com\\\/#website\",\"url\":\"https:\\\/\\\/techmasterdemexico.com\\\/\",\"name\":\"Techmaster de Mexico\",\"description\":\"\",\"potentialAction\":[{\"@type\":\"SearchAction\",\"target\":{\"@type\":\"EntryPoint\",\"urlTemplate\":\"https:\\\/\\\/techmasterdemexico.com\\\/?s={search_term_string}\"},\"query-input\":{\"@type\":\"PropertyValueSpecification\",\"valueRequired\":true,\"valueName\":\"search_term_string\"}}],\"inLanguage\":\"en-US\"}]}<\/script>\n<!-- \/ Yoast SEO plugin. -->","yoast_head_json":{"title":"Registrador trif\u00e1sico de calidad el\u00e9ctrica Fluke 1750-TF - Techmaster de Mexico","robots":{"index":"index","follow":"follow","max-snippet":"max-snippet:-1","max-image-preview":"max-image-preview:large","max-video-preview":"max-video-preview:-1"},"canonical":"https:\/\/techmasterdemexico.com\/producto\/registrador-trifasico-de-calidad-electrica-fluke-1750-tf\/","og_locale":"en_US","og_type":"article","og_title":"Registrador trif\u00e1sico de calidad el\u00e9ctrica Fluke 1750-TF - Techmaster de Mexico","og_description":"Calidad el\u00e9ctrica que cumple con las normas: Todas las medidas cumplen con las normas IEC61000-4-30 para la correcta evaluaci\u00f3n de todos los valores medidos, como voltaje, corriente, energ\u00eda, arm\u00f3nicos, fluctuaciones r\u00e1pidas, etc.   Configuraci\u00f3n r\u00e1pida y confiable: un sistema de tableta ofrece una ventana en la que muestra lo que el instrumento est\u00e1 registrando, permitiendo una configuraci\u00f3n r\u00e1pida y confiable incluso en ubicaciones de comprobaci\u00f3n inusuales.   Configuraci\u00f3n sin umbrales: aplique umbrales despu\u00e9s de recopilar los datos con el software Fluke Power Analyze, de forma que no tendr\u00e1 que preocuparse por la p\u00e9rdida de informaci\u00f3n por culpa de configuraciones incorrectas.   Captura todo gracias a sus canales cruzados y al disparo por corriente captura todas las medidas, en todos los canales y en todo momento.   Software intuitivo para PC: analice de forma sencilla los datos y genere informes con la funci\u00f3n de informes automatizada que cumple con la norma EN50160.   Generar informes nunca fue tan f\u00e1cil: Auto Report crea informes est\u00e1ndar y personalizados con el m\u00ednimo esfuerzo. Exporte informes a casi cualquier formato, incluido RTF (formato de texto enriquecido), para poder editarlos en Microsoft Word.   Plug and play configuraci\u00f3n r\u00e1pida con sondas de corriente con identificaci\u00f3n autom\u00e1tica y conexiones de voltaje en un solo cable.   No es necesario volver a reconectar los cables: cambie los canales internamente con la PDA inal\u00e1mbrica o el PC cuando las conexiones no sean correctas.   Mida cada par\u00e1metro: voltaje y corriente en las tres fases, el neutro y tierra.   Captura de formas de onda de hasta 5 MHz, 8000 Vpk: obtenga una imagen detallada incluso de los eventos de m\u00e1s corta duraci\u00f3n.   Recuperaci\u00f3n r\u00e1pida de los datos: con la tarjeta de memoria SD incluida o con la conexi\u00f3n Ethernet 100 Base T de alta velocidad. La tarjeta SD incluye la descarga autom\u00e1tica en SD cuando no se realiza ninguna otra conexi\u00f3n con el instrumento.","og_url":"https:\/\/techmasterdemexico.com\/producto\/registrador-trifasico-de-calidad-electrica-fluke-1750-tf\/","og_site_name":"Techmaster de Mexico","article_modified_time":"2021-12-28T22:12:26+00:00","og_image":[{"width":500,"height":500,"url":"https:\/\/techmasterdemexico.com\/wp-content\/uploads\/2021\/08\/1-38.jpg","type":"image\/jpeg"}],"twitter_card":"summary_large_image","twitter_misc":{"Est. reading time":"2 minutes"},"schema":{"@context":"https:\/\/schema.org","@graph":[{"@type":"WebPage","@id":"https:\/\/techmasterdemexico.com\/producto\/registrador-trifasico-de-calidad-electrica-fluke-1750-tf\/","url":"https:\/\/techmasterdemexico.com\/producto\/registrador-trifasico-de-calidad-electrica-fluke-1750-tf\/","name":"Registrador trif\u00e1sico de calidad el\u00e9ctrica Fluke 1750-TF - Techmaster de Mexico","isPartOf":{"@id":"https:\/\/techmasterdemexico.com\/#website"},"primaryImageOfPage":{"@id":"https:\/\/techmasterdemexico.com\/producto\/registrador-trifasico-de-calidad-electrica-fluke-1750-tf\/#primaryimage"},"image":{"@id":"https:\/\/techmasterdemexico.com\/producto\/registrador-trifasico-de-calidad-electrica-fluke-1750-tf\/#primaryimage"},"thumbnailUrl":"https:\/\/techmasterdemexico.com\/wp-content\/uploads\/2021\/08\/1-38.jpg","datePublished":"2021-08-19T17:42:41+00:00","dateModified":"2021-12-28T22:12:26+00:00","breadcrumb":{"@id":"https:\/\/techmasterdemexico.com\/producto\/registrador-trifasico-de-calidad-electrica-fluke-1750-tf\/#breadcrumb"},"inLanguage":"en-US","potentialAction":[{"@type":"ReadAction","target":["https:\/\/techmasterdemexico.com\/producto\/registrador-trifasico-de-calidad-electrica-fluke-1750-tf\/"]}]},{"@type":"ImageObject","inLanguage":"en-US","@id":"https:\/\/techmasterdemexico.com\/producto\/registrador-trifasico-de-calidad-electrica-fluke-1750-tf\/#primaryimage","url":"https:\/\/techmasterdemexico.com\/wp-content\/uploads\/2021\/08\/1-38.jpg","contentUrl":"https:\/\/techmasterdemexico.com\/wp-content\/uploads\/2021\/08\/1-38.jpg","width":500,"height":500},{"@type":"BreadcrumbList","@id":"https:\/\/techmasterdemexico.com\/producto\/registrador-trifasico-de-calidad-electrica-fluke-1750-tf\/#breadcrumb","itemListElement":[{"@type":"ListItem","position":1,"name":"Portada","item":"https:\/\/techmasterdemexico.com\/"},{"@type":"ListItem","position":2,"name":"Registrador trif\u00e1sico de calidad el\u00e9ctrica Fluke 1750-TF"}]},{"@type":"WebSite","@id":"https:\/\/techmasterdemexico.com\/#website","url":"https:\/\/techmasterdemexico.com\/","name":"Techmaster de Mexico","description":"","potentialAction":[{"@type":"SearchAction","target":{"@type":"EntryPoint","urlTemplate":"https:\/\/techmasterdemexico.com\/?s={search_term_string}"},"query-input":{"@type":"PropertyValueSpecification","valueRequired":true,"valueName":"search_term_string"}}],"inLanguage":"en-US"}]}},"brands":[{"id":31,"name":"Fluke","slug":"fluke"}],"_links":{"self":[{"href":"https:\/\/techmasterdemexico.com\/en\/wp-json\/wp\/v2\/product\/8091","targetHints":{"allow":["GET"]}}],"collection":[{"href":"https:\/\/techmasterdemexico.com\/en\/wp-json\/wp\/v2\/product"}],"about":[{"href":"https:\/\/techmasterdemexico.com\/en\/wp-json\/wp\/v2\/types\/product"}],"wp:featuredmedia":[{"embeddable":true,"href":"https:\/\/techmasterdemexico.com\/en\/wp-json\/wp\/v2\/media\/8887"}],"wp:attachment":[{"href":"https:\/\/techmasterdemexico.com\/en\/wp-json\/wp\/v2\/media?parent=8091"}],"wp:term":[{"taxonomy":"pwb-brand","embeddable":true,"href":"https:\/\/techmasterdemexico.com\/en\/wp-json\/wp\/v2\/pwb-brand?post=8091"},{"taxonomy":"product_brand","embeddable":true,"href":"https:\/\/techmasterdemexico.com\/en\/wp-json\/wp\/v2\/product_brand?post=8091"},{"taxonomy":"product_cat","embeddable":true,"href":"https:\/\/techmasterdemexico.com\/en\/wp-json\/wp\/v2\/product_cat?post=8091"},{"taxonomy":"product_tag","embeddable":true,"href":"https:\/\/techmasterdemexico.com\/en\/wp-json\/wp\/v2\/product_tag?post=8091"}],"curies":[{"name":"wp","href":"https:\/\/api.w.org\/{rel}","templated":true}]}}