{"id":8088,"date":"2021-08-19T17:42:40","date_gmt":"2021-08-19T17:42:40","guid":{"rendered":"http:\/\/techmastermx.ddns.net\/producto\/analizador-de-motor-y-de-calidad-electrica-fluke-438-ii\/"},"modified":"2022-03-25T19:29:40","modified_gmt":"2022-03-25T19:29:40","slug":"analizador-de-motor-y-de-calidad-electrica-fluke-438-ii","status":"publish","type":"product","link":"https:\/\/techmasterdemexico.com\/en\/producto\/analizador-de-motor-y-de-calidad-electrica-fluke-438-ii\/","title":{"rendered":"Analizador de motor y de calidad el\u00e9ctrica Fluke 438-II"},"content":{"rendered":"<p>Analizador de motor y de calidad el\u00e9ctrica Fluke 438-II<\/p>\n<p>Compruebe de manera r\u00e1pida y sencilla las prestaciones el\u00e9ctricas y mec\u00e1nicas de los motores el\u00e9ctricos y eval\u00fae la calidad el\u00e9ctrica con un solo instrumento<\/p>\n<p>El analizador de calidad el\u00e9ctrica y motores Fluke 438-II a\u00f1ade funciones de medidas mec\u00e1nicas fundamentales para los motores el\u00e9ctricos a las avanzadas funciones de an\u00e1lisis de calidad el\u00e9ctrica de los analizadores de calidad el\u00e9ctrica Fluke 435-II. Mida y analice de manera r\u00e1pida y sencilla los principales par\u00e1metros de las prestaciones el\u00e9ctricas y mec\u00e1nicas, como potencia, arm\u00f3nicos, desequilibrios, velocidad del motor y potencia mec\u00e1nica, sin necesidad de sensores mec\u00e1nicos. Los nuevos analizadores calidad el\u00e9ctrica Fluke 434-II, 435-II y 437-II a\u00f1aden funciones de an\u00e1lisis de motores a las unidades actuales con el kit de actualizaci\u00f3n del analizador de motores Fluke-438-II\/MA. El 438-II utiliza los datos de la placa de caracter\u00edsticas del motor para los motores con clasificaci\u00f3n NEMA o IEC como ayuda para el c\u00e1lculo de los par\u00e1metros mec\u00e1nicos.<\/p>\n<p>Otras caracter\u00edsticas \u00fatiles:<\/p>\n<ul>\n<li>Calcula la potencia y la eficiencia mec\u00e1nica sin sensores mec\u00e1nicos. Simplemente conecte los conductores de entrada<\/li>\n<li>Mide par\u00e1metros de potencia el\u00e9ctrica como tensi\u00f3n, corriente, potencia, potencia aparente, factor de potencia, distorsi\u00f3n arm\u00f3nica y desequilibrio para identificar caracter\u00edsticas que afectan a la eficiencia del motor<\/li>\n<li>Identifique problemas de calidad el\u00e9ctrica como ca\u00eddas, subidas, transitorios, arm\u00f3nicos y desequilibrios<\/li>\n<li>Utiliza la captura de datos PowerWave para capturar r\u00e1pidamente datos de verdadero valor eficaz y mostrar medios ciclos y formas de onda para caracterizar la din\u00e1mica de los sistemas el\u00e9ctricos (arranque de generadores, conmutaciones en SAI, etc.)<\/li>\n<li>Ofrece la funci\u00f3n de captura de forma de onda para capturar ciclos de 100\/120 ciclos (50\/60 Hz) de los eventos detectados en todos los modos sin necesidad de configuraci\u00f3n<\/li>\n<li>Utiliza el modo de transitorio autom\u00e1tico para capturar datos de forma de onda a 200 kS\/s en todas las fases y de forma simult\u00e1nea hasta 6 kV.<\/li>\n<li>Calcula autom\u00e1ticamente el factor de desclasificaci\u00f3n del motor seg\u00fan las directrices de NEMA\/IEC<\/li>\n<li>Compatible con Fluke Connect\u00ae para que pueda ver los datos directamente en el dispositivo mediante la app m\u00f3vil Fluke Connect y el software PowerLog 430-II.<\/li>\n<\/ul>\n","protected":false},"excerpt":{"rendered":"<p>El analizador de calidad el\u00e9ctrica y motores Fluke 438-II le ayuda a evaluar de un modo eficaz el rendimiento el\u00e9ctrico y mec\u00e1nico simplemente conectando la tensi\u00f3n y midiendo la corriente, proporcion\u00e1ndole as\u00ed un nivel de informaci\u00f3n sin precedentes.<\/p>\n<ul>\n<li>Proporciona par\u00e1metros clave para el an\u00e1lisis del motor, como la velocidad, el par y la potencia mec\u00e1nica, y calcula la eficiencia del motor sin sensores mec\u00e1nicos.<\/li>\n<li>Incluye funcionalidad completa de an\u00e1lisis de calidad el\u00e9ctrica y de energ\u00eda<\/li>\n<li>Cuenta con la clasificaci\u00f3n de seguridad m\u00e1s alta de la industria: 1000 V CAT III \/ 600 V CAT IV<\/li>\n<\/ul>\n","protected":false},"featured_media":8890,"template":"","meta":{"_acf_changed":false},"pwb-brand":[31],"product_brand":[],"product_cat":[366,189,132,30],"product_tag":[],"class_list":{"0":"post-8088","1":"product","2":"type-product","3":"status-publish","4":"has-post-thumbnail","6":"pwb-brand-fluke","7":"product_cat-todos-los-productos","8":"product_cat-analizadores-de-problemas-de-calidad-electrica","9":"product_cat-calidad-electrica","10":"product_cat-fluke","12":"first","13":"instock","14":"taxable","15":"shipping-taxable","16":"product-type-simple"},"acf":[],"yoast_head":"<!-- This site is optimized with the Yoast SEO plugin v27.4 - https:\/\/yoast.com\/product\/yoast-seo-wordpress\/ -->\n<title>Analizador de motor y de calidad el\u00e9ctrica Fluke 438-II - Techmaster de Mexico<\/title>\n<meta name=\"robots\" content=\"index, follow, max-snippet:-1, max-image-preview:large, max-video-preview:-1\" \/>\n<link rel=\"canonical\" href=\"https:\/\/techmasterdemexico.com\/producto\/analizador-de-motor-y-de-calidad-electrica-fluke-438-ii\/\" \/>\n<meta property=\"og:locale\" content=\"en_US\" \/>\n<meta property=\"og:type\" content=\"article\" \/>\n<meta property=\"og:title\" content=\"Analizador de motor y de calidad el\u00e9ctrica Fluke 438-II - Techmaster de Mexico\" \/>\n<meta property=\"og:description\" content=\"El analizador de calidad el\u00e9ctrica y motores Fluke 438-II le ayuda a evaluar de un modo eficaz el rendimiento el\u00e9ctrico y mec\u00e1nico simplemente conectando la tensi\u00f3n y midiendo la corriente, proporcion\u00e1ndole as\u00ed un nivel de informaci\u00f3n sin precedentes.    Proporciona par\u00e1metros clave para el an\u00e1lisis del motor, como la velocidad, el par y la potencia mec\u00e1nica, y calcula la eficiencia del motor sin sensores mec\u00e1nicos.   Incluye funcionalidad completa de an\u00e1lisis de calidad el\u00e9ctrica y de energ\u00eda   Cuenta con la clasificaci\u00f3n de seguridad m\u00e1s alta de la industria: 1000 V CAT III \/ 600 V CAT IV\" \/>\n<meta property=\"og:url\" content=\"https:\/\/techmasterdemexico.com\/producto\/analizador-de-motor-y-de-calidad-electrica-fluke-438-ii\/\" \/>\n<meta property=\"og:site_name\" content=\"Techmaster de Mexico\" \/>\n<meta property=\"article:modified_time\" content=\"2022-03-25T19:29:40+00:00\" \/>\n<meta property=\"og:image\" content=\"https:\/\/techmasterdemexico.com\/wp-content\/uploads\/2021\/08\/1-39.jpg\" \/>\n\t<meta property=\"og:image:width\" content=\"500\" \/>\n\t<meta property=\"og:image:height\" content=\"500\" \/>\n\t<meta property=\"og:image:type\" content=\"image\/jpeg\" \/>\n<meta name=\"twitter:card\" content=\"summary_large_image\" \/>\n<meta name=\"twitter:label1\" content=\"Est. reading time\" \/>\n\t<meta name=\"twitter:data1\" content=\"2 minutes\" \/>\n<script type=\"application\/ld+json\" class=\"yoast-schema-graph\">{\"@context\":\"https:\\\/\\\/schema.org\",\"@graph\":[{\"@type\":\"WebPage\",\"@id\":\"https:\\\/\\\/techmasterdemexico.com\\\/producto\\\/analizador-de-motor-y-de-calidad-electrica-fluke-438-ii\\\/\",\"url\":\"https:\\\/\\\/techmasterdemexico.com\\\/producto\\\/analizador-de-motor-y-de-calidad-electrica-fluke-438-ii\\\/\",\"name\":\"Analizador de motor y de calidad el\u00e9ctrica Fluke 438-II - Techmaster de Mexico\",\"isPartOf\":{\"@id\":\"https:\\\/\\\/techmasterdemexico.com\\\/#website\"},\"primaryImageOfPage\":{\"@id\":\"https:\\\/\\\/techmasterdemexico.com\\\/producto\\\/analizador-de-motor-y-de-calidad-electrica-fluke-438-ii\\\/#primaryimage\"},\"image\":{\"@id\":\"https:\\\/\\\/techmasterdemexico.com\\\/producto\\\/analizador-de-motor-y-de-calidad-electrica-fluke-438-ii\\\/#primaryimage\"},\"thumbnailUrl\":\"https:\\\/\\\/techmasterdemexico.com\\\/wp-content\\\/uploads\\\/2021\\\/08\\\/1-39.jpg\",\"datePublished\":\"2021-08-19T17:42:40+00:00\",\"dateModified\":\"2022-03-25T19:29:40+00:00\",\"breadcrumb\":{\"@id\":\"https:\\\/\\\/techmasterdemexico.com\\\/producto\\\/analizador-de-motor-y-de-calidad-electrica-fluke-438-ii\\\/#breadcrumb\"},\"inLanguage\":\"en-US\",\"potentialAction\":[{\"@type\":\"ReadAction\",\"target\":[\"https:\\\/\\\/techmasterdemexico.com\\\/producto\\\/analizador-de-motor-y-de-calidad-electrica-fluke-438-ii\\\/\"]}]},{\"@type\":\"ImageObject\",\"inLanguage\":\"en-US\",\"@id\":\"https:\\\/\\\/techmasterdemexico.com\\\/producto\\\/analizador-de-motor-y-de-calidad-electrica-fluke-438-ii\\\/#primaryimage\",\"url\":\"https:\\\/\\\/techmasterdemexico.com\\\/wp-content\\\/uploads\\\/2021\\\/08\\\/1-39.jpg\",\"contentUrl\":\"https:\\\/\\\/techmasterdemexico.com\\\/wp-content\\\/uploads\\\/2021\\\/08\\\/1-39.jpg\",\"width\":500,\"height\":500},{\"@type\":\"BreadcrumbList\",\"@id\":\"https:\\\/\\\/techmasterdemexico.com\\\/producto\\\/analizador-de-motor-y-de-calidad-electrica-fluke-438-ii\\\/#breadcrumb\",\"itemListElement\":[{\"@type\":\"ListItem\",\"position\":1,\"name\":\"Portada\",\"item\":\"https:\\\/\\\/techmasterdemexico.com\\\/\"},{\"@type\":\"ListItem\",\"position\":2,\"name\":\"Analizador de motor y de calidad el\u00e9ctrica Fluke 438-II\"}]},{\"@type\":\"WebSite\",\"@id\":\"https:\\\/\\\/techmasterdemexico.com\\\/#website\",\"url\":\"https:\\\/\\\/techmasterdemexico.com\\\/\",\"name\":\"Techmaster de Mexico\",\"description\":\"\",\"potentialAction\":[{\"@type\":\"SearchAction\",\"target\":{\"@type\":\"EntryPoint\",\"urlTemplate\":\"https:\\\/\\\/techmasterdemexico.com\\\/?s={search_term_string}\"},\"query-input\":{\"@type\":\"PropertyValueSpecification\",\"valueRequired\":true,\"valueName\":\"search_term_string\"}}],\"inLanguage\":\"en-US\"}]}<\/script>\n<!-- \/ Yoast SEO plugin. -->","yoast_head_json":{"title":"Analizador de motor y de calidad el\u00e9ctrica Fluke 438-II - Techmaster de Mexico","robots":{"index":"index","follow":"follow","max-snippet":"max-snippet:-1","max-image-preview":"max-image-preview:large","max-video-preview":"max-video-preview:-1"},"canonical":"https:\/\/techmasterdemexico.com\/producto\/analizador-de-motor-y-de-calidad-electrica-fluke-438-ii\/","og_locale":"en_US","og_type":"article","og_title":"Analizador de motor y de calidad el\u00e9ctrica Fluke 438-II - Techmaster de Mexico","og_description":"El analizador de calidad el\u00e9ctrica y motores Fluke 438-II le ayuda a evaluar de un modo eficaz el rendimiento el\u00e9ctrico y mec\u00e1nico simplemente conectando la tensi\u00f3n y midiendo la corriente, proporcion\u00e1ndole as\u00ed un nivel de informaci\u00f3n sin precedentes.    Proporciona par\u00e1metros clave para el an\u00e1lisis del motor, como la velocidad, el par y la potencia mec\u00e1nica, y calcula la eficiencia del motor sin sensores mec\u00e1nicos.   Incluye funcionalidad completa de an\u00e1lisis de calidad el\u00e9ctrica y de energ\u00eda   Cuenta con la clasificaci\u00f3n de seguridad m\u00e1s alta de la industria: 1000 V CAT III \/ 600 V CAT IV","og_url":"https:\/\/techmasterdemexico.com\/producto\/analizador-de-motor-y-de-calidad-electrica-fluke-438-ii\/","og_site_name":"Techmaster de Mexico","article_modified_time":"2022-03-25T19:29:40+00:00","og_image":[{"width":500,"height":500,"url":"https:\/\/techmasterdemexico.com\/wp-content\/uploads\/2021\/08\/1-39.jpg","type":"image\/jpeg"}],"twitter_card":"summary_large_image","twitter_misc":{"Est. reading time":"2 minutes"},"schema":{"@context":"https:\/\/schema.org","@graph":[{"@type":"WebPage","@id":"https:\/\/techmasterdemexico.com\/producto\/analizador-de-motor-y-de-calidad-electrica-fluke-438-ii\/","url":"https:\/\/techmasterdemexico.com\/producto\/analizador-de-motor-y-de-calidad-electrica-fluke-438-ii\/","name":"Analizador de motor y de calidad el\u00e9ctrica Fluke 438-II - Techmaster de Mexico","isPartOf":{"@id":"https:\/\/techmasterdemexico.com\/#website"},"primaryImageOfPage":{"@id":"https:\/\/techmasterdemexico.com\/producto\/analizador-de-motor-y-de-calidad-electrica-fluke-438-ii\/#primaryimage"},"image":{"@id":"https:\/\/techmasterdemexico.com\/producto\/analizador-de-motor-y-de-calidad-electrica-fluke-438-ii\/#primaryimage"},"thumbnailUrl":"https:\/\/techmasterdemexico.com\/wp-content\/uploads\/2021\/08\/1-39.jpg","datePublished":"2021-08-19T17:42:40+00:00","dateModified":"2022-03-25T19:29:40+00:00","breadcrumb":{"@id":"https:\/\/techmasterdemexico.com\/producto\/analizador-de-motor-y-de-calidad-electrica-fluke-438-ii\/#breadcrumb"},"inLanguage":"en-US","potentialAction":[{"@type":"ReadAction","target":["https:\/\/techmasterdemexico.com\/producto\/analizador-de-motor-y-de-calidad-electrica-fluke-438-ii\/"]}]},{"@type":"ImageObject","inLanguage":"en-US","@id":"https:\/\/techmasterdemexico.com\/producto\/analizador-de-motor-y-de-calidad-electrica-fluke-438-ii\/#primaryimage","url":"https:\/\/techmasterdemexico.com\/wp-content\/uploads\/2021\/08\/1-39.jpg","contentUrl":"https:\/\/techmasterdemexico.com\/wp-content\/uploads\/2021\/08\/1-39.jpg","width":500,"height":500},{"@type":"BreadcrumbList","@id":"https:\/\/techmasterdemexico.com\/producto\/analizador-de-motor-y-de-calidad-electrica-fluke-438-ii\/#breadcrumb","itemListElement":[{"@type":"ListItem","position":1,"name":"Portada","item":"https:\/\/techmasterdemexico.com\/"},{"@type":"ListItem","position":2,"name":"Analizador de motor y de calidad el\u00e9ctrica Fluke 438-II"}]},{"@type":"WebSite","@id":"https:\/\/techmasterdemexico.com\/#website","url":"https:\/\/techmasterdemexico.com\/","name":"Techmaster de Mexico","description":"","potentialAction":[{"@type":"SearchAction","target":{"@type":"EntryPoint","urlTemplate":"https:\/\/techmasterdemexico.com\/?s={search_term_string}"},"query-input":{"@type":"PropertyValueSpecification","valueRequired":true,"valueName":"search_term_string"}}],"inLanguage":"en-US"}]}},"brands":[{"id":31,"name":"Fluke","slug":"fluke"}],"_links":{"self":[{"href":"https:\/\/techmasterdemexico.com\/en\/wp-json\/wp\/v2\/product\/8088","targetHints":{"allow":["GET"]}}],"collection":[{"href":"https:\/\/techmasterdemexico.com\/en\/wp-json\/wp\/v2\/product"}],"about":[{"href":"https:\/\/techmasterdemexico.com\/en\/wp-json\/wp\/v2\/types\/product"}],"wp:featuredmedia":[{"embeddable":true,"href":"https:\/\/techmasterdemexico.com\/en\/wp-json\/wp\/v2\/media\/8890"}],"wp:attachment":[{"href":"https:\/\/techmasterdemexico.com\/en\/wp-json\/wp\/v2\/media?parent=8088"}],"wp:term":[{"taxonomy":"pwb-brand","embeddable":true,"href":"https:\/\/techmasterdemexico.com\/en\/wp-json\/wp\/v2\/pwb-brand?post=8088"},{"taxonomy":"product_brand","embeddable":true,"href":"https:\/\/techmasterdemexico.com\/en\/wp-json\/wp\/v2\/product_brand?post=8088"},{"taxonomy":"product_cat","embeddable":true,"href":"https:\/\/techmasterdemexico.com\/en\/wp-json\/wp\/v2\/product_cat?post=8088"},{"taxonomy":"product_tag","embeddable":true,"href":"https:\/\/techmasterdemexico.com\/en\/wp-json\/wp\/v2\/product_tag?post=8088"}],"curies":[{"name":"wp","href":"https:\/\/api.w.org\/{rel}","templated":true}]}}