{"id":8087,"date":"2021-08-19T17:42:39","date_gmt":"2021-08-19T17:42:39","guid":{"rendered":"http:\/\/techmastermx.ddns.net\/producto\/analizador-de-energia-y-de-calidad-electrica-fluke-437-serie-ii-de-400-hz\/"},"modified":"2022-03-25T19:29:41","modified_gmt":"2022-03-25T19:29:41","slug":"analizador-de-energia-y-de-calidad-electrica-fluke-437-serie-ii-de-400-hz","status":"publish","type":"product","link":"https:\/\/techmasterdemexico.com\/en\/producto\/analizador-de-energia-y-de-calidad-electrica-fluke-437-serie-ii-de-400-hz\/","title":{"rendered":"Analizador de energ\u00eda y de calidad el\u00e9ctrica Fluke 437 Serie II de 400 Hz."},"content":{"rendered":"<p>Analizador de energ\u00eda y de calidad el\u00e9ctrica Fluke 437 Serie II de 400 Hz.<\/p>\n<p>Si trabaja con sistemas aeron\u00e1uticos, para usted es imprescindible medir los principales par\u00e1metros de calidad el\u00e9ctrica a 400 Hz. El Fluke 437-II ofrece esa capacidad (aunque tambi\u00e9n mide a 50 y 60 Hz) y est\u00e1 dise\u00f1ado para usuarios que necesitan descubrir r\u00e1pidamente la fuente del problema de calidad el\u00e9ctrica para minimizar el costoso tiempo de inactividad. El sistema de medida de consumo el\u00e9ctrico incorporado realiza los an\u00e1lisis especificados en la norma militar MIL-STD 1399 para ofrecer autom\u00e1ticamente una evaluaci\u00f3n completa de tensi\u00f3n, corriente y consumo. Esta evaluaci\u00f3n facilita enormemente la medida y el an\u00e1lisis. El proceso de medida y la forma en que el 437-II muestra los datos se han optimizado para proporcionar la informaci\u00f3n m\u00e1s importante con la mayor rapidez posible. Se miden m\u00faltiples par\u00e1metros simult\u00e1neamente y se muestran en formatos que describen r\u00e1pidamente el estado general de la calidad el\u00e9ctrica, al mismo tiempo que le proporcionan la informaci\u00f3n detallada que necesita para tomar mejores decisiones de mantenimiento. Es posible acceder a los datos r\u00e1pidamente como simples valores digitales, como gr\u00e1ficos de tendencias que ofrecen una visi\u00f3n r\u00e1pida de los cambios a lo largo del tiempo o como formas de onda y diagramas fasoriales o analizados. Los datos tambi\u00e9n se pueden organizar en formato tabular para visualizar eventos en los que las marcas de magnitud, duraci\u00f3n y tiempo permiten una r\u00e1pida correlaci\u00f3n de los eventos con los problemas que se est\u00e1n experimentando.<\/p>\n<p>Localiza, prev\u00e9, previene y resuelve problemas relacionados con la calidad el\u00e9ctrica,hasta 400 Hz<\/p>\n<p>Las frecuencias de alimentaci\u00f3n m\u00e1s altas implican transformadores y motores m\u00e1s peque\u00f1os y ligeros, un factor importante en las aplicaciones para el transporte militar y a\u00e9reo en las que el peso importa. El analizador de calidad el\u00e9ctrica y energ\u00eda Fluke 437-II es capaz de mostrar el coste del gasto energ\u00e9tico producido por una baja calidad el\u00e9ctrica y es perfecto para determinar la calidad el\u00e9ctrica, realizar estudios de carga y capturar eventos de tensi\u00f3n dif\u00edciles de detectar durante un periodo de tiempo definido por el usuario. El Fluke 437-II, dise\u00f1ado para capturar las medidas de calidad el\u00e9ctrica en sistemas militares y aeron\u00e1uticos, es el analizador imprescindible de calidad el\u00e9ctrica de 400 Hz.<\/p>\n<ul>\n<li>Funcionamiento a 400 Hz seg\u00fan MIL-STD 1399 para aplicaciones militares y aeron\u00e1uticas<\/li>\n<li>El sistema de medida de consumo el\u00e9ctrico incorporado realiza los an\u00e1lisis especificados en la norma militar MIL-STD 1399 para ofrecer autom\u00e1ticamente una evaluaci\u00f3n completa de tensi\u00f3n, corriente y consumo.<\/li>\n<li>Datos sobre el calidad el\u00e9ctrica al instante para que pueda tomar mejores decisiones de mantenimiento<\/li>\n<li>Mida las tres fases y el neutro gracias a las sondas flexibles de corriente incluidas<\/li>\n<li>Vea cu\u00e1nto dinero est\u00e1 perdiendo debido al desperdicio de energ\u00eda en t\u00e9rminos econ\u00f3micos<\/li>\n<li>Vea f\u00e1cilmente de qu\u00e9 modo afecta al rendimiento de los accionamientos de motores.<\/li>\n<li>La clasificaci\u00f3n de seguridad m\u00e1s alta del mercado: CAT IV a 600 V \/ CAT III a 1000 V, clasificado para la entrada del servicio<\/li>\n<li>Compatibilidad con Fluke Connect\u00ae: vea los datos directamente en el dispositivo mediante la app m\u00f3vil Fluke Connect y el software PowerLog 430-II.<\/li>\n<\/ul>\n","protected":false},"excerpt":{"rendered":"<p>El Fluke 437-II le ayuda a localizar, pronosticar, prevenir y solucionar problemas de calidad el\u00e9ctrica a 50 Hz, 60 Hz y 400 Hz<\/p>\n<ul>\n<li>Funcionamiento a 400 Hz para aplicaciones aeron\u00e1uticas y militares<\/li>\n<li>El sistema de medida de consumo el\u00e9ctrico incorporado realiza los an\u00e1lisis especificados en la norma militar MIL-STD 1399 para ofrecer autom\u00e1ticamente una evaluaci\u00f3n completa de tensi\u00f3n, corriente y consumo.<\/li>\n<li>Estudio avanzado del estado de la calidad el\u00e9ctrica: los datos sobre calidad el\u00e9ctrica en tiempo real, cuando los necesita<\/li>\n<\/ul>\n","protected":false},"featured_media":8907,"template":"","meta":{"_acf_changed":false},"pwb-brand":[31],"product_brand":[],"product_cat":[366,189,132,30],"product_tag":[],"class_list":{"0":"post-8087","1":"product","2":"type-product","3":"status-publish","4":"has-post-thumbnail","6":"pwb-brand-fluke","7":"product_cat-todos-los-productos","8":"product_cat-analizadores-de-problemas-de-calidad-electrica","9":"product_cat-calidad-electrica","10":"product_cat-fluke","12":"first","13":"instock","14":"taxable","15":"shipping-taxable","16":"product-type-simple"},"acf":[],"yoast_head":"<!-- This site is optimized with the Yoast SEO plugin v27.3 - https:\/\/yoast.com\/product\/yoast-seo-wordpress\/ -->\n<title>Analizador de energ\u00eda y de calidad el\u00e9ctrica Fluke 437 Serie II de 400 Hz. - Techmaster de Mexico<\/title>\n<meta name=\"robots\" content=\"index, follow, max-snippet:-1, max-image-preview:large, max-video-preview:-1\" \/>\n<link rel=\"canonical\" href=\"https:\/\/techmasterdemexico.com\/producto\/analizador-de-energia-y-de-calidad-electrica-fluke-437-serie-ii-de-400-hz\/\" \/>\n<meta property=\"og:locale\" content=\"en_US\" \/>\n<meta property=\"og:type\" content=\"article\" \/>\n<meta property=\"og:title\" content=\"Analizador de energ\u00eda y de calidad el\u00e9ctrica Fluke 437 Serie II de 400 Hz. - Techmaster de Mexico\" \/>\n<meta property=\"og:description\" content=\"El Fluke 437-II le ayuda a localizar, pronosticar, prevenir y solucionar problemas de calidad el\u00e9ctrica a 50 Hz, 60 Hz y 400 Hz    Funcionamiento a 400 Hz para aplicaciones aeron\u00e1uticas y militares   El sistema de medida de consumo el\u00e9ctrico incorporado realiza los an\u00e1lisis especificados en la norma militar MIL-STD 1399 para ofrecer autom\u00e1ticamente una evaluaci\u00f3n completa de tensi\u00f3n, corriente y consumo.   Estudio avanzado del estado de la calidad el\u00e9ctrica: los datos sobre calidad el\u00e9ctrica en tiempo real, cuando los necesita\" \/>\n<meta property=\"og:url\" content=\"https:\/\/techmasterdemexico.com\/producto\/analizador-de-energia-y-de-calidad-electrica-fluke-437-serie-ii-de-400-hz\/\" \/>\n<meta property=\"og:site_name\" content=\"Techmaster de Mexico\" \/>\n<meta property=\"article:modified_time\" content=\"2022-03-25T19:29:41+00:00\" \/>\n<meta property=\"og:image\" content=\"https:\/\/techmasterdemexico.com\/wp-content\/uploads\/2021\/08\/1-42.jpg\" \/>\n\t<meta property=\"og:image:width\" content=\"500\" \/>\n\t<meta property=\"og:image:height\" content=\"500\" \/>\n\t<meta property=\"og:image:type\" content=\"image\/jpeg\" \/>\n<meta name=\"twitter:card\" content=\"summary_large_image\" \/>\n<meta name=\"twitter:label1\" content=\"Est. reading time\" \/>\n\t<meta name=\"twitter:data1\" content=\"3 minutes\" \/>\n<script type=\"application\/ld+json\" class=\"yoast-schema-graph\">{\"@context\":\"https:\\\/\\\/schema.org\",\"@graph\":[{\"@type\":\"WebPage\",\"@id\":\"https:\\\/\\\/techmasterdemexico.com\\\/producto\\\/analizador-de-energia-y-de-calidad-electrica-fluke-437-serie-ii-de-400-hz\\\/\",\"url\":\"https:\\\/\\\/techmasterdemexico.com\\\/producto\\\/analizador-de-energia-y-de-calidad-electrica-fluke-437-serie-ii-de-400-hz\\\/\",\"name\":\"Analizador de energ\u00eda y de calidad el\u00e9ctrica Fluke 437 Serie II de 400 Hz. - Techmaster de Mexico\",\"isPartOf\":{\"@id\":\"https:\\\/\\\/techmasterdemexico.com\\\/#website\"},\"primaryImageOfPage\":{\"@id\":\"https:\\\/\\\/techmasterdemexico.com\\\/producto\\\/analizador-de-energia-y-de-calidad-electrica-fluke-437-serie-ii-de-400-hz\\\/#primaryimage\"},\"image\":{\"@id\":\"https:\\\/\\\/techmasterdemexico.com\\\/producto\\\/analizador-de-energia-y-de-calidad-electrica-fluke-437-serie-ii-de-400-hz\\\/#primaryimage\"},\"thumbnailUrl\":\"https:\\\/\\\/techmasterdemexico.com\\\/wp-content\\\/uploads\\\/2021\\\/08\\\/1-42.jpg\",\"datePublished\":\"2021-08-19T17:42:39+00:00\",\"dateModified\":\"2022-03-25T19:29:41+00:00\",\"breadcrumb\":{\"@id\":\"https:\\\/\\\/techmasterdemexico.com\\\/producto\\\/analizador-de-energia-y-de-calidad-electrica-fluke-437-serie-ii-de-400-hz\\\/#breadcrumb\"},\"inLanguage\":\"en-US\",\"potentialAction\":[{\"@type\":\"ReadAction\",\"target\":[\"https:\\\/\\\/techmasterdemexico.com\\\/producto\\\/analizador-de-energia-y-de-calidad-electrica-fluke-437-serie-ii-de-400-hz\\\/\"]}]},{\"@type\":\"ImageObject\",\"inLanguage\":\"en-US\",\"@id\":\"https:\\\/\\\/techmasterdemexico.com\\\/producto\\\/analizador-de-energia-y-de-calidad-electrica-fluke-437-serie-ii-de-400-hz\\\/#primaryimage\",\"url\":\"https:\\\/\\\/techmasterdemexico.com\\\/wp-content\\\/uploads\\\/2021\\\/08\\\/1-42.jpg\",\"contentUrl\":\"https:\\\/\\\/techmasterdemexico.com\\\/wp-content\\\/uploads\\\/2021\\\/08\\\/1-42.jpg\",\"width\":500,\"height\":500},{\"@type\":\"BreadcrumbList\",\"@id\":\"https:\\\/\\\/techmasterdemexico.com\\\/producto\\\/analizador-de-energia-y-de-calidad-electrica-fluke-437-serie-ii-de-400-hz\\\/#breadcrumb\",\"itemListElement\":[{\"@type\":\"ListItem\",\"position\":1,\"name\":\"Portada\",\"item\":\"https:\\\/\\\/techmasterdemexico.com\\\/\"},{\"@type\":\"ListItem\",\"position\":2,\"name\":\"Analizador de energ\u00eda y de calidad el\u00e9ctrica Fluke 437 Serie II de 400 Hz.\"}]},{\"@type\":\"WebSite\",\"@id\":\"https:\\\/\\\/techmasterdemexico.com\\\/#website\",\"url\":\"https:\\\/\\\/techmasterdemexico.com\\\/\",\"name\":\"Techmaster de Mexico\",\"description\":\"\",\"potentialAction\":[{\"@type\":\"SearchAction\",\"target\":{\"@type\":\"EntryPoint\",\"urlTemplate\":\"https:\\\/\\\/techmasterdemexico.com\\\/?s={search_term_string}\"},\"query-input\":{\"@type\":\"PropertyValueSpecification\",\"valueRequired\":true,\"valueName\":\"search_term_string\"}}],\"inLanguage\":\"en-US\"}]}<\/script>\n<!-- \/ Yoast SEO plugin. -->","yoast_head_json":{"title":"Analizador de energ\u00eda y de calidad el\u00e9ctrica Fluke 437 Serie II de 400 Hz. - Techmaster de Mexico","robots":{"index":"index","follow":"follow","max-snippet":"max-snippet:-1","max-image-preview":"max-image-preview:large","max-video-preview":"max-video-preview:-1"},"canonical":"https:\/\/techmasterdemexico.com\/producto\/analizador-de-energia-y-de-calidad-electrica-fluke-437-serie-ii-de-400-hz\/","og_locale":"en_US","og_type":"article","og_title":"Analizador de energ\u00eda y de calidad el\u00e9ctrica Fluke 437 Serie II de 400 Hz. - Techmaster de Mexico","og_description":"El Fluke 437-II le ayuda a localizar, pronosticar, prevenir y solucionar problemas de calidad el\u00e9ctrica a 50 Hz, 60 Hz y 400 Hz    Funcionamiento a 400 Hz para aplicaciones aeron\u00e1uticas y militares   El sistema de medida de consumo el\u00e9ctrico incorporado realiza los an\u00e1lisis especificados en la norma militar MIL-STD 1399 para ofrecer autom\u00e1ticamente una evaluaci\u00f3n completa de tensi\u00f3n, corriente y consumo.   Estudio avanzado del estado de la calidad el\u00e9ctrica: los datos sobre calidad el\u00e9ctrica en tiempo real, cuando los necesita","og_url":"https:\/\/techmasterdemexico.com\/producto\/analizador-de-energia-y-de-calidad-electrica-fluke-437-serie-ii-de-400-hz\/","og_site_name":"Techmaster de Mexico","article_modified_time":"2022-03-25T19:29:41+00:00","og_image":[{"width":500,"height":500,"url":"https:\/\/techmasterdemexico.com\/wp-content\/uploads\/2021\/08\/1-42.jpg","type":"image\/jpeg"}],"twitter_card":"summary_large_image","twitter_misc":{"Est. reading time":"3 minutes"},"schema":{"@context":"https:\/\/schema.org","@graph":[{"@type":"WebPage","@id":"https:\/\/techmasterdemexico.com\/producto\/analizador-de-energia-y-de-calidad-electrica-fluke-437-serie-ii-de-400-hz\/","url":"https:\/\/techmasterdemexico.com\/producto\/analizador-de-energia-y-de-calidad-electrica-fluke-437-serie-ii-de-400-hz\/","name":"Analizador de energ\u00eda y de calidad el\u00e9ctrica Fluke 437 Serie II de 400 Hz. - Techmaster de Mexico","isPartOf":{"@id":"https:\/\/techmasterdemexico.com\/#website"},"primaryImageOfPage":{"@id":"https:\/\/techmasterdemexico.com\/producto\/analizador-de-energia-y-de-calidad-electrica-fluke-437-serie-ii-de-400-hz\/#primaryimage"},"image":{"@id":"https:\/\/techmasterdemexico.com\/producto\/analizador-de-energia-y-de-calidad-electrica-fluke-437-serie-ii-de-400-hz\/#primaryimage"},"thumbnailUrl":"https:\/\/techmasterdemexico.com\/wp-content\/uploads\/2021\/08\/1-42.jpg","datePublished":"2021-08-19T17:42:39+00:00","dateModified":"2022-03-25T19:29:41+00:00","breadcrumb":{"@id":"https:\/\/techmasterdemexico.com\/producto\/analizador-de-energia-y-de-calidad-electrica-fluke-437-serie-ii-de-400-hz\/#breadcrumb"},"inLanguage":"en-US","potentialAction":[{"@type":"ReadAction","target":["https:\/\/techmasterdemexico.com\/producto\/analizador-de-energia-y-de-calidad-electrica-fluke-437-serie-ii-de-400-hz\/"]}]},{"@type":"ImageObject","inLanguage":"en-US","@id":"https:\/\/techmasterdemexico.com\/producto\/analizador-de-energia-y-de-calidad-electrica-fluke-437-serie-ii-de-400-hz\/#primaryimage","url":"https:\/\/techmasterdemexico.com\/wp-content\/uploads\/2021\/08\/1-42.jpg","contentUrl":"https:\/\/techmasterdemexico.com\/wp-content\/uploads\/2021\/08\/1-42.jpg","width":500,"height":500},{"@type":"BreadcrumbList","@id":"https:\/\/techmasterdemexico.com\/producto\/analizador-de-energia-y-de-calidad-electrica-fluke-437-serie-ii-de-400-hz\/#breadcrumb","itemListElement":[{"@type":"ListItem","position":1,"name":"Portada","item":"https:\/\/techmasterdemexico.com\/"},{"@type":"ListItem","position":2,"name":"Analizador de energ\u00eda y de calidad el\u00e9ctrica Fluke 437 Serie II de 400 Hz."}]},{"@type":"WebSite","@id":"https:\/\/techmasterdemexico.com\/#website","url":"https:\/\/techmasterdemexico.com\/","name":"Techmaster de Mexico","description":"","potentialAction":[{"@type":"SearchAction","target":{"@type":"EntryPoint","urlTemplate":"https:\/\/techmasterdemexico.com\/?s={search_term_string}"},"query-input":{"@type":"PropertyValueSpecification","valueRequired":true,"valueName":"search_term_string"}}],"inLanguage":"en-US"}]}},"brands":[{"id":31,"name":"Fluke","slug":"fluke"}],"_links":{"self":[{"href":"https:\/\/techmasterdemexico.com\/en\/wp-json\/wp\/v2\/product\/8087","targetHints":{"allow":["GET"]}}],"collection":[{"href":"https:\/\/techmasterdemexico.com\/en\/wp-json\/wp\/v2\/product"}],"about":[{"href":"https:\/\/techmasterdemexico.com\/en\/wp-json\/wp\/v2\/types\/product"}],"wp:featuredmedia":[{"embeddable":true,"href":"https:\/\/techmasterdemexico.com\/en\/wp-json\/wp\/v2\/media\/8907"}],"wp:attachment":[{"href":"https:\/\/techmasterdemexico.com\/en\/wp-json\/wp\/v2\/media?parent=8087"}],"wp:term":[{"taxonomy":"pwb-brand","embeddable":true,"href":"https:\/\/techmasterdemexico.com\/en\/wp-json\/wp\/v2\/pwb-brand?post=8087"},{"taxonomy":"product_brand","embeddable":true,"href":"https:\/\/techmasterdemexico.com\/en\/wp-json\/wp\/v2\/product_brand?post=8087"},{"taxonomy":"product_cat","embeddable":true,"href":"https:\/\/techmasterdemexico.com\/en\/wp-json\/wp\/v2\/product_cat?post=8087"},{"taxonomy":"product_tag","embeddable":true,"href":"https:\/\/techmasterdemexico.com\/en\/wp-json\/wp\/v2\/product_tag?post=8087"}],"curies":[{"name":"wp","href":"https:\/\/api.w.org\/{rel}","templated":true}]}}