{"id":8086,"date":"2021-08-19T17:42:39","date_gmt":"2021-08-19T17:42:39","guid":{"rendered":"http:\/\/techmastermx.ddns.net\/producto\/analizadores-de-calidad-electrica-y-energia-434-ii-y-435-ii-de-fluke\/"},"modified":"2022-03-25T19:29:41","modified_gmt":"2022-03-25T19:29:41","slug":"analizadores-de-calidad-electrica-y-energia-434-ii-y-435-ii-de-fluke","status":"publish","type":"product","link":"https:\/\/techmasterdemexico.com\/en\/producto\/analizadores-de-calidad-electrica-y-energia-434-ii-y-435-ii-de-fluke\/","title":{"rendered":"Analizadores de calidad el\u00e9ctrica y energ\u00eda 434-II y 435-II de Fluke"},"content":{"rendered":"<p>Analizadores de calidad el\u00e9ctrica y energ\u00eda 434-II y 435-II de Fluke<\/p>\n<p>El analizador de energ\u00eda el\u00e9ctrica 434-II y el analizador de calidad el\u00e9ctrica y energ\u00eda 435-II de Fluke est\u00e1n dise\u00f1ados para ayudarle a minimizar el tiempo de inactividad, resolver r\u00e1pidamente problemas de calidad el\u00e9ctrica y averiguar f\u00e1cilmente los costes de la p\u00e9rdida de energ\u00eda. Los tiempos de inactividad salen caros y por ello es importante obtener los datos necesarios para resolver r\u00e1pidamente los problemas cr\u00edticos de calidad el\u00e9ctrica. El proceso de medida y la salida de datos de los analizadores 434-II y 435-II se han optimizado para ayudarle a obtener f\u00e1cilmente la informaci\u00f3n m\u00e1s importante.<\/p>\n<p>Se miden simult\u00e1neamente m\u00faltiples par\u00e1metros y se muestran en formatos que describen r\u00e1pidamente el estado general de calidad el\u00e9ctrica. La informaci\u00f3n detallada le ayude a tomar mejores decisiones de mantenimiento, tanto si intenta reducir la p\u00e9rdida energ\u00e9tica, como si se propone encontrar la causa de los problemas de calidad el\u00e9ctrica o averiguar de qu\u00e9 modo afecta al sistema el\u00e9ctrico el arranque de motores. Se puede acceder a datos como simples valores digitales, gr\u00e1ficos de tendencias (para visualizar r\u00e1pidamente los cambios a lo largo del tiempo), formas de onda o diagramas fasoriales. Los datos tambi\u00e9n pueden analizarse y organizarse en formato tabular. Los datos de eventos detallados le permiten ver las etiquetas de magnitud, duraci\u00f3n y tiempo de las anomal\u00edas de forma que pueda correlacionar r\u00e1pidamente los problemas que experimenta en sus instalaciones.<\/p>\n","protected":false},"excerpt":{"rendered":"<p>Analice los problemas de calidad el\u00e9ctrica, calcule el coste de la energ\u00eda desperdiciada y evite los tiempos de inactividad con el analizador de energ\u00eda el\u00e9ctrica 434-II y el analizador de calidad el\u00e9ctrica y energ\u00eda 435-II.<\/p>\n<ul>\n<li>Estudio avanzado del estado de la calidad el\u00e9ctrica:los datos sobre calidad el\u00e9ctrica al instante para que pueda tomar mejores decisiones de mantenimiento<\/li>\n<li>Calculadora de p\u00e9rdida de energ\u00eda:descubra los costes de la p\u00e9rdida de energ\u00eda causada por una calidad el\u00e9ctrica deficiente<\/li>\n<li>M\u00e1xima categor\u00eda de seguridad: CAT III 1000 V, CAT IV 600 V<\/li>\n<\/ul>\n","protected":false},"featured_media":8901,"template":"","meta":{"_acf_changed":false},"pwb-brand":[31],"product_brand":[],"product_cat":[366,189,132,30],"product_tag":[],"class_list":{"0":"post-8086","1":"product","2":"type-product","3":"status-publish","4":"has-post-thumbnail","6":"pwb-brand-fluke","7":"product_cat-todos-los-productos","8":"product_cat-analizadores-de-problemas-de-calidad-electrica","9":"product_cat-calidad-electrica","10":"product_cat-fluke","12":"first","13":"instock","14":"taxable","15":"shipping-taxable","16":"product-type-simple"},"acf":[],"yoast_head":"<!-- This site is optimized with the Yoast SEO plugin v27.4 - https:\/\/yoast.com\/product\/yoast-seo-wordpress\/ -->\n<title>Analizadores de calidad el\u00e9ctrica y energ\u00eda 434-II y 435-II de Fluke - Techmaster de Mexico<\/title>\n<meta name=\"robots\" content=\"index, follow, max-snippet:-1, max-image-preview:large, max-video-preview:-1\" \/>\n<link rel=\"canonical\" href=\"https:\/\/techmasterdemexico.com\/producto\/analizadores-de-calidad-electrica-y-energia-434-ii-y-435-ii-de-fluke\/\" \/>\n<meta property=\"og:locale\" content=\"en_US\" \/>\n<meta property=\"og:type\" content=\"article\" \/>\n<meta property=\"og:title\" content=\"Analizadores de calidad el\u00e9ctrica y energ\u00eda 434-II y 435-II de Fluke - Techmaster de Mexico\" \/>\n<meta property=\"og:description\" content=\"Analice los problemas de calidad el\u00e9ctrica, calcule el coste de la energ\u00eda desperdiciada y evite los tiempos de inactividad con el analizador de energ\u00eda el\u00e9ctrica 434-II y el analizador de calidad el\u00e9ctrica y energ\u00eda 435-II.    Estudio avanzado del estado de la calidad el\u00e9ctrica:los datos sobre calidad el\u00e9ctrica al instante para que pueda tomar mejores decisiones de mantenimiento   Calculadora de p\u00e9rdida de energ\u00eda:descubra los costes de la p\u00e9rdida de energ\u00eda causada por una calidad el\u00e9ctrica deficiente   M\u00e1xima categor\u00eda de seguridad: CAT III 1000 V, CAT IV 600 V\" \/>\n<meta property=\"og:url\" content=\"https:\/\/techmasterdemexico.com\/producto\/analizadores-de-calidad-electrica-y-energia-434-ii-y-435-ii-de-fluke\/\" \/>\n<meta property=\"og:site_name\" content=\"Techmaster de Mexico\" \/>\n<meta property=\"article:modified_time\" content=\"2022-03-25T19:29:41+00:00\" \/>\n<meta property=\"og:image\" content=\"https:\/\/techmasterdemexico.com\/wp-content\/uploads\/2021\/08\/1-41.jpg\" \/>\n\t<meta property=\"og:image:width\" content=\"500\" \/>\n\t<meta property=\"og:image:height\" content=\"500\" \/>\n\t<meta property=\"og:image:type\" content=\"image\/jpeg\" \/>\n<meta name=\"twitter:card\" content=\"summary_large_image\" \/>\n<meta name=\"twitter:label1\" content=\"Est. reading time\" \/>\n\t<meta name=\"twitter:data1\" content=\"1 minute\" \/>\n<script type=\"application\/ld+json\" class=\"yoast-schema-graph\">{\"@context\":\"https:\\\/\\\/schema.org\",\"@graph\":[{\"@type\":\"WebPage\",\"@id\":\"https:\\\/\\\/techmasterdemexico.com\\\/producto\\\/analizadores-de-calidad-electrica-y-energia-434-ii-y-435-ii-de-fluke\\\/\",\"url\":\"https:\\\/\\\/techmasterdemexico.com\\\/producto\\\/analizadores-de-calidad-electrica-y-energia-434-ii-y-435-ii-de-fluke\\\/\",\"name\":\"Analizadores de calidad el\u00e9ctrica y energ\u00eda 434-II y 435-II de Fluke - Techmaster de Mexico\",\"isPartOf\":{\"@id\":\"https:\\\/\\\/techmasterdemexico.com\\\/#website\"},\"primaryImageOfPage\":{\"@id\":\"https:\\\/\\\/techmasterdemexico.com\\\/producto\\\/analizadores-de-calidad-electrica-y-energia-434-ii-y-435-ii-de-fluke\\\/#primaryimage\"},\"image\":{\"@id\":\"https:\\\/\\\/techmasterdemexico.com\\\/producto\\\/analizadores-de-calidad-electrica-y-energia-434-ii-y-435-ii-de-fluke\\\/#primaryimage\"},\"thumbnailUrl\":\"https:\\\/\\\/techmasterdemexico.com\\\/wp-content\\\/uploads\\\/2021\\\/08\\\/1-41.jpg\",\"datePublished\":\"2021-08-19T17:42:39+00:00\",\"dateModified\":\"2022-03-25T19:29:41+00:00\",\"breadcrumb\":{\"@id\":\"https:\\\/\\\/techmasterdemexico.com\\\/producto\\\/analizadores-de-calidad-electrica-y-energia-434-ii-y-435-ii-de-fluke\\\/#breadcrumb\"},\"inLanguage\":\"en-US\",\"potentialAction\":[{\"@type\":\"ReadAction\",\"target\":[\"https:\\\/\\\/techmasterdemexico.com\\\/producto\\\/analizadores-de-calidad-electrica-y-energia-434-ii-y-435-ii-de-fluke\\\/\"]}]},{\"@type\":\"ImageObject\",\"inLanguage\":\"en-US\",\"@id\":\"https:\\\/\\\/techmasterdemexico.com\\\/producto\\\/analizadores-de-calidad-electrica-y-energia-434-ii-y-435-ii-de-fluke\\\/#primaryimage\",\"url\":\"https:\\\/\\\/techmasterdemexico.com\\\/wp-content\\\/uploads\\\/2021\\\/08\\\/1-41.jpg\",\"contentUrl\":\"https:\\\/\\\/techmasterdemexico.com\\\/wp-content\\\/uploads\\\/2021\\\/08\\\/1-41.jpg\",\"width\":500,\"height\":500},{\"@type\":\"BreadcrumbList\",\"@id\":\"https:\\\/\\\/techmasterdemexico.com\\\/producto\\\/analizadores-de-calidad-electrica-y-energia-434-ii-y-435-ii-de-fluke\\\/#breadcrumb\",\"itemListElement\":[{\"@type\":\"ListItem\",\"position\":1,\"name\":\"Portada\",\"item\":\"https:\\\/\\\/techmasterdemexico.com\\\/\"},{\"@type\":\"ListItem\",\"position\":2,\"name\":\"Analizadores de calidad el\u00e9ctrica y energ\u00eda 434-II y 435-II de Fluke\"}]},{\"@type\":\"WebSite\",\"@id\":\"https:\\\/\\\/techmasterdemexico.com\\\/#website\",\"url\":\"https:\\\/\\\/techmasterdemexico.com\\\/\",\"name\":\"Techmaster de Mexico\",\"description\":\"\",\"potentialAction\":[{\"@type\":\"SearchAction\",\"target\":{\"@type\":\"EntryPoint\",\"urlTemplate\":\"https:\\\/\\\/techmasterdemexico.com\\\/?s={search_term_string}\"},\"query-input\":{\"@type\":\"PropertyValueSpecification\",\"valueRequired\":true,\"valueName\":\"search_term_string\"}}],\"inLanguage\":\"en-US\"}]}<\/script>\n<!-- \/ Yoast SEO plugin. -->","yoast_head_json":{"title":"Analizadores de calidad el\u00e9ctrica y energ\u00eda 434-II y 435-II de Fluke - Techmaster de Mexico","robots":{"index":"index","follow":"follow","max-snippet":"max-snippet:-1","max-image-preview":"max-image-preview:large","max-video-preview":"max-video-preview:-1"},"canonical":"https:\/\/techmasterdemexico.com\/producto\/analizadores-de-calidad-electrica-y-energia-434-ii-y-435-ii-de-fluke\/","og_locale":"en_US","og_type":"article","og_title":"Analizadores de calidad el\u00e9ctrica y energ\u00eda 434-II y 435-II de Fluke - Techmaster de Mexico","og_description":"Analice los problemas de calidad el\u00e9ctrica, calcule el coste de la energ\u00eda desperdiciada y evite los tiempos de inactividad con el analizador de energ\u00eda el\u00e9ctrica 434-II y el analizador de calidad el\u00e9ctrica y energ\u00eda 435-II.    Estudio avanzado del estado de la calidad el\u00e9ctrica:los datos sobre calidad el\u00e9ctrica al instante para que pueda tomar mejores decisiones de mantenimiento   Calculadora de p\u00e9rdida de energ\u00eda:descubra los costes de la p\u00e9rdida de energ\u00eda causada por una calidad el\u00e9ctrica deficiente   M\u00e1xima categor\u00eda de seguridad: CAT III 1000 V, CAT IV 600 V","og_url":"https:\/\/techmasterdemexico.com\/producto\/analizadores-de-calidad-electrica-y-energia-434-ii-y-435-ii-de-fluke\/","og_site_name":"Techmaster de Mexico","article_modified_time":"2022-03-25T19:29:41+00:00","og_image":[{"width":500,"height":500,"url":"https:\/\/techmasterdemexico.com\/wp-content\/uploads\/2021\/08\/1-41.jpg","type":"image\/jpeg"}],"twitter_card":"summary_large_image","twitter_misc":{"Est. reading time":"1 minute"},"schema":{"@context":"https:\/\/schema.org","@graph":[{"@type":"WebPage","@id":"https:\/\/techmasterdemexico.com\/producto\/analizadores-de-calidad-electrica-y-energia-434-ii-y-435-ii-de-fluke\/","url":"https:\/\/techmasterdemexico.com\/producto\/analizadores-de-calidad-electrica-y-energia-434-ii-y-435-ii-de-fluke\/","name":"Analizadores de calidad el\u00e9ctrica y energ\u00eda 434-II y 435-II de Fluke - Techmaster de Mexico","isPartOf":{"@id":"https:\/\/techmasterdemexico.com\/#website"},"primaryImageOfPage":{"@id":"https:\/\/techmasterdemexico.com\/producto\/analizadores-de-calidad-electrica-y-energia-434-ii-y-435-ii-de-fluke\/#primaryimage"},"image":{"@id":"https:\/\/techmasterdemexico.com\/producto\/analizadores-de-calidad-electrica-y-energia-434-ii-y-435-ii-de-fluke\/#primaryimage"},"thumbnailUrl":"https:\/\/techmasterdemexico.com\/wp-content\/uploads\/2021\/08\/1-41.jpg","datePublished":"2021-08-19T17:42:39+00:00","dateModified":"2022-03-25T19:29:41+00:00","breadcrumb":{"@id":"https:\/\/techmasterdemexico.com\/producto\/analizadores-de-calidad-electrica-y-energia-434-ii-y-435-ii-de-fluke\/#breadcrumb"},"inLanguage":"en-US","potentialAction":[{"@type":"ReadAction","target":["https:\/\/techmasterdemexico.com\/producto\/analizadores-de-calidad-electrica-y-energia-434-ii-y-435-ii-de-fluke\/"]}]},{"@type":"ImageObject","inLanguage":"en-US","@id":"https:\/\/techmasterdemexico.com\/producto\/analizadores-de-calidad-electrica-y-energia-434-ii-y-435-ii-de-fluke\/#primaryimage","url":"https:\/\/techmasterdemexico.com\/wp-content\/uploads\/2021\/08\/1-41.jpg","contentUrl":"https:\/\/techmasterdemexico.com\/wp-content\/uploads\/2021\/08\/1-41.jpg","width":500,"height":500},{"@type":"BreadcrumbList","@id":"https:\/\/techmasterdemexico.com\/producto\/analizadores-de-calidad-electrica-y-energia-434-ii-y-435-ii-de-fluke\/#breadcrumb","itemListElement":[{"@type":"ListItem","position":1,"name":"Portada","item":"https:\/\/techmasterdemexico.com\/"},{"@type":"ListItem","position":2,"name":"Analizadores de calidad el\u00e9ctrica y energ\u00eda 434-II y 435-II de Fluke"}]},{"@type":"WebSite","@id":"https:\/\/techmasterdemexico.com\/#website","url":"https:\/\/techmasterdemexico.com\/","name":"Techmaster de Mexico","description":"","potentialAction":[{"@type":"SearchAction","target":{"@type":"EntryPoint","urlTemplate":"https:\/\/techmasterdemexico.com\/?s={search_term_string}"},"query-input":{"@type":"PropertyValueSpecification","valueRequired":true,"valueName":"search_term_string"}}],"inLanguage":"en-US"}]}},"brands":[{"id":31,"name":"Fluke","slug":"fluke"}],"_links":{"self":[{"href":"https:\/\/techmasterdemexico.com\/en\/wp-json\/wp\/v2\/product\/8086","targetHints":{"allow":["GET"]}}],"collection":[{"href":"https:\/\/techmasterdemexico.com\/en\/wp-json\/wp\/v2\/product"}],"about":[{"href":"https:\/\/techmasterdemexico.com\/en\/wp-json\/wp\/v2\/types\/product"}],"wp:featuredmedia":[{"embeddable":true,"href":"https:\/\/techmasterdemexico.com\/en\/wp-json\/wp\/v2\/media\/8901"}],"wp:attachment":[{"href":"https:\/\/techmasterdemexico.com\/en\/wp-json\/wp\/v2\/media?parent=8086"}],"wp:term":[{"taxonomy":"pwb-brand","embeddable":true,"href":"https:\/\/techmasterdemexico.com\/en\/wp-json\/wp\/v2\/pwb-brand?post=8086"},{"taxonomy":"product_brand","embeddable":true,"href":"https:\/\/techmasterdemexico.com\/en\/wp-json\/wp\/v2\/product_brand?post=8086"},{"taxonomy":"product_cat","embeddable":true,"href":"https:\/\/techmasterdemexico.com\/en\/wp-json\/wp\/v2\/product_cat?post=8086"},{"taxonomy":"product_tag","embeddable":true,"href":"https:\/\/techmasterdemexico.com\/en\/wp-json\/wp\/v2\/product_tag?post=8086"}],"curies":[{"name":"wp","href":"https:\/\/api.w.org\/{rel}","templated":true}]}}