{"id":8085,"date":"2021-08-19T17:42:38","date_gmt":"2021-08-19T17:42:38","guid":{"rendered":"http:\/\/techmastermx.ddns.net\/producto\/camara-termografica-fluke-tis60\/"},"modified":"2021-12-28T22:12:29","modified_gmt":"2021-12-28T22:12:29","slug":"camara-termografica-fluke-tis60","status":"publish","type":"product","link":"https:\/\/techmasterdemexico.com\/en\/producto\/camara-termografica-fluke-tis60\/","title":{"rendered":"C\u00e1mara termogr\u00e1fica Fluke TiS60+"},"content":{"rendered":"<p>C\u00e1mara termogr\u00e1fica Fluke TiS60+<\/p>\n<p>Aumente su rendimiento o el de su equipo con una resoluci\u00f3n de 320 x 240. Las im\u00e1genes infrarrojas tomadas con la TiS60+ capturan diferencias de temperatura m\u00e1s peque\u00f1as a una mayor distancia. Si la termograf\u00eda es algo nuevo para usted o si su c\u00e1mara es utilizada por un equipo con diferentes niveles de experiencia, la TiS60+ ofrece un enfoque fijo con la habilidad de capturar im\u00e1genes de calidad a una mayor distancia.<\/p>\n<p>La TiS60+ permite ver las cosas invisibles a simple vista y revela problemas que no se pueden detectar con otras tecnolog\u00edas. Es un instrumento fiable y f\u00e1cil de usar en el que su equipo puede confiar.<\/p>\n<ul>\n<li>Enfoque fijo f\u00e1cil de usar<\/li>\n<li>Pantalla LCD de 3,5&#8243;<\/li>\n<li>Captura, revisi\u00f3n y almacenamiento de im\u00e1genes con una sola mano<\/li>\n<li>Compatibilidad Fluke Connect\u2122 para compartir datos de forma inal\u00e1mbrica<\/li>\n<\/ul>\n<p>A menudo, el siguiente gran desaf\u00edo con las im\u00e1genes infrarrojas es asegurarse de que las im\u00e1genes tomadas por el equipo se puedan a\u00f1adir r\u00e1pidamente a las \u00f3rdenes de trabajo. La TiS60+ incorpora IR-PhotoNotes para facilitar el trabajo. Estas anotaciones ofrecen al usuario de la c\u00e1mara un modo sencillo de a\u00f1adir fotos asociadas a la imagen que documentan el nombre del equipo o la ubicaci\u00f3n asociada a la imagen t\u00e9rmica, de manera que la persona que cree la orden de trabajo pueda indicar a los t\u00e9cnicos la localizaci\u00f3n correcta para realizar las reparaciones.<\/p>\n<p>Est\u00e9 preparado con todo lo que necesita para establecer una referencia para el equipo, un plan de mantenimiento y realizar trabajos est\u00e1ndar. La Fluke TiS60+ le proporciona los datos t\u00e9rmicos que necesita para realizar el trabajo.<\/p>\n","protected":false},"excerpt":{"rendered":"<ul>\n<li>Resoluci\u00f3n de 320 x 240<\/li>\n<li>Resiste ca\u00eddas desde 2 m<\/li>\n<li>Tecnolog\u00eda IR Fusion\u2122 para mayor contexto<\/li>\n<li>Enfoque fijo<\/li>\n<li>Mida hasta 400 \u00b0C<\/li>\n<\/ul>\n","protected":false},"featured_media":8918,"template":"","meta":{"_acf_changed":false},"pwb-brand":[31],"product_brand":[],"product_cat":[366,131,187,30],"product_tag":[],"class_list":{"0":"post-8085","1":"product","2":"type-product","3":"status-publish","4":"has-post-thumbnail","6":"pwb-brand-fluke","7":"product_cat-todos-los-productos","8":"product_cat-camaras-termograficas","9":"product_cat-camaras-termograficas-portatiles","10":"product_cat-fluke","12":"first","13":"instock","14":"taxable","15":"shipping-taxable","16":"product-type-simple"},"acf":[],"yoast_head":"<!-- This site is optimized with the Yoast SEO plugin v27.4 - https:\/\/yoast.com\/product\/yoast-seo-wordpress\/ -->\n<title>C\u00e1mara termogr\u00e1fica Fluke TiS60+ - Techmaster de Mexico<\/title>\n<meta name=\"robots\" content=\"index, follow, max-snippet:-1, max-image-preview:large, max-video-preview:-1\" \/>\n<link rel=\"canonical\" href=\"https:\/\/techmasterdemexico.com\/producto\/camara-termografica-fluke-tis60\/\" \/>\n<meta property=\"og:locale\" content=\"en_US\" \/>\n<meta property=\"og:type\" content=\"article\" \/>\n<meta property=\"og:title\" content=\"C\u00e1mara termogr\u00e1fica Fluke TiS60+ - Techmaster de Mexico\" \/>\n<meta property=\"og:description\" content=\"Resoluci\u00f3n de 320 x 240   Resiste ca\u00eddas desde 2 m   Tecnolog\u00eda IR Fusion\u2122 para mayor contexto   Enfoque fijo   Mida hasta 400 \u00b0C\" \/>\n<meta property=\"og:url\" content=\"https:\/\/techmasterdemexico.com\/producto\/camara-termografica-fluke-tis60\/\" \/>\n<meta property=\"og:site_name\" content=\"Techmaster de Mexico\" \/>\n<meta property=\"article:modified_time\" content=\"2021-12-28T22:12:29+00:00\" \/>\n<meta property=\"og:image\" content=\"https:\/\/techmasterdemexico.com\/wp-content\/uploads\/2021\/08\/2-36.jpg\" \/>\n\t<meta property=\"og:image:width\" content=\"500\" \/>\n\t<meta property=\"og:image:height\" content=\"500\" \/>\n\t<meta property=\"og:image:type\" content=\"image\/jpeg\" \/>\n<meta name=\"twitter:card\" content=\"summary_large_image\" \/>\n<meta name=\"twitter:label1\" content=\"Est. reading time\" \/>\n\t<meta name=\"twitter:data1\" content=\"1 minute\" \/>\n<script type=\"application\/ld+json\" class=\"yoast-schema-graph\">{\"@context\":\"https:\\\/\\\/schema.org\",\"@graph\":[{\"@type\":\"WebPage\",\"@id\":\"https:\\\/\\\/techmasterdemexico.com\\\/producto\\\/camara-termografica-fluke-tis60\\\/\",\"url\":\"https:\\\/\\\/techmasterdemexico.com\\\/producto\\\/camara-termografica-fluke-tis60\\\/\",\"name\":\"C\u00e1mara termogr\u00e1fica Fluke TiS60+ - Techmaster de Mexico\",\"isPartOf\":{\"@id\":\"https:\\\/\\\/techmasterdemexico.com\\\/#website\"},\"primaryImageOfPage\":{\"@id\":\"https:\\\/\\\/techmasterdemexico.com\\\/producto\\\/camara-termografica-fluke-tis60\\\/#primaryimage\"},\"image\":{\"@id\":\"https:\\\/\\\/techmasterdemexico.com\\\/producto\\\/camara-termografica-fluke-tis60\\\/#primaryimage\"},\"thumbnailUrl\":\"https:\\\/\\\/techmasterdemexico.com\\\/wp-content\\\/uploads\\\/2021\\\/08\\\/2-36.jpg\",\"datePublished\":\"2021-08-19T17:42:38+00:00\",\"dateModified\":\"2021-12-28T22:12:29+00:00\",\"breadcrumb\":{\"@id\":\"https:\\\/\\\/techmasterdemexico.com\\\/producto\\\/camara-termografica-fluke-tis60\\\/#breadcrumb\"},\"inLanguage\":\"en-US\",\"potentialAction\":[{\"@type\":\"ReadAction\",\"target\":[\"https:\\\/\\\/techmasterdemexico.com\\\/producto\\\/camara-termografica-fluke-tis60\\\/\"]}]},{\"@type\":\"ImageObject\",\"inLanguage\":\"en-US\",\"@id\":\"https:\\\/\\\/techmasterdemexico.com\\\/producto\\\/camara-termografica-fluke-tis60\\\/#primaryimage\",\"url\":\"https:\\\/\\\/techmasterdemexico.com\\\/wp-content\\\/uploads\\\/2021\\\/08\\\/2-36.jpg\",\"contentUrl\":\"https:\\\/\\\/techmasterdemexico.com\\\/wp-content\\\/uploads\\\/2021\\\/08\\\/2-36.jpg\",\"width\":500,\"height\":500},{\"@type\":\"BreadcrumbList\",\"@id\":\"https:\\\/\\\/techmasterdemexico.com\\\/producto\\\/camara-termografica-fluke-tis60\\\/#breadcrumb\",\"itemListElement\":[{\"@type\":\"ListItem\",\"position\":1,\"name\":\"Portada\",\"item\":\"https:\\\/\\\/techmasterdemexico.com\\\/\"},{\"@type\":\"ListItem\",\"position\":2,\"name\":\"C\u00e1mara termogr\u00e1fica Fluke TiS60+\"}]},{\"@type\":\"WebSite\",\"@id\":\"https:\\\/\\\/techmasterdemexico.com\\\/#website\",\"url\":\"https:\\\/\\\/techmasterdemexico.com\\\/\",\"name\":\"Techmaster de Mexico\",\"description\":\"\",\"potentialAction\":[{\"@type\":\"SearchAction\",\"target\":{\"@type\":\"EntryPoint\",\"urlTemplate\":\"https:\\\/\\\/techmasterdemexico.com\\\/?s={search_term_string}\"},\"query-input\":{\"@type\":\"PropertyValueSpecification\",\"valueRequired\":true,\"valueName\":\"search_term_string\"}}],\"inLanguage\":\"en-US\"}]}<\/script>\n<!-- \/ Yoast SEO plugin. -->","yoast_head_json":{"title":"C\u00e1mara termogr\u00e1fica Fluke TiS60+ - Techmaster de Mexico","robots":{"index":"index","follow":"follow","max-snippet":"max-snippet:-1","max-image-preview":"max-image-preview:large","max-video-preview":"max-video-preview:-1"},"canonical":"https:\/\/techmasterdemexico.com\/producto\/camara-termografica-fluke-tis60\/","og_locale":"en_US","og_type":"article","og_title":"C\u00e1mara termogr\u00e1fica Fluke TiS60+ - Techmaster de Mexico","og_description":"Resoluci\u00f3n de 320 x 240   Resiste ca\u00eddas desde 2 m   Tecnolog\u00eda IR Fusion\u2122 para mayor contexto   Enfoque fijo   Mida hasta 400 \u00b0C","og_url":"https:\/\/techmasterdemexico.com\/producto\/camara-termografica-fluke-tis60\/","og_site_name":"Techmaster de Mexico","article_modified_time":"2021-12-28T22:12:29+00:00","og_image":[{"width":500,"height":500,"url":"https:\/\/techmasterdemexico.com\/wp-content\/uploads\/2021\/08\/2-36.jpg","type":"image\/jpeg"}],"twitter_card":"summary_large_image","twitter_misc":{"Est. reading time":"1 minute"},"schema":{"@context":"https:\/\/schema.org","@graph":[{"@type":"WebPage","@id":"https:\/\/techmasterdemexico.com\/producto\/camara-termografica-fluke-tis60\/","url":"https:\/\/techmasterdemexico.com\/producto\/camara-termografica-fluke-tis60\/","name":"C\u00e1mara termogr\u00e1fica Fluke TiS60+ - Techmaster de Mexico","isPartOf":{"@id":"https:\/\/techmasterdemexico.com\/#website"},"primaryImageOfPage":{"@id":"https:\/\/techmasterdemexico.com\/producto\/camara-termografica-fluke-tis60\/#primaryimage"},"image":{"@id":"https:\/\/techmasterdemexico.com\/producto\/camara-termografica-fluke-tis60\/#primaryimage"},"thumbnailUrl":"https:\/\/techmasterdemexico.com\/wp-content\/uploads\/2021\/08\/2-36.jpg","datePublished":"2021-08-19T17:42:38+00:00","dateModified":"2021-12-28T22:12:29+00:00","breadcrumb":{"@id":"https:\/\/techmasterdemexico.com\/producto\/camara-termografica-fluke-tis60\/#breadcrumb"},"inLanguage":"en-US","potentialAction":[{"@type":"ReadAction","target":["https:\/\/techmasterdemexico.com\/producto\/camara-termografica-fluke-tis60\/"]}]},{"@type":"ImageObject","inLanguage":"en-US","@id":"https:\/\/techmasterdemexico.com\/producto\/camara-termografica-fluke-tis60\/#primaryimage","url":"https:\/\/techmasterdemexico.com\/wp-content\/uploads\/2021\/08\/2-36.jpg","contentUrl":"https:\/\/techmasterdemexico.com\/wp-content\/uploads\/2021\/08\/2-36.jpg","width":500,"height":500},{"@type":"BreadcrumbList","@id":"https:\/\/techmasterdemexico.com\/producto\/camara-termografica-fluke-tis60\/#breadcrumb","itemListElement":[{"@type":"ListItem","position":1,"name":"Portada","item":"https:\/\/techmasterdemexico.com\/"},{"@type":"ListItem","position":2,"name":"C\u00e1mara termogr\u00e1fica Fluke TiS60+"}]},{"@type":"WebSite","@id":"https:\/\/techmasterdemexico.com\/#website","url":"https:\/\/techmasterdemexico.com\/","name":"Techmaster de Mexico","description":"","potentialAction":[{"@type":"SearchAction","target":{"@type":"EntryPoint","urlTemplate":"https:\/\/techmasterdemexico.com\/?s={search_term_string}"},"query-input":{"@type":"PropertyValueSpecification","valueRequired":true,"valueName":"search_term_string"}}],"inLanguage":"en-US"}]}},"brands":[{"id":31,"name":"Fluke","slug":"fluke"}],"_links":{"self":[{"href":"https:\/\/techmasterdemexico.com\/en\/wp-json\/wp\/v2\/product\/8085","targetHints":{"allow":["GET"]}}],"collection":[{"href":"https:\/\/techmasterdemexico.com\/en\/wp-json\/wp\/v2\/product"}],"about":[{"href":"https:\/\/techmasterdemexico.com\/en\/wp-json\/wp\/v2\/types\/product"}],"wp:featuredmedia":[{"embeddable":true,"href":"https:\/\/techmasterdemexico.com\/en\/wp-json\/wp\/v2\/media\/8918"}],"wp:attachment":[{"href":"https:\/\/techmasterdemexico.com\/en\/wp-json\/wp\/v2\/media?parent=8085"}],"wp:term":[{"taxonomy":"pwb-brand","embeddable":true,"href":"https:\/\/techmasterdemexico.com\/en\/wp-json\/wp\/v2\/pwb-brand?post=8085"},{"taxonomy":"product_brand","embeddable":true,"href":"https:\/\/techmasterdemexico.com\/en\/wp-json\/wp\/v2\/product_brand?post=8085"},{"taxonomy":"product_cat","embeddable":true,"href":"https:\/\/techmasterdemexico.com\/en\/wp-json\/wp\/v2\/product_cat?post=8085"},{"taxonomy":"product_tag","embeddable":true,"href":"https:\/\/techmasterdemexico.com\/en\/wp-json\/wp\/v2\/product_tag?post=8085"}],"curies":[{"name":"wp","href":"https:\/\/api.w.org\/{rel}","templated":true}]}}