{"id":8084,"date":"2021-08-19T17:42:38","date_gmt":"2021-08-19T17:42:38","guid":{"rendered":"http:\/\/techmastermx.ddns.net\/producto\/camara-termografica-tis20-tis20-max\/"},"modified":"2021-12-28T22:12:28","modified_gmt":"2021-12-28T22:12:28","slug":"camara-termografica-tis20-tis20-max","status":"publish","type":"product","link":"https:\/\/techmasterdemexico.com\/en\/producto\/camara-termografica-tis20-tis20-max\/","title":{"rendered":"C\u00e1mara termogr\u00e1fica TiS20+ \/ TiS20+ MAX"},"content":{"rendered":"<p>C\u00e1mara termogr\u00e1fica TiS20+ \/ TiS20+ MAX<\/p>\n<p>Ahorre tiempo con el an\u00e1lisis termogr\u00e1fico adecuado.<\/p>\n<p>Tanto si inspecciona un sistema de climatizaci\u00f3n en el tejado, revisa un motor en una planta de producci\u00f3n o trabaja en un cuadro el\u00e9ctrico, sus instrumentos deben ofrecerle toda la capacidad y las funciones necesarias para trabajar con rapidez.<\/p>\n<p>Las c\u00e1maras termogr\u00e1ficas port\u00e1tiles Fluke TiS20+ y TiS20+ MAX ponen toda la potencia de la termograf\u00eda a su alcance. Esta c\u00e1mara termogr\u00e1fica, dise\u00f1ada para facilitar y agilizar su trabajo, es el instrumento adecuado para:<\/p>\n<p>-Electricistas<\/p>\n<p>-T\u00e9cnicos de calefacci\u00f3n, ventilaci\u00f3n, aire acondicionado y refrigeraci\u00f3n<\/p>\n<p>-T\u00e9cnicos de mantenimiento<\/p>\n<p>Acceda al contexto con una combinaci\u00f3n de imagen infrarroja y luz visible<\/p>\n<p>En termograf\u00eda, el contexto es importante. Permita que Fluke IR-Fusion\u2122 facilite su trabajo mediante una imagen t\u00e9rmica superpuesta sobre una imagen de luz visible para ofrecerle una visi\u00f3n de conjunto acerca de la ubicaci\u00f3n del objetivo antes de que se convierta en un problema. Solo tiene que deslizar el dedo por la pantalla para ajustar el nivel de infrarrojos. Tanto si encuentra un desequilibrio de carga en un conmutador de alta tensi\u00f3n como si inspecciona un sistema de ventilaci\u00f3n, la c\u00e1mara termogr\u00e1fica Fluke TiS20+ le permite detectar problemas con m\u00e1s rapidez que antes.<\/p>\n<p>Si trabaja mucho durante todo el d\u00eda, tambi\u00e9n deber\u00e1n hacerlo sus instrumentos<\/p>\n<p>No puede permitirse que la c\u00e1mara termogr\u00e1fica falle a causa del entorno. Puede dormir tranquilamente sabiendo que la c\u00e1mara podr\u00e1 afrontar cualquier situaci\u00f3n que se presente.<\/p>\n<p>-Sometida a ensayos de ca\u00edda desde 2 m<\/p>\n<p>-Resistente al agua (IP54)<\/p>\n<p>-Resistente al polvo (IP54)<\/p>\n<p>Deje de ordenar im\u00e1genes y empiece a analizarlas con Fluke Connect Asset Tagging<\/p>\n<p>Deje de organizar im\u00e1genes t\u00e9rmicas en el ordenador durante horas, deje que el etiquetado de activos lo haga por usted. Deje de arrastrar y soltar archivos o de cambiarles el nombre en la oficina, simplemente escanee un c\u00f3digo QR en el activo, capture las im\u00e1genes t\u00e9rmicas y se ordenar\u00e1n autom\u00e1ticamente por activos. Empiece a dedicar su tiempo a analizar las im\u00e1genes y crear informes en lugar de ordenar los archivos uno a uno.<\/p>\n<p>La bater\u00eda proporciona la mejor autonom\u00eda en una c\u00e1mara termogr\u00e1fica de Fluke<\/p>\n<p>Las c\u00e1maras TiS20+ y TiS20+ MAX pueden funcionar sin descanso durante m\u00e1s de 5 horas gracias a la bater\u00eda de mayor autonom\u00eda en una c\u00e1mara termogr\u00e1fica de Fluke. Ahorre bater\u00eda entre puntos de inspecci\u00f3n con el modo de espera. Solo tiene que pulsar el bot\u00f3n de encendido y estar\u00e1 de nuevo en funcionamiento.<\/p>\n<p>Saque el m\u00e1ximo provecho de su TiS20+ y su TiS20+ MAX con el software de escritorio Fluke Connect\u2122. Genere informes profesionales en tan solo minutos mientras recoge de forma eficiente datos totalmente radiom\u00e9tricos para sus planes de mantenimiento.<\/p>\n<p>-Edite y optimice im\u00e1genes<\/p>\n<p>-Combine im\u00e1genes infrarrojas y visibles para simplificar el an\u00e1lisis<\/p>\n<p>-Genere informes detallados<\/p>\n<p>-Acceda a im\u00e1genes t\u00e9rmicas a partir del almacenamiento en la nube<\/p>\n<p>-Organice im\u00e1genes y realice b\u00fasquedas por activo, severidad y t\u00edtulo<\/p>","protected":false},"excerpt":{"rendered":"<ul>\n<li>Pantalla t\u00e1ctil continua IR-Fusion\u2122<\/li>\n<li>Bater\u00eda con 5 h de autonom\u00eda<\/li>\n<li>Puede soportar ca\u00eddas desde hasta 2 m de altura<\/li>\n<li>Carcasa resistente al agua y el polvo IP54<\/li>\n<li>Organice y archive autom\u00e1ticamente im\u00e1genes t\u00e9rmicas con Fluke Connect\u2122 Asset Tagging<\/li>\n<li>Resoluci\u00f3n de infrarrojos de 120 x 90 p\u00edxeles<\/li>\n<\/ul>\n","protected":false},"featured_media":8912,"template":"","meta":{"_acf_changed":false},"pwb-brand":[31],"product_brand":[],"product_cat":[366,131,187,30],"product_tag":[],"class_list":{"0":"post-8084","1":"product","2":"type-product","3":"status-publish","4":"has-post-thumbnail","6":"pwb-brand-fluke","7":"product_cat-todos-los-productos","8":"product_cat-camaras-termograficas","9":"product_cat-camaras-termograficas-portatiles","10":"product_cat-fluke","12":"first","13":"instock","14":"taxable","15":"shipping-taxable","16":"product-type-simple"},"acf":[],"yoast_head":"<!-- This site is optimized with the Yoast SEO plugin v27.4 - https:\/\/yoast.com\/product\/yoast-seo-wordpress\/ -->\n<title>C\u00e1mara termogr\u00e1fica TiS20+ \/ TiS20+ MAX - Techmaster de Mexico<\/title>\n<meta name=\"robots\" content=\"index, follow, max-snippet:-1, max-image-preview:large, max-video-preview:-1\" \/>\n<link rel=\"canonical\" href=\"https:\/\/techmasterdemexico.com\/producto\/camara-termografica-tis20-tis20-max\/\" \/>\n<meta property=\"og:locale\" content=\"en_US\" \/>\n<meta property=\"og:type\" content=\"article\" \/>\n<meta property=\"og:title\" content=\"C\u00e1mara termogr\u00e1fica TiS20+ \/ TiS20+ MAX - Techmaster de Mexico\" \/>\n<meta property=\"og:description\" content=\"Pantalla t\u00e1ctil continua IR-Fusion\u2122   Bater\u00eda con 5 h de autonom\u00eda   Puede soportar ca\u00eddas desde hasta 2 m de altura   Carcasa resistente al agua y el polvo IP54   Organice y archive autom\u00e1ticamente im\u00e1genes t\u00e9rmicas con Fluke Connect\u2122 Asset Tagging   Resoluci\u00f3n de infrarrojos de 120 x 90 p\u00edxeles\" \/>\n<meta property=\"og:url\" content=\"https:\/\/techmasterdemexico.com\/producto\/camara-termografica-tis20-tis20-max\/\" \/>\n<meta property=\"og:site_name\" content=\"Techmaster de Mexico\" \/>\n<meta property=\"article:modified_time\" content=\"2021-12-28T22:12:28+00:00\" \/>\n<meta property=\"og:image\" content=\"https:\/\/techmasterdemexico.com\/wp-content\/uploads\/2021\/08\/1-43.jpg\" \/>\n\t<meta property=\"og:image:width\" content=\"500\" \/>\n\t<meta property=\"og:image:height\" content=\"500\" \/>\n\t<meta property=\"og:image:type\" content=\"image\/jpeg\" \/>\n<meta name=\"twitter:card\" content=\"summary_large_image\" \/>\n<meta name=\"twitter:label1\" content=\"Est. reading time\" \/>\n\t<meta name=\"twitter:data1\" content=\"6 minutes\" \/>\n<script type=\"application\/ld+json\" class=\"yoast-schema-graph\">{\"@context\":\"https:\\\/\\\/schema.org\",\"@graph\":[{\"@type\":\"WebPage\",\"@id\":\"https:\\\/\\\/techmasterdemexico.com\\\/producto\\\/camara-termografica-tis20-tis20-max\\\/\",\"url\":\"https:\\\/\\\/techmasterdemexico.com\\\/producto\\\/camara-termografica-tis20-tis20-max\\\/\",\"name\":\"C\u00e1mara termogr\u00e1fica TiS20+ \\\/ TiS20+ MAX - Techmaster de Mexico\",\"isPartOf\":{\"@id\":\"https:\\\/\\\/techmasterdemexico.com\\\/#website\"},\"primaryImageOfPage\":{\"@id\":\"https:\\\/\\\/techmasterdemexico.com\\\/producto\\\/camara-termografica-tis20-tis20-max\\\/#primaryimage\"},\"image\":{\"@id\":\"https:\\\/\\\/techmasterdemexico.com\\\/producto\\\/camara-termografica-tis20-tis20-max\\\/#primaryimage\"},\"thumbnailUrl\":\"https:\\\/\\\/techmasterdemexico.com\\\/wp-content\\\/uploads\\\/2021\\\/08\\\/1-43.jpg\",\"datePublished\":\"2021-08-19T17:42:38+00:00\",\"dateModified\":\"2021-12-28T22:12:28+00:00\",\"breadcrumb\":{\"@id\":\"https:\\\/\\\/techmasterdemexico.com\\\/producto\\\/camara-termografica-tis20-tis20-max\\\/#breadcrumb\"},\"inLanguage\":\"en-US\",\"potentialAction\":[{\"@type\":\"ReadAction\",\"target\":[\"https:\\\/\\\/techmasterdemexico.com\\\/producto\\\/camara-termografica-tis20-tis20-max\\\/\"]}]},{\"@type\":\"ImageObject\",\"inLanguage\":\"en-US\",\"@id\":\"https:\\\/\\\/techmasterdemexico.com\\\/producto\\\/camara-termografica-tis20-tis20-max\\\/#primaryimage\",\"url\":\"https:\\\/\\\/techmasterdemexico.com\\\/wp-content\\\/uploads\\\/2021\\\/08\\\/1-43.jpg\",\"contentUrl\":\"https:\\\/\\\/techmasterdemexico.com\\\/wp-content\\\/uploads\\\/2021\\\/08\\\/1-43.jpg\",\"width\":500,\"height\":500},{\"@type\":\"BreadcrumbList\",\"@id\":\"https:\\\/\\\/techmasterdemexico.com\\\/producto\\\/camara-termografica-tis20-tis20-max\\\/#breadcrumb\",\"itemListElement\":[{\"@type\":\"ListItem\",\"position\":1,\"name\":\"Portada\",\"item\":\"https:\\\/\\\/techmasterdemexico.com\\\/\"},{\"@type\":\"ListItem\",\"position\":2,\"name\":\"C\u00e1mara termogr\u00e1fica TiS20+ \\\/ TiS20+ MAX\"}]},{\"@type\":\"WebSite\",\"@id\":\"https:\\\/\\\/techmasterdemexico.com\\\/#website\",\"url\":\"https:\\\/\\\/techmasterdemexico.com\\\/\",\"name\":\"Techmaster de Mexico\",\"description\":\"\",\"potentialAction\":[{\"@type\":\"SearchAction\",\"target\":{\"@type\":\"EntryPoint\",\"urlTemplate\":\"https:\\\/\\\/techmasterdemexico.com\\\/?s={search_term_string}\"},\"query-input\":{\"@type\":\"PropertyValueSpecification\",\"valueRequired\":true,\"valueName\":\"search_term_string\"}}],\"inLanguage\":\"en-US\"}]}<\/script>\n<!-- \/ Yoast SEO plugin. -->","yoast_head_json":{"title":"C\u00e1mara termogr\u00e1fica TiS20+ \/ TiS20+ MAX - Techmaster de Mexico","robots":{"index":"index","follow":"follow","max-snippet":"max-snippet:-1","max-image-preview":"max-image-preview:large","max-video-preview":"max-video-preview:-1"},"canonical":"https:\/\/techmasterdemexico.com\/producto\/camara-termografica-tis20-tis20-max\/","og_locale":"en_US","og_type":"article","og_title":"C\u00e1mara termogr\u00e1fica TiS20+ \/ TiS20+ MAX - Techmaster de Mexico","og_description":"Pantalla t\u00e1ctil continua IR-Fusion\u2122   Bater\u00eda con 5 h de autonom\u00eda   Puede soportar ca\u00eddas desde hasta 2 m de altura   Carcasa resistente al agua y el polvo IP54   Organice y archive autom\u00e1ticamente im\u00e1genes t\u00e9rmicas con Fluke Connect\u2122 Asset Tagging   Resoluci\u00f3n de infrarrojos de 120 x 90 p\u00edxeles","og_url":"https:\/\/techmasterdemexico.com\/producto\/camara-termografica-tis20-tis20-max\/","og_site_name":"Techmaster de Mexico","article_modified_time":"2021-12-28T22:12:28+00:00","og_image":[{"width":500,"height":500,"url":"https:\/\/techmasterdemexico.com\/wp-content\/uploads\/2021\/08\/1-43.jpg","type":"image\/jpeg"}],"twitter_card":"summary_large_image","twitter_misc":{"Est. reading time":"6 minutes"},"schema":{"@context":"https:\/\/schema.org","@graph":[{"@type":"WebPage","@id":"https:\/\/techmasterdemexico.com\/producto\/camara-termografica-tis20-tis20-max\/","url":"https:\/\/techmasterdemexico.com\/producto\/camara-termografica-tis20-tis20-max\/","name":"C\u00e1mara termogr\u00e1fica TiS20+ \/ TiS20+ MAX - Techmaster de Mexico","isPartOf":{"@id":"https:\/\/techmasterdemexico.com\/#website"},"primaryImageOfPage":{"@id":"https:\/\/techmasterdemexico.com\/producto\/camara-termografica-tis20-tis20-max\/#primaryimage"},"image":{"@id":"https:\/\/techmasterdemexico.com\/producto\/camara-termografica-tis20-tis20-max\/#primaryimage"},"thumbnailUrl":"https:\/\/techmasterdemexico.com\/wp-content\/uploads\/2021\/08\/1-43.jpg","datePublished":"2021-08-19T17:42:38+00:00","dateModified":"2021-12-28T22:12:28+00:00","breadcrumb":{"@id":"https:\/\/techmasterdemexico.com\/producto\/camara-termografica-tis20-tis20-max\/#breadcrumb"},"inLanguage":"en-US","potentialAction":[{"@type":"ReadAction","target":["https:\/\/techmasterdemexico.com\/producto\/camara-termografica-tis20-tis20-max\/"]}]},{"@type":"ImageObject","inLanguage":"en-US","@id":"https:\/\/techmasterdemexico.com\/producto\/camara-termografica-tis20-tis20-max\/#primaryimage","url":"https:\/\/techmasterdemexico.com\/wp-content\/uploads\/2021\/08\/1-43.jpg","contentUrl":"https:\/\/techmasterdemexico.com\/wp-content\/uploads\/2021\/08\/1-43.jpg","width":500,"height":500},{"@type":"BreadcrumbList","@id":"https:\/\/techmasterdemexico.com\/producto\/camara-termografica-tis20-tis20-max\/#breadcrumb","itemListElement":[{"@type":"ListItem","position":1,"name":"Portada","item":"https:\/\/techmasterdemexico.com\/"},{"@type":"ListItem","position":2,"name":"C\u00e1mara termogr\u00e1fica TiS20+ \/ TiS20+ MAX"}]},{"@type":"WebSite","@id":"https:\/\/techmasterdemexico.com\/#website","url":"https:\/\/techmasterdemexico.com\/","name":"Techmaster de Mexico","description":"","potentialAction":[{"@type":"SearchAction","target":{"@type":"EntryPoint","urlTemplate":"https:\/\/techmasterdemexico.com\/?s={search_term_string}"},"query-input":{"@type":"PropertyValueSpecification","valueRequired":true,"valueName":"search_term_string"}}],"inLanguage":"en-US"}]}},"brands":[{"id":31,"name":"Fluke","slug":"fluke"}],"_links":{"self":[{"href":"https:\/\/techmasterdemexico.com\/en\/wp-json\/wp\/v2\/product\/8084","targetHints":{"allow":["GET"]}}],"collection":[{"href":"https:\/\/techmasterdemexico.com\/en\/wp-json\/wp\/v2\/product"}],"about":[{"href":"https:\/\/techmasterdemexico.com\/en\/wp-json\/wp\/v2\/types\/product"}],"wp:featuredmedia":[{"embeddable":true,"href":"https:\/\/techmasterdemexico.com\/en\/wp-json\/wp\/v2\/media\/8912"}],"wp:attachment":[{"href":"https:\/\/techmasterdemexico.com\/en\/wp-json\/wp\/v2\/media?parent=8084"}],"wp:term":[{"taxonomy":"pwb-brand","embeddable":true,"href":"https:\/\/techmasterdemexico.com\/en\/wp-json\/wp\/v2\/pwb-brand?post=8084"},{"taxonomy":"product_brand","embeddable":true,"href":"https:\/\/techmasterdemexico.com\/en\/wp-json\/wp\/v2\/product_brand?post=8084"},{"taxonomy":"product_cat","embeddable":true,"href":"https:\/\/techmasterdemexico.com\/en\/wp-json\/wp\/v2\/product_cat?post=8084"},{"taxonomy":"product_tag","embeddable":true,"href":"https:\/\/techmasterdemexico.com\/en\/wp-json\/wp\/v2\/product_tag?post=8084"}],"curies":[{"name":"wp","href":"https:\/\/api.w.org\/{rel}","templated":true}]}}