{"id":8083,"date":"2021-08-19T17:42:37","date_gmt":"2021-08-19T17:42:37","guid":{"rendered":"http:\/\/techmastermx.ddns.net\/producto\/camara-infrarroja-fluke-tix580\/"},"modified":"2021-12-28T22:11:11","modified_gmt":"2021-12-28T22:11:11","slug":"camara-infrarroja-fluke-tix580","status":"publish","type":"product","link":"https:\/\/techmasterdemexico.com\/en\/producto\/camara-infrarroja-fluke-tix580\/","title":{"rendered":"C\u00e1mara infrarroja Fluke TiX580"},"content":{"rendered":"<p>C\u00e1mara infrarroja Fluke TiX580<\/p>\n<p>Realice su mejor trabajo.<\/p>\n<p>La TiX580 es una c\u00e1mara de im\u00e1genes termogr\u00e1ficas de 640 x 480 con un magn\u00edfico dise\u00f1o ergon\u00f3mico. Los usuarios ahora pueden realizar inspecciones de im\u00e1genes t\u00e9rmicas con m\u00e1s confianza y resultados m\u00e1s r\u00e1pidos que nunca, con la robustez y facilidad de uso que esperan de Fluke.<\/p>\n<p>Vea im\u00e1genes m\u00e1s claras y n\u00edtidas para lograr una interpretaci\u00f3n m\u00e1s exacta.<\/p>\n<p>La pantalla giratoria en 240 grados facilita la captura de im\u00e1genes cuando el equipo est\u00e1 en posiciones inc\u00f3modas o en \u00e1reas de dif\u00edcil acceso. El dise\u00f1o ergon\u00f3mico y la correa para el cuello hacen que los largos d\u00edas de inspecciones sean mucho m\u00e1s f\u00e1ciles. En exteriores, la pantalla giratoria permite realizar ajustes para minimizar el brillo, y la gran pantalla t\u00e1ctil LCD de 5,7&#8243; de Fluke ofrece una experiencia de visualizaci\u00f3n superior en el terreno, realmente \u00abfabricada a prop\u00f3sito.<\/p>\n<p>Software Fluke Connect\u00ae SmartView poderoso, nuevo y f\u00e1cil de usar para computadoras de escritorio incluido.<\/p>\n<p>El software de escritorio Fluke Connect SmartView es una plataforma de software completa y conectada que representa el futuro del mantenimiento, la monitorizaci\u00f3n, el an\u00e1lisis y los informes del equipo integrado. Es m\u00e1s f\u00e1cil que nunca optimizar las im\u00e1genes t\u00e9rmicas, realizar an\u00e1lisis, generar informes r\u00e1pidos, personalizables y s\u00f3lidos, y exportar im\u00e1genes al formato de su elecci\u00f3n en la nube. Y podr\u00e1 integrar con Fluke Connect, el sistema integrado de software y herramientas de mantenimiento m\u00e1s grande del mundo.<\/p>\n","protected":false},"excerpt":{"rendered":"<ul>\n<li>La pantalla de 5,7 pulgadas proporciona un \u00e1rea de visualizaci\u00f3n 150 % mayor que una pantalla est\u00e1ndar de 3,5 pulgadas<\/li>\n<li>La pantalla giratoria de 240 grados proporciona flexibilidad de disparo inigualable<\/li>\n<li>El dise\u00f1o ergon\u00f3mico y la correa para el cuello hacen que los largos d\u00edas de inspecciones sean mucho m\u00e1s f\u00e1ciles<\/li>\n<li>El enfoque autom\u00e1tico LaserSharp\u00ae calcula la distancia al objetivo designado con una precisi\u00f3n milim\u00e9trica=&#8221;1<\/li>\n<li>El enfoque MultiSharp\u2122 proporciona im\u00e1genes enfocadas de manera autom\u00e1tica en todo el campo de visi\u00f3n, lo que elimina dr\u00e1sticamente la posibilidad de un diagn\u00f3stico err\u00f3neo<\/li>\n<li>La tecnolog\u00eda IR-Fusion\u00ae permite ajustar f\u00e1cilmente la combinaci\u00f3n de im\u00e1genes infrarrojas y visibles<\/li>\n<li>Fluke Connect\u00ae conecta su c\u00e1mara a la red de herramientas inal\u00e1mbricas de prueba y de medici\u00f3n de Fluke<\/li>\n<li>Obtenga los datos de p\u00edxeles 4 veces m\u00e1s ampliados con SuperResolution, que captura m\u00faltiples im\u00e1genes y las combina para crear una imagen de 1280 x 960<\/li>\n<li>Reduzca la necesidad de tomar notas en terreno con dos \u00fatiles funciones:<\/li>\n<li>Sistema de anotaci\u00f3n IR-PhotoNotes\u2122: captura im\u00e1genes digitales de la zona circundante a las condiciones de referencia o a la ubicaci\u00f3n real<\/li>\n<li>Tambi\u00e9n es posible guardar detalles adicionales en el archivo con la anotaci\u00f3n de voz<\/li>\n<li>Resalte las \u00e1reas que est\u00e1n fuera de los rangos de temperatura que estableci\u00f3 previamente como &#8220;normales de manera r\u00e1pida con alarmas de colores<\/li>\n<li>La compatibilidad de los software MATLAB\u00ae y LabVIEW\u00ae permite que los usuarios integren los datos y los videos e im\u00e1genes infrarrojas desde la c\u00e1mara para respaldar los an\u00e1lisis de I+D.<\/li>\n<li>Nuevo software de escritorio Fluke Connect SmartView incluido:<\/li>\n<li>Optimice las im\u00e1genes t\u00e9rmicas, realice an\u00e1lisis, genere informes r\u00e1pidos, personalizados y s\u00f3lidos, y exporte im\u00e1genes al formato de su elecci\u00f3n en la nube<\/li>\n<li>Lentes opcionales previamente calibradas:<\/li>\n<li>Gran angular, teleobjetivo de 2x y 4x y macro de 25 micras que permiten capturar im\u00e1genes de cerca o de lejos<\/li>\n<\/ul>\n","protected":false},"featured_media":8930,"template":"","meta":{"_acf_changed":false},"pwb-brand":[31],"product_brand":[],"product_cat":[366,131,185,187,30],"product_tag":[],"class_list":{"0":"post-8083","1":"product","2":"type-product","3":"status-publish","4":"has-post-thumbnail","6":"pwb-brand-fluke","7":"product_cat-todos-los-productos","8":"product_cat-camaras-termograficas","9":"product_cat-camaras-termograficas-articuladas","10":"product_cat-camaras-termograficas-portatiles","11":"product_cat-fluke","13":"first","14":"instock","15":"taxable","16":"shipping-taxable","17":"product-type-simple"},"acf":[],"yoast_head":"<!-- This site is optimized with the Yoast SEO plugin v27.4 - https:\/\/yoast.com\/product\/yoast-seo-wordpress\/ -->\n<title>C\u00e1mara infrarroja Fluke TiX580 - Techmaster de Mexico<\/title>\n<meta name=\"robots\" content=\"index, follow, max-snippet:-1, max-image-preview:large, max-video-preview:-1\" \/>\n<link rel=\"canonical\" href=\"https:\/\/techmasterdemexico.com\/producto\/camara-infrarroja-fluke-tix580\/\" \/>\n<meta property=\"og:locale\" content=\"en_US\" \/>\n<meta property=\"og:type\" content=\"article\" \/>\n<meta property=\"og:title\" content=\"C\u00e1mara infrarroja Fluke TiX580 - Techmaster de Mexico\" \/>\n<meta property=\"og:description\" content=\"La pantalla de 5,7 pulgadas proporciona un \u00e1rea de visualizaci\u00f3n 150 % mayor que una pantalla est\u00e1ndar de 3,5 pulgadas   La pantalla giratoria de 240 grados proporciona flexibilidad de disparo inigualable   El dise\u00f1o ergon\u00f3mico y la correa para el cuello hacen que los largos d\u00edas de inspecciones sean mucho m\u00e1s f\u00e1ciles   El enfoque autom\u00e1tico LaserSharp\u00ae calcula la distancia al objetivo designado con una precisi\u00f3n milim\u00e9trica=&quot;1   El enfoque MultiSharp\u2122 proporciona im\u00e1genes enfocadas de manera autom\u00e1tica en todo el campo de visi\u00f3n, lo que elimina dr\u00e1sticamente la posibilidad de un diagn\u00f3stico err\u00f3neo   La tecnolog\u00eda IR-Fusion\u00ae permite ajustar f\u00e1cilmente la combinaci\u00f3n de im\u00e1genes infrarrojas y visibles   Fluke Connect\u00ae conecta su c\u00e1mara a la red de herramientas inal\u00e1mbricas de prueba y de medici\u00f3n de Fluke   Obtenga los datos de p\u00edxeles 4 veces m\u00e1s ampliados con SuperResolution, que captura m\u00faltiples im\u00e1genes y las combina para crear una imagen de 1280 x 960   Reduzca la necesidad de tomar notas en terreno con dos \u00fatiles funciones:   Sistema de anotaci\u00f3n IR-PhotoNotes\u2122: captura im\u00e1genes digitales de la zona circundante a las condiciones de referencia o a la ubicaci\u00f3n real   Tambi\u00e9n es posible guardar detalles adicionales en el archivo con la anotaci\u00f3n de voz   Resalte las \u00e1reas que est\u00e1n fuera de los rangos de temperatura que estableci\u00f3 previamente como &quot;normales de manera r\u00e1pida con alarmas de colores   La compatibilidad de los software MATLAB\u00ae y LabVIEW\u00ae permite que los usuarios integren los datos y los videos e im\u00e1genes infrarrojas desde la c\u00e1mara para respaldar los an\u00e1lisis de I+D.   Nuevo software de escritorio Fluke Connect SmartView incluido:   Optimice las im\u00e1genes t\u00e9rmicas, realice an\u00e1lisis, genere informes r\u00e1pidos, personalizados y s\u00f3lidos, y exporte im\u00e1genes al formato de su elecci\u00f3n en la nube   Lentes opcionales previamente calibradas:   Gran angular, teleobjetivo de 2x y 4x y macro de 25 micras que permiten capturar im\u00e1genes de cerca o de lejos\" \/>\n<meta property=\"og:url\" content=\"https:\/\/techmasterdemexico.com\/producto\/camara-infrarroja-fluke-tix580\/\" \/>\n<meta property=\"og:site_name\" content=\"Techmaster de Mexico\" \/>\n<meta property=\"article:modified_time\" content=\"2021-12-28T22:11:11+00:00\" \/>\n<meta property=\"og:image\" content=\"https:\/\/techmasterdemexico.com\/wp-content\/uploads\/2021\/08\/1-48.jpg\" \/>\n\t<meta property=\"og:image:width\" content=\"500\" \/>\n\t<meta property=\"og:image:height\" content=\"500\" \/>\n\t<meta property=\"og:image:type\" content=\"image\/jpeg\" \/>\n<meta name=\"twitter:card\" content=\"summary_large_image\" \/>\n<meta name=\"twitter:label1\" content=\"Est. reading time\" \/>\n\t<meta name=\"twitter:data1\" content=\"1 minute\" \/>\n<script type=\"application\/ld+json\" class=\"yoast-schema-graph\">{\"@context\":\"https:\\\/\\\/schema.org\",\"@graph\":[{\"@type\":\"WebPage\",\"@id\":\"https:\\\/\\\/techmasterdemexico.com\\\/producto\\\/camara-infrarroja-fluke-tix580\\\/\",\"url\":\"https:\\\/\\\/techmasterdemexico.com\\\/producto\\\/camara-infrarroja-fluke-tix580\\\/\",\"name\":\"C\u00e1mara infrarroja Fluke TiX580 - Techmaster de Mexico\",\"isPartOf\":{\"@id\":\"https:\\\/\\\/techmasterdemexico.com\\\/#website\"},\"primaryImageOfPage\":{\"@id\":\"https:\\\/\\\/techmasterdemexico.com\\\/producto\\\/camara-infrarroja-fluke-tix580\\\/#primaryimage\"},\"image\":{\"@id\":\"https:\\\/\\\/techmasterdemexico.com\\\/producto\\\/camara-infrarroja-fluke-tix580\\\/#primaryimage\"},\"thumbnailUrl\":\"https:\\\/\\\/techmasterdemexico.com\\\/wp-content\\\/uploads\\\/2021\\\/08\\\/1-48.jpg\",\"datePublished\":\"2021-08-19T17:42:37+00:00\",\"dateModified\":\"2021-12-28T22:11:11+00:00\",\"breadcrumb\":{\"@id\":\"https:\\\/\\\/techmasterdemexico.com\\\/producto\\\/camara-infrarroja-fluke-tix580\\\/#breadcrumb\"},\"inLanguage\":\"en-US\",\"potentialAction\":[{\"@type\":\"ReadAction\",\"target\":[\"https:\\\/\\\/techmasterdemexico.com\\\/producto\\\/camara-infrarroja-fluke-tix580\\\/\"]}]},{\"@type\":\"ImageObject\",\"inLanguage\":\"en-US\",\"@id\":\"https:\\\/\\\/techmasterdemexico.com\\\/producto\\\/camara-infrarroja-fluke-tix580\\\/#primaryimage\",\"url\":\"https:\\\/\\\/techmasterdemexico.com\\\/wp-content\\\/uploads\\\/2021\\\/08\\\/1-48.jpg\",\"contentUrl\":\"https:\\\/\\\/techmasterdemexico.com\\\/wp-content\\\/uploads\\\/2021\\\/08\\\/1-48.jpg\",\"width\":500,\"height\":500},{\"@type\":\"BreadcrumbList\",\"@id\":\"https:\\\/\\\/techmasterdemexico.com\\\/producto\\\/camara-infrarroja-fluke-tix580\\\/#breadcrumb\",\"itemListElement\":[{\"@type\":\"ListItem\",\"position\":1,\"name\":\"Portada\",\"item\":\"https:\\\/\\\/techmasterdemexico.com\\\/\"},{\"@type\":\"ListItem\",\"position\":2,\"name\":\"C\u00e1mara infrarroja Fluke TiX580\"}]},{\"@type\":\"WebSite\",\"@id\":\"https:\\\/\\\/techmasterdemexico.com\\\/#website\",\"url\":\"https:\\\/\\\/techmasterdemexico.com\\\/\",\"name\":\"Techmaster de Mexico\",\"description\":\"\",\"potentialAction\":[{\"@type\":\"SearchAction\",\"target\":{\"@type\":\"EntryPoint\",\"urlTemplate\":\"https:\\\/\\\/techmasterdemexico.com\\\/?s={search_term_string}\"},\"query-input\":{\"@type\":\"PropertyValueSpecification\",\"valueRequired\":true,\"valueName\":\"search_term_string\"}}],\"inLanguage\":\"en-US\"}]}<\/script>\n<!-- \/ Yoast SEO plugin. -->","yoast_head_json":{"title":"C\u00e1mara infrarroja Fluke TiX580 - Techmaster de Mexico","robots":{"index":"index","follow":"follow","max-snippet":"max-snippet:-1","max-image-preview":"max-image-preview:large","max-video-preview":"max-video-preview:-1"},"canonical":"https:\/\/techmasterdemexico.com\/producto\/camara-infrarroja-fluke-tix580\/","og_locale":"en_US","og_type":"article","og_title":"C\u00e1mara infrarroja Fluke TiX580 - Techmaster de Mexico","og_description":"La pantalla de 5,7 pulgadas proporciona un \u00e1rea de visualizaci\u00f3n 150 % mayor que una pantalla est\u00e1ndar de 3,5 pulgadas   La pantalla giratoria de 240 grados proporciona flexibilidad de disparo inigualable   El dise\u00f1o ergon\u00f3mico y la correa para el cuello hacen que los largos d\u00edas de inspecciones sean mucho m\u00e1s f\u00e1ciles   El enfoque autom\u00e1tico LaserSharp\u00ae calcula la distancia al objetivo designado con una precisi\u00f3n milim\u00e9trica=\"1   El enfoque MultiSharp\u2122 proporciona im\u00e1genes enfocadas de manera autom\u00e1tica en todo el campo de visi\u00f3n, lo que elimina dr\u00e1sticamente la posibilidad de un diagn\u00f3stico err\u00f3neo   La tecnolog\u00eda IR-Fusion\u00ae permite ajustar f\u00e1cilmente la combinaci\u00f3n de im\u00e1genes infrarrojas y visibles   Fluke Connect\u00ae conecta su c\u00e1mara a la red de herramientas inal\u00e1mbricas de prueba y de medici\u00f3n de Fluke   Obtenga los datos de p\u00edxeles 4 veces m\u00e1s ampliados con SuperResolution, que captura m\u00faltiples im\u00e1genes y las combina para crear una imagen de 1280 x 960   Reduzca la necesidad de tomar notas en terreno con dos \u00fatiles funciones:   Sistema de anotaci\u00f3n IR-PhotoNotes\u2122: captura im\u00e1genes digitales de la zona circundante a las condiciones de referencia o a la ubicaci\u00f3n real   Tambi\u00e9n es posible guardar detalles adicionales en el archivo con la anotaci\u00f3n de voz   Resalte las \u00e1reas que est\u00e1n fuera de los rangos de temperatura que estableci\u00f3 previamente como \"normales de manera r\u00e1pida con alarmas de colores   La compatibilidad de los software MATLAB\u00ae y LabVIEW\u00ae permite que los usuarios integren los datos y los videos e im\u00e1genes infrarrojas desde la c\u00e1mara para respaldar los an\u00e1lisis de I+D.   Nuevo software de escritorio Fluke Connect SmartView incluido:   Optimice las im\u00e1genes t\u00e9rmicas, realice an\u00e1lisis, genere informes r\u00e1pidos, personalizados y s\u00f3lidos, y exporte im\u00e1genes al formato de su elecci\u00f3n en la nube   Lentes opcionales previamente calibradas:   Gran angular, teleobjetivo de 2x y 4x y macro de 25 micras que permiten capturar im\u00e1genes de cerca o de lejos","og_url":"https:\/\/techmasterdemexico.com\/producto\/camara-infrarroja-fluke-tix580\/","og_site_name":"Techmaster de Mexico","article_modified_time":"2021-12-28T22:11:11+00:00","og_image":[{"width":500,"height":500,"url":"https:\/\/techmasterdemexico.com\/wp-content\/uploads\/2021\/08\/1-48.jpg","type":"image\/jpeg"}],"twitter_card":"summary_large_image","twitter_misc":{"Est. reading time":"1 minute"},"schema":{"@context":"https:\/\/schema.org","@graph":[{"@type":"WebPage","@id":"https:\/\/techmasterdemexico.com\/producto\/camara-infrarroja-fluke-tix580\/","url":"https:\/\/techmasterdemexico.com\/producto\/camara-infrarroja-fluke-tix580\/","name":"C\u00e1mara infrarroja Fluke TiX580 - Techmaster de Mexico","isPartOf":{"@id":"https:\/\/techmasterdemexico.com\/#website"},"primaryImageOfPage":{"@id":"https:\/\/techmasterdemexico.com\/producto\/camara-infrarroja-fluke-tix580\/#primaryimage"},"image":{"@id":"https:\/\/techmasterdemexico.com\/producto\/camara-infrarroja-fluke-tix580\/#primaryimage"},"thumbnailUrl":"https:\/\/techmasterdemexico.com\/wp-content\/uploads\/2021\/08\/1-48.jpg","datePublished":"2021-08-19T17:42:37+00:00","dateModified":"2021-12-28T22:11:11+00:00","breadcrumb":{"@id":"https:\/\/techmasterdemexico.com\/producto\/camara-infrarroja-fluke-tix580\/#breadcrumb"},"inLanguage":"en-US","potentialAction":[{"@type":"ReadAction","target":["https:\/\/techmasterdemexico.com\/producto\/camara-infrarroja-fluke-tix580\/"]}]},{"@type":"ImageObject","inLanguage":"en-US","@id":"https:\/\/techmasterdemexico.com\/producto\/camara-infrarroja-fluke-tix580\/#primaryimage","url":"https:\/\/techmasterdemexico.com\/wp-content\/uploads\/2021\/08\/1-48.jpg","contentUrl":"https:\/\/techmasterdemexico.com\/wp-content\/uploads\/2021\/08\/1-48.jpg","width":500,"height":500},{"@type":"BreadcrumbList","@id":"https:\/\/techmasterdemexico.com\/producto\/camara-infrarroja-fluke-tix580\/#breadcrumb","itemListElement":[{"@type":"ListItem","position":1,"name":"Portada","item":"https:\/\/techmasterdemexico.com\/"},{"@type":"ListItem","position":2,"name":"C\u00e1mara infrarroja Fluke TiX580"}]},{"@type":"WebSite","@id":"https:\/\/techmasterdemexico.com\/#website","url":"https:\/\/techmasterdemexico.com\/","name":"Techmaster de Mexico","description":"","potentialAction":[{"@type":"SearchAction","target":{"@type":"EntryPoint","urlTemplate":"https:\/\/techmasterdemexico.com\/?s={search_term_string}"},"query-input":{"@type":"PropertyValueSpecification","valueRequired":true,"valueName":"search_term_string"}}],"inLanguage":"en-US"}]}},"brands":[{"id":31,"name":"Fluke","slug":"fluke"}],"_links":{"self":[{"href":"https:\/\/techmasterdemexico.com\/en\/wp-json\/wp\/v2\/product\/8083","targetHints":{"allow":["GET"]}}],"collection":[{"href":"https:\/\/techmasterdemexico.com\/en\/wp-json\/wp\/v2\/product"}],"about":[{"href":"https:\/\/techmasterdemexico.com\/en\/wp-json\/wp\/v2\/types\/product"}],"wp:featuredmedia":[{"embeddable":true,"href":"https:\/\/techmasterdemexico.com\/en\/wp-json\/wp\/v2\/media\/8930"}],"wp:attachment":[{"href":"https:\/\/techmasterdemexico.com\/en\/wp-json\/wp\/v2\/media?parent=8083"}],"wp:term":[{"taxonomy":"pwb-brand","embeddable":true,"href":"https:\/\/techmasterdemexico.com\/en\/wp-json\/wp\/v2\/pwb-brand?post=8083"},{"taxonomy":"product_brand","embeddable":true,"href":"https:\/\/techmasterdemexico.com\/en\/wp-json\/wp\/v2\/product_brand?post=8083"},{"taxonomy":"product_cat","embeddable":true,"href":"https:\/\/techmasterdemexico.com\/en\/wp-json\/wp\/v2\/product_cat?post=8083"},{"taxonomy":"product_tag","embeddable":true,"href":"https:\/\/techmasterdemexico.com\/en\/wp-json\/wp\/v2\/product_tag?post=8083"}],"curies":[{"name":"wp","href":"https:\/\/api.w.org\/{rel}","templated":true}]}}