{"id":8082,"date":"2021-08-19T17:42:37","date_gmt":"2021-08-19T17:42:37","guid":{"rendered":"http:\/\/techmastermx.ddns.net\/producto\/fluke-ti480-pro-infrared-camera\/"},"modified":"2021-12-28T22:12:29","modified_gmt":"2021-12-28T22:12:29","slug":"fluke-ti480-pro-infrared-camera","status":"publish","type":"product","link":"https:\/\/techmasterdemexico.com\/en\/producto\/fluke-ti480-pro-infrared-camera\/","title":{"rendered":"Fluke Ti480 PRO Infrared Camera"},"content":{"rendered":"<p>Fluke Ti480 PRO Infrared Camera<\/p>\n<p>Mayor sensibilidad para visualizar diferencias<\/p>\n<ul>\n<li>Capture las diferencias de temperatura m\u00e1s peque\u00f1as gracias a la mayor sensibilidad t\u00e9rmica<\/li>\n<\/ul>\n<p>Facilita la visualizaci\u00f3n y el diagn\u00f3stico de problemas<\/p>\n<ul>\n<li>Im\u00e1genes en pantalla m\u00e1s n\u00edtidas con mayor diferenciaci\u00f3n visual del color<\/li>\n<li>Vea las desviaciones de las temperaturas est\u00e1ndar e informe de los problemas a su equipo con m\u00faltiples marcadores Delta- T; elija uno como punto de referencia y los otros para mostrar un valor como diferencia<\/li>\n<li>M\u00faltiples marcadores de rect\u00e1ngulo en la c\u00e1mara que permiten identificar las temperaturas m\u00ednimas\/m\u00e1ximas para un \u00e1rea con un equipo o un conjunto de equipos<\/li>\n<li>Distinga las diferencias de temperatura con mayor facilidad gracias a una nueva paleta y a una gama m\u00e1s amplia de verdes y amarillos en la pantalla<\/li>\n<\/ul>\n<p>Interfaz visual m\u00e1s intuitiva<\/p>\n<ul>\n<li>Interfaz de pantalla t\u00e1ctil mejorada, probada por el usuario, moderna y m\u00e1s intuitiva que nunca<\/li>\n<\/ul>\n<p>Mayor flexibilidad para visualizar objetos grandes y muy peque\u00f1os<\/p>\n<ul>\n<li>Ahora compatible con todas las lentes inteligentes infrarrojas de Fluke<\/li>\n<li>Lentes macro, teleobjetivo y gran angular: capture tanto objetos grandes como muy peque\u00f1os<\/li>\n<li>Las lentes inteligentes de Fluke son intercambiables entre c\u00e1maras compatibles sin calibraci\u00f3n<\/li>\n<li>Compatible con lentes inteligentes teleobjetivo, gran angular y macro<\/li>\n<\/ul>\n<p>Con la c\u00e1mara Ti480 PRO, la preocupaci\u00f3n por el enfoque ha pasado a la historia. El enfoque MultiSharp\u2122 captura im\u00e1genes enfocadas a lo largo de todo el campo de visi\u00f3n, incluso si se parte de un objetivo completamente desenfocado. La c\u00e1mara toma diversas im\u00e1genes y las combina para proporcionarle una imagen clara y bien enfocada de los objetos pr\u00f3ximos y lejanos. Vea m\u00e1s detalle con el modo SuperResolution, que cuadriplica los datos en p\u00edxeles. Con el software y el modo SuperResolution puede ver im\u00e1genes con una resoluci\u00f3n de hasta 1280 x 960.<\/p>\n<p>Ahorre tiempo con el sistema Fluke Connect\u00ae<\/p>\n<p>Puede sincronizar las im\u00e1genes de forma inal\u00e1mbrica directamente entre su c\u00e1mara y el sistema Fluke Connect\u00ae y adjuntarlas a un registro de activos u orden de trabajo. El acceso a los registros de mantenimiento simult\u00e1neamente en el lugar de inspecci\u00f3n y desde la oficina o un lugar remoto permite agilizar la toma de decisiones y la colaboraci\u00f3n en tiempo real entre los miembros del equipo. Tambi\u00e9n puede transmitir en directo la pantalla de la c\u00e1mara a su smartphone o PC y controlar la c\u00e1mara de forma remota.<\/p>\n","protected":false},"excerpt":{"rendered":"<ul>\n<li>Mayor sensibilidad para visualizar diferencias de temperatura<\/li>\n<li>Detecci\u00f3n y diagn\u00f3stico mejorados de problemas con im\u00e1genes en pantalla m\u00e1s n\u00edtidas, marcadores con m\u00faltiples rect\u00e1ngulos y 9 paletas de color<\/li>\n<li>Interfaz visual m\u00e1s intuitiva, interfaz de pantalla t\u00e1ctil mejorada y probada por el usuario<\/li>\n<li>Mayor flexibilidad para visualizar objetos grandes y diminutos, lentes inteligentes intercambiables, no requiere calibraci\u00f3n, compatibilidad con lentes teleobjetivo 2x y 4x, gran angular y macro<\/li>\n<li>Con el enfoque MultiSharp\u2122, capture una imagen clara y bien enfocada a lo largo de todo el campo de visi\u00f3n<\/li>\n<li>Obtenga una imagen instant\u00e1nea y enfocada del objetivo. El enfoque autom\u00e1tico LaserSharp\u00ae usa un medidor l\u00e1ser de distancia integrado que calcula y muestra la distancia hasta el objetivo.<\/li>\n<li>Cuadruplique los datos en p\u00edxeles con el modo SuperResolution, que captura m\u00faltiples im\u00e1genes y las combina para crear una imagen de 1280 x 960<\/li>\n<li>Ahorre tiempo; sincronice las im\u00e1genes de forma inal\u00e1mbrica directamente entre su c\u00e1mara y el sistema Fluke Connect\u00ae, y adj\u00fantelas a un registro de activos u orden de trabajo<\/li>\n<li>Evite tener que tomar notas en el terreno con IR-PhotoNotes\u2122 y las anotaciones de voz<\/li>\n<\/ul>\n","protected":false},"featured_media":8926,"template":"","meta":{"_acf_changed":false},"pwb-brand":[31],"product_brand":[],"product_cat":[366,131,187,30],"product_tag":[],"class_list":{"0":"post-8082","1":"product","2":"type-product","3":"status-publish","4":"has-post-thumbnail","6":"pwb-brand-fluke","7":"product_cat-todos-los-productos","8":"product_cat-camaras-termograficas","9":"product_cat-camaras-termograficas-portatiles","10":"product_cat-fluke","12":"first","13":"instock","14":"taxable","15":"shipping-taxable","16":"product-type-simple"},"acf":[],"yoast_head":"<!-- This site is optimized with the Yoast SEO plugin v27.4 - https:\/\/yoast.com\/product\/yoast-seo-wordpress\/ -->\n<title>Fluke Ti480 PRO Infrared Camera - Techmaster de Mexico<\/title>\n<meta name=\"robots\" content=\"index, follow, max-snippet:-1, max-image-preview:large, max-video-preview:-1\" \/>\n<link rel=\"canonical\" href=\"https:\/\/techmasterdemexico.com\/producto\/fluke-ti480-pro-infrared-camera\/\" \/>\n<meta property=\"og:locale\" content=\"en_US\" \/>\n<meta property=\"og:type\" content=\"article\" \/>\n<meta property=\"og:title\" content=\"Fluke Ti480 PRO Infrared Camera - Techmaster de Mexico\" \/>\n<meta property=\"og:description\" content=\"Mayor sensibilidad para visualizar diferencias de temperatura   Detecci\u00f3n y diagn\u00f3stico mejorados de problemas con im\u00e1genes en pantalla m\u00e1s n\u00edtidas, marcadores con m\u00faltiples rect\u00e1ngulos y 9 paletas de color   Interfaz visual m\u00e1s intuitiva, interfaz de pantalla t\u00e1ctil mejorada y probada por el usuario   Mayor flexibilidad para visualizar objetos grandes y diminutos, lentes inteligentes intercambiables, no requiere calibraci\u00f3n, compatibilidad con lentes teleobjetivo 2x y 4x, gran angular y macro   Con el enfoque MultiSharp\u2122, capture una imagen clara y bien enfocada a lo largo de todo el campo de visi\u00f3n   Obtenga una imagen instant\u00e1nea y enfocada del objetivo. El enfoque autom\u00e1tico LaserSharp\u00ae usa un medidor l\u00e1ser de distancia integrado que calcula y muestra la distancia hasta el objetivo.   Cuadruplique los datos en p\u00edxeles con el modo SuperResolution, que captura m\u00faltiples im\u00e1genes y las combina para crear una imagen de 1280 x 960   Ahorre tiempo; sincronice las im\u00e1genes de forma inal\u00e1mbrica directamente entre su c\u00e1mara y el sistema Fluke Connect\u00ae, y adj\u00fantelas a un registro de activos u orden de trabajo   Evite tener que tomar notas en el terreno con IR-PhotoNotes\u2122 y las anotaciones de voz\" \/>\n<meta property=\"og:url\" content=\"https:\/\/techmasterdemexico.com\/producto\/fluke-ti480-pro-infrared-camera\/\" \/>\n<meta property=\"og:site_name\" content=\"Techmaster de Mexico\" \/>\n<meta property=\"article:modified_time\" content=\"2021-12-28T22:12:29+00:00\" \/>\n<meta property=\"og:image\" content=\"https:\/\/techmasterdemexico.com\/wp-content\/uploads\/2021\/08\/1-47.jpg\" \/>\n\t<meta property=\"og:image:width\" content=\"500\" \/>\n\t<meta property=\"og:image:height\" content=\"500\" \/>\n\t<meta property=\"og:image:type\" content=\"image\/jpeg\" \/>\n<meta name=\"twitter:card\" content=\"summary_large_image\" \/>\n<meta name=\"twitter:label1\" content=\"Est. reading time\" \/>\n\t<meta name=\"twitter:data1\" content=\"2 minutes\" \/>\n<script type=\"application\/ld+json\" class=\"yoast-schema-graph\">{\"@context\":\"https:\\\/\\\/schema.org\",\"@graph\":[{\"@type\":\"WebPage\",\"@id\":\"https:\\\/\\\/techmasterdemexico.com\\\/producto\\\/fluke-ti480-pro-infrared-camera\\\/\",\"url\":\"https:\\\/\\\/techmasterdemexico.com\\\/producto\\\/fluke-ti480-pro-infrared-camera\\\/\",\"name\":\"Fluke Ti480 PRO Infrared Camera - Techmaster de Mexico\",\"isPartOf\":{\"@id\":\"https:\\\/\\\/techmasterdemexico.com\\\/#website\"},\"primaryImageOfPage\":{\"@id\":\"https:\\\/\\\/techmasterdemexico.com\\\/producto\\\/fluke-ti480-pro-infrared-camera\\\/#primaryimage\"},\"image\":{\"@id\":\"https:\\\/\\\/techmasterdemexico.com\\\/producto\\\/fluke-ti480-pro-infrared-camera\\\/#primaryimage\"},\"thumbnailUrl\":\"https:\\\/\\\/techmasterdemexico.com\\\/wp-content\\\/uploads\\\/2021\\\/08\\\/1-47.jpg\",\"datePublished\":\"2021-08-19T17:42:37+00:00\",\"dateModified\":\"2021-12-28T22:12:29+00:00\",\"breadcrumb\":{\"@id\":\"https:\\\/\\\/techmasterdemexico.com\\\/producto\\\/fluke-ti480-pro-infrared-camera\\\/#breadcrumb\"},\"inLanguage\":\"en-US\",\"potentialAction\":[{\"@type\":\"ReadAction\",\"target\":[\"https:\\\/\\\/techmasterdemexico.com\\\/producto\\\/fluke-ti480-pro-infrared-camera\\\/\"]}]},{\"@type\":\"ImageObject\",\"inLanguage\":\"en-US\",\"@id\":\"https:\\\/\\\/techmasterdemexico.com\\\/producto\\\/fluke-ti480-pro-infrared-camera\\\/#primaryimage\",\"url\":\"https:\\\/\\\/techmasterdemexico.com\\\/wp-content\\\/uploads\\\/2021\\\/08\\\/1-47.jpg\",\"contentUrl\":\"https:\\\/\\\/techmasterdemexico.com\\\/wp-content\\\/uploads\\\/2021\\\/08\\\/1-47.jpg\",\"width\":500,\"height\":500},{\"@type\":\"BreadcrumbList\",\"@id\":\"https:\\\/\\\/techmasterdemexico.com\\\/producto\\\/fluke-ti480-pro-infrared-camera\\\/#breadcrumb\",\"itemListElement\":[{\"@type\":\"ListItem\",\"position\":1,\"name\":\"Portada\",\"item\":\"https:\\\/\\\/techmasterdemexico.com\\\/\"},{\"@type\":\"ListItem\",\"position\":2,\"name\":\"Fluke Ti480 PRO Infrared Camera\"}]},{\"@type\":\"WebSite\",\"@id\":\"https:\\\/\\\/techmasterdemexico.com\\\/#website\",\"url\":\"https:\\\/\\\/techmasterdemexico.com\\\/\",\"name\":\"Techmaster de Mexico\",\"description\":\"\",\"potentialAction\":[{\"@type\":\"SearchAction\",\"target\":{\"@type\":\"EntryPoint\",\"urlTemplate\":\"https:\\\/\\\/techmasterdemexico.com\\\/?s={search_term_string}\"},\"query-input\":{\"@type\":\"PropertyValueSpecification\",\"valueRequired\":true,\"valueName\":\"search_term_string\"}}],\"inLanguage\":\"en-US\"}]}<\/script>\n<!-- \/ Yoast SEO plugin. -->","yoast_head_json":{"title":"Fluke Ti480 PRO Infrared Camera - Techmaster de Mexico","robots":{"index":"index","follow":"follow","max-snippet":"max-snippet:-1","max-image-preview":"max-image-preview:large","max-video-preview":"max-video-preview:-1"},"canonical":"https:\/\/techmasterdemexico.com\/producto\/fluke-ti480-pro-infrared-camera\/","og_locale":"en_US","og_type":"article","og_title":"Fluke Ti480 PRO Infrared Camera - Techmaster de Mexico","og_description":"Mayor sensibilidad para visualizar diferencias de temperatura   Detecci\u00f3n y diagn\u00f3stico mejorados de problemas con im\u00e1genes en pantalla m\u00e1s n\u00edtidas, marcadores con m\u00faltiples rect\u00e1ngulos y 9 paletas de color   Interfaz visual m\u00e1s intuitiva, interfaz de pantalla t\u00e1ctil mejorada y probada por el usuario   Mayor flexibilidad para visualizar objetos grandes y diminutos, lentes inteligentes intercambiables, no requiere calibraci\u00f3n, compatibilidad con lentes teleobjetivo 2x y 4x, gran angular y macro   Con el enfoque MultiSharp\u2122, capture una imagen clara y bien enfocada a lo largo de todo el campo de visi\u00f3n   Obtenga una imagen instant\u00e1nea y enfocada del objetivo. El enfoque autom\u00e1tico LaserSharp\u00ae usa un medidor l\u00e1ser de distancia integrado que calcula y muestra la distancia hasta el objetivo.   Cuadruplique los datos en p\u00edxeles con el modo SuperResolution, que captura m\u00faltiples im\u00e1genes y las combina para crear una imagen de 1280 x 960   Ahorre tiempo; sincronice las im\u00e1genes de forma inal\u00e1mbrica directamente entre su c\u00e1mara y el sistema Fluke Connect\u00ae, y adj\u00fantelas a un registro de activos u orden de trabajo   Evite tener que tomar notas en el terreno con IR-PhotoNotes\u2122 y las anotaciones de voz","og_url":"https:\/\/techmasterdemexico.com\/producto\/fluke-ti480-pro-infrared-camera\/","og_site_name":"Techmaster de Mexico","article_modified_time":"2021-12-28T22:12:29+00:00","og_image":[{"width":500,"height":500,"url":"https:\/\/techmasterdemexico.com\/wp-content\/uploads\/2021\/08\/1-47.jpg","type":"image\/jpeg"}],"twitter_card":"summary_large_image","twitter_misc":{"Est. reading time":"2 minutes"},"schema":{"@context":"https:\/\/schema.org","@graph":[{"@type":"WebPage","@id":"https:\/\/techmasterdemexico.com\/producto\/fluke-ti480-pro-infrared-camera\/","url":"https:\/\/techmasterdemexico.com\/producto\/fluke-ti480-pro-infrared-camera\/","name":"Fluke Ti480 PRO Infrared Camera - Techmaster de Mexico","isPartOf":{"@id":"https:\/\/techmasterdemexico.com\/#website"},"primaryImageOfPage":{"@id":"https:\/\/techmasterdemexico.com\/producto\/fluke-ti480-pro-infrared-camera\/#primaryimage"},"image":{"@id":"https:\/\/techmasterdemexico.com\/producto\/fluke-ti480-pro-infrared-camera\/#primaryimage"},"thumbnailUrl":"https:\/\/techmasterdemexico.com\/wp-content\/uploads\/2021\/08\/1-47.jpg","datePublished":"2021-08-19T17:42:37+00:00","dateModified":"2021-12-28T22:12:29+00:00","breadcrumb":{"@id":"https:\/\/techmasterdemexico.com\/producto\/fluke-ti480-pro-infrared-camera\/#breadcrumb"},"inLanguage":"en-US","potentialAction":[{"@type":"ReadAction","target":["https:\/\/techmasterdemexico.com\/producto\/fluke-ti480-pro-infrared-camera\/"]}]},{"@type":"ImageObject","inLanguage":"en-US","@id":"https:\/\/techmasterdemexico.com\/producto\/fluke-ti480-pro-infrared-camera\/#primaryimage","url":"https:\/\/techmasterdemexico.com\/wp-content\/uploads\/2021\/08\/1-47.jpg","contentUrl":"https:\/\/techmasterdemexico.com\/wp-content\/uploads\/2021\/08\/1-47.jpg","width":500,"height":500},{"@type":"BreadcrumbList","@id":"https:\/\/techmasterdemexico.com\/producto\/fluke-ti480-pro-infrared-camera\/#breadcrumb","itemListElement":[{"@type":"ListItem","position":1,"name":"Portada","item":"https:\/\/techmasterdemexico.com\/"},{"@type":"ListItem","position":2,"name":"Fluke Ti480 PRO Infrared Camera"}]},{"@type":"WebSite","@id":"https:\/\/techmasterdemexico.com\/#website","url":"https:\/\/techmasterdemexico.com\/","name":"Techmaster de Mexico","description":"","potentialAction":[{"@type":"SearchAction","target":{"@type":"EntryPoint","urlTemplate":"https:\/\/techmasterdemexico.com\/?s={search_term_string}"},"query-input":{"@type":"PropertyValueSpecification","valueRequired":true,"valueName":"search_term_string"}}],"inLanguage":"en-US"}]}},"brands":[{"id":31,"name":"Fluke","slug":"fluke"}],"_links":{"self":[{"href":"https:\/\/techmasterdemexico.com\/en\/wp-json\/wp\/v2\/product\/8082","targetHints":{"allow":["GET"]}}],"collection":[{"href":"https:\/\/techmasterdemexico.com\/en\/wp-json\/wp\/v2\/product"}],"about":[{"href":"https:\/\/techmasterdemexico.com\/en\/wp-json\/wp\/v2\/types\/product"}],"wp:featuredmedia":[{"embeddable":true,"href":"https:\/\/techmasterdemexico.com\/en\/wp-json\/wp\/v2\/media\/8926"}],"wp:attachment":[{"href":"https:\/\/techmasterdemexico.com\/en\/wp-json\/wp\/v2\/media?parent=8082"}],"wp:term":[{"taxonomy":"pwb-brand","embeddable":true,"href":"https:\/\/techmasterdemexico.com\/en\/wp-json\/wp\/v2\/pwb-brand?post=8082"},{"taxonomy":"product_brand","embeddable":true,"href":"https:\/\/techmasterdemexico.com\/en\/wp-json\/wp\/v2\/product_brand?post=8082"},{"taxonomy":"product_cat","embeddable":true,"href":"https:\/\/techmasterdemexico.com\/en\/wp-json\/wp\/v2\/product_cat?post=8082"},{"taxonomy":"product_tag","embeddable":true,"href":"https:\/\/techmasterdemexico.com\/en\/wp-json\/wp\/v2\/product_tag?post=8082"}],"curies":[{"name":"wp","href":"https:\/\/api.w.org\/{rel}","templated":true}]}}