{"id":8081,"date":"2021-08-19T17:42:36","date_gmt":"2021-08-19T17:42:36","guid":{"rendered":"http:\/\/techmastermx.ddns.net\/producto\/camara-termografica-fluke-ti300\/"},"modified":"2021-12-28T22:11:12","modified_gmt":"2021-12-28T22:11:12","slug":"camara-termografica-fluke-ti300","status":"publish","type":"product","link":"https:\/\/techmasterdemexico.com\/en\/producto\/camara-termografica-fluke-ti300\/","title":{"rendered":"C\u00e1mara termogr\u00e1fica Fluke Ti300+"},"content":{"rendered":"<p>C\u00e1mara termogr\u00e1fica Fluke Ti300+<\/p>\n<p>Dirigir un equipo de mantenimiento industrial requiere una combinaci\u00f3n \u00fanica de habilidades de comunicaci\u00f3n, conocimiento sobre la industria y competencia t\u00e9cnica. La implementaci\u00f3n del trabajo est\u00e1ndar y de un programa de mantenimiento preventivo es mucho m\u00e1s que meramente \u00fatil para el negocio, ya que tambi\u00e9n une al equipo para conseguir el objetivo com\u00fan de mantener la planta en continuo funcionamiento de forma segura y eficaz. Elegir los instrumentos adecuados puede marcar una gran diferencia en el \u00e9xito de este tipo de programas.<\/p>\n<p>La Fluke Ti300+ ayuda a los equipos a descubrir los problemas antes de que se materialicen. Cuenta con la resoluci\u00f3n y la precisi\u00f3n necesarias para desvelar con claridad diferenciales de temperatura o poner de manifiesto los cambios de calor progresivos a lo largo del tiempo. Con el enfoque autom\u00e1tico LaserSharp\u2122, la Ti300+ garantiza im\u00e1genes enfocadas en todo momento. Con solo tocar un bot\u00f3n, podr\u00e1 utilizar un medidor l\u00e1ser de distancia integrado para calcular y mostrar la distancia hasta el objetivo deseado en la pantalla de la c\u00e1mara y enfocar la imagen. Y lo que es m\u00e1s importante, las lecturas de temperatura de las im\u00e1genes enfocadas ser\u00e1n muy precisas. Permita que su equipo obtenga im\u00e1genes n\u00edtidas a una distancia segura de los equipos que est\u00e1n en funcionamiento.<\/p>\n<p>Para que las im\u00e1genes t\u00e9rmicas pongan de manifiesto un problema, debe conocer el equipo y comprender las sutiles diferencias entre las temperaturas de funcionamiento normales y an\u00f3malas. Tambi\u00e9n debe confiar en su capacidad para capturar im\u00e1genes t\u00e9rmicas precisas, y contar con una c\u00e1mara termogr\u00e1fica Fluke Ti300+ con enfoque autom\u00e1tico LaserSharp hace que todo sea mucho m\u00e1s f\u00e1cil. Por \u00faltimo, necesita una c\u00e1mara termogr\u00e1fica que sea lo suficientemente resistente como para capturar im\u00e1genes infrarrojas incluso si se cae (hasta dos metros).<\/p>\n","protected":false},"excerpt":{"rendered":"<ul>\n<li>Resoluci\u00f3n de 320 x 240<\/li>\n<li>Resiste ca\u00eddas desde 2 m<\/li>\n<li>Autofocus\u2122 LaserSharp<\/li>\n<li>Enfoque manual o autom\u00e1tico<\/li>\n<li>Mide hasta 650 \u00b0C<\/li>\n<\/ul>\n","protected":false},"featured_media":8944,"template":"","meta":{"_acf_changed":false},"pwb-brand":[31],"product_brand":[],"product_cat":[366,131,187,30],"product_tag":[],"class_list":{"0":"post-8081","1":"product","2":"type-product","3":"status-publish","4":"has-post-thumbnail","6":"pwb-brand-fluke","7":"product_cat-todos-los-productos","8":"product_cat-camaras-termograficas","9":"product_cat-camaras-termograficas-portatiles","10":"product_cat-fluke","12":"first","13":"instock","14":"taxable","15":"shipping-taxable","16":"product-type-simple"},"acf":[],"yoast_head":"<!-- This site is optimized with the Yoast SEO plugin v27.4 - https:\/\/yoast.com\/product\/yoast-seo-wordpress\/ -->\n<title>C\u00e1mara termogr\u00e1fica Fluke Ti300+ - Techmaster de Mexico<\/title>\n<meta name=\"robots\" content=\"index, follow, max-snippet:-1, max-image-preview:large, max-video-preview:-1\" \/>\n<link rel=\"canonical\" href=\"https:\/\/techmasterdemexico.com\/producto\/camara-termografica-fluke-ti300\/\" \/>\n<meta property=\"og:locale\" content=\"en_US\" \/>\n<meta property=\"og:type\" content=\"article\" \/>\n<meta property=\"og:title\" content=\"C\u00e1mara termogr\u00e1fica Fluke Ti300+ - Techmaster de Mexico\" \/>\n<meta property=\"og:description\" content=\"Resoluci\u00f3n de 320 x 240   Resiste ca\u00eddas desde 2 m   Autofocus\u2122 LaserSharp   Enfoque manual o autom\u00e1tico   Mide hasta 650 \u00b0C\" \/>\n<meta property=\"og:url\" content=\"https:\/\/techmasterdemexico.com\/producto\/camara-termografica-fluke-ti300\/\" \/>\n<meta property=\"og:site_name\" content=\"Techmaster de Mexico\" \/>\n<meta property=\"article:modified_time\" content=\"2021-12-28T22:11:12+00:00\" \/>\n<meta property=\"og:image\" content=\"https:\/\/techmasterdemexico.com\/wp-content\/uploads\/2021\/08\/1-50.jpg\" \/>\n\t<meta property=\"og:image:width\" content=\"500\" \/>\n\t<meta property=\"og:image:height\" content=\"500\" \/>\n\t<meta property=\"og:image:type\" content=\"image\/jpeg\" \/>\n<meta name=\"twitter:card\" content=\"summary_large_image\" \/>\n<meta name=\"twitter:label1\" content=\"Est. reading time\" \/>\n\t<meta name=\"twitter:data1\" content=\"2 minutes\" \/>\n<script type=\"application\/ld+json\" class=\"yoast-schema-graph\">{\"@context\":\"https:\\\/\\\/schema.org\",\"@graph\":[{\"@type\":\"WebPage\",\"@id\":\"https:\\\/\\\/techmasterdemexico.com\\\/producto\\\/camara-termografica-fluke-ti300\\\/\",\"url\":\"https:\\\/\\\/techmasterdemexico.com\\\/producto\\\/camara-termografica-fluke-ti300\\\/\",\"name\":\"C\u00e1mara termogr\u00e1fica Fluke Ti300+ - Techmaster de Mexico\",\"isPartOf\":{\"@id\":\"https:\\\/\\\/techmasterdemexico.com\\\/#website\"},\"primaryImageOfPage\":{\"@id\":\"https:\\\/\\\/techmasterdemexico.com\\\/producto\\\/camara-termografica-fluke-ti300\\\/#primaryimage\"},\"image\":{\"@id\":\"https:\\\/\\\/techmasterdemexico.com\\\/producto\\\/camara-termografica-fluke-ti300\\\/#primaryimage\"},\"thumbnailUrl\":\"https:\\\/\\\/techmasterdemexico.com\\\/wp-content\\\/uploads\\\/2021\\\/08\\\/1-50.jpg\",\"datePublished\":\"2021-08-19T17:42:36+00:00\",\"dateModified\":\"2021-12-28T22:11:12+00:00\",\"breadcrumb\":{\"@id\":\"https:\\\/\\\/techmasterdemexico.com\\\/producto\\\/camara-termografica-fluke-ti300\\\/#breadcrumb\"},\"inLanguage\":\"en-US\",\"potentialAction\":[{\"@type\":\"ReadAction\",\"target\":[\"https:\\\/\\\/techmasterdemexico.com\\\/producto\\\/camara-termografica-fluke-ti300\\\/\"]}]},{\"@type\":\"ImageObject\",\"inLanguage\":\"en-US\",\"@id\":\"https:\\\/\\\/techmasterdemexico.com\\\/producto\\\/camara-termografica-fluke-ti300\\\/#primaryimage\",\"url\":\"https:\\\/\\\/techmasterdemexico.com\\\/wp-content\\\/uploads\\\/2021\\\/08\\\/1-50.jpg\",\"contentUrl\":\"https:\\\/\\\/techmasterdemexico.com\\\/wp-content\\\/uploads\\\/2021\\\/08\\\/1-50.jpg\",\"width\":500,\"height\":500},{\"@type\":\"BreadcrumbList\",\"@id\":\"https:\\\/\\\/techmasterdemexico.com\\\/producto\\\/camara-termografica-fluke-ti300\\\/#breadcrumb\",\"itemListElement\":[{\"@type\":\"ListItem\",\"position\":1,\"name\":\"Portada\",\"item\":\"https:\\\/\\\/techmasterdemexico.com\\\/\"},{\"@type\":\"ListItem\",\"position\":2,\"name\":\"C\u00e1mara termogr\u00e1fica Fluke Ti300+\"}]},{\"@type\":\"WebSite\",\"@id\":\"https:\\\/\\\/techmasterdemexico.com\\\/#website\",\"url\":\"https:\\\/\\\/techmasterdemexico.com\\\/\",\"name\":\"Techmaster de Mexico\",\"description\":\"\",\"potentialAction\":[{\"@type\":\"SearchAction\",\"target\":{\"@type\":\"EntryPoint\",\"urlTemplate\":\"https:\\\/\\\/techmasterdemexico.com\\\/?s={search_term_string}\"},\"query-input\":{\"@type\":\"PropertyValueSpecification\",\"valueRequired\":true,\"valueName\":\"search_term_string\"}}],\"inLanguage\":\"en-US\"}]}<\/script>\n<!-- \/ Yoast SEO plugin. -->","yoast_head_json":{"title":"C\u00e1mara termogr\u00e1fica Fluke Ti300+ - Techmaster de Mexico","robots":{"index":"index","follow":"follow","max-snippet":"max-snippet:-1","max-image-preview":"max-image-preview:large","max-video-preview":"max-video-preview:-1"},"canonical":"https:\/\/techmasterdemexico.com\/producto\/camara-termografica-fluke-ti300\/","og_locale":"en_US","og_type":"article","og_title":"C\u00e1mara termogr\u00e1fica Fluke Ti300+ - Techmaster de Mexico","og_description":"Resoluci\u00f3n de 320 x 240   Resiste ca\u00eddas desde 2 m   Autofocus\u2122 LaserSharp   Enfoque manual o autom\u00e1tico   Mide hasta 650 \u00b0C","og_url":"https:\/\/techmasterdemexico.com\/producto\/camara-termografica-fluke-ti300\/","og_site_name":"Techmaster de Mexico","article_modified_time":"2021-12-28T22:11:12+00:00","og_image":[{"width":500,"height":500,"url":"https:\/\/techmasterdemexico.com\/wp-content\/uploads\/2021\/08\/1-50.jpg","type":"image\/jpeg"}],"twitter_card":"summary_large_image","twitter_misc":{"Est. reading time":"2 minutes"},"schema":{"@context":"https:\/\/schema.org","@graph":[{"@type":"WebPage","@id":"https:\/\/techmasterdemexico.com\/producto\/camara-termografica-fluke-ti300\/","url":"https:\/\/techmasterdemexico.com\/producto\/camara-termografica-fluke-ti300\/","name":"C\u00e1mara termogr\u00e1fica Fluke Ti300+ - Techmaster de Mexico","isPartOf":{"@id":"https:\/\/techmasterdemexico.com\/#website"},"primaryImageOfPage":{"@id":"https:\/\/techmasterdemexico.com\/producto\/camara-termografica-fluke-ti300\/#primaryimage"},"image":{"@id":"https:\/\/techmasterdemexico.com\/producto\/camara-termografica-fluke-ti300\/#primaryimage"},"thumbnailUrl":"https:\/\/techmasterdemexico.com\/wp-content\/uploads\/2021\/08\/1-50.jpg","datePublished":"2021-08-19T17:42:36+00:00","dateModified":"2021-12-28T22:11:12+00:00","breadcrumb":{"@id":"https:\/\/techmasterdemexico.com\/producto\/camara-termografica-fluke-ti300\/#breadcrumb"},"inLanguage":"en-US","potentialAction":[{"@type":"ReadAction","target":["https:\/\/techmasterdemexico.com\/producto\/camara-termografica-fluke-ti300\/"]}]},{"@type":"ImageObject","inLanguage":"en-US","@id":"https:\/\/techmasterdemexico.com\/producto\/camara-termografica-fluke-ti300\/#primaryimage","url":"https:\/\/techmasterdemexico.com\/wp-content\/uploads\/2021\/08\/1-50.jpg","contentUrl":"https:\/\/techmasterdemexico.com\/wp-content\/uploads\/2021\/08\/1-50.jpg","width":500,"height":500},{"@type":"BreadcrumbList","@id":"https:\/\/techmasterdemexico.com\/producto\/camara-termografica-fluke-ti300\/#breadcrumb","itemListElement":[{"@type":"ListItem","position":1,"name":"Portada","item":"https:\/\/techmasterdemexico.com\/"},{"@type":"ListItem","position":2,"name":"C\u00e1mara termogr\u00e1fica Fluke Ti300+"}]},{"@type":"WebSite","@id":"https:\/\/techmasterdemexico.com\/#website","url":"https:\/\/techmasterdemexico.com\/","name":"Techmaster de Mexico","description":"","potentialAction":[{"@type":"SearchAction","target":{"@type":"EntryPoint","urlTemplate":"https:\/\/techmasterdemexico.com\/?s={search_term_string}"},"query-input":{"@type":"PropertyValueSpecification","valueRequired":true,"valueName":"search_term_string"}}],"inLanguage":"en-US"}]}},"brands":[{"id":31,"name":"Fluke","slug":"fluke"}],"_links":{"self":[{"href":"https:\/\/techmasterdemexico.com\/en\/wp-json\/wp\/v2\/product\/8081","targetHints":{"allow":["GET"]}}],"collection":[{"href":"https:\/\/techmasterdemexico.com\/en\/wp-json\/wp\/v2\/product"}],"about":[{"href":"https:\/\/techmasterdemexico.com\/en\/wp-json\/wp\/v2\/types\/product"}],"wp:featuredmedia":[{"embeddable":true,"href":"https:\/\/techmasterdemexico.com\/en\/wp-json\/wp\/v2\/media\/8944"}],"wp:attachment":[{"href":"https:\/\/techmasterdemexico.com\/en\/wp-json\/wp\/v2\/media?parent=8081"}],"wp:term":[{"taxonomy":"pwb-brand","embeddable":true,"href":"https:\/\/techmasterdemexico.com\/en\/wp-json\/wp\/v2\/pwb-brand?post=8081"},{"taxonomy":"product_brand","embeddable":true,"href":"https:\/\/techmasterdemexico.com\/en\/wp-json\/wp\/v2\/product_brand?post=8081"},{"taxonomy":"product_cat","embeddable":true,"href":"https:\/\/techmasterdemexico.com\/en\/wp-json\/wp\/v2\/product_cat?post=8081"},{"taxonomy":"product_tag","embeddable":true,"href":"https:\/\/techmasterdemexico.com\/en\/wp-json\/wp\/v2\/product_tag?post=8081"}],"curies":[{"name":"wp","href":"https:\/\/api.w.org\/{rel}","templated":true}]}}