{"id":8080,"date":"2021-08-19T17:42:36","date_gmt":"2021-08-19T17:42:36","guid":{"rendered":"http:\/\/techmastermx.ddns.net\/producto\/camara-termografica-de-bolsillo-fluke-pti120\/"},"modified":"2021-12-28T22:11:12","modified_gmt":"2021-12-28T22:11:12","slug":"camara-termografica-de-bolsillo-fluke-pti120","status":"publish","type":"product","link":"https:\/\/techmasterdemexico.com\/en\/producto\/camara-termografica-de-bolsillo-fluke-pti120\/","title":{"rendered":"C\u00e1mara termogr\u00e1fica de bolsillo Fluke PTi120"},"content":{"rendered":"<p>C\u00e1mara termogr\u00e1fica de bolsillo Fluke PTi120<\/p>\n<p>C\u00e1mara termogr\u00e1fica de bolsillo para mantenimiento, instalaci\u00f3n y servicio<\/p>\n<p>En el lugar adecuado. En el momento adecuado. Con el instrumento adecuado.<\/p>\n<p>Cuanto mayor es el problema, con m\u00e1s rapidez hay que solucionarlo. La nueva c\u00e1mara termogr\u00e1fica de bolsillo de Fluke pone al alcance de todos la posibilidad de minimizar el tiempo de inactividad. La primera l\u00ednea de defensa para facilitar la resoluci\u00f3n de problemas. Deje de apagar incendios en sus tareas de mantenimiento y empiece a prevenirlos.<\/p>\n<p>Perfecta para el trabajo, porque hace su trabajo.<\/p>\n<p>Una c\u00e1mara con el tama\u00f1o ideal para llevarla a diario con comodidad. Siempre a mano. Resiste la suciedad y el agua. Puede resistir ca\u00eddas desde 1 m de altura. Ya tiene a su disposici\u00f3n un instrumento de bolsillo que ofrece inspecciones termogr\u00e1ficas mejoradas para comprobar con rapidez la temperatura en equipos el\u00e9ctricos, maquinaria y otros activos.<\/p>\n<p>Guarde autom\u00e1ticamente las im\u00e1genes termogr\u00e1ficas en las carpetas adecuadas.<\/p>\n<p>Gracias a la funci\u00f3n de etiquetado de activos de Fluke Connect, el engorroso proceso de ordenar y organizar las im\u00e1genes infrarrojas ha pasado a la historia. Basta con escanear el c\u00f3digo QR o el c\u00f3digo de barras de su activo o m\u00e1quina para que la imagen infrarroja y todos los registros de la fecha y la hora se guarden en las carpetas que haya establecido previamente. Env\u00edelo todo mediante Wi-Fi o desc\u00e1rguelo autom\u00e1ticamente cuando se conecte a la red o al ordenador por USB. El tiempo importa. Ahora puede guardar, buscar y notificar problemas de forma m\u00e1s eficiente antes de que se conviertan en aut\u00e9nticos quebraderos de cabeza.<\/p>\n<p>Obtenga el nivel de infrarrojos que desee en cada momento.<\/p>\n<p>La pantalla t\u00e1ctil LCD de 3,5 pulgadas le ofrece IR-Fusion\u2122, que combina una imagen de luz visible y una imagen infrarroja para localizar problemas con m\u00e1s facilidad. Solo tiene que deslizar el dedo por la pantalla para ajustar la configuraci\u00f3n.<\/p>\n","protected":false},"excerpt":{"rendered":"<p>Obtenga toda la capacidad infrarroja necesaria para la resoluci\u00f3n de problemas.<\/p>\n<ul>\n<li>Organice y archive autom\u00e1ticamente im\u00e1genes t\u00e9rmicas con la funci\u00f3n de etiquetado de activos del Fluke Connect<\/li>\n<li>La c\u00e1mara termogr\u00e1fica completamente radiom\u00e9trica le ofrece datos de medidas con una resoluci\u00f3n de infrarrojos de 120 x 90 (10.800 p\u00edxeles)<\/li>\n<li>Pantalla t\u00e1ctil LCD de 3,5 pulgadas para facilitar la resoluci\u00f3n de problemas<\/li>\n<li>Rango de medida de temperatura de -20\u00b0C a 150\u00b0C<\/li>\n<li>Paletas de seis colores<\/li>\n<li>Puede resistir ca\u00eddas desde 1 m de altura<\/li>\n<li>Protecci\u00f3n de la carcasa IP54<\/li>\n<\/ul>\n","protected":false},"featured_media":8936,"template":"","meta":{"_acf_changed":false},"pwb-brand":[31],"product_brand":[],"product_cat":[366,131,187,30],"product_tag":[],"class_list":{"0":"post-8080","1":"product","2":"type-product","3":"status-publish","4":"has-post-thumbnail","6":"pwb-brand-fluke","7":"product_cat-todos-los-productos","8":"product_cat-camaras-termograficas","9":"product_cat-camaras-termograficas-portatiles","10":"product_cat-fluke","12":"first","13":"instock","14":"taxable","15":"shipping-taxable","16":"product-type-simple"},"acf":[],"yoast_head":"<!-- This site is optimized with the Yoast SEO plugin v27.4 - https:\/\/yoast.com\/product\/yoast-seo-wordpress\/ -->\n<title>C\u00e1mara termogr\u00e1fica de bolsillo Fluke PTi120 - Techmaster de Mexico<\/title>\n<meta name=\"robots\" content=\"index, follow, max-snippet:-1, max-image-preview:large, max-video-preview:-1\" \/>\n<link rel=\"canonical\" href=\"https:\/\/techmasterdemexico.com\/producto\/camara-termografica-de-bolsillo-fluke-pti120\/\" \/>\n<meta property=\"og:locale\" content=\"en_US\" \/>\n<meta property=\"og:type\" content=\"article\" \/>\n<meta property=\"og:title\" content=\"C\u00e1mara termogr\u00e1fica de bolsillo Fluke PTi120 - Techmaster de Mexico\" \/>\n<meta property=\"og:description\" content=\"Obtenga toda la capacidad infrarroja necesaria para la resoluci\u00f3n de problemas.    Organice y archive autom\u00e1ticamente im\u00e1genes t\u00e9rmicas con la funci\u00f3n de etiquetado de activos del Fluke Connect   La c\u00e1mara termogr\u00e1fica completamente radiom\u00e9trica le ofrece datos de medidas con una resoluci\u00f3n de infrarrojos de 120 x 90 (10.800 p\u00edxeles)   Pantalla t\u00e1ctil LCD de 3,5 pulgadas para facilitar la resoluci\u00f3n de problemas   Rango de medida de temperatura de -20\u00b0C a 150\u00b0C   Paletas de seis colores   Puede resistir ca\u00eddas desde 1 m de altura   Protecci\u00f3n de la carcasa IP54\" \/>\n<meta property=\"og:url\" content=\"https:\/\/techmasterdemexico.com\/producto\/camara-termografica-de-bolsillo-fluke-pti120\/\" \/>\n<meta property=\"og:site_name\" content=\"Techmaster de Mexico\" \/>\n<meta property=\"article:modified_time\" content=\"2021-12-28T22:11:12+00:00\" \/>\n<meta property=\"og:image\" content=\"https:\/\/techmasterdemexico.com\/wp-content\/uploads\/2021\/08\/1-49.jpg\" \/>\n\t<meta property=\"og:image:width\" content=\"500\" \/>\n\t<meta property=\"og:image:height\" content=\"500\" \/>\n\t<meta property=\"og:image:type\" content=\"image\/jpeg\" \/>\n<meta name=\"twitter:card\" content=\"summary_large_image\" \/>\n<meta name=\"twitter:label1\" content=\"Est. reading time\" \/>\n\t<meta name=\"twitter:data1\" content=\"2 minutes\" \/>\n<script type=\"application\/ld+json\" class=\"yoast-schema-graph\">{\"@context\":\"https:\\\/\\\/schema.org\",\"@graph\":[{\"@type\":\"WebPage\",\"@id\":\"https:\\\/\\\/techmasterdemexico.com\\\/producto\\\/camara-termografica-de-bolsillo-fluke-pti120\\\/\",\"url\":\"https:\\\/\\\/techmasterdemexico.com\\\/producto\\\/camara-termografica-de-bolsillo-fluke-pti120\\\/\",\"name\":\"C\u00e1mara termogr\u00e1fica de bolsillo Fluke PTi120 - Techmaster de Mexico\",\"isPartOf\":{\"@id\":\"https:\\\/\\\/techmasterdemexico.com\\\/#website\"},\"primaryImageOfPage\":{\"@id\":\"https:\\\/\\\/techmasterdemexico.com\\\/producto\\\/camara-termografica-de-bolsillo-fluke-pti120\\\/#primaryimage\"},\"image\":{\"@id\":\"https:\\\/\\\/techmasterdemexico.com\\\/producto\\\/camara-termografica-de-bolsillo-fluke-pti120\\\/#primaryimage\"},\"thumbnailUrl\":\"https:\\\/\\\/techmasterdemexico.com\\\/wp-content\\\/uploads\\\/2021\\\/08\\\/1-49.jpg\",\"datePublished\":\"2021-08-19T17:42:36+00:00\",\"dateModified\":\"2021-12-28T22:11:12+00:00\",\"breadcrumb\":{\"@id\":\"https:\\\/\\\/techmasterdemexico.com\\\/producto\\\/camara-termografica-de-bolsillo-fluke-pti120\\\/#breadcrumb\"},\"inLanguage\":\"en-US\",\"potentialAction\":[{\"@type\":\"ReadAction\",\"target\":[\"https:\\\/\\\/techmasterdemexico.com\\\/producto\\\/camara-termografica-de-bolsillo-fluke-pti120\\\/\"]}]},{\"@type\":\"ImageObject\",\"inLanguage\":\"en-US\",\"@id\":\"https:\\\/\\\/techmasterdemexico.com\\\/producto\\\/camara-termografica-de-bolsillo-fluke-pti120\\\/#primaryimage\",\"url\":\"https:\\\/\\\/techmasterdemexico.com\\\/wp-content\\\/uploads\\\/2021\\\/08\\\/1-49.jpg\",\"contentUrl\":\"https:\\\/\\\/techmasterdemexico.com\\\/wp-content\\\/uploads\\\/2021\\\/08\\\/1-49.jpg\",\"width\":500,\"height\":500},{\"@type\":\"BreadcrumbList\",\"@id\":\"https:\\\/\\\/techmasterdemexico.com\\\/producto\\\/camara-termografica-de-bolsillo-fluke-pti120\\\/#breadcrumb\",\"itemListElement\":[{\"@type\":\"ListItem\",\"position\":1,\"name\":\"Portada\",\"item\":\"https:\\\/\\\/techmasterdemexico.com\\\/\"},{\"@type\":\"ListItem\",\"position\":2,\"name\":\"C\u00e1mara termogr\u00e1fica de bolsillo Fluke PTi120\"}]},{\"@type\":\"WebSite\",\"@id\":\"https:\\\/\\\/techmasterdemexico.com\\\/#website\",\"url\":\"https:\\\/\\\/techmasterdemexico.com\\\/\",\"name\":\"Techmaster de Mexico\",\"description\":\"\",\"potentialAction\":[{\"@type\":\"SearchAction\",\"target\":{\"@type\":\"EntryPoint\",\"urlTemplate\":\"https:\\\/\\\/techmasterdemexico.com\\\/?s={search_term_string}\"},\"query-input\":{\"@type\":\"PropertyValueSpecification\",\"valueRequired\":true,\"valueName\":\"search_term_string\"}}],\"inLanguage\":\"en-US\"}]}<\/script>\n<!-- \/ Yoast SEO plugin. -->","yoast_head_json":{"title":"C\u00e1mara termogr\u00e1fica de bolsillo Fluke PTi120 - Techmaster de Mexico","robots":{"index":"index","follow":"follow","max-snippet":"max-snippet:-1","max-image-preview":"max-image-preview:large","max-video-preview":"max-video-preview:-1"},"canonical":"https:\/\/techmasterdemexico.com\/producto\/camara-termografica-de-bolsillo-fluke-pti120\/","og_locale":"en_US","og_type":"article","og_title":"C\u00e1mara termogr\u00e1fica de bolsillo Fluke PTi120 - Techmaster de Mexico","og_description":"Obtenga toda la capacidad infrarroja necesaria para la resoluci\u00f3n de problemas.    Organice y archive autom\u00e1ticamente im\u00e1genes t\u00e9rmicas con la funci\u00f3n de etiquetado de activos del Fluke Connect   La c\u00e1mara termogr\u00e1fica completamente radiom\u00e9trica le ofrece datos de medidas con una resoluci\u00f3n de infrarrojos de 120 x 90 (10.800 p\u00edxeles)   Pantalla t\u00e1ctil LCD de 3,5 pulgadas para facilitar la resoluci\u00f3n de problemas   Rango de medida de temperatura de -20\u00b0C a 150\u00b0C   Paletas de seis colores   Puede resistir ca\u00eddas desde 1 m de altura   Protecci\u00f3n de la carcasa IP54","og_url":"https:\/\/techmasterdemexico.com\/producto\/camara-termografica-de-bolsillo-fluke-pti120\/","og_site_name":"Techmaster de Mexico","article_modified_time":"2021-12-28T22:11:12+00:00","og_image":[{"width":500,"height":500,"url":"https:\/\/techmasterdemexico.com\/wp-content\/uploads\/2021\/08\/1-49.jpg","type":"image\/jpeg"}],"twitter_card":"summary_large_image","twitter_misc":{"Est. reading time":"2 minutes"},"schema":{"@context":"https:\/\/schema.org","@graph":[{"@type":"WebPage","@id":"https:\/\/techmasterdemexico.com\/producto\/camara-termografica-de-bolsillo-fluke-pti120\/","url":"https:\/\/techmasterdemexico.com\/producto\/camara-termografica-de-bolsillo-fluke-pti120\/","name":"C\u00e1mara termogr\u00e1fica de bolsillo Fluke PTi120 - Techmaster de Mexico","isPartOf":{"@id":"https:\/\/techmasterdemexico.com\/#website"},"primaryImageOfPage":{"@id":"https:\/\/techmasterdemexico.com\/producto\/camara-termografica-de-bolsillo-fluke-pti120\/#primaryimage"},"image":{"@id":"https:\/\/techmasterdemexico.com\/producto\/camara-termografica-de-bolsillo-fluke-pti120\/#primaryimage"},"thumbnailUrl":"https:\/\/techmasterdemexico.com\/wp-content\/uploads\/2021\/08\/1-49.jpg","datePublished":"2021-08-19T17:42:36+00:00","dateModified":"2021-12-28T22:11:12+00:00","breadcrumb":{"@id":"https:\/\/techmasterdemexico.com\/producto\/camara-termografica-de-bolsillo-fluke-pti120\/#breadcrumb"},"inLanguage":"en-US","potentialAction":[{"@type":"ReadAction","target":["https:\/\/techmasterdemexico.com\/producto\/camara-termografica-de-bolsillo-fluke-pti120\/"]}]},{"@type":"ImageObject","inLanguage":"en-US","@id":"https:\/\/techmasterdemexico.com\/producto\/camara-termografica-de-bolsillo-fluke-pti120\/#primaryimage","url":"https:\/\/techmasterdemexico.com\/wp-content\/uploads\/2021\/08\/1-49.jpg","contentUrl":"https:\/\/techmasterdemexico.com\/wp-content\/uploads\/2021\/08\/1-49.jpg","width":500,"height":500},{"@type":"BreadcrumbList","@id":"https:\/\/techmasterdemexico.com\/producto\/camara-termografica-de-bolsillo-fluke-pti120\/#breadcrumb","itemListElement":[{"@type":"ListItem","position":1,"name":"Portada","item":"https:\/\/techmasterdemexico.com\/"},{"@type":"ListItem","position":2,"name":"C\u00e1mara termogr\u00e1fica de bolsillo Fluke PTi120"}]},{"@type":"WebSite","@id":"https:\/\/techmasterdemexico.com\/#website","url":"https:\/\/techmasterdemexico.com\/","name":"Techmaster de Mexico","description":"","potentialAction":[{"@type":"SearchAction","target":{"@type":"EntryPoint","urlTemplate":"https:\/\/techmasterdemexico.com\/?s={search_term_string}"},"query-input":{"@type":"PropertyValueSpecification","valueRequired":true,"valueName":"search_term_string"}}],"inLanguage":"en-US"}]}},"brands":[{"id":31,"name":"Fluke","slug":"fluke"}],"_links":{"self":[{"href":"https:\/\/techmasterdemexico.com\/en\/wp-json\/wp\/v2\/product\/8080","targetHints":{"allow":["GET"]}}],"collection":[{"href":"https:\/\/techmasterdemexico.com\/en\/wp-json\/wp\/v2\/product"}],"about":[{"href":"https:\/\/techmasterdemexico.com\/en\/wp-json\/wp\/v2\/types\/product"}],"wp:featuredmedia":[{"embeddable":true,"href":"https:\/\/techmasterdemexico.com\/en\/wp-json\/wp\/v2\/media\/8936"}],"wp:attachment":[{"href":"https:\/\/techmasterdemexico.com\/en\/wp-json\/wp\/v2\/media?parent=8080"}],"wp:term":[{"taxonomy":"pwb-brand","embeddable":true,"href":"https:\/\/techmasterdemexico.com\/en\/wp-json\/wp\/v2\/pwb-brand?post=8080"},{"taxonomy":"product_brand","embeddable":true,"href":"https:\/\/techmasterdemexico.com\/en\/wp-json\/wp\/v2\/product_brand?post=8080"},{"taxonomy":"product_cat","embeddable":true,"href":"https:\/\/techmasterdemexico.com\/en\/wp-json\/wp\/v2\/product_cat?post=8080"},{"taxonomy":"product_tag","embeddable":true,"href":"https:\/\/techmasterdemexico.com\/en\/wp-json\/wp\/v2\/product_tag?post=8080"}],"curies":[{"name":"wp","href":"https:\/\/api.w.org\/{rel}","templated":true}]}}