{"id":8077,"date":"2021-08-19T17:42:35","date_gmt":"2021-08-19T17:42:35","guid":{"rendered":"http:\/\/techmastermx.ddns.net\/producto\/multimetro-de-aislamiento-fluke-1577\/"},"modified":"2021-12-28T22:11:12","modified_gmt":"2021-12-28T22:11:12","slug":"multimetro-de-aislamiento-fluke-1577","status":"publish","type":"product","link":"https:\/\/techmasterdemexico.com\/en\/producto\/multimetro-de-aislamiento-fluke-1577\/","title":{"rendered":"Mult\u00edmetro de aislamiento Fluke 1577"},"content":{"rendered":"<p>Mult\u00edmetro de aislamiento Fluke 1577<\/p>\n<p>Dos potentes herramientas en una<\/p>\n<p>El mult\u00edmetro de aislamiento Fluke 1577 combina un title=&#8221;medidor manual digital de aislamiento con&#8221;&gt;un mult\u00edmetro digital de aislamiento con un completo mult\u00edmetro digital de verdadero valor eficaz en un \u00fanico dispositivo port\u00e1til compacto que proporciona la m\u00e1xima versatilidad para la soluci\u00f3n de problemas y el mantenimiento preventivo.<\/p>\n<p>El mult\u00edmetro de aislamiento Fluke 1577 es el complemento perfecto para trabajar con motores, generadores, cables o conmutadores, y cuentan con la rentable ventaja del precio al adquirirlos en conjunto y no por separado.<\/p>\n<p>&nbsp;<\/p>","protected":false},"excerpt":{"rendered":"<ul>\n<li>Voltajes de prueba de aislamiento de 500 V y 1000 V<\/li>\n<li>Prueba de aislamiento: de 0.1 M\u03a9 a 600 M\u03a9<\/li>\n<li>Descarga autom\u00e1tica de voltaje capacitivo<\/li>\n<li>Voltaje de CA o CC<\/li>\n<li>Milivoltios CC<\/li>\n<li>Miliamperios de CA\/CC<\/li>\n<li>Resistencia (0.1 \u03a9 a 50 M\u03a9)<\/li>\n<li>Continuidad<\/li>\n<li>Tres a\u00f1os de garant\u00eda<\/li>\n<li>Sonda remota, cables de prueba y pinzas de cocodrilo<\/li>\n<li>Robusto estuche r\u00edgido utilitario<\/li>\n<li>Apagado autom\u00e1tico para ahorrar carga de la bater\u00eda<\/li>\n<li>Verdadero valor eficaz<\/li>\n<li>Pantalla amplia retroiluminada<\/li>\n<li>Localizaci\u00f3n de voltaje en el circuito bajo prueba que anula la prueba si se detecta voltaje &gt; 30 V<\/li>\n<li>Categor\u00eda de medici\u00f3n CAT III, 1000V, CAT IV, 600V<\/li>\n<li>Acepta el sistema magn\u00e9tico opcional Fluke TPAK\u2122 para colgar el instrumento de modo que sus manos puedan realizar otros trabajos<\/li>\n<\/ul>\n","protected":false},"featured_media":8956,"template":"","meta":{"_acf_changed":false},"pwb-brand":[31],"product_brand":[],"product_cat":[366,81,30],"product_tag":[],"class_list":{"0":"post-8077","1":"product","2":"type-product","3":"status-publish","4":"has-post-thumbnail","6":"pwb-brand-fluke","7":"product_cat-todos-los-productos","8":"product_cat-comprobadores-de-aislamiento","9":"product_cat-fluke","11":"first","12":"instock","13":"taxable","14":"shipping-taxable","15":"product-type-simple"},"acf":[],"yoast_head":"<!-- This site is optimized with the Yoast SEO plugin v27.4 - https:\/\/yoast.com\/product\/yoast-seo-wordpress\/ -->\n<title>Mult\u00edmetro de aislamiento Fluke 1577 - Techmaster de Mexico<\/title>\n<meta name=\"robots\" content=\"index, follow, max-snippet:-1, max-image-preview:large, max-video-preview:-1\" \/>\n<link rel=\"canonical\" href=\"https:\/\/techmasterdemexico.com\/producto\/multimetro-de-aislamiento-fluke-1577\/\" \/>\n<meta property=\"og:locale\" content=\"en_US\" \/>\n<meta property=\"og:type\" content=\"article\" \/>\n<meta property=\"og:title\" content=\"Mult\u00edmetro de aislamiento Fluke 1577 - Techmaster de Mexico\" \/>\n<meta property=\"og:description\" content=\"Voltajes de prueba de aislamiento de 500 V y 1000 V   Prueba de aislamiento: de 0.1 M\u03a9 a 600 M\u03a9   Descarga autom\u00e1tica de voltaje capacitivo   Voltaje de CA o CC   Milivoltios CC   Miliamperios de CA\/CC   Resistencia (0.1 \u03a9 a 50 M\u03a9)   Continuidad   Tres a\u00f1os de garant\u00eda   Sonda remota, cables de prueba y pinzas de cocodrilo   Robusto estuche r\u00edgido utilitario   Apagado autom\u00e1tico para ahorrar carga de la bater\u00eda   Verdadero valor eficaz   Pantalla amplia retroiluminada   Localizaci\u00f3n de voltaje en el circuito bajo prueba que anula la prueba si se detecta voltaje &gt; 30 V   Categor\u00eda de medici\u00f3n CAT III, 1000V, CAT IV, 600V   Acepta el sistema magn\u00e9tico opcional Fluke TPAK\u2122 para colgar el instrumento de modo que sus manos puedan realizar otros trabajos\" \/>\n<meta property=\"og:url\" content=\"https:\/\/techmasterdemexico.com\/producto\/multimetro-de-aislamiento-fluke-1577\/\" \/>\n<meta property=\"og:site_name\" content=\"Techmaster de Mexico\" \/>\n<meta property=\"article:modified_time\" content=\"2021-12-28T22:11:12+00:00\" \/>\n<meta property=\"og:image\" content=\"https:\/\/techmasterdemexico.com\/wp-content\/uploads\/2021\/08\/1-52.jpg\" \/>\n\t<meta property=\"og:image:width\" content=\"500\" \/>\n\t<meta property=\"og:image:height\" content=\"500\" \/>\n\t<meta property=\"og:image:type\" content=\"image\/jpeg\" \/>\n<meta name=\"twitter:card\" content=\"summary_large_image\" \/>\n<meta name=\"twitter:label1\" content=\"Est. reading time\" \/>\n\t<meta name=\"twitter:data1\" content=\"1 minute\" \/>\n<script type=\"application\/ld+json\" class=\"yoast-schema-graph\">{\"@context\":\"https:\\\/\\\/schema.org\",\"@graph\":[{\"@type\":\"WebPage\",\"@id\":\"https:\\\/\\\/techmasterdemexico.com\\\/producto\\\/multimetro-de-aislamiento-fluke-1577\\\/\",\"url\":\"https:\\\/\\\/techmasterdemexico.com\\\/producto\\\/multimetro-de-aislamiento-fluke-1577\\\/\",\"name\":\"Mult\u00edmetro de aislamiento Fluke 1577 - Techmaster de Mexico\",\"isPartOf\":{\"@id\":\"https:\\\/\\\/techmasterdemexico.com\\\/#website\"},\"primaryImageOfPage\":{\"@id\":\"https:\\\/\\\/techmasterdemexico.com\\\/producto\\\/multimetro-de-aislamiento-fluke-1577\\\/#primaryimage\"},\"image\":{\"@id\":\"https:\\\/\\\/techmasterdemexico.com\\\/producto\\\/multimetro-de-aislamiento-fluke-1577\\\/#primaryimage\"},\"thumbnailUrl\":\"https:\\\/\\\/techmasterdemexico.com\\\/wp-content\\\/uploads\\\/2021\\\/08\\\/1-52.jpg\",\"datePublished\":\"2021-08-19T17:42:35+00:00\",\"dateModified\":\"2021-12-28T22:11:12+00:00\",\"breadcrumb\":{\"@id\":\"https:\\\/\\\/techmasterdemexico.com\\\/producto\\\/multimetro-de-aislamiento-fluke-1577\\\/#breadcrumb\"},\"inLanguage\":\"en-US\",\"potentialAction\":[{\"@type\":\"ReadAction\",\"target\":[\"https:\\\/\\\/techmasterdemexico.com\\\/producto\\\/multimetro-de-aislamiento-fluke-1577\\\/\"]}]},{\"@type\":\"ImageObject\",\"inLanguage\":\"en-US\",\"@id\":\"https:\\\/\\\/techmasterdemexico.com\\\/producto\\\/multimetro-de-aislamiento-fluke-1577\\\/#primaryimage\",\"url\":\"https:\\\/\\\/techmasterdemexico.com\\\/wp-content\\\/uploads\\\/2021\\\/08\\\/1-52.jpg\",\"contentUrl\":\"https:\\\/\\\/techmasterdemexico.com\\\/wp-content\\\/uploads\\\/2021\\\/08\\\/1-52.jpg\",\"width\":500,\"height\":500},{\"@type\":\"BreadcrumbList\",\"@id\":\"https:\\\/\\\/techmasterdemexico.com\\\/producto\\\/multimetro-de-aislamiento-fluke-1577\\\/#breadcrumb\",\"itemListElement\":[{\"@type\":\"ListItem\",\"position\":1,\"name\":\"Portada\",\"item\":\"https:\\\/\\\/techmasterdemexico.com\\\/\"},{\"@type\":\"ListItem\",\"position\":2,\"name\":\"Mult\u00edmetro de aislamiento Fluke 1577\"}]},{\"@type\":\"WebSite\",\"@id\":\"https:\\\/\\\/techmasterdemexico.com\\\/#website\",\"url\":\"https:\\\/\\\/techmasterdemexico.com\\\/\",\"name\":\"Techmaster de Mexico\",\"description\":\"\",\"potentialAction\":[{\"@type\":\"SearchAction\",\"target\":{\"@type\":\"EntryPoint\",\"urlTemplate\":\"https:\\\/\\\/techmasterdemexico.com\\\/?s={search_term_string}\"},\"query-input\":{\"@type\":\"PropertyValueSpecification\",\"valueRequired\":true,\"valueName\":\"search_term_string\"}}],\"inLanguage\":\"en-US\"}]}<\/script>\n<!-- \/ Yoast SEO plugin. -->","yoast_head_json":{"title":"Mult\u00edmetro de aislamiento Fluke 1577 - Techmaster de Mexico","robots":{"index":"index","follow":"follow","max-snippet":"max-snippet:-1","max-image-preview":"max-image-preview:large","max-video-preview":"max-video-preview:-1"},"canonical":"https:\/\/techmasterdemexico.com\/producto\/multimetro-de-aislamiento-fluke-1577\/","og_locale":"en_US","og_type":"article","og_title":"Mult\u00edmetro de aislamiento Fluke 1577 - Techmaster de Mexico","og_description":"Voltajes de prueba de aislamiento de 500 V y 1000 V   Prueba de aislamiento: de 0.1 M\u03a9 a 600 M\u03a9   Descarga autom\u00e1tica de voltaje capacitivo   Voltaje de CA o CC   Milivoltios CC   Miliamperios de CA\/CC   Resistencia (0.1 \u03a9 a 50 M\u03a9)   Continuidad   Tres a\u00f1os de garant\u00eda   Sonda remota, cables de prueba y pinzas de cocodrilo   Robusto estuche r\u00edgido utilitario   Apagado autom\u00e1tico para ahorrar carga de la bater\u00eda   Verdadero valor eficaz   Pantalla amplia retroiluminada   Localizaci\u00f3n de voltaje en el circuito bajo prueba que anula la prueba si se detecta voltaje &gt; 30 V   Categor\u00eda de medici\u00f3n CAT III, 1000V, CAT IV, 600V   Acepta el sistema magn\u00e9tico opcional Fluke TPAK\u2122 para colgar el instrumento de modo que sus manos puedan realizar otros trabajos","og_url":"https:\/\/techmasterdemexico.com\/producto\/multimetro-de-aislamiento-fluke-1577\/","og_site_name":"Techmaster de Mexico","article_modified_time":"2021-12-28T22:11:12+00:00","og_image":[{"width":500,"height":500,"url":"https:\/\/techmasterdemexico.com\/wp-content\/uploads\/2021\/08\/1-52.jpg","type":"image\/jpeg"}],"twitter_card":"summary_large_image","twitter_misc":{"Est. reading time":"1 minute"},"schema":{"@context":"https:\/\/schema.org","@graph":[{"@type":"WebPage","@id":"https:\/\/techmasterdemexico.com\/producto\/multimetro-de-aislamiento-fluke-1577\/","url":"https:\/\/techmasterdemexico.com\/producto\/multimetro-de-aislamiento-fluke-1577\/","name":"Mult\u00edmetro de aislamiento Fluke 1577 - Techmaster de Mexico","isPartOf":{"@id":"https:\/\/techmasterdemexico.com\/#website"},"primaryImageOfPage":{"@id":"https:\/\/techmasterdemexico.com\/producto\/multimetro-de-aislamiento-fluke-1577\/#primaryimage"},"image":{"@id":"https:\/\/techmasterdemexico.com\/producto\/multimetro-de-aislamiento-fluke-1577\/#primaryimage"},"thumbnailUrl":"https:\/\/techmasterdemexico.com\/wp-content\/uploads\/2021\/08\/1-52.jpg","datePublished":"2021-08-19T17:42:35+00:00","dateModified":"2021-12-28T22:11:12+00:00","breadcrumb":{"@id":"https:\/\/techmasterdemexico.com\/producto\/multimetro-de-aislamiento-fluke-1577\/#breadcrumb"},"inLanguage":"en-US","potentialAction":[{"@type":"ReadAction","target":["https:\/\/techmasterdemexico.com\/producto\/multimetro-de-aislamiento-fluke-1577\/"]}]},{"@type":"ImageObject","inLanguage":"en-US","@id":"https:\/\/techmasterdemexico.com\/producto\/multimetro-de-aislamiento-fluke-1577\/#primaryimage","url":"https:\/\/techmasterdemexico.com\/wp-content\/uploads\/2021\/08\/1-52.jpg","contentUrl":"https:\/\/techmasterdemexico.com\/wp-content\/uploads\/2021\/08\/1-52.jpg","width":500,"height":500},{"@type":"BreadcrumbList","@id":"https:\/\/techmasterdemexico.com\/producto\/multimetro-de-aislamiento-fluke-1577\/#breadcrumb","itemListElement":[{"@type":"ListItem","position":1,"name":"Portada","item":"https:\/\/techmasterdemexico.com\/"},{"@type":"ListItem","position":2,"name":"Mult\u00edmetro de aislamiento Fluke 1577"}]},{"@type":"WebSite","@id":"https:\/\/techmasterdemexico.com\/#website","url":"https:\/\/techmasterdemexico.com\/","name":"Techmaster de Mexico","description":"","potentialAction":[{"@type":"SearchAction","target":{"@type":"EntryPoint","urlTemplate":"https:\/\/techmasterdemexico.com\/?s={search_term_string}"},"query-input":{"@type":"PropertyValueSpecification","valueRequired":true,"valueName":"search_term_string"}}],"inLanguage":"en-US"}]}},"brands":[{"id":31,"name":"Fluke","slug":"fluke"}],"_links":{"self":[{"href":"https:\/\/techmasterdemexico.com\/en\/wp-json\/wp\/v2\/product\/8077","targetHints":{"allow":["GET"]}}],"collection":[{"href":"https:\/\/techmasterdemexico.com\/en\/wp-json\/wp\/v2\/product"}],"about":[{"href":"https:\/\/techmasterdemexico.com\/en\/wp-json\/wp\/v2\/types\/product"}],"wp:featuredmedia":[{"embeddable":true,"href":"https:\/\/techmasterdemexico.com\/en\/wp-json\/wp\/v2\/media\/8956"}],"wp:attachment":[{"href":"https:\/\/techmasterdemexico.com\/en\/wp-json\/wp\/v2\/media?parent=8077"}],"wp:term":[{"taxonomy":"pwb-brand","embeddable":true,"href":"https:\/\/techmasterdemexico.com\/en\/wp-json\/wp\/v2\/pwb-brand?post=8077"},{"taxonomy":"product_brand","embeddable":true,"href":"https:\/\/techmasterdemexico.com\/en\/wp-json\/wp\/v2\/product_brand?post=8077"},{"taxonomy":"product_cat","embeddable":true,"href":"https:\/\/techmasterdemexico.com\/en\/wp-json\/wp\/v2\/product_cat?post=8077"},{"taxonomy":"product_tag","embeddable":true,"href":"https:\/\/techmasterdemexico.com\/en\/wp-json\/wp\/v2\/product_tag?post=8077"}],"curies":[{"name":"wp","href":"https:\/\/api.w.org\/{rel}","templated":true}]}}