{"id":8075,"date":"2021-08-19T17:42:34","date_gmt":"2021-08-19T17:42:34","guid":{"rendered":"http:\/\/techmastermx.ddns.net\/producto\/comprobador-de-aislamiento-fluke-1550c-fc-5-kv\/"},"modified":"2021-12-28T22:11:14","modified_gmt":"2021-12-28T22:11:14","slug":"comprobador-de-aislamiento-fluke-1550c-fc-5-kv","status":"publish","type":"product","link":"https:\/\/techmasterdemexico.com\/en\/producto\/comprobador-de-aislamiento-fluke-1550c-fc-5-kv\/","title":{"rendered":"Comprobador de aislamiento Fluke 1550C FC 5 kV"},"content":{"rendered":"<p>Comprobador de aislamiento Fluke 1550C FC 5 kV<\/p>\n<p>Eval\u00fae las tendencias, elimine las dudas<\/p>\n<p>El medidor de resistencia de aislamiento Fluke 1550C permite realizar una comprobaci\u00f3n digital del aislamiento de hasta 5 kV, por lo que resultan id\u00f3neos para una amplia gama de equipos de alto voltaje, como disyuntores, motores, generadores y cables.<\/p>\n<p>Los medidores de aislamiento Fluke ahora pueden comprobar toda la gama de voltajes de prueba que se especifican en la norma IEEE 43-2000 con una garant\u00eda de 3 a\u00f1os, la mejor de su clase, y la categor\u00eda de seguridad CAT IV 600 V. Gracias al almacenamiento de las medidas y al interfaz para PC, el Fluke 1550C es el instrumento ideal para llevar a cabo el mantenimiento predictivo o preventivo, y se dise\u00f1aron para identificar las fallas potenciales de los equipos antes de que ocurran.<\/p>\n","protected":false},"excerpt":{"rendered":"<ul>\n<li>Mida voltajes de hasta 5 kV y ahorre tiempo al marcar tendencias inmediatamente solo con Fluke Connect\u00ae<\/li>\n<li>Categor\u00eda de seguridad el\u00e9ctrica CAT III 1000 V y CAT IV 600 V<\/li>\n<li>La funci\u00f3n de alerta indica al usuario que existe voltaje y proporciona una lectura de voltaje de hasta 600 V CA o CC para mayor seguridad del usuario<\/li>\n<li>Selecci\u00f3n de voltajes de prueba en escalones de 50 V desde 250 V hasta 1000 V, y escalones de 100 V por encima de los 1000 V.<\/li>\n<li>La memoria puede almacenar hasta 99 medidas y cada una de ellas cuenta con una etiqueta \u00fanica definida por el usuario para facilitar su uso.<\/li>\n<li>Las bater\u00edas de larga duraci\u00f3n permiten realizar 750 pruebas con cada carga<\/li>\n<li>C\u00e1lculo autom\u00e1tico del Radio de Absorci\u00f3n Diel\u00e9ctrico y del \u00cdndice de Polarizaci\u00f3n sin configuraciones adicionales<\/li>\n<li>El sistema de protecci\u00f3n elimina el efecto de fuga superficial en las mediciones de resistencia muy altas<\/li>\n<li>Pantalla LCD digital\/anal\u00f3gica de gran tama\u00f1o para una f\u00e1cil visualizaci\u00f3n<\/li>\n<li>Medici\u00f3n de capacitancia y de corriente de fuga<\/li>\n<li>Funci\u00f3n de rampa para las pruebas de ruptura del aislamiento<\/li>\n<li>Medida de resistencia de hasta 2 T?<\/li>\n<li>Posibilidad de ajuste del temporizador de hasta 99 minutos para comprobaciones programadas<\/li>\n<li>Garant\u00eda de 3 a\u00f1os<\/li>\n<\/ul>\n","protected":false},"featured_media":8967,"template":"","meta":{"_acf_changed":false},"pwb-brand":[31],"product_brand":[],"product_cat":[366,81,30],"product_tag":[],"class_list":{"0":"post-8075","1":"product","2":"type-product","3":"status-publish","4":"has-post-thumbnail","6":"pwb-brand-fluke","7":"product_cat-todos-los-productos","8":"product_cat-comprobadores-de-aislamiento","9":"product_cat-fluke","11":"first","12":"instock","13":"taxable","14":"shipping-taxable","15":"product-type-simple"},"acf":[],"yoast_head":"<!-- This site is optimized with the Yoast SEO plugin v27.4 - https:\/\/yoast.com\/product\/yoast-seo-wordpress\/ -->\n<title>Comprobador de aislamiento Fluke 1550C FC 5 kV - Techmaster de Mexico<\/title>\n<meta name=\"robots\" content=\"index, follow, max-snippet:-1, max-image-preview:large, max-video-preview:-1\" \/>\n<link rel=\"canonical\" href=\"https:\/\/techmasterdemexico.com\/producto\/comprobador-de-aislamiento-fluke-1550c-fc-5-kv\/\" \/>\n<meta property=\"og:locale\" content=\"en_US\" \/>\n<meta property=\"og:type\" content=\"article\" \/>\n<meta property=\"og:title\" content=\"Comprobador de aislamiento Fluke 1550C FC 5 kV - Techmaster de Mexico\" \/>\n<meta property=\"og:description\" content=\"Mida voltajes de hasta 5 kV y ahorre tiempo al marcar tendencias inmediatamente solo con Fluke Connect\u00ae   Categor\u00eda de seguridad el\u00e9ctrica CAT III 1000 V y CAT IV 600 V   La funci\u00f3n de alerta indica al usuario que existe voltaje y proporciona una lectura de voltaje de hasta 600 V CA o CC para mayor seguridad del usuario   Selecci\u00f3n de voltajes de prueba en escalones de 50 V desde 250 V hasta 1000 V, y escalones de 100 V por encima de los 1000 V.   La memoria puede almacenar hasta 99 medidas y cada una de ellas cuenta con una etiqueta \u00fanica definida por el usuario para facilitar su uso.   Las bater\u00edas de larga duraci\u00f3n permiten realizar 750 pruebas con cada carga   C\u00e1lculo autom\u00e1tico del Radio de Absorci\u00f3n Diel\u00e9ctrico y del \u00cdndice de Polarizaci\u00f3n sin configuraciones adicionales   El sistema de protecci\u00f3n elimina el efecto de fuga superficial en las mediciones de resistencia muy altas   Pantalla LCD digital\/anal\u00f3gica de gran tama\u00f1o para una f\u00e1cil visualizaci\u00f3n   Medici\u00f3n de capacitancia y de corriente de fuga   Funci\u00f3n de rampa para las pruebas de ruptura del aislamiento   Medida de resistencia de hasta 2 T?   Posibilidad de ajuste del temporizador de hasta 99 minutos para comprobaciones programadas   Garant\u00eda de 3 a\u00f1os\" \/>\n<meta property=\"og:url\" content=\"https:\/\/techmasterdemexico.com\/producto\/comprobador-de-aislamiento-fluke-1550c-fc-5-kv\/\" \/>\n<meta property=\"og:site_name\" content=\"Techmaster de Mexico\" \/>\n<meta property=\"article:modified_time\" content=\"2021-12-28T22:11:14+00:00\" \/>\n<meta property=\"og:image\" content=\"https:\/\/techmasterdemexico.com\/wp-content\/uploads\/2021\/08\/1-54.jpg\" \/>\n\t<meta property=\"og:image:width\" content=\"500\" \/>\n\t<meta property=\"og:image:height\" content=\"500\" \/>\n\t<meta property=\"og:image:type\" content=\"image\/jpeg\" \/>\n<meta name=\"twitter:card\" content=\"summary_large_image\" \/>\n<meta name=\"twitter:label1\" content=\"Est. reading time\" \/>\n\t<meta name=\"twitter:data1\" content=\"1 minute\" \/>\n<script type=\"application\/ld+json\" class=\"yoast-schema-graph\">{\"@context\":\"https:\\\/\\\/schema.org\",\"@graph\":[{\"@type\":\"WebPage\",\"@id\":\"https:\\\/\\\/techmasterdemexico.com\\\/producto\\\/comprobador-de-aislamiento-fluke-1550c-fc-5-kv\\\/\",\"url\":\"https:\\\/\\\/techmasterdemexico.com\\\/producto\\\/comprobador-de-aislamiento-fluke-1550c-fc-5-kv\\\/\",\"name\":\"Comprobador de aislamiento Fluke 1550C FC 5 kV - Techmaster de Mexico\",\"isPartOf\":{\"@id\":\"https:\\\/\\\/techmasterdemexico.com\\\/#website\"},\"primaryImageOfPage\":{\"@id\":\"https:\\\/\\\/techmasterdemexico.com\\\/producto\\\/comprobador-de-aislamiento-fluke-1550c-fc-5-kv\\\/#primaryimage\"},\"image\":{\"@id\":\"https:\\\/\\\/techmasterdemexico.com\\\/producto\\\/comprobador-de-aislamiento-fluke-1550c-fc-5-kv\\\/#primaryimage\"},\"thumbnailUrl\":\"https:\\\/\\\/techmasterdemexico.com\\\/wp-content\\\/uploads\\\/2021\\\/08\\\/1-54.jpg\",\"datePublished\":\"2021-08-19T17:42:34+00:00\",\"dateModified\":\"2021-12-28T22:11:14+00:00\",\"breadcrumb\":{\"@id\":\"https:\\\/\\\/techmasterdemexico.com\\\/producto\\\/comprobador-de-aislamiento-fluke-1550c-fc-5-kv\\\/#breadcrumb\"},\"inLanguage\":\"en-US\",\"potentialAction\":[{\"@type\":\"ReadAction\",\"target\":[\"https:\\\/\\\/techmasterdemexico.com\\\/producto\\\/comprobador-de-aislamiento-fluke-1550c-fc-5-kv\\\/\"]}]},{\"@type\":\"ImageObject\",\"inLanguage\":\"en-US\",\"@id\":\"https:\\\/\\\/techmasterdemexico.com\\\/producto\\\/comprobador-de-aislamiento-fluke-1550c-fc-5-kv\\\/#primaryimage\",\"url\":\"https:\\\/\\\/techmasterdemexico.com\\\/wp-content\\\/uploads\\\/2021\\\/08\\\/1-54.jpg\",\"contentUrl\":\"https:\\\/\\\/techmasterdemexico.com\\\/wp-content\\\/uploads\\\/2021\\\/08\\\/1-54.jpg\",\"width\":500,\"height\":500},{\"@type\":\"BreadcrumbList\",\"@id\":\"https:\\\/\\\/techmasterdemexico.com\\\/producto\\\/comprobador-de-aislamiento-fluke-1550c-fc-5-kv\\\/#breadcrumb\",\"itemListElement\":[{\"@type\":\"ListItem\",\"position\":1,\"name\":\"Portada\",\"item\":\"https:\\\/\\\/techmasterdemexico.com\\\/\"},{\"@type\":\"ListItem\",\"position\":2,\"name\":\"Comprobador de aislamiento Fluke 1550C FC 5 kV\"}]},{\"@type\":\"WebSite\",\"@id\":\"https:\\\/\\\/techmasterdemexico.com\\\/#website\",\"url\":\"https:\\\/\\\/techmasterdemexico.com\\\/\",\"name\":\"Techmaster de Mexico\",\"description\":\"\",\"potentialAction\":[{\"@type\":\"SearchAction\",\"target\":{\"@type\":\"EntryPoint\",\"urlTemplate\":\"https:\\\/\\\/techmasterdemexico.com\\\/?s={search_term_string}\"},\"query-input\":{\"@type\":\"PropertyValueSpecification\",\"valueRequired\":true,\"valueName\":\"search_term_string\"}}],\"inLanguage\":\"en-US\"}]}<\/script>\n<!-- \/ Yoast SEO plugin. -->","yoast_head_json":{"title":"Comprobador de aislamiento Fluke 1550C FC 5 kV - Techmaster de Mexico","robots":{"index":"index","follow":"follow","max-snippet":"max-snippet:-1","max-image-preview":"max-image-preview:large","max-video-preview":"max-video-preview:-1"},"canonical":"https:\/\/techmasterdemexico.com\/producto\/comprobador-de-aislamiento-fluke-1550c-fc-5-kv\/","og_locale":"en_US","og_type":"article","og_title":"Comprobador de aislamiento Fluke 1550C FC 5 kV - Techmaster de Mexico","og_description":"Mida voltajes de hasta 5 kV y ahorre tiempo al marcar tendencias inmediatamente solo con Fluke Connect\u00ae   Categor\u00eda de seguridad el\u00e9ctrica CAT III 1000 V y CAT IV 600 V   La funci\u00f3n de alerta indica al usuario que existe voltaje y proporciona una lectura de voltaje de hasta 600 V CA o CC para mayor seguridad del usuario   Selecci\u00f3n de voltajes de prueba en escalones de 50 V desde 250 V hasta 1000 V, y escalones de 100 V por encima de los 1000 V.   La memoria puede almacenar hasta 99 medidas y cada una de ellas cuenta con una etiqueta \u00fanica definida por el usuario para facilitar su uso.   Las bater\u00edas de larga duraci\u00f3n permiten realizar 750 pruebas con cada carga   C\u00e1lculo autom\u00e1tico del Radio de Absorci\u00f3n Diel\u00e9ctrico y del \u00cdndice de Polarizaci\u00f3n sin configuraciones adicionales   El sistema de protecci\u00f3n elimina el efecto de fuga superficial en las mediciones de resistencia muy altas   Pantalla LCD digital\/anal\u00f3gica de gran tama\u00f1o para una f\u00e1cil visualizaci\u00f3n   Medici\u00f3n de capacitancia y de corriente de fuga   Funci\u00f3n de rampa para las pruebas de ruptura del aislamiento   Medida de resistencia de hasta 2 T?   Posibilidad de ajuste del temporizador de hasta 99 minutos para comprobaciones programadas   Garant\u00eda de 3 a\u00f1os","og_url":"https:\/\/techmasterdemexico.com\/producto\/comprobador-de-aislamiento-fluke-1550c-fc-5-kv\/","og_site_name":"Techmaster de Mexico","article_modified_time":"2021-12-28T22:11:14+00:00","og_image":[{"width":500,"height":500,"url":"https:\/\/techmasterdemexico.com\/wp-content\/uploads\/2021\/08\/1-54.jpg","type":"image\/jpeg"}],"twitter_card":"summary_large_image","twitter_misc":{"Est. reading time":"1 minute"},"schema":{"@context":"https:\/\/schema.org","@graph":[{"@type":"WebPage","@id":"https:\/\/techmasterdemexico.com\/producto\/comprobador-de-aislamiento-fluke-1550c-fc-5-kv\/","url":"https:\/\/techmasterdemexico.com\/producto\/comprobador-de-aislamiento-fluke-1550c-fc-5-kv\/","name":"Comprobador de aislamiento Fluke 1550C FC 5 kV - Techmaster de Mexico","isPartOf":{"@id":"https:\/\/techmasterdemexico.com\/#website"},"primaryImageOfPage":{"@id":"https:\/\/techmasterdemexico.com\/producto\/comprobador-de-aislamiento-fluke-1550c-fc-5-kv\/#primaryimage"},"image":{"@id":"https:\/\/techmasterdemexico.com\/producto\/comprobador-de-aislamiento-fluke-1550c-fc-5-kv\/#primaryimage"},"thumbnailUrl":"https:\/\/techmasterdemexico.com\/wp-content\/uploads\/2021\/08\/1-54.jpg","datePublished":"2021-08-19T17:42:34+00:00","dateModified":"2021-12-28T22:11:14+00:00","breadcrumb":{"@id":"https:\/\/techmasterdemexico.com\/producto\/comprobador-de-aislamiento-fluke-1550c-fc-5-kv\/#breadcrumb"},"inLanguage":"en-US","potentialAction":[{"@type":"ReadAction","target":["https:\/\/techmasterdemexico.com\/producto\/comprobador-de-aislamiento-fluke-1550c-fc-5-kv\/"]}]},{"@type":"ImageObject","inLanguage":"en-US","@id":"https:\/\/techmasterdemexico.com\/producto\/comprobador-de-aislamiento-fluke-1550c-fc-5-kv\/#primaryimage","url":"https:\/\/techmasterdemexico.com\/wp-content\/uploads\/2021\/08\/1-54.jpg","contentUrl":"https:\/\/techmasterdemexico.com\/wp-content\/uploads\/2021\/08\/1-54.jpg","width":500,"height":500},{"@type":"BreadcrumbList","@id":"https:\/\/techmasterdemexico.com\/producto\/comprobador-de-aislamiento-fluke-1550c-fc-5-kv\/#breadcrumb","itemListElement":[{"@type":"ListItem","position":1,"name":"Portada","item":"https:\/\/techmasterdemexico.com\/"},{"@type":"ListItem","position":2,"name":"Comprobador de aislamiento Fluke 1550C FC 5 kV"}]},{"@type":"WebSite","@id":"https:\/\/techmasterdemexico.com\/#website","url":"https:\/\/techmasterdemexico.com\/","name":"Techmaster de Mexico","description":"","potentialAction":[{"@type":"SearchAction","target":{"@type":"EntryPoint","urlTemplate":"https:\/\/techmasterdemexico.com\/?s={search_term_string}"},"query-input":{"@type":"PropertyValueSpecification","valueRequired":true,"valueName":"search_term_string"}}],"inLanguage":"en-US"}]}},"brands":[{"id":31,"name":"Fluke","slug":"fluke"}],"_links":{"self":[{"href":"https:\/\/techmasterdemexico.com\/en\/wp-json\/wp\/v2\/product\/8075","targetHints":{"allow":["GET"]}}],"collection":[{"href":"https:\/\/techmasterdemexico.com\/en\/wp-json\/wp\/v2\/product"}],"about":[{"href":"https:\/\/techmasterdemexico.com\/en\/wp-json\/wp\/v2\/types\/product"}],"wp:featuredmedia":[{"embeddable":true,"href":"https:\/\/techmasterdemexico.com\/en\/wp-json\/wp\/v2\/media\/8967"}],"wp:attachment":[{"href":"https:\/\/techmasterdemexico.com\/en\/wp-json\/wp\/v2\/media?parent=8075"}],"wp:term":[{"taxonomy":"pwb-brand","embeddable":true,"href":"https:\/\/techmasterdemexico.com\/en\/wp-json\/wp\/v2\/pwb-brand?post=8075"},{"taxonomy":"product_brand","embeddable":true,"href":"https:\/\/techmasterdemexico.com\/en\/wp-json\/wp\/v2\/product_brand?post=8075"},{"taxonomy":"product_cat","embeddable":true,"href":"https:\/\/techmasterdemexico.com\/en\/wp-json\/wp\/v2\/product_cat?post=8075"},{"taxonomy":"product_tag","embeddable":true,"href":"https:\/\/techmasterdemexico.com\/en\/wp-json\/wp\/v2\/product_tag?post=8075"}],"curies":[{"name":"wp","href":"https:\/\/api.w.org\/{rel}","templated":true}]}}