{"id":8072,"date":"2021-08-19T17:42:32","date_gmt":"2021-08-19T17:42:32","guid":{"rendered":"http:\/\/techmastermx.ddns.net\/producto\/comprobador-electrico-t6-600-2\/"},"modified":"2023-02-09T15:03:05","modified_gmt":"2023-02-09T22:03:05","slug":"comprobador-electrico-t6-600-2","status":"publish","type":"product","link":"https:\/\/techmasterdemexico.com\/en\/producto\/comprobador-electrico-t6-600-2\/","title":{"rendered":"Comprobador el\u00e9ctrico T6-600"},"content":{"rendered":"<p>Comprobador el\u00e9ctrico T6-600<\/p>\n<p>Mida tensi\u00f3n&#8230; sin cables de prueba<\/p>\n<p>Mida tensiones de hasta 600 V CA con la mordaza abierta, sin necesidad de cable de prueba en contacto con la tensi\u00f3n. + Sin abrir las tapas de contactos. En cables de hasta AWG 4\/0 (120 mm2) hasta un m\u00e1ximo de 200 A. Cambiar\u00e1 su forma de trabajar. M\u00e1s seguro. M\u00e1s r\u00e1pido. M\u00e1s f\u00e1cil.<\/p>\n","protected":false},"excerpt":{"rendered":"<ul>\n<li>La tecnolog\u00eda FieldSense permite medir tensi\u00f3n CA, corriente y frecuencia sin contacto el\u00e9ctrico con la tensi\u00f3n[S][1]+<\/li>\n<li>1 a 600 V CA<\/li>\n<li>0,1 a 200 A CA<\/li>\n<li>Verdadero valor eficaz en tensi\u00f3n y corriente<\/li>\n<li>Resistencia: 1 \u2126 a 2000 \u2126<\/li>\n<li>Funciona con cables hasta AWG 4\/0 (120 mm2) con una apertura de la mordaza de 17,8 mm<\/li>\n<li>El bot\u00f3n HOLD congela temporalmente la lectura para facilitar la visualizaci\u00f3n<\/li>\n<li>F\u00e1cil lectura gracias a la retroiluminaci\u00f3n<\/li>\n<li>Admite la correa magn\u00e9tica opcional TPAK de Fluke para mayor comodidad<\/li>\n<li>Garant\u00eda est\u00e1ndar de dos a\u00f1os, ampliable a cuatro a\u00f1os mediante el registro del producto dentro de los 45 d\u00edas de la compra*<\/li>\n<\/ul>\n","protected":false},"featured_media":8991,"template":"","meta":{"_acf_changed":false},"pwb-brand":[31],"product_brand":[],"product_cat":[366,78,30],"product_tag":[],"class_list":{"0":"post-8072","1":"product","2":"type-product","3":"status-publish","4":"has-post-thumbnail","6":"pwb-brand-fluke","7":"product_cat-todos-los-productos","8":"product_cat-comprobadores-basicos","9":"product_cat-fluke","11":"first","12":"instock","13":"taxable","14":"shipping-taxable","15":"product-type-simple"},"acf":[],"yoast_head":"<!-- This site is optimized with the Yoast SEO plugin v27.4 - https:\/\/yoast.com\/product\/yoast-seo-wordpress\/ -->\n<title>Comprobador el\u00e9ctrico T6-600 - Techmaster de Mexico<\/title>\n<meta name=\"robots\" content=\"index, follow, max-snippet:-1, max-image-preview:large, max-video-preview:-1\" \/>\n<link rel=\"canonical\" href=\"https:\/\/techmasterdemexico.com\/producto\/comprobador-electrico-t6-600-2\/\" \/>\n<meta property=\"og:locale\" content=\"en_US\" \/>\n<meta property=\"og:type\" content=\"article\" \/>\n<meta property=\"og:title\" content=\"Comprobador el\u00e9ctrico T6-600 - Techmaster de Mexico\" \/>\n<meta property=\"og:description\" content=\"La tecnolog\u00eda FieldSense permite medir tensi\u00f3n CA, corriente y frecuencia sin contacto el\u00e9ctrico con la tensi\u00f3n[S][1]+   1 a 600 V CA   0,1 a 200 A CA   Verdadero valor eficaz en tensi\u00f3n y corriente   Resistencia: 1 \u2126 a 2000 \u2126   Funciona con cables hasta AWG 4\/0 (120 mm2) con una apertura de la mordaza de 17,8 mm   El bot\u00f3n HOLD congela temporalmente la lectura para facilitar la visualizaci\u00f3n   F\u00e1cil lectura gracias a la retroiluminaci\u00f3n   Admite la correa magn\u00e9tica opcional TPAK de Fluke para mayor comodidad   Garant\u00eda est\u00e1ndar de dos a\u00f1os, ampliable a cuatro a\u00f1os mediante el registro del producto dentro de los 45 d\u00edas de la compra*\" \/>\n<meta property=\"og:url\" content=\"https:\/\/techmasterdemexico.com\/producto\/comprobador-electrico-t6-600-2\/\" \/>\n<meta property=\"og:site_name\" content=\"Techmaster de Mexico\" \/>\n<meta property=\"article:modified_time\" content=\"2023-02-09T22:03:05+00:00\" \/>\n<meta property=\"og:image\" content=\"https:\/\/techmasterdemexico.com\/wp-content\/uploads\/2021\/08\/F_t6_600_02b_h_1500x1000_0.png\" \/>\n\t<meta property=\"og:image:width\" content=\"410\" \/>\n\t<meta property=\"og:image:height\" content=\"410\" \/>\n\t<meta property=\"og:image:type\" content=\"image\/png\" \/>\n<meta name=\"twitter:card\" content=\"summary_large_image\" \/>\n<script type=\"application\/ld+json\" class=\"yoast-schema-graph\">{\"@context\":\"https:\\\/\\\/schema.org\",\"@graph\":[{\"@type\":\"WebPage\",\"@id\":\"https:\\\/\\\/techmasterdemexico.com\\\/producto\\\/comprobador-electrico-t6-600-2\\\/\",\"url\":\"https:\\\/\\\/techmasterdemexico.com\\\/producto\\\/comprobador-electrico-t6-600-2\\\/\",\"name\":\"Comprobador el\u00e9ctrico T6-600 - Techmaster de Mexico\",\"isPartOf\":{\"@id\":\"https:\\\/\\\/techmasterdemexico.com\\\/#website\"},\"primaryImageOfPage\":{\"@id\":\"https:\\\/\\\/techmasterdemexico.com\\\/producto\\\/comprobador-electrico-t6-600-2\\\/#primaryimage\"},\"image\":{\"@id\":\"https:\\\/\\\/techmasterdemexico.com\\\/producto\\\/comprobador-electrico-t6-600-2\\\/#primaryimage\"},\"thumbnailUrl\":\"https:\\\/\\\/techmasterdemexico.com\\\/wp-content\\\/uploads\\\/2021\\\/08\\\/F_t6_600_02b_h_1500x1000_0.png\",\"datePublished\":\"2021-08-19T17:42:32+00:00\",\"dateModified\":\"2023-02-09T22:03:05+00:00\",\"breadcrumb\":{\"@id\":\"https:\\\/\\\/techmasterdemexico.com\\\/producto\\\/comprobador-electrico-t6-600-2\\\/#breadcrumb\"},\"inLanguage\":\"en-US\",\"potentialAction\":[{\"@type\":\"ReadAction\",\"target\":[\"https:\\\/\\\/techmasterdemexico.com\\\/producto\\\/comprobador-electrico-t6-600-2\\\/\"]}]},{\"@type\":\"ImageObject\",\"inLanguage\":\"en-US\",\"@id\":\"https:\\\/\\\/techmasterdemexico.com\\\/producto\\\/comprobador-electrico-t6-600-2\\\/#primaryimage\",\"url\":\"https:\\\/\\\/techmasterdemexico.com\\\/wp-content\\\/uploads\\\/2021\\\/08\\\/F_t6_600_02b_h_1500x1000_0.png\",\"contentUrl\":\"https:\\\/\\\/techmasterdemexico.com\\\/wp-content\\\/uploads\\\/2021\\\/08\\\/F_t6_600_02b_h_1500x1000_0.png\",\"width\":410,\"height\":410},{\"@type\":\"BreadcrumbList\",\"@id\":\"https:\\\/\\\/techmasterdemexico.com\\\/producto\\\/comprobador-electrico-t6-600-2\\\/#breadcrumb\",\"itemListElement\":[{\"@type\":\"ListItem\",\"position\":1,\"name\":\"Portada\",\"item\":\"https:\\\/\\\/techmasterdemexico.com\\\/\"},{\"@type\":\"ListItem\",\"position\":2,\"name\":\"Comprobador el\u00e9ctrico T6-600\"}]},{\"@type\":\"WebSite\",\"@id\":\"https:\\\/\\\/techmasterdemexico.com\\\/#website\",\"url\":\"https:\\\/\\\/techmasterdemexico.com\\\/\",\"name\":\"Techmaster de Mexico\",\"description\":\"\",\"potentialAction\":[{\"@type\":\"SearchAction\",\"target\":{\"@type\":\"EntryPoint\",\"urlTemplate\":\"https:\\\/\\\/techmasterdemexico.com\\\/?s={search_term_string}\"},\"query-input\":{\"@type\":\"PropertyValueSpecification\",\"valueRequired\":true,\"valueName\":\"search_term_string\"}}],\"inLanguage\":\"en-US\"}]}<\/script>\n<!-- \/ Yoast SEO plugin. -->","yoast_head_json":{"title":"Comprobador el\u00e9ctrico T6-600 - Techmaster de Mexico","robots":{"index":"index","follow":"follow","max-snippet":"max-snippet:-1","max-image-preview":"max-image-preview:large","max-video-preview":"max-video-preview:-1"},"canonical":"https:\/\/techmasterdemexico.com\/producto\/comprobador-electrico-t6-600-2\/","og_locale":"en_US","og_type":"article","og_title":"Comprobador el\u00e9ctrico T6-600 - Techmaster de Mexico","og_description":"La tecnolog\u00eda FieldSense permite medir tensi\u00f3n CA, corriente y frecuencia sin contacto el\u00e9ctrico con la tensi\u00f3n[S][1]+   1 a 600 V CA   0,1 a 200 A CA   Verdadero valor eficaz en tensi\u00f3n y corriente   Resistencia: 1 \u2126 a 2000 \u2126   Funciona con cables hasta AWG 4\/0 (120 mm2) con una apertura de la mordaza de 17,8 mm   El bot\u00f3n HOLD congela temporalmente la lectura para facilitar la visualizaci\u00f3n   F\u00e1cil lectura gracias a la retroiluminaci\u00f3n   Admite la correa magn\u00e9tica opcional TPAK de Fluke para mayor comodidad   Garant\u00eda est\u00e1ndar de dos a\u00f1os, ampliable a cuatro a\u00f1os mediante el registro del producto dentro de los 45 d\u00edas de la compra*","og_url":"https:\/\/techmasterdemexico.com\/producto\/comprobador-electrico-t6-600-2\/","og_site_name":"Techmaster de Mexico","article_modified_time":"2023-02-09T22:03:05+00:00","og_image":[{"width":410,"height":410,"url":"https:\/\/techmasterdemexico.com\/wp-content\/uploads\/2021\/08\/F_t6_600_02b_h_1500x1000_0.png","type":"image\/png"}],"twitter_card":"summary_large_image","schema":{"@context":"https:\/\/schema.org","@graph":[{"@type":"WebPage","@id":"https:\/\/techmasterdemexico.com\/producto\/comprobador-electrico-t6-600-2\/","url":"https:\/\/techmasterdemexico.com\/producto\/comprobador-electrico-t6-600-2\/","name":"Comprobador el\u00e9ctrico T6-600 - Techmaster de Mexico","isPartOf":{"@id":"https:\/\/techmasterdemexico.com\/#website"},"primaryImageOfPage":{"@id":"https:\/\/techmasterdemexico.com\/producto\/comprobador-electrico-t6-600-2\/#primaryimage"},"image":{"@id":"https:\/\/techmasterdemexico.com\/producto\/comprobador-electrico-t6-600-2\/#primaryimage"},"thumbnailUrl":"https:\/\/techmasterdemexico.com\/wp-content\/uploads\/2021\/08\/F_t6_600_02b_h_1500x1000_0.png","datePublished":"2021-08-19T17:42:32+00:00","dateModified":"2023-02-09T22:03:05+00:00","breadcrumb":{"@id":"https:\/\/techmasterdemexico.com\/producto\/comprobador-electrico-t6-600-2\/#breadcrumb"},"inLanguage":"en-US","potentialAction":[{"@type":"ReadAction","target":["https:\/\/techmasterdemexico.com\/producto\/comprobador-electrico-t6-600-2\/"]}]},{"@type":"ImageObject","inLanguage":"en-US","@id":"https:\/\/techmasterdemexico.com\/producto\/comprobador-electrico-t6-600-2\/#primaryimage","url":"https:\/\/techmasterdemexico.com\/wp-content\/uploads\/2021\/08\/F_t6_600_02b_h_1500x1000_0.png","contentUrl":"https:\/\/techmasterdemexico.com\/wp-content\/uploads\/2021\/08\/F_t6_600_02b_h_1500x1000_0.png","width":410,"height":410},{"@type":"BreadcrumbList","@id":"https:\/\/techmasterdemexico.com\/producto\/comprobador-electrico-t6-600-2\/#breadcrumb","itemListElement":[{"@type":"ListItem","position":1,"name":"Portada","item":"https:\/\/techmasterdemexico.com\/"},{"@type":"ListItem","position":2,"name":"Comprobador el\u00e9ctrico T6-600"}]},{"@type":"WebSite","@id":"https:\/\/techmasterdemexico.com\/#website","url":"https:\/\/techmasterdemexico.com\/","name":"Techmaster de Mexico","description":"","potentialAction":[{"@type":"SearchAction","target":{"@type":"EntryPoint","urlTemplate":"https:\/\/techmasterdemexico.com\/?s={search_term_string}"},"query-input":{"@type":"PropertyValueSpecification","valueRequired":true,"valueName":"search_term_string"}}],"inLanguage":"en-US"}]}},"brands":[{"id":31,"name":"Fluke","slug":"fluke"}],"_links":{"self":[{"href":"https:\/\/techmasterdemexico.com\/en\/wp-json\/wp\/v2\/product\/8072","targetHints":{"allow":["GET"]}}],"collection":[{"href":"https:\/\/techmasterdemexico.com\/en\/wp-json\/wp\/v2\/product"}],"about":[{"href":"https:\/\/techmasterdemexico.com\/en\/wp-json\/wp\/v2\/types\/product"}],"wp:featuredmedia":[{"embeddable":true,"href":"https:\/\/techmasterdemexico.com\/en\/wp-json\/wp\/v2\/media\/8991"}],"wp:attachment":[{"href":"https:\/\/techmasterdemexico.com\/en\/wp-json\/wp\/v2\/media?parent=8072"}],"wp:term":[{"taxonomy":"pwb-brand","embeddable":true,"href":"https:\/\/techmasterdemexico.com\/en\/wp-json\/wp\/v2\/pwb-brand?post=8072"},{"taxonomy":"product_brand","embeddable":true,"href":"https:\/\/techmasterdemexico.com\/en\/wp-json\/wp\/v2\/product_brand?post=8072"},{"taxonomy":"product_cat","embeddable":true,"href":"https:\/\/techmasterdemexico.com\/en\/wp-json\/wp\/v2\/product_cat?post=8072"},{"taxonomy":"product_tag","embeddable":true,"href":"https:\/\/techmasterdemexico.com\/en\/wp-json\/wp\/v2\/product_tag?post=8072"}],"curies":[{"name":"wp","href":"https:\/\/api.w.org\/{rel}","templated":true}]}}