{"id":8070,"date":"2021-08-19T17:42:31","date_gmt":"2021-08-19T17:42:31","guid":{"rendered":"http:\/\/techmastermx.ddns.net\/producto\/comprobador-de-voltaje-continuidad-y-corriente-fluke-t5-600\/"},"modified":"2021-12-28T22:11:17","modified_gmt":"2021-12-28T22:11:17","slug":"comprobador-de-voltaje-continuidad-y-corriente-fluke-t5-600","status":"publish","type":"product","link":"https:\/\/techmasterdemexico.com\/en\/producto\/comprobador-de-voltaje-continuidad-y-corriente-fluke-t5-600\/","title":{"rendered":"Comprobador de voltaje, continuidad y corriente Fluke T5-600"},"content":{"rendered":"<p>Comprobador de voltaje, continuidad y corriente Fluke T5-600<\/p>\n<p>Comprobador el\u00e9ctrico con tecnolog\u00eda OpenJaw\u2122<\/p>\n<p>Comprobador el\u00e9ctrico Los comprobadores el\u00e9ctricos le permite verificar la tensi\u00f3n, continuidad y corriente con una herramienta compacta. Con el T5, todo lo que tiene que hacer es seleccionar voltios, ohmios o corriente y la herramienta hace el resto. El sistema OpenJaw \u2122 de medici\u00f3n de corriente le permite comprobar la corriente hasta 100 A sin interrumpir el circuito. Sus resistentes puntas de prueba se encuentran en la parte posterior del comprobador, haciendo f\u00e1cil el transporte del T5 en una bolsa de herramientas. Las puntas de prueba extra\u00edbles SlimReach\u2122 permiten adaptarse a los est\u00e1ndares el\u00e9ctricos de los distintos pa\u00edses. Estas puntas de prueba aceptan accesorios opcionales, como clips o puntas de prueba especiales. La funda H5 opcional le permite llevar el T5 colgado en el cintur\u00f3n.<\/p>\n","protected":false},"excerpt":{"rendered":"<ul>\n<li>Mide autom\u00e1ticamente los voltios de CA y CC con resoluci\u00f3n digital precisa<\/li>\n<li>Muestra resistencias de hasta 1000 ?<\/li>\n<li>Mediciones f\u00e1ciles y precisas de corriente con OpenJaw\u2122<\/li>\n<li>Se\u00f1al ac\u00fastica de continuidad<\/li>\n<li>Dise\u00f1o compacto con lugar de almacenamiento para la sonda<\/li>\n<li>Suficientemente resistente para soportar una ca\u00edda de hasta 3 m de altura (10 pies).<\/li>\n<li>Los extremos de las puntas de prueba extra\u00edbles SlimReach\u2122 est\u00e1n personalizados para adaptarse a los est\u00e1ndares el\u00e9ctricos de los distintos pa\u00edses<\/li>\n<li>Las puntas de prueba son compatibles con las pinzas de conexi\u00f3n de Fluke<\/li>\n<li>Modelo de 600 V<\/li>\n<li>Puede permanecer conectado mucho m\u00e1s tiempo que los comprobadores de solenoide<\/li>\n<li>Modo de desconexi\u00f3n autom\u00e1tica para ahorrar bater\u00eda<\/li>\n<li>La funda opcional se sujeta al cintur\u00f3n y permite llevar los cables perfectamente recogidos<\/li>\n<li>Corriente de CA<\/li>\n<li>Retenci\u00f3n de pantalla<\/li>\n<\/ul>\n<p>Homologaci\u00f3n de seguridad<\/p>\n<p>Todas las entradas del T5-600 est\u00e1n protegidas de acuerdo con la clasificaci\u00f3n EN61010-1 CAT III 600V. Certificados UL, CSA.<\/p>\n","protected":false},"featured_media":8992,"template":"","meta":{"_acf_changed":false},"pwb-brand":[31],"product_brand":[],"product_cat":[366,78,30],"product_tag":[],"class_list":{"0":"post-8070","1":"product","2":"type-product","3":"status-publish","4":"has-post-thumbnail","6":"pwb-brand-fluke","7":"product_cat-todos-los-productos","8":"product_cat-comprobadores-basicos","9":"product_cat-fluke","11":"first","12":"instock","13":"taxable","14":"shipping-taxable","15":"product-type-simple"},"acf":[],"yoast_head":"<!-- This site is optimized with the Yoast SEO plugin v27.4 - https:\/\/yoast.com\/product\/yoast-seo-wordpress\/ -->\n<title>Comprobador de voltaje, continuidad y corriente Fluke T5-600 - Techmaster de Mexico<\/title>\n<meta name=\"robots\" content=\"index, follow, max-snippet:-1, max-image-preview:large, max-video-preview:-1\" \/>\n<link rel=\"canonical\" href=\"https:\/\/techmasterdemexico.com\/producto\/comprobador-de-voltaje-continuidad-y-corriente-fluke-t5-600\/\" \/>\n<meta property=\"og:locale\" content=\"en_US\" \/>\n<meta property=\"og:type\" content=\"article\" \/>\n<meta property=\"og:title\" content=\"Comprobador de voltaje, continuidad y corriente Fluke T5-600 - Techmaster de Mexico\" \/>\n<meta property=\"og:description\" content=\"Mide autom\u00e1ticamente los voltios de CA y CC con resoluci\u00f3n digital precisa   Muestra resistencias de hasta 1000 ?   Mediciones f\u00e1ciles y precisas de corriente con OpenJaw\u2122   Se\u00f1al ac\u00fastica de continuidad   Dise\u00f1o compacto con lugar de almacenamiento para la sonda   Suficientemente resistente para soportar una ca\u00edda de hasta 3 m de altura (10 pies).   Los extremos de las puntas de prueba extra\u00edbles SlimReach\u2122 est\u00e1n personalizados para adaptarse a los est\u00e1ndares el\u00e9ctricos de los distintos pa\u00edses   Las puntas de prueba son compatibles con las pinzas de conexi\u00f3n de Fluke   Modelo de 600 V   Puede permanecer conectado mucho m\u00e1s tiempo que los comprobadores de solenoide   Modo de desconexi\u00f3n autom\u00e1tica para ahorrar bater\u00eda   La funda opcional se sujeta al cintur\u00f3n y permite llevar los cables perfectamente recogidos   Corriente de CA   Retenci\u00f3n de pantalla   Homologaci\u00f3n de seguridad  Todas las entradas del T5-600 est\u00e1n protegidas de acuerdo con la clasificaci\u00f3n EN61010-1 CAT III 600V. Certificados UL, CSA.\" \/>\n<meta property=\"og:url\" content=\"https:\/\/techmasterdemexico.com\/producto\/comprobador-de-voltaje-continuidad-y-corriente-fluke-t5-600\/\" \/>\n<meta property=\"og:site_name\" content=\"Techmaster de Mexico\" \/>\n<meta property=\"article:modified_time\" content=\"2021-12-28T22:11:17+00:00\" \/>\n<meta property=\"og:image\" content=\"https:\/\/techmasterdemexico.com\/wp-content\/uploads\/2021\/08\/1-58.jpg\" \/>\n\t<meta property=\"og:image:width\" content=\"500\" \/>\n\t<meta property=\"og:image:height\" content=\"500\" \/>\n\t<meta property=\"og:image:type\" content=\"image\/jpeg\" \/>\n<meta name=\"twitter:card\" content=\"summary_large_image\" \/>\n<meta name=\"twitter:label1\" content=\"Est. reading time\" \/>\n\t<meta name=\"twitter:data1\" content=\"1 minute\" \/>\n<script type=\"application\/ld+json\" class=\"yoast-schema-graph\">{\"@context\":\"https:\\\/\\\/schema.org\",\"@graph\":[{\"@type\":\"WebPage\",\"@id\":\"https:\\\/\\\/techmasterdemexico.com\\\/producto\\\/comprobador-de-voltaje-continuidad-y-corriente-fluke-t5-600\\\/\",\"url\":\"https:\\\/\\\/techmasterdemexico.com\\\/producto\\\/comprobador-de-voltaje-continuidad-y-corriente-fluke-t5-600\\\/\",\"name\":\"Comprobador de voltaje, continuidad y corriente Fluke T5-600 - Techmaster de Mexico\",\"isPartOf\":{\"@id\":\"https:\\\/\\\/techmasterdemexico.com\\\/#website\"},\"primaryImageOfPage\":{\"@id\":\"https:\\\/\\\/techmasterdemexico.com\\\/producto\\\/comprobador-de-voltaje-continuidad-y-corriente-fluke-t5-600\\\/#primaryimage\"},\"image\":{\"@id\":\"https:\\\/\\\/techmasterdemexico.com\\\/producto\\\/comprobador-de-voltaje-continuidad-y-corriente-fluke-t5-600\\\/#primaryimage\"},\"thumbnailUrl\":\"https:\\\/\\\/techmasterdemexico.com\\\/wp-content\\\/uploads\\\/2021\\\/08\\\/1-58.jpg\",\"datePublished\":\"2021-08-19T17:42:31+00:00\",\"dateModified\":\"2021-12-28T22:11:17+00:00\",\"breadcrumb\":{\"@id\":\"https:\\\/\\\/techmasterdemexico.com\\\/producto\\\/comprobador-de-voltaje-continuidad-y-corriente-fluke-t5-600\\\/#breadcrumb\"},\"inLanguage\":\"en-US\",\"potentialAction\":[{\"@type\":\"ReadAction\",\"target\":[\"https:\\\/\\\/techmasterdemexico.com\\\/producto\\\/comprobador-de-voltaje-continuidad-y-corriente-fluke-t5-600\\\/\"]}]},{\"@type\":\"ImageObject\",\"inLanguage\":\"en-US\",\"@id\":\"https:\\\/\\\/techmasterdemexico.com\\\/producto\\\/comprobador-de-voltaje-continuidad-y-corriente-fluke-t5-600\\\/#primaryimage\",\"url\":\"https:\\\/\\\/techmasterdemexico.com\\\/wp-content\\\/uploads\\\/2021\\\/08\\\/1-58.jpg\",\"contentUrl\":\"https:\\\/\\\/techmasterdemexico.com\\\/wp-content\\\/uploads\\\/2021\\\/08\\\/1-58.jpg\",\"width\":500,\"height\":500},{\"@type\":\"BreadcrumbList\",\"@id\":\"https:\\\/\\\/techmasterdemexico.com\\\/producto\\\/comprobador-de-voltaje-continuidad-y-corriente-fluke-t5-600\\\/#breadcrumb\",\"itemListElement\":[{\"@type\":\"ListItem\",\"position\":1,\"name\":\"Portada\",\"item\":\"https:\\\/\\\/techmasterdemexico.com\\\/\"},{\"@type\":\"ListItem\",\"position\":2,\"name\":\"Comprobador de voltaje, continuidad y corriente Fluke T5-600\"}]},{\"@type\":\"WebSite\",\"@id\":\"https:\\\/\\\/techmasterdemexico.com\\\/#website\",\"url\":\"https:\\\/\\\/techmasterdemexico.com\\\/\",\"name\":\"Techmaster de Mexico\",\"description\":\"\",\"potentialAction\":[{\"@type\":\"SearchAction\",\"target\":{\"@type\":\"EntryPoint\",\"urlTemplate\":\"https:\\\/\\\/techmasterdemexico.com\\\/?s={search_term_string}\"},\"query-input\":{\"@type\":\"PropertyValueSpecification\",\"valueRequired\":true,\"valueName\":\"search_term_string\"}}],\"inLanguage\":\"en-US\"}]}<\/script>\n<!-- \/ Yoast SEO plugin. -->","yoast_head_json":{"title":"Comprobador de voltaje, continuidad y corriente Fluke T5-600 - Techmaster de Mexico","robots":{"index":"index","follow":"follow","max-snippet":"max-snippet:-1","max-image-preview":"max-image-preview:large","max-video-preview":"max-video-preview:-1"},"canonical":"https:\/\/techmasterdemexico.com\/producto\/comprobador-de-voltaje-continuidad-y-corriente-fluke-t5-600\/","og_locale":"en_US","og_type":"article","og_title":"Comprobador de voltaje, continuidad y corriente Fluke T5-600 - Techmaster de Mexico","og_description":"Mide autom\u00e1ticamente los voltios de CA y CC con resoluci\u00f3n digital precisa   Muestra resistencias de hasta 1000 ?   Mediciones f\u00e1ciles y precisas de corriente con OpenJaw\u2122   Se\u00f1al ac\u00fastica de continuidad   Dise\u00f1o compacto con lugar de almacenamiento para la sonda   Suficientemente resistente para soportar una ca\u00edda de hasta 3 m de altura (10 pies).   Los extremos de las puntas de prueba extra\u00edbles SlimReach\u2122 est\u00e1n personalizados para adaptarse a los est\u00e1ndares el\u00e9ctricos de los distintos pa\u00edses   Las puntas de prueba son compatibles con las pinzas de conexi\u00f3n de Fluke   Modelo de 600 V   Puede permanecer conectado mucho m\u00e1s tiempo que los comprobadores de solenoide   Modo de desconexi\u00f3n autom\u00e1tica para ahorrar bater\u00eda   La funda opcional se sujeta al cintur\u00f3n y permite llevar los cables perfectamente recogidos   Corriente de CA   Retenci\u00f3n de pantalla   Homologaci\u00f3n de seguridad  Todas las entradas del T5-600 est\u00e1n protegidas de acuerdo con la clasificaci\u00f3n EN61010-1 CAT III 600V. Certificados UL, CSA.","og_url":"https:\/\/techmasterdemexico.com\/producto\/comprobador-de-voltaje-continuidad-y-corriente-fluke-t5-600\/","og_site_name":"Techmaster de Mexico","article_modified_time":"2021-12-28T22:11:17+00:00","og_image":[{"width":500,"height":500,"url":"https:\/\/techmasterdemexico.com\/wp-content\/uploads\/2021\/08\/1-58.jpg","type":"image\/jpeg"}],"twitter_card":"summary_large_image","twitter_misc":{"Est. reading time":"1 minute"},"schema":{"@context":"https:\/\/schema.org","@graph":[{"@type":"WebPage","@id":"https:\/\/techmasterdemexico.com\/producto\/comprobador-de-voltaje-continuidad-y-corriente-fluke-t5-600\/","url":"https:\/\/techmasterdemexico.com\/producto\/comprobador-de-voltaje-continuidad-y-corriente-fluke-t5-600\/","name":"Comprobador de voltaje, continuidad y corriente Fluke T5-600 - Techmaster de Mexico","isPartOf":{"@id":"https:\/\/techmasterdemexico.com\/#website"},"primaryImageOfPage":{"@id":"https:\/\/techmasterdemexico.com\/producto\/comprobador-de-voltaje-continuidad-y-corriente-fluke-t5-600\/#primaryimage"},"image":{"@id":"https:\/\/techmasterdemexico.com\/producto\/comprobador-de-voltaje-continuidad-y-corriente-fluke-t5-600\/#primaryimage"},"thumbnailUrl":"https:\/\/techmasterdemexico.com\/wp-content\/uploads\/2021\/08\/1-58.jpg","datePublished":"2021-08-19T17:42:31+00:00","dateModified":"2021-12-28T22:11:17+00:00","breadcrumb":{"@id":"https:\/\/techmasterdemexico.com\/producto\/comprobador-de-voltaje-continuidad-y-corriente-fluke-t5-600\/#breadcrumb"},"inLanguage":"en-US","potentialAction":[{"@type":"ReadAction","target":["https:\/\/techmasterdemexico.com\/producto\/comprobador-de-voltaje-continuidad-y-corriente-fluke-t5-600\/"]}]},{"@type":"ImageObject","inLanguage":"en-US","@id":"https:\/\/techmasterdemexico.com\/producto\/comprobador-de-voltaje-continuidad-y-corriente-fluke-t5-600\/#primaryimage","url":"https:\/\/techmasterdemexico.com\/wp-content\/uploads\/2021\/08\/1-58.jpg","contentUrl":"https:\/\/techmasterdemexico.com\/wp-content\/uploads\/2021\/08\/1-58.jpg","width":500,"height":500},{"@type":"BreadcrumbList","@id":"https:\/\/techmasterdemexico.com\/producto\/comprobador-de-voltaje-continuidad-y-corriente-fluke-t5-600\/#breadcrumb","itemListElement":[{"@type":"ListItem","position":1,"name":"Portada","item":"https:\/\/techmasterdemexico.com\/"},{"@type":"ListItem","position":2,"name":"Comprobador de voltaje, continuidad y corriente Fluke T5-600"}]},{"@type":"WebSite","@id":"https:\/\/techmasterdemexico.com\/#website","url":"https:\/\/techmasterdemexico.com\/","name":"Techmaster de Mexico","description":"","potentialAction":[{"@type":"SearchAction","target":{"@type":"EntryPoint","urlTemplate":"https:\/\/techmasterdemexico.com\/?s={search_term_string}"},"query-input":{"@type":"PropertyValueSpecification","valueRequired":true,"valueName":"search_term_string"}}],"inLanguage":"en-US"}]}},"brands":[{"id":31,"name":"Fluke","slug":"fluke"}],"_links":{"self":[{"href":"https:\/\/techmasterdemexico.com\/en\/wp-json\/wp\/v2\/product\/8070","targetHints":{"allow":["GET"]}}],"collection":[{"href":"https:\/\/techmasterdemexico.com\/en\/wp-json\/wp\/v2\/product"}],"about":[{"href":"https:\/\/techmasterdemexico.com\/en\/wp-json\/wp\/v2\/types\/product"}],"wp:featuredmedia":[{"embeddable":true,"href":"https:\/\/techmasterdemexico.com\/en\/wp-json\/wp\/v2\/media\/8992"}],"wp:attachment":[{"href":"https:\/\/techmasterdemexico.com\/en\/wp-json\/wp\/v2\/media?parent=8070"}],"wp:term":[{"taxonomy":"pwb-brand","embeddable":true,"href":"https:\/\/techmasterdemexico.com\/en\/wp-json\/wp\/v2\/pwb-brand?post=8070"},{"taxonomy":"product_brand","embeddable":true,"href":"https:\/\/techmasterdemexico.com\/en\/wp-json\/wp\/v2\/product_brand?post=8070"},{"taxonomy":"product_cat","embeddable":true,"href":"https:\/\/techmasterdemexico.com\/en\/wp-json\/wp\/v2\/product_cat?post=8070"},{"taxonomy":"product_tag","embeddable":true,"href":"https:\/\/techmasterdemexico.com\/en\/wp-json\/wp\/v2\/product_tag?post=8070"}],"curies":[{"name":"wp","href":"https:\/\/api.w.org\/{rel}","templated":true}]}}