{"id":8067,"date":"2021-08-19T17:42:30","date_gmt":"2021-08-19T17:42:30","guid":{"rendered":"http:\/\/techmastermx.ddns.net\/producto\/pinza-amperimetrica-de-calidad-electrica-fluke-345\/"},"modified":"2022-03-25T08:06:44","modified_gmt":"2022-03-25T08:06:44","slug":"pinza-amperimetrica-de-calidad-electrica-fluke-345","status":"publish","type":"product","link":"https:\/\/techmasterdemexico.com\/en\/producto\/pinza-amperimetrica-de-calidad-electrica-fluke-345\/","title":{"rendered":"Pinza amperim\u00e9trica de calidad el\u00e9ctrica Fluke 345"},"content":{"rendered":"<p>Pinza amperim\u00e9trica de calidad el\u00e9ctrica Fluke 345<\/p>\n<p>Medidas de tensi\u00f3n y corriente CA y CC: la herramienta perfecta para localizar y solucionar problemas en electr\u00f3nica de potencia<\/p>\n<p>El Fluke 345 es m\u00e1s que un medidor de energ\u00eda el\u00e9ctrica. Combinando las funciones de una pinza amperim\u00e9trica, un osciloscopio, un registrador de datos y un medidor el\u00e9ctrico digital en un c\u00f3modo dispositivo, el Fluke 345 es ideal para trabajar con variadores de velocidad de frecuencia variable, sistemas de iluminaci\u00f3n de alta eficiencia y otros sistemas electr\u00f3nicos con regulaci\u00f3n conmutada de cargas.<\/p>\n<p>La multifac\u00e9tica Fluke 345 est\u00e1 equipada con una brillante pantalla a color para analizar el espectro arm\u00f3nico, un filtro de paso bajo que elimina el ruido de alta frecuencia y un dise\u00f1o que ofrece una elevada inmunidad EMC, lo que la convierte en el analizador perfecto para la localizaci\u00f3n de problemas de calidad el\u00e9ctrica en sistemas con cargas conmutadas. La memoria interna de este medidor de energ\u00eda el\u00e9ctrica permite el registro de los datos a largo plazo para el an\u00e1lisis de tendencias o problemas intermitentes. Por otra parte, el dise\u00f1o de la pinza amperim\u00e9trica de efecto Hall permite las mediciones de corriente cc sin necesidad de interrumpir el circuito.<\/p>\n<p>Adem\u00e1s de llevar a cabo tareas b\u00e1sicas de forma efectiva, como la medici\u00f3n de energ\u00eda y el factor de potencia, los medidores de potencia Fluke 345 ofrecen la facilidad de uso, la portabilidad y la flexibilidad necesarias para solucionar la mayor\u00eda de los problemas de potencia en entornos comerciales, industriales y residenciales.<\/p>\n<ul>\n<li>Configuraci\u00f3n y soluci\u00f3n de problemas en las unidades de frecuencia variable y sistemas de suministro ininterrumpible de energ\u00eda el\u00e9ctrica (UPS): verifique el correcto funcionamiento midiendo los par\u00e1metros clave que definen la calidad de la energ\u00eda<\/li>\n<li>Mediciones de arm\u00f3nicos : identifique problemas causados por arm\u00f3nicos que puedan da\u00f1ar o alterar el funcionamiento de equipos importantes<\/li>\n<li>Captura de la corriente de arranque: Compruebe la corriente de arranque en caso de que se produzcan reinicios falsos o molestos disparos del interruptor<\/li>\n<li>Estudios de carga \u2013 verifique la capacidad del sistema el\u00e9ctrico antes de agregar cargas<\/li>\n<\/ul>\n<p>Para aplicaciones trif\u00e1sicas, los productos de la serie II 1735 y 43 le proporcionar\u00e1 el mismo tipo de resultados.<\/p>\n<p>&nbsp;<\/p>","protected":false},"excerpt":{"rendered":"<ul>\n<li>Corriente CA\/CC : Mida con la pinza amperim\u00e9trica una corriente de ca de hasta 1400 A rms y una corriente de cc de hasta 2000 A sin interrumpir el circuito<\/li>\n<li>La m\u00e1s alta categor\u00eda de seguridad: El analizador de energ\u00eda de 600 V CAT IV est\u00e1 aprobado para su uso en la entrada de servicio<\/li>\n<li>Precisi\u00f3n en entornos con ruido: La pinza amperim\u00e9trica es capaz de trabajar incluso con formas de onda distorsionada presentes en ambientes con<br \/>\ncargas electr\u00f3nicas gracias a su filtro de paso bajo<\/li>\n<li>Registro de datos: Identifique problemas intermitentes a trav\u00e9s del registro de cualquier par\u00e1metro de calidad el\u00e9ctrica, incluidos arm\u00f3nicos, durante minutos o meses<br \/>\nComprobaci\u00f3n de bater\u00edas: Medida directa del rizado CC (%) en sistemas de corriente CC y bater\u00edas<\/li>\n<li>Soluci\u00f3n de problemas causados por arm\u00f3nicas: Analice y registre arm\u00f3nicas de forma digital o a trav\u00e9s de gr\u00e1ficas<\/li>\n<li>Corriente de arranque: capture y analice las desconexiones inoportunas, desde 3 a 300 segundos<\/li>\n<li>F\u00e1cil de usar: Confirme f\u00e1cilmente la configuraci\u00f3n del equipo gracias a su gran pantalla retroiluminada a color para la visualizaci\u00f3n de formas de onda y gr\u00e1ficos de tendencias<\/li>\n<li>Descarga USB: Descargue el registro de datos con el software de aplicaci\u00f3n PowerLog para ver las tendencias y capturas de pantalla, analizar y generar informes muy f\u00e1cilmente.<\/li>\n<li>Eliminador de bater\u00eda: Alimenta el instrumento cuando se llevan a cabo sesiones extendidas de registro.<\/li>\n<li>Corriente trif\u00e1sica:Capacidad incorporada para cargas balanceadas<\/li>\n<li>Visualizaci\u00f3n de gr\u00e1ficos y generaci\u00f3n de informes: Utilice el analizador de energ\u00eda con el software PowerLog incluido<\/li>\n<\/ul>\n","protected":false},"featured_media":19130,"template":"","meta":{"_acf_changed":false},"pwb-brand":[31],"product_brand":[],"product_cat":[366,30,41],"product_tag":[],"class_list":{"0":"post-8067","1":"product","2":"type-product","3":"status-publish","4":"has-post-thumbnail","6":"pwb-brand-fluke","7":"product_cat-todos-los-productos","8":"product_cat-fluke","9":"product_cat-pinzas-amperimetricas","11":"first","12":"instock","13":"taxable","14":"shipping-taxable","15":"product-type-simple"},"acf":[],"yoast_head":"<!-- This site is optimized with the Yoast SEO plugin v27.5 - https:\/\/yoast.com\/product\/yoast-seo-wordpress\/ -->\n<title>Pinza amperim\u00e9trica de calidad el\u00e9ctrica Fluke 345 - Techmaster de Mexico<\/title>\n<meta name=\"robots\" content=\"index, follow, max-snippet:-1, max-image-preview:large, max-video-preview:-1\" \/>\n<link rel=\"canonical\" href=\"https:\/\/techmasterdemexico.com\/producto\/pinza-amperimetrica-de-calidad-electrica-fluke-345\/\" \/>\n<meta property=\"og:locale\" content=\"en_US\" \/>\n<meta property=\"og:type\" content=\"article\" \/>\n<meta property=\"og:title\" content=\"Pinza amperim\u00e9trica de calidad el\u00e9ctrica Fluke 345 - Techmaster de Mexico\" \/>\n<meta property=\"og:description\" content=\"Corriente CA\/CC : Mida con la pinza amperim\u00e9trica una corriente de ca de hasta 1400 A rms y una corriente de cc de hasta 2000 A sin interrumpir el circuito  La m\u00e1s alta categor\u00eda de seguridad: El analizador de energ\u00eda de 600 V CAT IV est\u00e1 aprobado para su uso en la entrada de servicio  Precisi\u00f3n en entornos con ruido: La pinza amperim\u00e9trica es capaz de trabajar incluso con formas de onda distorsionada presentes en ambientes con cargas electr\u00f3nicas gracias a su filtro de paso bajo  Registro de datos: Identifique problemas intermitentes a trav\u00e9s del registro de cualquier par\u00e1metro de calidad el\u00e9ctrica, incluidos arm\u00f3nicos, durante minutos o meses Comprobaci\u00f3n de bater\u00edas: Medida directa del rizado CC (%) en sistemas de corriente CC y bater\u00edas  Soluci\u00f3n de problemas causados por arm\u00f3nicas: Analice y registre arm\u00f3nicas de forma digital o a trav\u00e9s de gr\u00e1ficas  Corriente de arranque: capture y analice las desconexiones inoportunas, desde 3 a 300 segundos  F\u00e1cil de usar: Confirme f\u00e1cilmente la configuraci\u00f3n del equipo gracias a su gran pantalla retroiluminada a color para la visualizaci\u00f3n de formas de onda y gr\u00e1ficos de tendencias  Descarga USB: Descargue el registro de datos con el software de aplicaci\u00f3n PowerLog para ver las tendencias y capturas de pantalla, analizar y generar informes muy f\u00e1cilmente.  Eliminador de bater\u00eda: Alimenta el instrumento cuando se llevan a cabo sesiones extendidas de registro.  Corriente trif\u00e1sica:Capacidad incorporada para cargas balanceadas  Visualizaci\u00f3n de gr\u00e1ficos y generaci\u00f3n de informes: Utilice el analizador de energ\u00eda con el software PowerLog incluido\" \/>\n<meta property=\"og:url\" content=\"https:\/\/techmasterdemexico.com\/producto\/pinza-amperimetrica-de-calidad-electrica-fluke-345\/\" \/>\n<meta property=\"og:site_name\" content=\"Techmaster de Mexico\" \/>\n<meta property=\"article:modified_time\" content=\"2022-03-25T08:06:44+00:00\" \/>\n<meta property=\"og:image\" content=\"https:\/\/techmasterdemexico.com\/wp-content\/uploads\/2021\/08\/345.jpg\" \/>\n\t<meta property=\"og:image:width\" content=\"1800\" \/>\n\t<meta property=\"og:image:height\" content=\"1800\" \/>\n\t<meta property=\"og:image:type\" content=\"image\/jpeg\" \/>\n<meta name=\"twitter:card\" content=\"summary_large_image\" \/>\n<meta name=\"twitter:label1\" content=\"Est. reading time\" \/>\n\t<meta name=\"twitter:data1\" content=\"4 minutes\" \/>\n<script type=\"application\/ld+json\" class=\"yoast-schema-graph\">{\"@context\":\"https:\\\/\\\/schema.org\",\"@graph\":[{\"@type\":\"WebPage\",\"@id\":\"https:\\\/\\\/techmasterdemexico.com\\\/producto\\\/pinza-amperimetrica-de-calidad-electrica-fluke-345\\\/\",\"url\":\"https:\\\/\\\/techmasterdemexico.com\\\/producto\\\/pinza-amperimetrica-de-calidad-electrica-fluke-345\\\/\",\"name\":\"Pinza amperim\u00e9trica de calidad el\u00e9ctrica Fluke 345 - Techmaster de Mexico\",\"isPartOf\":{\"@id\":\"https:\\\/\\\/techmasterdemexico.com\\\/#website\"},\"primaryImageOfPage\":{\"@id\":\"https:\\\/\\\/techmasterdemexico.com\\\/producto\\\/pinza-amperimetrica-de-calidad-electrica-fluke-345\\\/#primaryimage\"},\"image\":{\"@id\":\"https:\\\/\\\/techmasterdemexico.com\\\/producto\\\/pinza-amperimetrica-de-calidad-electrica-fluke-345\\\/#primaryimage\"},\"thumbnailUrl\":\"https:\\\/\\\/techmasterdemexico.com\\\/wp-content\\\/uploads\\\/2021\\\/08\\\/345.jpg\",\"datePublished\":\"2021-08-19T17:42:30+00:00\",\"dateModified\":\"2022-03-25T08:06:44+00:00\",\"breadcrumb\":{\"@id\":\"https:\\\/\\\/techmasterdemexico.com\\\/producto\\\/pinza-amperimetrica-de-calidad-electrica-fluke-345\\\/#breadcrumb\"},\"inLanguage\":\"en-US\",\"potentialAction\":[{\"@type\":\"ReadAction\",\"target\":[\"https:\\\/\\\/techmasterdemexico.com\\\/producto\\\/pinza-amperimetrica-de-calidad-electrica-fluke-345\\\/\"]}]},{\"@type\":\"ImageObject\",\"inLanguage\":\"en-US\",\"@id\":\"https:\\\/\\\/techmasterdemexico.com\\\/producto\\\/pinza-amperimetrica-de-calidad-electrica-fluke-345\\\/#primaryimage\",\"url\":\"https:\\\/\\\/techmasterdemexico.com\\\/wp-content\\\/uploads\\\/2021\\\/08\\\/345.jpg\",\"contentUrl\":\"https:\\\/\\\/techmasterdemexico.com\\\/wp-content\\\/uploads\\\/2021\\\/08\\\/345.jpg\",\"width\":1800,\"height\":1800},{\"@type\":\"BreadcrumbList\",\"@id\":\"https:\\\/\\\/techmasterdemexico.com\\\/producto\\\/pinza-amperimetrica-de-calidad-electrica-fluke-345\\\/#breadcrumb\",\"itemListElement\":[{\"@type\":\"ListItem\",\"position\":1,\"name\":\"Portada\",\"item\":\"https:\\\/\\\/techmasterdemexico.com\\\/\"},{\"@type\":\"ListItem\",\"position\":2,\"name\":\"Pinza amperim\u00e9trica de calidad el\u00e9ctrica Fluke 345\"}]},{\"@type\":\"WebSite\",\"@id\":\"https:\\\/\\\/techmasterdemexico.com\\\/#website\",\"url\":\"https:\\\/\\\/techmasterdemexico.com\\\/\",\"name\":\"Techmaster de Mexico\",\"description\":\"\",\"potentialAction\":[{\"@type\":\"SearchAction\",\"target\":{\"@type\":\"EntryPoint\",\"urlTemplate\":\"https:\\\/\\\/techmasterdemexico.com\\\/?s={search_term_string}\"},\"query-input\":{\"@type\":\"PropertyValueSpecification\",\"valueRequired\":true,\"valueName\":\"search_term_string\"}}],\"inLanguage\":\"en-US\"}]}<\/script>\n<!-- \/ Yoast SEO plugin. -->","yoast_head_json":{"title":"Pinza amperim\u00e9trica de calidad el\u00e9ctrica Fluke 345 - Techmaster de Mexico","robots":{"index":"index","follow":"follow","max-snippet":"max-snippet:-1","max-image-preview":"max-image-preview:large","max-video-preview":"max-video-preview:-1"},"canonical":"https:\/\/techmasterdemexico.com\/producto\/pinza-amperimetrica-de-calidad-electrica-fluke-345\/","og_locale":"en_US","og_type":"article","og_title":"Pinza amperim\u00e9trica de calidad el\u00e9ctrica Fluke 345 - Techmaster de Mexico","og_description":"Corriente CA\/CC : Mida con la pinza amperim\u00e9trica una corriente de ca de hasta 1400 A rms y una corriente de cc de hasta 2000 A sin interrumpir el circuito  La m\u00e1s alta categor\u00eda de seguridad: El analizador de energ\u00eda de 600 V CAT IV est\u00e1 aprobado para su uso en la entrada de servicio  Precisi\u00f3n en entornos con ruido: La pinza amperim\u00e9trica es capaz de trabajar incluso con formas de onda distorsionada presentes en ambientes con cargas electr\u00f3nicas gracias a su filtro de paso bajo  Registro de datos: Identifique problemas intermitentes a trav\u00e9s del registro de cualquier par\u00e1metro de calidad el\u00e9ctrica, incluidos arm\u00f3nicos, durante minutos o meses Comprobaci\u00f3n de bater\u00edas: Medida directa del rizado CC (%) en sistemas de corriente CC y bater\u00edas  Soluci\u00f3n de problemas causados por arm\u00f3nicas: Analice y registre arm\u00f3nicas de forma digital o a trav\u00e9s de gr\u00e1ficas  Corriente de arranque: capture y analice las desconexiones inoportunas, desde 3 a 300 segundos  F\u00e1cil de usar: Confirme f\u00e1cilmente la configuraci\u00f3n del equipo gracias a su gran pantalla retroiluminada a color para la visualizaci\u00f3n de formas de onda y gr\u00e1ficos de tendencias  Descarga USB: Descargue el registro de datos con el software de aplicaci\u00f3n PowerLog para ver las tendencias y capturas de pantalla, analizar y generar informes muy f\u00e1cilmente.  Eliminador de bater\u00eda: Alimenta el instrumento cuando se llevan a cabo sesiones extendidas de registro.  Corriente trif\u00e1sica:Capacidad incorporada para cargas balanceadas  Visualizaci\u00f3n de gr\u00e1ficos y generaci\u00f3n de informes: Utilice el analizador de energ\u00eda con el software PowerLog incluido","og_url":"https:\/\/techmasterdemexico.com\/producto\/pinza-amperimetrica-de-calidad-electrica-fluke-345\/","og_site_name":"Techmaster de Mexico","article_modified_time":"2022-03-25T08:06:44+00:00","og_image":[{"width":1800,"height":1800,"url":"https:\/\/techmasterdemexico.com\/wp-content\/uploads\/2021\/08\/345.jpg","type":"image\/jpeg"}],"twitter_card":"summary_large_image","twitter_misc":{"Est. reading time":"4 minutes"},"schema":{"@context":"https:\/\/schema.org","@graph":[{"@type":"WebPage","@id":"https:\/\/techmasterdemexico.com\/producto\/pinza-amperimetrica-de-calidad-electrica-fluke-345\/","url":"https:\/\/techmasterdemexico.com\/producto\/pinza-amperimetrica-de-calidad-electrica-fluke-345\/","name":"Pinza amperim\u00e9trica de calidad el\u00e9ctrica Fluke 345 - Techmaster de Mexico","isPartOf":{"@id":"https:\/\/techmasterdemexico.com\/#website"},"primaryImageOfPage":{"@id":"https:\/\/techmasterdemexico.com\/producto\/pinza-amperimetrica-de-calidad-electrica-fluke-345\/#primaryimage"},"image":{"@id":"https:\/\/techmasterdemexico.com\/producto\/pinza-amperimetrica-de-calidad-electrica-fluke-345\/#primaryimage"},"thumbnailUrl":"https:\/\/techmasterdemexico.com\/wp-content\/uploads\/2021\/08\/345.jpg","datePublished":"2021-08-19T17:42:30+00:00","dateModified":"2022-03-25T08:06:44+00:00","breadcrumb":{"@id":"https:\/\/techmasterdemexico.com\/producto\/pinza-amperimetrica-de-calidad-electrica-fluke-345\/#breadcrumb"},"inLanguage":"en-US","potentialAction":[{"@type":"ReadAction","target":["https:\/\/techmasterdemexico.com\/producto\/pinza-amperimetrica-de-calidad-electrica-fluke-345\/"]}]},{"@type":"ImageObject","inLanguage":"en-US","@id":"https:\/\/techmasterdemexico.com\/producto\/pinza-amperimetrica-de-calidad-electrica-fluke-345\/#primaryimage","url":"https:\/\/techmasterdemexico.com\/wp-content\/uploads\/2021\/08\/345.jpg","contentUrl":"https:\/\/techmasterdemexico.com\/wp-content\/uploads\/2021\/08\/345.jpg","width":1800,"height":1800},{"@type":"BreadcrumbList","@id":"https:\/\/techmasterdemexico.com\/producto\/pinza-amperimetrica-de-calidad-electrica-fluke-345\/#breadcrumb","itemListElement":[{"@type":"ListItem","position":1,"name":"Portada","item":"https:\/\/techmasterdemexico.com\/"},{"@type":"ListItem","position":2,"name":"Pinza amperim\u00e9trica de calidad el\u00e9ctrica Fluke 345"}]},{"@type":"WebSite","@id":"https:\/\/techmasterdemexico.com\/#website","url":"https:\/\/techmasterdemexico.com\/","name":"Techmaster de Mexico","description":"","potentialAction":[{"@type":"SearchAction","target":{"@type":"EntryPoint","urlTemplate":"https:\/\/techmasterdemexico.com\/?s={search_term_string}"},"query-input":{"@type":"PropertyValueSpecification","valueRequired":true,"valueName":"search_term_string"}}],"inLanguage":"en-US"}]}},"brands":[{"id":31,"name":"Fluke","slug":"fluke"}],"_links":{"self":[{"href":"https:\/\/techmasterdemexico.com\/en\/wp-json\/wp\/v2\/product\/8067","targetHints":{"allow":["GET"]}}],"collection":[{"href":"https:\/\/techmasterdemexico.com\/en\/wp-json\/wp\/v2\/product"}],"about":[{"href":"https:\/\/techmasterdemexico.com\/en\/wp-json\/wp\/v2\/types\/product"}],"wp:featuredmedia":[{"embeddable":true,"href":"https:\/\/techmasterdemexico.com\/en\/wp-json\/wp\/v2\/media\/19130"}],"wp:attachment":[{"href":"https:\/\/techmasterdemexico.com\/en\/wp-json\/wp\/v2\/media?parent=8067"}],"wp:term":[{"taxonomy":"pwb-brand","embeddable":true,"href":"https:\/\/techmasterdemexico.com\/en\/wp-json\/wp\/v2\/pwb-brand?post=8067"},{"taxonomy":"product_brand","embeddable":true,"href":"https:\/\/techmasterdemexico.com\/en\/wp-json\/wp\/v2\/product_brand?post=8067"},{"taxonomy":"product_cat","embeddable":true,"href":"https:\/\/techmasterdemexico.com\/en\/wp-json\/wp\/v2\/product_cat?post=8067"},{"taxonomy":"product_tag","embeddable":true,"href":"https:\/\/techmasterdemexico.com\/en\/wp-json\/wp\/v2\/product_tag?post=8067"}],"curies":[{"name":"wp","href":"https:\/\/api.w.org\/{rel}","templated":true}]}}