{"id":8066,"date":"2021-08-19T17:42:25","date_gmt":"2021-08-19T17:42:25","guid":{"rendered":"http:\/\/techmastermx.ddns.net\/producto\/pinza-amperimetrica-fluke-355-de-verdadero-valor-eficaz-de-2000-a\/"},"modified":"2021-12-28T22:11:18","modified_gmt":"2021-12-28T22:11:18","slug":"pinza-amperimetrica-fluke-355-de-verdadero-valor-eficaz-de-2000-a","status":"publish","type":"product","link":"https:\/\/techmasterdemexico.com\/en\/producto\/pinza-amperimetrica-fluke-355-de-verdadero-valor-eficaz-de-2000-a\/","title":{"rendered":"Pinza amperim\u00e9trica Fluke 355 de verdadero valor eficaz de 2000 A"},"content":{"rendered":"<p>Pinza amperim\u00e9trica Fluke 355 de verdadero valor eficaz de 2000 A<\/p>\n<p>Instrumento vers\u00e1til y resistente para aplicaciones de corriente elevada<\/p>\n<p>Tome lecturas confiables con la pinza amperim\u00e9trica digital Fluke 353 de verdadero valor eficaz, la mejor elecci\u00f3n en herramientas para medidas de amperes con pinzas de hasta 2000 A. La mordaza extra amplia se sujeta f\u00e1cilmente a conductores grandes usados com\u00fanmente en aplicaciones de corriente elevada. Su dise\u00f1o de gran robustez y su seguridad de acuerdo a CAT IV 600 V y CAT III 1000 V suponen un elemento adicional de protecci\u00f3n para el usuario a la hora de tomar medidas de alta potencia.<\/p>\n<p>Gracias a su funci\u00f3n de medida de corrientes de arranque, pueden hacerse mediciones de pico, muy adecuadas para motores y cargas inductivas.<\/p>\n","protected":false},"excerpt":{"rendered":"<ul>\n<li>Maneje con confianza una amplia gama de aplicaciones de corriente elevada con verdadero valor eficaz de 2000 A CA + CC, 1400 A CA y 2000 A CC<\/li>\n<li>Gran capacidad de mordaza de 58 mm (2,3 pulg.), adecuada para conductores m\u00faltiples o grandes<\/li>\n<li>Clasificaci\u00f3n CAT IV 600 V, CAT III 1000 V que ofrece una mayor protecci\u00f3n al usuario<\/li>\n<li>Medida de corriente de arranque (in-rush) para capturar sobrecorrientes de &#8220;activaci\u00f3n&#8221; con precisi\u00f3n y repetibilidad<\/li>\n<li>Medidas de alta tensi\u00f3n de verdadero valor eficaz de 1000 V CA + CC, 600 V CA y 1000 V CC que permiten al usuario realizar diversas pruebas con solo una herramienta<\/li>\n<li>Resistencia a 400 K-ohmios unida a una se\u00f1al ac\u00fastica de continuidad que ofrece la comodidad de un mult\u00edmetro en unas pinzas amperim\u00e9tricas.<\/li>\n<li>Medida precisa de la frecuencia hasta 1 kHz para una \u00f3ptima detecci\u00f3n y resoluci\u00f3n de problemas<\/li>\n<li>R\u00e1pido an\u00e1lisis de las lecturas con las funciones de m\u00ednimo, m\u00e1ximo y promedio<\/li>\n<li>Una gran pantalla con luz de fondo que facilita la visibilidad en \u00e1reas con poca iluminaci\u00f3n<\/li>\n<li>Utiliza la funci\u00f3n de retenci\u00f3n de lectura para capturar lecturas incluso cuando no se puede visualizar la pantalla<\/li>\n<li>Utiliza el filtro de paso bajo para suavizar cargas ruidosas y estabilizar lecturas<\/li>\n<\/ul>\n","protected":false},"featured_media":9005,"template":"","meta":{"_acf_changed":false},"pwb-brand":[31],"product_brand":[],"product_cat":[366,30,41],"product_tag":[],"class_list":{"0":"post-8066","1":"product","2":"type-product","3":"status-publish","4":"has-post-thumbnail","6":"pwb-brand-fluke","7":"product_cat-todos-los-productos","8":"product_cat-fluke","9":"product_cat-pinzas-amperimetricas","11":"first","12":"instock","13":"taxable","14":"shipping-taxable","15":"product-type-simple"},"acf":[],"yoast_head":"<!-- This site is optimized with the Yoast SEO plugin v27.5 - https:\/\/yoast.com\/product\/yoast-seo-wordpress\/ -->\n<title>Pinza amperim\u00e9trica Fluke 355 de verdadero valor eficaz de 2000 A - Techmaster de Mexico<\/title>\n<meta name=\"robots\" content=\"index, follow, max-snippet:-1, max-image-preview:large, max-video-preview:-1\" \/>\n<link rel=\"canonical\" href=\"https:\/\/techmasterdemexico.com\/producto\/pinza-amperimetrica-fluke-355-de-verdadero-valor-eficaz-de-2000-a\/\" \/>\n<meta property=\"og:locale\" content=\"en_US\" \/>\n<meta property=\"og:type\" content=\"article\" \/>\n<meta property=\"og:title\" content=\"Pinza amperim\u00e9trica Fluke 355 de verdadero valor eficaz de 2000 A - Techmaster de Mexico\" \/>\n<meta property=\"og:description\" content=\"Maneje con confianza una amplia gama de aplicaciones de corriente elevada con verdadero valor eficaz de 2000 A CA + CC, 1400 A CA y 2000 A CC   Gran capacidad de mordaza de 58 mm (2,3 pulg.), adecuada para conductores m\u00faltiples o grandes   Clasificaci\u00f3n CAT IV 600 V, CAT III 1000 V que ofrece una mayor protecci\u00f3n al usuario   Medida de corriente de arranque (in-rush) para capturar sobrecorrientes de &quot;activaci\u00f3n&quot; con precisi\u00f3n y repetibilidad   Medidas de alta tensi\u00f3n de verdadero valor eficaz de 1000 V CA + CC, 600 V CA y 1000 V CC que permiten al usuario realizar diversas pruebas con solo una herramienta   Resistencia a 400 K-ohmios unida a una se\u00f1al ac\u00fastica de continuidad que ofrece la comodidad de un mult\u00edmetro en unas pinzas amperim\u00e9tricas.   Medida precisa de la frecuencia hasta 1 kHz para una \u00f3ptima detecci\u00f3n y resoluci\u00f3n de problemas   R\u00e1pido an\u00e1lisis de las lecturas con las funciones de m\u00ednimo, m\u00e1ximo y promedio   Una gran pantalla con luz de fondo que facilita la visibilidad en \u00e1reas con poca iluminaci\u00f3n   Utiliza la funci\u00f3n de retenci\u00f3n de lectura para capturar lecturas incluso cuando no se puede visualizar la pantalla   Utiliza el filtro de paso bajo para suavizar cargas ruidosas y estabilizar lecturas\" \/>\n<meta property=\"og:url\" content=\"https:\/\/techmasterdemexico.com\/producto\/pinza-amperimetrica-fluke-355-de-verdadero-valor-eficaz-de-2000-a\/\" \/>\n<meta property=\"og:site_name\" content=\"Techmaster de Mexico\" \/>\n<meta property=\"article:modified_time\" content=\"2021-12-28T22:11:18+00:00\" \/>\n<meta property=\"og:image\" content=\"https:\/\/techmasterdemexico.com\/wp-content\/uploads\/2021\/08\/1-61.jpg\" \/>\n\t<meta property=\"og:image:width\" content=\"500\" \/>\n\t<meta property=\"og:image:height\" content=\"500\" \/>\n\t<meta property=\"og:image:type\" content=\"image\/jpeg\" \/>\n<meta name=\"twitter:card\" content=\"summary_large_image\" \/>\n<meta name=\"twitter:label1\" content=\"Est. reading time\" \/>\n\t<meta name=\"twitter:data1\" content=\"1 minute\" \/>\n<script type=\"application\/ld+json\" class=\"yoast-schema-graph\">{\"@context\":\"https:\\\/\\\/schema.org\",\"@graph\":[{\"@type\":\"WebPage\",\"@id\":\"https:\\\/\\\/techmasterdemexico.com\\\/producto\\\/pinza-amperimetrica-fluke-355-de-verdadero-valor-eficaz-de-2000-a\\\/\",\"url\":\"https:\\\/\\\/techmasterdemexico.com\\\/producto\\\/pinza-amperimetrica-fluke-355-de-verdadero-valor-eficaz-de-2000-a\\\/\",\"name\":\"Pinza amperim\u00e9trica Fluke 355 de verdadero valor eficaz de 2000 A - Techmaster de Mexico\",\"isPartOf\":{\"@id\":\"https:\\\/\\\/techmasterdemexico.com\\\/#website\"},\"primaryImageOfPage\":{\"@id\":\"https:\\\/\\\/techmasterdemexico.com\\\/producto\\\/pinza-amperimetrica-fluke-355-de-verdadero-valor-eficaz-de-2000-a\\\/#primaryimage\"},\"image\":{\"@id\":\"https:\\\/\\\/techmasterdemexico.com\\\/producto\\\/pinza-amperimetrica-fluke-355-de-verdadero-valor-eficaz-de-2000-a\\\/#primaryimage\"},\"thumbnailUrl\":\"https:\\\/\\\/techmasterdemexico.com\\\/wp-content\\\/uploads\\\/2021\\\/08\\\/1-61.jpg\",\"datePublished\":\"2021-08-19T17:42:25+00:00\",\"dateModified\":\"2021-12-28T22:11:18+00:00\",\"breadcrumb\":{\"@id\":\"https:\\\/\\\/techmasterdemexico.com\\\/producto\\\/pinza-amperimetrica-fluke-355-de-verdadero-valor-eficaz-de-2000-a\\\/#breadcrumb\"},\"inLanguage\":\"en-US\",\"potentialAction\":[{\"@type\":\"ReadAction\",\"target\":[\"https:\\\/\\\/techmasterdemexico.com\\\/producto\\\/pinza-amperimetrica-fluke-355-de-verdadero-valor-eficaz-de-2000-a\\\/\"]}]},{\"@type\":\"ImageObject\",\"inLanguage\":\"en-US\",\"@id\":\"https:\\\/\\\/techmasterdemexico.com\\\/producto\\\/pinza-amperimetrica-fluke-355-de-verdadero-valor-eficaz-de-2000-a\\\/#primaryimage\",\"url\":\"https:\\\/\\\/techmasterdemexico.com\\\/wp-content\\\/uploads\\\/2021\\\/08\\\/1-61.jpg\",\"contentUrl\":\"https:\\\/\\\/techmasterdemexico.com\\\/wp-content\\\/uploads\\\/2021\\\/08\\\/1-61.jpg\",\"width\":500,\"height\":500},{\"@type\":\"BreadcrumbList\",\"@id\":\"https:\\\/\\\/techmasterdemexico.com\\\/producto\\\/pinza-amperimetrica-fluke-355-de-verdadero-valor-eficaz-de-2000-a\\\/#breadcrumb\",\"itemListElement\":[{\"@type\":\"ListItem\",\"position\":1,\"name\":\"Portada\",\"item\":\"https:\\\/\\\/techmasterdemexico.com\\\/\"},{\"@type\":\"ListItem\",\"position\":2,\"name\":\"Pinza amperim\u00e9trica Fluke 355 de verdadero valor eficaz de 2000 A\"}]},{\"@type\":\"WebSite\",\"@id\":\"https:\\\/\\\/techmasterdemexico.com\\\/#website\",\"url\":\"https:\\\/\\\/techmasterdemexico.com\\\/\",\"name\":\"Techmaster de Mexico\",\"description\":\"\",\"potentialAction\":[{\"@type\":\"SearchAction\",\"target\":{\"@type\":\"EntryPoint\",\"urlTemplate\":\"https:\\\/\\\/techmasterdemexico.com\\\/?s={search_term_string}\"},\"query-input\":{\"@type\":\"PropertyValueSpecification\",\"valueRequired\":true,\"valueName\":\"search_term_string\"}}],\"inLanguage\":\"en-US\"}]}<\/script>\n<!-- \/ Yoast SEO plugin. -->","yoast_head_json":{"title":"Pinza amperim\u00e9trica Fluke 355 de verdadero valor eficaz de 2000 A - Techmaster de Mexico","robots":{"index":"index","follow":"follow","max-snippet":"max-snippet:-1","max-image-preview":"max-image-preview:large","max-video-preview":"max-video-preview:-1"},"canonical":"https:\/\/techmasterdemexico.com\/producto\/pinza-amperimetrica-fluke-355-de-verdadero-valor-eficaz-de-2000-a\/","og_locale":"en_US","og_type":"article","og_title":"Pinza amperim\u00e9trica Fluke 355 de verdadero valor eficaz de 2000 A - Techmaster de Mexico","og_description":"Maneje con confianza una amplia gama de aplicaciones de corriente elevada con verdadero valor eficaz de 2000 A CA + CC, 1400 A CA y 2000 A CC   Gran capacidad de mordaza de 58 mm (2,3 pulg.), adecuada para conductores m\u00faltiples o grandes   Clasificaci\u00f3n CAT IV 600 V, CAT III 1000 V que ofrece una mayor protecci\u00f3n al usuario   Medida de corriente de arranque (in-rush) para capturar sobrecorrientes de \"activaci\u00f3n\" con precisi\u00f3n y repetibilidad   Medidas de alta tensi\u00f3n de verdadero valor eficaz de 1000 V CA + CC, 600 V CA y 1000 V CC que permiten al usuario realizar diversas pruebas con solo una herramienta   Resistencia a 400 K-ohmios unida a una se\u00f1al ac\u00fastica de continuidad que ofrece la comodidad de un mult\u00edmetro en unas pinzas amperim\u00e9tricas.   Medida precisa de la frecuencia hasta 1 kHz para una \u00f3ptima detecci\u00f3n y resoluci\u00f3n de problemas   R\u00e1pido an\u00e1lisis de las lecturas con las funciones de m\u00ednimo, m\u00e1ximo y promedio   Una gran pantalla con luz de fondo que facilita la visibilidad en \u00e1reas con poca iluminaci\u00f3n   Utiliza la funci\u00f3n de retenci\u00f3n de lectura para capturar lecturas incluso cuando no se puede visualizar la pantalla   Utiliza el filtro de paso bajo para suavizar cargas ruidosas y estabilizar lecturas","og_url":"https:\/\/techmasterdemexico.com\/producto\/pinza-amperimetrica-fluke-355-de-verdadero-valor-eficaz-de-2000-a\/","og_site_name":"Techmaster de Mexico","article_modified_time":"2021-12-28T22:11:18+00:00","og_image":[{"width":500,"height":500,"url":"https:\/\/techmasterdemexico.com\/wp-content\/uploads\/2021\/08\/1-61.jpg","type":"image\/jpeg"}],"twitter_card":"summary_large_image","twitter_misc":{"Est. reading time":"1 minute"},"schema":{"@context":"https:\/\/schema.org","@graph":[{"@type":"WebPage","@id":"https:\/\/techmasterdemexico.com\/producto\/pinza-amperimetrica-fluke-355-de-verdadero-valor-eficaz-de-2000-a\/","url":"https:\/\/techmasterdemexico.com\/producto\/pinza-amperimetrica-fluke-355-de-verdadero-valor-eficaz-de-2000-a\/","name":"Pinza amperim\u00e9trica Fluke 355 de verdadero valor eficaz de 2000 A - Techmaster de Mexico","isPartOf":{"@id":"https:\/\/techmasterdemexico.com\/#website"},"primaryImageOfPage":{"@id":"https:\/\/techmasterdemexico.com\/producto\/pinza-amperimetrica-fluke-355-de-verdadero-valor-eficaz-de-2000-a\/#primaryimage"},"image":{"@id":"https:\/\/techmasterdemexico.com\/producto\/pinza-amperimetrica-fluke-355-de-verdadero-valor-eficaz-de-2000-a\/#primaryimage"},"thumbnailUrl":"https:\/\/techmasterdemexico.com\/wp-content\/uploads\/2021\/08\/1-61.jpg","datePublished":"2021-08-19T17:42:25+00:00","dateModified":"2021-12-28T22:11:18+00:00","breadcrumb":{"@id":"https:\/\/techmasterdemexico.com\/producto\/pinza-amperimetrica-fluke-355-de-verdadero-valor-eficaz-de-2000-a\/#breadcrumb"},"inLanguage":"en-US","potentialAction":[{"@type":"ReadAction","target":["https:\/\/techmasterdemexico.com\/producto\/pinza-amperimetrica-fluke-355-de-verdadero-valor-eficaz-de-2000-a\/"]}]},{"@type":"ImageObject","inLanguage":"en-US","@id":"https:\/\/techmasterdemexico.com\/producto\/pinza-amperimetrica-fluke-355-de-verdadero-valor-eficaz-de-2000-a\/#primaryimage","url":"https:\/\/techmasterdemexico.com\/wp-content\/uploads\/2021\/08\/1-61.jpg","contentUrl":"https:\/\/techmasterdemexico.com\/wp-content\/uploads\/2021\/08\/1-61.jpg","width":500,"height":500},{"@type":"BreadcrumbList","@id":"https:\/\/techmasterdemexico.com\/producto\/pinza-amperimetrica-fluke-355-de-verdadero-valor-eficaz-de-2000-a\/#breadcrumb","itemListElement":[{"@type":"ListItem","position":1,"name":"Portada","item":"https:\/\/techmasterdemexico.com\/"},{"@type":"ListItem","position":2,"name":"Pinza amperim\u00e9trica Fluke 355 de verdadero valor eficaz de 2000 A"}]},{"@type":"WebSite","@id":"https:\/\/techmasterdemexico.com\/#website","url":"https:\/\/techmasterdemexico.com\/","name":"Techmaster de Mexico","description":"","potentialAction":[{"@type":"SearchAction","target":{"@type":"EntryPoint","urlTemplate":"https:\/\/techmasterdemexico.com\/?s={search_term_string}"},"query-input":{"@type":"PropertyValueSpecification","valueRequired":true,"valueName":"search_term_string"}}],"inLanguage":"en-US"}]}},"brands":[{"id":31,"name":"Fluke","slug":"fluke"}],"_links":{"self":[{"href":"https:\/\/techmasterdemexico.com\/en\/wp-json\/wp\/v2\/product\/8066","targetHints":{"allow":["GET"]}}],"collection":[{"href":"https:\/\/techmasterdemexico.com\/en\/wp-json\/wp\/v2\/product"}],"about":[{"href":"https:\/\/techmasterdemexico.com\/en\/wp-json\/wp\/v2\/types\/product"}],"wp:featuredmedia":[{"embeddable":true,"href":"https:\/\/techmasterdemexico.com\/en\/wp-json\/wp\/v2\/media\/9005"}],"wp:attachment":[{"href":"https:\/\/techmasterdemexico.com\/en\/wp-json\/wp\/v2\/media?parent=8066"}],"wp:term":[{"taxonomy":"pwb-brand","embeddable":true,"href":"https:\/\/techmasterdemexico.com\/en\/wp-json\/wp\/v2\/pwb-brand?post=8066"},{"taxonomy":"product_brand","embeddable":true,"href":"https:\/\/techmasterdemexico.com\/en\/wp-json\/wp\/v2\/product_brand?post=8066"},{"taxonomy":"product_cat","embeddable":true,"href":"https:\/\/techmasterdemexico.com\/en\/wp-json\/wp\/v2\/product_cat?post=8066"},{"taxonomy":"product_tag","embeddable":true,"href":"https:\/\/techmasterdemexico.com\/en\/wp-json\/wp\/v2\/product_tag?post=8066"}],"curies":[{"name":"wp","href":"https:\/\/api.w.org\/{rel}","templated":true}]}}