{"id":8065,"date":"2021-08-19T17:42:24","date_gmt":"2021-08-20T00:42:24","guid":{"rendered":"http:\/\/techmastermx.ddns.net\/producto\/pinza-amperimetrica-ma-para-procesos-fluke-773\/"},"modified":"2023-03-28T16:43:28","modified_gmt":"2023-03-28T23:43:28","slug":"pinza-amperimetrica-ma-para-procesos-fluke-773","status":"publish","type":"product","link":"https:\/\/techmasterdemexico.com\/en\/producto\/pinza-amperimetrica-ma-para-procesos-fluke-773\/","title":{"rendered":"Pinza amperim\u00e9trica mA para procesos Fluke 773"},"content":{"rendered":"<p>Pinza amperim\u00e9trica mA para procesos Fluke 773<\/p>\n<p>\u00bfNecesita que el d\u00eda tenga m\u00e1s horas?<\/p>\n<p>Ahorre tiempo SIN interrumpir el circuito en las mediciones de las se\u00f1ales de 4 a 20 mA.<\/p>\n<p>Si pierde tiempo al:<\/p>\n<ul>\n<li>retirar los cables e interrumpir los circuitos para tomar medidas de mA;<\/li>\n<li>llamar al centro de control para aislar circuitos;<\/li>\n<li>comprobar las entradas y salidas anal\u00f3gicas en una consola;<\/li>\n<li>resolver los problemas de dispositivos con entrada y salida de mA;<\/li>\n<li>reparar los circuitos intermitentes o err\u00e1ticos de 4 a 20 mA.<\/li>\n<li>volviendo a la tienda a por m\u00e1s instrumentos?<\/li>\n<\/ul>\n<p>Si necesita m\u00e1s tiempo en su ocupado d\u00eda observe cuidadosamente las pinzas amperim\u00e9tricas para medir miliamperios Fluke 773 Est\u00e1 dise\u00f1ado para ahorrarle tiempo y dinero suprimiendo las actividades que consumen su tiempo. Ahora, puede solucionar y reparar los circuitos de 4 a 20 mA sin interrumpirlos y sin parar el sistema.<\/p>\n<p>A continuaci\u00f3n encontrar\u00e1 algunas maneras espec\u00edficas en las que las pinzas amperim\u00e9tricas Fluke 773 le ayudar\u00e1n:<\/p>\n<p>Caracter\u00edsticas de las pinzas amperim\u00e9tricas para medici\u00f3n de miliamperios<\/p>\n<p>Mide las se\u00f1ales de mA de un PLC y la se\u00f1al anal\u00f3gica de entrada\/salida del sistema de control sin interrumpir los circuitos.<\/p>\n<ul>\n<li>Mide corrientes de bajo rango<\/li>\n<li>Relaciona la indicaci\u00f3n de procesos con valores f\u00edsicos reales<\/li>\n<\/ul>\n<p>Medici\u00f3n de las se\u00f1ales de salida de los transmisores sin interrumpir el lazo<\/p>\n<ul>\n<li>Mantiene y detecta problemas en equipos de procesos y automatizaci\u00f3n sin abrir los circuitos.<\/li>\n<li>No interrumpe los procesos<\/li>\n<\/ul>\n<p>Pinza desmontable con cable de extensi\u00f3n<\/p>\n<ul>\n<li>Medidas en zonas de dif\u00edcil acceso.<\/li>\n<li>Permite realizar medidas en situaciones complicadas<\/li>\n<\/ul>\n<p>Foco de medici\u00f3n<\/p>\n<ul>\n<li>Ilumina cables dif\u00edciles de ver en zonas con iluminaci\u00f3n insuficiente<\/li>\n<li>El proceso de medida es m\u00e1s f\u00e1cil y r\u00e1pido<\/li>\n<\/ul>\n<p>Mida hasta un intervalo de 99.9 mA sin contacto<\/p>\n<ul>\n<li>Amplio rango de medidas<\/li>\n<li>Mide se\u00f1ales de 10 a 50 mA en sistemas de control antiguos<\/li>\n<\/ul>\n<p>Apagado autom\u00e1tico<\/p>\n<ul>\n<li>Desconexi\u00f3n autom\u00e1tica del foco y la retroiluminaci\u00f3n despu\u00e9s de 15 minutos y 2 minutos respectivamente.<\/li>\n<li>Ahorra vida \u00fatil de la bater\u00eda<\/li>\n<\/ul>\n","protected":false},"excerpt":{"rendered":"<p>La pinza amperim\u00e9trica de mA 773 incluye:<\/p>\n<ul>\n<li>Mejor precisi\u00f3n de su categor\u00eda: 0.2 %<\/li>\n<li>Resoluci\u00f3n y sensibilidad de 0.01 mA<\/li>\n<li>Se\u00f1ales de medici\u00f3n de 4 a 20 mA sin \u201cinterrumpir el circuito\u201d.<\/li>\n<li>Medici\u00f3n de se\u00f1ales en mA para E\/S anal\u00f3gica del sistema de control y del PLC<\/li>\n<li>Pantalla doble con iluminaci\u00f3n de fondo, con la medici\u00f3n en mA y el porcentaje del intervalo de 4 a 20 mA<\/li>\n<li>Foco para iluminar cables en zonas con iluminaci\u00f3n insuficiente<\/li>\n<li>Pinza desmontable con cable de extensi\u00f3n para mediciones en lugares estrechos.<\/li>\n<li>Medici\u00f3n de se\u00f1ales de 10 a 50 mA en sistemas de control m\u00e1s antiguos usando el rango de 99.9 mA<\/li>\n<li>Cambio autom\u00e1tico de la salida de 4 a 20 mA para comprobaci\u00f3n a distancia<\/li>\n<li>Caracter\u00edsticas de ahorro de energ\u00eda, desconexi\u00f3n autom\u00e1tica, desconexi\u00f3n de retroiluminaci\u00f3n para prolongar la vida \u00fatil de las bater\u00edas<\/li>\n<li>La funci\u00f3n de retenci\u00f3n captura y muestra las mediciones en continuo cambio<\/li>\n<li>Medida de se\u00f1ales de 4 a 20 mA con medida interna del circuito<\/li>\n<li>Medida simult\u00e1nea de mA en el circuito con alimentaci\u00f3n de lazo de 24 V para la conexi\u00f3n y comprobaci\u00f3n de transmisores<\/li>\n<li>Generaci\u00f3n de se\u00f1ales de 4 a 20 mA para pruebas de E\/S o I\/P de los sistemas de control<\/li>\n<li>Salida de mA de rampa lineal o de incremento de un 25 %<\/li>\n<li>Cambio autom\u00e1tico de la salida de 4 a 20 mA para comprobaci\u00f3n a distancia<\/li>\n<li>Medida de voltaje CC para verificar fuentes de alimentaci\u00f3n de 24V o se\u00f1ales de voltaje E\/S<\/li>\n<li>Generaci\u00f3n de voltaje CC para comprobaci\u00f3n de dispositivos de entrada que aceptan una se\u00f1al de 1 a 5 voltios o de 0 a 10 voltios<\/li>\n<li>La salida graduada de mA proporciona una se\u00f1al continua de mA que corresponde a la se\u00f1al de 4 a 20 mA medida con la pinza amperim\u00e9trica (mA)<\/li>\n<li>Permite registros de se\u00f1ales en miliamperios en un dispositivo de registros independiente sin romper el lazo.<\/li>\n<li>La se\u00f1al de salida de mA permite a un mult\u00edmetro digital con registro de datos o a cualquier otro dispositivo registrar la se\u00f1al de 4 a 20 mA sin interrumpir el circuito<\/li>\n<li>Salida\/entrada de mA: medida simult\u00e1nea de la se\u00f1al de mA con la pinza y generaci\u00f3n de una se\u00f1al de mA<\/li>\n<li>Aplicaci\u00f3n de una se\u00f1al de entrada de mA a un dispositivo y medici\u00f3n de la salida de 4 a 20 mA en dispositivos como v\u00e1lvulas o aislantes de mA<\/li>\n<li>Salida de voltaje de salida de rampa lineal o de incremento de un 25 %<\/li>\n<li>Cambio autom\u00e1tico de la salida de voltaje para comprobaci\u00f3n a distancia<\/li>\n<\/ul>\n","protected":false},"featured_media":9296,"template":"","meta":{"_acf_changed":false},"pwb-brand":[31],"product_brand":[],"product_cat":[366,30,41],"product_tag":[],"class_list":{"0":"post-8065","1":"product","2":"type-product","3":"status-publish","4":"has-post-thumbnail","6":"pwb-brand-fluke","7":"product_cat-todos-los-productos","8":"product_cat-fluke","9":"product_cat-pinzas-amperimetricas","11":"first","12":"outofstock","13":"taxable","14":"shipping-taxable","15":"product-type-simple"},"acf":[],"yoast_head":"<!-- This site is optimized with the Yoast SEO plugin v27.4 - https:\/\/yoast.com\/product\/yoast-seo-wordpress\/ -->\n<title>Pinza amperim\u00e9trica mA para procesos Fluke 773 - Techmaster de Mexico<\/title>\n<meta name=\"robots\" content=\"index, follow, max-snippet:-1, max-image-preview:large, max-video-preview:-1\" \/>\n<link rel=\"canonical\" href=\"https:\/\/techmasterdemexico.com\/producto\/pinza-amperimetrica-ma-para-procesos-fluke-773\/\" \/>\n<meta property=\"og:locale\" content=\"en_US\" \/>\n<meta property=\"og:type\" content=\"article\" \/>\n<meta property=\"og:title\" content=\"Pinza amperim\u00e9trica mA para procesos Fluke 773 - Techmaster de Mexico\" \/>\n<meta property=\"og:description\" content=\"La pinza amperim\u00e9trica de mA 773 incluye:    Mejor precisi\u00f3n de su categor\u00eda: 0.2 %   Resoluci\u00f3n y sensibilidad de 0.01 mA   Se\u00f1ales de medici\u00f3n de 4 a 20 mA sin \u201cinterrumpir el circuito\u201d.   Medici\u00f3n de se\u00f1ales en mA para E\/S anal\u00f3gica del sistema de control y del PLC   Pantalla doble con iluminaci\u00f3n de fondo, con la medici\u00f3n en mA y el porcentaje del intervalo de 4 a 20 mA   Foco para iluminar cables en zonas con iluminaci\u00f3n insuficiente   Pinza desmontable con cable de extensi\u00f3n para mediciones en lugares estrechos.   Medici\u00f3n de se\u00f1ales de 10 a 50 mA en sistemas de control m\u00e1s antiguos usando el rango de 99.9 mA   Cambio autom\u00e1tico de la salida de 4 a 20 mA para comprobaci\u00f3n a distancia   Caracter\u00edsticas de ahorro de energ\u00eda, desconexi\u00f3n autom\u00e1tica, desconexi\u00f3n de retroiluminaci\u00f3n para prolongar la vida \u00fatil de las bater\u00edas   La funci\u00f3n de retenci\u00f3n captura y muestra las mediciones en continuo cambio   Medida de se\u00f1ales de 4 a 20 mA con medida interna del circuito   Medida simult\u00e1nea de mA en el circuito con alimentaci\u00f3n de lazo de 24 V para la conexi\u00f3n y comprobaci\u00f3n de transmisores   Generaci\u00f3n de se\u00f1ales de 4 a 20 mA para pruebas de E\/S o I\/P de los sistemas de control   Salida de mA de rampa lineal o de incremento de un 25 %   Cambio autom\u00e1tico de la salida de 4 a 20 mA para comprobaci\u00f3n a distancia   Medida de voltaje CC para verificar fuentes de alimentaci\u00f3n de 24V o se\u00f1ales de voltaje E\/S   Generaci\u00f3n de voltaje CC para comprobaci\u00f3n de dispositivos de entrada que aceptan una se\u00f1al de 1 a 5 voltios o de 0 a 10 voltios   La salida graduada de mA proporciona una se\u00f1al continua de mA que corresponde a la se\u00f1al de 4 a 20 mA medida con la pinza amperim\u00e9trica (mA)   Permite registros de se\u00f1ales en miliamperios en un dispositivo de registros independiente sin romper el lazo.   La se\u00f1al de salida de mA permite a un mult\u00edmetro digital con registro de datos o a cualquier otro dispositivo registrar la se\u00f1al de 4 a 20 mA sin interrumpir el circuito   Salida\/entrada de mA: medida simult\u00e1nea de la se\u00f1al de mA con la pinza y generaci\u00f3n de una se\u00f1al de mA   Aplicaci\u00f3n de una se\u00f1al de entrada de mA a un dispositivo y medici\u00f3n de la salida de 4 a 20 mA en dispositivos como v\u00e1lvulas o aislantes de mA   Salida de voltaje de salida de rampa lineal o de incremento de un 25 %   Cambio autom\u00e1tico de la salida de voltaje para comprobaci\u00f3n a distancia\" \/>\n<meta property=\"og:url\" content=\"https:\/\/techmasterdemexico.com\/producto\/pinza-amperimetrica-ma-para-procesos-fluke-773\/\" \/>\n<meta property=\"og:site_name\" content=\"Techmaster de Mexico\" \/>\n<meta property=\"article:modified_time\" content=\"2023-03-28T23:43:28+00:00\" \/>\n<meta property=\"og:image\" content=\"https:\/\/techmasterdemexico.com\/wp-content\/uploads\/2021\/08\/1-101.jpg\" \/>\n\t<meta property=\"og:image:width\" content=\"500\" \/>\n\t<meta property=\"og:image:height\" content=\"500\" \/>\n\t<meta property=\"og:image:type\" content=\"image\/jpeg\" \/>\n<meta name=\"twitter:card\" content=\"summary_large_image\" \/>\n<meta name=\"twitter:label1\" content=\"Est. reading time\" \/>\n\t<meta name=\"twitter:data1\" content=\"2 minutes\" \/>\n<script type=\"application\/ld+json\" class=\"yoast-schema-graph\">{\"@context\":\"https:\\\/\\\/schema.org\",\"@graph\":[{\"@type\":\"WebPage\",\"@id\":\"https:\\\/\\\/techmasterdemexico.com\\\/producto\\\/pinza-amperimetrica-ma-para-procesos-fluke-773\\\/\",\"url\":\"https:\\\/\\\/techmasterdemexico.com\\\/producto\\\/pinza-amperimetrica-ma-para-procesos-fluke-773\\\/\",\"name\":\"Pinza amperim\u00e9trica mA para procesos Fluke 773 - Techmaster de Mexico\",\"isPartOf\":{\"@id\":\"https:\\\/\\\/techmasterdemexico.com\\\/#website\"},\"primaryImageOfPage\":{\"@id\":\"https:\\\/\\\/techmasterdemexico.com\\\/producto\\\/pinza-amperimetrica-ma-para-procesos-fluke-773\\\/#primaryimage\"},\"image\":{\"@id\":\"https:\\\/\\\/techmasterdemexico.com\\\/producto\\\/pinza-amperimetrica-ma-para-procesos-fluke-773\\\/#primaryimage\"},\"thumbnailUrl\":\"https:\\\/\\\/techmasterdemexico.com\\\/wp-content\\\/uploads\\\/2021\\\/08\\\/1-101.jpg\",\"datePublished\":\"2021-08-20T00:42:24+00:00\",\"dateModified\":\"2023-03-28T23:43:28+00:00\",\"breadcrumb\":{\"@id\":\"https:\\\/\\\/techmasterdemexico.com\\\/producto\\\/pinza-amperimetrica-ma-para-procesos-fluke-773\\\/#breadcrumb\"},\"inLanguage\":\"en-US\",\"potentialAction\":[{\"@type\":\"ReadAction\",\"target\":[\"https:\\\/\\\/techmasterdemexico.com\\\/producto\\\/pinza-amperimetrica-ma-para-procesos-fluke-773\\\/\"]}]},{\"@type\":\"ImageObject\",\"inLanguage\":\"en-US\",\"@id\":\"https:\\\/\\\/techmasterdemexico.com\\\/producto\\\/pinza-amperimetrica-ma-para-procesos-fluke-773\\\/#primaryimage\",\"url\":\"https:\\\/\\\/techmasterdemexico.com\\\/wp-content\\\/uploads\\\/2021\\\/08\\\/1-101.jpg\",\"contentUrl\":\"https:\\\/\\\/techmasterdemexico.com\\\/wp-content\\\/uploads\\\/2021\\\/08\\\/1-101.jpg\",\"width\":500,\"height\":500},{\"@type\":\"BreadcrumbList\",\"@id\":\"https:\\\/\\\/techmasterdemexico.com\\\/producto\\\/pinza-amperimetrica-ma-para-procesos-fluke-773\\\/#breadcrumb\",\"itemListElement\":[{\"@type\":\"ListItem\",\"position\":1,\"name\":\"Portada\",\"item\":\"https:\\\/\\\/techmasterdemexico.com\\\/\"},{\"@type\":\"ListItem\",\"position\":2,\"name\":\"Pinza amperim\u00e9trica mA para procesos Fluke 773\"}]},{\"@type\":\"WebSite\",\"@id\":\"https:\\\/\\\/techmasterdemexico.com\\\/#website\",\"url\":\"https:\\\/\\\/techmasterdemexico.com\\\/\",\"name\":\"Techmaster de Mexico\",\"description\":\"\",\"potentialAction\":[{\"@type\":\"SearchAction\",\"target\":{\"@type\":\"EntryPoint\",\"urlTemplate\":\"https:\\\/\\\/techmasterdemexico.com\\\/?s={search_term_string}\"},\"query-input\":{\"@type\":\"PropertyValueSpecification\",\"valueRequired\":true,\"valueName\":\"search_term_string\"}}],\"inLanguage\":\"en-US\"}]}<\/script>\n<!-- \/ Yoast SEO plugin. -->","yoast_head_json":{"title":"Pinza amperim\u00e9trica mA para procesos Fluke 773 - Techmaster de Mexico","robots":{"index":"index","follow":"follow","max-snippet":"max-snippet:-1","max-image-preview":"max-image-preview:large","max-video-preview":"max-video-preview:-1"},"canonical":"https:\/\/techmasterdemexico.com\/producto\/pinza-amperimetrica-ma-para-procesos-fluke-773\/","og_locale":"en_US","og_type":"article","og_title":"Pinza amperim\u00e9trica mA para procesos Fluke 773 - Techmaster de Mexico","og_description":"La pinza amperim\u00e9trica de mA 773 incluye:    Mejor precisi\u00f3n de su categor\u00eda: 0.2 %   Resoluci\u00f3n y sensibilidad de 0.01 mA   Se\u00f1ales de medici\u00f3n de 4 a 20 mA sin \u201cinterrumpir el circuito\u201d.   Medici\u00f3n de se\u00f1ales en mA para E\/S anal\u00f3gica del sistema de control y del PLC   Pantalla doble con iluminaci\u00f3n de fondo, con la medici\u00f3n en mA y el porcentaje del intervalo de 4 a 20 mA   Foco para iluminar cables en zonas con iluminaci\u00f3n insuficiente   Pinza desmontable con cable de extensi\u00f3n para mediciones en lugares estrechos.   Medici\u00f3n de se\u00f1ales de 10 a 50 mA en sistemas de control m\u00e1s antiguos usando el rango de 99.9 mA   Cambio autom\u00e1tico de la salida de 4 a 20 mA para comprobaci\u00f3n a distancia   Caracter\u00edsticas de ahorro de energ\u00eda, desconexi\u00f3n autom\u00e1tica, desconexi\u00f3n de retroiluminaci\u00f3n para prolongar la vida \u00fatil de las bater\u00edas   La funci\u00f3n de retenci\u00f3n captura y muestra las mediciones en continuo cambio   Medida de se\u00f1ales de 4 a 20 mA con medida interna del circuito   Medida simult\u00e1nea de mA en el circuito con alimentaci\u00f3n de lazo de 24 V para la conexi\u00f3n y comprobaci\u00f3n de transmisores   Generaci\u00f3n de se\u00f1ales de 4 a 20 mA para pruebas de E\/S o I\/P de los sistemas de control   Salida de mA de rampa lineal o de incremento de un 25 %   Cambio autom\u00e1tico de la salida de 4 a 20 mA para comprobaci\u00f3n a distancia   Medida de voltaje CC para verificar fuentes de alimentaci\u00f3n de 24V o se\u00f1ales de voltaje E\/S   Generaci\u00f3n de voltaje CC para comprobaci\u00f3n de dispositivos de entrada que aceptan una se\u00f1al de 1 a 5 voltios o de 0 a 10 voltios   La salida graduada de mA proporciona una se\u00f1al continua de mA que corresponde a la se\u00f1al de 4 a 20 mA medida con la pinza amperim\u00e9trica (mA)   Permite registros de se\u00f1ales en miliamperios en un dispositivo de registros independiente sin romper el lazo.   La se\u00f1al de salida de mA permite a un mult\u00edmetro digital con registro de datos o a cualquier otro dispositivo registrar la se\u00f1al de 4 a 20 mA sin interrumpir el circuito   Salida\/entrada de mA: medida simult\u00e1nea de la se\u00f1al de mA con la pinza y generaci\u00f3n de una se\u00f1al de mA   Aplicaci\u00f3n de una se\u00f1al de entrada de mA a un dispositivo y medici\u00f3n de la salida de 4 a 20 mA en dispositivos como v\u00e1lvulas o aislantes de mA   Salida de voltaje de salida de rampa lineal o de incremento de un 25 %   Cambio autom\u00e1tico de la salida de voltaje para comprobaci\u00f3n a distancia","og_url":"https:\/\/techmasterdemexico.com\/producto\/pinza-amperimetrica-ma-para-procesos-fluke-773\/","og_site_name":"Techmaster de Mexico","article_modified_time":"2023-03-28T23:43:28+00:00","og_image":[{"width":500,"height":500,"url":"https:\/\/techmasterdemexico.com\/wp-content\/uploads\/2021\/08\/1-101.jpg","type":"image\/jpeg"}],"twitter_card":"summary_large_image","twitter_misc":{"Est. reading time":"2 minutes"},"schema":{"@context":"https:\/\/schema.org","@graph":[{"@type":"WebPage","@id":"https:\/\/techmasterdemexico.com\/producto\/pinza-amperimetrica-ma-para-procesos-fluke-773\/","url":"https:\/\/techmasterdemexico.com\/producto\/pinza-amperimetrica-ma-para-procesos-fluke-773\/","name":"Pinza amperim\u00e9trica mA para procesos Fluke 773 - Techmaster de Mexico","isPartOf":{"@id":"https:\/\/techmasterdemexico.com\/#website"},"primaryImageOfPage":{"@id":"https:\/\/techmasterdemexico.com\/producto\/pinza-amperimetrica-ma-para-procesos-fluke-773\/#primaryimage"},"image":{"@id":"https:\/\/techmasterdemexico.com\/producto\/pinza-amperimetrica-ma-para-procesos-fluke-773\/#primaryimage"},"thumbnailUrl":"https:\/\/techmasterdemexico.com\/wp-content\/uploads\/2021\/08\/1-101.jpg","datePublished":"2021-08-20T00:42:24+00:00","dateModified":"2023-03-28T23:43:28+00:00","breadcrumb":{"@id":"https:\/\/techmasterdemexico.com\/producto\/pinza-amperimetrica-ma-para-procesos-fluke-773\/#breadcrumb"},"inLanguage":"en-US","potentialAction":[{"@type":"ReadAction","target":["https:\/\/techmasterdemexico.com\/producto\/pinza-amperimetrica-ma-para-procesos-fluke-773\/"]}]},{"@type":"ImageObject","inLanguage":"en-US","@id":"https:\/\/techmasterdemexico.com\/producto\/pinza-amperimetrica-ma-para-procesos-fluke-773\/#primaryimage","url":"https:\/\/techmasterdemexico.com\/wp-content\/uploads\/2021\/08\/1-101.jpg","contentUrl":"https:\/\/techmasterdemexico.com\/wp-content\/uploads\/2021\/08\/1-101.jpg","width":500,"height":500},{"@type":"BreadcrumbList","@id":"https:\/\/techmasterdemexico.com\/producto\/pinza-amperimetrica-ma-para-procesos-fluke-773\/#breadcrumb","itemListElement":[{"@type":"ListItem","position":1,"name":"Portada","item":"https:\/\/techmasterdemexico.com\/"},{"@type":"ListItem","position":2,"name":"Pinza amperim\u00e9trica mA para procesos Fluke 773"}]},{"@type":"WebSite","@id":"https:\/\/techmasterdemexico.com\/#website","url":"https:\/\/techmasterdemexico.com\/","name":"Techmaster de Mexico","description":"","potentialAction":[{"@type":"SearchAction","target":{"@type":"EntryPoint","urlTemplate":"https:\/\/techmasterdemexico.com\/?s={search_term_string}"},"query-input":{"@type":"PropertyValueSpecification","valueRequired":true,"valueName":"search_term_string"}}],"inLanguage":"en-US"}]}},"brands":[{"id":31,"name":"Fluke","slug":"fluke"}],"_links":{"self":[{"href":"https:\/\/techmasterdemexico.com\/en\/wp-json\/wp\/v2\/product\/8065","targetHints":{"allow":["GET"]}}],"collection":[{"href":"https:\/\/techmasterdemexico.com\/en\/wp-json\/wp\/v2\/product"}],"about":[{"href":"https:\/\/techmasterdemexico.com\/en\/wp-json\/wp\/v2\/types\/product"}],"wp:featuredmedia":[{"embeddable":true,"href":"https:\/\/techmasterdemexico.com\/en\/wp-json\/wp\/v2\/media\/9296"}],"wp:attachment":[{"href":"https:\/\/techmasterdemexico.com\/en\/wp-json\/wp\/v2\/media?parent=8065"}],"wp:term":[{"taxonomy":"pwb-brand","embeddable":true,"href":"https:\/\/techmasterdemexico.com\/en\/wp-json\/wp\/v2\/pwb-brand?post=8065"},{"taxonomy":"product_brand","embeddable":true,"href":"https:\/\/techmasterdemexico.com\/en\/wp-json\/wp\/v2\/product_brand?post=8065"},{"taxonomy":"product_cat","embeddable":true,"href":"https:\/\/techmasterdemexico.com\/en\/wp-json\/wp\/v2\/product_cat?post=8065"},{"taxonomy":"product_tag","embeddable":true,"href":"https:\/\/techmasterdemexico.com\/en\/wp-json\/wp\/v2\/product_tag?post=8065"}],"curies":[{"name":"wp","href":"https:\/\/api.w.org\/{rel}","templated":true}]}}