{"id":8063,"date":"2021-08-19T17:42:23","date_gmt":"2021-08-19T17:42:23","guid":{"rendered":"http:\/\/techmastermx.ddns.net\/producto\/modulo-inalambrico-de-corriente-ca-fluke-a3001-fc-iflex\/"},"modified":"2021-12-28T22:10:05","modified_gmt":"2021-12-28T22:10:05","slug":"modulo-inalambrico-de-corriente-ca-fluke-a3001-fc-iflex","status":"publish","type":"product","link":"https:\/\/techmasterdemexico.com\/en\/producto\/modulo-inalambrico-de-corriente-ca-fluke-a3001-fc-iflex\/","title":{"rendered":"M\u00f3dulo inal\u00e1mbrico de corriente CA Fluke a3001 FC iFlex\u00ae"},"content":{"rendered":"<p>Kit Ti300 a3001 FC iFlex\u00ae<\/p>\n<p>El kit Ti300 a3001 FC iFlex\u00ae es un kit industrial fuerte que lo ayuda a resolver problemas de manera r\u00e1pida y exacta con facilidad directamente desde el terreno. Conecte el m\u00f3dulo inal\u00e1mbrico de corriente CA a3001 FC iFlex\u00ae con su punto de pruebas y vea los resultados a una distancia de hasta 20 metros gracias a su 3000 FC DMM. El m\u00f3dulo a3001 FC iFlex\u00ae le permite medir alrededor de espacios apretados e inc\u00f3modos, o mide y hace m\u00e1s f\u00e1cil el ingreso de cables. Guarde y comparta los datos de la inspecci\u00f3n desde el terreno con su equipo, en cualquier momento, desde cualquier lugar con la funci\u00f3n de llamada de video ShareLive\u2122 y obtenga las respuestas y aprobaciones que necesita la primera vez, en tiempo real.<\/p>\n<p>La Ti300 es una de las tres c\u00e1maras termogr\u00e1ficas de la cartera Fluke equipada con la tecnolog\u00eda de enfoque autom\u00e1tico LaserSharp\u00ae para las im\u00e1genes perfectamente enfocadas. En. Todo. Momento. Sin una imagen en foco, las mediciones de temperatura pueden fallar hasta en 20 grados, haciendo que sea mucho m\u00e1s f\u00e1cil dejar pasar un problema. El enfoque autom\u00e1tico LaserSharp\u00ae le indica exactamente qu\u00e9 es lo que est\u00e1 enfocando. Usa un lente l\u00e1ser para calcular la distancia con respecto al objetivo antes de enfocar. Ubique el punto rojo del l\u00e1ser en el equipo que est\u00e1 inspeccionando, luego tire del gatillo y su\u00e9ltelo para obtener una imagen enfocada perfecta. Tiempo de actividad o inactividad. Sus resultados importan.<\/p>\n","protected":false},"excerpt":{"rendered":"<ul>\n<li>Im\u00e1genes perfectamente enfocadas con el exclusivo sistema de enfoque autom\u00e1tico LaserSharp\u00ae<\/li>\n<li>Im\u00e1genes visuales combinadas e infrarrojas con la \u00fanica tecnolog\u00eda de la industria IR-Fusion\u00ae con el modo AutoBlend\u2122<\/li>\n<li>Compatible con Fluke Connect\u00ae, la mayor red para las herramientas habilitadas para trabajar de forma inal\u00e1mbrica<\/li>\n<li>Comunicaci\u00f3n m\u00e1s r\u00e1pida con transferencia inal\u00e1mbrica de im\u00e1genes directamente a su PC, Apple\u00ae iPhone\u00ae o iPad\u00ae<\/li>\n<li>Pantalla t\u00e1ctil capacitiva de alta resoluci\u00f3n, de 640 \u00d7 480 resistente para navegaci\u00f3n r\u00e1pida por los men\u00fas<\/li>\n<li>Capture im\u00e1genes digitales adicionales para mostrar la ubicaci\u00f3n u otros detalles del sitio con el sistema de anotaci\u00f3n IR-PhotoNotes\u2122<\/li>\n<li>Opciones m\u00e1s avanzadas de visualizaci\u00f3n de resultados para obtener la informaci\u00f3n pormenorizada por medio de la transmisi\u00f3n de video hacia la computadora o monitor de alta definici\u00f3n (USB y HDMI)<\/li>\n<li>La grabaci\u00f3n y anotaci\u00f3n de voz proporciona informaci\u00f3n adicional almacenada junto con el archivo de imagen<\/li>\n<li>Lentes intercambiables opcionales para obtener una mayor flexibilidad en otras aplicaciones<\/li>\n<li>Bater\u00edas recargables inteligentes y extra\u00edbles con pantalla LED para mostrar los niveles de carga y ofrecer una flexibilidad de uso excepcional<\/li>\n<li>C\u00e1mara digital de prestaciones industriales de 5 megap\u00edxeles para ofrecer una calidad de imagen de alta definici\u00f3n<\/li>\n<li>Incluye software de an\u00e1lisis e informes para aplicaciones SmartView\u00ae y SmartView Mobile<\/li>\n<\/ul>\n<p>El mult\u00edmetro inal\u00e1mbrico 3000 FC ofrece:<\/p>\n<ul>\n<li>Mediciones de voltaje de CA y CC hasta 1000 V<\/li>\n<li>Corriente CA y CC con una resoluci\u00f3n de 0.01 mA<\/li>\n<li>Mediciones de frecuencia y capacitancia, prueba de diodos, resistencia y continuidad<\/li>\n<li>Registro de m\u00ednimos y m\u00e1ximos<\/li>\n<li>CAT III 1000 V, Cat IV 600 V; IP54<\/li>\n<\/ul>\n<p>El m\u00f3dulo inal\u00e1mbrico de corriente iFlex\u2122 le permite realizar mediciones en conductores de tama\u00f1o poco habitual o llegar lugares ajustados, al mismo tiempo que facilita el acceso a los cables. El a3001 FC ofrece:<\/p>\n<ul>\n<li>Un (1) mult\u00edmetro de corriente flexible de verdadero valor eficaz<\/li>\n<li>Una (1) sonda de corriente flexible iFlex i2500-10<\/li>\n<li>Mida hasta 2500 A de CA<\/li>\n<li>Use el mult\u00edmetro de manera independiente o como parte de un sistema<\/li>\n<li>Funci\u00f3n de registro para grabar y guardar hasta 65,000 lecturas<\/li>\n<li>Funci\u00f3n de corriente de entrada<\/li>\n<li>Correa magn\u00e9tica para colgar<\/li>\n<\/ul>\n","protected":false},"featured_media":9306,"template":"","meta":{"_acf_changed":false},"pwb-brand":[31],"product_brand":[],"product_cat":[366,30,41],"product_tag":[],"class_list":{"0":"post-8063","1":"product","2":"type-product","3":"status-publish","4":"has-post-thumbnail","6":"pwb-brand-fluke","7":"product_cat-todos-los-productos","8":"product_cat-fluke","9":"product_cat-pinzas-amperimetricas","11":"first","12":"instock","13":"taxable","14":"shipping-taxable","15":"product-type-simple"},"acf":[],"yoast_head":"<!-- This site is optimized with the Yoast SEO plugin v27.5 - https:\/\/yoast.com\/product\/yoast-seo-wordpress\/ -->\n<title>M\u00f3dulo inal\u00e1mbrico de corriente CA Fluke a3001 FC iFlex\u00ae - Techmaster de Mexico<\/title>\n<meta name=\"robots\" content=\"index, follow, max-snippet:-1, max-image-preview:large, max-video-preview:-1\" \/>\n<link rel=\"canonical\" href=\"https:\/\/techmasterdemexico.com\/producto\/modulo-inalambrico-de-corriente-ca-fluke-a3001-fc-iflex\/\" \/>\n<meta property=\"og:locale\" content=\"en_US\" \/>\n<meta property=\"og:type\" content=\"article\" \/>\n<meta property=\"og:title\" content=\"M\u00f3dulo inal\u00e1mbrico de corriente CA Fluke a3001 FC iFlex\u00ae - Techmaster de Mexico\" \/>\n<meta property=\"og:description\" content=\"Im\u00e1genes perfectamente enfocadas con el exclusivo sistema de enfoque autom\u00e1tico LaserSharp\u00ae   Im\u00e1genes visuales combinadas e infrarrojas con la \u00fanica tecnolog\u00eda de la industria IR-Fusion\u00ae con el modo AutoBlend\u2122   Compatible con Fluke Connect\u00ae, la mayor red para las herramientas habilitadas para trabajar de forma inal\u00e1mbrica   Comunicaci\u00f3n m\u00e1s r\u00e1pida con transferencia inal\u00e1mbrica de im\u00e1genes directamente a su PC, Apple\u00ae iPhone\u00ae o iPad\u00ae   Pantalla t\u00e1ctil capacitiva de alta resoluci\u00f3n, de 640 \u00d7 480 resistente para navegaci\u00f3n r\u00e1pida por los men\u00fas   Capture im\u00e1genes digitales adicionales para mostrar la ubicaci\u00f3n u otros detalles del sitio con el sistema de anotaci\u00f3n IR-PhotoNotes\u2122   Opciones m\u00e1s avanzadas de visualizaci\u00f3n de resultados para obtener la informaci\u00f3n pormenorizada por medio de la transmisi\u00f3n de video hacia la computadora o monitor de alta definici\u00f3n (USB y HDMI)   La grabaci\u00f3n y anotaci\u00f3n de voz proporciona informaci\u00f3n adicional almacenada junto con el archivo de imagen   Lentes intercambiables opcionales para obtener una mayor flexibilidad en otras aplicaciones   Bater\u00edas recargables inteligentes y extra\u00edbles con pantalla LED para mostrar los niveles de carga y ofrecer una flexibilidad de uso excepcional   C\u00e1mara digital de prestaciones industriales de 5 megap\u00edxeles para ofrecer una calidad de imagen de alta definici\u00f3n   Incluye software de an\u00e1lisis e informes para aplicaciones SmartView\u00ae y SmartView Mobile   El mult\u00edmetro inal\u00e1mbrico 3000 FC ofrece:    Mediciones de voltaje de CA y CC hasta 1000 V   Corriente CA y CC con una resoluci\u00f3n de 0.01 mA   Mediciones de frecuencia y capacitancia, prueba de diodos, resistencia y continuidad   Registro de m\u00ednimos y m\u00e1ximos   CAT III 1000 V, Cat IV 600 V; IP54   El m\u00f3dulo inal\u00e1mbrico de corriente iFlex\u2122 le permite realizar mediciones en conductores de tama\u00f1o poco habitual o llegar lugares ajustados, al mismo tiempo que facilita el acceso a los cables. El a3001 FC ofrece:    Un (1) mult\u00edmetro de corriente flexible de verdadero valor eficaz   Una (1) sonda de corriente flexible iFlex i2500-10   Mida hasta 2500 A de CA   Use el mult\u00edmetro de manera independiente o como parte de un sistema   Funci\u00f3n de registro para grabar y guardar hasta 65,000 lecturas   Funci\u00f3n de corriente de entrada   Correa magn\u00e9tica para colgar\" \/>\n<meta property=\"og:url\" content=\"https:\/\/techmasterdemexico.com\/producto\/modulo-inalambrico-de-corriente-ca-fluke-a3001-fc-iflex\/\" \/>\n<meta property=\"og:site_name\" content=\"Techmaster de Mexico\" \/>\n<meta property=\"article:modified_time\" content=\"2021-12-28T22:10:05+00:00\" \/>\n<meta property=\"og:image\" content=\"https:\/\/techmasterdemexico.com\/wp-content\/uploads\/2021\/08\/1-103.jpg\" \/>\n\t<meta property=\"og:image:width\" content=\"500\" \/>\n\t<meta property=\"og:image:height\" content=\"500\" \/>\n\t<meta property=\"og:image:type\" content=\"image\/jpeg\" \/>\n<meta name=\"twitter:card\" content=\"summary_large_image\" \/>\n<meta name=\"twitter:label1\" content=\"Est. reading time\" \/>\n\t<meta name=\"twitter:data1\" content=\"1 minute\" \/>\n<script type=\"application\/ld+json\" class=\"yoast-schema-graph\">{\"@context\":\"https:\\\/\\\/schema.org\",\"@graph\":[{\"@type\":\"WebPage\",\"@id\":\"https:\\\/\\\/techmasterdemexico.com\\\/producto\\\/modulo-inalambrico-de-corriente-ca-fluke-a3001-fc-iflex\\\/\",\"url\":\"https:\\\/\\\/techmasterdemexico.com\\\/producto\\\/modulo-inalambrico-de-corriente-ca-fluke-a3001-fc-iflex\\\/\",\"name\":\"M\u00f3dulo inal\u00e1mbrico de corriente CA Fluke a3001 FC iFlex\u00ae - Techmaster de Mexico\",\"isPartOf\":{\"@id\":\"https:\\\/\\\/techmasterdemexico.com\\\/#website\"},\"primaryImageOfPage\":{\"@id\":\"https:\\\/\\\/techmasterdemexico.com\\\/producto\\\/modulo-inalambrico-de-corriente-ca-fluke-a3001-fc-iflex\\\/#primaryimage\"},\"image\":{\"@id\":\"https:\\\/\\\/techmasterdemexico.com\\\/producto\\\/modulo-inalambrico-de-corriente-ca-fluke-a3001-fc-iflex\\\/#primaryimage\"},\"thumbnailUrl\":\"https:\\\/\\\/techmasterdemexico.com\\\/wp-content\\\/uploads\\\/2021\\\/08\\\/1-103.jpg\",\"datePublished\":\"2021-08-19T17:42:23+00:00\",\"dateModified\":\"2021-12-28T22:10:05+00:00\",\"breadcrumb\":{\"@id\":\"https:\\\/\\\/techmasterdemexico.com\\\/producto\\\/modulo-inalambrico-de-corriente-ca-fluke-a3001-fc-iflex\\\/#breadcrumb\"},\"inLanguage\":\"en-US\",\"potentialAction\":[{\"@type\":\"ReadAction\",\"target\":[\"https:\\\/\\\/techmasterdemexico.com\\\/producto\\\/modulo-inalambrico-de-corriente-ca-fluke-a3001-fc-iflex\\\/\"]}]},{\"@type\":\"ImageObject\",\"inLanguage\":\"en-US\",\"@id\":\"https:\\\/\\\/techmasterdemexico.com\\\/producto\\\/modulo-inalambrico-de-corriente-ca-fluke-a3001-fc-iflex\\\/#primaryimage\",\"url\":\"https:\\\/\\\/techmasterdemexico.com\\\/wp-content\\\/uploads\\\/2021\\\/08\\\/1-103.jpg\",\"contentUrl\":\"https:\\\/\\\/techmasterdemexico.com\\\/wp-content\\\/uploads\\\/2021\\\/08\\\/1-103.jpg\",\"width\":500,\"height\":500},{\"@type\":\"BreadcrumbList\",\"@id\":\"https:\\\/\\\/techmasterdemexico.com\\\/producto\\\/modulo-inalambrico-de-corriente-ca-fluke-a3001-fc-iflex\\\/#breadcrumb\",\"itemListElement\":[{\"@type\":\"ListItem\",\"position\":1,\"name\":\"Portada\",\"item\":\"https:\\\/\\\/techmasterdemexico.com\\\/\"},{\"@type\":\"ListItem\",\"position\":2,\"name\":\"M\u00f3dulo inal\u00e1mbrico de corriente CA Fluke a3001 FC iFlex\u00ae\"}]},{\"@type\":\"WebSite\",\"@id\":\"https:\\\/\\\/techmasterdemexico.com\\\/#website\",\"url\":\"https:\\\/\\\/techmasterdemexico.com\\\/\",\"name\":\"Techmaster de Mexico\",\"description\":\"\",\"potentialAction\":[{\"@type\":\"SearchAction\",\"target\":{\"@type\":\"EntryPoint\",\"urlTemplate\":\"https:\\\/\\\/techmasterdemexico.com\\\/?s={search_term_string}\"},\"query-input\":{\"@type\":\"PropertyValueSpecification\",\"valueRequired\":true,\"valueName\":\"search_term_string\"}}],\"inLanguage\":\"en-US\"}]}<\/script>\n<!-- \/ Yoast SEO plugin. -->","yoast_head_json":{"title":"M\u00f3dulo inal\u00e1mbrico de corriente CA Fluke a3001 FC iFlex\u00ae - Techmaster de Mexico","robots":{"index":"index","follow":"follow","max-snippet":"max-snippet:-1","max-image-preview":"max-image-preview:large","max-video-preview":"max-video-preview:-1"},"canonical":"https:\/\/techmasterdemexico.com\/producto\/modulo-inalambrico-de-corriente-ca-fluke-a3001-fc-iflex\/","og_locale":"en_US","og_type":"article","og_title":"M\u00f3dulo inal\u00e1mbrico de corriente CA Fluke a3001 FC iFlex\u00ae - Techmaster de Mexico","og_description":"Im\u00e1genes perfectamente enfocadas con el exclusivo sistema de enfoque autom\u00e1tico LaserSharp\u00ae   Im\u00e1genes visuales combinadas e infrarrojas con la \u00fanica tecnolog\u00eda de la industria IR-Fusion\u00ae con el modo AutoBlend\u2122   Compatible con Fluke Connect\u00ae, la mayor red para las herramientas habilitadas para trabajar de forma inal\u00e1mbrica   Comunicaci\u00f3n m\u00e1s r\u00e1pida con transferencia inal\u00e1mbrica de im\u00e1genes directamente a su PC, Apple\u00ae iPhone\u00ae o iPad\u00ae   Pantalla t\u00e1ctil capacitiva de alta resoluci\u00f3n, de 640 \u00d7 480 resistente para navegaci\u00f3n r\u00e1pida por los men\u00fas   Capture im\u00e1genes digitales adicionales para mostrar la ubicaci\u00f3n u otros detalles del sitio con el sistema de anotaci\u00f3n IR-PhotoNotes\u2122   Opciones m\u00e1s avanzadas de visualizaci\u00f3n de resultados para obtener la informaci\u00f3n pormenorizada por medio de la transmisi\u00f3n de video hacia la computadora o monitor de alta definici\u00f3n (USB y HDMI)   La grabaci\u00f3n y anotaci\u00f3n de voz proporciona informaci\u00f3n adicional almacenada junto con el archivo de imagen   Lentes intercambiables opcionales para obtener una mayor flexibilidad en otras aplicaciones   Bater\u00edas recargables inteligentes y extra\u00edbles con pantalla LED para mostrar los niveles de carga y ofrecer una flexibilidad de uso excepcional   C\u00e1mara digital de prestaciones industriales de 5 megap\u00edxeles para ofrecer una calidad de imagen de alta definici\u00f3n   Incluye software de an\u00e1lisis e informes para aplicaciones SmartView\u00ae y SmartView Mobile   El mult\u00edmetro inal\u00e1mbrico 3000 FC ofrece:    Mediciones de voltaje de CA y CC hasta 1000 V   Corriente CA y CC con una resoluci\u00f3n de 0.01 mA   Mediciones de frecuencia y capacitancia, prueba de diodos, resistencia y continuidad   Registro de m\u00ednimos y m\u00e1ximos   CAT III 1000 V, Cat IV 600 V; IP54   El m\u00f3dulo inal\u00e1mbrico de corriente iFlex\u2122 le permite realizar mediciones en conductores de tama\u00f1o poco habitual o llegar lugares ajustados, al mismo tiempo que facilita el acceso a los cables. El a3001 FC ofrece:    Un (1) mult\u00edmetro de corriente flexible de verdadero valor eficaz   Una (1) sonda de corriente flexible iFlex i2500-10   Mida hasta 2500 A de CA   Use el mult\u00edmetro de manera independiente o como parte de un sistema   Funci\u00f3n de registro para grabar y guardar hasta 65,000 lecturas   Funci\u00f3n de corriente de entrada   Correa magn\u00e9tica para colgar","og_url":"https:\/\/techmasterdemexico.com\/producto\/modulo-inalambrico-de-corriente-ca-fluke-a3001-fc-iflex\/","og_site_name":"Techmaster de Mexico","article_modified_time":"2021-12-28T22:10:05+00:00","og_image":[{"width":500,"height":500,"url":"https:\/\/techmasterdemexico.com\/wp-content\/uploads\/2021\/08\/1-103.jpg","type":"image\/jpeg"}],"twitter_card":"summary_large_image","twitter_misc":{"Est. reading time":"1 minute"},"schema":{"@context":"https:\/\/schema.org","@graph":[{"@type":"WebPage","@id":"https:\/\/techmasterdemexico.com\/producto\/modulo-inalambrico-de-corriente-ca-fluke-a3001-fc-iflex\/","url":"https:\/\/techmasterdemexico.com\/producto\/modulo-inalambrico-de-corriente-ca-fluke-a3001-fc-iflex\/","name":"M\u00f3dulo inal\u00e1mbrico de corriente CA Fluke a3001 FC iFlex\u00ae - Techmaster de Mexico","isPartOf":{"@id":"https:\/\/techmasterdemexico.com\/#website"},"primaryImageOfPage":{"@id":"https:\/\/techmasterdemexico.com\/producto\/modulo-inalambrico-de-corriente-ca-fluke-a3001-fc-iflex\/#primaryimage"},"image":{"@id":"https:\/\/techmasterdemexico.com\/producto\/modulo-inalambrico-de-corriente-ca-fluke-a3001-fc-iflex\/#primaryimage"},"thumbnailUrl":"https:\/\/techmasterdemexico.com\/wp-content\/uploads\/2021\/08\/1-103.jpg","datePublished":"2021-08-19T17:42:23+00:00","dateModified":"2021-12-28T22:10:05+00:00","breadcrumb":{"@id":"https:\/\/techmasterdemexico.com\/producto\/modulo-inalambrico-de-corriente-ca-fluke-a3001-fc-iflex\/#breadcrumb"},"inLanguage":"en-US","potentialAction":[{"@type":"ReadAction","target":["https:\/\/techmasterdemexico.com\/producto\/modulo-inalambrico-de-corriente-ca-fluke-a3001-fc-iflex\/"]}]},{"@type":"ImageObject","inLanguage":"en-US","@id":"https:\/\/techmasterdemexico.com\/producto\/modulo-inalambrico-de-corriente-ca-fluke-a3001-fc-iflex\/#primaryimage","url":"https:\/\/techmasterdemexico.com\/wp-content\/uploads\/2021\/08\/1-103.jpg","contentUrl":"https:\/\/techmasterdemexico.com\/wp-content\/uploads\/2021\/08\/1-103.jpg","width":500,"height":500},{"@type":"BreadcrumbList","@id":"https:\/\/techmasterdemexico.com\/producto\/modulo-inalambrico-de-corriente-ca-fluke-a3001-fc-iflex\/#breadcrumb","itemListElement":[{"@type":"ListItem","position":1,"name":"Portada","item":"https:\/\/techmasterdemexico.com\/"},{"@type":"ListItem","position":2,"name":"M\u00f3dulo inal\u00e1mbrico de corriente CA Fluke a3001 FC iFlex\u00ae"}]},{"@type":"WebSite","@id":"https:\/\/techmasterdemexico.com\/#website","url":"https:\/\/techmasterdemexico.com\/","name":"Techmaster de Mexico","description":"","potentialAction":[{"@type":"SearchAction","target":{"@type":"EntryPoint","urlTemplate":"https:\/\/techmasterdemexico.com\/?s={search_term_string}"},"query-input":{"@type":"PropertyValueSpecification","valueRequired":true,"valueName":"search_term_string"}}],"inLanguage":"en-US"}]}},"brands":[{"id":31,"name":"Fluke","slug":"fluke"}],"_links":{"self":[{"href":"https:\/\/techmasterdemexico.com\/en\/wp-json\/wp\/v2\/product\/8063","targetHints":{"allow":["GET"]}}],"collection":[{"href":"https:\/\/techmasterdemexico.com\/en\/wp-json\/wp\/v2\/product"}],"about":[{"href":"https:\/\/techmasterdemexico.com\/en\/wp-json\/wp\/v2\/types\/product"}],"wp:featuredmedia":[{"embeddable":true,"href":"https:\/\/techmasterdemexico.com\/en\/wp-json\/wp\/v2\/media\/9306"}],"wp:attachment":[{"href":"https:\/\/techmasterdemexico.com\/en\/wp-json\/wp\/v2\/media?parent=8063"}],"wp:term":[{"taxonomy":"pwb-brand","embeddable":true,"href":"https:\/\/techmasterdemexico.com\/en\/wp-json\/wp\/v2\/pwb-brand?post=8063"},{"taxonomy":"product_brand","embeddable":true,"href":"https:\/\/techmasterdemexico.com\/en\/wp-json\/wp\/v2\/product_brand?post=8063"},{"taxonomy":"product_cat","embeddable":true,"href":"https:\/\/techmasterdemexico.com\/en\/wp-json\/wp\/v2\/product_cat?post=8063"},{"taxonomy":"product_tag","embeddable":true,"href":"https:\/\/techmasterdemexico.com\/en\/wp-json\/wp\/v2\/product_tag?post=8063"}],"curies":[{"name":"wp","href":"https:\/\/api.w.org\/{rel}","templated":true}]}}