{"id":8062,"date":"2021-08-19T17:42:23","date_gmt":"2021-08-19T17:42:23","guid":{"rendered":"http:\/\/techmastermx.ddns.net\/producto\/pinza-amperimetrica-ca-cc-de-verdadero-valor-eficaz-con-mordaza-extraible-fluke-365\/"},"modified":"2021-12-28T22:11:19","modified_gmt":"2021-12-28T22:11:19","slug":"pinza-amperimetrica-ca-cc-de-verdadero-valor-eficaz-con-mordaza-extraible-fluke-365","status":"publish","type":"product","link":"https:\/\/techmasterdemexico.com\/en\/producto\/pinza-amperimetrica-ca-cc-de-verdadero-valor-eficaz-con-mordaza-extraible-fluke-365\/","title":{"rendered":"Pinza amperim\u00e9trica CA\/CC de verdadero valor eficaz con mordaza extra\u00edble Fluke 365"},"content":{"rendered":"<p>Pinza amperim\u00e9trica CA\/CC de verdadero valor eficaz con mordaza extra\u00edble Fluke 365<\/p>\n<p>Est\u00e9 preparado para todo.<\/p>\n<p>La pinza Fluke 365 es un instrumento de medida robusto perfecto para aquellos trabajos en los que es dif\u00edcil acceder a los cables. La 365 cuenta con una mordaza peque\u00f1a, de reducido grosor y extra\u00edble con un cable flexible, por lo que ofrece un acceso a los cables y una visualizaci\u00f3n en la pantalla m\u00e1s f\u00e1cil que nunca.<\/p>\n","protected":false},"excerpt":{"rendered":"<ul>\n<li>Medida de corriente CA y CC de 200 A con mordaza extra\u00edble<\/li>\n<li>Medida de tensi\u00f3n de CA y CC de 600 V<\/li>\n<li>La m\u00e2choire amovible facilite l&#8217;acc\u00e8s aux c\u00e2bles et la visualisation des r\u00e9sultats \u00e0 l&#8217;\u00e9cran<\/li>\n<li>La lampe torche int\u00e9gr\u00e9e permet d&#8217;\u00e9clairer et d&#8217;identifier les c\u00e2bles en toute simplicit\u00e9<\/li>\n<li>CAT III 600 V<\/li>\n<li>Su dise\u00f1o compacto se adapta a la mano y se puede usar incluso si lleva un equipo de protecci\u00f3n personal.<\/li>\n<li>El procesamiento de se\u00f1ales avanzado permite su uso en entornos el\u00e9ctricos con ruido a la vez que proporciona lecturas estables.<\/li>\n<li>Su pantalla grande, con retroiluminaci\u00f3n y de f\u00e1cil lectura establece autom\u00e1ticamente el rango de medida correcto, para que no sea necesario cambiar de posici\u00f3n el selector mientras se realiza la medida.<\/li>\n<li>Tres a\u00f1os de garant\u00eda<\/li>\n<li>Estuche de transporte flexible<\/li>\n<\/ul>\n","protected":false},"featured_media":9301,"template":"","meta":{"_acf_changed":false},"pwb-brand":[31],"product_brand":[],"product_cat":[366,30,41],"product_tag":[],"class_list":{"0":"post-8062","1":"product","2":"type-product","3":"status-publish","4":"has-post-thumbnail","6":"pwb-brand-fluke","7":"product_cat-todos-los-productos","8":"product_cat-fluke","9":"product_cat-pinzas-amperimetricas","11":"first","12":"instock","13":"taxable","14":"shipping-taxable","15":"product-type-simple"},"acf":[],"yoast_head":"<!-- This site is optimized with the Yoast SEO plugin v27.5 - https:\/\/yoast.com\/product\/yoast-seo-wordpress\/ -->\n<title>Pinza amperim\u00e9trica CA\/CC de verdadero valor eficaz con mordaza extra\u00edble Fluke 365 - Techmaster de Mexico<\/title>\n<meta name=\"robots\" content=\"index, follow, max-snippet:-1, max-image-preview:large, max-video-preview:-1\" \/>\n<link rel=\"canonical\" href=\"https:\/\/techmasterdemexico.com\/producto\/pinza-amperimetrica-ca-cc-de-verdadero-valor-eficaz-con-mordaza-extraible-fluke-365\/\" \/>\n<meta property=\"og:locale\" content=\"en_US\" \/>\n<meta property=\"og:type\" content=\"article\" \/>\n<meta property=\"og:title\" content=\"Pinza amperim\u00e9trica CA\/CC de verdadero valor eficaz con mordaza extra\u00edble Fluke 365 - Techmaster de Mexico\" \/>\n<meta property=\"og:description\" content=\"Medida de corriente CA y CC de 200 A con mordaza extra\u00edble   Medida de tensi\u00f3n de CA y CC de 600 V   La m\u00e2choire amovible facilite l&#039;acc\u00e8s aux c\u00e2bles et la visualisation des r\u00e9sultats \u00e0 l&#039;\u00e9cran   La lampe torche int\u00e9gr\u00e9e permet d&#039;\u00e9clairer et d&#039;identifier les c\u00e2bles en toute simplicit\u00e9   CAT III 600 V   Su dise\u00f1o compacto se adapta a la mano y se puede usar incluso si lleva un equipo de protecci\u00f3n personal.   El procesamiento de se\u00f1ales avanzado permite su uso en entornos el\u00e9ctricos con ruido a la vez que proporciona lecturas estables.   Su pantalla grande, con retroiluminaci\u00f3n y de f\u00e1cil lectura establece autom\u00e1ticamente el rango de medida correcto, para que no sea necesario cambiar de posici\u00f3n el selector mientras se realiza la medida.   Tres a\u00f1os de garant\u00eda   Estuche de transporte flexible\" \/>\n<meta property=\"og:url\" content=\"https:\/\/techmasterdemexico.com\/producto\/pinza-amperimetrica-ca-cc-de-verdadero-valor-eficaz-con-mordaza-extraible-fluke-365\/\" \/>\n<meta property=\"og:site_name\" content=\"Techmaster de Mexico\" \/>\n<meta property=\"article:modified_time\" content=\"2021-12-28T22:11:19+00:00\" \/>\n<meta property=\"og:image\" content=\"https:\/\/techmasterdemexico.com\/wp-content\/uploads\/2021\/08\/1-102.jpg\" \/>\n\t<meta property=\"og:image:width\" content=\"500\" \/>\n\t<meta property=\"og:image:height\" content=\"500\" \/>\n\t<meta property=\"og:image:type\" content=\"image\/jpeg\" \/>\n<meta name=\"twitter:card\" content=\"summary_large_image\" \/>\n<script type=\"application\/ld+json\" class=\"yoast-schema-graph\">{\"@context\":\"https:\\\/\\\/schema.org\",\"@graph\":[{\"@type\":\"WebPage\",\"@id\":\"https:\\\/\\\/techmasterdemexico.com\\\/producto\\\/pinza-amperimetrica-ca-cc-de-verdadero-valor-eficaz-con-mordaza-extraible-fluke-365\\\/\",\"url\":\"https:\\\/\\\/techmasterdemexico.com\\\/producto\\\/pinza-amperimetrica-ca-cc-de-verdadero-valor-eficaz-con-mordaza-extraible-fluke-365\\\/\",\"name\":\"Pinza amperim\u00e9trica CA\\\/CC de verdadero valor eficaz con mordaza extra\u00edble Fluke 365 - Techmaster de Mexico\",\"isPartOf\":{\"@id\":\"https:\\\/\\\/techmasterdemexico.com\\\/#website\"},\"primaryImageOfPage\":{\"@id\":\"https:\\\/\\\/techmasterdemexico.com\\\/producto\\\/pinza-amperimetrica-ca-cc-de-verdadero-valor-eficaz-con-mordaza-extraible-fluke-365\\\/#primaryimage\"},\"image\":{\"@id\":\"https:\\\/\\\/techmasterdemexico.com\\\/producto\\\/pinza-amperimetrica-ca-cc-de-verdadero-valor-eficaz-con-mordaza-extraible-fluke-365\\\/#primaryimage\"},\"thumbnailUrl\":\"https:\\\/\\\/techmasterdemexico.com\\\/wp-content\\\/uploads\\\/2021\\\/08\\\/1-102.jpg\",\"datePublished\":\"2021-08-19T17:42:23+00:00\",\"dateModified\":\"2021-12-28T22:11:19+00:00\",\"breadcrumb\":{\"@id\":\"https:\\\/\\\/techmasterdemexico.com\\\/producto\\\/pinza-amperimetrica-ca-cc-de-verdadero-valor-eficaz-con-mordaza-extraible-fluke-365\\\/#breadcrumb\"},\"inLanguage\":\"en-US\",\"potentialAction\":[{\"@type\":\"ReadAction\",\"target\":[\"https:\\\/\\\/techmasterdemexico.com\\\/producto\\\/pinza-amperimetrica-ca-cc-de-verdadero-valor-eficaz-con-mordaza-extraible-fluke-365\\\/\"]}]},{\"@type\":\"ImageObject\",\"inLanguage\":\"en-US\",\"@id\":\"https:\\\/\\\/techmasterdemexico.com\\\/producto\\\/pinza-amperimetrica-ca-cc-de-verdadero-valor-eficaz-con-mordaza-extraible-fluke-365\\\/#primaryimage\",\"url\":\"https:\\\/\\\/techmasterdemexico.com\\\/wp-content\\\/uploads\\\/2021\\\/08\\\/1-102.jpg\",\"contentUrl\":\"https:\\\/\\\/techmasterdemexico.com\\\/wp-content\\\/uploads\\\/2021\\\/08\\\/1-102.jpg\",\"width\":500,\"height\":500},{\"@type\":\"BreadcrumbList\",\"@id\":\"https:\\\/\\\/techmasterdemexico.com\\\/producto\\\/pinza-amperimetrica-ca-cc-de-verdadero-valor-eficaz-con-mordaza-extraible-fluke-365\\\/#breadcrumb\",\"itemListElement\":[{\"@type\":\"ListItem\",\"position\":1,\"name\":\"Portada\",\"item\":\"https:\\\/\\\/techmasterdemexico.com\\\/\"},{\"@type\":\"ListItem\",\"position\":2,\"name\":\"Pinza amperim\u00e9trica CA\\\/CC de verdadero valor eficaz con mordaza extra\u00edble Fluke 365\"}]},{\"@type\":\"WebSite\",\"@id\":\"https:\\\/\\\/techmasterdemexico.com\\\/#website\",\"url\":\"https:\\\/\\\/techmasterdemexico.com\\\/\",\"name\":\"Techmaster de Mexico\",\"description\":\"\",\"potentialAction\":[{\"@type\":\"SearchAction\",\"target\":{\"@type\":\"EntryPoint\",\"urlTemplate\":\"https:\\\/\\\/techmasterdemexico.com\\\/?s={search_term_string}\"},\"query-input\":{\"@type\":\"PropertyValueSpecification\",\"valueRequired\":true,\"valueName\":\"search_term_string\"}}],\"inLanguage\":\"en-US\"}]}<\/script>\n<!-- \/ Yoast SEO plugin. -->","yoast_head_json":{"title":"Pinza amperim\u00e9trica CA\/CC de verdadero valor eficaz con mordaza extra\u00edble Fluke 365 - Techmaster de Mexico","robots":{"index":"index","follow":"follow","max-snippet":"max-snippet:-1","max-image-preview":"max-image-preview:large","max-video-preview":"max-video-preview:-1"},"canonical":"https:\/\/techmasterdemexico.com\/producto\/pinza-amperimetrica-ca-cc-de-verdadero-valor-eficaz-con-mordaza-extraible-fluke-365\/","og_locale":"en_US","og_type":"article","og_title":"Pinza amperim\u00e9trica CA\/CC de verdadero valor eficaz con mordaza extra\u00edble Fluke 365 - Techmaster de Mexico","og_description":"Medida de corriente CA y CC de 200 A con mordaza extra\u00edble   Medida de tensi\u00f3n de CA y CC de 600 V   La m\u00e2choire amovible facilite l'acc\u00e8s aux c\u00e2bles et la visualisation des r\u00e9sultats \u00e0 l'\u00e9cran   La lampe torche int\u00e9gr\u00e9e permet d'\u00e9clairer et d'identifier les c\u00e2bles en toute simplicit\u00e9   CAT III 600 V   Su dise\u00f1o compacto se adapta a la mano y se puede usar incluso si lleva un equipo de protecci\u00f3n personal.   El procesamiento de se\u00f1ales avanzado permite su uso en entornos el\u00e9ctricos con ruido a la vez que proporciona lecturas estables.   Su pantalla grande, con retroiluminaci\u00f3n y de f\u00e1cil lectura establece autom\u00e1ticamente el rango de medida correcto, para que no sea necesario cambiar de posici\u00f3n el selector mientras se realiza la medida.   Tres a\u00f1os de garant\u00eda   Estuche de transporte flexible","og_url":"https:\/\/techmasterdemexico.com\/producto\/pinza-amperimetrica-ca-cc-de-verdadero-valor-eficaz-con-mordaza-extraible-fluke-365\/","og_site_name":"Techmaster de Mexico","article_modified_time":"2021-12-28T22:11:19+00:00","og_image":[{"width":500,"height":500,"url":"https:\/\/techmasterdemexico.com\/wp-content\/uploads\/2021\/08\/1-102.jpg","type":"image\/jpeg"}],"twitter_card":"summary_large_image","schema":{"@context":"https:\/\/schema.org","@graph":[{"@type":"WebPage","@id":"https:\/\/techmasterdemexico.com\/producto\/pinza-amperimetrica-ca-cc-de-verdadero-valor-eficaz-con-mordaza-extraible-fluke-365\/","url":"https:\/\/techmasterdemexico.com\/producto\/pinza-amperimetrica-ca-cc-de-verdadero-valor-eficaz-con-mordaza-extraible-fluke-365\/","name":"Pinza amperim\u00e9trica CA\/CC de verdadero valor eficaz con mordaza extra\u00edble Fluke 365 - Techmaster de Mexico","isPartOf":{"@id":"https:\/\/techmasterdemexico.com\/#website"},"primaryImageOfPage":{"@id":"https:\/\/techmasterdemexico.com\/producto\/pinza-amperimetrica-ca-cc-de-verdadero-valor-eficaz-con-mordaza-extraible-fluke-365\/#primaryimage"},"image":{"@id":"https:\/\/techmasterdemexico.com\/producto\/pinza-amperimetrica-ca-cc-de-verdadero-valor-eficaz-con-mordaza-extraible-fluke-365\/#primaryimage"},"thumbnailUrl":"https:\/\/techmasterdemexico.com\/wp-content\/uploads\/2021\/08\/1-102.jpg","datePublished":"2021-08-19T17:42:23+00:00","dateModified":"2021-12-28T22:11:19+00:00","breadcrumb":{"@id":"https:\/\/techmasterdemexico.com\/producto\/pinza-amperimetrica-ca-cc-de-verdadero-valor-eficaz-con-mordaza-extraible-fluke-365\/#breadcrumb"},"inLanguage":"en-US","potentialAction":[{"@type":"ReadAction","target":["https:\/\/techmasterdemexico.com\/producto\/pinza-amperimetrica-ca-cc-de-verdadero-valor-eficaz-con-mordaza-extraible-fluke-365\/"]}]},{"@type":"ImageObject","inLanguage":"en-US","@id":"https:\/\/techmasterdemexico.com\/producto\/pinza-amperimetrica-ca-cc-de-verdadero-valor-eficaz-con-mordaza-extraible-fluke-365\/#primaryimage","url":"https:\/\/techmasterdemexico.com\/wp-content\/uploads\/2021\/08\/1-102.jpg","contentUrl":"https:\/\/techmasterdemexico.com\/wp-content\/uploads\/2021\/08\/1-102.jpg","width":500,"height":500},{"@type":"BreadcrumbList","@id":"https:\/\/techmasterdemexico.com\/producto\/pinza-amperimetrica-ca-cc-de-verdadero-valor-eficaz-con-mordaza-extraible-fluke-365\/#breadcrumb","itemListElement":[{"@type":"ListItem","position":1,"name":"Portada","item":"https:\/\/techmasterdemexico.com\/"},{"@type":"ListItem","position":2,"name":"Pinza amperim\u00e9trica CA\/CC de verdadero valor eficaz con mordaza extra\u00edble Fluke 365"}]},{"@type":"WebSite","@id":"https:\/\/techmasterdemexico.com\/#website","url":"https:\/\/techmasterdemexico.com\/","name":"Techmaster de Mexico","description":"","potentialAction":[{"@type":"SearchAction","target":{"@type":"EntryPoint","urlTemplate":"https:\/\/techmasterdemexico.com\/?s={search_term_string}"},"query-input":{"@type":"PropertyValueSpecification","valueRequired":true,"valueName":"search_term_string"}}],"inLanguage":"en-US"}]}},"brands":[{"id":31,"name":"Fluke","slug":"fluke"}],"_links":{"self":[{"href":"https:\/\/techmasterdemexico.com\/en\/wp-json\/wp\/v2\/product\/8062","targetHints":{"allow":["GET"]}}],"collection":[{"href":"https:\/\/techmasterdemexico.com\/en\/wp-json\/wp\/v2\/product"}],"about":[{"href":"https:\/\/techmasterdemexico.com\/en\/wp-json\/wp\/v2\/types\/product"}],"wp:featuredmedia":[{"embeddable":true,"href":"https:\/\/techmasterdemexico.com\/en\/wp-json\/wp\/v2\/media\/9301"}],"wp:attachment":[{"href":"https:\/\/techmasterdemexico.com\/en\/wp-json\/wp\/v2\/media?parent=8062"}],"wp:term":[{"taxonomy":"pwb-brand","embeddable":true,"href":"https:\/\/techmasterdemexico.com\/en\/wp-json\/wp\/v2\/pwb-brand?post=8062"},{"taxonomy":"product_brand","embeddable":true,"href":"https:\/\/techmasterdemexico.com\/en\/wp-json\/wp\/v2\/product_brand?post=8062"},{"taxonomy":"product_cat","embeddable":true,"href":"https:\/\/techmasterdemexico.com\/en\/wp-json\/wp\/v2\/product_cat?post=8062"},{"taxonomy":"product_tag","embeddable":true,"href":"https:\/\/techmasterdemexico.com\/en\/wp-json\/wp\/v2\/product_tag?post=8062"}],"curies":[{"name":"wp","href":"https:\/\/api.w.org\/{rel}","templated":true}]}}