{"id":8061,"date":"2021-08-19T17:42:22","date_gmt":"2021-08-19T17:42:22","guid":{"rendered":"http:\/\/techmastermx.ddns.net\/producto\/pinza-amperimetrica-para-corrientes-de-fuga-de-verdadero-valor-eficaz-fluke-369-fc\/"},"modified":"2021-12-28T22:10:05","modified_gmt":"2021-12-28T22:10:05","slug":"pinza-amperimetrica-para-corrientes-de-fuga-de-verdadero-valor-eficaz-fluke-369-fc","status":"publish","type":"product","link":"https:\/\/techmasterdemexico.com\/en\/producto\/pinza-amperimetrica-para-corrientes-de-fuga-de-verdadero-valor-eficaz-fluke-369-fc\/","title":{"rendered":"Pinza amperim\u00e9trica para corrientes de fuga de verdadero valor eficaz Fluke 369 FC"},"content":{"rendered":"<p>Pinza amperim\u00e9trica para corrientes de fuga de verdadero valor eficaz Fluke 369 FC<\/p>\n<p>Reduzca el tiempo de inactividad: detecte corrientes de fuga sin retirar los equipos de servicio.<\/p>\n<p>La pinza amperim\u00e9trica para corrientes de fuga de verdadero valor eficaz Fluke 369 FC ayuda al usuario a detectar, documentar, registrar y comparar las lecturas de la corrientes de fuga a trav\u00e9s del tiempo. Esto permite prevenir tiempos de inactividad no planificados e identificar disparos intermitentes de dispositivos RCD e interruptores diferenciales (GFCI) sin necesidad de retirar los equipos de servicio.<\/p>\n<p>La pinza Fluke 369 FC tiene una mordaza extragrande de 61 mm para trabajar con conductores de gran tama\u00f1o. La mordaza de la pinza, totalmente blindada, permite capturar con precisi\u00f3n se\u00f1ales de fuga muy peque\u00f1as y minimizar las interferencias electromagn\u00e9ticas externas.<\/p>\n<p>La pinza 369 FC tambi\u00e9n ofrece conectividad de datos inal\u00e1mbrica a trav\u00e9s de Fluke Connect. Como parte de Fluke Connect\u00ae, el sistema m\u00e1s grande de software de la industria, con m\u00e1s de 40 herramientas de prueba inal\u00e1mbricas, la pinza 369 FC permite rastrear cambios en las corrientes de fuga a trav\u00e9s del tiempo, lo que ayuda a identificar problemas potenciales antes de que se conviertan en fallas mayores<\/p>\n","protected":false},"excerpt":{"rendered":"<ul>\n<li>Mediciones de verdadero valor eficaz para medir con precisi\u00f3n formas de onda complejas, no sinusoidales<\/li>\n<li>Apertura de la mordaza: 61 mm<\/li>\n<li>Resoluci\u00f3n m\u00e1xima 1 \u03bcA, mide hasta 60 A<\/li>\n<li>La funci\u00f3n de filtro seleccionable elimina el ruido no deseado.<\/li>\n<li>Lecturas de m\u00ednimo, m\u00e1ximo, promedio y retenci\u00f3n de datos en pantalla<\/li>\n<li>Luces LED orientadas hacia adelante para su uso en gabinetes de cableado oscuros<\/li>\n<li>Pantalla con retroiluminaci\u00f3n, apagado autom\u00e1tico de la retroiluminaci\u00f3n y del equipo para prolongar la vida \u00fatil de la bater\u00eda<\/li>\n<li>Categor\u00eda de seguridad CAT III 600 V<\/li>\n<li>Registro en memoria interna: hasta 65 000 mediciones<\/li>\n<\/ul>\n","protected":false},"featured_media":9316,"template":"","meta":{"_acf_changed":false},"pwb-brand":[31],"product_brand":[],"product_cat":[366,30,41],"product_tag":[],"class_list":{"0":"post-8061","1":"product","2":"type-product","3":"status-publish","4":"has-post-thumbnail","6":"pwb-brand-fluke","7":"product_cat-todos-los-productos","8":"product_cat-fluke","9":"product_cat-pinzas-amperimetricas","11":"first","12":"instock","13":"taxable","14":"shipping-taxable","15":"product-type-simple"},"acf":[],"yoast_head":"<!-- This site is optimized with the Yoast SEO plugin v27.4 - https:\/\/yoast.com\/product\/yoast-seo-wordpress\/ -->\n<title>Pinza amperim\u00e9trica para corrientes de fuga de verdadero valor eficaz Fluke 369 FC - Techmaster de Mexico<\/title>\n<meta name=\"robots\" content=\"index, follow, max-snippet:-1, max-image-preview:large, max-video-preview:-1\" \/>\n<link rel=\"canonical\" href=\"https:\/\/techmasterdemexico.com\/producto\/pinza-amperimetrica-para-corrientes-de-fuga-de-verdadero-valor-eficaz-fluke-369-fc\/\" \/>\n<meta property=\"og:locale\" content=\"en_US\" \/>\n<meta property=\"og:type\" content=\"article\" \/>\n<meta property=\"og:title\" content=\"Pinza amperim\u00e9trica para corrientes de fuga de verdadero valor eficaz Fluke 369 FC - Techmaster de Mexico\" \/>\n<meta property=\"og:description\" content=\"Mediciones de verdadero valor eficaz para medir con precisi\u00f3n formas de onda complejas, no sinusoidales   Apertura de la mordaza: 61 mm   Resoluci\u00f3n m\u00e1xima 1 \u03bcA, mide hasta 60 A   La funci\u00f3n de filtro seleccionable elimina el ruido no deseado.   Lecturas de m\u00ednimo, m\u00e1ximo, promedio y retenci\u00f3n de datos en pantalla   Luces LED orientadas hacia adelante para su uso en gabinetes de cableado oscuros   Pantalla con retroiluminaci\u00f3n, apagado autom\u00e1tico de la retroiluminaci\u00f3n y del equipo para prolongar la vida \u00fatil de la bater\u00eda   Categor\u00eda de seguridad CAT III 600 V   Registro en memoria interna: hasta 65 000 mediciones\" \/>\n<meta property=\"og:url\" content=\"https:\/\/techmasterdemexico.com\/producto\/pinza-amperimetrica-para-corrientes-de-fuga-de-verdadero-valor-eficaz-fluke-369-fc\/\" \/>\n<meta property=\"og:site_name\" content=\"Techmaster de Mexico\" \/>\n<meta property=\"article:modified_time\" content=\"2021-12-28T22:10:05+00:00\" \/>\n<meta property=\"og:image\" content=\"https:\/\/techmasterdemexico.com\/wp-content\/uploads\/2021\/08\/1-105.jpg\" \/>\n\t<meta property=\"og:image:width\" content=\"500\" \/>\n\t<meta property=\"og:image:height\" content=\"500\" \/>\n\t<meta property=\"og:image:type\" content=\"image\/jpeg\" \/>\n<meta name=\"twitter:card\" content=\"summary_large_image\" \/>\n<meta name=\"twitter:label1\" content=\"Est. reading time\" \/>\n\t<meta name=\"twitter:data1\" content=\"1 minute\" \/>\n<script type=\"application\/ld+json\" class=\"yoast-schema-graph\">{\"@context\":\"https:\\\/\\\/schema.org\",\"@graph\":[{\"@type\":\"WebPage\",\"@id\":\"https:\\\/\\\/techmasterdemexico.com\\\/producto\\\/pinza-amperimetrica-para-corrientes-de-fuga-de-verdadero-valor-eficaz-fluke-369-fc\\\/\",\"url\":\"https:\\\/\\\/techmasterdemexico.com\\\/producto\\\/pinza-amperimetrica-para-corrientes-de-fuga-de-verdadero-valor-eficaz-fluke-369-fc\\\/\",\"name\":\"Pinza amperim\u00e9trica para corrientes de fuga de verdadero valor eficaz Fluke 369 FC - Techmaster de Mexico\",\"isPartOf\":{\"@id\":\"https:\\\/\\\/techmasterdemexico.com\\\/#website\"},\"primaryImageOfPage\":{\"@id\":\"https:\\\/\\\/techmasterdemexico.com\\\/producto\\\/pinza-amperimetrica-para-corrientes-de-fuga-de-verdadero-valor-eficaz-fluke-369-fc\\\/#primaryimage\"},\"image\":{\"@id\":\"https:\\\/\\\/techmasterdemexico.com\\\/producto\\\/pinza-amperimetrica-para-corrientes-de-fuga-de-verdadero-valor-eficaz-fluke-369-fc\\\/#primaryimage\"},\"thumbnailUrl\":\"https:\\\/\\\/techmasterdemexico.com\\\/wp-content\\\/uploads\\\/2021\\\/08\\\/1-105.jpg\",\"datePublished\":\"2021-08-19T17:42:22+00:00\",\"dateModified\":\"2021-12-28T22:10:05+00:00\",\"breadcrumb\":{\"@id\":\"https:\\\/\\\/techmasterdemexico.com\\\/producto\\\/pinza-amperimetrica-para-corrientes-de-fuga-de-verdadero-valor-eficaz-fluke-369-fc\\\/#breadcrumb\"},\"inLanguage\":\"en-US\",\"potentialAction\":[{\"@type\":\"ReadAction\",\"target\":[\"https:\\\/\\\/techmasterdemexico.com\\\/producto\\\/pinza-amperimetrica-para-corrientes-de-fuga-de-verdadero-valor-eficaz-fluke-369-fc\\\/\"]}]},{\"@type\":\"ImageObject\",\"inLanguage\":\"en-US\",\"@id\":\"https:\\\/\\\/techmasterdemexico.com\\\/producto\\\/pinza-amperimetrica-para-corrientes-de-fuga-de-verdadero-valor-eficaz-fluke-369-fc\\\/#primaryimage\",\"url\":\"https:\\\/\\\/techmasterdemexico.com\\\/wp-content\\\/uploads\\\/2021\\\/08\\\/1-105.jpg\",\"contentUrl\":\"https:\\\/\\\/techmasterdemexico.com\\\/wp-content\\\/uploads\\\/2021\\\/08\\\/1-105.jpg\",\"width\":500,\"height\":500},{\"@type\":\"BreadcrumbList\",\"@id\":\"https:\\\/\\\/techmasterdemexico.com\\\/producto\\\/pinza-amperimetrica-para-corrientes-de-fuga-de-verdadero-valor-eficaz-fluke-369-fc\\\/#breadcrumb\",\"itemListElement\":[{\"@type\":\"ListItem\",\"position\":1,\"name\":\"Portada\",\"item\":\"https:\\\/\\\/techmasterdemexico.com\\\/\"},{\"@type\":\"ListItem\",\"position\":2,\"name\":\"Pinza amperim\u00e9trica para corrientes de fuga de verdadero valor eficaz Fluke 369 FC\"}]},{\"@type\":\"WebSite\",\"@id\":\"https:\\\/\\\/techmasterdemexico.com\\\/#website\",\"url\":\"https:\\\/\\\/techmasterdemexico.com\\\/\",\"name\":\"Techmaster de Mexico\",\"description\":\"\",\"potentialAction\":[{\"@type\":\"SearchAction\",\"target\":{\"@type\":\"EntryPoint\",\"urlTemplate\":\"https:\\\/\\\/techmasterdemexico.com\\\/?s={search_term_string}\"},\"query-input\":{\"@type\":\"PropertyValueSpecification\",\"valueRequired\":true,\"valueName\":\"search_term_string\"}}],\"inLanguage\":\"en-US\"}]}<\/script>\n<!-- \/ Yoast SEO plugin. -->","yoast_head_json":{"title":"Pinza amperim\u00e9trica para corrientes de fuga de verdadero valor eficaz Fluke 369 FC - Techmaster de Mexico","robots":{"index":"index","follow":"follow","max-snippet":"max-snippet:-1","max-image-preview":"max-image-preview:large","max-video-preview":"max-video-preview:-1"},"canonical":"https:\/\/techmasterdemexico.com\/producto\/pinza-amperimetrica-para-corrientes-de-fuga-de-verdadero-valor-eficaz-fluke-369-fc\/","og_locale":"en_US","og_type":"article","og_title":"Pinza amperim\u00e9trica para corrientes de fuga de verdadero valor eficaz Fluke 369 FC - Techmaster de Mexico","og_description":"Mediciones de verdadero valor eficaz para medir con precisi\u00f3n formas de onda complejas, no sinusoidales   Apertura de la mordaza: 61 mm   Resoluci\u00f3n m\u00e1xima 1 \u03bcA, mide hasta 60 A   La funci\u00f3n de filtro seleccionable elimina el ruido no deseado.   Lecturas de m\u00ednimo, m\u00e1ximo, promedio y retenci\u00f3n de datos en pantalla   Luces LED orientadas hacia adelante para su uso en gabinetes de cableado oscuros   Pantalla con retroiluminaci\u00f3n, apagado autom\u00e1tico de la retroiluminaci\u00f3n y del equipo para prolongar la vida \u00fatil de la bater\u00eda   Categor\u00eda de seguridad CAT III 600 V   Registro en memoria interna: hasta 65 000 mediciones","og_url":"https:\/\/techmasterdemexico.com\/producto\/pinza-amperimetrica-para-corrientes-de-fuga-de-verdadero-valor-eficaz-fluke-369-fc\/","og_site_name":"Techmaster de Mexico","article_modified_time":"2021-12-28T22:10:05+00:00","og_image":[{"width":500,"height":500,"url":"https:\/\/techmasterdemexico.com\/wp-content\/uploads\/2021\/08\/1-105.jpg","type":"image\/jpeg"}],"twitter_card":"summary_large_image","twitter_misc":{"Est. reading time":"1 minute"},"schema":{"@context":"https:\/\/schema.org","@graph":[{"@type":"WebPage","@id":"https:\/\/techmasterdemexico.com\/producto\/pinza-amperimetrica-para-corrientes-de-fuga-de-verdadero-valor-eficaz-fluke-369-fc\/","url":"https:\/\/techmasterdemexico.com\/producto\/pinza-amperimetrica-para-corrientes-de-fuga-de-verdadero-valor-eficaz-fluke-369-fc\/","name":"Pinza amperim\u00e9trica para corrientes de fuga de verdadero valor eficaz Fluke 369 FC - Techmaster de Mexico","isPartOf":{"@id":"https:\/\/techmasterdemexico.com\/#website"},"primaryImageOfPage":{"@id":"https:\/\/techmasterdemexico.com\/producto\/pinza-amperimetrica-para-corrientes-de-fuga-de-verdadero-valor-eficaz-fluke-369-fc\/#primaryimage"},"image":{"@id":"https:\/\/techmasterdemexico.com\/producto\/pinza-amperimetrica-para-corrientes-de-fuga-de-verdadero-valor-eficaz-fluke-369-fc\/#primaryimage"},"thumbnailUrl":"https:\/\/techmasterdemexico.com\/wp-content\/uploads\/2021\/08\/1-105.jpg","datePublished":"2021-08-19T17:42:22+00:00","dateModified":"2021-12-28T22:10:05+00:00","breadcrumb":{"@id":"https:\/\/techmasterdemexico.com\/producto\/pinza-amperimetrica-para-corrientes-de-fuga-de-verdadero-valor-eficaz-fluke-369-fc\/#breadcrumb"},"inLanguage":"en-US","potentialAction":[{"@type":"ReadAction","target":["https:\/\/techmasterdemexico.com\/producto\/pinza-amperimetrica-para-corrientes-de-fuga-de-verdadero-valor-eficaz-fluke-369-fc\/"]}]},{"@type":"ImageObject","inLanguage":"en-US","@id":"https:\/\/techmasterdemexico.com\/producto\/pinza-amperimetrica-para-corrientes-de-fuga-de-verdadero-valor-eficaz-fluke-369-fc\/#primaryimage","url":"https:\/\/techmasterdemexico.com\/wp-content\/uploads\/2021\/08\/1-105.jpg","contentUrl":"https:\/\/techmasterdemexico.com\/wp-content\/uploads\/2021\/08\/1-105.jpg","width":500,"height":500},{"@type":"BreadcrumbList","@id":"https:\/\/techmasterdemexico.com\/producto\/pinza-amperimetrica-para-corrientes-de-fuga-de-verdadero-valor-eficaz-fluke-369-fc\/#breadcrumb","itemListElement":[{"@type":"ListItem","position":1,"name":"Portada","item":"https:\/\/techmasterdemexico.com\/"},{"@type":"ListItem","position":2,"name":"Pinza amperim\u00e9trica para corrientes de fuga de verdadero valor eficaz Fluke 369 FC"}]},{"@type":"WebSite","@id":"https:\/\/techmasterdemexico.com\/#website","url":"https:\/\/techmasterdemexico.com\/","name":"Techmaster de Mexico","description":"","potentialAction":[{"@type":"SearchAction","target":{"@type":"EntryPoint","urlTemplate":"https:\/\/techmasterdemexico.com\/?s={search_term_string}"},"query-input":{"@type":"PropertyValueSpecification","valueRequired":true,"valueName":"search_term_string"}}],"inLanguage":"en-US"}]}},"brands":[{"id":31,"name":"Fluke","slug":"fluke"}],"_links":{"self":[{"href":"https:\/\/techmasterdemexico.com\/en\/wp-json\/wp\/v2\/product\/8061","targetHints":{"allow":["GET"]}}],"collection":[{"href":"https:\/\/techmasterdemexico.com\/en\/wp-json\/wp\/v2\/product"}],"about":[{"href":"https:\/\/techmasterdemexico.com\/en\/wp-json\/wp\/v2\/types\/product"}],"wp:featuredmedia":[{"embeddable":true,"href":"https:\/\/techmasterdemexico.com\/en\/wp-json\/wp\/v2\/media\/9316"}],"wp:attachment":[{"href":"https:\/\/techmasterdemexico.com\/en\/wp-json\/wp\/v2\/media?parent=8061"}],"wp:term":[{"taxonomy":"pwb-brand","embeddable":true,"href":"https:\/\/techmasterdemexico.com\/en\/wp-json\/wp\/v2\/pwb-brand?post=8061"},{"taxonomy":"product_brand","embeddable":true,"href":"https:\/\/techmasterdemexico.com\/en\/wp-json\/wp\/v2\/product_brand?post=8061"},{"taxonomy":"product_cat","embeddable":true,"href":"https:\/\/techmasterdemexico.com\/en\/wp-json\/wp\/v2\/product_cat?post=8061"},{"taxonomy":"product_tag","embeddable":true,"href":"https:\/\/techmasterdemexico.com\/en\/wp-json\/wp\/v2\/product_tag?post=8061"}],"curies":[{"name":"wp","href":"https:\/\/api.w.org\/{rel}","templated":true}]}}