{"id":8060,"date":"2021-08-19T17:42:22","date_gmt":"2021-08-19T17:42:22","guid":{"rendered":"http:\/\/techmastermx.ddns.net\/producto\/pinza-amperimetrica-para-corrientes-de-fuga-de-verdadero-valor-eficaz-fluke-368-fc\/"},"modified":"2021-12-28T22:10:05","modified_gmt":"2021-12-28T22:10:05","slug":"pinza-amperimetrica-para-corrientes-de-fuga-de-verdadero-valor-eficaz-fluke-368-fc","status":"publish","type":"product","link":"https:\/\/techmasterdemexico.com\/en\/producto\/pinza-amperimetrica-para-corrientes-de-fuga-de-verdadero-valor-eficaz-fluke-368-fc\/","title":{"rendered":"Pinza amperim\u00e9trica para corrientes de fuga de verdadero valor eficaz Fluke 368 FC"},"content":{"rendered":"<p>Pinza amperim\u00e9trica para corrientes de fuga de verdadero valor eficaz Fluke 368 FC<\/p>\n<p>Reduzca los per\u00edodos de inactividad: detecte la presencia de corrientes de fuga sin desconectar los equipos<\/p>\n<p>El medidor de pinza amperim\u00e9trica para corrientes de fuga de verdadero valor eficaz Fluke 368 FC ayuda a detectar, documentar, registrar y comparar lecturas de corriente de fuga en el tiempo como medio para evitar per\u00edodos de inactividad imprevistos y para identificar fallos GFCI y RCD intermitentes, todo ello sin necesidad de desconectar sus equipos.<\/p>\n<p>El Fluke 368 FC cuenta con una mordaza de 40 mm de di\u00e1metro que permite trabajar con conductores de gran tama\u00f1o. La mordaza est\u00e1 totalmente apantallada para capturar con precisi\u00f3n se\u00f1ales de fuga muy peque\u00f1as, y para minimizar la interferencia electromagn\u00e9tica externa.<\/p>\n<p>El modelo 368 FC tambi\u00e9n ofrece conectividad inal\u00e1mbrica de datos mediante Fluke Connect. Como parte de Fluke Connect\u00ae (el mayor sistema de software del sector y m\u00e1s de 40 instrumentos de medida inal\u00e1mbricos), el modelo 368 FC permite realizar el seguimiento de los cambios de fugas de corriente, lo que le ayuda a identificar posibles problemas antes de que se conviertan en aver\u00edas graves.<\/p>\n","protected":false},"excerpt":{"rendered":"<ul>\n<li>Medidas de verdadero valor eficaz precisas al medir formas de onda complejas no sinusoidales<\/li>\n<li>Apertura de la mordaza de 40 mm<\/li>\n<li>La mayor resoluci\u00f3n disponible: 1 \u03bcA, para medidas de hasta 60 A<\/li>\n<li>Funci\u00f3n de filtro seleccionable que elimina el ruido no deseado<\/li>\n<li>Lecturas m\u00e1ximas\/m\u00ednimas\/medias y funci\u00f3n de espera<\/li>\n<li>Luz LED de trabajo en la parte trasera para trabajar en armarios con cableado oscuro<\/li>\n<li>Pantalla retroiluminada; desconexi\u00f3n autom\u00e1tica de retroiluminaci\u00f3n y alimentaci\u00f3n para ampliar la autonom\u00eda de la bater\u00eda<\/li>\n<li>Categor\u00eda de seguridad CAT III 600 V<\/li>\n<li>Registro en memoria interna: hasta 65 000 puntos de medici\u00f3n<\/li>\n<\/ul>\n","protected":false},"featured_media":9311,"template":"","meta":{"_acf_changed":false},"pwb-brand":[31],"product_brand":[],"product_cat":[366,30,41],"product_tag":[],"class_list":{"0":"post-8060","1":"product","2":"type-product","3":"status-publish","4":"has-post-thumbnail","6":"pwb-brand-fluke","7":"product_cat-todos-los-productos","8":"product_cat-fluke","9":"product_cat-pinzas-amperimetricas","11":"first","12":"instock","13":"taxable","14":"shipping-taxable","15":"product-type-simple"},"acf":[],"yoast_head":"<!-- This site is optimized with the Yoast SEO plugin v27.4 - https:\/\/yoast.com\/product\/yoast-seo-wordpress\/ -->\n<title>Pinza amperim\u00e9trica para corrientes de fuga de verdadero valor eficaz Fluke 368 FC - Techmaster de Mexico<\/title>\n<meta name=\"robots\" content=\"index, follow, max-snippet:-1, max-image-preview:large, max-video-preview:-1\" \/>\n<link rel=\"canonical\" href=\"https:\/\/techmasterdemexico.com\/producto\/pinza-amperimetrica-para-corrientes-de-fuga-de-verdadero-valor-eficaz-fluke-368-fc\/\" \/>\n<meta property=\"og:locale\" content=\"en_US\" \/>\n<meta property=\"og:type\" content=\"article\" \/>\n<meta property=\"og:title\" content=\"Pinza amperim\u00e9trica para corrientes de fuga de verdadero valor eficaz Fluke 368 FC - Techmaster de Mexico\" \/>\n<meta property=\"og:description\" content=\"Medidas de verdadero valor eficaz precisas al medir formas de onda complejas no sinusoidales   Apertura de la mordaza de 40 mm   La mayor resoluci\u00f3n disponible: 1 \u03bcA, para medidas de hasta 60 A   Funci\u00f3n de filtro seleccionable que elimina el ruido no deseado   Lecturas m\u00e1ximas\/m\u00ednimas\/medias y funci\u00f3n de espera   Luz LED de trabajo en la parte trasera para trabajar en armarios con cableado oscuro   Pantalla retroiluminada; desconexi\u00f3n autom\u00e1tica de retroiluminaci\u00f3n y alimentaci\u00f3n para ampliar la autonom\u00eda de la bater\u00eda   Categor\u00eda de seguridad CAT III 600 V   Registro en memoria interna: hasta 65 000 puntos de medici\u00f3n\" \/>\n<meta property=\"og:url\" content=\"https:\/\/techmasterdemexico.com\/producto\/pinza-amperimetrica-para-corrientes-de-fuga-de-verdadero-valor-eficaz-fluke-368-fc\/\" \/>\n<meta property=\"og:site_name\" content=\"Techmaster de Mexico\" \/>\n<meta property=\"article:modified_time\" content=\"2021-12-28T22:10:05+00:00\" \/>\n<meta property=\"og:image\" content=\"https:\/\/techmasterdemexico.com\/wp-content\/uploads\/2021\/08\/1-104.jpg\" \/>\n\t<meta property=\"og:image:width\" content=\"500\" \/>\n\t<meta property=\"og:image:height\" content=\"500\" \/>\n\t<meta property=\"og:image:type\" content=\"image\/jpeg\" \/>\n<meta name=\"twitter:card\" content=\"summary_large_image\" \/>\n<meta name=\"twitter:label1\" content=\"Est. reading time\" \/>\n\t<meta name=\"twitter:data1\" content=\"1 minute\" \/>\n<script type=\"application\/ld+json\" class=\"yoast-schema-graph\">{\"@context\":\"https:\\\/\\\/schema.org\",\"@graph\":[{\"@type\":\"WebPage\",\"@id\":\"https:\\\/\\\/techmasterdemexico.com\\\/producto\\\/pinza-amperimetrica-para-corrientes-de-fuga-de-verdadero-valor-eficaz-fluke-368-fc\\\/\",\"url\":\"https:\\\/\\\/techmasterdemexico.com\\\/producto\\\/pinza-amperimetrica-para-corrientes-de-fuga-de-verdadero-valor-eficaz-fluke-368-fc\\\/\",\"name\":\"Pinza amperim\u00e9trica para corrientes de fuga de verdadero valor eficaz Fluke 368 FC - Techmaster de Mexico\",\"isPartOf\":{\"@id\":\"https:\\\/\\\/techmasterdemexico.com\\\/#website\"},\"primaryImageOfPage\":{\"@id\":\"https:\\\/\\\/techmasterdemexico.com\\\/producto\\\/pinza-amperimetrica-para-corrientes-de-fuga-de-verdadero-valor-eficaz-fluke-368-fc\\\/#primaryimage\"},\"image\":{\"@id\":\"https:\\\/\\\/techmasterdemexico.com\\\/producto\\\/pinza-amperimetrica-para-corrientes-de-fuga-de-verdadero-valor-eficaz-fluke-368-fc\\\/#primaryimage\"},\"thumbnailUrl\":\"https:\\\/\\\/techmasterdemexico.com\\\/wp-content\\\/uploads\\\/2021\\\/08\\\/1-104.jpg\",\"datePublished\":\"2021-08-19T17:42:22+00:00\",\"dateModified\":\"2021-12-28T22:10:05+00:00\",\"breadcrumb\":{\"@id\":\"https:\\\/\\\/techmasterdemexico.com\\\/producto\\\/pinza-amperimetrica-para-corrientes-de-fuga-de-verdadero-valor-eficaz-fluke-368-fc\\\/#breadcrumb\"},\"inLanguage\":\"en-US\",\"potentialAction\":[{\"@type\":\"ReadAction\",\"target\":[\"https:\\\/\\\/techmasterdemexico.com\\\/producto\\\/pinza-amperimetrica-para-corrientes-de-fuga-de-verdadero-valor-eficaz-fluke-368-fc\\\/\"]}]},{\"@type\":\"ImageObject\",\"inLanguage\":\"en-US\",\"@id\":\"https:\\\/\\\/techmasterdemexico.com\\\/producto\\\/pinza-amperimetrica-para-corrientes-de-fuga-de-verdadero-valor-eficaz-fluke-368-fc\\\/#primaryimage\",\"url\":\"https:\\\/\\\/techmasterdemexico.com\\\/wp-content\\\/uploads\\\/2021\\\/08\\\/1-104.jpg\",\"contentUrl\":\"https:\\\/\\\/techmasterdemexico.com\\\/wp-content\\\/uploads\\\/2021\\\/08\\\/1-104.jpg\",\"width\":500,\"height\":500},{\"@type\":\"BreadcrumbList\",\"@id\":\"https:\\\/\\\/techmasterdemexico.com\\\/producto\\\/pinza-amperimetrica-para-corrientes-de-fuga-de-verdadero-valor-eficaz-fluke-368-fc\\\/#breadcrumb\",\"itemListElement\":[{\"@type\":\"ListItem\",\"position\":1,\"name\":\"Portada\",\"item\":\"https:\\\/\\\/techmasterdemexico.com\\\/\"},{\"@type\":\"ListItem\",\"position\":2,\"name\":\"Pinza amperim\u00e9trica para corrientes de fuga de verdadero valor eficaz Fluke 368 FC\"}]},{\"@type\":\"WebSite\",\"@id\":\"https:\\\/\\\/techmasterdemexico.com\\\/#website\",\"url\":\"https:\\\/\\\/techmasterdemexico.com\\\/\",\"name\":\"Techmaster de Mexico\",\"description\":\"\",\"potentialAction\":[{\"@type\":\"SearchAction\",\"target\":{\"@type\":\"EntryPoint\",\"urlTemplate\":\"https:\\\/\\\/techmasterdemexico.com\\\/?s={search_term_string}\"},\"query-input\":{\"@type\":\"PropertyValueSpecification\",\"valueRequired\":true,\"valueName\":\"search_term_string\"}}],\"inLanguage\":\"en-US\"}]}<\/script>\n<!-- \/ Yoast SEO plugin. -->","yoast_head_json":{"title":"Pinza amperim\u00e9trica para corrientes de fuga de verdadero valor eficaz Fluke 368 FC - Techmaster de Mexico","robots":{"index":"index","follow":"follow","max-snippet":"max-snippet:-1","max-image-preview":"max-image-preview:large","max-video-preview":"max-video-preview:-1"},"canonical":"https:\/\/techmasterdemexico.com\/producto\/pinza-amperimetrica-para-corrientes-de-fuga-de-verdadero-valor-eficaz-fluke-368-fc\/","og_locale":"en_US","og_type":"article","og_title":"Pinza amperim\u00e9trica para corrientes de fuga de verdadero valor eficaz Fluke 368 FC - Techmaster de Mexico","og_description":"Medidas de verdadero valor eficaz precisas al medir formas de onda complejas no sinusoidales   Apertura de la mordaza de 40 mm   La mayor resoluci\u00f3n disponible: 1 \u03bcA, para medidas de hasta 60 A   Funci\u00f3n de filtro seleccionable que elimina el ruido no deseado   Lecturas m\u00e1ximas\/m\u00ednimas\/medias y funci\u00f3n de espera   Luz LED de trabajo en la parte trasera para trabajar en armarios con cableado oscuro   Pantalla retroiluminada; desconexi\u00f3n autom\u00e1tica de retroiluminaci\u00f3n y alimentaci\u00f3n para ampliar la autonom\u00eda de la bater\u00eda   Categor\u00eda de seguridad CAT III 600 V   Registro en memoria interna: hasta 65 000 puntos de medici\u00f3n","og_url":"https:\/\/techmasterdemexico.com\/producto\/pinza-amperimetrica-para-corrientes-de-fuga-de-verdadero-valor-eficaz-fluke-368-fc\/","og_site_name":"Techmaster de Mexico","article_modified_time":"2021-12-28T22:10:05+00:00","og_image":[{"width":500,"height":500,"url":"https:\/\/techmasterdemexico.com\/wp-content\/uploads\/2021\/08\/1-104.jpg","type":"image\/jpeg"}],"twitter_card":"summary_large_image","twitter_misc":{"Est. reading time":"1 minute"},"schema":{"@context":"https:\/\/schema.org","@graph":[{"@type":"WebPage","@id":"https:\/\/techmasterdemexico.com\/producto\/pinza-amperimetrica-para-corrientes-de-fuga-de-verdadero-valor-eficaz-fluke-368-fc\/","url":"https:\/\/techmasterdemexico.com\/producto\/pinza-amperimetrica-para-corrientes-de-fuga-de-verdadero-valor-eficaz-fluke-368-fc\/","name":"Pinza amperim\u00e9trica para corrientes de fuga de verdadero valor eficaz Fluke 368 FC - Techmaster de Mexico","isPartOf":{"@id":"https:\/\/techmasterdemexico.com\/#website"},"primaryImageOfPage":{"@id":"https:\/\/techmasterdemexico.com\/producto\/pinza-amperimetrica-para-corrientes-de-fuga-de-verdadero-valor-eficaz-fluke-368-fc\/#primaryimage"},"image":{"@id":"https:\/\/techmasterdemexico.com\/producto\/pinza-amperimetrica-para-corrientes-de-fuga-de-verdadero-valor-eficaz-fluke-368-fc\/#primaryimage"},"thumbnailUrl":"https:\/\/techmasterdemexico.com\/wp-content\/uploads\/2021\/08\/1-104.jpg","datePublished":"2021-08-19T17:42:22+00:00","dateModified":"2021-12-28T22:10:05+00:00","breadcrumb":{"@id":"https:\/\/techmasterdemexico.com\/producto\/pinza-amperimetrica-para-corrientes-de-fuga-de-verdadero-valor-eficaz-fluke-368-fc\/#breadcrumb"},"inLanguage":"en-US","potentialAction":[{"@type":"ReadAction","target":["https:\/\/techmasterdemexico.com\/producto\/pinza-amperimetrica-para-corrientes-de-fuga-de-verdadero-valor-eficaz-fluke-368-fc\/"]}]},{"@type":"ImageObject","inLanguage":"en-US","@id":"https:\/\/techmasterdemexico.com\/producto\/pinza-amperimetrica-para-corrientes-de-fuga-de-verdadero-valor-eficaz-fluke-368-fc\/#primaryimage","url":"https:\/\/techmasterdemexico.com\/wp-content\/uploads\/2021\/08\/1-104.jpg","contentUrl":"https:\/\/techmasterdemexico.com\/wp-content\/uploads\/2021\/08\/1-104.jpg","width":500,"height":500},{"@type":"BreadcrumbList","@id":"https:\/\/techmasterdemexico.com\/producto\/pinza-amperimetrica-para-corrientes-de-fuga-de-verdadero-valor-eficaz-fluke-368-fc\/#breadcrumb","itemListElement":[{"@type":"ListItem","position":1,"name":"Portada","item":"https:\/\/techmasterdemexico.com\/"},{"@type":"ListItem","position":2,"name":"Pinza amperim\u00e9trica para corrientes de fuga de verdadero valor eficaz Fluke 368 FC"}]},{"@type":"WebSite","@id":"https:\/\/techmasterdemexico.com\/#website","url":"https:\/\/techmasterdemexico.com\/","name":"Techmaster de Mexico","description":"","potentialAction":[{"@type":"SearchAction","target":{"@type":"EntryPoint","urlTemplate":"https:\/\/techmasterdemexico.com\/?s={search_term_string}"},"query-input":{"@type":"PropertyValueSpecification","valueRequired":true,"valueName":"search_term_string"}}],"inLanguage":"en-US"}]}},"brands":[{"id":31,"name":"Fluke","slug":"fluke"}],"_links":{"self":[{"href":"https:\/\/techmasterdemexico.com\/en\/wp-json\/wp\/v2\/product\/8060","targetHints":{"allow":["GET"]}}],"collection":[{"href":"https:\/\/techmasterdemexico.com\/en\/wp-json\/wp\/v2\/product"}],"about":[{"href":"https:\/\/techmasterdemexico.com\/en\/wp-json\/wp\/v2\/types\/product"}],"wp:featuredmedia":[{"embeddable":true,"href":"https:\/\/techmasterdemexico.com\/en\/wp-json\/wp\/v2\/media\/9311"}],"wp:attachment":[{"href":"https:\/\/techmasterdemexico.com\/en\/wp-json\/wp\/v2\/media?parent=8060"}],"wp:term":[{"taxonomy":"pwb-brand","embeddable":true,"href":"https:\/\/techmasterdemexico.com\/en\/wp-json\/wp\/v2\/pwb-brand?post=8060"},{"taxonomy":"product_brand","embeddable":true,"href":"https:\/\/techmasterdemexico.com\/en\/wp-json\/wp\/v2\/product_brand?post=8060"},{"taxonomy":"product_cat","embeddable":true,"href":"https:\/\/techmasterdemexico.com\/en\/wp-json\/wp\/v2\/product_cat?post=8060"},{"taxonomy":"product_tag","embeddable":true,"href":"https:\/\/techmasterdemexico.com\/en\/wp-json\/wp\/v2\/product_tag?post=8060"}],"curies":[{"name":"wp","href":"https:\/\/api.w.org\/{rel}","templated":true}]}}