{"id":8059,"date":"2021-08-19T17:42:21","date_gmt":"2021-08-19T17:42:21","guid":{"rendered":"http:\/\/techmastermx.ddns.net\/producto\/pinza-amperimetrica-fluke-902-fc-de-verdadero-valor-eficaz-para-sistemas-de-calefaccion-ventilacion-y-aire-acondicionado\/"},"modified":"2021-12-28T22:10:07","modified_gmt":"2021-12-28T22:10:07","slug":"pinza-amperimetrica-fluke-902-fc-de-verdadero-valor-eficaz-para-sistemas-de-calefaccion-ventilacion-y-aire-acondicionado","status":"publish","type":"product","link":"https:\/\/techmasterdemexico.com\/en\/producto\/pinza-amperimetrica-fluke-902-fc-de-verdadero-valor-eficaz-para-sistemas-de-calefaccion-ventilacion-y-aire-acondicionado\/","title":{"rendered":"Pinza amperim\u00e9trica Fluke 902 FC de verdadero valor eficaz para sistemas de calefacci\u00f3n, ventilaci\u00f3n y aire acondicionado"},"content":{"rendered":"<p>La pinza amperom\u00e9trica para sistemas de climatizaci\u00f3n Fluke 902 FC de valor eficaz verdadero permite que los t\u00e9cnicos de sistemas de climatizaci\u00f3n generen informes y colaboren con sus compa\u00f1eros de trabajo.<\/p>\n<p>La pinza amperom\u00e9trica para sistemas de climatizaci\u00f3n Fluke 902 FC de valor eficaz verdadero es un mult\u00edmetro inal\u00e1mbrico compatible con Fluke Connect\u2122 que mejora la productividad de los t\u00e9cnicos de sistemas de climatizaci\u00f3n en terreno. El mult\u00edmetro resistente con calificaci\u00f3n doble (CAT III, 600\/CAT IV, 300 V) realiza las mediciones esenciales de los sistemas de climatizaci\u00f3n, como los microamperios para realizar pruebas de sensores de luz piloto, la resistencia de hasta 60 kilohmios, la corriente CA, el voltaje de CA\/CC, la capacitancia y la temperatura de contacto, a la vez que elimina la necesidad de usar varias herramientas. Su estructura peque\u00f1a es f\u00e1cil de sujetar y la mordaza encaja perfectamente en espacios de trabajo reducidos.<\/p>\n<p>Como parte del cat\u00e1logo de productos de Fluke Connect, el sistema de software m\u00e1s grande la industria con m\u00e1s de 40 herramientas inal\u00e1mbricas de prueba, el modelo 902 FC permite transmitir las mediciones a un tel\u00e9fono inteligente a una tableta para realizar un an\u00e1lisis posterior m\u00e1s detallado. Las mediciones se pueden subir a la nube. Los t\u00e9cnicos pueden combinar datos de mediciones de varias herramientas de prueba de Fluke Connect para crear y compartir informes desde el lugar de trabajo a trav\u00e9s de correo electr\u00f3nico y, de ese modo, colaborar en tiempo real con otros colegas mediante videollamadas ShareLive\u2122 o correo electr\u00f3nico, lo que aumenta la productividad en terreno.<\/p>\n<p>La pinza amperom\u00e9trica tambi\u00e9n disminuye la frecuencia con la que los t\u00e9cnicos deben usar equipo de protecci\u00f3n personal cuando trabajan en paneles con altos niveles de voltaje o corriente. Simplemente apague el panel, compruebe que el panel se encuentre sin electricidad mediante procedimientos de seguridad est\u00e1ndar, coloque la pinza y sincron\u00edcela con un tel\u00e9fono inteligente mediante la aplicaci\u00f3n Fluke Connect, cierre el panel, react\u00edvelo y tome mediciones desde una distancia segura.<\/p>\n","protected":false},"excerpt":{"rendered":"<p>Mediciones de corriente CC de 200 \u00b5A para medir varillas de llama<\/p>\n<p>Rango de resistencia extendido para medir termistores de hasta 60 k?<\/p>\n<p>Captura de temperatura de gas de combusti\u00f3n<\/p>\n<p>Mida la corriente de arranque y el funcionamiento de los condensadores del motor<\/p>\n<p>Mida el rendimiento de los accionadores de frecuencia variable<\/p>\n<p>Fluke Connect<\/p>\n<p>Fluke Connect permite conectar el mult\u00edmetro con un tel\u00e9fono a trav\u00e9s de Bluetooth para ayudar a realizar tareas de forma m\u00e1s r\u00e1pida y segura<\/p>\n<p>Lea mediciones en el tel\u00e9fono a una distancia segura, con menos equipos de protecci\u00f3n individual (PPE) mientras que el medidor enfrenta todos los riesgos<\/p>\n<p>Solucione problemas con mayor eficacia mediante el seguimiento y la determinaci\u00f3n de tendencias de las mediciones en directo en la pantalla del tel\u00e9fono<\/p>\n<p>Crear y enviar informes por correo electr\u00f3nico directamente desde el terreno. \u00bfLos informes no son suficientes? Fluke Connect cuenta con videollamadas ShareLive, que permiten transmitir video y mediciones en directo y en la misma pantalla<\/p>\n<p>No detenga su trabajo para anotar los resultados; gu\u00e1rdelos directamente en el tel\u00e9fono desde el mult\u00edmetro con solo presionar un bot\u00f3n<\/p>\n<p>Funciones de medici\u00f3n<\/p>\n<p>Medici\u00f3n de corriente de CA de 600 A<\/p>\n<p>Medici\u00f3n de tensi\u00f3n de CA y CC de 600 V<\/p>\n<p>Medici\u00f3n de temperatura de -10 \u00b0C a 400 \u00b0C (14 \u00b0F a 752 \u00b0F)<\/p>\n<p>Medici\u00f3n de capacitancia de 1000 ?F<\/p>\n<p>Medici\u00f3n de corriente de CC de hasta 200 \u00b5A<\/p>\n<p>Valor eficaz verdadero de voltaje y corriente para obtener mediciones exactas en se\u00f1ales no lineales<\/p>\n<p>Medici\u00f3n de la resistencia de hasta 60 k?<\/p>\n<p>Grabaci\u00f3n de valores m\u00edn y m\u00e1x para capturar las variaciones autom\u00e1ticamente<\/p>\n<p>Otras caracter\u00edsticas<\/p>\n<p>Categor\u00eda de seguridad el\u00e9ctrica CAT III 600V y CAT IV 300V<\/p>\n<p>Correa magn\u00e9tica TPAK (opcional) que permite colgar el mult\u00edmetro mientras usa las sondas<\/p>\n<p>Su dise\u00f1o ergon\u00f3mico se adapta a la mano y la puede usar incluso si lleva un equipo de protecci\u00f3n personal<\/p>\n<p>Pantalla con retroiluminaci\u00f3n grande y f\u00e1cil de leer<\/p>\n<p>Tres a\u00f1os de garant\u00eda<\/p>\n<p>Estuche de transporte flexible<\/p>\n","protected":false},"featured_media":9334,"template":"","meta":{"_acf_changed":false},"pwb-brand":[31],"product_brand":[],"product_cat":[366,30,41],"product_tag":[],"class_list":{"0":"post-8059","1":"product","2":"type-product","3":"status-publish","4":"has-post-thumbnail","6":"pwb-brand-fluke","7":"product_cat-todos-los-productos","8":"product_cat-fluke","9":"product_cat-pinzas-amperimetricas","11":"first","12":"instock","13":"taxable","14":"shipping-taxable","15":"product-type-simple"},"acf":[],"yoast_head":"<!-- This site is optimized with the Yoast SEO plugin v27.5 - https:\/\/yoast.com\/product\/yoast-seo-wordpress\/ -->\n<title>Pinza amperim\u00e9trica Fluke 902 FC de verdadero valor eficaz para sistemas de calefacci\u00f3n, ventilaci\u00f3n y aire acondicionado - Techmaster de Mexico<\/title>\n<meta name=\"robots\" content=\"index, follow, max-snippet:-1, max-image-preview:large, max-video-preview:-1\" \/>\n<link rel=\"canonical\" href=\"https:\/\/techmasterdemexico.com\/producto\/pinza-amperimetrica-fluke-902-fc-de-verdadero-valor-eficaz-para-sistemas-de-calefaccion-ventilacion-y-aire-acondicionado\/\" \/>\n<meta property=\"og:locale\" content=\"en_US\" \/>\n<meta property=\"og:type\" content=\"article\" \/>\n<meta property=\"og:title\" content=\"Pinza amperim\u00e9trica Fluke 902 FC de verdadero valor eficaz para sistemas de calefacci\u00f3n, ventilaci\u00f3n y aire acondicionado - Techmaster de Mexico\" \/>\n<meta property=\"og:description\" content=\"Mediciones de corriente CC de 200 \u00b5A para medir varillas de llama  Rango de resistencia extendido para medir termistores de hasta 60 k?  Captura de temperatura de gas de combusti\u00f3n  Mida la corriente de arranque y el funcionamiento de los condensadores del motor  Mida el rendimiento de los accionadores de frecuencia variable  Fluke Connect   Fluke Connect permite conectar el mult\u00edmetro con un tel\u00e9fono a trav\u00e9s de Bluetooth para ayudar a realizar tareas de forma m\u00e1s r\u00e1pida y segura  Lea mediciones en el tel\u00e9fono a una distancia segura, con menos equipos de protecci\u00f3n individual (PPE) mientras que el medidor enfrenta todos los riesgos  Solucione problemas con mayor eficacia mediante el seguimiento y la determinaci\u00f3n de tendencias de las mediciones en directo en la pantalla del tel\u00e9fono  Crear y enviar informes por correo electr\u00f3nico directamente desde el terreno. \u00bfLos informes no son suficientes? Fluke Connect cuenta con videollamadas ShareLive, que permiten transmitir video y mediciones en directo y en la misma pantalla  No detenga su trabajo para anotar los resultados; gu\u00e1rdelos directamente en el tel\u00e9fono desde el mult\u00edmetro con solo presionar un bot\u00f3n  Funciones de medici\u00f3n   Medici\u00f3n de corriente de CA de 600 A  Medici\u00f3n de tensi\u00f3n de CA y CC de 600 V  Medici\u00f3n de temperatura de -10 \u00b0C a 400 \u00b0C (14 \u00b0F a 752 \u00b0F)  Medici\u00f3n de capacitancia de 1000 ?F  Medici\u00f3n de corriente de CC de hasta 200 \u00b5A  Valor eficaz verdadero de voltaje y corriente para obtener mediciones exactas en se\u00f1ales no lineales  Medici\u00f3n de la resistencia de hasta 60 k?  Grabaci\u00f3n de valores m\u00edn y m\u00e1x para capturar las variaciones autom\u00e1ticamente  Otras caracter\u00edsticas   Categor\u00eda de seguridad el\u00e9ctrica CAT III 600V y CAT IV 300V  Correa magn\u00e9tica TPAK (opcional) que permite colgar el mult\u00edmetro mientras usa las sondas  Su dise\u00f1o ergon\u00f3mico se adapta a la mano y la puede usar incluso si lleva un equipo de protecci\u00f3n personal  Pantalla con retroiluminaci\u00f3n grande y f\u00e1cil de leer  Tres a\u00f1os de garant\u00eda  Estuche de transporte flexible\" \/>\n<meta property=\"og:url\" content=\"https:\/\/techmasterdemexico.com\/producto\/pinza-amperimetrica-fluke-902-fc-de-verdadero-valor-eficaz-para-sistemas-de-calefaccion-ventilacion-y-aire-acondicionado\/\" \/>\n<meta property=\"og:site_name\" content=\"Techmaster de Mexico\" \/>\n<meta property=\"article:modified_time\" content=\"2021-12-28T22:10:07+00:00\" \/>\n<meta property=\"og:image\" content=\"https:\/\/techmasterdemexico.com\/wp-content\/uploads\/2021\/08\/902-fc-hvac_clamp-meter-1500x1000-1.jpg\" \/>\n\t<meta property=\"og:image:width\" content=\"410\" \/>\n\t<meta property=\"og:image:height\" content=\"410\" \/>\n\t<meta property=\"og:image:type\" content=\"image\/jpeg\" \/>\n<meta name=\"twitter:card\" content=\"summary_large_image\" \/>\n<meta name=\"twitter:label1\" content=\"Est. reading time\" \/>\n\t<meta name=\"twitter:data1\" content=\"2 minutes\" \/>\n<script type=\"application\/ld+json\" class=\"yoast-schema-graph\">{\"@context\":\"https:\\\/\\\/schema.org\",\"@graph\":[{\"@type\":\"WebPage\",\"@id\":\"https:\\\/\\\/techmasterdemexico.com\\\/producto\\\/pinza-amperimetrica-fluke-902-fc-de-verdadero-valor-eficaz-para-sistemas-de-calefaccion-ventilacion-y-aire-acondicionado\\\/\",\"url\":\"https:\\\/\\\/techmasterdemexico.com\\\/producto\\\/pinza-amperimetrica-fluke-902-fc-de-verdadero-valor-eficaz-para-sistemas-de-calefaccion-ventilacion-y-aire-acondicionado\\\/\",\"name\":\"Pinza amperim\u00e9trica Fluke 902 FC de verdadero valor eficaz para sistemas de calefacci\u00f3n, ventilaci\u00f3n y aire acondicionado - Techmaster de Mexico\",\"isPartOf\":{\"@id\":\"https:\\\/\\\/techmasterdemexico.com\\\/#website\"},\"primaryImageOfPage\":{\"@id\":\"https:\\\/\\\/techmasterdemexico.com\\\/producto\\\/pinza-amperimetrica-fluke-902-fc-de-verdadero-valor-eficaz-para-sistemas-de-calefaccion-ventilacion-y-aire-acondicionado\\\/#primaryimage\"},\"image\":{\"@id\":\"https:\\\/\\\/techmasterdemexico.com\\\/producto\\\/pinza-amperimetrica-fluke-902-fc-de-verdadero-valor-eficaz-para-sistemas-de-calefaccion-ventilacion-y-aire-acondicionado\\\/#primaryimage\"},\"thumbnailUrl\":\"https:\\\/\\\/techmasterdemexico.com\\\/wp-content\\\/uploads\\\/2021\\\/08\\\/902-fc-hvac_clamp-meter-1500x1000-1.jpg\",\"datePublished\":\"2021-08-19T17:42:21+00:00\",\"dateModified\":\"2021-12-28T22:10:07+00:00\",\"breadcrumb\":{\"@id\":\"https:\\\/\\\/techmasterdemexico.com\\\/producto\\\/pinza-amperimetrica-fluke-902-fc-de-verdadero-valor-eficaz-para-sistemas-de-calefaccion-ventilacion-y-aire-acondicionado\\\/#breadcrumb\"},\"inLanguage\":\"en-US\",\"potentialAction\":[{\"@type\":\"ReadAction\",\"target\":[\"https:\\\/\\\/techmasterdemexico.com\\\/producto\\\/pinza-amperimetrica-fluke-902-fc-de-verdadero-valor-eficaz-para-sistemas-de-calefaccion-ventilacion-y-aire-acondicionado\\\/\"]}]},{\"@type\":\"ImageObject\",\"inLanguage\":\"en-US\",\"@id\":\"https:\\\/\\\/techmasterdemexico.com\\\/producto\\\/pinza-amperimetrica-fluke-902-fc-de-verdadero-valor-eficaz-para-sistemas-de-calefaccion-ventilacion-y-aire-acondicionado\\\/#primaryimage\",\"url\":\"https:\\\/\\\/techmasterdemexico.com\\\/wp-content\\\/uploads\\\/2021\\\/08\\\/902-fc-hvac_clamp-meter-1500x1000-1.jpg\",\"contentUrl\":\"https:\\\/\\\/techmasterdemexico.com\\\/wp-content\\\/uploads\\\/2021\\\/08\\\/902-fc-hvac_clamp-meter-1500x1000-1.jpg\",\"width\":410,\"height\":410},{\"@type\":\"BreadcrumbList\",\"@id\":\"https:\\\/\\\/techmasterdemexico.com\\\/producto\\\/pinza-amperimetrica-fluke-902-fc-de-verdadero-valor-eficaz-para-sistemas-de-calefaccion-ventilacion-y-aire-acondicionado\\\/#breadcrumb\",\"itemListElement\":[{\"@type\":\"ListItem\",\"position\":1,\"name\":\"Portada\",\"item\":\"https:\\\/\\\/techmasterdemexico.com\\\/\"},{\"@type\":\"ListItem\",\"position\":2,\"name\":\"Pinza amperim\u00e9trica Fluke 902 FC de verdadero valor eficaz para sistemas de calefacci\u00f3n, ventilaci\u00f3n y aire acondicionado\"}]},{\"@type\":\"WebSite\",\"@id\":\"https:\\\/\\\/techmasterdemexico.com\\\/#website\",\"url\":\"https:\\\/\\\/techmasterdemexico.com\\\/\",\"name\":\"Techmaster de Mexico\",\"description\":\"\",\"potentialAction\":[{\"@type\":\"SearchAction\",\"target\":{\"@type\":\"EntryPoint\",\"urlTemplate\":\"https:\\\/\\\/techmasterdemexico.com\\\/?s={search_term_string}\"},\"query-input\":{\"@type\":\"PropertyValueSpecification\",\"valueRequired\":true,\"valueName\":\"search_term_string\"}}],\"inLanguage\":\"en-US\"}]}<\/script>\n<!-- \/ Yoast SEO plugin. -->","yoast_head_json":{"title":"Pinza amperim\u00e9trica Fluke 902 FC de verdadero valor eficaz para sistemas de calefacci\u00f3n, ventilaci\u00f3n y aire acondicionado - Techmaster de Mexico","robots":{"index":"index","follow":"follow","max-snippet":"max-snippet:-1","max-image-preview":"max-image-preview:large","max-video-preview":"max-video-preview:-1"},"canonical":"https:\/\/techmasterdemexico.com\/producto\/pinza-amperimetrica-fluke-902-fc-de-verdadero-valor-eficaz-para-sistemas-de-calefaccion-ventilacion-y-aire-acondicionado\/","og_locale":"en_US","og_type":"article","og_title":"Pinza amperim\u00e9trica Fluke 902 FC de verdadero valor eficaz para sistemas de calefacci\u00f3n, ventilaci\u00f3n y aire acondicionado - Techmaster de Mexico","og_description":"Mediciones de corriente CC de 200 \u00b5A para medir varillas de llama  Rango de resistencia extendido para medir termistores de hasta 60 k?  Captura de temperatura de gas de combusti\u00f3n  Mida la corriente de arranque y el funcionamiento de los condensadores del motor  Mida el rendimiento de los accionadores de frecuencia variable  Fluke Connect   Fluke Connect permite conectar el mult\u00edmetro con un tel\u00e9fono a trav\u00e9s de Bluetooth para ayudar a realizar tareas de forma m\u00e1s r\u00e1pida y segura  Lea mediciones en el tel\u00e9fono a una distancia segura, con menos equipos de protecci\u00f3n individual (PPE) mientras que el medidor enfrenta todos los riesgos  Solucione problemas con mayor eficacia mediante el seguimiento y la determinaci\u00f3n de tendencias de las mediciones en directo en la pantalla del tel\u00e9fono  Crear y enviar informes por correo electr\u00f3nico directamente desde el terreno. \u00bfLos informes no son suficientes? Fluke Connect cuenta con videollamadas ShareLive, que permiten transmitir video y mediciones en directo y en la misma pantalla  No detenga su trabajo para anotar los resultados; gu\u00e1rdelos directamente en el tel\u00e9fono desde el mult\u00edmetro con solo presionar un bot\u00f3n  Funciones de medici\u00f3n   Medici\u00f3n de corriente de CA de 600 A  Medici\u00f3n de tensi\u00f3n de CA y CC de 600 V  Medici\u00f3n de temperatura de -10 \u00b0C a 400 \u00b0C (14 \u00b0F a 752 \u00b0F)  Medici\u00f3n de capacitancia de 1000 ?F  Medici\u00f3n de corriente de CC de hasta 200 \u00b5A  Valor eficaz verdadero de voltaje y corriente para obtener mediciones exactas en se\u00f1ales no lineales  Medici\u00f3n de la resistencia de hasta 60 k?  Grabaci\u00f3n de valores m\u00edn y m\u00e1x para capturar las variaciones autom\u00e1ticamente  Otras caracter\u00edsticas   Categor\u00eda de seguridad el\u00e9ctrica CAT III 600V y CAT IV 300V  Correa magn\u00e9tica TPAK (opcional) que permite colgar el mult\u00edmetro mientras usa las sondas  Su dise\u00f1o ergon\u00f3mico se adapta a la mano y la puede usar incluso si lleva un equipo de protecci\u00f3n personal  Pantalla con retroiluminaci\u00f3n grande y f\u00e1cil de leer  Tres a\u00f1os de garant\u00eda  Estuche de transporte flexible","og_url":"https:\/\/techmasterdemexico.com\/producto\/pinza-amperimetrica-fluke-902-fc-de-verdadero-valor-eficaz-para-sistemas-de-calefaccion-ventilacion-y-aire-acondicionado\/","og_site_name":"Techmaster de Mexico","article_modified_time":"2021-12-28T22:10:07+00:00","og_image":[{"width":410,"height":410,"url":"https:\/\/techmasterdemexico.com\/wp-content\/uploads\/2021\/08\/902-fc-hvac_clamp-meter-1500x1000-1.jpg","type":"image\/jpeg"}],"twitter_card":"summary_large_image","twitter_misc":{"Est. reading time":"2 minutes"},"schema":{"@context":"https:\/\/schema.org","@graph":[{"@type":"WebPage","@id":"https:\/\/techmasterdemexico.com\/producto\/pinza-amperimetrica-fluke-902-fc-de-verdadero-valor-eficaz-para-sistemas-de-calefaccion-ventilacion-y-aire-acondicionado\/","url":"https:\/\/techmasterdemexico.com\/producto\/pinza-amperimetrica-fluke-902-fc-de-verdadero-valor-eficaz-para-sistemas-de-calefaccion-ventilacion-y-aire-acondicionado\/","name":"Pinza amperim\u00e9trica Fluke 902 FC de verdadero valor eficaz para sistemas de calefacci\u00f3n, ventilaci\u00f3n y aire acondicionado - Techmaster de Mexico","isPartOf":{"@id":"https:\/\/techmasterdemexico.com\/#website"},"primaryImageOfPage":{"@id":"https:\/\/techmasterdemexico.com\/producto\/pinza-amperimetrica-fluke-902-fc-de-verdadero-valor-eficaz-para-sistemas-de-calefaccion-ventilacion-y-aire-acondicionado\/#primaryimage"},"image":{"@id":"https:\/\/techmasterdemexico.com\/producto\/pinza-amperimetrica-fluke-902-fc-de-verdadero-valor-eficaz-para-sistemas-de-calefaccion-ventilacion-y-aire-acondicionado\/#primaryimage"},"thumbnailUrl":"https:\/\/techmasterdemexico.com\/wp-content\/uploads\/2021\/08\/902-fc-hvac_clamp-meter-1500x1000-1.jpg","datePublished":"2021-08-19T17:42:21+00:00","dateModified":"2021-12-28T22:10:07+00:00","breadcrumb":{"@id":"https:\/\/techmasterdemexico.com\/producto\/pinza-amperimetrica-fluke-902-fc-de-verdadero-valor-eficaz-para-sistemas-de-calefaccion-ventilacion-y-aire-acondicionado\/#breadcrumb"},"inLanguage":"en-US","potentialAction":[{"@type":"ReadAction","target":["https:\/\/techmasterdemexico.com\/producto\/pinza-amperimetrica-fluke-902-fc-de-verdadero-valor-eficaz-para-sistemas-de-calefaccion-ventilacion-y-aire-acondicionado\/"]}]},{"@type":"ImageObject","inLanguage":"en-US","@id":"https:\/\/techmasterdemexico.com\/producto\/pinza-amperimetrica-fluke-902-fc-de-verdadero-valor-eficaz-para-sistemas-de-calefaccion-ventilacion-y-aire-acondicionado\/#primaryimage","url":"https:\/\/techmasterdemexico.com\/wp-content\/uploads\/2021\/08\/902-fc-hvac_clamp-meter-1500x1000-1.jpg","contentUrl":"https:\/\/techmasterdemexico.com\/wp-content\/uploads\/2021\/08\/902-fc-hvac_clamp-meter-1500x1000-1.jpg","width":410,"height":410},{"@type":"BreadcrumbList","@id":"https:\/\/techmasterdemexico.com\/producto\/pinza-amperimetrica-fluke-902-fc-de-verdadero-valor-eficaz-para-sistemas-de-calefaccion-ventilacion-y-aire-acondicionado\/#breadcrumb","itemListElement":[{"@type":"ListItem","position":1,"name":"Portada","item":"https:\/\/techmasterdemexico.com\/"},{"@type":"ListItem","position":2,"name":"Pinza amperim\u00e9trica Fluke 902 FC de verdadero valor eficaz para sistemas de calefacci\u00f3n, ventilaci\u00f3n y aire acondicionado"}]},{"@type":"WebSite","@id":"https:\/\/techmasterdemexico.com\/#website","url":"https:\/\/techmasterdemexico.com\/","name":"Techmaster de Mexico","description":"","potentialAction":[{"@type":"SearchAction","target":{"@type":"EntryPoint","urlTemplate":"https:\/\/techmasterdemexico.com\/?s={search_term_string}"},"query-input":{"@type":"PropertyValueSpecification","valueRequired":true,"valueName":"search_term_string"}}],"inLanguage":"en-US"}]}},"brands":[{"id":31,"name":"Fluke","slug":"fluke"}],"_links":{"self":[{"href":"https:\/\/techmasterdemexico.com\/en\/wp-json\/wp\/v2\/product\/8059","targetHints":{"allow":["GET"]}}],"collection":[{"href":"https:\/\/techmasterdemexico.com\/en\/wp-json\/wp\/v2\/product"}],"about":[{"href":"https:\/\/techmasterdemexico.com\/en\/wp-json\/wp\/v2\/types\/product"}],"wp:featuredmedia":[{"embeddable":true,"href":"https:\/\/techmasterdemexico.com\/en\/wp-json\/wp\/v2\/media\/9334"}],"wp:attachment":[{"href":"https:\/\/techmasterdemexico.com\/en\/wp-json\/wp\/v2\/media?parent=8059"}],"wp:term":[{"taxonomy":"pwb-brand","embeddable":true,"href":"https:\/\/techmasterdemexico.com\/en\/wp-json\/wp\/v2\/pwb-brand?post=8059"},{"taxonomy":"product_brand","embeddable":true,"href":"https:\/\/techmasterdemexico.com\/en\/wp-json\/wp\/v2\/product_brand?post=8059"},{"taxonomy":"product_cat","embeddable":true,"href":"https:\/\/techmasterdemexico.com\/en\/wp-json\/wp\/v2\/product_cat?post=8059"},{"taxonomy":"product_tag","embeddable":true,"href":"https:\/\/techmasterdemexico.com\/en\/wp-json\/wp\/v2\/product_tag?post=8059"}],"curies":[{"name":"wp","href":"https:\/\/api.w.org\/{rel}","templated":true}]}}