{"id":8058,"date":"2021-08-19T17:42:21","date_gmt":"2021-08-19T17:42:21","guid":{"rendered":"http:\/\/techmastermx.ddns.net\/producto\/pinza-amperimetrica-de-ca-cc-fluke-381-de-verdadero-valor-eficaz-con-pantalla-extraible-y-tecnologia-iflex\/"},"modified":"2021-12-28T22:10:06","modified_gmt":"2021-12-28T22:10:06","slug":"pinza-amperimetrica-de-ca-cc-fluke-381-de-verdadero-valor-eficaz-con-pantalla-extraible-y-tecnologia-iflex","status":"publish","type":"product","link":"https:\/\/techmasterdemexico.com\/en\/producto\/pinza-amperimetrica-de-ca-cc-fluke-381-de-verdadero-valor-eficaz-con-pantalla-extraible-y-tecnologia-iflex\/","title":{"rendered":"Pinza amperim\u00e9trica de CA\/CC Fluke 381 de verdadero valor eficaz con pantalla extra\u00edble y tecnolog\u00eda iFlex\u00ae"},"content":{"rendered":"<p>Pinza amperim\u00e9trica de CA\/CC Fluke 381 de verdadero valor eficaz con pantalla extra\u00edble y tecnolog\u00eda iFlex\u00ae<\/p>\n<p>Lo que antes requer\u00eda de dos personas, ahora necesita solo una<\/p>\n<p>Un solo t\u00e9cnico ya puede realizar el trabajo que sol\u00eda precisar de dos personas. Coloque la pinza Fluke 381 en el conductor, retire la pantalla y despl\u00e1cese por la instalaci\u00f3n para accionar los controles o retirar el equipo de protecci\u00f3n, todo ello mientras observa lecturas en tiempo real.<\/p>\n<p>La sonda flexible de corriente iFlex\u00ae (incluida) ampl\u00eda el rango de medida a 2500 A de CA a la vez que proporciona una mayor flexibilidad de visualizaci\u00f3n. Posee un cable que se extiende hasta 1,8 m, el cual le permite por fin medir en espacios reducidos, conductores de tama\u00f1o poco habitual y cables desorganizados.<\/p>\n","protected":false},"excerpt":{"rendered":"<ul>\n<li>La tecnolog\u00eda inal\u00e1mbrica permite desplazar la pantalla hasta 10 m del punto de medida, con lo que se obtiene una mayor flexibilidad sin que ello afecte a la precisi\u00f3n de la medida.<\/li>\n<li>La pantalla magn\u00e9tica extra\u00edble puede situarse c\u00f3modamente donde usted pueda verla.<\/li>\n<li>La sonda flexible de corriente iFlex\u00ae ampl\u00eda el rango de medida hasta 2500 A de CA.<\/li>\n<li>CATIV 600V, CATIII 1000V<\/li>\n<li>El filtro de paso bajo integrado y el procesamiento de se\u00f1ales avanzado permiten su uso en entornos con gran ruido el\u00e9ctrico y, al mismo tiempo, proporciona lecturas estables<\/li>\n<li>Se usa la tecnolog\u00eda de medici\u00f3n de corriente de entrada de propiedad patentada para ignorar el ruido y capturar la corriente de arranque del motor exactamente como la percibe la protecci\u00f3n del circuito<\/li>\n<li>Su dise\u00f1o ergon\u00f3mico se adapta a la mano y la puede usar incluso si lleva un equipo de protecci\u00f3n personal.<\/li>\n<li>El trasmisor de radio establece autom\u00e1ticamente el rango de medida correcto, para que no sea necesario cambiar de posici\u00f3n el selector mientras se realiza la medida.<\/li>\n<li>Tres a\u00f1os de garant\u00eda<\/li>\n<li>Estuche de transporte flexible<\/li>\n<\/ul>\n<p>Homologaci\u00f3n de seguridad<\/p>\n<p>IEC\/EN 61010-1:2001, 1000V CAT III, 600V CAT IV<\/p>\n","protected":false},"featured_media":9324,"template":"","meta":{"_acf_changed":false},"pwb-brand":[31],"product_brand":[],"product_cat":[366,30,41],"product_tag":[],"class_list":{"0":"post-8058","1":"product","2":"type-product","3":"status-publish","4":"has-post-thumbnail","6":"pwb-brand-fluke","7":"product_cat-todos-los-productos","8":"product_cat-fluke","9":"product_cat-pinzas-amperimetricas","11":"first","12":"instock","13":"taxable","14":"shipping-taxable","15":"product-type-simple"},"acf":[],"yoast_head":"<!-- This site is optimized with the Yoast SEO plugin v27.4 - https:\/\/yoast.com\/product\/yoast-seo-wordpress\/ -->\n<title>Pinza amperim\u00e9trica de CA\/CC Fluke 381 de verdadero valor eficaz con pantalla extra\u00edble y tecnolog\u00eda iFlex\u00ae - Techmaster de Mexico<\/title>\n<meta name=\"robots\" content=\"index, follow, max-snippet:-1, max-image-preview:large, max-video-preview:-1\" \/>\n<link rel=\"canonical\" href=\"https:\/\/techmasterdemexico.com\/producto\/pinza-amperimetrica-de-ca-cc-fluke-381-de-verdadero-valor-eficaz-con-pantalla-extraible-y-tecnologia-iflex\/\" \/>\n<meta property=\"og:locale\" content=\"en_US\" \/>\n<meta property=\"og:type\" content=\"article\" \/>\n<meta property=\"og:title\" content=\"Pinza amperim\u00e9trica de CA\/CC Fluke 381 de verdadero valor eficaz con pantalla extra\u00edble y tecnolog\u00eda iFlex\u00ae - Techmaster de Mexico\" \/>\n<meta property=\"og:description\" content=\"La tecnolog\u00eda inal\u00e1mbrica permite desplazar la pantalla hasta 10 m del punto de medida, con lo que se obtiene una mayor flexibilidad sin que ello afecte a la precisi\u00f3n de la medida.   La pantalla magn\u00e9tica extra\u00edble puede situarse c\u00f3modamente donde usted pueda verla.   La sonda flexible de corriente iFlex\u00ae ampl\u00eda el rango de medida hasta 2500 A de CA.   CATIV 600V, CATIII 1000V   El filtro de paso bajo integrado y el procesamiento de se\u00f1ales avanzado permiten su uso en entornos con gran ruido el\u00e9ctrico y, al mismo tiempo, proporciona lecturas estables   Se usa la tecnolog\u00eda de medici\u00f3n de corriente de entrada de propiedad patentada para ignorar el ruido y capturar la corriente de arranque del motor exactamente como la percibe la protecci\u00f3n del circuito   Su dise\u00f1o ergon\u00f3mico se adapta a la mano y la puede usar incluso si lleva un equipo de protecci\u00f3n personal.   El trasmisor de radio establece autom\u00e1ticamente el rango de medida correcto, para que no sea necesario cambiar de posici\u00f3n el selector mientras se realiza la medida.   Tres a\u00f1os de garant\u00eda   Estuche de transporte flexible   Homologaci\u00f3n de seguridad  IEC\/EN 61010-1:2001, 1000V CAT III, 600V CAT IV\" \/>\n<meta property=\"og:url\" content=\"https:\/\/techmasterdemexico.com\/producto\/pinza-amperimetrica-de-ca-cc-fluke-381-de-verdadero-valor-eficaz-con-pantalla-extraible-y-tecnologia-iflex\/\" \/>\n<meta property=\"og:site_name\" content=\"Techmaster de Mexico\" \/>\n<meta property=\"article:modified_time\" content=\"2021-12-28T22:10:06+00:00\" \/>\n<meta property=\"og:image\" content=\"https:\/\/techmasterdemexico.com\/wp-content\/uploads\/2021\/08\/1-106.jpg\" \/>\n\t<meta property=\"og:image:width\" content=\"500\" \/>\n\t<meta property=\"og:image:height\" content=\"500\" \/>\n\t<meta property=\"og:image:type\" content=\"image\/jpeg\" \/>\n<meta name=\"twitter:card\" content=\"summary_large_image\" \/>\n<meta name=\"twitter:label1\" content=\"Est. reading time\" \/>\n\t<meta name=\"twitter:data1\" content=\"1 minute\" \/>\n<script type=\"application\/ld+json\" class=\"yoast-schema-graph\">{\"@context\":\"https:\\\/\\\/schema.org\",\"@graph\":[{\"@type\":\"WebPage\",\"@id\":\"https:\\\/\\\/techmasterdemexico.com\\\/producto\\\/pinza-amperimetrica-de-ca-cc-fluke-381-de-verdadero-valor-eficaz-con-pantalla-extraible-y-tecnologia-iflex\\\/\",\"url\":\"https:\\\/\\\/techmasterdemexico.com\\\/producto\\\/pinza-amperimetrica-de-ca-cc-fluke-381-de-verdadero-valor-eficaz-con-pantalla-extraible-y-tecnologia-iflex\\\/\",\"name\":\"Pinza amperim\u00e9trica de CA\\\/CC Fluke 381 de verdadero valor eficaz con pantalla extra\u00edble y tecnolog\u00eda iFlex\u00ae - Techmaster de Mexico\",\"isPartOf\":{\"@id\":\"https:\\\/\\\/techmasterdemexico.com\\\/#website\"},\"primaryImageOfPage\":{\"@id\":\"https:\\\/\\\/techmasterdemexico.com\\\/producto\\\/pinza-amperimetrica-de-ca-cc-fluke-381-de-verdadero-valor-eficaz-con-pantalla-extraible-y-tecnologia-iflex\\\/#primaryimage\"},\"image\":{\"@id\":\"https:\\\/\\\/techmasterdemexico.com\\\/producto\\\/pinza-amperimetrica-de-ca-cc-fluke-381-de-verdadero-valor-eficaz-con-pantalla-extraible-y-tecnologia-iflex\\\/#primaryimage\"},\"thumbnailUrl\":\"https:\\\/\\\/techmasterdemexico.com\\\/wp-content\\\/uploads\\\/2021\\\/08\\\/1-106.jpg\",\"datePublished\":\"2021-08-19T17:42:21+00:00\",\"dateModified\":\"2021-12-28T22:10:06+00:00\",\"breadcrumb\":{\"@id\":\"https:\\\/\\\/techmasterdemexico.com\\\/producto\\\/pinza-amperimetrica-de-ca-cc-fluke-381-de-verdadero-valor-eficaz-con-pantalla-extraible-y-tecnologia-iflex\\\/#breadcrumb\"},\"inLanguage\":\"en-US\",\"potentialAction\":[{\"@type\":\"ReadAction\",\"target\":[\"https:\\\/\\\/techmasterdemexico.com\\\/producto\\\/pinza-amperimetrica-de-ca-cc-fluke-381-de-verdadero-valor-eficaz-con-pantalla-extraible-y-tecnologia-iflex\\\/\"]}]},{\"@type\":\"ImageObject\",\"inLanguage\":\"en-US\",\"@id\":\"https:\\\/\\\/techmasterdemexico.com\\\/producto\\\/pinza-amperimetrica-de-ca-cc-fluke-381-de-verdadero-valor-eficaz-con-pantalla-extraible-y-tecnologia-iflex\\\/#primaryimage\",\"url\":\"https:\\\/\\\/techmasterdemexico.com\\\/wp-content\\\/uploads\\\/2021\\\/08\\\/1-106.jpg\",\"contentUrl\":\"https:\\\/\\\/techmasterdemexico.com\\\/wp-content\\\/uploads\\\/2021\\\/08\\\/1-106.jpg\",\"width\":500,\"height\":500},{\"@type\":\"BreadcrumbList\",\"@id\":\"https:\\\/\\\/techmasterdemexico.com\\\/producto\\\/pinza-amperimetrica-de-ca-cc-fluke-381-de-verdadero-valor-eficaz-con-pantalla-extraible-y-tecnologia-iflex\\\/#breadcrumb\",\"itemListElement\":[{\"@type\":\"ListItem\",\"position\":1,\"name\":\"Portada\",\"item\":\"https:\\\/\\\/techmasterdemexico.com\\\/\"},{\"@type\":\"ListItem\",\"position\":2,\"name\":\"Pinza amperim\u00e9trica de CA\\\/CC Fluke 381 de verdadero valor eficaz con pantalla extra\u00edble y tecnolog\u00eda iFlex\u00ae\"}]},{\"@type\":\"WebSite\",\"@id\":\"https:\\\/\\\/techmasterdemexico.com\\\/#website\",\"url\":\"https:\\\/\\\/techmasterdemexico.com\\\/\",\"name\":\"Techmaster de Mexico\",\"description\":\"\",\"potentialAction\":[{\"@type\":\"SearchAction\",\"target\":{\"@type\":\"EntryPoint\",\"urlTemplate\":\"https:\\\/\\\/techmasterdemexico.com\\\/?s={search_term_string}\"},\"query-input\":{\"@type\":\"PropertyValueSpecification\",\"valueRequired\":true,\"valueName\":\"search_term_string\"}}],\"inLanguage\":\"en-US\"}]}<\/script>\n<!-- \/ Yoast SEO plugin. -->","yoast_head_json":{"title":"Pinza amperim\u00e9trica de CA\/CC Fluke 381 de verdadero valor eficaz con pantalla extra\u00edble y tecnolog\u00eda iFlex\u00ae - Techmaster de Mexico","robots":{"index":"index","follow":"follow","max-snippet":"max-snippet:-1","max-image-preview":"max-image-preview:large","max-video-preview":"max-video-preview:-1"},"canonical":"https:\/\/techmasterdemexico.com\/producto\/pinza-amperimetrica-de-ca-cc-fluke-381-de-verdadero-valor-eficaz-con-pantalla-extraible-y-tecnologia-iflex\/","og_locale":"en_US","og_type":"article","og_title":"Pinza amperim\u00e9trica de CA\/CC Fluke 381 de verdadero valor eficaz con pantalla extra\u00edble y tecnolog\u00eda iFlex\u00ae - Techmaster de Mexico","og_description":"La tecnolog\u00eda inal\u00e1mbrica permite desplazar la pantalla hasta 10 m del punto de medida, con lo que se obtiene una mayor flexibilidad sin que ello afecte a la precisi\u00f3n de la medida.   La pantalla magn\u00e9tica extra\u00edble puede situarse c\u00f3modamente donde usted pueda verla.   La sonda flexible de corriente iFlex\u00ae ampl\u00eda el rango de medida hasta 2500 A de CA.   CATIV 600V, CATIII 1000V   El filtro de paso bajo integrado y el procesamiento de se\u00f1ales avanzado permiten su uso en entornos con gran ruido el\u00e9ctrico y, al mismo tiempo, proporciona lecturas estables   Se usa la tecnolog\u00eda de medici\u00f3n de corriente de entrada de propiedad patentada para ignorar el ruido y capturar la corriente de arranque del motor exactamente como la percibe la protecci\u00f3n del circuito   Su dise\u00f1o ergon\u00f3mico se adapta a la mano y la puede usar incluso si lleva un equipo de protecci\u00f3n personal.   El trasmisor de radio establece autom\u00e1ticamente el rango de medida correcto, para que no sea necesario cambiar de posici\u00f3n el selector mientras se realiza la medida.   Tres a\u00f1os de garant\u00eda   Estuche de transporte flexible   Homologaci\u00f3n de seguridad  IEC\/EN 61010-1:2001, 1000V CAT III, 600V CAT IV","og_url":"https:\/\/techmasterdemexico.com\/producto\/pinza-amperimetrica-de-ca-cc-fluke-381-de-verdadero-valor-eficaz-con-pantalla-extraible-y-tecnologia-iflex\/","og_site_name":"Techmaster de Mexico","article_modified_time":"2021-12-28T22:10:06+00:00","og_image":[{"width":500,"height":500,"url":"https:\/\/techmasterdemexico.com\/wp-content\/uploads\/2021\/08\/1-106.jpg","type":"image\/jpeg"}],"twitter_card":"summary_large_image","twitter_misc":{"Est. reading time":"1 minute"},"schema":{"@context":"https:\/\/schema.org","@graph":[{"@type":"WebPage","@id":"https:\/\/techmasterdemexico.com\/producto\/pinza-amperimetrica-de-ca-cc-fluke-381-de-verdadero-valor-eficaz-con-pantalla-extraible-y-tecnologia-iflex\/","url":"https:\/\/techmasterdemexico.com\/producto\/pinza-amperimetrica-de-ca-cc-fluke-381-de-verdadero-valor-eficaz-con-pantalla-extraible-y-tecnologia-iflex\/","name":"Pinza amperim\u00e9trica de CA\/CC Fluke 381 de verdadero valor eficaz con pantalla extra\u00edble y tecnolog\u00eda iFlex\u00ae - Techmaster de Mexico","isPartOf":{"@id":"https:\/\/techmasterdemexico.com\/#website"},"primaryImageOfPage":{"@id":"https:\/\/techmasterdemexico.com\/producto\/pinza-amperimetrica-de-ca-cc-fluke-381-de-verdadero-valor-eficaz-con-pantalla-extraible-y-tecnologia-iflex\/#primaryimage"},"image":{"@id":"https:\/\/techmasterdemexico.com\/producto\/pinza-amperimetrica-de-ca-cc-fluke-381-de-verdadero-valor-eficaz-con-pantalla-extraible-y-tecnologia-iflex\/#primaryimage"},"thumbnailUrl":"https:\/\/techmasterdemexico.com\/wp-content\/uploads\/2021\/08\/1-106.jpg","datePublished":"2021-08-19T17:42:21+00:00","dateModified":"2021-12-28T22:10:06+00:00","breadcrumb":{"@id":"https:\/\/techmasterdemexico.com\/producto\/pinza-amperimetrica-de-ca-cc-fluke-381-de-verdadero-valor-eficaz-con-pantalla-extraible-y-tecnologia-iflex\/#breadcrumb"},"inLanguage":"en-US","potentialAction":[{"@type":"ReadAction","target":["https:\/\/techmasterdemexico.com\/producto\/pinza-amperimetrica-de-ca-cc-fluke-381-de-verdadero-valor-eficaz-con-pantalla-extraible-y-tecnologia-iflex\/"]}]},{"@type":"ImageObject","inLanguage":"en-US","@id":"https:\/\/techmasterdemexico.com\/producto\/pinza-amperimetrica-de-ca-cc-fluke-381-de-verdadero-valor-eficaz-con-pantalla-extraible-y-tecnologia-iflex\/#primaryimage","url":"https:\/\/techmasterdemexico.com\/wp-content\/uploads\/2021\/08\/1-106.jpg","contentUrl":"https:\/\/techmasterdemexico.com\/wp-content\/uploads\/2021\/08\/1-106.jpg","width":500,"height":500},{"@type":"BreadcrumbList","@id":"https:\/\/techmasterdemexico.com\/producto\/pinza-amperimetrica-de-ca-cc-fluke-381-de-verdadero-valor-eficaz-con-pantalla-extraible-y-tecnologia-iflex\/#breadcrumb","itemListElement":[{"@type":"ListItem","position":1,"name":"Portada","item":"https:\/\/techmasterdemexico.com\/"},{"@type":"ListItem","position":2,"name":"Pinza amperim\u00e9trica de CA\/CC Fluke 381 de verdadero valor eficaz con pantalla extra\u00edble y tecnolog\u00eda iFlex\u00ae"}]},{"@type":"WebSite","@id":"https:\/\/techmasterdemexico.com\/#website","url":"https:\/\/techmasterdemexico.com\/","name":"Techmaster de Mexico","description":"","potentialAction":[{"@type":"SearchAction","target":{"@type":"EntryPoint","urlTemplate":"https:\/\/techmasterdemexico.com\/?s={search_term_string}"},"query-input":{"@type":"PropertyValueSpecification","valueRequired":true,"valueName":"search_term_string"}}],"inLanguage":"en-US"}]}},"brands":[{"id":31,"name":"Fluke","slug":"fluke"}],"_links":{"self":[{"href":"https:\/\/techmasterdemexico.com\/en\/wp-json\/wp\/v2\/product\/8058","targetHints":{"allow":["GET"]}}],"collection":[{"href":"https:\/\/techmasterdemexico.com\/en\/wp-json\/wp\/v2\/product"}],"about":[{"href":"https:\/\/techmasterdemexico.com\/en\/wp-json\/wp\/v2\/types\/product"}],"wp:featuredmedia":[{"embeddable":true,"href":"https:\/\/techmasterdemexico.com\/en\/wp-json\/wp\/v2\/media\/9324"}],"wp:attachment":[{"href":"https:\/\/techmasterdemexico.com\/en\/wp-json\/wp\/v2\/media?parent=8058"}],"wp:term":[{"taxonomy":"pwb-brand","embeddable":true,"href":"https:\/\/techmasterdemexico.com\/en\/wp-json\/wp\/v2\/pwb-brand?post=8058"},{"taxonomy":"product_brand","embeddable":true,"href":"https:\/\/techmasterdemexico.com\/en\/wp-json\/wp\/v2\/product_brand?post=8058"},{"taxonomy":"product_cat","embeddable":true,"href":"https:\/\/techmasterdemexico.com\/en\/wp-json\/wp\/v2\/product_cat?post=8058"},{"taxonomy":"product_tag","embeddable":true,"href":"https:\/\/techmasterdemexico.com\/en\/wp-json\/wp\/v2\/product_tag?post=8058"}],"curies":[{"name":"wp","href":"https:\/\/api.w.org\/{rel}","templated":true}]}}