{"id":8057,"date":"2021-08-19T17:42:21","date_gmt":"2021-08-20T00:42:21","guid":{"rendered":"http:\/\/techmastermx.ddns.net\/producto\/pinza-amperimetrica-de-ca-cc-de-verdadero-valor-eficaz-con-iflex-fluke-378-fc\/"},"modified":"2025-11-12T16:59:31","modified_gmt":"2025-11-12T23:59:31","slug":"pinza-amperimetrica-de-ca-cc-de-verdadero-valor-eficaz-con-iflex-fluke-378-fc","status":"publish","type":"product","link":"https:\/\/techmasterdemexico.com\/en\/producto\/pinza-amperimetrica-de-ca-cc-de-verdadero-valor-eficaz-con-iflex-fluke-378-fc\/","title":{"rendered":"Pinza amperim\u00e9trica de CA\/CC de verdadero valor eficaz con iFlex Fluke 378 FC"},"content":{"rendered":"<p>Pinza amperim\u00e9trica de CA\/CC de verdadero valor eficaz con iFlex Fluke 378 FC<\/p>\n<p>Medidas de tensi\u00f3n y corriente con la tecnolog\u00eda FieldSense\u2122<\/p>\n<p>La pinza amperim\u00e9trica de verdadero valor eficaz Fluke 378 FC utiliza la tecnolog\u00eda FieldSense\u2122 para obtener medidas m\u00e1s r\u00e1pidas y seguras sin tocar un conductor con tensi\u00f3n. Obtenga medidas exactas de tensi\u00f3n y corriente con la mordaza de la pinza. Para obtener medidas exactas y fiables de tensi\u00f3n y corriente, basta con conectar el cable de prueba negro a cualquier tierra el\u00e9ctrico, coloque la mordaza alrededor del conductor y consulte los valores en la pantalla.<\/p>\n<p>El indicador de calidad el\u00e9ctrica muestra si hay alg\u00fan problema en el equipo o en la l\u00ednea el\u00e9ctrica<\/p>\n<p>La pinza amperim\u00e9trica 378 FC incluye la funci\u00f3n PQ que detecta autom\u00e1ticamente los problemas de calidad el\u00e9ctrica. Al tomar medidas con la tecnolog\u00eda FieldSense, la 378 FC detecta y muestra los problemas de calidad el\u00e9ctrica relacionados con la corriente, la tensi\u00f3n, el factor de potencia o cualquier combinaci\u00f3n de los tres. Ahora puede determinar r\u00e1pidamente si existe un problema en la acometida o en el equipo.<\/p>\n<p>Medidas trif\u00e1sicas completas en pasos r\u00e1pidos y sencillos<\/p>\n<ul>\n<li>Pruebas completas de tensi\u00f3n y corriente trif\u00e1sicas en 3 sencillos pasos<\/li>\n<li>C\u00e1lculo completo de valores de fase a tierra y de fase a fase<\/li>\n<li>V\u00e9alo en su smartphone y gu\u00e1rdelo en la nube con el software Fluke Connect:<\/li>\n<li>La rotaci\u00f3n de fases se calcula y se muestra en el software Fluke Connect<\/li>\n<li>Se acabaron las notas escritas a mano y la aritm\u00e9tica complicada.<\/li>\n<\/ul>\n<p>Mida corrientes extremadamente elevadas con la sonda iFlex\u00ae<\/p>\n<p>La sonda de corriente flexible iFlex incluida permite medir corrientes CA de hasta 2500 A y tomar medidas con facilidad en armarios con gran densidad de cables y conductores voluminosos.<\/p>\n<p>F\u00e1cil de ver y usar con los instrumentos incluidos<\/p>\n<p>Simplifique sus tareas con la pinza amperim\u00e9trica 378 FC. La pantalla se ilumina en verde cuando se detecta una medida FieldSense estable. La funci\u00f3n de continuidad visual tambi\u00e9n muestra una pantalla verde brillante que permite detectar f\u00e1cilmente la presencia de continuidad en \u00e1reas de trabajo ruidosas.<\/p>\n<p>Registre, analice y comparta los resultados con el software Fluke Connect\u00ae<\/p>\n<p>Con el software Fluke Connect podr\u00e1 registrar datos a distancia, elaborar tendencias y supervisar medidas para detectar fallos intermitentes. Fluke Connect tambi\u00e9n le permite recoger datos para planes de mantenimiento preventivo.<\/p>","protected":false},"excerpt":{"rendered":"<ul>\n<li>Mida tensi\u00f3n y corriente con la mordaza de su pinza<\/li>\n<li>Medidas m\u00e1s r\u00e1pidas y seguras sin tocar el cable con tensi\u00f3n gracias a la tecnolog\u00eda FieldSense\u2122<\/li>\n<li>El indicador de calidad el\u00e9ctrica muestra si hay alg\u00fan error en el equipo o la l\u00ednea el\u00e9ctrica<\/li>\n<li>Pruebas completas de tensi\u00f3n y corriente trif\u00e1sicas en menos pasos<\/li>\n<\/ul>\n","protected":false},"featured_media":20534,"template":"","meta":{"_acf_changed":false},"pwb-brand":[31],"product_brand":[],"product_cat":[366,30,41],"product_tag":[],"class_list":{"0":"post-8057","1":"product","2":"type-product","3":"status-publish","4":"has-post-thumbnail","6":"pwb-brand-fluke","7":"product_cat-todos-los-productos","8":"product_cat-fluke","9":"product_cat-pinzas-amperimetricas","11":"first","12":"instock","13":"taxable","14":"shipping-taxable","15":"product-type-simple"},"acf":[],"yoast_head":"<!-- This site is optimized with the Yoast SEO plugin v27.5 - https:\/\/yoast.com\/product\/yoast-seo-wordpress\/ -->\n<title>Pinza amperim\u00e9trica de CA\/CC de verdadero valor eficaz con iFlex Fluke 378 FC - Techmaster de Mexico<\/title>\n<meta name=\"robots\" content=\"index, follow, max-snippet:-1, max-image-preview:large, max-video-preview:-1\" \/>\n<link rel=\"canonical\" href=\"https:\/\/techmasterdemexico.com\/producto\/pinza-amperimetrica-de-ca-cc-de-verdadero-valor-eficaz-con-iflex-fluke-378-fc\/\" \/>\n<meta property=\"og:locale\" content=\"en_US\" \/>\n<meta property=\"og:type\" content=\"article\" \/>\n<meta property=\"og:title\" content=\"Pinza amperim\u00e9trica de CA\/CC de verdadero valor eficaz con iFlex Fluke 378 FC - Techmaster de Mexico\" \/>\n<meta property=\"og:description\" content=\"[:es]      Mida tensi\u00f3n y corriente con la mordaza de su pinza    Medidas m\u00e1s r\u00e1pidas y seguras sin tocar el cable con tensi\u00f3n gracias a la tecnolog\u00eda FieldSense\u2122    El indicador de calidad el\u00e9ctrica muestra si hay alg\u00fan error en el equipo o la l\u00ednea el\u00e9ctrica    Pruebas completas de tensi\u00f3n y corriente trif\u00e1sicas en menos pasos   [:en]  Mida tensi\u00f3n y corriente con la mordaza de su pinza  Medidas m\u00e1s r\u00e1pidas y seguras sin tocar el cable con tensi\u00f3n gracias a la tecnolog\u00eda FieldSense\u2122  El indicador de calidad el\u00e9ctrica muestra si hay alg\u00fan error en el equipo o la l\u00ednea el\u00e9ctrica  Pruebas completas de tensi\u00f3n y corriente trif\u00e1sicas en menos pasos [:]\" \/>\n<meta property=\"og:url\" content=\"https:\/\/techmasterdemexico.com\/producto\/pinza-amperimetrica-de-ca-cc-de-verdadero-valor-eficaz-con-iflex-fluke-378-fc\/\" \/>\n<meta property=\"og:site_name\" content=\"Techmaster de Mexico\" \/>\n<meta property=\"article:modified_time\" content=\"2025-11-12T23:59:31+00:00\" \/>\n<meta property=\"og:image\" content=\"https:\/\/techmasterdemexico.com\/wp-content\/uploads\/Fluke-378FC.png\" \/>\n\t<meta property=\"og:image:width\" content=\"854\" \/>\n\t<meta property=\"og:image:height\" content=\"854\" \/>\n\t<meta property=\"og:image:type\" content=\"image\/png\" \/>\n<meta name=\"twitter:card\" content=\"summary_large_image\" \/>\n<meta name=\"twitter:label1\" content=\"Est. reading time\" \/>\n\t<meta name=\"twitter:data1\" content=\"4 minutes\" \/>\n<script type=\"application\/ld+json\" class=\"yoast-schema-graph\">{\"@context\":\"https:\\\/\\\/schema.org\",\"@graph\":[{\"@type\":\"WebPage\",\"@id\":\"https:\\\/\\\/techmasterdemexico.com\\\/producto\\\/pinza-amperimetrica-de-ca-cc-de-verdadero-valor-eficaz-con-iflex-fluke-378-fc\\\/\",\"url\":\"https:\\\/\\\/techmasterdemexico.com\\\/producto\\\/pinza-amperimetrica-de-ca-cc-de-verdadero-valor-eficaz-con-iflex-fluke-378-fc\\\/\",\"name\":\"Pinza amperim\u00e9trica de CA\\\/CC de verdadero valor eficaz con iFlex Fluke 378 FC - Techmaster de Mexico\",\"isPartOf\":{\"@id\":\"https:\\\/\\\/techmasterdemexico.com\\\/#website\"},\"primaryImageOfPage\":{\"@id\":\"https:\\\/\\\/techmasterdemexico.com\\\/producto\\\/pinza-amperimetrica-de-ca-cc-de-verdadero-valor-eficaz-con-iflex-fluke-378-fc\\\/#primaryimage\"},\"image\":{\"@id\":\"https:\\\/\\\/techmasterdemexico.com\\\/producto\\\/pinza-amperimetrica-de-ca-cc-de-verdadero-valor-eficaz-con-iflex-fluke-378-fc\\\/#primaryimage\"},\"thumbnailUrl\":\"https:\\\/\\\/techmasterdemexico.com\\\/wp-content\\\/uploads\\\/Fluke-378FC.png\",\"datePublished\":\"2021-08-20T00:42:21+00:00\",\"dateModified\":\"2025-11-12T23:59:31+00:00\",\"breadcrumb\":{\"@id\":\"https:\\\/\\\/techmasterdemexico.com\\\/producto\\\/pinza-amperimetrica-de-ca-cc-de-verdadero-valor-eficaz-con-iflex-fluke-378-fc\\\/#breadcrumb\"},\"inLanguage\":\"en-US\",\"potentialAction\":[{\"@type\":\"ReadAction\",\"target\":[\"https:\\\/\\\/techmasterdemexico.com\\\/producto\\\/pinza-amperimetrica-de-ca-cc-de-verdadero-valor-eficaz-con-iflex-fluke-378-fc\\\/\"]}]},{\"@type\":\"ImageObject\",\"inLanguage\":\"en-US\",\"@id\":\"https:\\\/\\\/techmasterdemexico.com\\\/producto\\\/pinza-amperimetrica-de-ca-cc-de-verdadero-valor-eficaz-con-iflex-fluke-378-fc\\\/#primaryimage\",\"url\":\"https:\\\/\\\/techmasterdemexico.com\\\/wp-content\\\/uploads\\\/Fluke-378FC.png\",\"contentUrl\":\"https:\\\/\\\/techmasterdemexico.com\\\/wp-content\\\/uploads\\\/Fluke-378FC.png\",\"width\":854,\"height\":854},{\"@type\":\"BreadcrumbList\",\"@id\":\"https:\\\/\\\/techmasterdemexico.com\\\/producto\\\/pinza-amperimetrica-de-ca-cc-de-verdadero-valor-eficaz-con-iflex-fluke-378-fc\\\/#breadcrumb\",\"itemListElement\":[{\"@type\":\"ListItem\",\"position\":1,\"name\":\"Portada\",\"item\":\"https:\\\/\\\/techmasterdemexico.com\\\/\"},{\"@type\":\"ListItem\",\"position\":2,\"name\":\"Pinza amperim\u00e9trica de CA\\\/CC de verdadero valor eficaz con iFlex Fluke 378 FC\"}]},{\"@type\":\"WebSite\",\"@id\":\"https:\\\/\\\/techmasterdemexico.com\\\/#website\",\"url\":\"https:\\\/\\\/techmasterdemexico.com\\\/\",\"name\":\"Techmaster de Mexico\",\"description\":\"\",\"potentialAction\":[{\"@type\":\"SearchAction\",\"target\":{\"@type\":\"EntryPoint\",\"urlTemplate\":\"https:\\\/\\\/techmasterdemexico.com\\\/?s={search_term_string}\"},\"query-input\":{\"@type\":\"PropertyValueSpecification\",\"valueRequired\":true,\"valueName\":\"search_term_string\"}}],\"inLanguage\":\"en-US\"}]}<\/script>\n<!-- \/ Yoast SEO plugin. -->","yoast_head_json":{"title":"Pinza amperim\u00e9trica de CA\/CC de verdadero valor eficaz con iFlex Fluke 378 FC - Techmaster de Mexico","robots":{"index":"index","follow":"follow","max-snippet":"max-snippet:-1","max-image-preview":"max-image-preview:large","max-video-preview":"max-video-preview:-1"},"canonical":"https:\/\/techmasterdemexico.com\/producto\/pinza-amperimetrica-de-ca-cc-de-verdadero-valor-eficaz-con-iflex-fluke-378-fc\/","og_locale":"en_US","og_type":"article","og_title":"Pinza amperim\u00e9trica de CA\/CC de verdadero valor eficaz con iFlex Fluke 378 FC - Techmaster de Mexico","og_description":"[:es]      Mida tensi\u00f3n y corriente con la mordaza de su pinza    Medidas m\u00e1s r\u00e1pidas y seguras sin tocar el cable con tensi\u00f3n gracias a la tecnolog\u00eda FieldSense\u2122    El indicador de calidad el\u00e9ctrica muestra si hay alg\u00fan error en el equipo o la l\u00ednea el\u00e9ctrica    Pruebas completas de tensi\u00f3n y corriente trif\u00e1sicas en menos pasos   [:en]  Mida tensi\u00f3n y corriente con la mordaza de su pinza  Medidas m\u00e1s r\u00e1pidas y seguras sin tocar el cable con tensi\u00f3n gracias a la tecnolog\u00eda FieldSense\u2122  El indicador de calidad el\u00e9ctrica muestra si hay alg\u00fan error en el equipo o la l\u00ednea el\u00e9ctrica  Pruebas completas de tensi\u00f3n y corriente trif\u00e1sicas en menos pasos [:]","og_url":"https:\/\/techmasterdemexico.com\/producto\/pinza-amperimetrica-de-ca-cc-de-verdadero-valor-eficaz-con-iflex-fluke-378-fc\/","og_site_name":"Techmaster de Mexico","article_modified_time":"2025-11-12T23:59:31+00:00","og_image":[{"width":854,"height":854,"url":"https:\/\/techmasterdemexico.com\/wp-content\/uploads\/Fluke-378FC.png","type":"image\/png"}],"twitter_card":"summary_large_image","twitter_misc":{"Est. reading time":"4 minutes"},"schema":{"@context":"https:\/\/schema.org","@graph":[{"@type":"WebPage","@id":"https:\/\/techmasterdemexico.com\/producto\/pinza-amperimetrica-de-ca-cc-de-verdadero-valor-eficaz-con-iflex-fluke-378-fc\/","url":"https:\/\/techmasterdemexico.com\/producto\/pinza-amperimetrica-de-ca-cc-de-verdadero-valor-eficaz-con-iflex-fluke-378-fc\/","name":"Pinza amperim\u00e9trica de CA\/CC de verdadero valor eficaz con iFlex Fluke 378 FC - Techmaster de Mexico","isPartOf":{"@id":"https:\/\/techmasterdemexico.com\/#website"},"primaryImageOfPage":{"@id":"https:\/\/techmasterdemexico.com\/producto\/pinza-amperimetrica-de-ca-cc-de-verdadero-valor-eficaz-con-iflex-fluke-378-fc\/#primaryimage"},"image":{"@id":"https:\/\/techmasterdemexico.com\/producto\/pinza-amperimetrica-de-ca-cc-de-verdadero-valor-eficaz-con-iflex-fluke-378-fc\/#primaryimage"},"thumbnailUrl":"https:\/\/techmasterdemexico.com\/wp-content\/uploads\/Fluke-378FC.png","datePublished":"2021-08-20T00:42:21+00:00","dateModified":"2025-11-12T23:59:31+00:00","breadcrumb":{"@id":"https:\/\/techmasterdemexico.com\/producto\/pinza-amperimetrica-de-ca-cc-de-verdadero-valor-eficaz-con-iflex-fluke-378-fc\/#breadcrumb"},"inLanguage":"en-US","potentialAction":[{"@type":"ReadAction","target":["https:\/\/techmasterdemexico.com\/producto\/pinza-amperimetrica-de-ca-cc-de-verdadero-valor-eficaz-con-iflex-fluke-378-fc\/"]}]},{"@type":"ImageObject","inLanguage":"en-US","@id":"https:\/\/techmasterdemexico.com\/producto\/pinza-amperimetrica-de-ca-cc-de-verdadero-valor-eficaz-con-iflex-fluke-378-fc\/#primaryimage","url":"https:\/\/techmasterdemexico.com\/wp-content\/uploads\/Fluke-378FC.png","contentUrl":"https:\/\/techmasterdemexico.com\/wp-content\/uploads\/Fluke-378FC.png","width":854,"height":854},{"@type":"BreadcrumbList","@id":"https:\/\/techmasterdemexico.com\/producto\/pinza-amperimetrica-de-ca-cc-de-verdadero-valor-eficaz-con-iflex-fluke-378-fc\/#breadcrumb","itemListElement":[{"@type":"ListItem","position":1,"name":"Portada","item":"https:\/\/techmasterdemexico.com\/"},{"@type":"ListItem","position":2,"name":"Pinza amperim\u00e9trica de CA\/CC de verdadero valor eficaz con iFlex Fluke 378 FC"}]},{"@type":"WebSite","@id":"https:\/\/techmasterdemexico.com\/#website","url":"https:\/\/techmasterdemexico.com\/","name":"Techmaster de Mexico","description":"","potentialAction":[{"@type":"SearchAction","target":{"@type":"EntryPoint","urlTemplate":"https:\/\/techmasterdemexico.com\/?s={search_term_string}"},"query-input":{"@type":"PropertyValueSpecification","valueRequired":true,"valueName":"search_term_string"}}],"inLanguage":"en-US"}]}},"brands":[{"id":31,"name":"Fluke","slug":"fluke"}],"_links":{"self":[{"href":"https:\/\/techmasterdemexico.com\/en\/wp-json\/wp\/v2\/product\/8057","targetHints":{"allow":["GET"]}}],"collection":[{"href":"https:\/\/techmasterdemexico.com\/en\/wp-json\/wp\/v2\/product"}],"about":[{"href":"https:\/\/techmasterdemexico.com\/en\/wp-json\/wp\/v2\/types\/product"}],"wp:featuredmedia":[{"embeddable":true,"href":"https:\/\/techmasterdemexico.com\/en\/wp-json\/wp\/v2\/media\/20534"}],"wp:attachment":[{"href":"https:\/\/techmasterdemexico.com\/en\/wp-json\/wp\/v2\/media?parent=8057"}],"wp:term":[{"taxonomy":"pwb-brand","embeddable":true,"href":"https:\/\/techmasterdemexico.com\/en\/wp-json\/wp\/v2\/pwb-brand?post=8057"},{"taxonomy":"product_brand","embeddable":true,"href":"https:\/\/techmasterdemexico.com\/en\/wp-json\/wp\/v2\/product_brand?post=8057"},{"taxonomy":"product_cat","embeddable":true,"href":"https:\/\/techmasterdemexico.com\/en\/wp-json\/wp\/v2\/product_cat?post=8057"},{"taxonomy":"product_tag","embeddable":true,"href":"https:\/\/techmasterdemexico.com\/en\/wp-json\/wp\/v2\/product_tag?post=8057"}],"curies":[{"name":"wp","href":"https:\/\/api.w.org\/{rel}","templated":true}]}}