{"id":8055,"date":"2021-08-19T17:42:20","date_gmt":"2021-08-19T17:42:20","guid":{"rendered":"http:\/\/techmastermx.ddns.net\/producto\/lente-inteligente-teleobjetivo-para-infrarrojos-de-4x\/"},"modified":"2021-12-28T22:10:07","modified_gmt":"2021-12-28T22:10:07","slug":"lente-inteligente-teleobjetivo-para-infrarrojos-de-4x","status":"publish","type":"product","link":"https:\/\/techmasterdemexico.com\/en\/producto\/lente-inteligente-teleobjetivo-para-infrarrojos-de-4x\/","title":{"rendered":"Lente inteligente teleobjetivo para infrarrojos de 4x"},"content":{"rendered":"<p>Lente inteligente teleobjetivo para infrarrojos de 4x<\/p>\n<p>Observe su objetivo 4 veces m\u00e1s ampliado que con una lente est\u00e1ndar mientras se mantiene en el suelo o a una distancia segura. Una lente teleobjetivo de 4x puede ayudar a identificar un posible problema en el equipo, incluso cuando el objetivo es tan peque\u00f1o y lejano como un empalme defectuoso en un tendido el\u00e9ctrico en altura o un refractario sobrecalentado sobre un quemador de gas residual alto.<\/p>\n<p>-Evite la molestia de enviar la c\u00e1mara a calibrar con la lente; con las lentes inteligentes, es posible instalar la lente en cualquier c\u00e1mara compatible y comenzar a captar im\u00e1genes.<\/p>\n<p>-Esta lente incluye un sistema de sujeci\u00f3n de lente con patente en tr\u00e1mite que asegura la lente en su lugar, lo que reduce la inestabilidad de la lente.<\/p>\n<p>-Hecho 100 % de germanio convertido en diamante con un recubrimiento propio, el material disponible m\u00e1s eficiente para transmitir energ\u00eda al detector.<\/p>\n<p>Compatible con las c\u00e1maras TiX580, TiX501, Ti480 PRO, Ti401 PRO.<\/p>\n","protected":false},"excerpt":{"rendered":"<table>\n<tbody>\n<tr>\n<td rowspan=\"3\"><strong>IFOV<\/strong><\/td>\n<td>Ti401 PRO \/ Ti480 PRO<\/td>\n<td>0.17 mRad<\/td>\n<\/tr>\n<tr>\n<td>Ti300+<\/td>\n<td>0.34 mRad<\/td>\n<\/tr>\n<tr>\n<td>TiX501 \/ TiX580<\/td>\n<td>0.17 mRad<\/td>\n<\/tr>\n<tr>\n<td><b>Campo de visi\u00f3n<\/b><\/td>\n<td colspan=\"2\">6.0\u00b0 H x 4.5\u00b0 V<\/td>\n<\/tr>\n<tr>\n<td><b>Distancia focal m\u00ednima<\/b><\/td>\n<td colspan=\"2\">1.5 m (approximately 5 ft)<\/td>\n<\/tr>\n<\/tbody>\n<\/table>\n","protected":false},"featured_media":9285,"template":"","meta":{"_acf_changed":false},"pwb-brand":[31],"product_brand":[],"product_cat":[366,118,128,30],"product_tag":[],"class_list":{"0":"post-8055","1":"product","2":"type-product","3":"status-publish","4":"has-post-thumbnail","6":"pwb-brand-fluke","7":"product_cat-todos-los-productos","8":"product_cat-accesorios-fluke","9":"product_cat-camaras-termograficas-y-lente-de-ir","10":"product_cat-fluke","12":"first","13":"instock","14":"taxable","15":"shipping-taxable","16":"product-type-simple"},"acf":[],"yoast_head":"<!-- This site is optimized with the Yoast SEO plugin v27.4 - https:\/\/yoast.com\/product\/yoast-seo-wordpress\/ -->\n<title>Lente inteligente teleobjetivo para infrarrojos de 4x - Techmaster de Mexico<\/title>\n<meta name=\"robots\" content=\"index, follow, max-snippet:-1, max-image-preview:large, max-video-preview:-1\" \/>\n<link rel=\"canonical\" href=\"https:\/\/techmasterdemexico.com\/producto\/lente-inteligente-teleobjetivo-para-infrarrojos-de-4x\/\" \/>\n<meta property=\"og:locale\" content=\"en_US\" \/>\n<meta property=\"og:type\" content=\"article\" \/>\n<meta property=\"og:title\" content=\"Lente inteligente teleobjetivo para infrarrojos de 4x - Techmaster de Mexico\" \/>\n<meta property=\"og:description\" content=\"IFOV Ti401 PRO \/ Ti480 PRO 0.17 mRad   Ti300+ 0.34 mRad   TiX501 \/ TiX580 0.17 mRad   Campo de visi\u00f3n 6.0\u00b0 H x 4.5\u00b0 V   Distancia focal m\u00ednima 1.5 m (approximately 5 ft)\" \/>\n<meta property=\"og:url\" content=\"https:\/\/techmasterdemexico.com\/producto\/lente-inteligente-teleobjetivo-para-infrarrojos-de-4x\/\" \/>\n<meta property=\"og:site_name\" content=\"Techmaster de Mexico\" \/>\n<meta property=\"article:modified_time\" content=\"2021-12-28T22:10:07+00:00\" \/>\n<meta property=\"og:image\" content=\"https:\/\/techmasterdemexico.com\/wp-content\/uploads\/2021\/08\/Untitled-8.jpg\" \/>\n\t<meta property=\"og:image:width\" content=\"1500\" \/>\n\t<meta property=\"og:image:height\" content=\"1500\" \/>\n\t<meta property=\"og:image:type\" content=\"image\/jpeg\" \/>\n<meta name=\"twitter:card\" content=\"summary_large_image\" \/>\n<meta name=\"twitter:label1\" content=\"Est. reading time\" \/>\n\t<meta name=\"twitter:data1\" content=\"1 minute\" \/>\n<script type=\"application\/ld+json\" class=\"yoast-schema-graph\">{\"@context\":\"https:\\\/\\\/schema.org\",\"@graph\":[{\"@type\":\"WebPage\",\"@id\":\"https:\\\/\\\/techmasterdemexico.com\\\/producto\\\/lente-inteligente-teleobjetivo-para-infrarrojos-de-4x\\\/\",\"url\":\"https:\\\/\\\/techmasterdemexico.com\\\/producto\\\/lente-inteligente-teleobjetivo-para-infrarrojos-de-4x\\\/\",\"name\":\"Lente inteligente teleobjetivo para infrarrojos de 4x - Techmaster de Mexico\",\"isPartOf\":{\"@id\":\"https:\\\/\\\/techmasterdemexico.com\\\/#website\"},\"primaryImageOfPage\":{\"@id\":\"https:\\\/\\\/techmasterdemexico.com\\\/producto\\\/lente-inteligente-teleobjetivo-para-infrarrojos-de-4x\\\/#primaryimage\"},\"image\":{\"@id\":\"https:\\\/\\\/techmasterdemexico.com\\\/producto\\\/lente-inteligente-teleobjetivo-para-infrarrojos-de-4x\\\/#primaryimage\"},\"thumbnailUrl\":\"https:\\\/\\\/techmasterdemexico.com\\\/wp-content\\\/uploads\\\/2021\\\/08\\\/Untitled-8.jpg\",\"datePublished\":\"2021-08-19T17:42:20+00:00\",\"dateModified\":\"2021-12-28T22:10:07+00:00\",\"breadcrumb\":{\"@id\":\"https:\\\/\\\/techmasterdemexico.com\\\/producto\\\/lente-inteligente-teleobjetivo-para-infrarrojos-de-4x\\\/#breadcrumb\"},\"inLanguage\":\"en-US\",\"potentialAction\":[{\"@type\":\"ReadAction\",\"target\":[\"https:\\\/\\\/techmasterdemexico.com\\\/producto\\\/lente-inteligente-teleobjetivo-para-infrarrojos-de-4x\\\/\"]}]},{\"@type\":\"ImageObject\",\"inLanguage\":\"en-US\",\"@id\":\"https:\\\/\\\/techmasterdemexico.com\\\/producto\\\/lente-inteligente-teleobjetivo-para-infrarrojos-de-4x\\\/#primaryimage\",\"url\":\"https:\\\/\\\/techmasterdemexico.com\\\/wp-content\\\/uploads\\\/2021\\\/08\\\/Untitled-8.jpg\",\"contentUrl\":\"https:\\\/\\\/techmasterdemexico.com\\\/wp-content\\\/uploads\\\/2021\\\/08\\\/Untitled-8.jpg\",\"width\":1500,\"height\":1500},{\"@type\":\"BreadcrumbList\",\"@id\":\"https:\\\/\\\/techmasterdemexico.com\\\/producto\\\/lente-inteligente-teleobjetivo-para-infrarrojos-de-4x\\\/#breadcrumb\",\"itemListElement\":[{\"@type\":\"ListItem\",\"position\":1,\"name\":\"Portada\",\"item\":\"https:\\\/\\\/techmasterdemexico.com\\\/\"},{\"@type\":\"ListItem\",\"position\":2,\"name\":\"Lente inteligente teleobjetivo para infrarrojos de 4x\"}]},{\"@type\":\"WebSite\",\"@id\":\"https:\\\/\\\/techmasterdemexico.com\\\/#website\",\"url\":\"https:\\\/\\\/techmasterdemexico.com\\\/\",\"name\":\"Techmaster de Mexico\",\"description\":\"\",\"potentialAction\":[{\"@type\":\"SearchAction\",\"target\":{\"@type\":\"EntryPoint\",\"urlTemplate\":\"https:\\\/\\\/techmasterdemexico.com\\\/?s={search_term_string}\"},\"query-input\":{\"@type\":\"PropertyValueSpecification\",\"valueRequired\":true,\"valueName\":\"search_term_string\"}}],\"inLanguage\":\"en-US\"}]}<\/script>\n<!-- \/ Yoast SEO plugin. -->","yoast_head_json":{"title":"Lente inteligente teleobjetivo para infrarrojos de 4x - Techmaster de Mexico","robots":{"index":"index","follow":"follow","max-snippet":"max-snippet:-1","max-image-preview":"max-image-preview:large","max-video-preview":"max-video-preview:-1"},"canonical":"https:\/\/techmasterdemexico.com\/producto\/lente-inteligente-teleobjetivo-para-infrarrojos-de-4x\/","og_locale":"en_US","og_type":"article","og_title":"Lente inteligente teleobjetivo para infrarrojos de 4x - Techmaster de Mexico","og_description":"IFOV Ti401 PRO \/ Ti480 PRO 0.17 mRad   Ti300+ 0.34 mRad   TiX501 \/ TiX580 0.17 mRad   Campo de visi\u00f3n 6.0\u00b0 H x 4.5\u00b0 V   Distancia focal m\u00ednima 1.5 m (approximately 5 ft)","og_url":"https:\/\/techmasterdemexico.com\/producto\/lente-inteligente-teleobjetivo-para-infrarrojos-de-4x\/","og_site_name":"Techmaster de Mexico","article_modified_time":"2021-12-28T22:10:07+00:00","og_image":[{"width":1500,"height":1500,"url":"https:\/\/techmasterdemexico.com\/wp-content\/uploads\/2021\/08\/Untitled-8.jpg","type":"image\/jpeg"}],"twitter_card":"summary_large_image","twitter_misc":{"Est. reading time":"1 minute"},"schema":{"@context":"https:\/\/schema.org","@graph":[{"@type":"WebPage","@id":"https:\/\/techmasterdemexico.com\/producto\/lente-inteligente-teleobjetivo-para-infrarrojos-de-4x\/","url":"https:\/\/techmasterdemexico.com\/producto\/lente-inteligente-teleobjetivo-para-infrarrojos-de-4x\/","name":"Lente inteligente teleobjetivo para infrarrojos de 4x - Techmaster de Mexico","isPartOf":{"@id":"https:\/\/techmasterdemexico.com\/#website"},"primaryImageOfPage":{"@id":"https:\/\/techmasterdemexico.com\/producto\/lente-inteligente-teleobjetivo-para-infrarrojos-de-4x\/#primaryimage"},"image":{"@id":"https:\/\/techmasterdemexico.com\/producto\/lente-inteligente-teleobjetivo-para-infrarrojos-de-4x\/#primaryimage"},"thumbnailUrl":"https:\/\/techmasterdemexico.com\/wp-content\/uploads\/2021\/08\/Untitled-8.jpg","datePublished":"2021-08-19T17:42:20+00:00","dateModified":"2021-12-28T22:10:07+00:00","breadcrumb":{"@id":"https:\/\/techmasterdemexico.com\/producto\/lente-inteligente-teleobjetivo-para-infrarrojos-de-4x\/#breadcrumb"},"inLanguage":"en-US","potentialAction":[{"@type":"ReadAction","target":["https:\/\/techmasterdemexico.com\/producto\/lente-inteligente-teleobjetivo-para-infrarrojos-de-4x\/"]}]},{"@type":"ImageObject","inLanguage":"en-US","@id":"https:\/\/techmasterdemexico.com\/producto\/lente-inteligente-teleobjetivo-para-infrarrojos-de-4x\/#primaryimage","url":"https:\/\/techmasterdemexico.com\/wp-content\/uploads\/2021\/08\/Untitled-8.jpg","contentUrl":"https:\/\/techmasterdemexico.com\/wp-content\/uploads\/2021\/08\/Untitled-8.jpg","width":1500,"height":1500},{"@type":"BreadcrumbList","@id":"https:\/\/techmasterdemexico.com\/producto\/lente-inteligente-teleobjetivo-para-infrarrojos-de-4x\/#breadcrumb","itemListElement":[{"@type":"ListItem","position":1,"name":"Portada","item":"https:\/\/techmasterdemexico.com\/"},{"@type":"ListItem","position":2,"name":"Lente inteligente teleobjetivo para infrarrojos de 4x"}]},{"@type":"WebSite","@id":"https:\/\/techmasterdemexico.com\/#website","url":"https:\/\/techmasterdemexico.com\/","name":"Techmaster de Mexico","description":"","potentialAction":[{"@type":"SearchAction","target":{"@type":"EntryPoint","urlTemplate":"https:\/\/techmasterdemexico.com\/?s={search_term_string}"},"query-input":{"@type":"PropertyValueSpecification","valueRequired":true,"valueName":"search_term_string"}}],"inLanguage":"en-US"}]}},"brands":[{"id":31,"name":"Fluke","slug":"fluke"}],"_links":{"self":[{"href":"https:\/\/techmasterdemexico.com\/en\/wp-json\/wp\/v2\/product\/8055","targetHints":{"allow":["GET"]}}],"collection":[{"href":"https:\/\/techmasterdemexico.com\/en\/wp-json\/wp\/v2\/product"}],"about":[{"href":"https:\/\/techmasterdemexico.com\/en\/wp-json\/wp\/v2\/types\/product"}],"wp:featuredmedia":[{"embeddable":true,"href":"https:\/\/techmasterdemexico.com\/en\/wp-json\/wp\/v2\/media\/9285"}],"wp:attachment":[{"href":"https:\/\/techmasterdemexico.com\/en\/wp-json\/wp\/v2\/media?parent=8055"}],"wp:term":[{"taxonomy":"pwb-brand","embeddable":true,"href":"https:\/\/techmasterdemexico.com\/en\/wp-json\/wp\/v2\/pwb-brand?post=8055"},{"taxonomy":"product_brand","embeddable":true,"href":"https:\/\/techmasterdemexico.com\/en\/wp-json\/wp\/v2\/product_brand?post=8055"},{"taxonomy":"product_cat","embeddable":true,"href":"https:\/\/techmasterdemexico.com\/en\/wp-json\/wp\/v2\/product_cat?post=8055"},{"taxonomy":"product_tag","embeddable":true,"href":"https:\/\/techmasterdemexico.com\/en\/wp-json\/wp\/v2\/product_tag?post=8055"}],"curies":[{"name":"wp","href":"https:\/\/api.w.org\/{rel}","templated":true}]}}