{"id":8054,"date":"2021-08-19T17:42:19","date_gmt":"2021-08-19T17:42:19","guid":{"rendered":"http:\/\/techmastermx.ddns.net\/producto\/lentes-infrarrojos-macro-1\/"},"modified":"2021-12-28T22:10:08","modified_gmt":"2021-12-28T22:10:08","slug":"lentes-infrarrojos-macro-1","status":"publish","type":"product","link":"https:\/\/techmasterdemexico.com\/en\/producto\/lentes-infrarrojos-macro-1\/","title":{"rendered":"Lentes infrarrojos Macro 1"},"content":{"rendered":"<p>Lentes infrarrojos Macro 1<\/p>\n<p>Lente macro con acercamiento (aumento de 0.2) para inspecci\u00f3n y an\u00e1lisis en aplicaciones de investigaci\u00f3n y desarrollo; compatible con los modelos TiX1000, TiX660 y TiX640.<\/p>\n<p>Aplicaciones: investigaci\u00f3n y desarrollo, objetivos extremadamente peque\u00f1os, placas de circuitos impresos (disipaci\u00f3n t\u00e9rmica), substratos de semiconductores y sellos.<\/p>\n","protected":false},"excerpt":{"rendered":"<h3 class=\"p1\"><\/h3>\n<table class=\"t1\" cellspacing=\"0\" cellpadding=\"0\">\n<tbody>\n<tr>\n<td class=\"td1\" colspan=\"2\" valign=\"middle\"><\/td>\n<\/tr>\n<tr>\n<td class=\"td1\" valign=\"middle\">\n<p class=\"p1\">Descripci\u00f3n de la lente<\/p>\n<\/td>\n<td class=\"td1\" valign=\"middle\">\n<p class=\"p1\">Acercamiento con aumento de 0.2<\/p>\n<\/td>\n<\/tr>\n<tr>\n<td class=\"td1\" valign=\"middle\">\n<p class=\"p1\">Distancia focal<\/p>\n<\/td>\n<td class=\"td1\" valign=\"middle\">\n<p class=\"p1\">30 mm<\/p>\n<\/td>\n<\/tr>\n<tr>\n<td class=\"td1\" valign=\"middle\">\n<p class=\"p1\">Enfoque<\/p>\n<\/td>\n<td class=\"td1\" valign=\"middle\">\n<p class=\"p1\">137.4 mm<\/p>\n<\/td>\n<\/tr>\n<tr>\n<td class=\"td1\" colspan=\"2\" valign=\"middle\">\n<p class=\"p2\"><b>1024 x 768<\/b><\/p>\n<\/td>\n<\/tr>\n<tr>\n<td class=\"td1\" valign=\"middle\">\n<p class=\"p1\">iFOV ( \u00b0)<\/p>\n<\/td>\n<td class=\"td1\" valign=\"middle\">\n<p class=\"p1\">85.5 x 63.2 mRad<\/p>\n<\/td>\n<\/tr>\n<tr>\n<td class=\"td1\" valign=\"middle\">\n<p class=\"p1\">Resoluci\u00f3n<\/p>\n<\/td>\n<td class=\"td1\" valign=\"middle\">\n<p class=\"p1\">81 \u00b5m<\/p>\n<\/td>\n<\/tr>\n<tr>\n<td class=\"td1\" colspan=\"2\" valign=\"middle\">\n<p class=\"p2\"><b>640 x 480<\/b><\/p>\n<\/td>\n<\/tr>\n<tr>\n<td class=\"td1\" valign=\"middle\">\n<p class=\"p1\">iFOV ( \u00b0)<\/p>\n<\/td>\n<td class=\"td1\" valign=\"middle\">\n<p class=\"p1\">78.1 x 57.9 mRad<\/p>\n<\/td>\n<\/tr>\n<tr>\n<td class=\"td1\" valign=\"middle\">\n<p class=\"p1\">Resoluci\u00f3n<\/p>\n<\/td>\n<td class=\"td1\" valign=\"middle\">\n<p class=\"p1\">119 \u00b5m<\/p>\n<\/td>\n<\/tr>\n<\/tbody>\n<\/table>\n","protected":false},"featured_media":9289,"template":"","meta":{"_acf_changed":false},"pwb-brand":[31],"product_brand":[],"product_cat":[366,118,128,30],"product_tag":[],"class_list":{"0":"post-8054","1":"product","2":"type-product","3":"status-publish","4":"has-post-thumbnail","6":"pwb-brand-fluke","7":"product_cat-todos-los-productos","8":"product_cat-accesorios-fluke","9":"product_cat-camaras-termograficas-y-lente-de-ir","10":"product_cat-fluke","12":"first","13":"instock","14":"taxable","15":"shipping-taxable","16":"product-type-simple"},"acf":[],"yoast_head":"<!-- This site is optimized with the Yoast SEO plugin v27.4 - https:\/\/yoast.com\/product\/yoast-seo-wordpress\/ -->\n<title>Lentes infrarrojos Macro 1 - Techmaster de Mexico<\/title>\n<meta name=\"robots\" content=\"index, follow, max-snippet:-1, max-image-preview:large, max-video-preview:-1\" \/>\n<link rel=\"canonical\" href=\"https:\/\/techmasterdemexico.com\/producto\/lentes-infrarrojos-macro-1\/\" \/>\n<meta property=\"og:locale\" content=\"en_US\" \/>\n<meta property=\"og:type\" content=\"article\" \/>\n<meta property=\"og:title\" content=\"Lentes infrarrojos Macro 1 - Techmaster de Mexico\" \/>\n<meta property=\"og:description\" content=\"[:es]        Descripci\u00f3n de la lente   Acercamiento con aumento de 0.2     Distancia focal   30 mm     Enfoque   137.4 mm     1024 x 768     iFOV ( \u00b0)   85.5 x 63.2 mRad     Resoluci\u00f3n   81 \u00b5m     640 x 480     iFOV ( \u00b0)   78.1 x 57.9 mRad     Resoluci\u00f3n   119 \u00b5m     [:en]        Descripci\u00f3n de la lente   Acercamiento con aumento de 0.2     Distancia focal   30 mm     Enfoque   137.4 mm     1024 x 768     iFOV ( \u00b0)   85.5 x 63.2 mRad     Resoluci\u00f3n   81 \u00b5m     640 x 480     iFOV ( \u00b0)   78.1 x 57.9 mRad     Resoluci\u00f3n   119 \u00b5m    [:]\" \/>\n<meta property=\"og:url\" content=\"https:\/\/techmasterdemexico.com\/producto\/lentes-infrarrojos-macro-1\/\" \/>\n<meta property=\"og:site_name\" content=\"Techmaster de Mexico\" \/>\n<meta property=\"article:modified_time\" content=\"2021-12-28T22:10:08+00:00\" \/>\n<meta property=\"og:image\" content=\"https:\/\/techmasterdemexico.com\/wp-content\/uploads\/2021\/08\/1-100.jpg\" \/>\n\t<meta property=\"og:image:width\" content=\"372\" \/>\n\t<meta property=\"og:image:height\" content=\"372\" \/>\n\t<meta property=\"og:image:type\" content=\"image\/jpeg\" \/>\n<meta name=\"twitter:card\" content=\"summary_large_image\" \/>\n<script type=\"application\/ld+json\" class=\"yoast-schema-graph\">{\"@context\":\"https:\\\/\\\/schema.org\",\"@graph\":[{\"@type\":\"WebPage\",\"@id\":\"https:\\\/\\\/techmasterdemexico.com\\\/producto\\\/lentes-infrarrojos-macro-1\\\/\",\"url\":\"https:\\\/\\\/techmasterdemexico.com\\\/producto\\\/lentes-infrarrojos-macro-1\\\/\",\"name\":\"Lentes infrarrojos Macro 1 - Techmaster de Mexico\",\"isPartOf\":{\"@id\":\"https:\\\/\\\/techmasterdemexico.com\\\/#website\"},\"primaryImageOfPage\":{\"@id\":\"https:\\\/\\\/techmasterdemexico.com\\\/producto\\\/lentes-infrarrojos-macro-1\\\/#primaryimage\"},\"image\":{\"@id\":\"https:\\\/\\\/techmasterdemexico.com\\\/producto\\\/lentes-infrarrojos-macro-1\\\/#primaryimage\"},\"thumbnailUrl\":\"https:\\\/\\\/techmasterdemexico.com\\\/wp-content\\\/uploads\\\/2021\\\/08\\\/1-100.jpg\",\"datePublished\":\"2021-08-19T17:42:19+00:00\",\"dateModified\":\"2021-12-28T22:10:08+00:00\",\"breadcrumb\":{\"@id\":\"https:\\\/\\\/techmasterdemexico.com\\\/producto\\\/lentes-infrarrojos-macro-1\\\/#breadcrumb\"},\"inLanguage\":\"en-US\",\"potentialAction\":[{\"@type\":\"ReadAction\",\"target\":[\"https:\\\/\\\/techmasterdemexico.com\\\/producto\\\/lentes-infrarrojos-macro-1\\\/\"]}]},{\"@type\":\"ImageObject\",\"inLanguage\":\"en-US\",\"@id\":\"https:\\\/\\\/techmasterdemexico.com\\\/producto\\\/lentes-infrarrojos-macro-1\\\/#primaryimage\",\"url\":\"https:\\\/\\\/techmasterdemexico.com\\\/wp-content\\\/uploads\\\/2021\\\/08\\\/1-100.jpg\",\"contentUrl\":\"https:\\\/\\\/techmasterdemexico.com\\\/wp-content\\\/uploads\\\/2021\\\/08\\\/1-100.jpg\",\"width\":372,\"height\":372},{\"@type\":\"BreadcrumbList\",\"@id\":\"https:\\\/\\\/techmasterdemexico.com\\\/producto\\\/lentes-infrarrojos-macro-1\\\/#breadcrumb\",\"itemListElement\":[{\"@type\":\"ListItem\",\"position\":1,\"name\":\"Portada\",\"item\":\"https:\\\/\\\/techmasterdemexico.com\\\/\"},{\"@type\":\"ListItem\",\"position\":2,\"name\":\"Lentes infrarrojos Macro 1\"}]},{\"@type\":\"WebSite\",\"@id\":\"https:\\\/\\\/techmasterdemexico.com\\\/#website\",\"url\":\"https:\\\/\\\/techmasterdemexico.com\\\/\",\"name\":\"Techmaster de Mexico\",\"description\":\"\",\"potentialAction\":[{\"@type\":\"SearchAction\",\"target\":{\"@type\":\"EntryPoint\",\"urlTemplate\":\"https:\\\/\\\/techmasterdemexico.com\\\/?s={search_term_string}\"},\"query-input\":{\"@type\":\"PropertyValueSpecification\",\"valueRequired\":true,\"valueName\":\"search_term_string\"}}],\"inLanguage\":\"en-US\"}]}<\/script>\n<!-- \/ Yoast SEO plugin. -->","yoast_head_json":{"title":"Lentes infrarrojos Macro 1 - Techmaster de Mexico","robots":{"index":"index","follow":"follow","max-snippet":"max-snippet:-1","max-image-preview":"max-image-preview:large","max-video-preview":"max-video-preview:-1"},"canonical":"https:\/\/techmasterdemexico.com\/producto\/lentes-infrarrojos-macro-1\/","og_locale":"en_US","og_type":"article","og_title":"Lentes infrarrojos Macro 1 - Techmaster de Mexico","og_description":"[:es]        Descripci\u00f3n de la lente   Acercamiento con aumento de 0.2     Distancia focal   30 mm     Enfoque   137.4 mm     1024 x 768     iFOV ( \u00b0)   85.5 x 63.2 mRad     Resoluci\u00f3n   81 \u00b5m     640 x 480     iFOV ( \u00b0)   78.1 x 57.9 mRad     Resoluci\u00f3n   119 \u00b5m     [:en]        Descripci\u00f3n de la lente   Acercamiento con aumento de 0.2     Distancia focal   30 mm     Enfoque   137.4 mm     1024 x 768     iFOV ( \u00b0)   85.5 x 63.2 mRad     Resoluci\u00f3n   81 \u00b5m     640 x 480     iFOV ( \u00b0)   78.1 x 57.9 mRad     Resoluci\u00f3n   119 \u00b5m    [:]","og_url":"https:\/\/techmasterdemexico.com\/producto\/lentes-infrarrojos-macro-1\/","og_site_name":"Techmaster de Mexico","article_modified_time":"2021-12-28T22:10:08+00:00","og_image":[{"width":372,"height":372,"url":"https:\/\/techmasterdemexico.com\/wp-content\/uploads\/2021\/08\/1-100.jpg","type":"image\/jpeg"}],"twitter_card":"summary_large_image","schema":{"@context":"https:\/\/schema.org","@graph":[{"@type":"WebPage","@id":"https:\/\/techmasterdemexico.com\/producto\/lentes-infrarrojos-macro-1\/","url":"https:\/\/techmasterdemexico.com\/producto\/lentes-infrarrojos-macro-1\/","name":"Lentes infrarrojos Macro 1 - Techmaster de Mexico","isPartOf":{"@id":"https:\/\/techmasterdemexico.com\/#website"},"primaryImageOfPage":{"@id":"https:\/\/techmasterdemexico.com\/producto\/lentes-infrarrojos-macro-1\/#primaryimage"},"image":{"@id":"https:\/\/techmasterdemexico.com\/producto\/lentes-infrarrojos-macro-1\/#primaryimage"},"thumbnailUrl":"https:\/\/techmasterdemexico.com\/wp-content\/uploads\/2021\/08\/1-100.jpg","datePublished":"2021-08-19T17:42:19+00:00","dateModified":"2021-12-28T22:10:08+00:00","breadcrumb":{"@id":"https:\/\/techmasterdemexico.com\/producto\/lentes-infrarrojos-macro-1\/#breadcrumb"},"inLanguage":"en-US","potentialAction":[{"@type":"ReadAction","target":["https:\/\/techmasterdemexico.com\/producto\/lentes-infrarrojos-macro-1\/"]}]},{"@type":"ImageObject","inLanguage":"en-US","@id":"https:\/\/techmasterdemexico.com\/producto\/lentes-infrarrojos-macro-1\/#primaryimage","url":"https:\/\/techmasterdemexico.com\/wp-content\/uploads\/2021\/08\/1-100.jpg","contentUrl":"https:\/\/techmasterdemexico.com\/wp-content\/uploads\/2021\/08\/1-100.jpg","width":372,"height":372},{"@type":"BreadcrumbList","@id":"https:\/\/techmasterdemexico.com\/producto\/lentes-infrarrojos-macro-1\/#breadcrumb","itemListElement":[{"@type":"ListItem","position":1,"name":"Portada","item":"https:\/\/techmasterdemexico.com\/"},{"@type":"ListItem","position":2,"name":"Lentes infrarrojos Macro 1"}]},{"@type":"WebSite","@id":"https:\/\/techmasterdemexico.com\/#website","url":"https:\/\/techmasterdemexico.com\/","name":"Techmaster de Mexico","description":"","potentialAction":[{"@type":"SearchAction","target":{"@type":"EntryPoint","urlTemplate":"https:\/\/techmasterdemexico.com\/?s={search_term_string}"},"query-input":{"@type":"PropertyValueSpecification","valueRequired":true,"valueName":"search_term_string"}}],"inLanguage":"en-US"}]}},"brands":[{"id":31,"name":"Fluke","slug":"fluke"}],"_links":{"self":[{"href":"https:\/\/techmasterdemexico.com\/en\/wp-json\/wp\/v2\/product\/8054","targetHints":{"allow":["GET"]}}],"collection":[{"href":"https:\/\/techmasterdemexico.com\/en\/wp-json\/wp\/v2\/product"}],"about":[{"href":"https:\/\/techmasterdemexico.com\/en\/wp-json\/wp\/v2\/types\/product"}],"wp:featuredmedia":[{"embeddable":true,"href":"https:\/\/techmasterdemexico.com\/en\/wp-json\/wp\/v2\/media\/9289"}],"wp:attachment":[{"href":"https:\/\/techmasterdemexico.com\/en\/wp-json\/wp\/v2\/media?parent=8054"}],"wp:term":[{"taxonomy":"pwb-brand","embeddable":true,"href":"https:\/\/techmasterdemexico.com\/en\/wp-json\/wp\/v2\/pwb-brand?post=8054"},{"taxonomy":"product_brand","embeddable":true,"href":"https:\/\/techmasterdemexico.com\/en\/wp-json\/wp\/v2\/product_brand?post=8054"},{"taxonomy":"product_cat","embeddable":true,"href":"https:\/\/techmasterdemexico.com\/en\/wp-json\/wp\/v2\/product_cat?post=8054"},{"taxonomy":"product_tag","embeddable":true,"href":"https:\/\/techmasterdemexico.com\/en\/wp-json\/wp\/v2\/product_tag?post=8054"}],"curies":[{"name":"wp","href":"https:\/\/api.w.org\/{rel}","templated":true}]}}