{"id":8049,"date":"2021-08-19T17:42:17","date_gmt":"2021-08-19T17:42:17","guid":{"rendered":"http:\/\/techmastermx.ddns.net\/producto\/kit-y-puntas-de-prueba-con-fusible-ftp-y-ftpl-suregrip\/"},"modified":"2021-12-28T22:10:10","modified_gmt":"2021-12-28T22:10:10","slug":"kit-y-puntas-de-prueba-con-fusible-ftp-y-ftpl-suregrip","status":"publish","type":"product","link":"https:\/\/techmasterdemexico.com\/en\/producto\/kit-y-puntas-de-prueba-con-fusible-ftp-y-ftpl-suregrip\/","title":{"rendered":"Kit y puntas de prueba con fusible FTP y FTPL SureGrip\u2122"},"content":{"rendered":"<p>In response to new ESA guidelines, Fluke introduces test probes with built-in fuses for additional measurement protection. And, if the probe fuse does blow, these probes will still allow the meter to indicate live voltage helping to prevent a possible misreading of no voltage present. The new modular FTP probes can mount onto any Fluke modular lead format. Rated to CAT III 1000 V, these probes also have removable sheathed tips for additional safety.<\/p>","protected":false},"excerpt":{"rendered":"<ul>\n<li>Fusibles incorporados para protecci\u00f3n de medici\u00f3n adicional<\/li>\n<li>Las sondas permiten la indicaci\u00f3n de voltaje vivo incluso con fusible fundido, lo que ayuda a evitar que el usuario piense que no hay voltaje presente<\/li>\n<li>Las puntas de sonda roscadas de 2 mm incluyen contactos de resorte estilo linterna extra\u00edbles de 4 mm y tapas IC aisladas GS38 extra\u00edbles para sondear cables estrechamente espaciados<\/li>\n<li>Temperatura de funcionamiento: 20 \u00b0 C a 50 \u00b0 C (-5 \u00b0 F a 120 \u00b0 F)<\/li>\n<li>CAT III 1000 V, CAT IV 600 V, clasificaci\u00f3n 10 A<\/li>\n<\/ul>\n","protected":false},"featured_media":9278,"template":"","meta":{"_acf_changed":false},"pwb-brand":[31],"product_brand":[],"product_cat":[366,118,30,127],"product_tag":[],"class_list":{"0":"post-8049","1":"product","2":"type-product","3":"status-publish","4":"has-post-thumbnail","6":"pwb-brand-fluke","7":"product_cat-todos-los-productos","8":"product_cat-accesorios-fluke","9":"product_cat-fluke","10":"product_cat-sondas","12":"first","13":"instock","14":"taxable","15":"shipping-taxable","16":"product-type-simple"},"acf":[],"yoast_head":"<!-- This site is optimized with the Yoast SEO plugin v27.4 - https:\/\/yoast.com\/product\/yoast-seo-wordpress\/ -->\n<title>Kit y puntas de prueba con fusible FTP y FTPL SureGrip\u2122 - Techmaster de Mexico<\/title>\n<meta name=\"robots\" content=\"index, follow, max-snippet:-1, max-image-preview:large, max-video-preview:-1\" \/>\n<link rel=\"canonical\" href=\"https:\/\/techmasterdemexico.com\/producto\/kit-y-puntas-de-prueba-con-fusible-ftp-y-ftpl-suregrip\/\" \/>\n<meta property=\"og:locale\" content=\"en_US\" \/>\n<meta property=\"og:type\" content=\"article\" \/>\n<meta property=\"og:title\" content=\"Kit y puntas de prueba con fusible FTP y FTPL SureGrip\u2122 - Techmaster de Mexico\" \/>\n<meta property=\"og:description\" content=\"Fusibles incorporados para protecci\u00f3n de medici\u00f3n adicional  Las sondas permiten la indicaci\u00f3n de voltaje vivo incluso con fusible fundido, lo que ayuda a evitar que el usuario piense que no hay voltaje presente  Las puntas de sonda roscadas de 2 mm incluyen contactos de resorte estilo linterna extra\u00edbles de 4 mm y tapas IC aisladas GS38 extra\u00edbles para sondear cables estrechamente espaciados  Temperatura de funcionamiento: 20 \u00b0 C a 50 \u00b0 C (-5 \u00b0 F a 120 \u00b0 F)  CAT III 1000 V, CAT IV 600 V, clasificaci\u00f3n 10 A\" \/>\n<meta property=\"og:url\" content=\"https:\/\/techmasterdemexico.com\/producto\/kit-y-puntas-de-prueba-con-fusible-ftp-y-ftpl-suregrip\/\" \/>\n<meta property=\"og:site_name\" content=\"Techmaster de Mexico\" \/>\n<meta property=\"article:modified_time\" content=\"2021-12-28T22:10:10+00:00\" \/>\n<meta property=\"og:image\" content=\"https:\/\/techmasterdemexico.com\/wp-content\/uploads\/2021\/08\/f-ftpl-1_01a_h-1500x1000-1.jpg\" \/>\n\t<meta property=\"og:image:width\" content=\"410\" \/>\n\t<meta property=\"og:image:height\" content=\"410\" \/>\n\t<meta property=\"og:image:type\" content=\"image\/jpeg\" \/>\n<meta name=\"twitter:card\" content=\"summary_large_image\" \/>\n<meta name=\"twitter:label1\" content=\"Est. reading time\" \/>\n\t<meta name=\"twitter:data1\" content=\"1 minute\" \/>\n<script type=\"application\/ld+json\" class=\"yoast-schema-graph\">{\"@context\":\"https:\\\/\\\/schema.org\",\"@graph\":[{\"@type\":\"WebPage\",\"@id\":\"https:\\\/\\\/techmasterdemexico.com\\\/producto\\\/kit-y-puntas-de-prueba-con-fusible-ftp-y-ftpl-suregrip\\\/\",\"url\":\"https:\\\/\\\/techmasterdemexico.com\\\/producto\\\/kit-y-puntas-de-prueba-con-fusible-ftp-y-ftpl-suregrip\\\/\",\"name\":\"Kit y puntas de prueba con fusible FTP y FTPL SureGrip\u2122 - Techmaster de Mexico\",\"isPartOf\":{\"@id\":\"https:\\\/\\\/techmasterdemexico.com\\\/#website\"},\"primaryImageOfPage\":{\"@id\":\"https:\\\/\\\/techmasterdemexico.com\\\/producto\\\/kit-y-puntas-de-prueba-con-fusible-ftp-y-ftpl-suregrip\\\/#primaryimage\"},\"image\":{\"@id\":\"https:\\\/\\\/techmasterdemexico.com\\\/producto\\\/kit-y-puntas-de-prueba-con-fusible-ftp-y-ftpl-suregrip\\\/#primaryimage\"},\"thumbnailUrl\":\"https:\\\/\\\/techmasterdemexico.com\\\/wp-content\\\/uploads\\\/2021\\\/08\\\/f-ftpl-1_01a_h-1500x1000-1.jpg\",\"datePublished\":\"2021-08-19T17:42:17+00:00\",\"dateModified\":\"2021-12-28T22:10:10+00:00\",\"breadcrumb\":{\"@id\":\"https:\\\/\\\/techmasterdemexico.com\\\/producto\\\/kit-y-puntas-de-prueba-con-fusible-ftp-y-ftpl-suregrip\\\/#breadcrumb\"},\"inLanguage\":\"en-US\",\"potentialAction\":[{\"@type\":\"ReadAction\",\"target\":[\"https:\\\/\\\/techmasterdemexico.com\\\/producto\\\/kit-y-puntas-de-prueba-con-fusible-ftp-y-ftpl-suregrip\\\/\"]}]},{\"@type\":\"ImageObject\",\"inLanguage\":\"en-US\",\"@id\":\"https:\\\/\\\/techmasterdemexico.com\\\/producto\\\/kit-y-puntas-de-prueba-con-fusible-ftp-y-ftpl-suregrip\\\/#primaryimage\",\"url\":\"https:\\\/\\\/techmasterdemexico.com\\\/wp-content\\\/uploads\\\/2021\\\/08\\\/f-ftpl-1_01a_h-1500x1000-1.jpg\",\"contentUrl\":\"https:\\\/\\\/techmasterdemexico.com\\\/wp-content\\\/uploads\\\/2021\\\/08\\\/f-ftpl-1_01a_h-1500x1000-1.jpg\",\"width\":410,\"height\":410},{\"@type\":\"BreadcrumbList\",\"@id\":\"https:\\\/\\\/techmasterdemexico.com\\\/producto\\\/kit-y-puntas-de-prueba-con-fusible-ftp-y-ftpl-suregrip\\\/#breadcrumb\",\"itemListElement\":[{\"@type\":\"ListItem\",\"position\":1,\"name\":\"Portada\",\"item\":\"https:\\\/\\\/techmasterdemexico.com\\\/\"},{\"@type\":\"ListItem\",\"position\":2,\"name\":\"Kit y puntas de prueba con fusible FTP y FTPL SureGrip\u2122\"}]},{\"@type\":\"WebSite\",\"@id\":\"https:\\\/\\\/techmasterdemexico.com\\\/#website\",\"url\":\"https:\\\/\\\/techmasterdemexico.com\\\/\",\"name\":\"Techmaster de Mexico\",\"description\":\"\",\"potentialAction\":[{\"@type\":\"SearchAction\",\"target\":{\"@type\":\"EntryPoint\",\"urlTemplate\":\"https:\\\/\\\/techmasterdemexico.com\\\/?s={search_term_string}\"},\"query-input\":{\"@type\":\"PropertyValueSpecification\",\"valueRequired\":true,\"valueName\":\"search_term_string\"}}],\"inLanguage\":\"en-US\"}]}<\/script>\n<!-- \/ Yoast SEO plugin. -->","yoast_head_json":{"title":"Kit y puntas de prueba con fusible FTP y FTPL SureGrip\u2122 - Techmaster de Mexico","robots":{"index":"index","follow":"follow","max-snippet":"max-snippet:-1","max-image-preview":"max-image-preview:large","max-video-preview":"max-video-preview:-1"},"canonical":"https:\/\/techmasterdemexico.com\/producto\/kit-y-puntas-de-prueba-con-fusible-ftp-y-ftpl-suregrip\/","og_locale":"en_US","og_type":"article","og_title":"Kit y puntas de prueba con fusible FTP y FTPL SureGrip\u2122 - Techmaster de Mexico","og_description":"Fusibles incorporados para protecci\u00f3n de medici\u00f3n adicional  Las sondas permiten la indicaci\u00f3n de voltaje vivo incluso con fusible fundido, lo que ayuda a evitar que el usuario piense que no hay voltaje presente  Las puntas de sonda roscadas de 2 mm incluyen contactos de resorte estilo linterna extra\u00edbles de 4 mm y tapas IC aisladas GS38 extra\u00edbles para sondear cables estrechamente espaciados  Temperatura de funcionamiento: 20 \u00b0 C a 50 \u00b0 C (-5 \u00b0 F a 120 \u00b0 F)  CAT III 1000 V, CAT IV 600 V, clasificaci\u00f3n 10 A","og_url":"https:\/\/techmasterdemexico.com\/producto\/kit-y-puntas-de-prueba-con-fusible-ftp-y-ftpl-suregrip\/","og_site_name":"Techmaster de Mexico","article_modified_time":"2021-12-28T22:10:10+00:00","og_image":[{"width":410,"height":410,"url":"https:\/\/techmasterdemexico.com\/wp-content\/uploads\/2021\/08\/f-ftpl-1_01a_h-1500x1000-1.jpg","type":"image\/jpeg"}],"twitter_card":"summary_large_image","twitter_misc":{"Est. reading time":"1 minute"},"schema":{"@context":"https:\/\/schema.org","@graph":[{"@type":"WebPage","@id":"https:\/\/techmasterdemexico.com\/producto\/kit-y-puntas-de-prueba-con-fusible-ftp-y-ftpl-suregrip\/","url":"https:\/\/techmasterdemexico.com\/producto\/kit-y-puntas-de-prueba-con-fusible-ftp-y-ftpl-suregrip\/","name":"Kit y puntas de prueba con fusible FTP y FTPL SureGrip\u2122 - Techmaster de Mexico","isPartOf":{"@id":"https:\/\/techmasterdemexico.com\/#website"},"primaryImageOfPage":{"@id":"https:\/\/techmasterdemexico.com\/producto\/kit-y-puntas-de-prueba-con-fusible-ftp-y-ftpl-suregrip\/#primaryimage"},"image":{"@id":"https:\/\/techmasterdemexico.com\/producto\/kit-y-puntas-de-prueba-con-fusible-ftp-y-ftpl-suregrip\/#primaryimage"},"thumbnailUrl":"https:\/\/techmasterdemexico.com\/wp-content\/uploads\/2021\/08\/f-ftpl-1_01a_h-1500x1000-1.jpg","datePublished":"2021-08-19T17:42:17+00:00","dateModified":"2021-12-28T22:10:10+00:00","breadcrumb":{"@id":"https:\/\/techmasterdemexico.com\/producto\/kit-y-puntas-de-prueba-con-fusible-ftp-y-ftpl-suregrip\/#breadcrumb"},"inLanguage":"en-US","potentialAction":[{"@type":"ReadAction","target":["https:\/\/techmasterdemexico.com\/producto\/kit-y-puntas-de-prueba-con-fusible-ftp-y-ftpl-suregrip\/"]}]},{"@type":"ImageObject","inLanguage":"en-US","@id":"https:\/\/techmasterdemexico.com\/producto\/kit-y-puntas-de-prueba-con-fusible-ftp-y-ftpl-suregrip\/#primaryimage","url":"https:\/\/techmasterdemexico.com\/wp-content\/uploads\/2021\/08\/f-ftpl-1_01a_h-1500x1000-1.jpg","contentUrl":"https:\/\/techmasterdemexico.com\/wp-content\/uploads\/2021\/08\/f-ftpl-1_01a_h-1500x1000-1.jpg","width":410,"height":410},{"@type":"BreadcrumbList","@id":"https:\/\/techmasterdemexico.com\/producto\/kit-y-puntas-de-prueba-con-fusible-ftp-y-ftpl-suregrip\/#breadcrumb","itemListElement":[{"@type":"ListItem","position":1,"name":"Portada","item":"https:\/\/techmasterdemexico.com\/"},{"@type":"ListItem","position":2,"name":"Kit y puntas de prueba con fusible FTP y FTPL SureGrip\u2122"}]},{"@type":"WebSite","@id":"https:\/\/techmasterdemexico.com\/#website","url":"https:\/\/techmasterdemexico.com\/","name":"Techmaster de Mexico","description":"","potentialAction":[{"@type":"SearchAction","target":{"@type":"EntryPoint","urlTemplate":"https:\/\/techmasterdemexico.com\/?s={search_term_string}"},"query-input":{"@type":"PropertyValueSpecification","valueRequired":true,"valueName":"search_term_string"}}],"inLanguage":"en-US"}]}},"brands":[{"id":31,"name":"Fluke","slug":"fluke"}],"_links":{"self":[{"href":"https:\/\/techmasterdemexico.com\/en\/wp-json\/wp\/v2\/product\/8049","targetHints":{"allow":["GET"]}}],"collection":[{"href":"https:\/\/techmasterdemexico.com\/en\/wp-json\/wp\/v2\/product"}],"about":[{"href":"https:\/\/techmasterdemexico.com\/en\/wp-json\/wp\/v2\/types\/product"}],"wp:featuredmedia":[{"embeddable":true,"href":"https:\/\/techmasterdemexico.com\/en\/wp-json\/wp\/v2\/media\/9278"}],"wp:attachment":[{"href":"https:\/\/techmasterdemexico.com\/en\/wp-json\/wp\/v2\/media?parent=8049"}],"wp:term":[{"taxonomy":"pwb-brand","embeddable":true,"href":"https:\/\/techmasterdemexico.com\/en\/wp-json\/wp\/v2\/pwb-brand?post=8049"},{"taxonomy":"product_brand","embeddable":true,"href":"https:\/\/techmasterdemexico.com\/en\/wp-json\/wp\/v2\/product_brand?post=8049"},{"taxonomy":"product_cat","embeddable":true,"href":"https:\/\/techmasterdemexico.com\/en\/wp-json\/wp\/v2\/product_cat?post=8049"},{"taxonomy":"product_tag","embeddable":true,"href":"https:\/\/techmasterdemexico.com\/en\/wp-json\/wp\/v2\/product_tag?post=8049"}],"curies":[{"name":"wp","href":"https:\/\/api.w.org\/{rel}","templated":true}]}}