{"id":8048,"date":"2021-08-19T17:42:16","date_gmt":"2021-08-19T17:42:16","guid":{"rendered":"http:\/\/techmastermx.ddns.net\/producto\/sonda-de-alto-voltaje-fluke-80k-15\/"},"modified":"2021-12-28T22:10:12","modified_gmt":"2021-12-28T22:10:12","slug":"sonda-de-alto-voltaje-fluke-80k-15","status":"publish","type":"product","link":"https:\/\/techmasterdemexico.com\/en\/producto\/sonda-de-alto-voltaje-fluke-80k-15\/","title":{"rendered":"Sonda de alto voltaje Fluke 80K-15"},"content":{"rendered":"<p>Sonda de alto voltaje Fluke 80K-15<\/p>\n<p>La 80K-15 es una sonda de alto voltaje dise\u00f1ado para ampliar la capacidad de medici\u00f3n de voltaje de un volt\u00edmetro de CA\/CC hasta un m\u00e1ximo de 15,000 V de CA o la categor\u00eda I de sobrevoltaje de CC, lo que significa que la sonda solo se puede usar para realizar mediciones en los circuitos de energ\u00eda limitada del equipo. Entre los ejemplos se encuentra el alto voltaje en televisiones o fotocopiadoras. NO use esta sonda para medir tensiones altas en sistemas de distribuci\u00f3n el\u00e9ctrica. La sonda ofrece una alta precisi\u00f3n cuando se usa con un volt\u00edmetro con una impedancia de entrada de 10 Megohm.<\/p>\n","protected":false},"excerpt":{"rendered":"<ul>\n<li>Rango de voltaje: 0 to 15 kV de CC o pico CA, 10 kV rms de CA<\/li>\n<li>Precisi\u00f3n b\u00e1sica: CC de +\/- 2 % 60 Hz: +\/- 5 %<\/li>\n<li>Relaci\u00f3n de divisi\u00f3n: 1000:1<\/li>\n<li>Normas de seguridad: IEC 1010-2-031:1993, Tipo B, 40 kV de CC o pico de CA, 28 kV rms de CA, Categor\u00eda de sobrevoltaje I (voltaje derivada de un transformador de energ\u00eda limitada).<\/li>\n<li>Resistencia de entrada: 1000 Megohm<\/li>\n<li>Resistencia de entrada requerida del medidor: 10 Megohm<\/li>\n<\/ul>\n","protected":false},"featured_media":9284,"template":"","meta":{"_acf_changed":false},"pwb-brand":[31],"product_brand":[],"product_cat":[366,118,30,127],"product_tag":[],"class_list":{"0":"post-8048","1":"product","2":"type-product","3":"status-publish","4":"has-post-thumbnail","6":"pwb-brand-fluke","7":"product_cat-todos-los-productos","8":"product_cat-accesorios-fluke","9":"product_cat-fluke","10":"product_cat-sondas","12":"first","13":"instock","14":"taxable","15":"shipping-taxable","16":"product-type-simple"},"acf":[],"yoast_head":"<!-- This site is optimized with the Yoast SEO plugin v27.4 - https:\/\/yoast.com\/product\/yoast-seo-wordpress\/ -->\n<title>Sonda de alto voltaje Fluke 80K-15 - Techmaster de Mexico<\/title>\n<meta name=\"robots\" content=\"index, follow, max-snippet:-1, max-image-preview:large, max-video-preview:-1\" \/>\n<link rel=\"canonical\" href=\"https:\/\/techmasterdemexico.com\/producto\/sonda-de-alto-voltaje-fluke-80k-15\/\" \/>\n<meta property=\"og:locale\" content=\"en_US\" \/>\n<meta property=\"og:type\" content=\"article\" \/>\n<meta property=\"og:title\" content=\"Sonda de alto voltaje Fluke 80K-15 - Techmaster de Mexico\" \/>\n<meta property=\"og:description\" content=\"Rango de voltaje: 0 to 15 kV de CC o pico CA, 10 kV rms de CA   Precisi\u00f3n b\u00e1sica: CC de +\/- 2 % 60 Hz: +\/- 5 %   Relaci\u00f3n de divisi\u00f3n: 1000:1   Normas de seguridad: IEC 1010-2-031:1993, Tipo B, 40 kV de CC o pico de CA, 28 kV rms de CA, Categor\u00eda de sobrevoltaje I (voltaje derivada de un transformador de energ\u00eda limitada).   Resistencia de entrada: 1000 Megohm   Resistencia de entrada requerida del medidor: 10 Megohm\" \/>\n<meta property=\"og:url\" content=\"https:\/\/techmasterdemexico.com\/producto\/sonda-de-alto-voltaje-fluke-80k-15\/\" \/>\n<meta property=\"og:site_name\" content=\"Techmaster de Mexico\" \/>\n<meta property=\"article:modified_time\" content=\"2021-12-28T22:10:12+00:00\" \/>\n<meta property=\"og:image\" content=\"https:\/\/techmasterdemexico.com\/wp-content\/uploads\/2021\/08\/Untitled-7.jpg\" \/>\n\t<meta property=\"og:image:width\" content=\"1500\" \/>\n\t<meta property=\"og:image:height\" content=\"1500\" \/>\n\t<meta property=\"og:image:type\" content=\"image\/jpeg\" \/>\n<meta name=\"twitter:card\" content=\"summary_large_image\" \/>\n<meta name=\"twitter:label1\" content=\"Est. reading time\" \/>\n\t<meta name=\"twitter:data1\" content=\"1 minute\" \/>\n<script type=\"application\/ld+json\" class=\"yoast-schema-graph\">{\"@context\":\"https:\\\/\\\/schema.org\",\"@graph\":[{\"@type\":\"WebPage\",\"@id\":\"https:\\\/\\\/techmasterdemexico.com\\\/producto\\\/sonda-de-alto-voltaje-fluke-80k-15\\\/\",\"url\":\"https:\\\/\\\/techmasterdemexico.com\\\/producto\\\/sonda-de-alto-voltaje-fluke-80k-15\\\/\",\"name\":\"Sonda de alto voltaje Fluke 80K-15 - Techmaster de Mexico\",\"isPartOf\":{\"@id\":\"https:\\\/\\\/techmasterdemexico.com\\\/#website\"},\"primaryImageOfPage\":{\"@id\":\"https:\\\/\\\/techmasterdemexico.com\\\/producto\\\/sonda-de-alto-voltaje-fluke-80k-15\\\/#primaryimage\"},\"image\":{\"@id\":\"https:\\\/\\\/techmasterdemexico.com\\\/producto\\\/sonda-de-alto-voltaje-fluke-80k-15\\\/#primaryimage\"},\"thumbnailUrl\":\"https:\\\/\\\/techmasterdemexico.com\\\/wp-content\\\/uploads\\\/2021\\\/08\\\/Untitled-7.jpg\",\"datePublished\":\"2021-08-19T17:42:16+00:00\",\"dateModified\":\"2021-12-28T22:10:12+00:00\",\"breadcrumb\":{\"@id\":\"https:\\\/\\\/techmasterdemexico.com\\\/producto\\\/sonda-de-alto-voltaje-fluke-80k-15\\\/#breadcrumb\"},\"inLanguage\":\"en-US\",\"potentialAction\":[{\"@type\":\"ReadAction\",\"target\":[\"https:\\\/\\\/techmasterdemexico.com\\\/producto\\\/sonda-de-alto-voltaje-fluke-80k-15\\\/\"]}]},{\"@type\":\"ImageObject\",\"inLanguage\":\"en-US\",\"@id\":\"https:\\\/\\\/techmasterdemexico.com\\\/producto\\\/sonda-de-alto-voltaje-fluke-80k-15\\\/#primaryimage\",\"url\":\"https:\\\/\\\/techmasterdemexico.com\\\/wp-content\\\/uploads\\\/2021\\\/08\\\/Untitled-7.jpg\",\"contentUrl\":\"https:\\\/\\\/techmasterdemexico.com\\\/wp-content\\\/uploads\\\/2021\\\/08\\\/Untitled-7.jpg\",\"width\":1500,\"height\":1500},{\"@type\":\"BreadcrumbList\",\"@id\":\"https:\\\/\\\/techmasterdemexico.com\\\/producto\\\/sonda-de-alto-voltaje-fluke-80k-15\\\/#breadcrumb\",\"itemListElement\":[{\"@type\":\"ListItem\",\"position\":1,\"name\":\"Portada\",\"item\":\"https:\\\/\\\/techmasterdemexico.com\\\/\"},{\"@type\":\"ListItem\",\"position\":2,\"name\":\"Sonda de alto voltaje Fluke 80K-15\"}]},{\"@type\":\"WebSite\",\"@id\":\"https:\\\/\\\/techmasterdemexico.com\\\/#website\",\"url\":\"https:\\\/\\\/techmasterdemexico.com\\\/\",\"name\":\"Techmaster de Mexico\",\"description\":\"\",\"potentialAction\":[{\"@type\":\"SearchAction\",\"target\":{\"@type\":\"EntryPoint\",\"urlTemplate\":\"https:\\\/\\\/techmasterdemexico.com\\\/?s={search_term_string}\"},\"query-input\":{\"@type\":\"PropertyValueSpecification\",\"valueRequired\":true,\"valueName\":\"search_term_string\"}}],\"inLanguage\":\"en-US\"}]}<\/script>\n<!-- \/ Yoast SEO plugin. -->","yoast_head_json":{"title":"Sonda de alto voltaje Fluke 80K-15 - Techmaster de Mexico","robots":{"index":"index","follow":"follow","max-snippet":"max-snippet:-1","max-image-preview":"max-image-preview:large","max-video-preview":"max-video-preview:-1"},"canonical":"https:\/\/techmasterdemexico.com\/producto\/sonda-de-alto-voltaje-fluke-80k-15\/","og_locale":"en_US","og_type":"article","og_title":"Sonda de alto voltaje Fluke 80K-15 - Techmaster de Mexico","og_description":"Rango de voltaje: 0 to 15 kV de CC o pico CA, 10 kV rms de CA   Precisi\u00f3n b\u00e1sica: CC de +\/- 2 % 60 Hz: +\/- 5 %   Relaci\u00f3n de divisi\u00f3n: 1000:1   Normas de seguridad: IEC 1010-2-031:1993, Tipo B, 40 kV de CC o pico de CA, 28 kV rms de CA, Categor\u00eda de sobrevoltaje I (voltaje derivada de un transformador de energ\u00eda limitada).   Resistencia de entrada: 1000 Megohm   Resistencia de entrada requerida del medidor: 10 Megohm","og_url":"https:\/\/techmasterdemexico.com\/producto\/sonda-de-alto-voltaje-fluke-80k-15\/","og_site_name":"Techmaster de Mexico","article_modified_time":"2021-12-28T22:10:12+00:00","og_image":[{"width":1500,"height":1500,"url":"https:\/\/techmasterdemexico.com\/wp-content\/uploads\/2021\/08\/Untitled-7.jpg","type":"image\/jpeg"}],"twitter_card":"summary_large_image","twitter_misc":{"Est. reading time":"1 minute"},"schema":{"@context":"https:\/\/schema.org","@graph":[{"@type":"WebPage","@id":"https:\/\/techmasterdemexico.com\/producto\/sonda-de-alto-voltaje-fluke-80k-15\/","url":"https:\/\/techmasterdemexico.com\/producto\/sonda-de-alto-voltaje-fluke-80k-15\/","name":"Sonda de alto voltaje Fluke 80K-15 - Techmaster de Mexico","isPartOf":{"@id":"https:\/\/techmasterdemexico.com\/#website"},"primaryImageOfPage":{"@id":"https:\/\/techmasterdemexico.com\/producto\/sonda-de-alto-voltaje-fluke-80k-15\/#primaryimage"},"image":{"@id":"https:\/\/techmasterdemexico.com\/producto\/sonda-de-alto-voltaje-fluke-80k-15\/#primaryimage"},"thumbnailUrl":"https:\/\/techmasterdemexico.com\/wp-content\/uploads\/2021\/08\/Untitled-7.jpg","datePublished":"2021-08-19T17:42:16+00:00","dateModified":"2021-12-28T22:10:12+00:00","breadcrumb":{"@id":"https:\/\/techmasterdemexico.com\/producto\/sonda-de-alto-voltaje-fluke-80k-15\/#breadcrumb"},"inLanguage":"en-US","potentialAction":[{"@type":"ReadAction","target":["https:\/\/techmasterdemexico.com\/producto\/sonda-de-alto-voltaje-fluke-80k-15\/"]}]},{"@type":"ImageObject","inLanguage":"en-US","@id":"https:\/\/techmasterdemexico.com\/producto\/sonda-de-alto-voltaje-fluke-80k-15\/#primaryimage","url":"https:\/\/techmasterdemexico.com\/wp-content\/uploads\/2021\/08\/Untitled-7.jpg","contentUrl":"https:\/\/techmasterdemexico.com\/wp-content\/uploads\/2021\/08\/Untitled-7.jpg","width":1500,"height":1500},{"@type":"BreadcrumbList","@id":"https:\/\/techmasterdemexico.com\/producto\/sonda-de-alto-voltaje-fluke-80k-15\/#breadcrumb","itemListElement":[{"@type":"ListItem","position":1,"name":"Portada","item":"https:\/\/techmasterdemexico.com\/"},{"@type":"ListItem","position":2,"name":"Sonda de alto voltaje Fluke 80K-15"}]},{"@type":"WebSite","@id":"https:\/\/techmasterdemexico.com\/#website","url":"https:\/\/techmasterdemexico.com\/","name":"Techmaster de Mexico","description":"","potentialAction":[{"@type":"SearchAction","target":{"@type":"EntryPoint","urlTemplate":"https:\/\/techmasterdemexico.com\/?s={search_term_string}"},"query-input":{"@type":"PropertyValueSpecification","valueRequired":true,"valueName":"search_term_string"}}],"inLanguage":"en-US"}]}},"brands":[{"id":31,"name":"Fluke","slug":"fluke"}],"_links":{"self":[{"href":"https:\/\/techmasterdemexico.com\/en\/wp-json\/wp\/v2\/product\/8048","targetHints":{"allow":["GET"]}}],"collection":[{"href":"https:\/\/techmasterdemexico.com\/en\/wp-json\/wp\/v2\/product"}],"about":[{"href":"https:\/\/techmasterdemexico.com\/en\/wp-json\/wp\/v2\/types\/product"}],"wp:featuredmedia":[{"embeddable":true,"href":"https:\/\/techmasterdemexico.com\/en\/wp-json\/wp\/v2\/media\/9284"}],"wp:attachment":[{"href":"https:\/\/techmasterdemexico.com\/en\/wp-json\/wp\/v2\/media?parent=8048"}],"wp:term":[{"taxonomy":"pwb-brand","embeddable":true,"href":"https:\/\/techmasterdemexico.com\/en\/wp-json\/wp\/v2\/pwb-brand?post=8048"},{"taxonomy":"product_brand","embeddable":true,"href":"https:\/\/techmasterdemexico.com\/en\/wp-json\/wp\/v2\/product_brand?post=8048"},{"taxonomy":"product_cat","embeddable":true,"href":"https:\/\/techmasterdemexico.com\/en\/wp-json\/wp\/v2\/product_cat?post=8048"},{"taxonomy":"product_tag","embeddable":true,"href":"https:\/\/techmasterdemexico.com\/en\/wp-json\/wp\/v2\/product_tag?post=8048"}],"curies":[{"name":"wp","href":"https:\/\/api.w.org\/{rel}","templated":true}]}}