{"id":8044,"date":"2021-08-19T17:42:15","date_gmt":"2021-08-20T00:42:15","guid":{"rendered":"http:\/\/techmastermx.ddns.net\/producto\/80pk-8-sonda-de-temperatura-para-tuberias-tipo-k\/"},"modified":"2025-06-26T12:39:57","modified_gmt":"2025-06-26T19:39:57","slug":"80pk-8-sonda-de-temperatura-para-tuberias-tipo-k","status":"publish","type":"product","link":"https:\/\/techmasterdemexico.com\/en\/producto\/80pk-8-sonda-de-temperatura-para-tuberias-tipo-k\/","title":{"rendered":"80PK-8 Sonda de temperatura para tuber\u00edas (tipo K)"},"content":{"rendered":"<p>80PK-8 Sonda de temperatura para tuber\u00edas (tipo K)<\/p>\n<p>La sonda de temperatura con pinza para tuber\u00edas Fluke 80PK-8 usa un termopar tipo K para realizar mediciones r\u00e1pidas de temperatura y de sobrecalentamiento de superficies de tuber\u00edas. La sonda de temperatura 80PK-8 con pinza para tuber\u00edas y termopar tipo K est\u00e1 dise\u00f1ada para realizar mediciones fiables de temperatura en tuber\u00edas cuyo di\u00e1metro oscila entre \u00bc in (6 mm) y 1 3\/8 in (35 mm) con temperaturas de -29 a 149 \u00b0C (de -20 a 300 \u00b0F), a la vez que conserva una larga vida \u00fatil.<\/p>\n","protected":false},"excerpt":{"rendered":"<h3><\/h3>\n<ul>\n<li>Sensor de cinta duradero<\/li>\n<li>Rango de medici\u00f3n: de -29 a 149 \u00b0C para tuber\u00edas de 6.4 a 34.9 mm de di\u00e1metro<\/li>\n<li>Un a\u00f1o de garant\u00eda<\/li>\n<\/ul>\n","protected":false},"featured_media":9267,"template":"","meta":{"_acf_changed":false},"pwb-brand":[31],"product_brand":[],"product_cat":[366,118,30,126],"product_tag":[],"class_list":{"0":"post-8044","1":"product","2":"type-product","3":"status-publish","4":"has-post-thumbnail","6":"pwb-brand-fluke","7":"product_cat-todos-los-productos","8":"product_cat-accesorios-fluke","9":"product_cat-fluke","10":"product_cat-sondas-de-temperatura","12":"first","13":"instock","14":"taxable","15":"shipping-taxable","16":"purchasable","17":"product-type-simple"},"acf":[],"yoast_head":"<!-- This site is optimized with the Yoast SEO plugin v27.4 - https:\/\/yoast.com\/product\/yoast-seo-wordpress\/ -->\n<title>80PK-8 Sonda de temperatura para tuber\u00edas (tipo K) - Techmaster de Mexico<\/title>\n<meta name=\"robots\" content=\"index, follow, max-snippet:-1, max-image-preview:large, max-video-preview:-1\" \/>\n<link rel=\"canonical\" href=\"https:\/\/techmasterdemexico.com\/producto\/80pk-8-sonda-de-temperatura-para-tuberias-tipo-k\/\" \/>\n<meta property=\"og:locale\" content=\"en_US\" \/>\n<meta property=\"og:type\" content=\"article\" \/>\n<meta property=\"og:title\" content=\"80PK-8 Sonda de temperatura para tuber\u00edas (tipo K) - Techmaster de Mexico\" \/>\n<meta property=\"og:description\" content=\"Sensor de cinta duradero  Rango de medici\u00f3n: de -29 a 149 \u00b0C para tuber\u00edas de 6.4 a 34.9 mm de di\u00e1metro  Un a\u00f1o de garant\u00eda\" \/>\n<meta property=\"og:url\" content=\"https:\/\/techmasterdemexico.com\/producto\/80pk-8-sonda-de-temperatura-para-tuberias-tipo-k\/\" \/>\n<meta property=\"og:site_name\" content=\"Techmaster de Mexico\" \/>\n<meta property=\"article:modified_time\" content=\"2025-06-26T19:39:57+00:00\" \/>\n<meta property=\"og:image\" content=\"https:\/\/techmasterdemexico.com\/wp-content\/uploads\/2021\/08\/1-95.jpg\" \/>\n\t<meta property=\"og:image:width\" content=\"1000\" \/>\n\t<meta property=\"og:image:height\" content=\"1000\" \/>\n\t<meta property=\"og:image:type\" content=\"image\/jpeg\" \/>\n<meta name=\"twitter:card\" content=\"summary_large_image\" \/>\n<script type=\"application\/ld+json\" class=\"yoast-schema-graph\">{\"@context\":\"https:\\\/\\\/schema.org\",\"@graph\":[{\"@type\":\"WebPage\",\"@id\":\"https:\\\/\\\/techmasterdemexico.com\\\/producto\\\/80pk-8-sonda-de-temperatura-para-tuberias-tipo-k\\\/\",\"url\":\"https:\\\/\\\/techmasterdemexico.com\\\/producto\\\/80pk-8-sonda-de-temperatura-para-tuberias-tipo-k\\\/\",\"name\":\"80PK-8 Sonda de temperatura para tuber\u00edas (tipo K) - Techmaster de Mexico\",\"isPartOf\":{\"@id\":\"https:\\\/\\\/techmasterdemexico.com\\\/#website\"},\"primaryImageOfPage\":{\"@id\":\"https:\\\/\\\/techmasterdemexico.com\\\/producto\\\/80pk-8-sonda-de-temperatura-para-tuberias-tipo-k\\\/#primaryimage\"},\"image\":{\"@id\":\"https:\\\/\\\/techmasterdemexico.com\\\/producto\\\/80pk-8-sonda-de-temperatura-para-tuberias-tipo-k\\\/#primaryimage\"},\"thumbnailUrl\":\"https:\\\/\\\/techmasterdemexico.com\\\/wp-content\\\/uploads\\\/2021\\\/08\\\/1-95.jpg\",\"datePublished\":\"2021-08-20T00:42:15+00:00\",\"dateModified\":\"2025-06-26T19:39:57+00:00\",\"breadcrumb\":{\"@id\":\"https:\\\/\\\/techmasterdemexico.com\\\/producto\\\/80pk-8-sonda-de-temperatura-para-tuberias-tipo-k\\\/#breadcrumb\"},\"inLanguage\":\"en-US\",\"potentialAction\":[{\"@type\":\"ReadAction\",\"target\":[\"https:\\\/\\\/techmasterdemexico.com\\\/producto\\\/80pk-8-sonda-de-temperatura-para-tuberias-tipo-k\\\/\"]}]},{\"@type\":\"ImageObject\",\"inLanguage\":\"en-US\",\"@id\":\"https:\\\/\\\/techmasterdemexico.com\\\/producto\\\/80pk-8-sonda-de-temperatura-para-tuberias-tipo-k\\\/#primaryimage\",\"url\":\"https:\\\/\\\/techmasterdemexico.com\\\/wp-content\\\/uploads\\\/2021\\\/08\\\/1-95.jpg\",\"contentUrl\":\"https:\\\/\\\/techmasterdemexico.com\\\/wp-content\\\/uploads\\\/2021\\\/08\\\/1-95.jpg\",\"width\":1000,\"height\":1000},{\"@type\":\"BreadcrumbList\",\"@id\":\"https:\\\/\\\/techmasterdemexico.com\\\/producto\\\/80pk-8-sonda-de-temperatura-para-tuberias-tipo-k\\\/#breadcrumb\",\"itemListElement\":[{\"@type\":\"ListItem\",\"position\":1,\"name\":\"Portada\",\"item\":\"https:\\\/\\\/techmasterdemexico.com\\\/\"},{\"@type\":\"ListItem\",\"position\":2,\"name\":\"80PK-8 Sonda de temperatura para tuber\u00edas (tipo K)\"}]},{\"@type\":\"WebSite\",\"@id\":\"https:\\\/\\\/techmasterdemexico.com\\\/#website\",\"url\":\"https:\\\/\\\/techmasterdemexico.com\\\/\",\"name\":\"Techmaster de Mexico\",\"description\":\"\",\"potentialAction\":[{\"@type\":\"SearchAction\",\"target\":{\"@type\":\"EntryPoint\",\"urlTemplate\":\"https:\\\/\\\/techmasterdemexico.com\\\/?s={search_term_string}\"},\"query-input\":{\"@type\":\"PropertyValueSpecification\",\"valueRequired\":true,\"valueName\":\"search_term_string\"}}],\"inLanguage\":\"en-US\"}]}<\/script>\n<!-- \/ Yoast SEO plugin. -->","yoast_head_json":{"title":"80PK-8 Sonda de temperatura para tuber\u00edas (tipo K) - Techmaster de Mexico","robots":{"index":"index","follow":"follow","max-snippet":"max-snippet:-1","max-image-preview":"max-image-preview:large","max-video-preview":"max-video-preview:-1"},"canonical":"https:\/\/techmasterdemexico.com\/producto\/80pk-8-sonda-de-temperatura-para-tuberias-tipo-k\/","og_locale":"en_US","og_type":"article","og_title":"80PK-8 Sonda de temperatura para tuber\u00edas (tipo K) - Techmaster de Mexico","og_description":"Sensor de cinta duradero  Rango de medici\u00f3n: de -29 a 149 \u00b0C para tuber\u00edas de 6.4 a 34.9 mm de di\u00e1metro  Un a\u00f1o de garant\u00eda","og_url":"https:\/\/techmasterdemexico.com\/producto\/80pk-8-sonda-de-temperatura-para-tuberias-tipo-k\/","og_site_name":"Techmaster de Mexico","article_modified_time":"2025-06-26T19:39:57+00:00","og_image":[{"width":1000,"height":1000,"url":"https:\/\/techmasterdemexico.com\/wp-content\/uploads\/2021\/08\/1-95.jpg","type":"image\/jpeg"}],"twitter_card":"summary_large_image","schema":{"@context":"https:\/\/schema.org","@graph":[{"@type":"WebPage","@id":"https:\/\/techmasterdemexico.com\/producto\/80pk-8-sonda-de-temperatura-para-tuberias-tipo-k\/","url":"https:\/\/techmasterdemexico.com\/producto\/80pk-8-sonda-de-temperatura-para-tuberias-tipo-k\/","name":"80PK-8 Sonda de temperatura para tuber\u00edas (tipo K) - Techmaster de Mexico","isPartOf":{"@id":"https:\/\/techmasterdemexico.com\/#website"},"primaryImageOfPage":{"@id":"https:\/\/techmasterdemexico.com\/producto\/80pk-8-sonda-de-temperatura-para-tuberias-tipo-k\/#primaryimage"},"image":{"@id":"https:\/\/techmasterdemexico.com\/producto\/80pk-8-sonda-de-temperatura-para-tuberias-tipo-k\/#primaryimage"},"thumbnailUrl":"https:\/\/techmasterdemexico.com\/wp-content\/uploads\/2021\/08\/1-95.jpg","datePublished":"2021-08-20T00:42:15+00:00","dateModified":"2025-06-26T19:39:57+00:00","breadcrumb":{"@id":"https:\/\/techmasterdemexico.com\/producto\/80pk-8-sonda-de-temperatura-para-tuberias-tipo-k\/#breadcrumb"},"inLanguage":"en-US","potentialAction":[{"@type":"ReadAction","target":["https:\/\/techmasterdemexico.com\/producto\/80pk-8-sonda-de-temperatura-para-tuberias-tipo-k\/"]}]},{"@type":"ImageObject","inLanguage":"en-US","@id":"https:\/\/techmasterdemexico.com\/producto\/80pk-8-sonda-de-temperatura-para-tuberias-tipo-k\/#primaryimage","url":"https:\/\/techmasterdemexico.com\/wp-content\/uploads\/2021\/08\/1-95.jpg","contentUrl":"https:\/\/techmasterdemexico.com\/wp-content\/uploads\/2021\/08\/1-95.jpg","width":1000,"height":1000},{"@type":"BreadcrumbList","@id":"https:\/\/techmasterdemexico.com\/producto\/80pk-8-sonda-de-temperatura-para-tuberias-tipo-k\/#breadcrumb","itemListElement":[{"@type":"ListItem","position":1,"name":"Portada","item":"https:\/\/techmasterdemexico.com\/"},{"@type":"ListItem","position":2,"name":"80PK-8 Sonda de temperatura para tuber\u00edas (tipo K)"}]},{"@type":"WebSite","@id":"https:\/\/techmasterdemexico.com\/#website","url":"https:\/\/techmasterdemexico.com\/","name":"Techmaster de Mexico","description":"","potentialAction":[{"@type":"SearchAction","target":{"@type":"EntryPoint","urlTemplate":"https:\/\/techmasterdemexico.com\/?s={search_term_string}"},"query-input":{"@type":"PropertyValueSpecification","valueRequired":true,"valueName":"search_term_string"}}],"inLanguage":"en-US"}]}},"brands":[{"id":31,"name":"Fluke","slug":"fluke"}],"_links":{"self":[{"href":"https:\/\/techmasterdemexico.com\/en\/wp-json\/wp\/v2\/product\/8044","targetHints":{"allow":["GET"]}}],"collection":[{"href":"https:\/\/techmasterdemexico.com\/en\/wp-json\/wp\/v2\/product"}],"about":[{"href":"https:\/\/techmasterdemexico.com\/en\/wp-json\/wp\/v2\/types\/product"}],"wp:featuredmedia":[{"embeddable":true,"href":"https:\/\/techmasterdemexico.com\/en\/wp-json\/wp\/v2\/media\/9267"}],"wp:attachment":[{"href":"https:\/\/techmasterdemexico.com\/en\/wp-json\/wp\/v2\/media?parent=8044"}],"wp:term":[{"taxonomy":"pwb-brand","embeddable":true,"href":"https:\/\/techmasterdemexico.com\/en\/wp-json\/wp\/v2\/pwb-brand?post=8044"},{"taxonomy":"product_brand","embeddable":true,"href":"https:\/\/techmasterdemexico.com\/en\/wp-json\/wp\/v2\/product_brand?post=8044"},{"taxonomy":"product_cat","embeddable":true,"href":"https:\/\/techmasterdemexico.com\/en\/wp-json\/wp\/v2\/product_cat?post=8044"},{"taxonomy":"product_tag","embeddable":true,"href":"https:\/\/techmasterdemexico.com\/en\/wp-json\/wp\/v2\/product_tag?post=8044"}],"curies":[{"name":"wp","href":"https:\/\/api.w.org\/{rel}","templated":true}]}}