{"id":8042,"date":"2021-08-19T17:42:14","date_gmt":"2021-08-19T17:42:14","guid":{"rendered":"http:\/\/techmastermx.ddns.net\/producto\/fluke-i1730-flex1500-3pk-iflex-current-clamps\/"},"modified":"2021-12-28T22:10:13","modified_gmt":"2021-12-28T22:10:13","slug":"fluke-i1730-flex1500-3pk-iflex-current-clamps","status":"publish","type":"product","link":"https:\/\/techmasterdemexico.com\/en\/producto\/fluke-i1730-flex1500-3pk-iflex-current-clamps\/","title":{"rendered":"Fluke i1730-flex1500\/3pk iFlex\u00ae Current Clamps"},"content":{"rendered":"<p>Las sondas de corriente flexibles iFlex de 12 in para el Registrador de energ\u00eda Fluke 1730 miden a 1500 A CA, a la vez que ofrecen la m\u00e1xima flexibilidad de medici\u00f3n. Las sondas iFlex se conectan directamente al registrador de energ\u00eda y muestran las mediciones de corriente sin factores de escala proclives a errores. El cord\u00f3n de 1.8 m (6 pies) permite una separaci\u00f3n entre la ubicaci\u00f3n de la medici\u00f3n y el registrador de energ\u00eda, lo que facilita la visualizaci\u00f3n de la pantalla. Los cables iFlex del Registrador de energ\u00eda Fluke 1730 est\u00e1n disponibles en modelos de 12, 24 y 36 pulgadas.<\/p>\n","protected":false},"excerpt":{"rendered":"<p>Las sondas de corriente flexibles iFlex de 12 in para el Registrador de energ\u00eda Fluke 1730 miden a 1500 A CA, a la vez que ofrecen la m\u00e1xima flexibilidad de medici\u00f3n. Las sondas iFlex se conectan directamente al registrador de energ\u00eda y muestran las mediciones de corriente sin factores de escala proclives a errores. El [&hellip;]<\/p>\n","protected":false},"featured_media":9265,"template":"","meta":{"_acf_changed":false},"pwb-brand":[31],"product_brand":[],"product_cat":[366,118,30,125],"product_tag":[],"class_list":{"0":"post-8042","1":"product","2":"type-product","3":"status-publish","4":"has-post-thumbnail","6":"pwb-brand-fluke","7":"product_cat-todos-los-productos","8":"product_cat-accesorios-fluke","9":"product_cat-fluke","10":"product_cat-pinzas-amperimetricas-y-sondas-de-corriente","12":"first","13":"instock","14":"taxable","15":"shipping-taxable","16":"product-type-simple"},"acf":[],"yoast_head":"<!-- This site is optimized with the Yoast SEO plugin v27.5 - https:\/\/yoast.com\/product\/yoast-seo-wordpress\/ -->\n<title>Fluke i1730-flex1500\/3pk iFlex\u00ae Current Clamps - Techmaster de Mexico<\/title>\n<meta name=\"robots\" content=\"index, follow, max-snippet:-1, max-image-preview:large, max-video-preview:-1\" \/>\n<link rel=\"canonical\" href=\"https:\/\/techmasterdemexico.com\/producto\/fluke-i1730-flex1500-3pk-iflex-current-clamps\/\" \/>\n<meta property=\"og:locale\" content=\"en_US\" \/>\n<meta property=\"og:type\" content=\"article\" \/>\n<meta property=\"og:title\" content=\"Fluke i1730-flex1500\/3pk iFlex\u00ae Current Clamps - Techmaster de Mexico\" \/>\n<meta property=\"og:description\" content=\"Las sondas de corriente flexibles iFlex de 12 in para el Registrador de energ\u00eda Fluke 1730 miden a 1500 A CA, a la vez que ofrecen la m\u00e1xima flexibilidad de medici\u00f3n. Las sondas iFlex se conectan directamente al registrador de energ\u00eda y muestran las mediciones de corriente sin factores de escala proclives a errores. El [&hellip;]\" \/>\n<meta property=\"og:url\" content=\"https:\/\/techmasterdemexico.com\/producto\/fluke-i1730-flex1500-3pk-iflex-current-clamps\/\" \/>\n<meta property=\"og:site_name\" content=\"Techmaster de Mexico\" \/>\n<meta property=\"article:modified_time\" content=\"2021-12-28T22:10:13+00:00\" \/>\n<meta property=\"og:image\" content=\"https:\/\/techmasterdemexico.com\/wp-content\/uploads\/2021\/08\/f-iflex1500-12_01a_h-1500x1000-1.jpg\" \/>\n\t<meta property=\"og:image:width\" content=\"410\" \/>\n\t<meta property=\"og:image:height\" content=\"410\" \/>\n\t<meta property=\"og:image:type\" content=\"image\/jpeg\" \/>\n<meta name=\"twitter:card\" content=\"summary_large_image\" \/>\n<meta name=\"twitter:label1\" content=\"Est. reading time\" \/>\n\t<meta name=\"twitter:data1\" content=\"1 minute\" \/>\n<script type=\"application\/ld+json\" class=\"yoast-schema-graph\">{\"@context\":\"https:\\\/\\\/schema.org\",\"@graph\":[{\"@type\":\"WebPage\",\"@id\":\"https:\\\/\\\/techmasterdemexico.com\\\/producto\\\/fluke-i1730-flex1500-3pk-iflex-current-clamps\\\/\",\"url\":\"https:\\\/\\\/techmasterdemexico.com\\\/producto\\\/fluke-i1730-flex1500-3pk-iflex-current-clamps\\\/\",\"name\":\"Fluke i1730-flex1500\\\/3pk iFlex\u00ae Current Clamps - Techmaster de Mexico\",\"isPartOf\":{\"@id\":\"https:\\\/\\\/techmasterdemexico.com\\\/#website\"},\"primaryImageOfPage\":{\"@id\":\"https:\\\/\\\/techmasterdemexico.com\\\/producto\\\/fluke-i1730-flex1500-3pk-iflex-current-clamps\\\/#primaryimage\"},\"image\":{\"@id\":\"https:\\\/\\\/techmasterdemexico.com\\\/producto\\\/fluke-i1730-flex1500-3pk-iflex-current-clamps\\\/#primaryimage\"},\"thumbnailUrl\":\"https:\\\/\\\/techmasterdemexico.com\\\/wp-content\\\/uploads\\\/2021\\\/08\\\/f-iflex1500-12_01a_h-1500x1000-1.jpg\",\"datePublished\":\"2021-08-19T17:42:14+00:00\",\"dateModified\":\"2021-12-28T22:10:13+00:00\",\"breadcrumb\":{\"@id\":\"https:\\\/\\\/techmasterdemexico.com\\\/producto\\\/fluke-i1730-flex1500-3pk-iflex-current-clamps\\\/#breadcrumb\"},\"inLanguage\":\"en-US\",\"potentialAction\":[{\"@type\":\"ReadAction\",\"target\":[\"https:\\\/\\\/techmasterdemexico.com\\\/producto\\\/fluke-i1730-flex1500-3pk-iflex-current-clamps\\\/\"]}]},{\"@type\":\"ImageObject\",\"inLanguage\":\"en-US\",\"@id\":\"https:\\\/\\\/techmasterdemexico.com\\\/producto\\\/fluke-i1730-flex1500-3pk-iflex-current-clamps\\\/#primaryimage\",\"url\":\"https:\\\/\\\/techmasterdemexico.com\\\/wp-content\\\/uploads\\\/2021\\\/08\\\/f-iflex1500-12_01a_h-1500x1000-1.jpg\",\"contentUrl\":\"https:\\\/\\\/techmasterdemexico.com\\\/wp-content\\\/uploads\\\/2021\\\/08\\\/f-iflex1500-12_01a_h-1500x1000-1.jpg\",\"width\":410,\"height\":410},{\"@type\":\"BreadcrumbList\",\"@id\":\"https:\\\/\\\/techmasterdemexico.com\\\/producto\\\/fluke-i1730-flex1500-3pk-iflex-current-clamps\\\/#breadcrumb\",\"itemListElement\":[{\"@type\":\"ListItem\",\"position\":1,\"name\":\"Portada\",\"item\":\"https:\\\/\\\/techmasterdemexico.com\\\/\"},{\"@type\":\"ListItem\",\"position\":2,\"name\":\"Fluke i1730-flex1500\\\/3pk iFlex\u00ae Current Clamps\"}]},{\"@type\":\"WebSite\",\"@id\":\"https:\\\/\\\/techmasterdemexico.com\\\/#website\",\"url\":\"https:\\\/\\\/techmasterdemexico.com\\\/\",\"name\":\"Techmaster de Mexico\",\"description\":\"\",\"potentialAction\":[{\"@type\":\"SearchAction\",\"target\":{\"@type\":\"EntryPoint\",\"urlTemplate\":\"https:\\\/\\\/techmasterdemexico.com\\\/?s={search_term_string}\"},\"query-input\":{\"@type\":\"PropertyValueSpecification\",\"valueRequired\":true,\"valueName\":\"search_term_string\"}}],\"inLanguage\":\"en-US\"}]}<\/script>\n<!-- \/ Yoast SEO plugin. -->","yoast_head_json":{"title":"Fluke i1730-flex1500\/3pk iFlex\u00ae Current Clamps - Techmaster de Mexico","robots":{"index":"index","follow":"follow","max-snippet":"max-snippet:-1","max-image-preview":"max-image-preview:large","max-video-preview":"max-video-preview:-1"},"canonical":"https:\/\/techmasterdemexico.com\/producto\/fluke-i1730-flex1500-3pk-iflex-current-clamps\/","og_locale":"en_US","og_type":"article","og_title":"Fluke i1730-flex1500\/3pk iFlex\u00ae Current Clamps - Techmaster de Mexico","og_description":"Las sondas de corriente flexibles iFlex de 12 in para el Registrador de energ\u00eda Fluke 1730 miden a 1500 A CA, a la vez que ofrecen la m\u00e1xima flexibilidad de medici\u00f3n. Las sondas iFlex se conectan directamente al registrador de energ\u00eda y muestran las mediciones de corriente sin factores de escala proclives a errores. El [&hellip;]","og_url":"https:\/\/techmasterdemexico.com\/producto\/fluke-i1730-flex1500-3pk-iflex-current-clamps\/","og_site_name":"Techmaster de Mexico","article_modified_time":"2021-12-28T22:10:13+00:00","og_image":[{"width":410,"height":410,"url":"https:\/\/techmasterdemexico.com\/wp-content\/uploads\/2021\/08\/f-iflex1500-12_01a_h-1500x1000-1.jpg","type":"image\/jpeg"}],"twitter_card":"summary_large_image","twitter_misc":{"Est. reading time":"1 minute"},"schema":{"@context":"https:\/\/schema.org","@graph":[{"@type":"WebPage","@id":"https:\/\/techmasterdemexico.com\/producto\/fluke-i1730-flex1500-3pk-iflex-current-clamps\/","url":"https:\/\/techmasterdemexico.com\/producto\/fluke-i1730-flex1500-3pk-iflex-current-clamps\/","name":"Fluke i1730-flex1500\/3pk iFlex\u00ae Current Clamps - Techmaster de Mexico","isPartOf":{"@id":"https:\/\/techmasterdemexico.com\/#website"},"primaryImageOfPage":{"@id":"https:\/\/techmasterdemexico.com\/producto\/fluke-i1730-flex1500-3pk-iflex-current-clamps\/#primaryimage"},"image":{"@id":"https:\/\/techmasterdemexico.com\/producto\/fluke-i1730-flex1500-3pk-iflex-current-clamps\/#primaryimage"},"thumbnailUrl":"https:\/\/techmasterdemexico.com\/wp-content\/uploads\/2021\/08\/f-iflex1500-12_01a_h-1500x1000-1.jpg","datePublished":"2021-08-19T17:42:14+00:00","dateModified":"2021-12-28T22:10:13+00:00","breadcrumb":{"@id":"https:\/\/techmasterdemexico.com\/producto\/fluke-i1730-flex1500-3pk-iflex-current-clamps\/#breadcrumb"},"inLanguage":"en-US","potentialAction":[{"@type":"ReadAction","target":["https:\/\/techmasterdemexico.com\/producto\/fluke-i1730-flex1500-3pk-iflex-current-clamps\/"]}]},{"@type":"ImageObject","inLanguage":"en-US","@id":"https:\/\/techmasterdemexico.com\/producto\/fluke-i1730-flex1500-3pk-iflex-current-clamps\/#primaryimage","url":"https:\/\/techmasterdemexico.com\/wp-content\/uploads\/2021\/08\/f-iflex1500-12_01a_h-1500x1000-1.jpg","contentUrl":"https:\/\/techmasterdemexico.com\/wp-content\/uploads\/2021\/08\/f-iflex1500-12_01a_h-1500x1000-1.jpg","width":410,"height":410},{"@type":"BreadcrumbList","@id":"https:\/\/techmasterdemexico.com\/producto\/fluke-i1730-flex1500-3pk-iflex-current-clamps\/#breadcrumb","itemListElement":[{"@type":"ListItem","position":1,"name":"Portada","item":"https:\/\/techmasterdemexico.com\/"},{"@type":"ListItem","position":2,"name":"Fluke i1730-flex1500\/3pk iFlex\u00ae Current Clamps"}]},{"@type":"WebSite","@id":"https:\/\/techmasterdemexico.com\/#website","url":"https:\/\/techmasterdemexico.com\/","name":"Techmaster de Mexico","description":"","potentialAction":[{"@type":"SearchAction","target":{"@type":"EntryPoint","urlTemplate":"https:\/\/techmasterdemexico.com\/?s={search_term_string}"},"query-input":{"@type":"PropertyValueSpecification","valueRequired":true,"valueName":"search_term_string"}}],"inLanguage":"en-US"}]}},"brands":[{"id":31,"name":"Fluke","slug":"fluke"}],"_links":{"self":[{"href":"https:\/\/techmasterdemexico.com\/en\/wp-json\/wp\/v2\/product\/8042","targetHints":{"allow":["GET"]}}],"collection":[{"href":"https:\/\/techmasterdemexico.com\/en\/wp-json\/wp\/v2\/product"}],"about":[{"href":"https:\/\/techmasterdemexico.com\/en\/wp-json\/wp\/v2\/types\/product"}],"wp:featuredmedia":[{"embeddable":true,"href":"https:\/\/techmasterdemexico.com\/en\/wp-json\/wp\/v2\/media\/9265"}],"wp:attachment":[{"href":"https:\/\/techmasterdemexico.com\/en\/wp-json\/wp\/v2\/media?parent=8042"}],"wp:term":[{"taxonomy":"pwb-brand","embeddable":true,"href":"https:\/\/techmasterdemexico.com\/en\/wp-json\/wp\/v2\/pwb-brand?post=8042"},{"taxonomy":"product_brand","embeddable":true,"href":"https:\/\/techmasterdemexico.com\/en\/wp-json\/wp\/v2\/product_brand?post=8042"},{"taxonomy":"product_cat","embeddable":true,"href":"https:\/\/techmasterdemexico.com\/en\/wp-json\/wp\/v2\/product_cat?post=8042"},{"taxonomy":"product_tag","embeddable":true,"href":"https:\/\/techmasterdemexico.com\/en\/wp-json\/wp\/v2\/product_tag?post=8042"}],"curies":[{"name":"wp","href":"https:\/\/api.w.org\/{rel}","templated":true}]}}