{"id":8041,"date":"2021-08-19T17:42:13","date_gmt":"2021-08-20T00:42:13","guid":{"rendered":"http:\/\/techmastermx.ddns.net\/producto\/pinza-amperimetrica-ca-cc-fluke-i1010\/"},"modified":"2025-06-26T12:38:31","modified_gmt":"2025-06-26T19:38:31","slug":"pinza-amperimetrica-ca-cc-fluke-i1010","status":"publish","type":"product","link":"https:\/\/techmasterdemexico.com\/en\/producto\/pinza-amperimetrica-ca-cc-fluke-i1010\/","title":{"rendered":"Pinza amperim\u00e9trica CA\/CC Fluke i1010"},"content":{"rendered":"<p>Pinza amperim\u00e9trica CA\/CC Fluke i1010<\/p>\n<p>Las sondas amperim\u00e9tricas ampl\u00edan los rangos de corriente de los instrumentos Fluke. La pinza amperim\u00e9trica de CA\/CC i1010 de alta confiablidad mide de 1 a 1000 A y hace lecturas exactas de corriente sin interrumpir el circuito. Esta pinza mide tanto CA como CC con sondas de bater\u00eda, con efecto Hall y una mordaza grande, que permiten llegar a \u00e1reas de dif\u00edcil acceso. Compatible con la mayor\u00eda de los mult\u00edmetros Fluke.<\/p>\n","protected":false},"excerpt":{"rendered":"<ul>\n<li>La pinza amperim\u00e9trica de CA \/ CC Fluke i1010 es una sonda de efecto Hall alimentada por bater\u00eda que ampl\u00eda los rangos de corriente de las herramientas de Fluke, midiendo la corriente CC de 1 A a 1000 A y la corriente CA de 1 A a 600A.<\/li>\n<li>Proporciona una lectura de corriente precisa sin interrumpir el circuito.<\/li>\n<li>Compatible con la mayor\u00eda de los mult\u00edmetros de Fluke.<\/li>\n<li>Clasificaci\u00f3n de seguridad CAT III 600 V<\/li>\n<\/ul>\n","protected":false},"featured_media":9264,"template":"","meta":{"_acf_changed":false},"pwb-brand":[31],"product_brand":[],"product_cat":[366,118,30,125],"product_tag":[],"class_list":{"0":"post-8041","1":"product","2":"type-product","3":"status-publish","4":"has-post-thumbnail","6":"pwb-brand-fluke","7":"product_cat-todos-los-productos","8":"product_cat-accesorios-fluke","9":"product_cat-fluke","10":"product_cat-pinzas-amperimetricas-y-sondas-de-corriente","12":"first","13":"instock","14":"taxable","15":"shipping-taxable","16":"purchasable","17":"product-type-simple"},"acf":[],"yoast_head":"<!-- This site is optimized with the Yoast SEO plugin v27.4 - https:\/\/yoast.com\/product\/yoast-seo-wordpress\/ -->\n<title>Pinza amperim\u00e9trica CA\/CC Fluke i1010 - Techmaster de Mexico<\/title>\n<meta name=\"robots\" content=\"index, follow, max-snippet:-1, max-image-preview:large, max-video-preview:-1\" \/>\n<link rel=\"canonical\" href=\"https:\/\/techmasterdemexico.com\/producto\/pinza-amperimetrica-ca-cc-fluke-i1010\/\" \/>\n<meta property=\"og:locale\" content=\"en_US\" \/>\n<meta property=\"og:type\" content=\"article\" \/>\n<meta property=\"og:title\" content=\"Pinza amperim\u00e9trica CA\/CC Fluke i1010 - Techmaster de Mexico\" \/>\n<meta property=\"og:description\" content=\"[:es]     La pinza amperim\u00e9trica de CA \/ CC Fluke i1010 es una sonda de efecto Hall alimentada por bater\u00eda que ampl\u00eda los rangos de corriente de las herramientas de Fluke, midiendo la corriente CC de 1 A a 1000 A y la corriente CA de 1 A a 600A.   Proporciona una lectura de corriente precisa sin interrumpir el circuito.   Compatible con la mayor\u00eda de los mult\u00edmetros de Fluke.   Clasificaci\u00f3n de seguridad CAT III 600 V   [:en]  La pinza amperim\u00e9trica de CA \/ CC Fluke i1010 es una sonda de efecto Hall alimentada por bater\u00eda que ampl\u00eda los rangos de corriente de las herramientas de Fluke, midiendo la corriente CC de 1 A a 1000 A y la corriente CA de 1 A a 600A.  Proporciona una lectura de corriente precisa sin interrumpir el circuito.  Compatible con la mayor\u00eda de los mult\u00edmetros de Fluke.  Clasificaci\u00f3n de seguridad CAT III 600 V  [:]\" \/>\n<meta property=\"og:url\" content=\"https:\/\/techmasterdemexico.com\/producto\/pinza-amperimetrica-ca-cc-fluke-i1010\/\" \/>\n<meta property=\"og:site_name\" content=\"Techmaster de Mexico\" \/>\n<meta property=\"article:modified_time\" content=\"2025-06-26T19:38:31+00:00\" \/>\n<meta property=\"og:image\" content=\"https:\/\/techmasterdemexico.com\/wp-content\/uploads\/2021\/08\/Untitled-4.jpg\" \/>\n\t<meta property=\"og:image:width\" content=\"650\" \/>\n\t<meta property=\"og:image:height\" content=\"650\" \/>\n\t<meta property=\"og:image:type\" content=\"image\/jpeg\" \/>\n<meta name=\"twitter:card\" content=\"summary_large_image\" \/>\n<script type=\"application\/ld+json\" class=\"yoast-schema-graph\">{\"@context\":\"https:\\\/\\\/schema.org\",\"@graph\":[{\"@type\":\"WebPage\",\"@id\":\"https:\\\/\\\/techmasterdemexico.com\\\/producto\\\/pinza-amperimetrica-ca-cc-fluke-i1010\\\/\",\"url\":\"https:\\\/\\\/techmasterdemexico.com\\\/producto\\\/pinza-amperimetrica-ca-cc-fluke-i1010\\\/\",\"name\":\"Pinza amperim\u00e9trica CA\\\/CC Fluke i1010 - Techmaster de Mexico\",\"isPartOf\":{\"@id\":\"https:\\\/\\\/techmasterdemexico.com\\\/#website\"},\"primaryImageOfPage\":{\"@id\":\"https:\\\/\\\/techmasterdemexico.com\\\/producto\\\/pinza-amperimetrica-ca-cc-fluke-i1010\\\/#primaryimage\"},\"image\":{\"@id\":\"https:\\\/\\\/techmasterdemexico.com\\\/producto\\\/pinza-amperimetrica-ca-cc-fluke-i1010\\\/#primaryimage\"},\"thumbnailUrl\":\"https:\\\/\\\/techmasterdemexico.com\\\/wp-content\\\/uploads\\\/2021\\\/08\\\/Untitled-4.jpg\",\"datePublished\":\"2021-08-20T00:42:13+00:00\",\"dateModified\":\"2025-06-26T19:38:31+00:00\",\"breadcrumb\":{\"@id\":\"https:\\\/\\\/techmasterdemexico.com\\\/producto\\\/pinza-amperimetrica-ca-cc-fluke-i1010\\\/#breadcrumb\"},\"inLanguage\":\"en-US\",\"potentialAction\":[{\"@type\":\"ReadAction\",\"target\":[\"https:\\\/\\\/techmasterdemexico.com\\\/producto\\\/pinza-amperimetrica-ca-cc-fluke-i1010\\\/\"]}]},{\"@type\":\"ImageObject\",\"inLanguage\":\"en-US\",\"@id\":\"https:\\\/\\\/techmasterdemexico.com\\\/producto\\\/pinza-amperimetrica-ca-cc-fluke-i1010\\\/#primaryimage\",\"url\":\"https:\\\/\\\/techmasterdemexico.com\\\/wp-content\\\/uploads\\\/2021\\\/08\\\/Untitled-4.jpg\",\"contentUrl\":\"https:\\\/\\\/techmasterdemexico.com\\\/wp-content\\\/uploads\\\/2021\\\/08\\\/Untitled-4.jpg\",\"width\":650,\"height\":650},{\"@type\":\"BreadcrumbList\",\"@id\":\"https:\\\/\\\/techmasterdemexico.com\\\/producto\\\/pinza-amperimetrica-ca-cc-fluke-i1010\\\/#breadcrumb\",\"itemListElement\":[{\"@type\":\"ListItem\",\"position\":1,\"name\":\"Portada\",\"item\":\"https:\\\/\\\/techmasterdemexico.com\\\/\"},{\"@type\":\"ListItem\",\"position\":2,\"name\":\"Pinza amperim\u00e9trica CA\\\/CC Fluke i1010\"}]},{\"@type\":\"WebSite\",\"@id\":\"https:\\\/\\\/techmasterdemexico.com\\\/#website\",\"url\":\"https:\\\/\\\/techmasterdemexico.com\\\/\",\"name\":\"Techmaster de Mexico\",\"description\":\"\",\"potentialAction\":[{\"@type\":\"SearchAction\",\"target\":{\"@type\":\"EntryPoint\",\"urlTemplate\":\"https:\\\/\\\/techmasterdemexico.com\\\/?s={search_term_string}\"},\"query-input\":{\"@type\":\"PropertyValueSpecification\",\"valueRequired\":true,\"valueName\":\"search_term_string\"}}],\"inLanguage\":\"en-US\"}]}<\/script>\n<!-- \/ Yoast SEO plugin. -->","yoast_head_json":{"title":"Pinza amperim\u00e9trica CA\/CC Fluke i1010 - Techmaster de Mexico","robots":{"index":"index","follow":"follow","max-snippet":"max-snippet:-1","max-image-preview":"max-image-preview:large","max-video-preview":"max-video-preview:-1"},"canonical":"https:\/\/techmasterdemexico.com\/producto\/pinza-amperimetrica-ca-cc-fluke-i1010\/","og_locale":"en_US","og_type":"article","og_title":"Pinza amperim\u00e9trica CA\/CC Fluke i1010 - Techmaster de Mexico","og_description":"[:es]     La pinza amperim\u00e9trica de CA \/ CC Fluke i1010 es una sonda de efecto Hall alimentada por bater\u00eda que ampl\u00eda los rangos de corriente de las herramientas de Fluke, midiendo la corriente CC de 1 A a 1000 A y la corriente CA de 1 A a 600A.   Proporciona una lectura de corriente precisa sin interrumpir el circuito.   Compatible con la mayor\u00eda de los mult\u00edmetros de Fluke.   Clasificaci\u00f3n de seguridad CAT III 600 V   [:en]  La pinza amperim\u00e9trica de CA \/ CC Fluke i1010 es una sonda de efecto Hall alimentada por bater\u00eda que ampl\u00eda los rangos de corriente de las herramientas de Fluke, midiendo la corriente CC de 1 A a 1000 A y la corriente CA de 1 A a 600A.  Proporciona una lectura de corriente precisa sin interrumpir el circuito.  Compatible con la mayor\u00eda de los mult\u00edmetros de Fluke.  Clasificaci\u00f3n de seguridad CAT III 600 V  [:]","og_url":"https:\/\/techmasterdemexico.com\/producto\/pinza-amperimetrica-ca-cc-fluke-i1010\/","og_site_name":"Techmaster de Mexico","article_modified_time":"2025-06-26T19:38:31+00:00","og_image":[{"width":650,"height":650,"url":"https:\/\/techmasterdemexico.com\/wp-content\/uploads\/2021\/08\/Untitled-4.jpg","type":"image\/jpeg"}],"twitter_card":"summary_large_image","schema":{"@context":"https:\/\/schema.org","@graph":[{"@type":"WebPage","@id":"https:\/\/techmasterdemexico.com\/producto\/pinza-amperimetrica-ca-cc-fluke-i1010\/","url":"https:\/\/techmasterdemexico.com\/producto\/pinza-amperimetrica-ca-cc-fluke-i1010\/","name":"Pinza amperim\u00e9trica CA\/CC Fluke i1010 - Techmaster de Mexico","isPartOf":{"@id":"https:\/\/techmasterdemexico.com\/#website"},"primaryImageOfPage":{"@id":"https:\/\/techmasterdemexico.com\/producto\/pinza-amperimetrica-ca-cc-fluke-i1010\/#primaryimage"},"image":{"@id":"https:\/\/techmasterdemexico.com\/producto\/pinza-amperimetrica-ca-cc-fluke-i1010\/#primaryimage"},"thumbnailUrl":"https:\/\/techmasterdemexico.com\/wp-content\/uploads\/2021\/08\/Untitled-4.jpg","datePublished":"2021-08-20T00:42:13+00:00","dateModified":"2025-06-26T19:38:31+00:00","breadcrumb":{"@id":"https:\/\/techmasterdemexico.com\/producto\/pinza-amperimetrica-ca-cc-fluke-i1010\/#breadcrumb"},"inLanguage":"en-US","potentialAction":[{"@type":"ReadAction","target":["https:\/\/techmasterdemexico.com\/producto\/pinza-amperimetrica-ca-cc-fluke-i1010\/"]}]},{"@type":"ImageObject","inLanguage":"en-US","@id":"https:\/\/techmasterdemexico.com\/producto\/pinza-amperimetrica-ca-cc-fluke-i1010\/#primaryimage","url":"https:\/\/techmasterdemexico.com\/wp-content\/uploads\/2021\/08\/Untitled-4.jpg","contentUrl":"https:\/\/techmasterdemexico.com\/wp-content\/uploads\/2021\/08\/Untitled-4.jpg","width":650,"height":650},{"@type":"BreadcrumbList","@id":"https:\/\/techmasterdemexico.com\/producto\/pinza-amperimetrica-ca-cc-fluke-i1010\/#breadcrumb","itemListElement":[{"@type":"ListItem","position":1,"name":"Portada","item":"https:\/\/techmasterdemexico.com\/"},{"@type":"ListItem","position":2,"name":"Pinza amperim\u00e9trica CA\/CC Fluke i1010"}]},{"@type":"WebSite","@id":"https:\/\/techmasterdemexico.com\/#website","url":"https:\/\/techmasterdemexico.com\/","name":"Techmaster de Mexico","description":"","potentialAction":[{"@type":"SearchAction","target":{"@type":"EntryPoint","urlTemplate":"https:\/\/techmasterdemexico.com\/?s={search_term_string}"},"query-input":{"@type":"PropertyValueSpecification","valueRequired":true,"valueName":"search_term_string"}}],"inLanguage":"en-US"}]}},"brands":[{"id":31,"name":"Fluke","slug":"fluke"}],"_links":{"self":[{"href":"https:\/\/techmasterdemexico.com\/en\/wp-json\/wp\/v2\/product\/8041","targetHints":{"allow":["GET"]}}],"collection":[{"href":"https:\/\/techmasterdemexico.com\/en\/wp-json\/wp\/v2\/product"}],"about":[{"href":"https:\/\/techmasterdemexico.com\/en\/wp-json\/wp\/v2\/types\/product"}],"wp:featuredmedia":[{"embeddable":true,"href":"https:\/\/techmasterdemexico.com\/en\/wp-json\/wp\/v2\/media\/9264"}],"wp:attachment":[{"href":"https:\/\/techmasterdemexico.com\/en\/wp-json\/wp\/v2\/media?parent=8041"}],"wp:term":[{"taxonomy":"pwb-brand","embeddable":true,"href":"https:\/\/techmasterdemexico.com\/en\/wp-json\/wp\/v2\/pwb-brand?post=8041"},{"taxonomy":"product_brand","embeddable":true,"href":"https:\/\/techmasterdemexico.com\/en\/wp-json\/wp\/v2\/product_brand?post=8041"},{"taxonomy":"product_cat","embeddable":true,"href":"https:\/\/techmasterdemexico.com\/en\/wp-json\/wp\/v2\/product_cat?post=8041"},{"taxonomy":"product_tag","embeddable":true,"href":"https:\/\/techmasterdemexico.com\/en\/wp-json\/wp\/v2\/product_tag?post=8041"}],"curies":[{"name":"wp","href":"https:\/\/api.w.org\/{rel}","templated":true}]}}