{"id":8037,"date":"2021-08-19T16:48:56","date_gmt":"2021-08-19T16:48:56","guid":{"rendered":"http:\/\/techmastermx.ddns.net\/producto\/fluke-i5spq3-5-a-ac-current-clamps-3-pack\/"},"modified":"2021-12-28T22:09:08","modified_gmt":"2021-12-28T22:09:08","slug":"fluke-i5spq3-5-a-ac-current-clamps-3-pack","status":"publish","type":"product","link":"https:\/\/techmasterdemexico.com\/en\/producto\/fluke-i5spq3-5-a-ac-current-clamps-3-pack\/","title":{"rendered":"Fluke i5sPQ3, 5 A AC Current Clamps, 3-pack"},"content":{"rendered":"<p>Fluke i5sPQ3, 5 A AC Current Clamps, 3-pack<\/p>\n<p>Un juego de 3 pinzas amperim\u00e9tricas i5s, configuradas especialmente para proporcionar precisi\u00f3n en medidas de baja corriente. Especialmente dise\u00f1adas para mediciones en transformadores de corriente secundaria. Este conjunto resulta id\u00f3neo para su uso con equipos de medida trif\u00e1sicos como el Fluke 434 o Fluke 435. Es c\u00f3modo de transportar y de almacenar gracias a su reducido tama\u00f1o. Toma medidas precisas de corriente sin interrumpir el circuito.<\/p>\n","protected":false},"excerpt":{"rendered":"<ul>\n<li>La pinza amperim\u00e9trica de rango bajo mide hasta 5 A de CA<\/li>\n<li>Su dise\u00f1o compacto facilita el almacenamiento y el transporte; la pinza solo mide 116 x 43 x 23 mm (4.6 x 1.7 x 0.9 in)<\/li>\n<li>Tome lecturas exactas de corriente sin interrumpir el circuito.<\/li>\n<li>CAT III 600 V (solo para conductores aislados)<\/li>\n<\/ul>\n","protected":false},"featured_media":9259,"template":"","meta":{"_acf_changed":false},"pwb-brand":[31],"product_brand":[],"product_cat":[366,118,30,125],"product_tag":[],"class_list":{"0":"post-8037","1":"product","2":"type-product","3":"status-publish","4":"has-post-thumbnail","6":"pwb-brand-fluke","7":"product_cat-todos-los-productos","8":"product_cat-accesorios-fluke","9":"product_cat-fluke","10":"product_cat-pinzas-amperimetricas-y-sondas-de-corriente","12":"first","13":"instock","14":"taxable","15":"shipping-taxable","16":"product-type-simple"},"acf":[],"yoast_head":"<!-- This site is optimized with the Yoast SEO plugin v27.4 - https:\/\/yoast.com\/product\/yoast-seo-wordpress\/ -->\n<title>Fluke i5sPQ3, 5 A AC Current Clamps, 3-pack - Techmaster de Mexico<\/title>\n<meta name=\"robots\" content=\"index, follow, max-snippet:-1, max-image-preview:large, max-video-preview:-1\" \/>\n<link rel=\"canonical\" href=\"https:\/\/techmasterdemexico.com\/producto\/fluke-i5spq3-5-a-ac-current-clamps-3-pack\/\" \/>\n<meta property=\"og:locale\" content=\"en_US\" \/>\n<meta property=\"og:type\" content=\"article\" \/>\n<meta property=\"og:title\" content=\"Fluke i5sPQ3, 5 A AC Current Clamps, 3-pack - Techmaster de Mexico\" \/>\n<meta property=\"og:description\" content=\"[:es]  La pinza amperim\u00e9trica de rango bajo mide hasta 5 A de CA  Su dise\u00f1o compacto facilita el almacenamiento y el transporte; la pinza solo mide 116 x 43 x 23 mm (4.6 x 1.7 x 0.9 in)  Tome lecturas exactas de corriente sin interrumpir el circuito.  CAT III 600 V (solo para conductores aislados) [:en]   La pinza amperim\u00e9trica de rango bajo mide hasta 5 A de CA   Su dise\u00f1o compacto facilita el almacenamiento y el transporte; la pinza solo mide 116 x 43 x 23 mm (4.6 x 1.7 x 0.9 in)   Tome lecturas exactas de corriente sin interrumpir el circuito.   CAT III 600 V (solo para conductores aislados)   [:]\" \/>\n<meta property=\"og:url\" content=\"https:\/\/techmasterdemexico.com\/producto\/fluke-i5spq3-5-a-ac-current-clamps-3-pack\/\" \/>\n<meta property=\"og:site_name\" content=\"Techmaster de Mexico\" \/>\n<meta property=\"article:modified_time\" content=\"2021-12-28T22:09:08+00:00\" \/>\n<meta property=\"og:image\" content=\"https:\/\/techmasterdemexico.com\/wp-content\/uploads\/2021\/08\/1-94.jpg\" \/>\n\t<meta property=\"og:image:width\" content=\"280\" \/>\n\t<meta property=\"og:image:height\" content=\"280\" \/>\n\t<meta property=\"og:image:type\" content=\"image\/jpeg\" \/>\n<meta name=\"twitter:card\" content=\"summary_large_image\" \/>\n<script type=\"application\/ld+json\" class=\"yoast-schema-graph\">{\"@context\":\"https:\\\/\\\/schema.org\",\"@graph\":[{\"@type\":\"WebPage\",\"@id\":\"https:\\\/\\\/techmasterdemexico.com\\\/producto\\\/fluke-i5spq3-5-a-ac-current-clamps-3-pack\\\/\",\"url\":\"https:\\\/\\\/techmasterdemexico.com\\\/producto\\\/fluke-i5spq3-5-a-ac-current-clamps-3-pack\\\/\",\"name\":\"Fluke i5sPQ3, 5 A AC Current Clamps, 3-pack - Techmaster de Mexico\",\"isPartOf\":{\"@id\":\"https:\\\/\\\/techmasterdemexico.com\\\/#website\"},\"primaryImageOfPage\":{\"@id\":\"https:\\\/\\\/techmasterdemexico.com\\\/producto\\\/fluke-i5spq3-5-a-ac-current-clamps-3-pack\\\/#primaryimage\"},\"image\":{\"@id\":\"https:\\\/\\\/techmasterdemexico.com\\\/producto\\\/fluke-i5spq3-5-a-ac-current-clamps-3-pack\\\/#primaryimage\"},\"thumbnailUrl\":\"https:\\\/\\\/techmasterdemexico.com\\\/wp-content\\\/uploads\\\/2021\\\/08\\\/1-94.jpg\",\"datePublished\":\"2021-08-19T16:48:56+00:00\",\"dateModified\":\"2021-12-28T22:09:08+00:00\",\"breadcrumb\":{\"@id\":\"https:\\\/\\\/techmasterdemexico.com\\\/producto\\\/fluke-i5spq3-5-a-ac-current-clamps-3-pack\\\/#breadcrumb\"},\"inLanguage\":\"en-US\",\"potentialAction\":[{\"@type\":\"ReadAction\",\"target\":[\"https:\\\/\\\/techmasterdemexico.com\\\/producto\\\/fluke-i5spq3-5-a-ac-current-clamps-3-pack\\\/\"]}]},{\"@type\":\"ImageObject\",\"inLanguage\":\"en-US\",\"@id\":\"https:\\\/\\\/techmasterdemexico.com\\\/producto\\\/fluke-i5spq3-5-a-ac-current-clamps-3-pack\\\/#primaryimage\",\"url\":\"https:\\\/\\\/techmasterdemexico.com\\\/wp-content\\\/uploads\\\/2021\\\/08\\\/1-94.jpg\",\"contentUrl\":\"https:\\\/\\\/techmasterdemexico.com\\\/wp-content\\\/uploads\\\/2021\\\/08\\\/1-94.jpg\",\"width\":280,\"height\":280},{\"@type\":\"BreadcrumbList\",\"@id\":\"https:\\\/\\\/techmasterdemexico.com\\\/producto\\\/fluke-i5spq3-5-a-ac-current-clamps-3-pack\\\/#breadcrumb\",\"itemListElement\":[{\"@type\":\"ListItem\",\"position\":1,\"name\":\"Portada\",\"item\":\"https:\\\/\\\/techmasterdemexico.com\\\/\"},{\"@type\":\"ListItem\",\"position\":2,\"name\":\"Fluke i5sPQ3, 5 A AC Current Clamps, 3-pack\"}]},{\"@type\":\"WebSite\",\"@id\":\"https:\\\/\\\/techmasterdemexico.com\\\/#website\",\"url\":\"https:\\\/\\\/techmasterdemexico.com\\\/\",\"name\":\"Techmaster de Mexico\",\"description\":\"\",\"potentialAction\":[{\"@type\":\"SearchAction\",\"target\":{\"@type\":\"EntryPoint\",\"urlTemplate\":\"https:\\\/\\\/techmasterdemexico.com\\\/?s={search_term_string}\"},\"query-input\":{\"@type\":\"PropertyValueSpecification\",\"valueRequired\":true,\"valueName\":\"search_term_string\"}}],\"inLanguage\":\"en-US\"}]}<\/script>\n<!-- \/ Yoast SEO plugin. -->","yoast_head_json":{"title":"Fluke i5sPQ3, 5 A AC Current Clamps, 3-pack - Techmaster de Mexico","robots":{"index":"index","follow":"follow","max-snippet":"max-snippet:-1","max-image-preview":"max-image-preview:large","max-video-preview":"max-video-preview:-1"},"canonical":"https:\/\/techmasterdemexico.com\/producto\/fluke-i5spq3-5-a-ac-current-clamps-3-pack\/","og_locale":"en_US","og_type":"article","og_title":"Fluke i5sPQ3, 5 A AC Current Clamps, 3-pack - Techmaster de Mexico","og_description":"[:es]  La pinza amperim\u00e9trica de rango bajo mide hasta 5 A de CA  Su dise\u00f1o compacto facilita el almacenamiento y el transporte; la pinza solo mide 116 x 43 x 23 mm (4.6 x 1.7 x 0.9 in)  Tome lecturas exactas de corriente sin interrumpir el circuito.  CAT III 600 V (solo para conductores aislados) [:en]   La pinza amperim\u00e9trica de rango bajo mide hasta 5 A de CA   Su dise\u00f1o compacto facilita el almacenamiento y el transporte; la pinza solo mide 116 x 43 x 23 mm (4.6 x 1.7 x 0.9 in)   Tome lecturas exactas de corriente sin interrumpir el circuito.   CAT III 600 V (solo para conductores aislados)   [:]","og_url":"https:\/\/techmasterdemexico.com\/producto\/fluke-i5spq3-5-a-ac-current-clamps-3-pack\/","og_site_name":"Techmaster de Mexico","article_modified_time":"2021-12-28T22:09:08+00:00","og_image":[{"width":280,"height":280,"url":"https:\/\/techmasterdemexico.com\/wp-content\/uploads\/2021\/08\/1-94.jpg","type":"image\/jpeg"}],"twitter_card":"summary_large_image","schema":{"@context":"https:\/\/schema.org","@graph":[{"@type":"WebPage","@id":"https:\/\/techmasterdemexico.com\/producto\/fluke-i5spq3-5-a-ac-current-clamps-3-pack\/","url":"https:\/\/techmasterdemexico.com\/producto\/fluke-i5spq3-5-a-ac-current-clamps-3-pack\/","name":"Fluke i5sPQ3, 5 A AC Current Clamps, 3-pack - Techmaster de Mexico","isPartOf":{"@id":"https:\/\/techmasterdemexico.com\/#website"},"primaryImageOfPage":{"@id":"https:\/\/techmasterdemexico.com\/producto\/fluke-i5spq3-5-a-ac-current-clamps-3-pack\/#primaryimage"},"image":{"@id":"https:\/\/techmasterdemexico.com\/producto\/fluke-i5spq3-5-a-ac-current-clamps-3-pack\/#primaryimage"},"thumbnailUrl":"https:\/\/techmasterdemexico.com\/wp-content\/uploads\/2021\/08\/1-94.jpg","datePublished":"2021-08-19T16:48:56+00:00","dateModified":"2021-12-28T22:09:08+00:00","breadcrumb":{"@id":"https:\/\/techmasterdemexico.com\/producto\/fluke-i5spq3-5-a-ac-current-clamps-3-pack\/#breadcrumb"},"inLanguage":"en-US","potentialAction":[{"@type":"ReadAction","target":["https:\/\/techmasterdemexico.com\/producto\/fluke-i5spq3-5-a-ac-current-clamps-3-pack\/"]}]},{"@type":"ImageObject","inLanguage":"en-US","@id":"https:\/\/techmasterdemexico.com\/producto\/fluke-i5spq3-5-a-ac-current-clamps-3-pack\/#primaryimage","url":"https:\/\/techmasterdemexico.com\/wp-content\/uploads\/2021\/08\/1-94.jpg","contentUrl":"https:\/\/techmasterdemexico.com\/wp-content\/uploads\/2021\/08\/1-94.jpg","width":280,"height":280},{"@type":"BreadcrumbList","@id":"https:\/\/techmasterdemexico.com\/producto\/fluke-i5spq3-5-a-ac-current-clamps-3-pack\/#breadcrumb","itemListElement":[{"@type":"ListItem","position":1,"name":"Portada","item":"https:\/\/techmasterdemexico.com\/"},{"@type":"ListItem","position":2,"name":"Fluke i5sPQ3, 5 A AC Current Clamps, 3-pack"}]},{"@type":"WebSite","@id":"https:\/\/techmasterdemexico.com\/#website","url":"https:\/\/techmasterdemexico.com\/","name":"Techmaster de Mexico","description":"","potentialAction":[{"@type":"SearchAction","target":{"@type":"EntryPoint","urlTemplate":"https:\/\/techmasterdemexico.com\/?s={search_term_string}"},"query-input":{"@type":"PropertyValueSpecification","valueRequired":true,"valueName":"search_term_string"}}],"inLanguage":"en-US"}]}},"brands":[{"id":31,"name":"Fluke","slug":"fluke"}],"_links":{"self":[{"href":"https:\/\/techmasterdemexico.com\/en\/wp-json\/wp\/v2\/product\/8037","targetHints":{"allow":["GET"]}}],"collection":[{"href":"https:\/\/techmasterdemexico.com\/en\/wp-json\/wp\/v2\/product"}],"about":[{"href":"https:\/\/techmasterdemexico.com\/en\/wp-json\/wp\/v2\/types\/product"}],"wp:featuredmedia":[{"embeddable":true,"href":"https:\/\/techmasterdemexico.com\/en\/wp-json\/wp\/v2\/media\/9259"}],"wp:attachment":[{"href":"https:\/\/techmasterdemexico.com\/en\/wp-json\/wp\/v2\/media?parent=8037"}],"wp:term":[{"taxonomy":"pwb-brand","embeddable":true,"href":"https:\/\/techmasterdemexico.com\/en\/wp-json\/wp\/v2\/pwb-brand?post=8037"},{"taxonomy":"product_brand","embeddable":true,"href":"https:\/\/techmasterdemexico.com\/en\/wp-json\/wp\/v2\/product_brand?post=8037"},{"taxonomy":"product_cat","embeddable":true,"href":"https:\/\/techmasterdemexico.com\/en\/wp-json\/wp\/v2\/product_cat?post=8037"},{"taxonomy":"product_tag","embeddable":true,"href":"https:\/\/techmasterdemexico.com\/en\/wp-json\/wp\/v2\/product_tag?post=8037"}],"curies":[{"name":"wp","href":"https:\/\/api.w.org\/{rel}","templated":true}]}}